{"id":4090,"date":"2025-10-10T09:22:41","date_gmt":"2025-10-10T09:22:41","guid":{"rendered":"https:\/\/happyinaknit.com\/?post_type=product&#038;p=4090"},"modified":"2026-04-08T15:11:06","modified_gmt":"2026-04-08T15:11:06","slug":"rico-design-fashion-light-luxury","status":"publish","type":"product","link":"https:\/\/happyinaknit.com\/lt\/produktas\/rico-design-fashion-light-luxury\/","title":{"rendered":"Rico Design Fashion Light Luxury"},"content":{"rendered":"<p data-start=\"0\" data-end=\"268\"><strong data-start=\"0\" data-end=\"24\">Fashion Light Luxury<\/strong> \u2013 itin lengvi, auk\u0161tos kokyb\u0117s si\u016blai i\u0161 alpakos mi\u0161inio, pasi\u017eymintys prabangia \u201egarzato\u201c tekst\u016bra. Net ir megztiniai ar paltai i\u0161 \u0161i\u0173 si\u016bl\u0173 tampa <strong data-start=\"173\" data-end=\"211\">nepaprastai lengvi, pur\u016bs ir \u0161ilti<\/strong>, o \u0161alikai ir kepur\u0117s \u2013 <strong data-start=\"236\" data-end=\"268\" data-is-only-node=\"\">ypa\u010d jauk\u016bs bei eleganti\u0161ki.<\/strong><\/p>\n<p data-start=\"270\" data-end=\"645\"><strong data-start=\"270\" data-end=\"282\">Sud\u0117tis:<\/strong> 74 % alpakos, 22 % vilna, 4 % nailonas<br data-start=\"321\" data-end=\"324\" \/><strong data-start=\"324\" data-end=\"343\" data-is-only-node=\"\">Svoris \/ ilgis:<\/strong> 50 g \u2013 130 m<br data-start=\"356\" data-end=\"359\" \/><strong data-start=\"359\" data-end=\"372\">Tankumas:<\/strong> 10 \u00d7 10 cm \u2013 12 akys \u00d7 18 eil\u0117s<br data-start=\"404\" data-end=\"407\" \/><strong data-start=\"407\" data-end=\"435\">Rekomenduojami virbalai:<\/strong> 6,0\u20137,0 mm<br data-start=\"446\" data-end=\"449\" \/><strong data-start=\"449\" data-end=\"466\">Sunaudojimas:<\/strong> 38\/40 dyd\u017eio megztiniui reikia apie 250 g<br data-start=\"508\" data-end=\"511\" \/><strong data-start=\"511\" data-end=\"525\">Prie\u017ei\u016bra:<\/strong> skalbti rankomis ne auk\u0161tesn\u0117je nei 30 \u00b0C temperat\u016broje, d\u017eiovinti patiesus horizontaliai<br data-start=\"615\" data-end=\"618\" \/><strong data-start=\"618\" data-end=\"628\">Kilm\u0117:<\/strong> pagaminta Peru<\/p>\n<p data-start=\"647\" data-end=\"735\" data-is-last-node=\"\" data-is-only-node=\"\"><strong data-start=\"647\" data-end=\"659\">Pastaba:<\/strong> spalv\u0173 atspalviai gali \u0161iek tiek skirtis priklausomai nuo \u012frenginio ekrano.<\/p>\n","protected":false},"excerpt":{"rendered":"<p>Fashion Light Luxury \u2013 itin lengvi, auk\u0161tos kokyb\u0117s si\u016blai i\u0161 alpakos mi\u0161inio, pasi\u017eymintys prabangia \u201egarzato\u201c tekst\u016bra. Net ir megztiniai ar paltai i\u0161 \u0161i\u0173 si\u016bl\u0173 tampa nepaprastai lengvi, pur\u016bs ir \u0161ilti, o \u0161alikai ir kepur\u0117s \u2013 ypa\u010d jauk\u016bs bei eleganti\u0161ki. Sud\u0117tis: 74 % alpakos, 22 % vilna, 4 % nailonasSvoris \/ ilgis: 50 g \u2013 130 [&hellip;]<\/p>\n","protected":false},"featured_media":4117,"comment_status":"open","ping_status":"closed","template":"","meta":{"_acf_changed":false},"product_brand":[68],"product_cat":[15,18],"product_tag":[],"pro-kategorijos":[54,56],"class_list":{"0":"post-4090","1":"product","2":"type-product","3":"status-publish","4":"has-post-thumbnail","6":"product_brand-rico-design","7":"product_cat-visi-produktai","8":"product_cat-siulai","9":"pro-kategorijos-alpaka","10":"pro-kategorijos-vilna","12":"first","13":"instock","14":"shipping-taxable","15":"purchasable","16":"product-type-variable"},"acf":[],"yoast_head":"<!-- This site is optimized with the Yoast SEO plugin v26.8 - https:\/\/yoast.com\/product\/yoast-seo-wordpress\/ -->\n<title>Rico Design Fashion Light Luxury - Happyinaknit.com<\/title>\n<meta name=\"robots\" content=\"index, follow, max-snippet:-1, max-image-preview:large, max-video-preview:-1\" \/>\n<link rel=\"canonical\" href=\"https:\/\/happyinaknit.com\/lt\/produktas\/rico-design-fashion-light-luxury\/\" \/>\n<meta property=\"og:locale\" content=\"lt_LT\" \/>\n<meta property=\"og:type\" content=\"article\" \/>\n<meta property=\"og:title\" content=\"Rico Design Fashion Light Luxury - Happyinaknit.com\" \/>\n<meta property=\"og:description\" content=\"Fashion Light Luxury \u2013 itin lengvi, auk\u0161tos kokyb\u0117s si\u016blai i\u0161 alpakos mi\u0161inio, pasi\u017eymintys prabangia \u201egarzato\u201c tekst\u016bra. Net ir megztiniai ar paltai i\u0161 \u0161i\u0173 si\u016bl\u0173 tampa nepaprastai lengvi, pur\u016bs ir \u0161ilti, o \u0161alikai ir kepur\u0117s \u2013 ypa\u010d jauk\u016bs bei eleganti\u0161ki. Sud\u0117tis: 74 % alpakos, 22 % vilna, 4 % nailonasSvoris \/ ilgis: 50 g \u2013 130 [&hellip;]\" \/>\n<meta property=\"og:url\" content=\"https:\/\/happyinaknit.com\/lt\/produktas\/rico-design-fashion-light-luxury\/\" \/>\n<meta property=\"og:site_name\" content=\"Happyinaknit.com\" \/>\n<meta property=\"article:modified_time\" content=\"2026-04-08T15:11:06+00:00\" \/>\n<meta property=\"og:image\" content=\"https:\/\/happyinaknit.com\/wp-content\/uploads\/2025\/10\/IMG_9013.jpg\" \/>\n\t<meta property=\"og:image:width\" content=\"1320\" \/>\n\t<meta property=\"og:image:height\" content=\"1301\" \/>\n\t<meta property=\"og:image:type\" content=\"image\/jpeg\" \/>\n<meta name=\"twitter:card\" content=\"summary_large_image\" \/>\n<script type=\"application\/ld+json\" class=\"yoast-schema-graph\">{\"@context\":\"https:\/\/schema.org\",\"@graph\":[{\"@type\":\"WebPage\",\"@id\":\"https:\/\/happyinaknit.com\/produktas\/rico-design-fashion-light-luxury\/\",\"url\":\"https:\/\/happyinaknit.com\/produktas\/rico-design-fashion-light-luxury\/\",\"name\":\"Rico Design Fashion Light Luxury - Happyinaknit.com\",\"isPartOf\":{\"@id\":\"https:\/\/happyinaknit.com\/lt\/#website\"},\"primaryImageOfPage\":{\"@id\":\"https:\/\/happyinaknit.com\/produktas\/rico-design-fashion-light-luxury\/#primaryimage\"},\"image\":{\"@id\":\"https:\/\/happyinaknit.com\/produktas\/rico-design-fashion-light-luxury\/#primaryimage\"},\"thumbnailUrl\":\"https:\/\/happyinaknit.com\/wp-content\/uploads\/2025\/10\/IMG_9013.jpg\",\"datePublished\":\"2025-10-10T09:22:41+00:00\",\"dateModified\":\"2026-04-08T15:11:06+00:00\",\"breadcrumb\":{\"@id\":\"https:\/\/happyinaknit.com\/produktas\/rico-design-fashion-light-luxury\/#breadcrumb\"},\"inLanguage\":\"lt-LT\",\"potentialAction\":[{\"@type\":\"ReadAction\",\"target\":[\"https:\/\/happyinaknit.com\/produktas\/rico-design-fashion-light-luxury\/\"]}]},{\"@type\":\"ImageObject\",\"inLanguage\":\"lt-LT\",\"@id\":\"https:\/\/happyinaknit.com\/produktas\/rico-design-fashion-light-luxury\/#primaryimage\",\"url\":\"https:\/\/happyinaknit.com\/wp-content\/uploads\/2025\/10\/IMG_9013.jpg\",\"contentUrl\":\"https:\/\/happyinaknit.com\/wp-content\/uploads\/2025\/10\/IMG_9013.jpg\",\"width\":1320,\"height\":1301},{\"@type\":\"BreadcrumbList\",\"@id\":\"https:\/\/happyinaknit.com\/produktas\/rico-design-fashion-light-luxury\/#breadcrumb\",\"itemListElement\":[{\"@type\":\"ListItem\",\"position\":1,\"name\":\"Home\",\"item\":\"https:\/\/happyinaknit.com\/lt\/\"},{\"@type\":\"ListItem\",\"position\":2,\"name\":\"Parduotuv\u0117\",\"item\":\"https:\/\/happyinaknit.com\/lt\/parduotuve\/\"},{\"@type\":\"ListItem\",\"position\":3,\"name\":\"Rico Design Fashion Light Luxury\"}]},{\"@type\":\"WebSite\",\"@id\":\"https:\/\/happyinaknit.com\/lt\/#website\",\"url\":\"https:\/\/happyinaknit.com\/lt\/\",\"name\":\"Happyinaknit.com\",\"description\":\"\",\"potentialAction\":[{\"@type\":\"SearchAction\",\"target\":{\"@type\":\"EntryPoint\",\"urlTemplate\":\"https:\/\/happyinaknit.com\/lt\/?s={search_term_string}\"},\"query-input\":{\"@type\":\"PropertyValueSpecification\",\"valueRequired\":true,\"valueName\":\"search_term_string\"}}],\"inLanguage\":\"lt-LT\"}]}<\/script>\n<!-- \/ Yoast SEO plugin. -->","yoast_head_json":{"title":"Rico Design Fashion Light Luxury - Happyinaknit.com","robots":{"index":"index","follow":"follow","max-snippet":"max-snippet:-1","max-image-preview":"max-image-preview:large","max-video-preview":"max-video-preview:-1"},"canonical":"https:\/\/happyinaknit.com\/lt\/produktas\/rico-design-fashion-light-luxury\/","og_locale":"lt_LT","og_type":"article","og_title":"Rico Design Fashion Light Luxury - Happyinaknit.com","og_description":"Fashion Light Luxury \u2013 itin lengvi, auk\u0161tos kokyb\u0117s si\u016blai i\u0161 alpakos mi\u0161inio, pasi\u017eymintys prabangia \u201egarzato\u201c tekst\u016bra. Net ir megztiniai ar paltai i\u0161 \u0161i\u0173 si\u016bl\u0173 tampa nepaprastai lengvi, pur\u016bs ir \u0161ilti, o \u0161alikai ir kepur\u0117s \u2013 ypa\u010d jauk\u016bs bei eleganti\u0161ki. Sud\u0117tis: 74 % alpakos, 22 % vilna, 4 % nailonasSvoris \/ ilgis: 50 g \u2013 130 [&hellip;]","og_url":"https:\/\/happyinaknit.com\/lt\/produktas\/rico-design-fashion-light-luxury\/","og_site_name":"Happyinaknit.com","article_modified_time":"2026-04-08T15:11:06+00:00","og_image":[{"width":1320,"height":1301,"url":"https:\/\/happyinaknit.com\/wp-content\/uploads\/2025\/10\/IMG_9013.jpg","type":"image\/jpeg"}],"twitter_card":"summary_large_image","schema":{"@context":"https:\/\/schema.org","@graph":[{"@type":"WebPage","@id":"https:\/\/happyinaknit.com\/produktas\/rico-design-fashion-light-luxury\/","url":"https:\/\/happyinaknit.com\/produktas\/rico-design-fashion-light-luxury\/","name":"Rico Design Fashion Light Luxury - Happyinaknit.com","isPartOf":{"@id":"https:\/\/happyinaknit.com\/lt\/#website"},"primaryImageOfPage":{"@id":"https:\/\/happyinaknit.com\/produktas\/rico-design-fashion-light-luxury\/#primaryimage"},"image":{"@id":"https:\/\/happyinaknit.com\/produktas\/rico-design-fashion-light-luxury\/#primaryimage"},"thumbnailUrl":"https:\/\/happyinaknit.com\/wp-content\/uploads\/2025\/10\/IMG_9013.jpg","datePublished":"2025-10-10T09:22:41+00:00","dateModified":"2026-04-08T15:11:06+00:00","breadcrumb":{"@id":"https:\/\/happyinaknit.com\/produktas\/rico-design-fashion-light-luxury\/#breadcrumb"},"inLanguage":"lt-LT","potentialAction":[{"@type":"ReadAction","target":["https:\/\/happyinaknit.com\/produktas\/rico-design-fashion-light-luxury\/"]}]},{"@type":"ImageObject","inLanguage":"lt-LT","@id":"https:\/\/happyinaknit.com\/produktas\/rico-design-fashion-light-luxury\/#primaryimage","url":"https:\/\/happyinaknit.com\/wp-content\/uploads\/2025\/10\/IMG_9013.jpg","contentUrl":"https:\/\/happyinaknit.com\/wp-content\/uploads\/2025\/10\/IMG_9013.jpg","width":1320,"height":1301},{"@type":"BreadcrumbList","@id":"https:\/\/happyinaknit.com\/produktas\/rico-design-fashion-light-luxury\/#breadcrumb","itemListElement":[{"@type":"ListItem","position":1,"name":"Home","item":"https:\/\/happyinaknit.com\/lt\/"},{"@type":"ListItem","position":2,"name":"Parduotuv\u0117","item":"https:\/\/happyinaknit.com\/lt\/parduotuve\/"},{"@type":"ListItem","position":3,"name":"Rico Design Fashion Light Luxury"}]},{"@type":"WebSite","@id":"https:\/\/happyinaknit.com\/lt\/#website","url":"https:\/\/happyinaknit.com\/lt\/","name":"Happyinaknit.com","description":"","potentialAction":[{"@type":"SearchAction","target":{"@type":"EntryPoint","urlTemplate":"https:\/\/happyinaknit.com\/lt\/?s={search_term_string}"},"query-input":{"@type":"PropertyValueSpecification","valueRequired":true,"valueName":"search_term_string"}}],"inLanguage":"lt-LT"}]}},"_links":{"self":[{"href":"https:\/\/happyinaknit.com\/lt\/wp-json\/wp\/v2\/product\/4090","targetHints":{"allow":["GET"]}}],"collection":[{"href":"https:\/\/happyinaknit.com\/lt\/wp-json\/wp\/v2\/product"}],"about":[{"href":"https:\/\/happyinaknit.com\/lt\/wp-json\/wp\/v2\/types\/product"}],"replies":[{"embeddable":true,"href":"https:\/\/happyinaknit.com\/lt\/wp-json\/wp\/v2\/comments?post=4090"}],"wp:featuredmedia":[{"embeddable":true,"href":"https:\/\/happyinaknit.com\/lt\/wp-json\/wp\/v2\/media\/4117"}],"wp:attachment":[{"href":"https:\/\/happyinaknit.com\/lt\/wp-json\/wp\/v2\/media?parent=4090"}],"wp:term":[{"taxonomy":"product_brand","embeddable":true,"href":"https:\/\/happyinaknit.com\/lt\/wp-json\/wp\/v2\/product_brand?post=4090"},{"taxonomy":"product_cat","embeddable":true,"href":"https:\/\/happyinaknit.com\/lt\/wp-json\/wp\/v2\/product_cat?post=4090"},{"taxonomy":"product_tag","embeddable":true,"href":"https:\/\/happyinaknit.com\/lt\/wp-json\/wp\/v2\/product_tag?post=4090"},{"taxonomy":"pro-kategorijos","embeddable":true,"href":"https:\/\/happyinaknit.com\/lt\/wp-json\/wp\/v2\/pro-kategorijos?post=4090"}],"curies":[{"name":"wp","href":"https:\/\/api.w.org\/{rel}","templated":true}]}}