{"id":4016,"date":"2025-10-09T22:46:58","date_gmt":"2025-10-09T22:46:58","guid":{"rendered":"https:\/\/happyinaknit.com\/?post_type=product&#038;p=4016"},"modified":"2026-04-14T20:08:42","modified_gmt":"2026-04-14T20:08:42","slug":"rico-design-creative-make-it-blumchen","status":"publish","type":"product","link":"https:\/\/happyinaknit.com\/lt\/produktas\/rico-design-creative-make-it-blumchen\/","title":{"rendered":"Rico Design creative MAKE IT BL\u00dcMCHEN"},"content":{"rendered":"<p data-start=\"0\" data-end=\"335\"><strong data-start=\"0\" data-end=\"29\">Creative Make It Bl\u00fcmchen<\/strong> \u2013 tai spindintys si\u016blai su subtiliomis g\u0117li\u0173 formos blizgu\u010diais. Ma\u017eyt\u0117s g\u0117lyt\u0117s harmoningai \u012faustos \u012f pagrindin\u012f si\u016bl\u0105, pagamint\u0105 i\u0161 100 % liocelio, ir tobulai dera spalvi\u0161kai. Mezgant si\u016blas papras\u010diausiai vedamas kartu su pagrindiniais si\u016blais, suteikdamas mezginiui i\u0161skirtin\u012f bei \u017eaisming\u0105 \u012fvaizd\u012f.<\/p>\n<p data-start=\"337\" data-end=\"468\"><strong data-start=\"337\" data-end=\"349\">Sud\u0117tis:<\/strong> 100 % liocelis (blizgu\u010diai \u2013 100 % poliesteris)<br data-start=\"397\" data-end=\"400\" \/><strong data-start=\"400\" data-end=\"419\" data-is-only-node=\"\">Svoris \/ ilgis:<\/strong> 25 g \u2013 375 m<br data-start=\"432\" data-end=\"435\" \/><strong data-start=\"435\" data-end=\"449\">Prie\u017ei\u016bra:<\/strong> skalbti rankomis<\/p>\n<p data-start=\"470\" data-end=\"558\" data-is-last-node=\"\" data-is-only-node=\"\"><strong data-start=\"470\" data-end=\"482\">Pastaba:<\/strong> spalv\u0173 atspalviai gali \u0161iek tiek skirtis priklausomai nuo \u012frenginio ekrano.<\/p>\n","protected":false},"excerpt":{"rendered":"<p>Creative Make It Bl\u00fcmchen \u2013 tai spindintys si\u016blai su subtiliomis g\u0117li\u0173 formos blizgu\u010diais. Ma\u017eyt\u0117s g\u0117lyt\u0117s harmoningai \u012faustos \u012f pagrindin\u012f si\u016bl\u0105, pagamint\u0105 i\u0161 100 % liocelio, ir tobulai dera spalvi\u0161kai. Mezgant si\u016blas papras\u010diausiai vedamas kartu su pagrindiniais si\u016blais, suteikdamas mezginiui i\u0161skirtin\u012f bei \u017eaisming\u0105 \u012fvaizd\u012f. Sud\u0117tis: 100 % liocelis (blizgu\u010diai \u2013 100 % poliesteris)Svoris \/ ilgis: 25 [&hellip;]<\/p>\n","protected":false},"featured_media":4029,"comment_status":"open","ping_status":"closed","template":"","meta":{"_acf_changed":false},"product_brand":[68],"product_cat":[15,18,323],"product_tag":[],"pro-kategorijos":[81],"class_list":{"0":"post-4016","1":"product","2":"type-product","3":"status-publish","4":"has-post-thumbnail","6":"product_brand-rico-design","7":"product_cat-visi-produktai","8":"product_cat-siulai","9":"product_cat-siulai-su-lureksu-ir-zvyneliais","10":"pro-kategorijos-poliamidas-zvyneliai","12":"first","13":"instock","14":"shipping-taxable","15":"purchasable","16":"product-type-variable"},"acf":[],"yoast_head":"<!-- This site is optimized with the Yoast SEO plugin v26.8 - https:\/\/yoast.com\/product\/yoast-seo-wordpress\/ -->\n<title>Rico Design creative MAKE IT BL\u00dcMCHEN - Happyinaknit.com<\/title>\n<meta name=\"robots\" content=\"index, follow, max-snippet:-1, max-image-preview:large, max-video-preview:-1\" \/>\n<link rel=\"canonical\" href=\"https:\/\/happyinaknit.com\/lt\/produktas\/rico-design-creative-make-it-blumchen\/\" \/>\n<meta property=\"og:locale\" content=\"lt_LT\" \/>\n<meta property=\"og:type\" content=\"article\" \/>\n<meta property=\"og:title\" content=\"Rico Design creative MAKE IT BL\u00dcMCHEN - Happyinaknit.com\" \/>\n<meta property=\"og:description\" content=\"Creative Make It Bl\u00fcmchen \u2013 tai spindintys si\u016blai su subtiliomis g\u0117li\u0173 formos blizgu\u010diais. Ma\u017eyt\u0117s g\u0117lyt\u0117s harmoningai \u012faustos \u012f pagrindin\u012f si\u016bl\u0105, pagamint\u0105 i\u0161 100 % liocelio, ir tobulai dera spalvi\u0161kai. Mezgant si\u016blas papras\u010diausiai vedamas kartu su pagrindiniais si\u016blais, suteikdamas mezginiui i\u0161skirtin\u012f bei \u017eaisming\u0105 \u012fvaizd\u012f. Sud\u0117tis: 100 % liocelis (blizgu\u010diai \u2013 100 % poliesteris)Svoris \/ ilgis: 25 [&hellip;]\" \/>\n<meta property=\"og:url\" content=\"https:\/\/happyinaknit.com\/lt\/produktas\/rico-design-creative-make-it-blumchen\/\" \/>\n<meta property=\"og:site_name\" content=\"Happyinaknit.com\" \/>\n<meta property=\"article:modified_time\" content=\"2026-04-14T20:08:42+00:00\" \/>\n<meta property=\"og:image\" content=\"https:\/\/happyinaknit.com\/wp-content\/uploads\/2025\/10\/IMG_8928.jpg\" \/>\n\t<meta property=\"og:image:width\" content=\"1320\" \/>\n\t<meta property=\"og:image:height\" content=\"1472\" \/>\n\t<meta property=\"og:image:type\" content=\"image\/jpeg\" \/>\n<meta name=\"twitter:card\" content=\"summary_large_image\" \/>\n<meta name=\"twitter:label1\" content=\"Est. reading time\" \/>\n\t<meta name=\"twitter:data1\" content=\"1 minut\u0117\" \/>\n<script type=\"application\/ld+json\" class=\"yoast-schema-graph\">{\"@context\":\"https:\/\/schema.org\",\"@graph\":[{\"@type\":\"WebPage\",\"@id\":\"https:\/\/happyinaknit.com\/produktas\/rico-design-creative-make-it-blumchen\/\",\"url\":\"https:\/\/happyinaknit.com\/produktas\/rico-design-creative-make-it-blumchen\/\",\"name\":\"Rico Design creative MAKE IT BL\u00dcMCHEN - Happyinaknit.com\",\"isPartOf\":{\"@id\":\"https:\/\/happyinaknit.com\/lt\/#website\"},\"primaryImageOfPage\":{\"@id\":\"https:\/\/happyinaknit.com\/produktas\/rico-design-creative-make-it-blumchen\/#primaryimage\"},\"image\":{\"@id\":\"https:\/\/happyinaknit.com\/produktas\/rico-design-creative-make-it-blumchen\/#primaryimage\"},\"thumbnailUrl\":\"https:\/\/happyinaknit.com\/wp-content\/uploads\/2025\/10\/IMG_8928.jpg\",\"datePublished\":\"2025-10-09T22:46:58+00:00\",\"dateModified\":\"2026-04-14T20:08:42+00:00\",\"breadcrumb\":{\"@id\":\"https:\/\/happyinaknit.com\/produktas\/rico-design-creative-make-it-blumchen\/#breadcrumb\"},\"inLanguage\":\"lt-LT\",\"potentialAction\":[{\"@type\":\"ReadAction\",\"target\":[\"https:\/\/happyinaknit.com\/produktas\/rico-design-creative-make-it-blumchen\/\"]}]},{\"@type\":\"ImageObject\",\"inLanguage\":\"lt-LT\",\"@id\":\"https:\/\/happyinaknit.com\/produktas\/rico-design-creative-make-it-blumchen\/#primaryimage\",\"url\":\"https:\/\/happyinaknit.com\/wp-content\/uploads\/2025\/10\/IMG_8928.jpg\",\"contentUrl\":\"https:\/\/happyinaknit.com\/wp-content\/uploads\/2025\/10\/IMG_8928.jpg\",\"width\":1320,\"height\":1472},{\"@type\":\"BreadcrumbList\",\"@id\":\"https:\/\/happyinaknit.com\/produktas\/rico-design-creative-make-it-blumchen\/#breadcrumb\",\"itemListElement\":[{\"@type\":\"ListItem\",\"position\":1,\"name\":\"Home\",\"item\":\"https:\/\/happyinaknit.com\/lt\/\"},{\"@type\":\"ListItem\",\"position\":2,\"name\":\"Parduotuv\u0117\",\"item\":\"https:\/\/happyinaknit.com\/lt\/parduotuve\/\"},{\"@type\":\"ListItem\",\"position\":3,\"name\":\"Rico Design creative MAKE IT BL\u00dcMCHEN\"}]},{\"@type\":\"WebSite\",\"@id\":\"https:\/\/happyinaknit.com\/lt\/#website\",\"url\":\"https:\/\/happyinaknit.com\/lt\/\",\"name\":\"Happyinaknit.com\",\"description\":\"\",\"potentialAction\":[{\"@type\":\"SearchAction\",\"target\":{\"@type\":\"EntryPoint\",\"urlTemplate\":\"https:\/\/happyinaknit.com\/lt\/?s={search_term_string}\"},\"query-input\":{\"@type\":\"PropertyValueSpecification\",\"valueRequired\":true,\"valueName\":\"search_term_string\"}}],\"inLanguage\":\"lt-LT\"}]}<\/script>\n<!-- \/ Yoast SEO plugin. -->","yoast_head_json":{"title":"Rico Design creative MAKE IT BL\u00dcMCHEN - Happyinaknit.com","robots":{"index":"index","follow":"follow","max-snippet":"max-snippet:-1","max-image-preview":"max-image-preview:large","max-video-preview":"max-video-preview:-1"},"canonical":"https:\/\/happyinaknit.com\/lt\/produktas\/rico-design-creative-make-it-blumchen\/","og_locale":"lt_LT","og_type":"article","og_title":"Rico Design creative MAKE IT BL\u00dcMCHEN - Happyinaknit.com","og_description":"Creative Make It Bl\u00fcmchen \u2013 tai spindintys si\u016blai su subtiliomis g\u0117li\u0173 formos blizgu\u010diais. Ma\u017eyt\u0117s g\u0117lyt\u0117s harmoningai \u012faustos \u012f pagrindin\u012f si\u016bl\u0105, pagamint\u0105 i\u0161 100 % liocelio, ir tobulai dera spalvi\u0161kai. Mezgant si\u016blas papras\u010diausiai vedamas kartu su pagrindiniais si\u016blais, suteikdamas mezginiui i\u0161skirtin\u012f bei \u017eaisming\u0105 \u012fvaizd\u012f. Sud\u0117tis: 100 % liocelis (blizgu\u010diai \u2013 100 % poliesteris)Svoris \/ ilgis: 25 [&hellip;]","og_url":"https:\/\/happyinaknit.com\/lt\/produktas\/rico-design-creative-make-it-blumchen\/","og_site_name":"Happyinaknit.com","article_modified_time":"2026-04-14T20:08:42+00:00","og_image":[{"width":1320,"height":1472,"url":"https:\/\/happyinaknit.com\/wp-content\/uploads\/2025\/10\/IMG_8928.jpg","type":"image\/jpeg"}],"twitter_card":"summary_large_image","twitter_misc":{"Est. reading time":"1 minut\u0117"},"schema":{"@context":"https:\/\/schema.org","@graph":[{"@type":"WebPage","@id":"https:\/\/happyinaknit.com\/produktas\/rico-design-creative-make-it-blumchen\/","url":"https:\/\/happyinaknit.com\/produktas\/rico-design-creative-make-it-blumchen\/","name":"Rico Design creative MAKE IT BL\u00dcMCHEN - Happyinaknit.com","isPartOf":{"@id":"https:\/\/happyinaknit.com\/lt\/#website"},"primaryImageOfPage":{"@id":"https:\/\/happyinaknit.com\/produktas\/rico-design-creative-make-it-blumchen\/#primaryimage"},"image":{"@id":"https:\/\/happyinaknit.com\/produktas\/rico-design-creative-make-it-blumchen\/#primaryimage"},"thumbnailUrl":"https:\/\/happyinaknit.com\/wp-content\/uploads\/2025\/10\/IMG_8928.jpg","datePublished":"2025-10-09T22:46:58+00:00","dateModified":"2026-04-14T20:08:42+00:00","breadcrumb":{"@id":"https:\/\/happyinaknit.com\/produktas\/rico-design-creative-make-it-blumchen\/#breadcrumb"},"inLanguage":"lt-LT","potentialAction":[{"@type":"ReadAction","target":["https:\/\/happyinaknit.com\/produktas\/rico-design-creative-make-it-blumchen\/"]}]},{"@type":"ImageObject","inLanguage":"lt-LT","@id":"https:\/\/happyinaknit.com\/produktas\/rico-design-creative-make-it-blumchen\/#primaryimage","url":"https:\/\/happyinaknit.com\/wp-content\/uploads\/2025\/10\/IMG_8928.jpg","contentUrl":"https:\/\/happyinaknit.com\/wp-content\/uploads\/2025\/10\/IMG_8928.jpg","width":1320,"height":1472},{"@type":"BreadcrumbList","@id":"https:\/\/happyinaknit.com\/produktas\/rico-design-creative-make-it-blumchen\/#breadcrumb","itemListElement":[{"@type":"ListItem","position":1,"name":"Home","item":"https:\/\/happyinaknit.com\/lt\/"},{"@type":"ListItem","position":2,"name":"Parduotuv\u0117","item":"https:\/\/happyinaknit.com\/lt\/parduotuve\/"},{"@type":"ListItem","position":3,"name":"Rico Design creative MAKE IT BL\u00dcMCHEN"}]},{"@type":"WebSite","@id":"https:\/\/happyinaknit.com\/lt\/#website","url":"https:\/\/happyinaknit.com\/lt\/","name":"Happyinaknit.com","description":"","potentialAction":[{"@type":"SearchAction","target":{"@type":"EntryPoint","urlTemplate":"https:\/\/happyinaknit.com\/lt\/?s={search_term_string}"},"query-input":{"@type":"PropertyValueSpecification","valueRequired":true,"valueName":"search_term_string"}}],"inLanguage":"lt-LT"}]}},"_links":{"self":[{"href":"https:\/\/happyinaknit.com\/lt\/wp-json\/wp\/v2\/product\/4016","targetHints":{"allow":["GET"]}}],"collection":[{"href":"https:\/\/happyinaknit.com\/lt\/wp-json\/wp\/v2\/product"}],"about":[{"href":"https:\/\/happyinaknit.com\/lt\/wp-json\/wp\/v2\/types\/product"}],"replies":[{"embeddable":true,"href":"https:\/\/happyinaknit.com\/lt\/wp-json\/wp\/v2\/comments?post=4016"}],"wp:featuredmedia":[{"embeddable":true,"href":"https:\/\/happyinaknit.com\/lt\/wp-json\/wp\/v2\/media\/4029"}],"wp:attachment":[{"href":"https:\/\/happyinaknit.com\/lt\/wp-json\/wp\/v2\/media?parent=4016"}],"wp:term":[{"taxonomy":"product_brand","embeddable":true,"href":"https:\/\/happyinaknit.com\/lt\/wp-json\/wp\/v2\/product_brand?post=4016"},{"taxonomy":"product_cat","embeddable":true,"href":"https:\/\/happyinaknit.com\/lt\/wp-json\/wp\/v2\/product_cat?post=4016"},{"taxonomy":"product_tag","embeddable":true,"href":"https:\/\/happyinaknit.com\/lt\/wp-json\/wp\/v2\/product_tag?post=4016"},{"taxonomy":"pro-kategorijos","embeddable":true,"href":"https:\/\/happyinaknit.com\/lt\/wp-json\/wp\/v2\/pro-kategorijos?post=4016"}],"curies":[{"name":"wp","href":"https:\/\/api.w.org\/{rel}","templated":true}]}}