{"id":4009,"date":"2025-10-09T13:05:45","date_gmt":"2025-10-09T13:05:45","guid":{"rendered":"https:\/\/happyinaknit.com\/?post_type=product&#038;p=4009"},"modified":"2026-02-04T09:50:35","modified_gmt":"2026-02-04T09:50:35","slug":"concept-by-katia-symmetric-socks-more-illusion","status":"publish","type":"product","link":"https:\/\/happyinaknit.com\/lt\/produktas\/concept-by-katia-symmetric-socks-more-illusion\/","title":{"rendered":"Concept by Katia SYMMETRIC SOCKS &#038; MORE &#8211; ILLUSION"},"content":{"rendered":"<p data-start=\"83\" data-end=\"479\"><strong data-start=\"83\" data-end=\"126\">Concept Illusion \u00a0Symmetric Socks &amp; More<\/strong> \u2013 tai novatori\u0161ki 4 sluoksni\u0173 si\u016blai, kuri\u0173 spalvinis ra\u0161tas idealiai kartojasi, tod\u0117l kiekvienas j\u016bs\u0173 mezginys atrodo itin tvarkingai ir profesionaliai. \u017daismingas spalv\u0173 efektas sujungia dr\u0105sias juosteles ir \u0161velnius gradientus, tod\u0117l \u0161ie si\u016blai \u2013 puikus pasirinkimas i\u0161skirtin\u0117ms kojin\u0117ms, \u0161alikams ar snood tipo kaklo aksesuarams.<\/p>\n<p data-start=\"481\" data-end=\"648\">Vos vienas kamuoliukas leis jums numegzti por\u0105 spalving\u0173 kojini\u0173 iki 44 dyd\u017eio arba eleganti\u0161k\u0105 \u0161alik\u0105\u2013snood. M\u0117gaukit\u0117s k\u016brybos procesu ir ry\u0161kiu rezultatu!<\/p>\n<p data-start=\"650\" data-end=\"946\"><strong data-start=\"650\" data-end=\"662\">Sud\u0117tis:<\/strong> 75 % vilna (superwash), 25 % poliamidas<br data-start=\"702\" data-end=\"705\" \/><strong data-start=\"705\" data-end=\"724\">Svoris \/ ilgis:<\/strong> 80 g \u2013 320 m<br data-start=\"737\" data-end=\"740\" \/><strong data-start=\"740\" data-end=\"766\">Tankumas: <\/strong>10 \u00d7 10 cm &#8211; \u00a030 akys \u00d7 42 eil\u0117s<br data-start=\"785\" data-end=\"788\" data-is-only-node=\"\" \/><strong data-start=\"788\" data-end=\"816\">Rekomenduojami virbalai:<\/strong> 2,5\u20133,0 mm<br data-start=\"827\" data-end=\"830\" \/><strong data-start=\"830\" data-end=\"841\">I\u0161eiga:<\/strong><br data-start=\"841\" data-end=\"844\" \/>\u2013 porai kojini\u0173 iki 44 dyd\u017eio pakanka 1 kamuoliuko (80 g)<br data-start=\"901\" data-end=\"904\" \/>\u2013 porai kojini\u0173 28\u201329 dyd\u017eio u\u017eteks 50 g<\/p>\n<p data-start=\"948\" data-end=\"1012\"><strong data-start=\"948\" data-end=\"958\">Tinka:<\/strong> kojin\u0117ms, \u0161alikams, snoodams, pir\u0161tin\u0117ms, kepur\u0117ms.<\/p>\n<p data-start=\"1014\" data-end=\"1210\" data-is-last-node=\"\" data-is-only-node=\"\"><strong data-start=\"1014\" data-end=\"1028\">Prie\u017ei\u016bra:<\/strong> skalbti rankomis ne auk\u0161tesn\u0117je nei 30 \u00b0C temperat\u016broje, d\u017eiovinti patiesus horizontaliai.<\/p>\n<p data-start=\"1014\" data-end=\"1210\" data-is-last-node=\"\" data-is-only-node=\"\"><br data-start=\"1119\" data-end=\"1122\" \/><strong data-start=\"1122\" data-end=\"1134\">Pastaba:<\/strong> spalv\u0173 atspalviai gali \u0161iek tiek skirtis priklausomai nuo \u012frenginio ekrano.<\/p>\n","protected":false},"excerpt":{"rendered":"<p>Concept Illusion \u00a0Symmetric Socks &amp; More \u2013 tai novatori\u0161ki 4 sluoksni\u0173 si\u016blai, kuri\u0173 spalvinis ra\u0161tas idealiai kartojasi, tod\u0117l kiekvienas j\u016bs\u0173 mezginys atrodo itin tvarkingai ir profesionaliai. \u017daismingas spalv\u0173 efektas sujungia dr\u0105sias juosteles ir \u0161velnius gradientus, tod\u0117l \u0161ie si\u016blai \u2013 puikus pasirinkimas i\u0161skirtin\u0117ms kojin\u0117ms, \u0161alikams ar snood tipo kaklo aksesuarams. Vos vienas kamuoliukas leis jums numegzti [&hellip;]<\/p>\n","protected":false},"featured_media":4006,"comment_status":"open","ping_status":"closed","template":"","meta":{"_acf_changed":false},"product_brand":[69],"product_cat":[15,18,94],"product_tag":[],"pro-kategorijos":[56],"class_list":{"0":"post-4009","1":"product","2":"type-product","3":"status-publish","4":"has-post-thumbnail","6":"product_brand-concept-by-katia","7":"product_cat-visi-produktai","8":"product_cat-siulai","9":"product_cat-siulai-kojinems","10":"pro-kategorijos-vilna","12":"first","13":"instock","14":"shipping-taxable","15":"purchasable","16":"product-type-variable"},"acf":[],"yoast_head":"<!-- This site is optimized with the Yoast SEO plugin v26.8 - https:\/\/yoast.com\/product\/yoast-seo-wordpress\/ -->\n<title>Concept by Katia SYMMETRIC SOCKS &amp; MORE - ILLUSION - Happyinaknit.com<\/title>\n<meta name=\"robots\" content=\"index, follow, max-snippet:-1, max-image-preview:large, max-video-preview:-1\" \/>\n<link rel=\"canonical\" href=\"https:\/\/happyinaknit.com\/lt\/produktas\/concept-by-katia-symmetric-socks-more-illusion\/\" \/>\n<meta property=\"og:locale\" content=\"lt_LT\" \/>\n<meta property=\"og:type\" content=\"article\" \/>\n<meta property=\"og:title\" content=\"Concept by Katia SYMMETRIC SOCKS &amp; MORE - ILLUSION - Happyinaknit.com\" \/>\n<meta property=\"og:description\" content=\"Concept Illusion \u00a0Symmetric Socks &amp; More \u2013 tai novatori\u0161ki 4 sluoksni\u0173 si\u016blai, kuri\u0173 spalvinis ra\u0161tas idealiai kartojasi, tod\u0117l kiekvienas j\u016bs\u0173 mezginys atrodo itin tvarkingai ir profesionaliai. \u017daismingas spalv\u0173 efektas sujungia dr\u0105sias juosteles ir \u0161velnius gradientus, tod\u0117l \u0161ie si\u016blai \u2013 puikus pasirinkimas i\u0161skirtin\u0117ms kojin\u0117ms, \u0161alikams ar snood tipo kaklo aksesuarams. Vos vienas kamuoliukas leis jums numegzti [&hellip;]\" \/>\n<meta property=\"og:url\" content=\"https:\/\/happyinaknit.com\/lt\/produktas\/concept-by-katia-symmetric-socks-more-illusion\/\" \/>\n<meta property=\"og:site_name\" content=\"Happyinaknit.com\" \/>\n<meta property=\"article:modified_time\" content=\"2026-02-04T09:50:35+00:00\" \/>\n<meta property=\"og:image\" content=\"https:\/\/happyinaknit.com\/wp-content\/uploads\/2025\/10\/IMG_8873.jpg\" \/>\n\t<meta property=\"og:image:width\" content=\"1320\" \/>\n\t<meta property=\"og:image:height\" content=\"1253\" \/>\n\t<meta property=\"og:image:type\" content=\"image\/jpeg\" \/>\n<meta name=\"twitter:card\" content=\"summary_large_image\" \/>\n<meta name=\"twitter:label1\" content=\"Est. reading time\" \/>\n\t<meta name=\"twitter:data1\" content=\"1 minut\u0117\" \/>\n<script type=\"application\/ld+json\" class=\"yoast-schema-graph\">{\"@context\":\"https:\/\/schema.org\",\"@graph\":[{\"@type\":\"WebPage\",\"@id\":\"https:\/\/happyinaknit.com\/produktas\/concept-by-katia-symmetric-socks-more-illusion\/\",\"url\":\"https:\/\/happyinaknit.com\/produktas\/concept-by-katia-symmetric-socks-more-illusion\/\",\"name\":\"Concept by Katia SYMMETRIC SOCKS & MORE - ILLUSION - Happyinaknit.com\",\"isPartOf\":{\"@id\":\"https:\/\/happyinaknit.com\/lt\/#website\"},\"primaryImageOfPage\":{\"@id\":\"https:\/\/happyinaknit.com\/produktas\/concept-by-katia-symmetric-socks-more-illusion\/#primaryimage\"},\"image\":{\"@id\":\"https:\/\/happyinaknit.com\/produktas\/concept-by-katia-symmetric-socks-more-illusion\/#primaryimage\"},\"thumbnailUrl\":\"https:\/\/happyinaknit.com\/wp-content\/uploads\/2025\/10\/IMG_8873.jpg\",\"datePublished\":\"2025-10-09T13:05:45+00:00\",\"dateModified\":\"2026-02-04T09:50:35+00:00\",\"breadcrumb\":{\"@id\":\"https:\/\/happyinaknit.com\/produktas\/concept-by-katia-symmetric-socks-more-illusion\/#breadcrumb\"},\"inLanguage\":\"lt-LT\",\"potentialAction\":[{\"@type\":\"ReadAction\",\"target\":[\"https:\/\/happyinaknit.com\/produktas\/concept-by-katia-symmetric-socks-more-illusion\/\"]}]},{\"@type\":\"ImageObject\",\"inLanguage\":\"lt-LT\",\"@id\":\"https:\/\/happyinaknit.com\/produktas\/concept-by-katia-symmetric-socks-more-illusion\/#primaryimage\",\"url\":\"https:\/\/happyinaknit.com\/wp-content\/uploads\/2025\/10\/IMG_8873.jpg\",\"contentUrl\":\"https:\/\/happyinaknit.com\/wp-content\/uploads\/2025\/10\/IMG_8873.jpg\",\"width\":1320,\"height\":1253},{\"@type\":\"BreadcrumbList\",\"@id\":\"https:\/\/happyinaknit.com\/produktas\/concept-by-katia-symmetric-socks-more-illusion\/#breadcrumb\",\"itemListElement\":[{\"@type\":\"ListItem\",\"position\":1,\"name\":\"Home\",\"item\":\"https:\/\/happyinaknit.com\/lt\/\"},{\"@type\":\"ListItem\",\"position\":2,\"name\":\"Parduotuv\u0117\",\"item\":\"https:\/\/happyinaknit.com\/lt\/parduotuve\/\"},{\"@type\":\"ListItem\",\"position\":3,\"name\":\"Concept by Katia SYMMETRIC SOCKS &#038; MORE &#8211; ILLUSION\"}]},{\"@type\":\"WebSite\",\"@id\":\"https:\/\/happyinaknit.com\/lt\/#website\",\"url\":\"https:\/\/happyinaknit.com\/lt\/\",\"name\":\"Happyinaknit.com\",\"description\":\"\",\"potentialAction\":[{\"@type\":\"SearchAction\",\"target\":{\"@type\":\"EntryPoint\",\"urlTemplate\":\"https:\/\/happyinaknit.com\/lt\/?s={search_term_string}\"},\"query-input\":{\"@type\":\"PropertyValueSpecification\",\"valueRequired\":true,\"valueName\":\"search_term_string\"}}],\"inLanguage\":\"lt-LT\"}]}<\/script>\n<!-- \/ Yoast SEO plugin. -->","yoast_head_json":{"title":"Concept by Katia SYMMETRIC SOCKS & MORE - ILLUSION - Happyinaknit.com","robots":{"index":"index","follow":"follow","max-snippet":"max-snippet:-1","max-image-preview":"max-image-preview:large","max-video-preview":"max-video-preview:-1"},"canonical":"https:\/\/happyinaknit.com\/lt\/produktas\/concept-by-katia-symmetric-socks-more-illusion\/","og_locale":"lt_LT","og_type":"article","og_title":"Concept by Katia SYMMETRIC SOCKS & MORE - ILLUSION - Happyinaknit.com","og_description":"Concept Illusion \u00a0Symmetric Socks &amp; More \u2013 tai novatori\u0161ki 4 sluoksni\u0173 si\u016blai, kuri\u0173 spalvinis ra\u0161tas idealiai kartojasi, tod\u0117l kiekvienas j\u016bs\u0173 mezginys atrodo itin tvarkingai ir profesionaliai. \u017daismingas spalv\u0173 efektas sujungia dr\u0105sias juosteles ir \u0161velnius gradientus, tod\u0117l \u0161ie si\u016blai \u2013 puikus pasirinkimas i\u0161skirtin\u0117ms kojin\u0117ms, \u0161alikams ar snood tipo kaklo aksesuarams. Vos vienas kamuoliukas leis jums numegzti [&hellip;]","og_url":"https:\/\/happyinaknit.com\/lt\/produktas\/concept-by-katia-symmetric-socks-more-illusion\/","og_site_name":"Happyinaknit.com","article_modified_time":"2026-02-04T09:50:35+00:00","og_image":[{"width":1320,"height":1253,"url":"https:\/\/happyinaknit.com\/wp-content\/uploads\/2025\/10\/IMG_8873.jpg","type":"image\/jpeg"}],"twitter_card":"summary_large_image","twitter_misc":{"Est. reading time":"1 minut\u0117"},"schema":{"@context":"https:\/\/schema.org","@graph":[{"@type":"WebPage","@id":"https:\/\/happyinaknit.com\/produktas\/concept-by-katia-symmetric-socks-more-illusion\/","url":"https:\/\/happyinaknit.com\/produktas\/concept-by-katia-symmetric-socks-more-illusion\/","name":"Concept by Katia SYMMETRIC SOCKS & MORE - ILLUSION - Happyinaknit.com","isPartOf":{"@id":"https:\/\/happyinaknit.com\/lt\/#website"},"primaryImageOfPage":{"@id":"https:\/\/happyinaknit.com\/produktas\/concept-by-katia-symmetric-socks-more-illusion\/#primaryimage"},"image":{"@id":"https:\/\/happyinaknit.com\/produktas\/concept-by-katia-symmetric-socks-more-illusion\/#primaryimage"},"thumbnailUrl":"https:\/\/happyinaknit.com\/wp-content\/uploads\/2025\/10\/IMG_8873.jpg","datePublished":"2025-10-09T13:05:45+00:00","dateModified":"2026-02-04T09:50:35+00:00","breadcrumb":{"@id":"https:\/\/happyinaknit.com\/produktas\/concept-by-katia-symmetric-socks-more-illusion\/#breadcrumb"},"inLanguage":"lt-LT","potentialAction":[{"@type":"ReadAction","target":["https:\/\/happyinaknit.com\/produktas\/concept-by-katia-symmetric-socks-more-illusion\/"]}]},{"@type":"ImageObject","inLanguage":"lt-LT","@id":"https:\/\/happyinaknit.com\/produktas\/concept-by-katia-symmetric-socks-more-illusion\/#primaryimage","url":"https:\/\/happyinaknit.com\/wp-content\/uploads\/2025\/10\/IMG_8873.jpg","contentUrl":"https:\/\/happyinaknit.com\/wp-content\/uploads\/2025\/10\/IMG_8873.jpg","width":1320,"height":1253},{"@type":"BreadcrumbList","@id":"https:\/\/happyinaknit.com\/produktas\/concept-by-katia-symmetric-socks-more-illusion\/#breadcrumb","itemListElement":[{"@type":"ListItem","position":1,"name":"Home","item":"https:\/\/happyinaknit.com\/lt\/"},{"@type":"ListItem","position":2,"name":"Parduotuv\u0117","item":"https:\/\/happyinaknit.com\/lt\/parduotuve\/"},{"@type":"ListItem","position":3,"name":"Concept by Katia SYMMETRIC SOCKS &#038; MORE &#8211; ILLUSION"}]},{"@type":"WebSite","@id":"https:\/\/happyinaknit.com\/lt\/#website","url":"https:\/\/happyinaknit.com\/lt\/","name":"Happyinaknit.com","description":"","potentialAction":[{"@type":"SearchAction","target":{"@type":"EntryPoint","urlTemplate":"https:\/\/happyinaknit.com\/lt\/?s={search_term_string}"},"query-input":{"@type":"PropertyValueSpecification","valueRequired":true,"valueName":"search_term_string"}}],"inLanguage":"lt-LT"}]}},"_links":{"self":[{"href":"https:\/\/happyinaknit.com\/lt\/wp-json\/wp\/v2\/product\/4009","targetHints":{"allow":["GET"]}}],"collection":[{"href":"https:\/\/happyinaknit.com\/lt\/wp-json\/wp\/v2\/product"}],"about":[{"href":"https:\/\/happyinaknit.com\/lt\/wp-json\/wp\/v2\/types\/product"}],"replies":[{"embeddable":true,"href":"https:\/\/happyinaknit.com\/lt\/wp-json\/wp\/v2\/comments?post=4009"}],"wp:featuredmedia":[{"embeddable":true,"href":"https:\/\/happyinaknit.com\/lt\/wp-json\/wp\/v2\/media\/4006"}],"wp:attachment":[{"href":"https:\/\/happyinaknit.com\/lt\/wp-json\/wp\/v2\/media?parent=4009"}],"wp:term":[{"taxonomy":"product_brand","embeddable":true,"href":"https:\/\/happyinaknit.com\/lt\/wp-json\/wp\/v2\/product_brand?post=4009"},{"taxonomy":"product_cat","embeddable":true,"href":"https:\/\/happyinaknit.com\/lt\/wp-json\/wp\/v2\/product_cat?post=4009"},{"taxonomy":"product_tag","embeddable":true,"href":"https:\/\/happyinaknit.com\/lt\/wp-json\/wp\/v2\/product_tag?post=4009"},{"taxonomy":"pro-kategorijos","embeddable":true,"href":"https:\/\/happyinaknit.com\/lt\/wp-json\/wp\/v2\/pro-kategorijos?post=4009"}],"curies":[{"name":"wp","href":"https:\/\/api.w.org\/{rel}","templated":true}]}}