{"id":3997,"date":"2025-10-09T12:53:08","date_gmt":"2025-10-09T12:53:08","guid":{"rendered":"https:\/\/happyinaknit.com\/?post_type=product&#038;p=3997"},"modified":"2026-03-14T20:13:19","modified_gmt":"2026-03-14T20:13:19","slug":"concept-by-katia-symmetric-socks-more-degrade","status":"publish","type":"product","link":"https:\/\/happyinaknit.com\/lt\/produktas\/concept-by-katia-symmetric-socks-more-degrade\/","title":{"rendered":"Concept by Katia SYMMETRIC SOCKS &#038; MORE &#8211; DEGRAD\u00c9"},"content":{"rendered":"<p data-start=\"136\" data-end=\"424\"><strong data-start=\"136\" data-end=\"178\">Concept Degrad\u00e9 Symmetric Socks &amp; More<\/strong> \u2013 tai auk\u0161tos kokyb\u0117s si\u016blai, sukurti specialiai tiems, kurie vertina stili\u0173, spalv\u0173 darn\u0105 ir precizi\u0161k\u0105 gradiento efekt\u0105. D\u0117l ypatingos strukt\u016bros kiekvienas mezginys atrodo profesionaliai ir i\u0161skirtinai \u2013 nuo kojini\u0173 iki megztini\u0173 ar \u0161alik\u0173.<\/p>\n<p data-start=\"426\" data-end=\"547\">\u0160ie si\u016blai yra mink\u0161ti, \u0161ilti ir itin patvar\u016bs, o superwash vilna u\u017etikrina lengv\u0105 prie\u017ei\u016br\u0105 bei ilgaam\u017ei\u0161kum\u0105.<\/p>\n<p data-start=\"549\" data-end=\"847\"><strong data-start=\"549\" data-end=\"561\">Sud\u0117tis:<\/strong> 75 % vilna (superwash), 25 % poliamidas<br data-start=\"601\" data-end=\"604\" \/><strong data-start=\"604\" data-end=\"623\">Svoris \/ ilgis:<\/strong> 100 g \u2013 400 m<br data-start=\"637\" data-end=\"640\" \/><strong data-start=\"640\" data-end=\"666\">Tankumas: <\/strong>10 \u00d7 10 cm &#8211; \u00a030 akys \u00d7 42 eil\u0117s<br data-start=\"685\" data-end=\"688\" data-is-only-node=\"\" \/><strong data-start=\"688\" data-end=\"716\">Rekomenduojami virbalai:<\/strong> 2,5\u20133,0 mm<br data-start=\"727\" data-end=\"730\" \/><strong data-start=\"730\" data-end=\"741\">I\u0161eiga:<\/strong><br data-start=\"741\" data-end=\"744\" \/>\u2013 porai kojini\u0173 iki 44 dyd\u017eio pakanka 1 kamuoliuko (100 g)<br data-start=\"802\" data-end=\"805\" \/>\u2013 porai kojini\u0173 28\u201329 dyd\u017eio u\u017eteks 50 g<\/p>\n<p data-start=\"849\" data-end=\"917\"><strong data-start=\"849\" data-end=\"859\">Tinka:<\/strong> kojin\u0117ms, megztiniams, kepur\u0117ms, \u0161alikams, aksesuarams.<\/p>\n<p data-start=\"919\" data-end=\"1115\" data-is-last-node=\"\" data-is-only-node=\"\"><strong data-start=\"919\" data-end=\"933\">Prie\u017ei\u016bra:<\/strong> skalbti rankomis ne auk\u0161tesn\u0117je nei 30 \u00b0C temperat\u016broje, d\u017eiovinti patiesus horizontaliai.<\/p>\n<p data-start=\"919\" data-end=\"1115\" data-is-last-node=\"\" data-is-only-node=\"\"><br data-start=\"1024\" data-end=\"1027\" \/><strong data-start=\"1027\" data-end=\"1039\">Pastaba:<\/strong> spalv\u0173 atspalviai gali \u0161iek tiek skirtis priklausomai nuo \u012frenginio ekrano.<\/p>\n","protected":false},"excerpt":{"rendered":"<p>Concept Degrad\u00e9 Symmetric Socks &amp; More \u2013 tai auk\u0161tos kokyb\u0117s si\u016blai, sukurti specialiai tiems, kurie vertina stili\u0173, spalv\u0173 darn\u0105 ir precizi\u0161k\u0105 gradiento efekt\u0105. D\u0117l ypatingos strukt\u016bros kiekvienas mezginys atrodo profesionaliai ir i\u0161skirtinai \u2013 nuo kojini\u0173 iki megztini\u0173 ar \u0161alik\u0173. \u0160ie si\u016blai yra mink\u0161ti, \u0161ilti ir itin patvar\u016bs, o superwash vilna u\u017etikrina lengv\u0105 prie\u017ei\u016br\u0105 bei ilgaam\u017ei\u0161kum\u0105. [&hellip;]<\/p>\n","protected":false},"featured_media":3999,"comment_status":"open","ping_status":"closed","template":"","meta":{"_acf_changed":false},"product_brand":[69],"product_cat":[15,18,94],"product_tag":[],"pro-kategorijos":[56],"class_list":{"0":"post-3997","1":"product","2":"type-product","3":"status-publish","4":"has-post-thumbnail","6":"product_brand-concept-by-katia","7":"product_cat-visi-produktai","8":"product_cat-siulai","9":"product_cat-siulai-kojinems","10":"pro-kategorijos-vilna","12":"first","13":"instock","14":"shipping-taxable","15":"purchasable","16":"product-type-variable"},"acf":[],"yoast_head":"<!-- This site is optimized with the Yoast SEO plugin v26.8 - https:\/\/yoast.com\/product\/yoast-seo-wordpress\/ -->\n<title>Concept by Katia SYMMETRIC SOCKS &amp; MORE - DEGRAD\u00c9 - Happyinaknit.com<\/title>\n<meta name=\"robots\" content=\"index, follow, max-snippet:-1, max-image-preview:large, max-video-preview:-1\" \/>\n<link rel=\"canonical\" href=\"https:\/\/happyinaknit.com\/lt\/produktas\/concept-by-katia-symmetric-socks-more-degrade\/\" \/>\n<meta property=\"og:locale\" content=\"lt_LT\" \/>\n<meta property=\"og:type\" content=\"article\" \/>\n<meta property=\"og:title\" content=\"Concept by Katia SYMMETRIC SOCKS &amp; MORE - DEGRAD\u00c9 - Happyinaknit.com\" \/>\n<meta property=\"og:description\" content=\"Concept Degrad\u00e9 Symmetric Socks &amp; More \u2013 tai auk\u0161tos kokyb\u0117s si\u016blai, sukurti specialiai tiems, kurie vertina stili\u0173, spalv\u0173 darn\u0105 ir precizi\u0161k\u0105 gradiento efekt\u0105. D\u0117l ypatingos strukt\u016bros kiekvienas mezginys atrodo profesionaliai ir i\u0161skirtinai \u2013 nuo kojini\u0173 iki megztini\u0173 ar \u0161alik\u0173. \u0160ie si\u016blai yra mink\u0161ti, \u0161ilti ir itin patvar\u016bs, o superwash vilna u\u017etikrina lengv\u0105 prie\u017ei\u016br\u0105 bei ilgaam\u017ei\u0161kum\u0105. [&hellip;]\" \/>\n<meta property=\"og:url\" content=\"https:\/\/happyinaknit.com\/lt\/produktas\/concept-by-katia-symmetric-socks-more-degrade\/\" \/>\n<meta property=\"og:site_name\" content=\"Happyinaknit.com\" \/>\n<meta property=\"article:modified_time\" content=\"2026-03-14T20:13:19+00:00\" \/>\n<meta property=\"og:image\" content=\"https:\/\/happyinaknit.com\/wp-content\/uploads\/2025\/10\/IMG_8881.jpg\" \/>\n\t<meta property=\"og:image:width\" content=\"1320\" \/>\n\t<meta property=\"og:image:height\" content=\"1200\" \/>\n\t<meta property=\"og:image:type\" content=\"image\/jpeg\" \/>\n<meta name=\"twitter:card\" content=\"summary_large_image\" \/>\n<meta name=\"twitter:label1\" content=\"Est. reading time\" \/>\n\t<meta name=\"twitter:data1\" content=\"1 minut\u0117\" \/>\n<script type=\"application\/ld+json\" class=\"yoast-schema-graph\">{\"@context\":\"https:\/\/schema.org\",\"@graph\":[{\"@type\":\"WebPage\",\"@id\":\"https:\/\/happyinaknit.com\/produktas\/concept-by-katia-symmetric-socks-more-degrade\/\",\"url\":\"https:\/\/happyinaknit.com\/produktas\/concept-by-katia-symmetric-socks-more-degrade\/\",\"name\":\"Concept by Katia SYMMETRIC SOCKS & MORE - DEGRAD\u00c9 - Happyinaknit.com\",\"isPartOf\":{\"@id\":\"https:\/\/happyinaknit.com\/lt\/#website\"},\"primaryImageOfPage\":{\"@id\":\"https:\/\/happyinaknit.com\/produktas\/concept-by-katia-symmetric-socks-more-degrade\/#primaryimage\"},\"image\":{\"@id\":\"https:\/\/happyinaknit.com\/produktas\/concept-by-katia-symmetric-socks-more-degrade\/#primaryimage\"},\"thumbnailUrl\":\"https:\/\/happyinaknit.com\/wp-content\/uploads\/2025\/10\/IMG_8881.jpg\",\"datePublished\":\"2025-10-09T12:53:08+00:00\",\"dateModified\":\"2026-03-14T20:13:19+00:00\",\"breadcrumb\":{\"@id\":\"https:\/\/happyinaknit.com\/produktas\/concept-by-katia-symmetric-socks-more-degrade\/#breadcrumb\"},\"inLanguage\":\"lt-LT\",\"potentialAction\":[{\"@type\":\"ReadAction\",\"target\":[\"https:\/\/happyinaknit.com\/produktas\/concept-by-katia-symmetric-socks-more-degrade\/\"]}]},{\"@type\":\"ImageObject\",\"inLanguage\":\"lt-LT\",\"@id\":\"https:\/\/happyinaknit.com\/produktas\/concept-by-katia-symmetric-socks-more-degrade\/#primaryimage\",\"url\":\"https:\/\/happyinaknit.com\/wp-content\/uploads\/2025\/10\/IMG_8881.jpg\",\"contentUrl\":\"https:\/\/happyinaknit.com\/wp-content\/uploads\/2025\/10\/IMG_8881.jpg\",\"width\":1320,\"height\":1200},{\"@type\":\"BreadcrumbList\",\"@id\":\"https:\/\/happyinaknit.com\/produktas\/concept-by-katia-symmetric-socks-more-degrade\/#breadcrumb\",\"itemListElement\":[{\"@type\":\"ListItem\",\"position\":1,\"name\":\"Home\",\"item\":\"https:\/\/happyinaknit.com\/lt\/\"},{\"@type\":\"ListItem\",\"position\":2,\"name\":\"Parduotuv\u0117\",\"item\":\"https:\/\/happyinaknit.com\/lt\/parduotuve\/\"},{\"@type\":\"ListItem\",\"position\":3,\"name\":\"Concept by Katia SYMMETRIC SOCKS &#038; MORE &#8211; DEGRAD\u00c9\"}]},{\"@type\":\"WebSite\",\"@id\":\"https:\/\/happyinaknit.com\/lt\/#website\",\"url\":\"https:\/\/happyinaknit.com\/lt\/\",\"name\":\"Happyinaknit.com\",\"description\":\"\",\"potentialAction\":[{\"@type\":\"SearchAction\",\"target\":{\"@type\":\"EntryPoint\",\"urlTemplate\":\"https:\/\/happyinaknit.com\/lt\/?s={search_term_string}\"},\"query-input\":{\"@type\":\"PropertyValueSpecification\",\"valueRequired\":true,\"valueName\":\"search_term_string\"}}],\"inLanguage\":\"lt-LT\"}]}<\/script>\n<!-- \/ Yoast SEO plugin. -->","yoast_head_json":{"title":"Concept by Katia SYMMETRIC SOCKS & MORE - DEGRAD\u00c9 - Happyinaknit.com","robots":{"index":"index","follow":"follow","max-snippet":"max-snippet:-1","max-image-preview":"max-image-preview:large","max-video-preview":"max-video-preview:-1"},"canonical":"https:\/\/happyinaknit.com\/lt\/produktas\/concept-by-katia-symmetric-socks-more-degrade\/","og_locale":"lt_LT","og_type":"article","og_title":"Concept by Katia SYMMETRIC SOCKS & MORE - DEGRAD\u00c9 - Happyinaknit.com","og_description":"Concept Degrad\u00e9 Symmetric Socks &amp; More \u2013 tai auk\u0161tos kokyb\u0117s si\u016blai, sukurti specialiai tiems, kurie vertina stili\u0173, spalv\u0173 darn\u0105 ir precizi\u0161k\u0105 gradiento efekt\u0105. D\u0117l ypatingos strukt\u016bros kiekvienas mezginys atrodo profesionaliai ir i\u0161skirtinai \u2013 nuo kojini\u0173 iki megztini\u0173 ar \u0161alik\u0173. \u0160ie si\u016blai yra mink\u0161ti, \u0161ilti ir itin patvar\u016bs, o superwash vilna u\u017etikrina lengv\u0105 prie\u017ei\u016br\u0105 bei ilgaam\u017ei\u0161kum\u0105. [&hellip;]","og_url":"https:\/\/happyinaknit.com\/lt\/produktas\/concept-by-katia-symmetric-socks-more-degrade\/","og_site_name":"Happyinaknit.com","article_modified_time":"2026-03-14T20:13:19+00:00","og_image":[{"width":1320,"height":1200,"url":"https:\/\/happyinaknit.com\/wp-content\/uploads\/2025\/10\/IMG_8881.jpg","type":"image\/jpeg"}],"twitter_card":"summary_large_image","twitter_misc":{"Est. reading time":"1 minut\u0117"},"schema":{"@context":"https:\/\/schema.org","@graph":[{"@type":"WebPage","@id":"https:\/\/happyinaknit.com\/produktas\/concept-by-katia-symmetric-socks-more-degrade\/","url":"https:\/\/happyinaknit.com\/produktas\/concept-by-katia-symmetric-socks-more-degrade\/","name":"Concept by Katia SYMMETRIC SOCKS & MORE - DEGRAD\u00c9 - Happyinaknit.com","isPartOf":{"@id":"https:\/\/happyinaknit.com\/lt\/#website"},"primaryImageOfPage":{"@id":"https:\/\/happyinaknit.com\/produktas\/concept-by-katia-symmetric-socks-more-degrade\/#primaryimage"},"image":{"@id":"https:\/\/happyinaknit.com\/produktas\/concept-by-katia-symmetric-socks-more-degrade\/#primaryimage"},"thumbnailUrl":"https:\/\/happyinaknit.com\/wp-content\/uploads\/2025\/10\/IMG_8881.jpg","datePublished":"2025-10-09T12:53:08+00:00","dateModified":"2026-03-14T20:13:19+00:00","breadcrumb":{"@id":"https:\/\/happyinaknit.com\/produktas\/concept-by-katia-symmetric-socks-more-degrade\/#breadcrumb"},"inLanguage":"lt-LT","potentialAction":[{"@type":"ReadAction","target":["https:\/\/happyinaknit.com\/produktas\/concept-by-katia-symmetric-socks-more-degrade\/"]}]},{"@type":"ImageObject","inLanguage":"lt-LT","@id":"https:\/\/happyinaknit.com\/produktas\/concept-by-katia-symmetric-socks-more-degrade\/#primaryimage","url":"https:\/\/happyinaknit.com\/wp-content\/uploads\/2025\/10\/IMG_8881.jpg","contentUrl":"https:\/\/happyinaknit.com\/wp-content\/uploads\/2025\/10\/IMG_8881.jpg","width":1320,"height":1200},{"@type":"BreadcrumbList","@id":"https:\/\/happyinaknit.com\/produktas\/concept-by-katia-symmetric-socks-more-degrade\/#breadcrumb","itemListElement":[{"@type":"ListItem","position":1,"name":"Home","item":"https:\/\/happyinaknit.com\/lt\/"},{"@type":"ListItem","position":2,"name":"Parduotuv\u0117","item":"https:\/\/happyinaknit.com\/lt\/parduotuve\/"},{"@type":"ListItem","position":3,"name":"Concept by Katia SYMMETRIC SOCKS &#038; MORE &#8211; DEGRAD\u00c9"}]},{"@type":"WebSite","@id":"https:\/\/happyinaknit.com\/lt\/#website","url":"https:\/\/happyinaknit.com\/lt\/","name":"Happyinaknit.com","description":"","potentialAction":[{"@type":"SearchAction","target":{"@type":"EntryPoint","urlTemplate":"https:\/\/happyinaknit.com\/lt\/?s={search_term_string}"},"query-input":{"@type":"PropertyValueSpecification","valueRequired":true,"valueName":"search_term_string"}}],"inLanguage":"lt-LT"}]}},"_links":{"self":[{"href":"https:\/\/happyinaknit.com\/lt\/wp-json\/wp\/v2\/product\/3997","targetHints":{"allow":["GET"]}}],"collection":[{"href":"https:\/\/happyinaknit.com\/lt\/wp-json\/wp\/v2\/product"}],"about":[{"href":"https:\/\/happyinaknit.com\/lt\/wp-json\/wp\/v2\/types\/product"}],"replies":[{"embeddable":true,"href":"https:\/\/happyinaknit.com\/lt\/wp-json\/wp\/v2\/comments?post=3997"}],"wp:featuredmedia":[{"embeddable":true,"href":"https:\/\/happyinaknit.com\/lt\/wp-json\/wp\/v2\/media\/3999"}],"wp:attachment":[{"href":"https:\/\/happyinaknit.com\/lt\/wp-json\/wp\/v2\/media?parent=3997"}],"wp:term":[{"taxonomy":"product_brand","embeddable":true,"href":"https:\/\/happyinaknit.com\/lt\/wp-json\/wp\/v2\/product_brand?post=3997"},{"taxonomy":"product_cat","embeddable":true,"href":"https:\/\/happyinaknit.com\/lt\/wp-json\/wp\/v2\/product_cat?post=3997"},{"taxonomy":"product_tag","embeddable":true,"href":"https:\/\/happyinaknit.com\/lt\/wp-json\/wp\/v2\/product_tag?post=3997"},{"taxonomy":"pro-kategorijos","embeddable":true,"href":"https:\/\/happyinaknit.com\/lt\/wp-json\/wp\/v2\/pro-kategorijos?post=3997"}],"curies":[{"name":"wp","href":"https:\/\/api.w.org\/{rel}","templated":true}]}}