{"id":3967,"date":"2025-10-09T10:46:14","date_gmt":"2025-10-09T10:46:14","guid":{"rendered":"https:\/\/happyinaknit.com\/?post_type=product&#038;p=3967"},"modified":"2026-02-16T19:04:36","modified_gmt":"2026-02-16T19:04:36","slug":"rico-design-superba-twirl-4-ply","status":"publish","type":"product","link":"https:\/\/happyinaknit.com\/lt\/produktas\/rico-design-superba-twirl-4-ply\/","title":{"rendered":"Rico Design Superba Twirl 4-ply"},"content":{"rendered":"<p data-start=\"69\" data-end=\"325\">Superba Twirl 4-ply\u00a0\u2013 tai auk\u0161tos kokyb\u0117s 4 sluoksni\u0173 (4-ply) kojini\u0173 si\u016blai, i\u0161siskiriantys \u0161velniais, tekan\u010diais spalv\u0173 per\u0117jimais. Kiekviena pora kojini\u0173 \u2013 unikali, nes abi kojin\u0117s tur\u0117s skirtingus, subtiliai besikei\u010dian\u010dius atspalvius.<\/p>\n<p data-start=\"327\" data-end=\"543\">\u0160ie si\u016blai pagaminti i\u0161 merino vilnos su poliamido priemai\u0161a \u2013 derinys, kuris suteikia \u0161ilum\u0105, \u0161velnum\u0105 ir patvarum\u0105. Puikiai tinka ne tik kojini\u0173 mezgimui, bet ir pir\u0161tin\u0117ms, \u0161alikams bei kepur\u0117ms.<\/p>\n<p data-start=\"545\" data-end=\"786\"><strong data-start=\"545\" data-end=\"557\">Sud\u0117tis:<\/strong> 75 % merino vilna, 25 % poliamidas<br data-start=\"592\" data-end=\"595\" \/><strong data-start=\"595\" data-end=\"606\">Svoris\/ilgis:<\/strong> 100 g &#8211; 390 m<br data-start=\"631\" data-end=\"634\" data-is-only-node=\"\" \/><strong data-start=\"634\" data-end=\"660\">Tankumas: <\/strong>10 \u00d7 10 cm &#8211; \u00a040 akys \u00d7 42 eil\u0117s<br data-start=\"679\" data-end=\"682\" \/><strong data-start=\"682\" data-end=\"710\">Rekomenduojami virbalai:<\/strong> 2\u20133 mm<br data-start=\"717\" data-end=\"720\" \/><strong data-start=\"720\" data-end=\"731\">I\u0161eiga:<\/strong> vieno kamuoliuko pakanka porai kojini\u0173 iki 46 dyd\u017eio<\/p>\n<p data-start=\"788\" data-end=\"842\"><strong data-start=\"788\" data-end=\"798\">Tinka:<\/strong> kojin\u0117ms, kepur\u0117ms, pir\u0161tin\u0117ms, \u0161alikams.<\/p>\n<p data-start=\"844\" data-end=\"1040\" data-is-last-node=\"\" data-is-only-node=\"\"><strong data-start=\"844\" data-end=\"858\">Prie\u017ei\u016bra:<\/strong> skalbti rankomis ne auk\u0161tesn\u0117je nei 30 \u00b0C temperat\u016broje, d\u017eiovinti patiesus horizontaliai.<\/p>\n<p data-start=\"844\" data-end=\"1040\" data-is-last-node=\"\" data-is-only-node=\"\"><br data-start=\"949\" data-end=\"952\" \/><strong data-start=\"952\" data-end=\"964\">Pastaba:<\/strong> spalv\u0173 atspalviai gali \u0161iek tiek skirtis priklausomai nuo \u012frenginio ekrano.<\/p>\n","protected":false},"excerpt":{"rendered":"<p>Superba Twirl 4-ply\u00a0\u2013 tai auk\u0161tos kokyb\u0117s 4 sluoksni\u0173 (4-ply) kojini\u0173 si\u016blai, i\u0161siskiriantys \u0161velniais, tekan\u010diais spalv\u0173 per\u0117jimais. Kiekviena pora kojini\u0173 \u2013 unikali, nes abi kojin\u0117s tur\u0117s skirtingus, subtiliai besikei\u010dian\u010dius atspalvius. \u0160ie si\u016blai pagaminti i\u0161 merino vilnos su poliamido priemai\u0161a \u2013 derinys, kuris suteikia \u0161ilum\u0105, \u0161velnum\u0105 ir patvarum\u0105. Puikiai tinka ne tik kojini\u0173 mezgimui, bet ir pir\u0161tin\u0117ms, [&hellip;]<\/p>\n","protected":false},"featured_media":3982,"comment_status":"open","ping_status":"closed","template":"","meta":{"_acf_changed":false},"product_brand":[68],"product_cat":[15,18,94],"product_tag":[],"pro-kategorijos":[71],"class_list":{"0":"post-3967","1":"product","2":"type-product","3":"status-publish","4":"has-post-thumbnail","6":"product_brand-rico-design","7":"product_cat-visi-produktai","8":"product_cat-siulai","9":"product_cat-siulai-kojinems","10":"pro-kategorijos-merino-vilna","12":"first","13":"instock","14":"shipping-taxable","15":"purchasable","16":"product-type-variable"},"acf":[],"yoast_head":"<!-- This site is optimized with the Yoast SEO plugin v26.8 - https:\/\/yoast.com\/product\/yoast-seo-wordpress\/ -->\n<title>Rico Design Superba Twirl 4-ply - Happyinaknit.com<\/title>\n<meta name=\"robots\" content=\"index, follow, max-snippet:-1, max-image-preview:large, max-video-preview:-1\" \/>\n<link rel=\"canonical\" href=\"https:\/\/happyinaknit.com\/lt\/produktas\/rico-design-superba-twirl-4-ply\/\" \/>\n<meta property=\"og:locale\" content=\"lt_LT\" \/>\n<meta property=\"og:type\" content=\"article\" \/>\n<meta property=\"og:title\" content=\"Rico Design Superba Twirl 4-ply - Happyinaknit.com\" \/>\n<meta property=\"og:description\" content=\"Superba Twirl 4-ply\u00a0\u2013 tai auk\u0161tos kokyb\u0117s 4 sluoksni\u0173 (4-ply) kojini\u0173 si\u016blai, i\u0161siskiriantys \u0161velniais, tekan\u010diais spalv\u0173 per\u0117jimais. Kiekviena pora kojini\u0173 \u2013 unikali, nes abi kojin\u0117s tur\u0117s skirtingus, subtiliai besikei\u010dian\u010dius atspalvius. \u0160ie si\u016blai pagaminti i\u0161 merino vilnos su poliamido priemai\u0161a \u2013 derinys, kuris suteikia \u0161ilum\u0105, \u0161velnum\u0105 ir patvarum\u0105. Puikiai tinka ne tik kojini\u0173 mezgimui, bet ir pir\u0161tin\u0117ms, [&hellip;]\" \/>\n<meta property=\"og:url\" content=\"https:\/\/happyinaknit.com\/lt\/produktas\/rico-design-superba-twirl-4-ply\/\" \/>\n<meta property=\"og:site_name\" content=\"Happyinaknit.com\" \/>\n<meta property=\"article:modified_time\" content=\"2026-02-16T19:04:36+00:00\" \/>\n<meta property=\"og:image\" content=\"https:\/\/happyinaknit.com\/wp-content\/uploads\/2025\/10\/IMG_8854.jpg\" \/>\n\t<meta property=\"og:image:width\" content=\"1289\" \/>\n\t<meta property=\"og:image:height\" content=\"1929\" \/>\n\t<meta property=\"og:image:type\" content=\"image\/jpeg\" \/>\n<meta name=\"twitter:card\" content=\"summary_large_image\" \/>\n<meta name=\"twitter:label1\" content=\"Est. reading time\" \/>\n\t<meta name=\"twitter:data1\" content=\"1 minut\u0117\" \/>\n<script type=\"application\/ld+json\" class=\"yoast-schema-graph\">{\"@context\":\"https:\/\/schema.org\",\"@graph\":[{\"@type\":\"WebPage\",\"@id\":\"https:\/\/happyinaknit.com\/produktas\/rico-design-superba-twirl-4-ply\/\",\"url\":\"https:\/\/happyinaknit.com\/produktas\/rico-design-superba-twirl-4-ply\/\",\"name\":\"Rico Design Superba Twirl 4-ply - Happyinaknit.com\",\"isPartOf\":{\"@id\":\"https:\/\/happyinaknit.com\/lt\/#website\"},\"primaryImageOfPage\":{\"@id\":\"https:\/\/happyinaknit.com\/produktas\/rico-design-superba-twirl-4-ply\/#primaryimage\"},\"image\":{\"@id\":\"https:\/\/happyinaknit.com\/produktas\/rico-design-superba-twirl-4-ply\/#primaryimage\"},\"thumbnailUrl\":\"https:\/\/happyinaknit.com\/wp-content\/uploads\/2025\/10\/IMG_8854.jpg\",\"datePublished\":\"2025-10-09T10:46:14+00:00\",\"dateModified\":\"2026-02-16T19:04:36+00:00\",\"breadcrumb\":{\"@id\":\"https:\/\/happyinaknit.com\/produktas\/rico-design-superba-twirl-4-ply\/#breadcrumb\"},\"inLanguage\":\"lt-LT\",\"potentialAction\":[{\"@type\":\"ReadAction\",\"target\":[\"https:\/\/happyinaknit.com\/produktas\/rico-design-superba-twirl-4-ply\/\"]}]},{\"@type\":\"ImageObject\",\"inLanguage\":\"lt-LT\",\"@id\":\"https:\/\/happyinaknit.com\/produktas\/rico-design-superba-twirl-4-ply\/#primaryimage\",\"url\":\"https:\/\/happyinaknit.com\/wp-content\/uploads\/2025\/10\/IMG_8854.jpg\",\"contentUrl\":\"https:\/\/happyinaknit.com\/wp-content\/uploads\/2025\/10\/IMG_8854.jpg\",\"width\":1289,\"height\":1929},{\"@type\":\"BreadcrumbList\",\"@id\":\"https:\/\/happyinaknit.com\/produktas\/rico-design-superba-twirl-4-ply\/#breadcrumb\",\"itemListElement\":[{\"@type\":\"ListItem\",\"position\":1,\"name\":\"Home\",\"item\":\"https:\/\/happyinaknit.com\/lt\/\"},{\"@type\":\"ListItem\",\"position\":2,\"name\":\"Parduotuv\u0117\",\"item\":\"https:\/\/happyinaknit.com\/lt\/parduotuve\/\"},{\"@type\":\"ListItem\",\"position\":3,\"name\":\"Rico Design Superba Twirl 4-ply\"}]},{\"@type\":\"WebSite\",\"@id\":\"https:\/\/happyinaknit.com\/lt\/#website\",\"url\":\"https:\/\/happyinaknit.com\/lt\/\",\"name\":\"Happyinaknit.com\",\"description\":\"\",\"potentialAction\":[{\"@type\":\"SearchAction\",\"target\":{\"@type\":\"EntryPoint\",\"urlTemplate\":\"https:\/\/happyinaknit.com\/lt\/?s={search_term_string}\"},\"query-input\":{\"@type\":\"PropertyValueSpecification\",\"valueRequired\":true,\"valueName\":\"search_term_string\"}}],\"inLanguage\":\"lt-LT\"}]}<\/script>\n<!-- \/ Yoast SEO plugin. -->","yoast_head_json":{"title":"Rico Design Superba Twirl 4-ply - Happyinaknit.com","robots":{"index":"index","follow":"follow","max-snippet":"max-snippet:-1","max-image-preview":"max-image-preview:large","max-video-preview":"max-video-preview:-1"},"canonical":"https:\/\/happyinaknit.com\/lt\/produktas\/rico-design-superba-twirl-4-ply\/","og_locale":"lt_LT","og_type":"article","og_title":"Rico Design Superba Twirl 4-ply - Happyinaknit.com","og_description":"Superba Twirl 4-ply\u00a0\u2013 tai auk\u0161tos kokyb\u0117s 4 sluoksni\u0173 (4-ply) kojini\u0173 si\u016blai, i\u0161siskiriantys \u0161velniais, tekan\u010diais spalv\u0173 per\u0117jimais. Kiekviena pora kojini\u0173 \u2013 unikali, nes abi kojin\u0117s tur\u0117s skirtingus, subtiliai besikei\u010dian\u010dius atspalvius. \u0160ie si\u016blai pagaminti i\u0161 merino vilnos su poliamido priemai\u0161a \u2013 derinys, kuris suteikia \u0161ilum\u0105, \u0161velnum\u0105 ir patvarum\u0105. Puikiai tinka ne tik kojini\u0173 mezgimui, bet ir pir\u0161tin\u0117ms, [&hellip;]","og_url":"https:\/\/happyinaknit.com\/lt\/produktas\/rico-design-superba-twirl-4-ply\/","og_site_name":"Happyinaknit.com","article_modified_time":"2026-02-16T19:04:36+00:00","og_image":[{"width":1289,"height":1929,"url":"https:\/\/happyinaknit.com\/wp-content\/uploads\/2025\/10\/IMG_8854.jpg","type":"image\/jpeg"}],"twitter_card":"summary_large_image","twitter_misc":{"Est. reading time":"1 minut\u0117"},"schema":{"@context":"https:\/\/schema.org","@graph":[{"@type":"WebPage","@id":"https:\/\/happyinaknit.com\/produktas\/rico-design-superba-twirl-4-ply\/","url":"https:\/\/happyinaknit.com\/produktas\/rico-design-superba-twirl-4-ply\/","name":"Rico Design Superba Twirl 4-ply - Happyinaknit.com","isPartOf":{"@id":"https:\/\/happyinaknit.com\/lt\/#website"},"primaryImageOfPage":{"@id":"https:\/\/happyinaknit.com\/produktas\/rico-design-superba-twirl-4-ply\/#primaryimage"},"image":{"@id":"https:\/\/happyinaknit.com\/produktas\/rico-design-superba-twirl-4-ply\/#primaryimage"},"thumbnailUrl":"https:\/\/happyinaknit.com\/wp-content\/uploads\/2025\/10\/IMG_8854.jpg","datePublished":"2025-10-09T10:46:14+00:00","dateModified":"2026-02-16T19:04:36+00:00","breadcrumb":{"@id":"https:\/\/happyinaknit.com\/produktas\/rico-design-superba-twirl-4-ply\/#breadcrumb"},"inLanguage":"lt-LT","potentialAction":[{"@type":"ReadAction","target":["https:\/\/happyinaknit.com\/produktas\/rico-design-superba-twirl-4-ply\/"]}]},{"@type":"ImageObject","inLanguage":"lt-LT","@id":"https:\/\/happyinaknit.com\/produktas\/rico-design-superba-twirl-4-ply\/#primaryimage","url":"https:\/\/happyinaknit.com\/wp-content\/uploads\/2025\/10\/IMG_8854.jpg","contentUrl":"https:\/\/happyinaknit.com\/wp-content\/uploads\/2025\/10\/IMG_8854.jpg","width":1289,"height":1929},{"@type":"BreadcrumbList","@id":"https:\/\/happyinaknit.com\/produktas\/rico-design-superba-twirl-4-ply\/#breadcrumb","itemListElement":[{"@type":"ListItem","position":1,"name":"Home","item":"https:\/\/happyinaknit.com\/lt\/"},{"@type":"ListItem","position":2,"name":"Parduotuv\u0117","item":"https:\/\/happyinaknit.com\/lt\/parduotuve\/"},{"@type":"ListItem","position":3,"name":"Rico Design Superba Twirl 4-ply"}]},{"@type":"WebSite","@id":"https:\/\/happyinaknit.com\/lt\/#website","url":"https:\/\/happyinaknit.com\/lt\/","name":"Happyinaknit.com","description":"","potentialAction":[{"@type":"SearchAction","target":{"@type":"EntryPoint","urlTemplate":"https:\/\/happyinaknit.com\/lt\/?s={search_term_string}"},"query-input":{"@type":"PropertyValueSpecification","valueRequired":true,"valueName":"search_term_string"}}],"inLanguage":"lt-LT"}]}},"_links":{"self":[{"href":"https:\/\/happyinaknit.com\/lt\/wp-json\/wp\/v2\/product\/3967","targetHints":{"allow":["GET"]}}],"collection":[{"href":"https:\/\/happyinaknit.com\/lt\/wp-json\/wp\/v2\/product"}],"about":[{"href":"https:\/\/happyinaknit.com\/lt\/wp-json\/wp\/v2\/types\/product"}],"replies":[{"embeddable":true,"href":"https:\/\/happyinaknit.com\/lt\/wp-json\/wp\/v2\/comments?post=3967"}],"wp:featuredmedia":[{"embeddable":true,"href":"https:\/\/happyinaknit.com\/lt\/wp-json\/wp\/v2\/media\/3982"}],"wp:attachment":[{"href":"https:\/\/happyinaknit.com\/lt\/wp-json\/wp\/v2\/media?parent=3967"}],"wp:term":[{"taxonomy":"product_brand","embeddable":true,"href":"https:\/\/happyinaknit.com\/lt\/wp-json\/wp\/v2\/product_brand?post=3967"},{"taxonomy":"product_cat","embeddable":true,"href":"https:\/\/happyinaknit.com\/lt\/wp-json\/wp\/v2\/product_cat?post=3967"},{"taxonomy":"product_tag","embeddable":true,"href":"https:\/\/happyinaknit.com\/lt\/wp-json\/wp\/v2\/product_tag?post=3967"},{"taxonomy":"pro-kategorijos","embeddable":true,"href":"https:\/\/happyinaknit.com\/lt\/wp-json\/wp\/v2\/pro-kategorijos?post=3967"}],"curies":[{"name":"wp","href":"https:\/\/api.w.org\/{rel}","templated":true}]}}