{"id":3940,"date":"2025-10-09T09:40:37","date_gmt":"2025-10-09T09:40:37","guid":{"rendered":"https:\/\/happyinaknit.com\/?post_type=product&#038;p=3940"},"modified":"2026-03-26T14:33:28","modified_gmt":"2026-03-26T14:33:28","slug":"rico-design-superba-alpaca-luxury-socks","status":"publish","type":"product","link":"https:\/\/happyinaknit.com\/lt\/produktas\/rico-design-superba-alpaca-luxury-socks\/","title":{"rendered":"Rico Design superba Alpaca Luxury Socks"},"content":{"rendered":"<p data-start=\"86\" data-end=\"358\"><strong data-start=\"86\" data-end=\"117\">Superba Alpaca Luxury Socks<\/strong> \u2013 tai auk\u0161tos kokyb\u0117s kojini\u0173 si\u016blai, pagaminti i\u0161 grynos vilnos mi\u0161inio su alpaka. \u0160i sud\u0117tis suteikia si\u016blams i\u0161skirtin\u012f \u0161velnum\u0105, \u0161ilum\u0105 ir elastingum\u0105, tod\u0117l j\u016bs\u0173 rank\u0173 darbo kojin\u0117s bus ne tik patogios, bet ir itin malonios odai.<\/p>\n<p data-start=\"360\" data-end=\"489\">Si\u016blai puikiai tinka ne tik kojini\u0173 mezgimui, bet ir pir\u0161tin\u0117ms, kepur\u0117ms ar \u0161alikams, kai norisi \u0161ilumos ir mink\u0161tumo.<\/p>\n<p data-start=\"491\" data-end=\"692\"><strong data-start=\"491\" data-end=\"503\">Sud\u0117tis:<\/strong> 62 % vilna, 23 % poliamidas, 15 % alpaka<br data-start=\"544\" data-end=\"547\" \/><strong data-start=\"547\" data-end=\"558\">Svoris\/ilgis: :<\/strong> 100 g &#8211; 310 m<br data-start=\"583\" data-end=\"586\" data-is-only-node=\"\" \/><strong data-start=\"586\" data-end=\"614\">Rekomenduojami virbalai:<\/strong> 2,5\u20133 mm<br data-start=\"623\" data-end=\"626\" \/><strong data-start=\"626\" data-end=\"637\">I\u0161eiga:<\/strong> vieno kamuoliuko pakanka porai kojini\u0173 iki 46 dyd\u017eio<\/p>\n<p data-start=\"694\" data-end=\"748\"><strong data-start=\"694\" data-end=\"704\">Tinka:<\/strong> kojin\u0117ms, kepur\u0117ms, pir\u0161tin\u0117ms, \u0161alikams.<\/p>\n<p data-start=\"750\" data-end=\"946\" data-is-last-node=\"\" data-is-only-node=\"\"><strong data-start=\"750\" data-end=\"764\">Prie\u017ei\u016bra:<\/strong> skalbti rankomis ne auk\u0161tesn\u0117je nei 30 \u00b0C temperat\u016broje, d\u017eiovinti patiesus horizontaliai.<\/p>\n<p data-start=\"750\" data-end=\"946\" data-is-last-node=\"\" data-is-only-node=\"\"><br data-start=\"855\" data-end=\"858\" \/><strong data-start=\"858\" data-end=\"870\">Pastaba:<\/strong> spalv\u0173 atspalviai gali \u0161iek tiek skirtis priklausomai nuo \u012frenginio ekrano.<\/p>\n","protected":false},"excerpt":{"rendered":"<p>Superba Alpaca Luxury Socks \u2013 tai auk\u0161tos kokyb\u0117s kojini\u0173 si\u016blai, pagaminti i\u0161 grynos vilnos mi\u0161inio su alpaka. \u0160i sud\u0117tis suteikia si\u016blams i\u0161skirtin\u012f \u0161velnum\u0105, \u0161ilum\u0105 ir elastingum\u0105, tod\u0117l j\u016bs\u0173 rank\u0173 darbo kojin\u0117s bus ne tik patogios, bet ir itin malonios odai. Si\u016blai puikiai tinka ne tik kojini\u0173 mezgimui, bet ir pir\u0161tin\u0117ms, kepur\u0117ms ar \u0161alikams, kai norisi [&hellip;]<\/p>\n","protected":false},"featured_media":3942,"comment_status":"open","ping_status":"closed","template":"","meta":{"_acf_changed":false},"product_brand":[68],"product_cat":[15,18,94],"product_tag":[],"pro-kategorijos":[54,56],"class_list":{"0":"post-3940","1":"product","2":"type-product","3":"status-publish","4":"has-post-thumbnail","6":"product_brand-rico-design","7":"product_cat-visi-produktai","8":"product_cat-siulai","9":"product_cat-siulai-kojinems","10":"pro-kategorijos-alpaka","11":"pro-kategorijos-vilna","13":"first","14":"instock","15":"shipping-taxable","16":"purchasable","17":"product-type-variable"},"acf":[],"yoast_head":"<!-- This site is optimized with the Yoast SEO plugin v26.8 - https:\/\/yoast.com\/product\/yoast-seo-wordpress\/ -->\n<title>Rico Design superba Alpaca Luxury Socks - Happyinaknit.com<\/title>\n<meta name=\"robots\" content=\"index, follow, max-snippet:-1, max-image-preview:large, max-video-preview:-1\" \/>\n<link rel=\"canonical\" href=\"https:\/\/happyinaknit.com\/lt\/produktas\/rico-design-superba-alpaca-luxury-socks\/\" \/>\n<meta property=\"og:locale\" content=\"lt_LT\" \/>\n<meta property=\"og:type\" content=\"article\" \/>\n<meta property=\"og:title\" content=\"Rico Design superba Alpaca Luxury Socks - Happyinaknit.com\" \/>\n<meta property=\"og:description\" content=\"Superba Alpaca Luxury Socks \u2013 tai auk\u0161tos kokyb\u0117s kojini\u0173 si\u016blai, pagaminti i\u0161 grynos vilnos mi\u0161inio su alpaka. \u0160i sud\u0117tis suteikia si\u016blams i\u0161skirtin\u012f \u0161velnum\u0105, \u0161ilum\u0105 ir elastingum\u0105, tod\u0117l j\u016bs\u0173 rank\u0173 darbo kojin\u0117s bus ne tik patogios, bet ir itin malonios odai. Si\u016blai puikiai tinka ne tik kojini\u0173 mezgimui, bet ir pir\u0161tin\u0117ms, kepur\u0117ms ar \u0161alikams, kai norisi [&hellip;]\" \/>\n<meta property=\"og:url\" content=\"https:\/\/happyinaknit.com\/lt\/produktas\/rico-design-superba-alpaca-luxury-socks\/\" \/>\n<meta property=\"og:site_name\" content=\"Happyinaknit.com\" \/>\n<meta property=\"article:modified_time\" content=\"2026-03-26T14:33:28+00:00\" \/>\n<meta property=\"og:image\" content=\"https:\/\/happyinaknit.com\/wp-content\/uploads\/2025\/10\/\u0421\u043d\u0438\u043c\u043e\u043a-\u044d\u043a\u0440\u0430\u043d\u0430-2025-10-09-\u0432-12.38.54.png\" \/>\n\t<meta property=\"og:image:width\" content=\"1088\" \/>\n\t<meta property=\"og:image:height\" content=\"1012\" \/>\n\t<meta property=\"og:image:type\" content=\"image\/png\" \/>\n<meta name=\"twitter:card\" content=\"summary_large_image\" \/>\n<meta name=\"twitter:label1\" content=\"Est. reading time\" \/>\n\t<meta name=\"twitter:data1\" content=\"1 minut\u0117\" \/>\n<script type=\"application\/ld+json\" class=\"yoast-schema-graph\">{\"@context\":\"https:\/\/schema.org\",\"@graph\":[{\"@type\":\"WebPage\",\"@id\":\"https:\/\/happyinaknit.com\/produktas\/rico-design-superba-alpaca-luxury-socks\/\",\"url\":\"https:\/\/happyinaknit.com\/produktas\/rico-design-superba-alpaca-luxury-socks\/\",\"name\":\"Rico Design superba Alpaca Luxury Socks - Happyinaknit.com\",\"isPartOf\":{\"@id\":\"https:\/\/happyinaknit.com\/lt\/#website\"},\"primaryImageOfPage\":{\"@id\":\"https:\/\/happyinaknit.com\/produktas\/rico-design-superba-alpaca-luxury-socks\/#primaryimage\"},\"image\":{\"@id\":\"https:\/\/happyinaknit.com\/produktas\/rico-design-superba-alpaca-luxury-socks\/#primaryimage\"},\"thumbnailUrl\":\"https:\/\/happyinaknit.com\/wp-content\/uploads\/2025\/10\/\u0421\u043d\u0438\u043c\u043e\u043a-\u044d\u043a\u0440\u0430\u043d\u0430-2025-10-09-\u0432-12.38.54.png\",\"datePublished\":\"2025-10-09T09:40:37+00:00\",\"dateModified\":\"2026-03-26T14:33:28+00:00\",\"breadcrumb\":{\"@id\":\"https:\/\/happyinaknit.com\/produktas\/rico-design-superba-alpaca-luxury-socks\/#breadcrumb\"},\"inLanguage\":\"lt-LT\",\"potentialAction\":[{\"@type\":\"ReadAction\",\"target\":[\"https:\/\/happyinaknit.com\/produktas\/rico-design-superba-alpaca-luxury-socks\/\"]}]},{\"@type\":\"ImageObject\",\"inLanguage\":\"lt-LT\",\"@id\":\"https:\/\/happyinaknit.com\/produktas\/rico-design-superba-alpaca-luxury-socks\/#primaryimage\",\"url\":\"https:\/\/happyinaknit.com\/wp-content\/uploads\/2025\/10\/\u0421\u043d\u0438\u043c\u043e\u043a-\u044d\u043a\u0440\u0430\u043d\u0430-2025-10-09-\u0432-12.38.54.png\",\"contentUrl\":\"https:\/\/happyinaknit.com\/wp-content\/uploads\/2025\/10\/\u0421\u043d\u0438\u043c\u043e\u043a-\u044d\u043a\u0440\u0430\u043d\u0430-2025-10-09-\u0432-12.38.54.png\",\"width\":1088,\"height\":1012},{\"@type\":\"BreadcrumbList\",\"@id\":\"https:\/\/happyinaknit.com\/produktas\/rico-design-superba-alpaca-luxury-socks\/#breadcrumb\",\"itemListElement\":[{\"@type\":\"ListItem\",\"position\":1,\"name\":\"Home\",\"item\":\"https:\/\/happyinaknit.com\/lt\/\"},{\"@type\":\"ListItem\",\"position\":2,\"name\":\"Parduotuv\u0117\",\"item\":\"https:\/\/happyinaknit.com\/lt\/parduotuve\/\"},{\"@type\":\"ListItem\",\"position\":3,\"name\":\"Rico Design superba Alpaca Luxury Socks\"}]},{\"@type\":\"WebSite\",\"@id\":\"https:\/\/happyinaknit.com\/lt\/#website\",\"url\":\"https:\/\/happyinaknit.com\/lt\/\",\"name\":\"Happyinaknit.com\",\"description\":\"\",\"potentialAction\":[{\"@type\":\"SearchAction\",\"target\":{\"@type\":\"EntryPoint\",\"urlTemplate\":\"https:\/\/happyinaknit.com\/lt\/?s={search_term_string}\"},\"query-input\":{\"@type\":\"PropertyValueSpecification\",\"valueRequired\":true,\"valueName\":\"search_term_string\"}}],\"inLanguage\":\"lt-LT\"}]}<\/script>\n<!-- \/ Yoast SEO plugin. -->","yoast_head_json":{"title":"Rico Design superba Alpaca Luxury Socks - Happyinaknit.com","robots":{"index":"index","follow":"follow","max-snippet":"max-snippet:-1","max-image-preview":"max-image-preview:large","max-video-preview":"max-video-preview:-1"},"canonical":"https:\/\/happyinaknit.com\/lt\/produktas\/rico-design-superba-alpaca-luxury-socks\/","og_locale":"lt_LT","og_type":"article","og_title":"Rico Design superba Alpaca Luxury Socks - Happyinaknit.com","og_description":"Superba Alpaca Luxury Socks \u2013 tai auk\u0161tos kokyb\u0117s kojini\u0173 si\u016blai, pagaminti i\u0161 grynos vilnos mi\u0161inio su alpaka. \u0160i sud\u0117tis suteikia si\u016blams i\u0161skirtin\u012f \u0161velnum\u0105, \u0161ilum\u0105 ir elastingum\u0105, tod\u0117l j\u016bs\u0173 rank\u0173 darbo kojin\u0117s bus ne tik patogios, bet ir itin malonios odai. Si\u016blai puikiai tinka ne tik kojini\u0173 mezgimui, bet ir pir\u0161tin\u0117ms, kepur\u0117ms ar \u0161alikams, kai norisi [&hellip;]","og_url":"https:\/\/happyinaknit.com\/lt\/produktas\/rico-design-superba-alpaca-luxury-socks\/","og_site_name":"Happyinaknit.com","article_modified_time":"2026-03-26T14:33:28+00:00","og_image":[{"width":1088,"height":1012,"url":"https:\/\/happyinaknit.com\/wp-content\/uploads\/2025\/10\/\u0421\u043d\u0438\u043c\u043e\u043a-\u044d\u043a\u0440\u0430\u043d\u0430-2025-10-09-\u0432-12.38.54.png","type":"image\/png"}],"twitter_card":"summary_large_image","twitter_misc":{"Est. reading time":"1 minut\u0117"},"schema":{"@context":"https:\/\/schema.org","@graph":[{"@type":"WebPage","@id":"https:\/\/happyinaknit.com\/produktas\/rico-design-superba-alpaca-luxury-socks\/","url":"https:\/\/happyinaknit.com\/produktas\/rico-design-superba-alpaca-luxury-socks\/","name":"Rico Design superba Alpaca Luxury Socks - Happyinaknit.com","isPartOf":{"@id":"https:\/\/happyinaknit.com\/lt\/#website"},"primaryImageOfPage":{"@id":"https:\/\/happyinaknit.com\/produktas\/rico-design-superba-alpaca-luxury-socks\/#primaryimage"},"image":{"@id":"https:\/\/happyinaknit.com\/produktas\/rico-design-superba-alpaca-luxury-socks\/#primaryimage"},"thumbnailUrl":"https:\/\/happyinaknit.com\/wp-content\/uploads\/2025\/10\/\u0421\u043d\u0438\u043c\u043e\u043a-\u044d\u043a\u0440\u0430\u043d\u0430-2025-10-09-\u0432-12.38.54.png","datePublished":"2025-10-09T09:40:37+00:00","dateModified":"2026-03-26T14:33:28+00:00","breadcrumb":{"@id":"https:\/\/happyinaknit.com\/produktas\/rico-design-superba-alpaca-luxury-socks\/#breadcrumb"},"inLanguage":"lt-LT","potentialAction":[{"@type":"ReadAction","target":["https:\/\/happyinaknit.com\/produktas\/rico-design-superba-alpaca-luxury-socks\/"]}]},{"@type":"ImageObject","inLanguage":"lt-LT","@id":"https:\/\/happyinaknit.com\/produktas\/rico-design-superba-alpaca-luxury-socks\/#primaryimage","url":"https:\/\/happyinaknit.com\/wp-content\/uploads\/2025\/10\/\u0421\u043d\u0438\u043c\u043e\u043a-\u044d\u043a\u0440\u0430\u043d\u0430-2025-10-09-\u0432-12.38.54.png","contentUrl":"https:\/\/happyinaknit.com\/wp-content\/uploads\/2025\/10\/\u0421\u043d\u0438\u043c\u043e\u043a-\u044d\u043a\u0440\u0430\u043d\u0430-2025-10-09-\u0432-12.38.54.png","width":1088,"height":1012},{"@type":"BreadcrumbList","@id":"https:\/\/happyinaknit.com\/produktas\/rico-design-superba-alpaca-luxury-socks\/#breadcrumb","itemListElement":[{"@type":"ListItem","position":1,"name":"Home","item":"https:\/\/happyinaknit.com\/lt\/"},{"@type":"ListItem","position":2,"name":"Parduotuv\u0117","item":"https:\/\/happyinaknit.com\/lt\/parduotuve\/"},{"@type":"ListItem","position":3,"name":"Rico Design superba Alpaca Luxury Socks"}]},{"@type":"WebSite","@id":"https:\/\/happyinaknit.com\/lt\/#website","url":"https:\/\/happyinaknit.com\/lt\/","name":"Happyinaknit.com","description":"","potentialAction":[{"@type":"SearchAction","target":{"@type":"EntryPoint","urlTemplate":"https:\/\/happyinaknit.com\/lt\/?s={search_term_string}"},"query-input":{"@type":"PropertyValueSpecification","valueRequired":true,"valueName":"search_term_string"}}],"inLanguage":"lt-LT"}]}},"_links":{"self":[{"href":"https:\/\/happyinaknit.com\/lt\/wp-json\/wp\/v2\/product\/3940","targetHints":{"allow":["GET"]}}],"collection":[{"href":"https:\/\/happyinaknit.com\/lt\/wp-json\/wp\/v2\/product"}],"about":[{"href":"https:\/\/happyinaknit.com\/lt\/wp-json\/wp\/v2\/types\/product"}],"replies":[{"embeddable":true,"href":"https:\/\/happyinaknit.com\/lt\/wp-json\/wp\/v2\/comments?post=3940"}],"wp:featuredmedia":[{"embeddable":true,"href":"https:\/\/happyinaknit.com\/lt\/wp-json\/wp\/v2\/media\/3942"}],"wp:attachment":[{"href":"https:\/\/happyinaknit.com\/lt\/wp-json\/wp\/v2\/media?parent=3940"}],"wp:term":[{"taxonomy":"product_brand","embeddable":true,"href":"https:\/\/happyinaknit.com\/lt\/wp-json\/wp\/v2\/product_brand?post=3940"},{"taxonomy":"product_cat","embeddable":true,"href":"https:\/\/happyinaknit.com\/lt\/wp-json\/wp\/v2\/product_cat?post=3940"},{"taxonomy":"product_tag","embeddable":true,"href":"https:\/\/happyinaknit.com\/lt\/wp-json\/wp\/v2\/product_tag?post=3940"},{"taxonomy":"pro-kategorijos","embeddable":true,"href":"https:\/\/happyinaknit.com\/lt\/wp-json\/wp\/v2\/pro-kategorijos?post=3940"}],"curies":[{"name":"wp","href":"https:\/\/api.w.org\/{rel}","templated":true}]}}