{"id":3824,"date":"2025-10-08T22:16:55","date_gmt":"2025-10-08T22:16:55","guid":{"rendered":"https:\/\/happyinaknit.com\/?post_type=product&#038;p=3824"},"modified":"2026-04-06T15:51:06","modified_gmt":"2026-04-06T15:51:06","slug":"lanamania-buchara-light","status":"publish","type":"product","link":"https:\/\/happyinaknit.com\/lt\/produktas\/lanamania-buchara-light\/","title":{"rendered":"Lanamania Buchara Light"},"content":{"rendered":"<p data-start=\"65\" data-end=\"321\"><strong data-start=\"65\" data-end=\"85\">Lanamania Alpaca<\/strong> \u2013 tai auk\u0161\u010diausios kokyb\u0117s si\u016blai, pagaminti i\u0161 \u0161velnios Peru alpako vilnos, pasi\u017eymintys ypatingu \u0161velnumu, \u0161iluma ir lengvumu. \u0160ie si\u016blai tarsi sukurti tam, kad i\u0161sklaidyt\u0173 rudens ni\u016brum\u0105 ir suteikt\u0173 jaukumo bei \u0161viesos poj\u016bt\u012f.<\/p>\n<p data-start=\"323\" data-end=\"648\">D\u0117l alpako vilnos tu\u0161\u010diavidur\u0117s strukt\u016bros si\u016blai pasi\u017eymi nat\u016braliomis termoreguliacin\u0117mis savyb\u0117mis \u2013 drabu\u017eiai i\u0161 j\u0173 \u0161ildo \u0161al\u010diu ir leid\u017eia k\u016bnui kv\u0117puoti \u0161iltesniu oru.<br data-start=\"504\" data-end=\"507\" \/>Baby alpaca vilna, gaunama i\u0161 pirmosios jaun\u0173 alpak\u0173 kirpimo vilnos, yra itin \u0161velni, elastinga ir kelis kartus \u0161iltesn\u0117 u\u017e avi\u0173 viln\u0105.<\/p>\n<p data-start=\"650\" data-end=\"782\">Lanamania preki\u0173 \u017eenklas jungia meil\u0119 gamtai, tvarum\u0105 ir meistryst\u0119, kad kiekvienas kamuoliukas tapt\u0173 maloniu k\u016brybos potyriu.<\/p>\n<p data-start=\"784\" data-end=\"930\"><strong data-start=\"784\" data-end=\"796\">Sud\u0117tis:<\/strong> 89 % alpaka, 11 % nailonas<br data-start=\"823\" data-end=\"826\" \/><strong data-start=\"826\" data-end=\"848\">Svoris \/ metra\u017eas:<\/strong> 50 g &#8211; 250 m<br data-start=\"861\" data-end=\"864\" \/><strong data-start=\"864\" data-end=\"892\">Rekomenduojami virbalai:<\/strong> 4,0\u20135,0 mm<br data-start=\"903\" data-end=\"906\" \/><strong data-start=\"906\" data-end=\"923\" data-is-only-node=\"\">Kilm\u0117s \u0161alis:<\/strong> Peru<\/p>\n<p data-start=\"932\" data-end=\"1021\"><strong data-start=\"932\" data-end=\"942\">Tinka:<\/strong> megztiniams, skaroms, \u0161alikams, kepur\u0117ms ir lengviems, \u0161iltiems aksesuarams.<\/p>\n<p data-start=\"1023\" data-end=\"1219\" data-is-last-node=\"\" data-is-only-node=\"\"><strong data-start=\"1023\" data-end=\"1037\">Prie\u017ei\u016bra:<\/strong> skalbti rankomis ne auk\u0161tesn\u0117je nei 30 \u00b0C temperat\u016broje, d\u017eiovinti patiesus horizontaliai.<br data-start=\"1128\" data-end=\"1131\" \/><strong data-start=\"1131\" data-end=\"1143\">Pastaba:<\/strong> spalv\u0173 atspalviai gali \u0161iek tiek skirtis priklausomai nuo \u012frenginio ekrano.<\/p>\n","protected":false},"excerpt":{"rendered":"<p>Lanamania Alpaca \u2013 tai auk\u0161\u010diausios kokyb\u0117s si\u016blai, pagaminti i\u0161 \u0161velnios Peru alpako vilnos, pasi\u017eymintys ypatingu \u0161velnumu, \u0161iluma ir lengvumu. \u0160ie si\u016blai tarsi sukurti tam, kad i\u0161sklaidyt\u0173 rudens ni\u016brum\u0105 ir suteikt\u0173 jaukumo bei \u0161viesos poj\u016bt\u012f. D\u0117l alpako vilnos tu\u0161\u010diavidur\u0117s strukt\u016bros si\u016blai pasi\u017eymi nat\u016braliomis termoreguliacin\u0117mis savyb\u0117mis \u2013 drabu\u017eiai i\u0161 j\u0173 \u0161ildo \u0161al\u010diu ir leid\u017eia k\u016bnui kv\u0117puoti \u0161iltesniu [&hellip;]<\/p>\n","protected":false},"featured_media":3728,"comment_status":"open","ping_status":"closed","template":"","meta":{"_acf_changed":false},"product_brand":[64],"product_cat":[15,18],"product_tag":[],"pro-kategorijos":[54],"class_list":{"0":"post-3824","1":"product","2":"type-product","3":"status-publish","4":"has-post-thumbnail","6":"product_brand-zealanalanamania","7":"product_cat-visi-produktai","8":"product_cat-siulai","9":"pro-kategorijos-alpaka","11":"first","12":"instock","13":"shipping-taxable","14":"purchasable","15":"product-type-variable"},"acf":[],"yoast_head":"<!-- This site is optimized with the Yoast SEO plugin v26.8 - https:\/\/yoast.com\/product\/yoast-seo-wordpress\/ -->\n<title>Lanamania Buchara Light - Happyinaknit.com<\/title>\n<meta name=\"robots\" content=\"index, follow, max-snippet:-1, max-image-preview:large, max-video-preview:-1\" \/>\n<link rel=\"canonical\" href=\"https:\/\/happyinaknit.com\/lt\/produktas\/lanamania-buchara-light\/\" \/>\n<meta property=\"og:locale\" content=\"lt_LT\" \/>\n<meta property=\"og:type\" content=\"article\" \/>\n<meta property=\"og:title\" content=\"Lanamania Buchara Light - Happyinaknit.com\" \/>\n<meta property=\"og:description\" content=\"Lanamania Alpaca \u2013 tai auk\u0161\u010diausios kokyb\u0117s si\u016blai, pagaminti i\u0161 \u0161velnios Peru alpako vilnos, pasi\u017eymintys ypatingu \u0161velnumu, \u0161iluma ir lengvumu. \u0160ie si\u016blai tarsi sukurti tam, kad i\u0161sklaidyt\u0173 rudens ni\u016brum\u0105 ir suteikt\u0173 jaukumo bei \u0161viesos poj\u016bt\u012f. D\u0117l alpako vilnos tu\u0161\u010diavidur\u0117s strukt\u016bros si\u016blai pasi\u017eymi nat\u016braliomis termoreguliacin\u0117mis savyb\u0117mis \u2013 drabu\u017eiai i\u0161 j\u0173 \u0161ildo \u0161al\u010diu ir leid\u017eia k\u016bnui kv\u0117puoti \u0161iltesniu [&hellip;]\" \/>\n<meta property=\"og:url\" content=\"https:\/\/happyinaknit.com\/lt\/produktas\/lanamania-buchara-light\/\" \/>\n<meta property=\"og:site_name\" content=\"Happyinaknit.com\" \/>\n<meta property=\"article:modified_time\" content=\"2026-04-06T15:51:06+00:00\" \/>\n<meta property=\"og:image\" content=\"https:\/\/happyinaknit.com\/wp-content\/uploads\/2025\/10\/IMG_8822.jpg\" \/>\n\t<meta property=\"og:image:width\" content=\"1320\" \/>\n\t<meta property=\"og:image:height\" content=\"1338\" \/>\n\t<meta property=\"og:image:type\" content=\"image\/jpeg\" \/>\n<meta name=\"twitter:card\" content=\"summary_large_image\" \/>\n<meta name=\"twitter:label1\" content=\"Est. reading time\" \/>\n\t<meta name=\"twitter:data1\" content=\"1 minut\u0117\" \/>\n<script type=\"application\/ld+json\" class=\"yoast-schema-graph\">{\"@context\":\"https:\/\/schema.org\",\"@graph\":[{\"@type\":\"WebPage\",\"@id\":\"https:\/\/happyinaknit.com\/produktas\/lanamania-buchara-light\/\",\"url\":\"https:\/\/happyinaknit.com\/produktas\/lanamania-buchara-light\/\",\"name\":\"Lanamania Buchara Light - Happyinaknit.com\",\"isPartOf\":{\"@id\":\"https:\/\/happyinaknit.com\/lt\/#website\"},\"primaryImageOfPage\":{\"@id\":\"https:\/\/happyinaknit.com\/produktas\/lanamania-buchara-light\/#primaryimage\"},\"image\":{\"@id\":\"https:\/\/happyinaknit.com\/produktas\/lanamania-buchara-light\/#primaryimage\"},\"thumbnailUrl\":\"https:\/\/happyinaknit.com\/wp-content\/uploads\/2025\/10\/IMG_8822.jpg\",\"datePublished\":\"2025-10-08T22:16:55+00:00\",\"dateModified\":\"2026-04-06T15:51:06+00:00\",\"breadcrumb\":{\"@id\":\"https:\/\/happyinaknit.com\/produktas\/lanamania-buchara-light\/#breadcrumb\"},\"inLanguage\":\"lt-LT\",\"potentialAction\":[{\"@type\":\"ReadAction\",\"target\":[\"https:\/\/happyinaknit.com\/produktas\/lanamania-buchara-light\/\"]}]},{\"@type\":\"ImageObject\",\"inLanguage\":\"lt-LT\",\"@id\":\"https:\/\/happyinaknit.com\/produktas\/lanamania-buchara-light\/#primaryimage\",\"url\":\"https:\/\/happyinaknit.com\/wp-content\/uploads\/2025\/10\/IMG_8822.jpg\",\"contentUrl\":\"https:\/\/happyinaknit.com\/wp-content\/uploads\/2025\/10\/IMG_8822.jpg\",\"width\":1320,\"height\":1338},{\"@type\":\"BreadcrumbList\",\"@id\":\"https:\/\/happyinaknit.com\/produktas\/lanamania-buchara-light\/#breadcrumb\",\"itemListElement\":[{\"@type\":\"ListItem\",\"position\":1,\"name\":\"Home\",\"item\":\"https:\/\/happyinaknit.com\/lt\/\"},{\"@type\":\"ListItem\",\"position\":2,\"name\":\"Parduotuv\u0117\",\"item\":\"https:\/\/happyinaknit.com\/lt\/parduotuve\/\"},{\"@type\":\"ListItem\",\"position\":3,\"name\":\"Lanamania Buchara Light\"}]},{\"@type\":\"WebSite\",\"@id\":\"https:\/\/happyinaknit.com\/lt\/#website\",\"url\":\"https:\/\/happyinaknit.com\/lt\/\",\"name\":\"Happyinaknit.com\",\"description\":\"\",\"potentialAction\":[{\"@type\":\"SearchAction\",\"target\":{\"@type\":\"EntryPoint\",\"urlTemplate\":\"https:\/\/happyinaknit.com\/lt\/?s={search_term_string}\"},\"query-input\":{\"@type\":\"PropertyValueSpecification\",\"valueRequired\":true,\"valueName\":\"search_term_string\"}}],\"inLanguage\":\"lt-LT\"}]}<\/script>\n<!-- \/ Yoast SEO plugin. -->","yoast_head_json":{"title":"Lanamania Buchara Light - Happyinaknit.com","robots":{"index":"index","follow":"follow","max-snippet":"max-snippet:-1","max-image-preview":"max-image-preview:large","max-video-preview":"max-video-preview:-1"},"canonical":"https:\/\/happyinaknit.com\/lt\/produktas\/lanamania-buchara-light\/","og_locale":"lt_LT","og_type":"article","og_title":"Lanamania Buchara Light - Happyinaknit.com","og_description":"Lanamania Alpaca \u2013 tai auk\u0161\u010diausios kokyb\u0117s si\u016blai, pagaminti i\u0161 \u0161velnios Peru alpako vilnos, pasi\u017eymintys ypatingu \u0161velnumu, \u0161iluma ir lengvumu. \u0160ie si\u016blai tarsi sukurti tam, kad i\u0161sklaidyt\u0173 rudens ni\u016brum\u0105 ir suteikt\u0173 jaukumo bei \u0161viesos poj\u016bt\u012f. D\u0117l alpako vilnos tu\u0161\u010diavidur\u0117s strukt\u016bros si\u016blai pasi\u017eymi nat\u016braliomis termoreguliacin\u0117mis savyb\u0117mis \u2013 drabu\u017eiai i\u0161 j\u0173 \u0161ildo \u0161al\u010diu ir leid\u017eia k\u016bnui kv\u0117puoti \u0161iltesniu [&hellip;]","og_url":"https:\/\/happyinaknit.com\/lt\/produktas\/lanamania-buchara-light\/","og_site_name":"Happyinaknit.com","article_modified_time":"2026-04-06T15:51:06+00:00","og_image":[{"width":1320,"height":1338,"url":"https:\/\/happyinaknit.com\/wp-content\/uploads\/2025\/10\/IMG_8822.jpg","type":"image\/jpeg"}],"twitter_card":"summary_large_image","twitter_misc":{"Est. reading time":"1 minut\u0117"},"schema":{"@context":"https:\/\/schema.org","@graph":[{"@type":"WebPage","@id":"https:\/\/happyinaknit.com\/produktas\/lanamania-buchara-light\/","url":"https:\/\/happyinaknit.com\/produktas\/lanamania-buchara-light\/","name":"Lanamania Buchara Light - Happyinaknit.com","isPartOf":{"@id":"https:\/\/happyinaknit.com\/lt\/#website"},"primaryImageOfPage":{"@id":"https:\/\/happyinaknit.com\/produktas\/lanamania-buchara-light\/#primaryimage"},"image":{"@id":"https:\/\/happyinaknit.com\/produktas\/lanamania-buchara-light\/#primaryimage"},"thumbnailUrl":"https:\/\/happyinaknit.com\/wp-content\/uploads\/2025\/10\/IMG_8822.jpg","datePublished":"2025-10-08T22:16:55+00:00","dateModified":"2026-04-06T15:51:06+00:00","breadcrumb":{"@id":"https:\/\/happyinaknit.com\/produktas\/lanamania-buchara-light\/#breadcrumb"},"inLanguage":"lt-LT","potentialAction":[{"@type":"ReadAction","target":["https:\/\/happyinaknit.com\/produktas\/lanamania-buchara-light\/"]}]},{"@type":"ImageObject","inLanguage":"lt-LT","@id":"https:\/\/happyinaknit.com\/produktas\/lanamania-buchara-light\/#primaryimage","url":"https:\/\/happyinaknit.com\/wp-content\/uploads\/2025\/10\/IMG_8822.jpg","contentUrl":"https:\/\/happyinaknit.com\/wp-content\/uploads\/2025\/10\/IMG_8822.jpg","width":1320,"height":1338},{"@type":"BreadcrumbList","@id":"https:\/\/happyinaknit.com\/produktas\/lanamania-buchara-light\/#breadcrumb","itemListElement":[{"@type":"ListItem","position":1,"name":"Home","item":"https:\/\/happyinaknit.com\/lt\/"},{"@type":"ListItem","position":2,"name":"Parduotuv\u0117","item":"https:\/\/happyinaknit.com\/lt\/parduotuve\/"},{"@type":"ListItem","position":3,"name":"Lanamania Buchara Light"}]},{"@type":"WebSite","@id":"https:\/\/happyinaknit.com\/lt\/#website","url":"https:\/\/happyinaknit.com\/lt\/","name":"Happyinaknit.com","description":"","potentialAction":[{"@type":"SearchAction","target":{"@type":"EntryPoint","urlTemplate":"https:\/\/happyinaknit.com\/lt\/?s={search_term_string}"},"query-input":{"@type":"PropertyValueSpecification","valueRequired":true,"valueName":"search_term_string"}}],"inLanguage":"lt-LT"}]}},"_links":{"self":[{"href":"https:\/\/happyinaknit.com\/lt\/wp-json\/wp\/v2\/product\/3824","targetHints":{"allow":["GET"]}}],"collection":[{"href":"https:\/\/happyinaknit.com\/lt\/wp-json\/wp\/v2\/product"}],"about":[{"href":"https:\/\/happyinaknit.com\/lt\/wp-json\/wp\/v2\/types\/product"}],"replies":[{"embeddable":true,"href":"https:\/\/happyinaknit.com\/lt\/wp-json\/wp\/v2\/comments?post=3824"}],"wp:featuredmedia":[{"embeddable":true,"href":"https:\/\/happyinaknit.com\/lt\/wp-json\/wp\/v2\/media\/3728"}],"wp:attachment":[{"href":"https:\/\/happyinaknit.com\/lt\/wp-json\/wp\/v2\/media?parent=3824"}],"wp:term":[{"taxonomy":"product_brand","embeddable":true,"href":"https:\/\/happyinaknit.com\/lt\/wp-json\/wp\/v2\/product_brand?post=3824"},{"taxonomy":"product_cat","embeddable":true,"href":"https:\/\/happyinaknit.com\/lt\/wp-json\/wp\/v2\/product_cat?post=3824"},{"taxonomy":"product_tag","embeddable":true,"href":"https:\/\/happyinaknit.com\/lt\/wp-json\/wp\/v2\/product_tag?post=3824"},{"taxonomy":"pro-kategorijos","embeddable":true,"href":"https:\/\/happyinaknit.com\/lt\/wp-json\/wp\/v2\/pro-kategorijos?post=3824"}],"curies":[{"name":"wp","href":"https:\/\/api.w.org\/{rel}","templated":true}]}}