{"id":3816,"date":"2025-10-08T22:05:49","date_gmt":"2025-10-08T22:05:49","guid":{"rendered":"https:\/\/happyinaknit.com\/?post_type=product&#038;p=3816"},"modified":"2026-04-05T15:46:35","modified_gmt":"2026-04-05T15:46:35","slug":"zealana-cozi","status":"publish","type":"product","link":"https:\/\/happyinaknit.com\/lt\/produktas\/zealana-cozi\/","title":{"rendered":"Zealana Cozi"},"content":{"rendered":"<p data-start=\"85\" data-end=\"438\"><strong data-start=\"85\" data-end=\"101\">Zealana Cozi<\/strong> \u2013 tai i\u0161skirtin\u0117 si\u016bl\u0173 kolekcija, sukurta kaip itin tvirta, ta\u010diau nepaprastai \u0161velni <strong data-start=\"188\" data-end=\"228\">auk\u0161\u010diausios kokyb\u0117s kojin\u0117 prabanga<\/strong>. I\u0161 \u0161i\u0173 si\u016bl\u0173 mezgamos ne tik ilgaam\u017e\u0117s kojin\u0117s, bet ir mink\u0161\u010diausios pir\u0161tin\u0117s, rie\u0161in\u0117s, kepur\u0117s ar \u0161alikai. Jie ypa\u010d tinka vaik\u0173 drabu\u017eiams \u2013 jautriai odai \u0161ie si\u016blai yra \u0161veln\u016bs, \u0161ilti ir malon\u016bs d\u0117v\u0117ti.<\/p>\n<p data-start=\"440\" data-end=\"794\">Merino vilna ir baby alpakos p\u016bkai kartu su <strong data-start=\"484\" data-end=\"503\">possumo pluo\u0161tu<\/strong> suteikia si\u016blams ypating\u0105 \u0161ilum\u0105 ir purum\u0105, o <strong data-start=\"550\" data-end=\"562\">nailonas<\/strong>u\u017etikrina tvirtum\u0105, elastingum\u0105 ir lengv\u0105 blizges\u012f. Po skalbimo si\u016blas atsiskleid\u017eia, tampa dar mink\u0161tesnis ir malonesnis.<br data-start=\"685\" data-end=\"688\" \/>Spalv\u0173 palet\u0117 apima tiek vienspalvius, tiek subtiliai melan\u017euotus tonus, kurie puikiai dera tarpusavyje.<\/p>\n<p data-start=\"796\" data-end=\"1048\"><strong data-start=\"796\" data-end=\"808\">Sud\u0117tis:<\/strong> 58 % merino vilna, 22 % nailonas, 15 % possumas, 5 % baby alpaka<br data-start=\"873\" data-end=\"876\" \/><strong data-start=\"876\" data-end=\"898\">Svoris \/ metra\u017eas:<\/strong> 50 g &#8211; 170 m<br data-start=\"911\" data-end=\"914\" \/><strong data-start=\"914\" data-end=\"942\">Rekomenduojami virbalai:<\/strong> 2,25\u20133,25 mm<br data-start=\"955\" data-end=\"958\" \/><strong data-start=\"958\" data-end=\"971\" data-is-only-node=\"\">Tankumas:<\/strong> 10 \u00d7 10 cm \u2013 apie 28 akys \u00d7 40 eil\u0117s<br data-start=\"1008\" data-end=\"1011\" \/><strong data-start=\"1011\" data-end=\"1028\">Kilm\u0117s \u0161alis:<\/strong> Naujoji Zelandija<\/p>\n<p data-start=\"1050\" data-end=\"1107\"><strong data-start=\"1050\" data-end=\"1061\">I\u0161eiga:<\/strong> porai kojini\u0173 iki 46 dyd\u017eio \u2013 2 kamuoliukai<\/p>\n<p data-start=\"1109\" data-end=\"1194\"><strong data-start=\"1109\" data-end=\"1119\">Tinka:<\/strong> kojin\u0117ms, pir\u0161tin\u0117ms, rie\u0161in\u0117ms, kepur\u0117ms, \u0161alikams ir vaik\u0173 drabu\u017eiams.<\/p>\n<p data-start=\"1196\" data-end=\"1392\" data-is-last-node=\"\" data-is-only-node=\"\"><strong data-start=\"1196\" data-end=\"1210\">Prie\u017ei\u016bra:<\/strong> skalbti rankomis ne auk\u0161tesn\u0117je nei 30 \u00b0C temperat\u016broje, d\u017eiovinti patiesus horizontaliai.<br data-start=\"1301\" data-end=\"1304\" \/><strong data-start=\"1304\" data-end=\"1316\">Pastaba:<\/strong> spalv\u0173 atspalviai gali \u0161iek tiek skirtis priklausomai nuo \u012frenginio ekrano.<\/p>\n","protected":false},"excerpt":{"rendered":"<p>Zealana Cozi \u2013 tai i\u0161skirtin\u0117 si\u016bl\u0173 kolekcija, sukurta kaip itin tvirta, ta\u010diau nepaprastai \u0161velni auk\u0161\u010diausios kokyb\u0117s kojin\u0117 prabanga. I\u0161 \u0161i\u0173 si\u016bl\u0173 mezgamos ne tik ilgaam\u017e\u0117s kojin\u0117s, bet ir mink\u0161\u010diausios pir\u0161tin\u0117s, rie\u0161in\u0117s, kepur\u0117s ar \u0161alikai. Jie ypa\u010d tinka vaik\u0173 drabu\u017eiams \u2013 jautriai odai \u0161ie si\u016blai yra \u0161veln\u016bs, \u0161ilti ir malon\u016bs d\u0117v\u0117ti. Merino vilna ir baby alpakos [&hellip;]<\/p>\n","protected":false},"featured_media":6985,"comment_status":"open","ping_status":"closed","template":"","meta":{"_acf_changed":false},"product_brand":[64],"product_cat":[15,18,94],"product_tag":[],"pro-kategorijos":[54,71,809],"class_list":{"0":"post-3816","1":"product","2":"type-product","3":"status-publish","4":"has-post-thumbnail","6":"product_brand-zealanalanamania","7":"product_cat-visi-produktai","8":"product_cat-siulai","9":"product_cat-siulai-kojinems","10":"pro-kategorijos-alpaka","11":"pro-kategorijos-merino-vilna","12":"pro-kategorijos-possumas","14":"first","15":"instock","16":"shipping-taxable","17":"purchasable","18":"product-type-variable"},"acf":[],"yoast_head":"<!-- This site is optimized with the Yoast SEO plugin v26.8 - https:\/\/yoast.com\/product\/yoast-seo-wordpress\/ -->\n<title>Zealana Cozi - Happyinaknit.com<\/title>\n<meta name=\"robots\" content=\"index, follow, max-snippet:-1, max-image-preview:large, max-video-preview:-1\" \/>\n<link rel=\"canonical\" href=\"https:\/\/happyinaknit.com\/lt\/produktas\/zealana-cozi\/\" \/>\n<meta property=\"og:locale\" content=\"lt_LT\" \/>\n<meta property=\"og:type\" content=\"article\" \/>\n<meta property=\"og:title\" content=\"Zealana Cozi - Happyinaknit.com\" \/>\n<meta property=\"og:description\" content=\"Zealana Cozi \u2013 tai i\u0161skirtin\u0117 si\u016bl\u0173 kolekcija, sukurta kaip itin tvirta, ta\u010diau nepaprastai \u0161velni auk\u0161\u010diausios kokyb\u0117s kojin\u0117 prabanga. I\u0161 \u0161i\u0173 si\u016bl\u0173 mezgamos ne tik ilgaam\u017e\u0117s kojin\u0117s, bet ir mink\u0161\u010diausios pir\u0161tin\u0117s, rie\u0161in\u0117s, kepur\u0117s ar \u0161alikai. Jie ypa\u010d tinka vaik\u0173 drabu\u017eiams \u2013 jautriai odai \u0161ie si\u016blai yra \u0161veln\u016bs, \u0161ilti ir malon\u016bs d\u0117v\u0117ti. Merino vilna ir baby alpakos [&hellip;]\" \/>\n<meta property=\"og:url\" content=\"https:\/\/happyinaknit.com\/lt\/produktas\/zealana-cozi\/\" \/>\n<meta property=\"og:site_name\" content=\"Happyinaknit.com\" \/>\n<meta property=\"article:modified_time\" content=\"2026-04-05T15:46:35+00:00\" \/>\n<meta property=\"og:image\" content=\"https:\/\/happyinaknit.com\/wp-content\/uploads\/2025\/10\/DSC_5563-scaled.jpg\" \/>\n\t<meta property=\"og:image:width\" content=\"2560\" \/>\n\t<meta property=\"og:image:height\" content=\"2560\" \/>\n\t<meta property=\"og:image:type\" content=\"image\/jpeg\" \/>\n<meta name=\"twitter:card\" content=\"summary_large_image\" \/>\n<meta name=\"twitter:label1\" content=\"Est. reading time\" \/>\n\t<meta name=\"twitter:data1\" content=\"1 minut\u0117\" \/>\n<script type=\"application\/ld+json\" class=\"yoast-schema-graph\">{\"@context\":\"https:\/\/schema.org\",\"@graph\":[{\"@type\":\"WebPage\",\"@id\":\"https:\/\/happyinaknit.com\/produktas\/zealana-cozi\/\",\"url\":\"https:\/\/happyinaknit.com\/produktas\/zealana-cozi\/\",\"name\":\"Zealana Cozi - Happyinaknit.com\",\"isPartOf\":{\"@id\":\"https:\/\/happyinaknit.com\/lt\/#website\"},\"primaryImageOfPage\":{\"@id\":\"https:\/\/happyinaknit.com\/produktas\/zealana-cozi\/#primaryimage\"},\"image\":{\"@id\":\"https:\/\/happyinaknit.com\/produktas\/zealana-cozi\/#primaryimage\"},\"thumbnailUrl\":\"https:\/\/happyinaknit.com\/wp-content\/uploads\/2025\/10\/DSC_5563-scaled.jpg\",\"datePublished\":\"2025-10-08T22:05:49+00:00\",\"dateModified\":\"2026-04-05T15:46:35+00:00\",\"breadcrumb\":{\"@id\":\"https:\/\/happyinaknit.com\/produktas\/zealana-cozi\/#breadcrumb\"},\"inLanguage\":\"lt-LT\",\"potentialAction\":[{\"@type\":\"ReadAction\",\"target\":[\"https:\/\/happyinaknit.com\/produktas\/zealana-cozi\/\"]}]},{\"@type\":\"ImageObject\",\"inLanguage\":\"lt-LT\",\"@id\":\"https:\/\/happyinaknit.com\/produktas\/zealana-cozi\/#primaryimage\",\"url\":\"https:\/\/happyinaknit.com\/wp-content\/uploads\/2025\/10\/DSC_5563-scaled.jpg\",\"contentUrl\":\"https:\/\/happyinaknit.com\/wp-content\/uploads\/2025\/10\/DSC_5563-scaled.jpg\",\"width\":2560,\"height\":2560},{\"@type\":\"BreadcrumbList\",\"@id\":\"https:\/\/happyinaknit.com\/produktas\/zealana-cozi\/#breadcrumb\",\"itemListElement\":[{\"@type\":\"ListItem\",\"position\":1,\"name\":\"Home\",\"item\":\"https:\/\/happyinaknit.com\/lt\/\"},{\"@type\":\"ListItem\",\"position\":2,\"name\":\"Parduotuv\u0117\",\"item\":\"https:\/\/happyinaknit.com\/lt\/parduotuve\/\"},{\"@type\":\"ListItem\",\"position\":3,\"name\":\"Zealana Cozi\"}]},{\"@type\":\"WebSite\",\"@id\":\"https:\/\/happyinaknit.com\/lt\/#website\",\"url\":\"https:\/\/happyinaknit.com\/lt\/\",\"name\":\"Happyinaknit.com\",\"description\":\"\",\"potentialAction\":[{\"@type\":\"SearchAction\",\"target\":{\"@type\":\"EntryPoint\",\"urlTemplate\":\"https:\/\/happyinaknit.com\/lt\/?s={search_term_string}\"},\"query-input\":{\"@type\":\"PropertyValueSpecification\",\"valueRequired\":true,\"valueName\":\"search_term_string\"}}],\"inLanguage\":\"lt-LT\"}]}<\/script>\n<!-- \/ Yoast SEO plugin. -->","yoast_head_json":{"title":"Zealana Cozi - Happyinaknit.com","robots":{"index":"index","follow":"follow","max-snippet":"max-snippet:-1","max-image-preview":"max-image-preview:large","max-video-preview":"max-video-preview:-1"},"canonical":"https:\/\/happyinaknit.com\/lt\/produktas\/zealana-cozi\/","og_locale":"lt_LT","og_type":"article","og_title":"Zealana Cozi - Happyinaknit.com","og_description":"Zealana Cozi \u2013 tai i\u0161skirtin\u0117 si\u016bl\u0173 kolekcija, sukurta kaip itin tvirta, ta\u010diau nepaprastai \u0161velni auk\u0161\u010diausios kokyb\u0117s kojin\u0117 prabanga. I\u0161 \u0161i\u0173 si\u016bl\u0173 mezgamos ne tik ilgaam\u017e\u0117s kojin\u0117s, bet ir mink\u0161\u010diausios pir\u0161tin\u0117s, rie\u0161in\u0117s, kepur\u0117s ar \u0161alikai. Jie ypa\u010d tinka vaik\u0173 drabu\u017eiams \u2013 jautriai odai \u0161ie si\u016blai yra \u0161veln\u016bs, \u0161ilti ir malon\u016bs d\u0117v\u0117ti. Merino vilna ir baby alpakos [&hellip;]","og_url":"https:\/\/happyinaknit.com\/lt\/produktas\/zealana-cozi\/","og_site_name":"Happyinaknit.com","article_modified_time":"2026-04-05T15:46:35+00:00","og_image":[{"width":2560,"height":2560,"url":"https:\/\/happyinaknit.com\/wp-content\/uploads\/2025\/10\/DSC_5563-scaled.jpg","type":"image\/jpeg"}],"twitter_card":"summary_large_image","twitter_misc":{"Est. reading time":"1 minut\u0117"},"schema":{"@context":"https:\/\/schema.org","@graph":[{"@type":"WebPage","@id":"https:\/\/happyinaknit.com\/produktas\/zealana-cozi\/","url":"https:\/\/happyinaknit.com\/produktas\/zealana-cozi\/","name":"Zealana Cozi - Happyinaknit.com","isPartOf":{"@id":"https:\/\/happyinaknit.com\/lt\/#website"},"primaryImageOfPage":{"@id":"https:\/\/happyinaknit.com\/produktas\/zealana-cozi\/#primaryimage"},"image":{"@id":"https:\/\/happyinaknit.com\/produktas\/zealana-cozi\/#primaryimage"},"thumbnailUrl":"https:\/\/happyinaknit.com\/wp-content\/uploads\/2025\/10\/DSC_5563-scaled.jpg","datePublished":"2025-10-08T22:05:49+00:00","dateModified":"2026-04-05T15:46:35+00:00","breadcrumb":{"@id":"https:\/\/happyinaknit.com\/produktas\/zealana-cozi\/#breadcrumb"},"inLanguage":"lt-LT","potentialAction":[{"@type":"ReadAction","target":["https:\/\/happyinaknit.com\/produktas\/zealana-cozi\/"]}]},{"@type":"ImageObject","inLanguage":"lt-LT","@id":"https:\/\/happyinaknit.com\/produktas\/zealana-cozi\/#primaryimage","url":"https:\/\/happyinaknit.com\/wp-content\/uploads\/2025\/10\/DSC_5563-scaled.jpg","contentUrl":"https:\/\/happyinaknit.com\/wp-content\/uploads\/2025\/10\/DSC_5563-scaled.jpg","width":2560,"height":2560},{"@type":"BreadcrumbList","@id":"https:\/\/happyinaknit.com\/produktas\/zealana-cozi\/#breadcrumb","itemListElement":[{"@type":"ListItem","position":1,"name":"Home","item":"https:\/\/happyinaknit.com\/lt\/"},{"@type":"ListItem","position":2,"name":"Parduotuv\u0117","item":"https:\/\/happyinaknit.com\/lt\/parduotuve\/"},{"@type":"ListItem","position":3,"name":"Zealana Cozi"}]},{"@type":"WebSite","@id":"https:\/\/happyinaknit.com\/lt\/#website","url":"https:\/\/happyinaknit.com\/lt\/","name":"Happyinaknit.com","description":"","potentialAction":[{"@type":"SearchAction","target":{"@type":"EntryPoint","urlTemplate":"https:\/\/happyinaknit.com\/lt\/?s={search_term_string}"},"query-input":{"@type":"PropertyValueSpecification","valueRequired":true,"valueName":"search_term_string"}}],"inLanguage":"lt-LT"}]}},"_links":{"self":[{"href":"https:\/\/happyinaknit.com\/lt\/wp-json\/wp\/v2\/product\/3816","targetHints":{"allow":["GET"]}}],"collection":[{"href":"https:\/\/happyinaknit.com\/lt\/wp-json\/wp\/v2\/product"}],"about":[{"href":"https:\/\/happyinaknit.com\/lt\/wp-json\/wp\/v2\/types\/product"}],"replies":[{"embeddable":true,"href":"https:\/\/happyinaknit.com\/lt\/wp-json\/wp\/v2\/comments?post=3816"}],"wp:featuredmedia":[{"embeddable":true,"href":"https:\/\/happyinaknit.com\/lt\/wp-json\/wp\/v2\/media\/6985"}],"wp:attachment":[{"href":"https:\/\/happyinaknit.com\/lt\/wp-json\/wp\/v2\/media?parent=3816"}],"wp:term":[{"taxonomy":"product_brand","embeddable":true,"href":"https:\/\/happyinaknit.com\/lt\/wp-json\/wp\/v2\/product_brand?post=3816"},{"taxonomy":"product_cat","embeddable":true,"href":"https:\/\/happyinaknit.com\/lt\/wp-json\/wp\/v2\/product_cat?post=3816"},{"taxonomy":"product_tag","embeddable":true,"href":"https:\/\/happyinaknit.com\/lt\/wp-json\/wp\/v2\/product_tag?post=3816"},{"taxonomy":"pro-kategorijos","embeddable":true,"href":"https:\/\/happyinaknit.com\/lt\/wp-json\/wp\/v2\/pro-kategorijos?post=3816"}],"curies":[{"name":"wp","href":"https:\/\/api.w.org\/{rel}","templated":true}]}}