{"id":3791,"date":"2025-10-08T21:34:42","date_gmt":"2025-10-08T21:34:42","guid":{"rendered":"https:\/\/happyinaknit.com\/?post_type=product&#038;p=3791"},"modified":"2026-04-06T17:56:55","modified_gmt":"2026-04-06T17:56:55","slug":"zealana-air-lace","status":"publish","type":"product","link":"https:\/\/happyinaknit.com\/lt\/produktas\/zealana-air-lace\/","title":{"rendered":"Zealana Air Lace"},"content":{"rendered":"<p data-start=\"83\" data-end=\"355\">Tikra prabanga! <strong data-start=\"99\" data-end=\"119\">Zealana Air Lace<\/strong> sud\u0117tyje \u2013 40 % possumo p\u016bk\u0173, 40 % ka\u0161myro ir 20 % mulberio \u0161ilko. \u0160is unikalus derinys sukuria nepaprastai \u0161velnius, lengvus, bet tuo pa\u010diu ir itin tvirtus si\u016blus, kurie, kaip \u012frodyta tyrimais, yra net \u0161iltesni u\u017e 100 % ka\u0161myr\u0105.<\/p>\n<p data-start=\"357\" data-end=\"760\">Si\u016blai puikiai tinka ir smulkiems, tiek kiaurara\u0161\u010diams ra\u0161tams, \u00a0lengvai slysta mezgant ir po plovimo subtiliai \u201eatsiskleid\u017eia\u201c, pasidengdami \u0161velniu p\u016bkeliu \u2013 audinys tampa dar mink\u0161tesnis, o pavir\u0161iuje atsiranda \u0161velnus d\u016bmelio efektas.<br data-start=\"592\" data-end=\"595\" \/><strong data-start=\"595\" data-end=\"615\">Zealana Air Lace<\/strong> \u2013 tai tobulas pasirinkimas \u017eiemos drabu\u017eiams ir aksesuarams: \u0161ilti, bet nekaitinantys, neerzinantys odos ir ypa\u010d patog\u016bs kasdieniam d\u0117v\u0117jimui.<\/p>\n<p data-start=\"762\" data-end=\"1000\"><strong data-start=\"762\" data-end=\"774\">Sud\u0117tis:<\/strong> 40 % ka\u0161myras, 40 % possumas, 20 % mulberio \u0161ilkas<br data-start=\"825\" data-end=\"828\" \/><strong data-start=\"828\" data-end=\"850\">Svoris \/ metra\u017eas:<\/strong> 25 g &#8211; 175 m<br data-start=\"863\" data-end=\"866\" \/><strong data-start=\"866\" data-end=\"894\">Rekomenduojami virbalai:<\/strong> 2,25\u20133,75 mm<br data-start=\"907\" data-end=\"910\" data-is-only-node=\"\" \/><strong data-start=\"910\" data-end=\"923\">Tankumas:<\/strong> 10 \u00d7 10 cm \u2013 apie 32 akys \u00d7 46 eil\u0117s<br data-start=\"960\" data-end=\"963\" \/><strong data-start=\"963\" data-end=\"980\">Kilm\u0117s \u0161alis:<\/strong> Naujoji Zelandija<\/p>\n<p data-start=\"1002\" data-end=\"1120\"><strong data-start=\"1002\" data-end=\"1012\">Tinka:<\/strong> kepur\u0117ms, \u0161alikams, megztiniams, skaroms, megztoms suknel\u0117ms ir kitiems \u0161velniems, prabangiems gaminiams.<\/p>\n<p data-start=\"1122\" data-end=\"1318\" data-is-last-node=\"\" data-is-only-node=\"\"><strong data-start=\"1122\" data-end=\"1136\">Prie\u017ei\u016bra:<\/strong> skalbti rankomis ne auk\u0161tesn\u0117je nei 30 \u00b0C temperat\u016broje, d\u017eiovinti patiesus horizontaliai.<\/p>\n<p data-start=\"1122\" data-end=\"1318\" data-is-last-node=\"\" data-is-only-node=\"\"><br data-start=\"1227\" data-end=\"1230\" \/><strong data-start=\"1230\" data-end=\"1242\">Pastaba:<\/strong> spalv\u0173 atspalviai gali \u0161iek tiek skirtis priklausomai nuo \u012frenginio ekrano.<\/p>\n","protected":false},"excerpt":{"rendered":"<p>Tikra prabanga! Zealana Air Lace sud\u0117tyje \u2013 40 % possumo p\u016bk\u0173, 40 % ka\u0161myro ir 20 % mulberio \u0161ilko. \u0160is unikalus derinys sukuria nepaprastai \u0161velnius, lengvus, bet tuo pa\u010diu ir itin tvirtus si\u016blus, kurie, kaip \u012frodyta tyrimais, yra net \u0161iltesni u\u017e 100 % ka\u0161myr\u0105. Si\u016blai puikiai tinka ir smulkiems, tiek kiaurara\u0161\u010diams ra\u0161tams, \u00a0lengvai slysta mezgant [&hellip;]<\/p>\n","protected":false},"featured_media":3761,"comment_status":"open","ping_status":"closed","template":"","meta":{"_acf_changed":false},"product_brand":[64],"product_cat":[15,18],"product_tag":[],"pro-kategorijos":[46,809,77],"class_list":{"0":"post-3791","1":"product","2":"type-product","3":"status-publish","4":"has-post-thumbnail","6":"product_brand-zealanalanamania","7":"product_cat-visi-produktai","8":"product_cat-siulai","9":"pro-kategorijos-kasmyras","10":"pro-kategorijos-possumas","11":"pro-kategorijos-silkas","13":"first","14":"instock","15":"shipping-taxable","16":"purchasable","17":"product-type-variable"},"acf":[],"yoast_head":"<!-- This site is optimized with the Yoast SEO plugin v26.8 - https:\/\/yoast.com\/product\/yoast-seo-wordpress\/ -->\n<title>Zealana Air Lace - Happyinaknit.com<\/title>\n<meta name=\"robots\" content=\"index, follow, max-snippet:-1, max-image-preview:large, max-video-preview:-1\" \/>\n<link rel=\"canonical\" href=\"https:\/\/happyinaknit.com\/lt\/produktas\/zealana-air-lace\/\" \/>\n<meta property=\"og:locale\" content=\"lt_LT\" \/>\n<meta property=\"og:type\" content=\"article\" \/>\n<meta property=\"og:title\" content=\"Zealana Air Lace - Happyinaknit.com\" \/>\n<meta property=\"og:description\" content=\"Tikra prabanga! Zealana Air Lace sud\u0117tyje \u2013 40 % possumo p\u016bk\u0173, 40 % ka\u0161myro ir 20 % mulberio \u0161ilko. \u0160is unikalus derinys sukuria nepaprastai \u0161velnius, lengvus, bet tuo pa\u010diu ir itin tvirtus si\u016blus, kurie, kaip \u012frodyta tyrimais, yra net \u0161iltesni u\u017e 100 % ka\u0161myr\u0105. Si\u016blai puikiai tinka ir smulkiems, tiek kiaurara\u0161\u010diams ra\u0161tams, \u00a0lengvai slysta mezgant [&hellip;]\" \/>\n<meta property=\"og:url\" content=\"https:\/\/happyinaknit.com\/lt\/produktas\/zealana-air-lace\/\" \/>\n<meta property=\"og:site_name\" content=\"Happyinaknit.com\" \/>\n<meta property=\"article:modified_time\" content=\"2026-04-06T17:56:55+00:00\" \/>\n<meta property=\"og:image\" content=\"https:\/\/happyinaknit.com\/wp-content\/uploads\/2025\/10\/IMG_8785.jpg\" \/>\n\t<meta property=\"og:image:width\" content=\"1320\" \/>\n\t<meta property=\"og:image:height\" content=\"1347\" \/>\n\t<meta property=\"og:image:type\" content=\"image\/jpeg\" \/>\n<meta name=\"twitter:card\" content=\"summary_large_image\" \/>\n<meta name=\"twitter:label1\" content=\"Est. reading time\" \/>\n\t<meta name=\"twitter:data1\" content=\"1 minut\u0117\" \/>\n<script type=\"application\/ld+json\" class=\"yoast-schema-graph\">{\"@context\":\"https:\/\/schema.org\",\"@graph\":[{\"@type\":\"WebPage\",\"@id\":\"https:\/\/happyinaknit.com\/lt\/produktas\/zealana-air-lace\/\",\"url\":\"https:\/\/happyinaknit.com\/lt\/produktas\/zealana-air-lace\/\",\"name\":\"Zealana Air Lace - Happyinaknit.com\",\"isPartOf\":{\"@id\":\"https:\/\/happyinaknit.com\/lt\/#website\"},\"primaryImageOfPage\":{\"@id\":\"https:\/\/happyinaknit.com\/lt\/produktas\/zealana-air-lace\/#primaryimage\"},\"image\":{\"@id\":\"https:\/\/happyinaknit.com\/lt\/produktas\/zealana-air-lace\/#primaryimage\"},\"thumbnailUrl\":\"https:\/\/happyinaknit.com\/wp-content\/uploads\/2025\/10\/IMG_8785.jpg\",\"datePublished\":\"2025-10-08T21:34:42+00:00\",\"dateModified\":\"2026-04-06T17:56:55+00:00\",\"breadcrumb\":{\"@id\":\"https:\/\/happyinaknit.com\/lt\/produktas\/zealana-air-lace\/#breadcrumb\"},\"inLanguage\":\"lt-LT\",\"potentialAction\":[{\"@type\":\"ReadAction\",\"target\":[\"https:\/\/happyinaknit.com\/lt\/produktas\/zealana-air-lace\/\"]}]},{\"@type\":\"ImageObject\",\"inLanguage\":\"lt-LT\",\"@id\":\"https:\/\/happyinaknit.com\/lt\/produktas\/zealana-air-lace\/#primaryimage\",\"url\":\"https:\/\/happyinaknit.com\/wp-content\/uploads\/2025\/10\/IMG_8785.jpg\",\"contentUrl\":\"https:\/\/happyinaknit.com\/wp-content\/uploads\/2025\/10\/IMG_8785.jpg\",\"width\":1320,\"height\":1347},{\"@type\":\"BreadcrumbList\",\"@id\":\"https:\/\/happyinaknit.com\/lt\/produktas\/zealana-air-lace\/#breadcrumb\",\"itemListElement\":[{\"@type\":\"ListItem\",\"position\":1,\"name\":\"Home\",\"item\":\"https:\/\/happyinaknit.com\/lt\/\"},{\"@type\":\"ListItem\",\"position\":2,\"name\":\"Parduotuv\u0117\",\"item\":\"https:\/\/happyinaknit.com\/lt\/parduotuve\/\"},{\"@type\":\"ListItem\",\"position\":3,\"name\":\"Zealana Air Lace\"}]},{\"@type\":\"WebSite\",\"@id\":\"https:\/\/happyinaknit.com\/lt\/#website\",\"url\":\"https:\/\/happyinaknit.com\/lt\/\",\"name\":\"Happyinaknit.com\",\"description\":\"\",\"potentialAction\":[{\"@type\":\"SearchAction\",\"target\":{\"@type\":\"EntryPoint\",\"urlTemplate\":\"https:\/\/happyinaknit.com\/lt\/?s={search_term_string}\"},\"query-input\":{\"@type\":\"PropertyValueSpecification\",\"valueRequired\":true,\"valueName\":\"search_term_string\"}}],\"inLanguage\":\"lt-LT\"}]}<\/script>\n<!-- \/ Yoast SEO plugin. -->","yoast_head_json":{"title":"Zealana Air Lace - Happyinaknit.com","robots":{"index":"index","follow":"follow","max-snippet":"max-snippet:-1","max-image-preview":"max-image-preview:large","max-video-preview":"max-video-preview:-1"},"canonical":"https:\/\/happyinaknit.com\/lt\/produktas\/zealana-air-lace\/","og_locale":"lt_LT","og_type":"article","og_title":"Zealana Air Lace - Happyinaknit.com","og_description":"Tikra prabanga! Zealana Air Lace sud\u0117tyje \u2013 40 % possumo p\u016bk\u0173, 40 % ka\u0161myro ir 20 % mulberio \u0161ilko. \u0160is unikalus derinys sukuria nepaprastai \u0161velnius, lengvus, bet tuo pa\u010diu ir itin tvirtus si\u016blus, kurie, kaip \u012frodyta tyrimais, yra net \u0161iltesni u\u017e 100 % ka\u0161myr\u0105. Si\u016blai puikiai tinka ir smulkiems, tiek kiaurara\u0161\u010diams ra\u0161tams, \u00a0lengvai slysta mezgant [&hellip;]","og_url":"https:\/\/happyinaknit.com\/lt\/produktas\/zealana-air-lace\/","og_site_name":"Happyinaknit.com","article_modified_time":"2026-04-06T17:56:55+00:00","og_image":[{"width":1320,"height":1347,"url":"https:\/\/happyinaknit.com\/wp-content\/uploads\/2025\/10\/IMG_8785.jpg","type":"image\/jpeg"}],"twitter_card":"summary_large_image","twitter_misc":{"Est. reading time":"1 minut\u0117"},"schema":{"@context":"https:\/\/schema.org","@graph":[{"@type":"WebPage","@id":"https:\/\/happyinaknit.com\/lt\/produktas\/zealana-air-lace\/","url":"https:\/\/happyinaknit.com\/lt\/produktas\/zealana-air-lace\/","name":"Zealana Air Lace - Happyinaknit.com","isPartOf":{"@id":"https:\/\/happyinaknit.com\/lt\/#website"},"primaryImageOfPage":{"@id":"https:\/\/happyinaknit.com\/lt\/produktas\/zealana-air-lace\/#primaryimage"},"image":{"@id":"https:\/\/happyinaknit.com\/lt\/produktas\/zealana-air-lace\/#primaryimage"},"thumbnailUrl":"https:\/\/happyinaknit.com\/wp-content\/uploads\/2025\/10\/IMG_8785.jpg","datePublished":"2025-10-08T21:34:42+00:00","dateModified":"2026-04-06T17:56:55+00:00","breadcrumb":{"@id":"https:\/\/happyinaknit.com\/lt\/produktas\/zealana-air-lace\/#breadcrumb"},"inLanguage":"lt-LT","potentialAction":[{"@type":"ReadAction","target":["https:\/\/happyinaknit.com\/lt\/produktas\/zealana-air-lace\/"]}]},{"@type":"ImageObject","inLanguage":"lt-LT","@id":"https:\/\/happyinaknit.com\/lt\/produktas\/zealana-air-lace\/#primaryimage","url":"https:\/\/happyinaknit.com\/wp-content\/uploads\/2025\/10\/IMG_8785.jpg","contentUrl":"https:\/\/happyinaknit.com\/wp-content\/uploads\/2025\/10\/IMG_8785.jpg","width":1320,"height":1347},{"@type":"BreadcrumbList","@id":"https:\/\/happyinaknit.com\/lt\/produktas\/zealana-air-lace\/#breadcrumb","itemListElement":[{"@type":"ListItem","position":1,"name":"Home","item":"https:\/\/happyinaknit.com\/lt\/"},{"@type":"ListItem","position":2,"name":"Parduotuv\u0117","item":"https:\/\/happyinaknit.com\/lt\/parduotuve\/"},{"@type":"ListItem","position":3,"name":"Zealana Air Lace"}]},{"@type":"WebSite","@id":"https:\/\/happyinaknit.com\/lt\/#website","url":"https:\/\/happyinaknit.com\/lt\/","name":"Happyinaknit.com","description":"","potentialAction":[{"@type":"SearchAction","target":{"@type":"EntryPoint","urlTemplate":"https:\/\/happyinaknit.com\/lt\/?s={search_term_string}"},"query-input":{"@type":"PropertyValueSpecification","valueRequired":true,"valueName":"search_term_string"}}],"inLanguage":"lt-LT"}]}},"_links":{"self":[{"href":"https:\/\/happyinaknit.com\/lt\/wp-json\/wp\/v2\/product\/3791","targetHints":{"allow":["GET"]}}],"collection":[{"href":"https:\/\/happyinaknit.com\/lt\/wp-json\/wp\/v2\/product"}],"about":[{"href":"https:\/\/happyinaknit.com\/lt\/wp-json\/wp\/v2\/types\/product"}],"replies":[{"embeddable":true,"href":"https:\/\/happyinaknit.com\/lt\/wp-json\/wp\/v2\/comments?post=3791"}],"wp:featuredmedia":[{"embeddable":true,"href":"https:\/\/happyinaknit.com\/lt\/wp-json\/wp\/v2\/media\/3761"}],"wp:attachment":[{"href":"https:\/\/happyinaknit.com\/lt\/wp-json\/wp\/v2\/media?parent=3791"}],"wp:term":[{"taxonomy":"product_brand","embeddable":true,"href":"https:\/\/happyinaknit.com\/lt\/wp-json\/wp\/v2\/product_brand?post=3791"},{"taxonomy":"product_cat","embeddable":true,"href":"https:\/\/happyinaknit.com\/lt\/wp-json\/wp\/v2\/product_cat?post=3791"},{"taxonomy":"product_tag","embeddable":true,"href":"https:\/\/happyinaknit.com\/lt\/wp-json\/wp\/v2\/product_tag?post=3791"},{"taxonomy":"pro-kategorijos","embeddable":true,"href":"https:\/\/happyinaknit.com\/lt\/wp-json\/wp\/v2\/pro-kategorijos?post=3791"}],"curies":[{"name":"wp","href":"https:\/\/api.w.org\/{rel}","templated":true}]}}