{"id":3719,"date":"2025-10-08T20:58:22","date_gmt":"2025-10-08T20:58:22","guid":{"rendered":"https:\/\/happyinaknit.com\/?post_type=product&#038;p=3719"},"modified":"2026-03-26T13:18:36","modified_gmt":"2026-03-26T13:18:36","slug":"zealana-kiwi-fingering","status":"publish","type":"product","link":"https:\/\/happyinaknit.com\/lt\/produktas\/zealana-kiwi-fingering\/","title":{"rendered":"Zealana Kiwi Fingering"},"content":{"rendered":"<p data-start=\"108\" data-end=\"488\"><strong data-start=\"108\" data-end=\"134\">Zealana Rimu Fingering<\/strong> \u2013 prabangi, i\u0161skirtin\u0117s sud\u0117ties si\u016bl\u0173 kolekcija, jungianti Naujosios Zelandijos merino vilnos \u0161velnum\u0105, possumo \u0161ilum\u0105 ir ekologi\u0161kos medviln\u0117s nat\u016bralum\u0105. \u0160is derinys suteikia si\u016blui ypating\u0105 lengvum\u0105, elastingum\u0105 ir \u0161ilumin\u012f komfort\u0105, tod\u0117l jis puikiai tinka megztiniams, \u0161alikams, skaroms ir aksesuarams, kuriuos malonu d\u0117v\u0117ti visus metus.<\/p>\n<p data-start=\"490\" data-end=\"763\"><strong data-start=\"490\" data-end=\"502\">Sud\u0117tis:<\/strong> 40 % Naujosios Zelandijos merino vilna, 30 % possumas, 30 % ekologi\u0161ka medviln\u0117<br data-start=\"582\" data-end=\"585\" \/><strong>Svoris \/ metra\u017eas:<\/strong> 40 g &#8211; 124 m<br data-start=\"619\" data-end=\"622\" \/><strong data-start=\"622\" data-end=\"650\" data-is-only-node=\"\">Rekomenduojami virbalai:<\/strong> 3,0 mm<br data-start=\"657\" data-end=\"660\" \/><strong data-start=\"660\" data-end=\"671\">Tankumas:<\/strong> 10 cm \u2013 apie 27 akys<br data-start=\"692\" data-end=\"695\" \/><strong data-start=\"695\" data-end=\"718\">Reikalingas kiekis:<\/strong> megztiniui M dyd\u017eio \u2013 apie 7\u20138 kamuoliukai<\/p>\n<p data-start=\"765\" data-end=\"872\"><strong data-start=\"765\" data-end=\"779\">Prie\u017ei\u016bra:<\/strong> skalbti rankomis ne auk\u0161tesn\u0117je nei 30 \u00b0C temperat\u016broje, d\u017eiovinti patiesus horizontaliai.<\/p>\n<p data-start=\"874\" data-end=\"962\" data-is-last-node=\"\" data-is-only-node=\"\"><strong data-start=\"874\" data-end=\"886\">Pastaba:<\/strong> spalv\u0173 atspalviai gali \u0161iek tiek skirtis priklausomai nuo \u012frenginio ekrano.<\/p>\n","protected":false},"excerpt":{"rendered":"<p>Zealana Rimu Fingering \u2013 prabangi, i\u0161skirtin\u0117s sud\u0117ties si\u016bl\u0173 kolekcija, jungianti Naujosios Zelandijos merino vilnos \u0161velnum\u0105, possumo \u0161ilum\u0105 ir ekologi\u0161kos medviln\u0117s nat\u016bralum\u0105. \u0160is derinys suteikia si\u016blui ypating\u0105 lengvum\u0105, elastingum\u0105 ir \u0161ilumin\u012f komfort\u0105, tod\u0117l jis puikiai tinka megztiniams, \u0161alikams, skaroms ir aksesuarams, kuriuos malonu d\u0117v\u0117ti visus metus. Sud\u0117tis: 40 % Naujosios Zelandijos merino vilna, 30 % possumas, [&hellip;]<\/p>\n","protected":false},"featured_media":3777,"comment_status":"open","ping_status":"closed","template":"","meta":{"_acf_changed":false},"product_brand":[64],"product_cat":[15,18],"product_tag":[],"pro-kategorijos":[55,71,809],"class_list":{"0":"post-3719","1":"product","2":"type-product","3":"status-publish","4":"has-post-thumbnail","6":"product_brand-zealanalanamania","7":"product_cat-visi-produktai","8":"product_cat-siulai","9":"pro-kategorijos-medvilne","10":"pro-kategorijos-merino-vilna","11":"pro-kategorijos-possumas","13":"first","14":"instock","15":"shipping-taxable","16":"purchasable","17":"product-type-variable"},"acf":[],"yoast_head":"<!-- This site is optimized with the Yoast SEO plugin v26.8 - https:\/\/yoast.com\/product\/yoast-seo-wordpress\/ -->\n<title>Zealana Kiwi Fingering - Happyinaknit.com<\/title>\n<meta name=\"robots\" content=\"index, follow, max-snippet:-1, max-image-preview:large, max-video-preview:-1\" \/>\n<link rel=\"canonical\" href=\"https:\/\/happyinaknit.com\/lt\/produktas\/zealana-kiwi-fingering\/\" \/>\n<meta property=\"og:locale\" content=\"lt_LT\" \/>\n<meta property=\"og:type\" content=\"article\" \/>\n<meta property=\"og:title\" content=\"Zealana Kiwi Fingering - Happyinaknit.com\" \/>\n<meta property=\"og:description\" content=\"Zealana Rimu Fingering \u2013 prabangi, i\u0161skirtin\u0117s sud\u0117ties si\u016bl\u0173 kolekcija, jungianti Naujosios Zelandijos merino vilnos \u0161velnum\u0105, possumo \u0161ilum\u0105 ir ekologi\u0161kos medviln\u0117s nat\u016bralum\u0105. \u0160is derinys suteikia si\u016blui ypating\u0105 lengvum\u0105, elastingum\u0105 ir \u0161ilumin\u012f komfort\u0105, tod\u0117l jis puikiai tinka megztiniams, \u0161alikams, skaroms ir aksesuarams, kuriuos malonu d\u0117v\u0117ti visus metus. Sud\u0117tis: 40 % Naujosios Zelandijos merino vilna, 30 % possumas, [&hellip;]\" \/>\n<meta property=\"og:url\" content=\"https:\/\/happyinaknit.com\/lt\/produktas\/zealana-kiwi-fingering\/\" \/>\n<meta property=\"og:site_name\" content=\"Happyinaknit.com\" \/>\n<meta property=\"article:modified_time\" content=\"2026-03-26T13:18:36+00:00\" \/>\n<meta property=\"og:image\" content=\"https:\/\/happyinaknit.com\/wp-content\/uploads\/2025\/10\/IMG_8769.jpg\" \/>\n\t<meta property=\"og:image:width\" content=\"1320\" \/>\n\t<meta property=\"og:image:height\" content=\"1884\" \/>\n\t<meta property=\"og:image:type\" content=\"image\/jpeg\" \/>\n<meta name=\"twitter:card\" content=\"summary_large_image\" \/>\n<meta name=\"twitter:label1\" content=\"Est. reading time\" \/>\n\t<meta name=\"twitter:data1\" content=\"1 minut\u0117\" \/>\n<script type=\"application\/ld+json\" class=\"yoast-schema-graph\">{\"@context\":\"https:\/\/schema.org\",\"@graph\":[{\"@type\":\"WebPage\",\"@id\":\"https:\/\/happyinaknit.com\/produktas\/zealana-kiwi-fingering\/\",\"url\":\"https:\/\/happyinaknit.com\/produktas\/zealana-kiwi-fingering\/\",\"name\":\"Zealana Kiwi Fingering - Happyinaknit.com\",\"isPartOf\":{\"@id\":\"https:\/\/happyinaknit.com\/lt\/#website\"},\"primaryImageOfPage\":{\"@id\":\"https:\/\/happyinaknit.com\/produktas\/zealana-kiwi-fingering\/#primaryimage\"},\"image\":{\"@id\":\"https:\/\/happyinaknit.com\/produktas\/zealana-kiwi-fingering\/#primaryimage\"},\"thumbnailUrl\":\"https:\/\/happyinaknit.com\/wp-content\/uploads\/2025\/10\/IMG_8769.jpg\",\"datePublished\":\"2025-10-08T20:58:22+00:00\",\"dateModified\":\"2026-03-26T13:18:36+00:00\",\"breadcrumb\":{\"@id\":\"https:\/\/happyinaknit.com\/produktas\/zealana-kiwi-fingering\/#breadcrumb\"},\"inLanguage\":\"lt-LT\",\"potentialAction\":[{\"@type\":\"ReadAction\",\"target\":[\"https:\/\/happyinaknit.com\/produktas\/zealana-kiwi-fingering\/\"]}]},{\"@type\":\"ImageObject\",\"inLanguage\":\"lt-LT\",\"@id\":\"https:\/\/happyinaknit.com\/produktas\/zealana-kiwi-fingering\/#primaryimage\",\"url\":\"https:\/\/happyinaknit.com\/wp-content\/uploads\/2025\/10\/IMG_8769.jpg\",\"contentUrl\":\"https:\/\/happyinaknit.com\/wp-content\/uploads\/2025\/10\/IMG_8769.jpg\",\"width\":1320,\"height\":1884},{\"@type\":\"BreadcrumbList\",\"@id\":\"https:\/\/happyinaknit.com\/produktas\/zealana-kiwi-fingering\/#breadcrumb\",\"itemListElement\":[{\"@type\":\"ListItem\",\"position\":1,\"name\":\"Home\",\"item\":\"https:\/\/happyinaknit.com\/lt\/\"},{\"@type\":\"ListItem\",\"position\":2,\"name\":\"Parduotuv\u0117\",\"item\":\"https:\/\/happyinaknit.com\/lt\/parduotuve\/\"},{\"@type\":\"ListItem\",\"position\":3,\"name\":\"Zealana Kiwi Fingering\"}]},{\"@type\":\"WebSite\",\"@id\":\"https:\/\/happyinaknit.com\/lt\/#website\",\"url\":\"https:\/\/happyinaknit.com\/lt\/\",\"name\":\"Happyinaknit.com\",\"description\":\"\",\"potentialAction\":[{\"@type\":\"SearchAction\",\"target\":{\"@type\":\"EntryPoint\",\"urlTemplate\":\"https:\/\/happyinaknit.com\/lt\/?s={search_term_string}\"},\"query-input\":{\"@type\":\"PropertyValueSpecification\",\"valueRequired\":true,\"valueName\":\"search_term_string\"}}],\"inLanguage\":\"lt-LT\"}]}<\/script>\n<!-- \/ Yoast SEO plugin. -->","yoast_head_json":{"title":"Zealana Kiwi Fingering - Happyinaknit.com","robots":{"index":"index","follow":"follow","max-snippet":"max-snippet:-1","max-image-preview":"max-image-preview:large","max-video-preview":"max-video-preview:-1"},"canonical":"https:\/\/happyinaknit.com\/lt\/produktas\/zealana-kiwi-fingering\/","og_locale":"lt_LT","og_type":"article","og_title":"Zealana Kiwi Fingering - Happyinaknit.com","og_description":"Zealana Rimu Fingering \u2013 prabangi, i\u0161skirtin\u0117s sud\u0117ties si\u016bl\u0173 kolekcija, jungianti Naujosios Zelandijos merino vilnos \u0161velnum\u0105, possumo \u0161ilum\u0105 ir ekologi\u0161kos medviln\u0117s nat\u016bralum\u0105. \u0160is derinys suteikia si\u016blui ypating\u0105 lengvum\u0105, elastingum\u0105 ir \u0161ilumin\u012f komfort\u0105, tod\u0117l jis puikiai tinka megztiniams, \u0161alikams, skaroms ir aksesuarams, kuriuos malonu d\u0117v\u0117ti visus metus. Sud\u0117tis: 40 % Naujosios Zelandijos merino vilna, 30 % possumas, [&hellip;]","og_url":"https:\/\/happyinaknit.com\/lt\/produktas\/zealana-kiwi-fingering\/","og_site_name":"Happyinaknit.com","article_modified_time":"2026-03-26T13:18:36+00:00","og_image":[{"width":1320,"height":1884,"url":"https:\/\/happyinaknit.com\/wp-content\/uploads\/2025\/10\/IMG_8769.jpg","type":"image\/jpeg"}],"twitter_card":"summary_large_image","twitter_misc":{"Est. reading time":"1 minut\u0117"},"schema":{"@context":"https:\/\/schema.org","@graph":[{"@type":"WebPage","@id":"https:\/\/happyinaknit.com\/produktas\/zealana-kiwi-fingering\/","url":"https:\/\/happyinaknit.com\/produktas\/zealana-kiwi-fingering\/","name":"Zealana Kiwi Fingering - Happyinaknit.com","isPartOf":{"@id":"https:\/\/happyinaknit.com\/lt\/#website"},"primaryImageOfPage":{"@id":"https:\/\/happyinaknit.com\/produktas\/zealana-kiwi-fingering\/#primaryimage"},"image":{"@id":"https:\/\/happyinaknit.com\/produktas\/zealana-kiwi-fingering\/#primaryimage"},"thumbnailUrl":"https:\/\/happyinaknit.com\/wp-content\/uploads\/2025\/10\/IMG_8769.jpg","datePublished":"2025-10-08T20:58:22+00:00","dateModified":"2026-03-26T13:18:36+00:00","breadcrumb":{"@id":"https:\/\/happyinaknit.com\/produktas\/zealana-kiwi-fingering\/#breadcrumb"},"inLanguage":"lt-LT","potentialAction":[{"@type":"ReadAction","target":["https:\/\/happyinaknit.com\/produktas\/zealana-kiwi-fingering\/"]}]},{"@type":"ImageObject","inLanguage":"lt-LT","@id":"https:\/\/happyinaknit.com\/produktas\/zealana-kiwi-fingering\/#primaryimage","url":"https:\/\/happyinaknit.com\/wp-content\/uploads\/2025\/10\/IMG_8769.jpg","contentUrl":"https:\/\/happyinaknit.com\/wp-content\/uploads\/2025\/10\/IMG_8769.jpg","width":1320,"height":1884},{"@type":"BreadcrumbList","@id":"https:\/\/happyinaknit.com\/produktas\/zealana-kiwi-fingering\/#breadcrumb","itemListElement":[{"@type":"ListItem","position":1,"name":"Home","item":"https:\/\/happyinaknit.com\/lt\/"},{"@type":"ListItem","position":2,"name":"Parduotuv\u0117","item":"https:\/\/happyinaknit.com\/lt\/parduotuve\/"},{"@type":"ListItem","position":3,"name":"Zealana Kiwi Fingering"}]},{"@type":"WebSite","@id":"https:\/\/happyinaknit.com\/lt\/#website","url":"https:\/\/happyinaknit.com\/lt\/","name":"Happyinaknit.com","description":"","potentialAction":[{"@type":"SearchAction","target":{"@type":"EntryPoint","urlTemplate":"https:\/\/happyinaknit.com\/lt\/?s={search_term_string}"},"query-input":{"@type":"PropertyValueSpecification","valueRequired":true,"valueName":"search_term_string"}}],"inLanguage":"lt-LT"}]}},"_links":{"self":[{"href":"https:\/\/happyinaknit.com\/lt\/wp-json\/wp\/v2\/product\/3719","targetHints":{"allow":["GET"]}}],"collection":[{"href":"https:\/\/happyinaknit.com\/lt\/wp-json\/wp\/v2\/product"}],"about":[{"href":"https:\/\/happyinaknit.com\/lt\/wp-json\/wp\/v2\/types\/product"}],"replies":[{"embeddable":true,"href":"https:\/\/happyinaknit.com\/lt\/wp-json\/wp\/v2\/comments?post=3719"}],"wp:featuredmedia":[{"embeddable":true,"href":"https:\/\/happyinaknit.com\/lt\/wp-json\/wp\/v2\/media\/3777"}],"wp:attachment":[{"href":"https:\/\/happyinaknit.com\/lt\/wp-json\/wp\/v2\/media?parent=3719"}],"wp:term":[{"taxonomy":"product_brand","embeddable":true,"href":"https:\/\/happyinaknit.com\/lt\/wp-json\/wp\/v2\/product_brand?post=3719"},{"taxonomy":"product_cat","embeddable":true,"href":"https:\/\/happyinaknit.com\/lt\/wp-json\/wp\/v2\/product_cat?post=3719"},{"taxonomy":"product_tag","embeddable":true,"href":"https:\/\/happyinaknit.com\/lt\/wp-json\/wp\/v2\/product_tag?post=3719"},{"taxonomy":"pro-kategorijos","embeddable":true,"href":"https:\/\/happyinaknit.com\/lt\/wp-json\/wp\/v2\/pro-kategorijos?post=3719"}],"curies":[{"name":"wp","href":"https:\/\/api.w.org\/{rel}","templated":true}]}}