{"id":3682,"date":"2025-10-08T19:11:24","date_gmt":"2025-10-08T19:11:24","guid":{"rendered":"https:\/\/happyinaknit.com\/?post_type=product&#038;p=3682"},"modified":"2026-03-13T15:08:52","modified_gmt":"2026-03-13T15:08:52","slug":"natural-club","status":"publish","type":"product","link":"https:\/\/happyinaknit.com\/lt\/produktas\/natural-club\/","title":{"rendered":"Natural Club"},"content":{"rendered":"<p data-start=\"60\" data-end=\"385\"><strong data-start=\"102\" data-end=\"118\">Natural Club<\/strong> si\u016blai pagaminti i\u0161 <strong data-start=\"139\" data-end=\"178\">100 % nat\u016bralaus med\u017eio celiulioz\u0117s<\/strong>. Jie idealiai tinka vasari\u0161kiems projektams \u2013 <strong data-start=\"225\" data-end=\"289\">skryb\u0117l\u0117ms, rankin\u0117ms, krep\u0161eliams ar interjero dekoracijoms<\/strong>. Si\u016blai pasi\u017eymi tvirtumu, ta\u010diau i\u0161lieka \u0161veln\u016bs, lengvai formuojami ir nat\u016braliai matiniai.<\/p>\n<p data-start=\"387\" data-end=\"552\"><strong data-start=\"387\" data-end=\"399\">Sud\u0117tis:<\/strong> 100 % \u00a0rafija (nat\u016bralaus med\u017eio celiulioz\u0117)<br data-start=\"434\" data-end=\"437\" \/><strong data-start=\"437\" data-end=\"453\">Kamuoliukas:<\/strong> 80 g &#8211; 200 m<br data-start=\"471\" data-end=\"474\" \/><strong data-start=\"474\" data-end=\"513\">Rekomenduojami virbalai \/ v\u0105\u0161eliai:<\/strong> 3,5\u20134,0 mm<br data-start=\"524\" data-end=\"527\" data-is-only-node=\"\" \/><strong data-start=\"527\" data-end=\"550\">Reikalingas kiekis:<\/strong><\/p>\n<ul data-start=\"553\" data-end=\"641\">\n<li data-start=\"553\" data-end=\"580\">\n<p data-start=\"555\" data-end=\"580\">panamai \u2013 1 kamuoliukas<\/p>\n<\/li>\n<li data-start=\"581\" data-end=\"610\">\n<p data-start=\"583\" data-end=\"610\">skryb\u0117lei \u2013 2 kamuoliukai<\/p>\n<\/li>\n<li data-start=\"611\" data-end=\"641\">\n<p data-start=\"613\" data-end=\"641\">krep\u0161iui \u2013 2\u20133 kamuoliukai<\/p>\n<\/li>\n<\/ul>\n<p data-start=\"643\" data-end=\"758\"><strong data-start=\"643\" data-end=\"657\">Prie\u017ei\u016bra:<\/strong> valyti dr\u0117gna \u0161luoste, vengti ilgo poveikio ry\u0161kioje \u0161viesoje, nes gali \u0161iek tiek i\u0161blukti spalva.<\/p>\n<p data-start=\"760\" data-end=\"848\" data-is-last-node=\"\" data-is-only-node=\"\"><strong data-start=\"760\" data-end=\"772\">Pastaba:<\/strong> spalv\u0173 atspalviai gali \u0161iek tiek skirtis priklausomai nuo \u012frenginio ekrano.<\/p>\n","protected":false},"excerpt":{"rendered":"<p>Natural Club si\u016blai pagaminti i\u0161 100 % nat\u016bralaus med\u017eio celiulioz\u0117s. Jie idealiai tinka vasari\u0161kiems projektams \u2013 skryb\u0117l\u0117ms, rankin\u0117ms, krep\u0161eliams ar interjero dekoracijoms. Si\u016blai pasi\u017eymi tvirtumu, ta\u010diau i\u0161lieka \u0161veln\u016bs, lengvai formuojami ir nat\u016braliai matiniai. Sud\u0117tis: 100 % \u00a0rafija (nat\u016bralaus med\u017eio celiulioz\u0117)Kamuoliukas: 80 g &#8211; 200 mRekomenduojami virbalai \/ v\u0105\u0161eliai: 3,5\u20134,0 mmReikalingas kiekis: panamai \u2013 1 kamuoliukas [&hellip;]<\/p>\n","protected":false},"featured_media":3686,"comment_status":"open","ping_status":"closed","template":"","meta":{"_acf_changed":false},"product_brand":[62],"product_cat":[15,18],"product_tag":[],"pro-kategorijos":[83],"class_list":{"0":"post-3682","1":"product","2":"type-product","3":"status-publish","4":"has-post-thumbnail","6":"product_brand-natural-club","7":"product_cat-visi-produktai","8":"product_cat-siulai","9":"pro-kategorijos-raffia","11":"first","12":"instock","13":"shipping-taxable","14":"purchasable","15":"product-type-variable"},"acf":[],"yoast_head":"<!-- This site is optimized with the Yoast SEO plugin v26.8 - https:\/\/yoast.com\/product\/yoast-seo-wordpress\/ -->\n<title>Natural Club - Happyinaknit.com<\/title>\n<meta name=\"robots\" content=\"index, follow, max-snippet:-1, max-image-preview:large, max-video-preview:-1\" \/>\n<link rel=\"canonical\" href=\"https:\/\/happyinaknit.com\/lt\/produktas\/natural-club\/\" \/>\n<meta property=\"og:locale\" content=\"lt_LT\" \/>\n<meta property=\"og:type\" content=\"article\" \/>\n<meta property=\"og:title\" content=\"Natural Club - Happyinaknit.com\" \/>\n<meta property=\"og:description\" content=\"Natural Club si\u016blai pagaminti i\u0161 100 % nat\u016bralaus med\u017eio celiulioz\u0117s. Jie idealiai tinka vasari\u0161kiems projektams \u2013 skryb\u0117l\u0117ms, rankin\u0117ms, krep\u0161eliams ar interjero dekoracijoms. Si\u016blai pasi\u017eymi tvirtumu, ta\u010diau i\u0161lieka \u0161veln\u016bs, lengvai formuojami ir nat\u016braliai matiniai. Sud\u0117tis: 100 % \u00a0rafija (nat\u016bralaus med\u017eio celiulioz\u0117)Kamuoliukas: 80 g &#8211; 200 mRekomenduojami virbalai \/ v\u0105\u0161eliai: 3,5\u20134,0 mmReikalingas kiekis: panamai \u2013 1 kamuoliukas [&hellip;]\" \/>\n<meta property=\"og:url\" content=\"https:\/\/happyinaknit.com\/lt\/produktas\/natural-club\/\" \/>\n<meta property=\"og:site_name\" content=\"Happyinaknit.com\" \/>\n<meta property=\"article:modified_time\" content=\"2026-03-13T15:08:52+00:00\" \/>\n<meta property=\"og:image\" content=\"https:\/\/happyinaknit.com\/wp-content\/uploads\/2025\/10\/IMG_8744.jpg\" \/>\n\t<meta property=\"og:image:width\" content=\"1320\" \/>\n\t<meta property=\"og:image:height\" content=\"1395\" \/>\n\t<meta property=\"og:image:type\" content=\"image\/jpeg\" \/>\n<meta name=\"twitter:card\" content=\"summary_large_image\" \/>\n<meta name=\"twitter:label1\" content=\"Est. reading time\" \/>\n\t<meta name=\"twitter:data1\" content=\"1 minut\u0117\" \/>\n<script type=\"application\/ld+json\" class=\"yoast-schema-graph\">{\"@context\":\"https:\/\/schema.org\",\"@graph\":[{\"@type\":\"WebPage\",\"@id\":\"https:\/\/happyinaknit.com\/produktas\/natural-club\/\",\"url\":\"https:\/\/happyinaknit.com\/produktas\/natural-club\/\",\"name\":\"Natural Club - Happyinaknit.com\",\"isPartOf\":{\"@id\":\"https:\/\/happyinaknit.com\/lt\/#website\"},\"primaryImageOfPage\":{\"@id\":\"https:\/\/happyinaknit.com\/produktas\/natural-club\/#primaryimage\"},\"image\":{\"@id\":\"https:\/\/happyinaknit.com\/produktas\/natural-club\/#primaryimage\"},\"thumbnailUrl\":\"https:\/\/happyinaknit.com\/wp-content\/uploads\/2025\/10\/IMG_8744.jpg\",\"datePublished\":\"2025-10-08T19:11:24+00:00\",\"dateModified\":\"2026-03-13T15:08:52+00:00\",\"breadcrumb\":{\"@id\":\"https:\/\/happyinaknit.com\/produktas\/natural-club\/#breadcrumb\"},\"inLanguage\":\"lt-LT\",\"potentialAction\":[{\"@type\":\"ReadAction\",\"target\":[\"https:\/\/happyinaknit.com\/produktas\/natural-club\/\"]}]},{\"@type\":\"ImageObject\",\"inLanguage\":\"lt-LT\",\"@id\":\"https:\/\/happyinaknit.com\/produktas\/natural-club\/#primaryimage\",\"url\":\"https:\/\/happyinaknit.com\/wp-content\/uploads\/2025\/10\/IMG_8744.jpg\",\"contentUrl\":\"https:\/\/happyinaknit.com\/wp-content\/uploads\/2025\/10\/IMG_8744.jpg\",\"width\":1320,\"height\":1395},{\"@type\":\"BreadcrumbList\",\"@id\":\"https:\/\/happyinaknit.com\/produktas\/natural-club\/#breadcrumb\",\"itemListElement\":[{\"@type\":\"ListItem\",\"position\":1,\"name\":\"Home\",\"item\":\"https:\/\/happyinaknit.com\/lt\/\"},{\"@type\":\"ListItem\",\"position\":2,\"name\":\"Parduotuv\u0117\",\"item\":\"https:\/\/happyinaknit.com\/lt\/parduotuve\/\"},{\"@type\":\"ListItem\",\"position\":3,\"name\":\"Natural Club\"}]},{\"@type\":\"WebSite\",\"@id\":\"https:\/\/happyinaknit.com\/lt\/#website\",\"url\":\"https:\/\/happyinaknit.com\/lt\/\",\"name\":\"Happyinaknit.com\",\"description\":\"\",\"potentialAction\":[{\"@type\":\"SearchAction\",\"target\":{\"@type\":\"EntryPoint\",\"urlTemplate\":\"https:\/\/happyinaknit.com\/lt\/?s={search_term_string}\"},\"query-input\":{\"@type\":\"PropertyValueSpecification\",\"valueRequired\":true,\"valueName\":\"search_term_string\"}}],\"inLanguage\":\"lt-LT\"}]}<\/script>\n<!-- \/ Yoast SEO plugin. -->","yoast_head_json":{"title":"Natural Club - Happyinaknit.com","robots":{"index":"index","follow":"follow","max-snippet":"max-snippet:-1","max-image-preview":"max-image-preview:large","max-video-preview":"max-video-preview:-1"},"canonical":"https:\/\/happyinaknit.com\/lt\/produktas\/natural-club\/","og_locale":"lt_LT","og_type":"article","og_title":"Natural Club - Happyinaknit.com","og_description":"Natural Club si\u016blai pagaminti i\u0161 100 % nat\u016bralaus med\u017eio celiulioz\u0117s. Jie idealiai tinka vasari\u0161kiems projektams \u2013 skryb\u0117l\u0117ms, rankin\u0117ms, krep\u0161eliams ar interjero dekoracijoms. Si\u016blai pasi\u017eymi tvirtumu, ta\u010diau i\u0161lieka \u0161veln\u016bs, lengvai formuojami ir nat\u016braliai matiniai. Sud\u0117tis: 100 % \u00a0rafija (nat\u016bralaus med\u017eio celiulioz\u0117)Kamuoliukas: 80 g &#8211; 200 mRekomenduojami virbalai \/ v\u0105\u0161eliai: 3,5\u20134,0 mmReikalingas kiekis: panamai \u2013 1 kamuoliukas [&hellip;]","og_url":"https:\/\/happyinaknit.com\/lt\/produktas\/natural-club\/","og_site_name":"Happyinaknit.com","article_modified_time":"2026-03-13T15:08:52+00:00","og_image":[{"width":1320,"height":1395,"url":"https:\/\/happyinaknit.com\/wp-content\/uploads\/2025\/10\/IMG_8744.jpg","type":"image\/jpeg"}],"twitter_card":"summary_large_image","twitter_misc":{"Est. reading time":"1 minut\u0117"},"schema":{"@context":"https:\/\/schema.org","@graph":[{"@type":"WebPage","@id":"https:\/\/happyinaknit.com\/produktas\/natural-club\/","url":"https:\/\/happyinaknit.com\/produktas\/natural-club\/","name":"Natural Club - Happyinaknit.com","isPartOf":{"@id":"https:\/\/happyinaknit.com\/lt\/#website"},"primaryImageOfPage":{"@id":"https:\/\/happyinaknit.com\/produktas\/natural-club\/#primaryimage"},"image":{"@id":"https:\/\/happyinaknit.com\/produktas\/natural-club\/#primaryimage"},"thumbnailUrl":"https:\/\/happyinaknit.com\/wp-content\/uploads\/2025\/10\/IMG_8744.jpg","datePublished":"2025-10-08T19:11:24+00:00","dateModified":"2026-03-13T15:08:52+00:00","breadcrumb":{"@id":"https:\/\/happyinaknit.com\/produktas\/natural-club\/#breadcrumb"},"inLanguage":"lt-LT","potentialAction":[{"@type":"ReadAction","target":["https:\/\/happyinaknit.com\/produktas\/natural-club\/"]}]},{"@type":"ImageObject","inLanguage":"lt-LT","@id":"https:\/\/happyinaknit.com\/produktas\/natural-club\/#primaryimage","url":"https:\/\/happyinaknit.com\/wp-content\/uploads\/2025\/10\/IMG_8744.jpg","contentUrl":"https:\/\/happyinaknit.com\/wp-content\/uploads\/2025\/10\/IMG_8744.jpg","width":1320,"height":1395},{"@type":"BreadcrumbList","@id":"https:\/\/happyinaknit.com\/produktas\/natural-club\/#breadcrumb","itemListElement":[{"@type":"ListItem","position":1,"name":"Home","item":"https:\/\/happyinaknit.com\/lt\/"},{"@type":"ListItem","position":2,"name":"Parduotuv\u0117","item":"https:\/\/happyinaknit.com\/lt\/parduotuve\/"},{"@type":"ListItem","position":3,"name":"Natural Club"}]},{"@type":"WebSite","@id":"https:\/\/happyinaknit.com\/lt\/#website","url":"https:\/\/happyinaknit.com\/lt\/","name":"Happyinaknit.com","description":"","potentialAction":[{"@type":"SearchAction","target":{"@type":"EntryPoint","urlTemplate":"https:\/\/happyinaknit.com\/lt\/?s={search_term_string}"},"query-input":{"@type":"PropertyValueSpecification","valueRequired":true,"valueName":"search_term_string"}}],"inLanguage":"lt-LT"}]}},"_links":{"self":[{"href":"https:\/\/happyinaknit.com\/lt\/wp-json\/wp\/v2\/product\/3682","targetHints":{"allow":["GET"]}}],"collection":[{"href":"https:\/\/happyinaknit.com\/lt\/wp-json\/wp\/v2\/product"}],"about":[{"href":"https:\/\/happyinaknit.com\/lt\/wp-json\/wp\/v2\/types\/product"}],"replies":[{"embeddable":true,"href":"https:\/\/happyinaknit.com\/lt\/wp-json\/wp\/v2\/comments?post=3682"}],"wp:featuredmedia":[{"embeddable":true,"href":"https:\/\/happyinaknit.com\/lt\/wp-json\/wp\/v2\/media\/3686"}],"wp:attachment":[{"href":"https:\/\/happyinaknit.com\/lt\/wp-json\/wp\/v2\/media?parent=3682"}],"wp:term":[{"taxonomy":"product_brand","embeddable":true,"href":"https:\/\/happyinaknit.com\/lt\/wp-json\/wp\/v2\/product_brand?post=3682"},{"taxonomy":"product_cat","embeddable":true,"href":"https:\/\/happyinaknit.com\/lt\/wp-json\/wp\/v2\/product_cat?post=3682"},{"taxonomy":"product_tag","embeddable":true,"href":"https:\/\/happyinaknit.com\/lt\/wp-json\/wp\/v2\/product_tag?post=3682"},{"taxonomy":"pro-kategorijos","embeddable":true,"href":"https:\/\/happyinaknit.com\/lt\/wp-json\/wp\/v2\/pro-kategorijos?post=3682"}],"curies":[{"name":"wp","href":"https:\/\/api.w.org\/{rel}","templated":true}]}}