{"id":3629,"date":"2025-10-08T13:46:47","date_gmt":"2025-10-08T13:46:47","guid":{"rendered":"https:\/\/happyinaknit.com\/?post_type=product&#038;p=3629"},"modified":"2026-03-11T16:06:02","modified_gmt":"2026-03-11T16:06:02","slug":"addi-unicorn-lace","status":"publish","type":"product","link":"https:\/\/happyinaknit.com\/lt\/produktas\/addi-unicorn-lace\/","title":{"rendered":"Addi Unicorn Lace virbalai su valu 80 cm"},"content":{"rendered":"<p data-start=\"50\" data-end=\"391\">Atraskite <strong data-start=\"60\" data-end=\"81\">vienaragi\u0173 magij\u0105<\/strong>!<\/p>\n<p data-start=\"62\" data-end=\"450\">Eleganti\u0161ki <strong data-start=\"74\" data-end=\"95\">Addi Unicorn Lace<\/strong> virbalai \u2013 tai meistri\u0161kumo ir gro\u017eio derinys. \u0160ie virbalai sukurti i\u0161 auk\u0161tos kokyb\u0117s \u017ealvario, padengto baltu bronzos atspalviu, o j\u0173 spiral\u0117s formos strukt\u016bra \u0161velniai masa\u017euoja rankas mezgant. Du smail\u016bs \u201elace\u201c tipo galiukai leid\u017eia lengvai megzti a\u017e\u016brinius ra\u0161tus, o ro\u017einis plastikinis valas suteikia i\u0161skirtinumo bei \u0161velnios elegancijos poj\u016bt\u012f.<\/p>\n<p data-start=\"452\" data-end=\"467\"><strong data-start=\"452\" data-end=\"465\">Ypatyb\u0117s:<\/strong><\/p>\n<ul data-start=\"468\" data-end=\"859\">\n<li data-start=\"468\" data-end=\"531\">\n<p data-start=\"470\" data-end=\"531\">Med\u017eiaga: <strong data-start=\"480\" data-end=\"504\">\u017ealvariniai galiukai<\/strong>, balto bronzos atspalvio<\/p>\n<\/li>\n<li data-start=\"532\" data-end=\"593\">\n<p data-start=\"534\" data-end=\"593\">Galiukai: <strong data-start=\"544\" data-end=\"579\">du smail\u016bs \u201elace\u201c tipo galiukai<\/strong> (po 125 mm)<\/p>\n<\/li>\n<li data-start=\"594\" data-end=\"634\">\n<p data-start=\"596\" data-end=\"634\">Valas: <strong data-start=\"603\" data-end=\"632\">ro\u017einis plastikinis valas<\/strong><\/p>\n<\/li>\n<li data-start=\"635\" data-end=\"724\">\n<p data-start=\"637\" data-end=\"724\">Pavir\u0161ius: <strong data-start=\"648\" data-end=\"671\">spiralin\u0117 strukt\u016bra<\/strong> \u2013 masa\u017euoja rankas ir padeda si\u016blui lengvai slysti<\/p>\n<\/li>\n<li data-start=\"725\" data-end=\"789\">\n<p data-start=\"727\" data-end=\"789\">Tinka tiek <strong data-start=\"738\" data-end=\"758\">ploniems si\u016blams<\/strong>, tiek <strong data-start=\"765\" data-end=\"787\">subtiliems ra\u0161tams<\/strong><\/p>\n<\/li>\n<li data-start=\"790\" data-end=\"859\">\n<p data-start=\"792\" data-end=\"859\">Ideal\u016bs tiek <strong data-start=\"805\" data-end=\"825\">pradedantiesiems<\/strong>, tiek <strong data-start=\"832\" data-end=\"857\">patyrusiems mezg\u0117jams<\/strong><\/p>\n<\/li>\n<\/ul>\n<p data-start=\"861\" data-end=\"1008\">\u0160i\u0173 virbal\u0173 spiralinis pavir\u0161ius u\u017etikrina puik\u0173 balans\u0105 tarp slydimo ir sukibimo, o ergonomi\u0161ka forma leid\u017eia m\u0117gautis mezgimu be rank\u0173 \u012ftampos.<\/p>\n<p data-start=\"1010\" data-end=\"1096\" data-is-last-node=\"\" data-is-only-node=\"\"><em data-start=\"1010\" data-end=\"1096\" data-is-last-node=\"\">Pastaba: spalv\u0173 atspalviai gali \u0161iek tiek skirtis priklausomai nuo \u012frenginio ekrano.<\/em><\/p>\n","protected":false},"excerpt":{"rendered":"<p>Atraskite vienaragi\u0173 magij\u0105! Eleganti\u0161ki Addi Unicorn Lace virbalai \u2013 tai meistri\u0161kumo ir gro\u017eio derinys. \u0160ie virbalai sukurti i\u0161 auk\u0161tos kokyb\u0117s \u017ealvario, padengto baltu bronzos atspalviu, o j\u0173 spiral\u0117s formos strukt\u016bra \u0161velniai masa\u017euoja rankas mezgant. Du smail\u016bs \u201elace\u201c tipo galiukai leid\u017eia lengvai megzti a\u017e\u016brinius ra\u0161tus, o ro\u017einis plastikinis valas suteikia i\u0161skirtinumo bei \u0161velnios elegancijos poj\u016bt\u012f. Ypatyb\u0117s: [&hellip;]<\/p>\n","protected":false},"featured_media":3661,"comment_status":"open","ping_status":"closed","template":"","meta":{"_acf_changed":false},"product_brand":[786],"product_cat":[15,19,53,862],"product_tag":[],"pro-kategorijos":[],"class_list":{"0":"post-3629","1":"product","2":"type-product","3":"status-publish","4":"has-post-thumbnail","6":"product_brand-addi","7":"product_cat-visi-produktai","8":"product_cat-mezgimo-priemones","9":"product_cat-virbalai","10":"product_cat-virbalai-su-valu","12":"first","13":"instock","14":"shipping-taxable","15":"purchasable","16":"product-type-variable"},"acf":[],"yoast_head":"<!-- This site is optimized with the Yoast SEO plugin v26.8 - https:\/\/yoast.com\/product\/yoast-seo-wordpress\/ -->\n<title>Addi Unicorn Lace virbalai su valu 80 cm - Happyinaknit.com<\/title>\n<meta name=\"robots\" content=\"index, follow, max-snippet:-1, max-image-preview:large, max-video-preview:-1\" \/>\n<link rel=\"canonical\" href=\"https:\/\/happyinaknit.com\/lt\/produktas\/addi-unicorn-lace\/\" \/>\n<meta property=\"og:locale\" content=\"lt_LT\" \/>\n<meta property=\"og:type\" content=\"article\" \/>\n<meta property=\"og:title\" content=\"Addi Unicorn Lace virbalai su valu 80 cm - Happyinaknit.com\" \/>\n<meta property=\"og:description\" content=\"Atraskite vienaragi\u0173 magij\u0105! Eleganti\u0161ki Addi Unicorn Lace virbalai \u2013 tai meistri\u0161kumo ir gro\u017eio derinys. \u0160ie virbalai sukurti i\u0161 auk\u0161tos kokyb\u0117s \u017ealvario, padengto baltu bronzos atspalviu, o j\u0173 spiral\u0117s formos strukt\u016bra \u0161velniai masa\u017euoja rankas mezgant. Du smail\u016bs \u201elace\u201c tipo galiukai leid\u017eia lengvai megzti a\u017e\u016brinius ra\u0161tus, o ro\u017einis plastikinis valas suteikia i\u0161skirtinumo bei \u0161velnios elegancijos poj\u016bt\u012f. Ypatyb\u0117s: [&hellip;]\" \/>\n<meta property=\"og:url\" content=\"https:\/\/happyinaknit.com\/lt\/produktas\/addi-unicorn-lace\/\" \/>\n<meta property=\"og:site_name\" content=\"Happyinaknit.com\" \/>\n<meta property=\"article:modified_time\" content=\"2026-03-11T16:06:02+00:00\" \/>\n<meta property=\"og:image\" content=\"https:\/\/happyinaknit.com\/wp-content\/uploads\/2025\/10\/Unicorn_Lace.png.webp\" \/>\n\t<meta property=\"og:image:width\" content=\"1080\" \/>\n\t<meta property=\"og:image:height\" content=\"1080\" \/>\n\t<meta property=\"og:image:type\" content=\"image\/webp\" \/>\n<meta name=\"twitter:card\" content=\"summary_large_image\" \/>\n<meta name=\"twitter:label1\" content=\"Est. reading time\" \/>\n\t<meta name=\"twitter:data1\" content=\"1 minut\u0117\" \/>\n<script type=\"application\/ld+json\" class=\"yoast-schema-graph\">{\"@context\":\"https:\/\/schema.org\",\"@graph\":[{\"@type\":\"WebPage\",\"@id\":\"https:\/\/happyinaknit.com\/produktas\/addi-unicorn-lace\/\",\"url\":\"https:\/\/happyinaknit.com\/produktas\/addi-unicorn-lace\/\",\"name\":\"Addi Unicorn Lace virbalai su valu 80 cm - Happyinaknit.com\",\"isPartOf\":{\"@id\":\"https:\/\/happyinaknit.com\/lt\/#website\"},\"primaryImageOfPage\":{\"@id\":\"https:\/\/happyinaknit.com\/produktas\/addi-unicorn-lace\/#primaryimage\"},\"image\":{\"@id\":\"https:\/\/happyinaknit.com\/produktas\/addi-unicorn-lace\/#primaryimage\"},\"thumbnailUrl\":\"https:\/\/happyinaknit.com\/wp-content\/uploads\/2025\/10\/Unicorn_Lace.png.webp\",\"datePublished\":\"2025-10-08T13:46:47+00:00\",\"dateModified\":\"2026-03-11T16:06:02+00:00\",\"breadcrumb\":{\"@id\":\"https:\/\/happyinaknit.com\/produktas\/addi-unicorn-lace\/#breadcrumb\"},\"inLanguage\":\"lt-LT\",\"potentialAction\":[{\"@type\":\"ReadAction\",\"target\":[\"https:\/\/happyinaknit.com\/produktas\/addi-unicorn-lace\/\"]}]},{\"@type\":\"ImageObject\",\"inLanguage\":\"lt-LT\",\"@id\":\"https:\/\/happyinaknit.com\/produktas\/addi-unicorn-lace\/#primaryimage\",\"url\":\"https:\/\/happyinaknit.com\/wp-content\/uploads\/2025\/10\/Unicorn_Lace.png.webp\",\"contentUrl\":\"https:\/\/happyinaknit.com\/wp-content\/uploads\/2025\/10\/Unicorn_Lace.png.webp\",\"width\":1080,\"height\":1080},{\"@type\":\"BreadcrumbList\",\"@id\":\"https:\/\/happyinaknit.com\/produktas\/addi-unicorn-lace\/#breadcrumb\",\"itemListElement\":[{\"@type\":\"ListItem\",\"position\":1,\"name\":\"Home\",\"item\":\"https:\/\/happyinaknit.com\/lt\/\"},{\"@type\":\"ListItem\",\"position\":2,\"name\":\"Parduotuv\u0117\",\"item\":\"https:\/\/happyinaknit.com\/lt\/parduotuve\/\"},{\"@type\":\"ListItem\",\"position\":3,\"name\":\"Addi Unicorn Lace virbalai su valu 80 cm\"}]},{\"@type\":\"WebSite\",\"@id\":\"https:\/\/happyinaknit.com\/lt\/#website\",\"url\":\"https:\/\/happyinaknit.com\/lt\/\",\"name\":\"Happyinaknit.com\",\"description\":\"\",\"potentialAction\":[{\"@type\":\"SearchAction\",\"target\":{\"@type\":\"EntryPoint\",\"urlTemplate\":\"https:\/\/happyinaknit.com\/lt\/?s={search_term_string}\"},\"query-input\":{\"@type\":\"PropertyValueSpecification\",\"valueRequired\":true,\"valueName\":\"search_term_string\"}}],\"inLanguage\":\"lt-LT\"}]}<\/script>\n<!-- \/ Yoast SEO plugin. -->","yoast_head_json":{"title":"Addi Unicorn Lace virbalai su valu 80 cm - Happyinaknit.com","robots":{"index":"index","follow":"follow","max-snippet":"max-snippet:-1","max-image-preview":"max-image-preview:large","max-video-preview":"max-video-preview:-1"},"canonical":"https:\/\/happyinaknit.com\/lt\/produktas\/addi-unicorn-lace\/","og_locale":"lt_LT","og_type":"article","og_title":"Addi Unicorn Lace virbalai su valu 80 cm - Happyinaknit.com","og_description":"Atraskite vienaragi\u0173 magij\u0105! Eleganti\u0161ki Addi Unicorn Lace virbalai \u2013 tai meistri\u0161kumo ir gro\u017eio derinys. \u0160ie virbalai sukurti i\u0161 auk\u0161tos kokyb\u0117s \u017ealvario, padengto baltu bronzos atspalviu, o j\u0173 spiral\u0117s formos strukt\u016bra \u0161velniai masa\u017euoja rankas mezgant. Du smail\u016bs \u201elace\u201c tipo galiukai leid\u017eia lengvai megzti a\u017e\u016brinius ra\u0161tus, o ro\u017einis plastikinis valas suteikia i\u0161skirtinumo bei \u0161velnios elegancijos poj\u016bt\u012f. Ypatyb\u0117s: [&hellip;]","og_url":"https:\/\/happyinaknit.com\/lt\/produktas\/addi-unicorn-lace\/","og_site_name":"Happyinaknit.com","article_modified_time":"2026-03-11T16:06:02+00:00","og_image":[{"width":1080,"height":1080,"url":"https:\/\/happyinaknit.com\/wp-content\/uploads\/2025\/10\/Unicorn_Lace.png.webp","type":"image\/webp"}],"twitter_card":"summary_large_image","twitter_misc":{"Est. reading time":"1 minut\u0117"},"schema":{"@context":"https:\/\/schema.org","@graph":[{"@type":"WebPage","@id":"https:\/\/happyinaknit.com\/produktas\/addi-unicorn-lace\/","url":"https:\/\/happyinaknit.com\/produktas\/addi-unicorn-lace\/","name":"Addi Unicorn Lace virbalai su valu 80 cm - Happyinaknit.com","isPartOf":{"@id":"https:\/\/happyinaknit.com\/lt\/#website"},"primaryImageOfPage":{"@id":"https:\/\/happyinaknit.com\/produktas\/addi-unicorn-lace\/#primaryimage"},"image":{"@id":"https:\/\/happyinaknit.com\/produktas\/addi-unicorn-lace\/#primaryimage"},"thumbnailUrl":"https:\/\/happyinaknit.com\/wp-content\/uploads\/2025\/10\/Unicorn_Lace.png.webp","datePublished":"2025-10-08T13:46:47+00:00","dateModified":"2026-03-11T16:06:02+00:00","breadcrumb":{"@id":"https:\/\/happyinaknit.com\/produktas\/addi-unicorn-lace\/#breadcrumb"},"inLanguage":"lt-LT","potentialAction":[{"@type":"ReadAction","target":["https:\/\/happyinaknit.com\/produktas\/addi-unicorn-lace\/"]}]},{"@type":"ImageObject","inLanguage":"lt-LT","@id":"https:\/\/happyinaknit.com\/produktas\/addi-unicorn-lace\/#primaryimage","url":"https:\/\/happyinaknit.com\/wp-content\/uploads\/2025\/10\/Unicorn_Lace.png.webp","contentUrl":"https:\/\/happyinaknit.com\/wp-content\/uploads\/2025\/10\/Unicorn_Lace.png.webp","width":1080,"height":1080},{"@type":"BreadcrumbList","@id":"https:\/\/happyinaknit.com\/produktas\/addi-unicorn-lace\/#breadcrumb","itemListElement":[{"@type":"ListItem","position":1,"name":"Home","item":"https:\/\/happyinaknit.com\/lt\/"},{"@type":"ListItem","position":2,"name":"Parduotuv\u0117","item":"https:\/\/happyinaknit.com\/lt\/parduotuve\/"},{"@type":"ListItem","position":3,"name":"Addi Unicorn Lace virbalai su valu 80 cm"}]},{"@type":"WebSite","@id":"https:\/\/happyinaknit.com\/lt\/#website","url":"https:\/\/happyinaknit.com\/lt\/","name":"Happyinaknit.com","description":"","potentialAction":[{"@type":"SearchAction","target":{"@type":"EntryPoint","urlTemplate":"https:\/\/happyinaknit.com\/lt\/?s={search_term_string}"},"query-input":{"@type":"PropertyValueSpecification","valueRequired":true,"valueName":"search_term_string"}}],"inLanguage":"lt-LT"}]}},"_links":{"self":[{"href":"https:\/\/happyinaknit.com\/lt\/wp-json\/wp\/v2\/product\/3629","targetHints":{"allow":["GET"]}}],"collection":[{"href":"https:\/\/happyinaknit.com\/lt\/wp-json\/wp\/v2\/product"}],"about":[{"href":"https:\/\/happyinaknit.com\/lt\/wp-json\/wp\/v2\/types\/product"}],"replies":[{"embeddable":true,"href":"https:\/\/happyinaknit.com\/lt\/wp-json\/wp\/v2\/comments?post=3629"}],"wp:featuredmedia":[{"embeddable":true,"href":"https:\/\/happyinaknit.com\/lt\/wp-json\/wp\/v2\/media\/3661"}],"wp:attachment":[{"href":"https:\/\/happyinaknit.com\/lt\/wp-json\/wp\/v2\/media?parent=3629"}],"wp:term":[{"taxonomy":"product_brand","embeddable":true,"href":"https:\/\/happyinaknit.com\/lt\/wp-json\/wp\/v2\/product_brand?post=3629"},{"taxonomy":"product_cat","embeddable":true,"href":"https:\/\/happyinaknit.com\/lt\/wp-json\/wp\/v2\/product_cat?post=3629"},{"taxonomy":"product_tag","embeddable":true,"href":"https:\/\/happyinaknit.com\/lt\/wp-json\/wp\/v2\/product_tag?post=3629"},{"taxonomy":"pro-kategorijos","embeddable":true,"href":"https:\/\/happyinaknit.com\/lt\/wp-json\/wp\/v2\/pro-kategorijos?post=3629"}],"curies":[{"name":"wp","href":"https:\/\/api.w.org\/{rel}","templated":true}]}}