{"id":3588,"date":"2025-10-08T11:15:48","date_gmt":"2025-10-08T11:15:48","guid":{"rendered":"https:\/\/happyinaknit.com\/?post_type=product&#038;p=3588"},"modified":"2025-11-13T21:03:10","modified_gmt":"2025-11-13T21:03:10","slug":"natural-club-luffy","status":"publish","type":"product","link":"https:\/\/happyinaknit.com\/lt\/produktas\/natural-club-luffy\/","title":{"rendered":"Natural Club Luffy"},"content":{"rendered":"<p data-start=\"28\" data-end=\"354\">\u201eLuffy\u201c rafija \u00a0\u2013 tai 100 % nat\u016brali\u0173 med\u017eio pluo\u0161t\u0173 (celiulioz\u0117s) si\u016blai, pasi\u017eymintys ypatingu lengvumu, tvirtumu ir nat\u016braliu blizgesiu. Jie idealiai tinka vasaros gaminiams \u2013 krep\u0161iams, skryb\u0117l\u0117ms, aksesuarams ar interjero detal\u0117ms. \u0160ie si\u016blai i\u0161laiko form\u0105, ta\u010diau i\u0161lieka malon\u016bs liesti, tod\u0117l su jais dirbti lengva ir malonu.<\/p>\n<p data-start=\"356\" data-end=\"677\"><strong data-start=\"356\" data-end=\"368\">Sud\u0117tis:<\/strong> 100 % nat\u016brali med\u017eio celiulioz\u0117<br data-start=\"401\" data-end=\"404\" \/><strong data-start=\"404\" data-end=\"420\">Kamuoliukas:<\/strong> 93 g &#8211; 200 m<br data-start=\"438\" data-end=\"441\" data-is-only-node=\"\" \/><strong data-start=\"441\" data-end=\"479\">Rekomenduojami virbalai \/ v\u0105\u0161elis:<\/strong> 3,5\u20134,0 mm<br data-start=\"490\" data-end=\"493\" \/><strong data-start=\"493\" data-end=\"516\">Reikalingas kiekis:<\/strong> panamai \u2013 1 kamuoliukas, skryb\u0117lei \u2013 2 kamuoliukai, krep\u0161iui \u2013 2\u20133 kamuoliukai<br data-start=\"595\" data-end=\"598\" \/><strong data-start=\"598\" data-end=\"612\">Prie\u017ei\u016bra:<\/strong> valyti dr\u0117gna \u0161luoste, ry\u0161kioje \u0161viesoje spalva gali i\u0161blukti.<\/p>\n<p data-start=\"679\" data-end=\"765\" data-is-last-node=\"\" data-is-only-node=\"\"><em data-start=\"679\" data-end=\"765\" data-is-last-node=\"\">Pastaba: spalv\u0173 atspalviai gali \u0161iek tiek skirtis priklausomai nuo \u012frenginio ekrano.<\/em><\/p>\n","protected":false},"excerpt":{"rendered":"<p>\u201eLuffy\u201c rafija \u00a0\u2013 tai 100 % nat\u016brali\u0173 med\u017eio pluo\u0161t\u0173 (celiulioz\u0117s) si\u016blai, pasi\u017eymintys ypatingu lengvumu, tvirtumu ir nat\u016braliu blizgesiu. Jie idealiai tinka vasaros gaminiams \u2013 krep\u0161iams, skryb\u0117l\u0117ms, aksesuarams ar interjero detal\u0117ms. \u0160ie si\u016blai i\u0161laiko form\u0105, ta\u010diau i\u0161lieka malon\u016bs liesti, tod\u0117l su jais dirbti lengva ir malonu. Sud\u0117tis: 100 % nat\u016brali med\u017eio celiulioz\u0117Kamuoliukas: 93 g &#8211; 200 [&hellip;]<\/p>\n","protected":false},"featured_media":3594,"comment_status":"open","ping_status":"closed","template":"","meta":{"_acf_changed":false},"product_brand":[62],"product_cat":[15,18],"product_tag":[],"pro-kategorijos":[83],"class_list":{"0":"post-3588","1":"product","2":"type-product","3":"status-publish","4":"has-post-thumbnail","6":"product_brand-natural-club","7":"product_cat-visi-produktai","8":"product_cat-siulai","9":"pro-kategorijos-raffia","11":"first","12":"instock","13":"shipping-taxable","14":"purchasable","15":"product-type-variable"},"acf":[],"yoast_head":"<!-- This site is optimized with the Yoast SEO plugin v26.8 - https:\/\/yoast.com\/product\/yoast-seo-wordpress\/ -->\n<title>Natural Club Luffy - Happyinaknit.com<\/title>\n<meta name=\"robots\" content=\"index, follow, max-snippet:-1, max-image-preview:large, max-video-preview:-1\" \/>\n<link rel=\"canonical\" href=\"https:\/\/happyinaknit.com\/lt\/produktas\/natural-club-luffy\/\" \/>\n<meta property=\"og:locale\" content=\"lt_LT\" \/>\n<meta property=\"og:type\" content=\"article\" \/>\n<meta property=\"og:title\" content=\"Natural Club Luffy - Happyinaknit.com\" \/>\n<meta property=\"og:description\" content=\"\u201eLuffy\u201c rafija \u00a0\u2013 tai 100 % nat\u016brali\u0173 med\u017eio pluo\u0161t\u0173 (celiulioz\u0117s) si\u016blai, pasi\u017eymintys ypatingu lengvumu, tvirtumu ir nat\u016braliu blizgesiu. Jie idealiai tinka vasaros gaminiams \u2013 krep\u0161iams, skryb\u0117l\u0117ms, aksesuarams ar interjero detal\u0117ms. \u0160ie si\u016blai i\u0161laiko form\u0105, ta\u010diau i\u0161lieka malon\u016bs liesti, tod\u0117l su jais dirbti lengva ir malonu. Sud\u0117tis: 100 % nat\u016brali med\u017eio celiulioz\u0117Kamuoliukas: 93 g &#8211; 200 [&hellip;]\" \/>\n<meta property=\"og:url\" content=\"https:\/\/happyinaknit.com\/lt\/produktas\/natural-club-luffy\/\" \/>\n<meta property=\"og:site_name\" content=\"Happyinaknit.com\" \/>\n<meta property=\"article:modified_time\" content=\"2025-11-13T21:03:10+00:00\" \/>\n<meta property=\"og:image\" content=\"https:\/\/happyinaknit.com\/wp-content\/uploads\/2025\/10\/IMG_8732.jpg\" \/>\n\t<meta property=\"og:image:width\" content=\"1320\" \/>\n\t<meta property=\"og:image:height\" content=\"1366\" \/>\n\t<meta property=\"og:image:type\" content=\"image\/jpeg\" \/>\n<meta name=\"twitter:card\" content=\"summary_large_image\" \/>\n<meta name=\"twitter:label1\" content=\"Est. reading time\" \/>\n\t<meta name=\"twitter:data1\" content=\"1 minut\u0117\" \/>\n<script type=\"application\/ld+json\" class=\"yoast-schema-graph\">{\"@context\":\"https:\/\/schema.org\",\"@graph\":[{\"@type\":\"WebPage\",\"@id\":\"https:\/\/happyinaknit.com\/produktas\/natural-club-luffy\/\",\"url\":\"https:\/\/happyinaknit.com\/produktas\/natural-club-luffy\/\",\"name\":\"Natural Club Luffy - Happyinaknit.com\",\"isPartOf\":{\"@id\":\"https:\/\/happyinaknit.com\/lt\/#website\"},\"primaryImageOfPage\":{\"@id\":\"https:\/\/happyinaknit.com\/produktas\/natural-club-luffy\/#primaryimage\"},\"image\":{\"@id\":\"https:\/\/happyinaknit.com\/produktas\/natural-club-luffy\/#primaryimage\"},\"thumbnailUrl\":\"https:\/\/happyinaknit.com\/wp-content\/uploads\/2025\/10\/IMG_8732.jpg\",\"datePublished\":\"2025-10-08T11:15:48+00:00\",\"dateModified\":\"2025-11-13T21:03:10+00:00\",\"breadcrumb\":{\"@id\":\"https:\/\/happyinaknit.com\/produktas\/natural-club-luffy\/#breadcrumb\"},\"inLanguage\":\"lt-LT\",\"potentialAction\":[{\"@type\":\"ReadAction\",\"target\":[\"https:\/\/happyinaknit.com\/produktas\/natural-club-luffy\/\"]}]},{\"@type\":\"ImageObject\",\"inLanguage\":\"lt-LT\",\"@id\":\"https:\/\/happyinaknit.com\/produktas\/natural-club-luffy\/#primaryimage\",\"url\":\"https:\/\/happyinaknit.com\/wp-content\/uploads\/2025\/10\/IMG_8732.jpg\",\"contentUrl\":\"https:\/\/happyinaknit.com\/wp-content\/uploads\/2025\/10\/IMG_8732.jpg\",\"width\":1320,\"height\":1366},{\"@type\":\"BreadcrumbList\",\"@id\":\"https:\/\/happyinaknit.com\/produktas\/natural-club-luffy\/#breadcrumb\",\"itemListElement\":[{\"@type\":\"ListItem\",\"position\":1,\"name\":\"Home\",\"item\":\"https:\/\/happyinaknit.com\/lt\/\"},{\"@type\":\"ListItem\",\"position\":2,\"name\":\"Parduotuv\u0117\",\"item\":\"https:\/\/happyinaknit.com\/lt\/parduotuve\/\"},{\"@type\":\"ListItem\",\"position\":3,\"name\":\"Natural Club Luffy\"}]},{\"@type\":\"WebSite\",\"@id\":\"https:\/\/happyinaknit.com\/lt\/#website\",\"url\":\"https:\/\/happyinaknit.com\/lt\/\",\"name\":\"Happyinaknit.com\",\"description\":\"\",\"potentialAction\":[{\"@type\":\"SearchAction\",\"target\":{\"@type\":\"EntryPoint\",\"urlTemplate\":\"https:\/\/happyinaknit.com\/lt\/?s={search_term_string}\"},\"query-input\":{\"@type\":\"PropertyValueSpecification\",\"valueRequired\":true,\"valueName\":\"search_term_string\"}}],\"inLanguage\":\"lt-LT\"}]}<\/script>\n<!-- \/ Yoast SEO plugin. -->","yoast_head_json":{"title":"Natural Club Luffy - Happyinaknit.com","robots":{"index":"index","follow":"follow","max-snippet":"max-snippet:-1","max-image-preview":"max-image-preview:large","max-video-preview":"max-video-preview:-1"},"canonical":"https:\/\/happyinaknit.com\/lt\/produktas\/natural-club-luffy\/","og_locale":"lt_LT","og_type":"article","og_title":"Natural Club Luffy - Happyinaknit.com","og_description":"\u201eLuffy\u201c rafija \u00a0\u2013 tai 100 % nat\u016brali\u0173 med\u017eio pluo\u0161t\u0173 (celiulioz\u0117s) si\u016blai, pasi\u017eymintys ypatingu lengvumu, tvirtumu ir nat\u016braliu blizgesiu. Jie idealiai tinka vasaros gaminiams \u2013 krep\u0161iams, skryb\u0117l\u0117ms, aksesuarams ar interjero detal\u0117ms. \u0160ie si\u016blai i\u0161laiko form\u0105, ta\u010diau i\u0161lieka malon\u016bs liesti, tod\u0117l su jais dirbti lengva ir malonu. Sud\u0117tis: 100 % nat\u016brali med\u017eio celiulioz\u0117Kamuoliukas: 93 g &#8211; 200 [&hellip;]","og_url":"https:\/\/happyinaknit.com\/lt\/produktas\/natural-club-luffy\/","og_site_name":"Happyinaknit.com","article_modified_time":"2025-11-13T21:03:10+00:00","og_image":[{"width":1320,"height":1366,"url":"https:\/\/happyinaknit.com\/wp-content\/uploads\/2025\/10\/IMG_8732.jpg","type":"image\/jpeg"}],"twitter_card":"summary_large_image","twitter_misc":{"Est. reading time":"1 minut\u0117"},"schema":{"@context":"https:\/\/schema.org","@graph":[{"@type":"WebPage","@id":"https:\/\/happyinaknit.com\/produktas\/natural-club-luffy\/","url":"https:\/\/happyinaknit.com\/produktas\/natural-club-luffy\/","name":"Natural Club Luffy - Happyinaknit.com","isPartOf":{"@id":"https:\/\/happyinaknit.com\/lt\/#website"},"primaryImageOfPage":{"@id":"https:\/\/happyinaknit.com\/produktas\/natural-club-luffy\/#primaryimage"},"image":{"@id":"https:\/\/happyinaknit.com\/produktas\/natural-club-luffy\/#primaryimage"},"thumbnailUrl":"https:\/\/happyinaknit.com\/wp-content\/uploads\/2025\/10\/IMG_8732.jpg","datePublished":"2025-10-08T11:15:48+00:00","dateModified":"2025-11-13T21:03:10+00:00","breadcrumb":{"@id":"https:\/\/happyinaknit.com\/produktas\/natural-club-luffy\/#breadcrumb"},"inLanguage":"lt-LT","potentialAction":[{"@type":"ReadAction","target":["https:\/\/happyinaknit.com\/produktas\/natural-club-luffy\/"]}]},{"@type":"ImageObject","inLanguage":"lt-LT","@id":"https:\/\/happyinaknit.com\/produktas\/natural-club-luffy\/#primaryimage","url":"https:\/\/happyinaknit.com\/wp-content\/uploads\/2025\/10\/IMG_8732.jpg","contentUrl":"https:\/\/happyinaknit.com\/wp-content\/uploads\/2025\/10\/IMG_8732.jpg","width":1320,"height":1366},{"@type":"BreadcrumbList","@id":"https:\/\/happyinaknit.com\/produktas\/natural-club-luffy\/#breadcrumb","itemListElement":[{"@type":"ListItem","position":1,"name":"Home","item":"https:\/\/happyinaknit.com\/lt\/"},{"@type":"ListItem","position":2,"name":"Parduotuv\u0117","item":"https:\/\/happyinaknit.com\/lt\/parduotuve\/"},{"@type":"ListItem","position":3,"name":"Natural Club Luffy"}]},{"@type":"WebSite","@id":"https:\/\/happyinaknit.com\/lt\/#website","url":"https:\/\/happyinaknit.com\/lt\/","name":"Happyinaknit.com","description":"","potentialAction":[{"@type":"SearchAction","target":{"@type":"EntryPoint","urlTemplate":"https:\/\/happyinaknit.com\/lt\/?s={search_term_string}"},"query-input":{"@type":"PropertyValueSpecification","valueRequired":true,"valueName":"search_term_string"}}],"inLanguage":"lt-LT"}]}},"_links":{"self":[{"href":"https:\/\/happyinaknit.com\/lt\/wp-json\/wp\/v2\/product\/3588","targetHints":{"allow":["GET"]}}],"collection":[{"href":"https:\/\/happyinaknit.com\/lt\/wp-json\/wp\/v2\/product"}],"about":[{"href":"https:\/\/happyinaknit.com\/lt\/wp-json\/wp\/v2\/types\/product"}],"replies":[{"embeddable":true,"href":"https:\/\/happyinaknit.com\/lt\/wp-json\/wp\/v2\/comments?post=3588"}],"wp:featuredmedia":[{"embeddable":true,"href":"https:\/\/happyinaknit.com\/lt\/wp-json\/wp\/v2\/media\/3594"}],"wp:attachment":[{"href":"https:\/\/happyinaknit.com\/lt\/wp-json\/wp\/v2\/media?parent=3588"}],"wp:term":[{"taxonomy":"product_brand","embeddable":true,"href":"https:\/\/happyinaknit.com\/lt\/wp-json\/wp\/v2\/product_brand?post=3588"},{"taxonomy":"product_cat","embeddable":true,"href":"https:\/\/happyinaknit.com\/lt\/wp-json\/wp\/v2\/product_cat?post=3588"},{"taxonomy":"product_tag","embeddable":true,"href":"https:\/\/happyinaknit.com\/lt\/wp-json\/wp\/v2\/product_tag?post=3588"},{"taxonomy":"pro-kategorijos","embeddable":true,"href":"https:\/\/happyinaknit.com\/lt\/wp-json\/wp\/v2\/pro-kategorijos?post=3588"}],"curies":[{"name":"wp","href":"https:\/\/api.w.org\/{rel}","templated":true}]}}