{"id":3582,"date":"2025-10-08T10:47:26","date_gmt":"2025-10-08T10:47:26","guid":{"rendered":"https:\/\/happyinaknit.com\/?post_type=product&#038;p=3582"},"modified":"2026-01-05T21:20:44","modified_gmt":"2026-01-05T21:20:44","slug":"we-are-knitters-the-petit-wool","status":"publish","type":"product","link":"https:\/\/happyinaknit.com\/lt\/produktas\/we-are-knitters-the-petit-wool\/","title":{"rendered":"We are Knitters The Petit Wool"},"content":{"rendered":"<p data-start=\"41\" data-end=\"369\">The Petite Wool\u201c \u2013 tai 100 % nat\u016brali Peru vilna, pasi\u017eyminti i\u0161skirtine kokybe ir \u0161velnumu. Viengubos gijos strukt\u016bra suteikia si\u016blams purumo ir elastingumo, tod\u0117l mezgimas tampa itin malonus ir lengvas. \u0160ie si\u016blai yra plonesni nei klasikiniai \u201eThe Wool\u201c, tod\u0117l puikiai tinka \u0161velniems, lengviems, ta\u010diau \u0161iltiems gaminiams.<\/p>\n<p data-start=\"371\" data-end=\"529\">I\u0161 \u201eThe Petite Wool\u201c si\u016bl\u0173 galite megzti kepures, \u0161alikus, megztinius ar kitus \u017eieminius aksesuarus. Mezginiai tampa mink\u0161ti, jauk\u016bs ir ilgai i\u0161laiko form\u0105.<\/p>\n<p data-start=\"531\" data-end=\"913\"><strong data-start=\"531\" data-end=\"543\">Sud\u0117tis:<\/strong> 100 % Peru vilna<br data-start=\"560\" data-end=\"563\" \/><strong data-start=\"547\" data-end=\"558\">Svoris\/ilgis: <\/strong>100 g &#8211; 140 m<br data-start=\"598\" data-end=\"601\" \/><strong data-start=\"601\" data-end=\"629\" data-is-only-node=\"\">Rekomenduojami virbalai:<\/strong> 8 mm<br data-start=\"634\" data-end=\"637\" \/><strong data-start=\"637\" data-end=\"648\">Tankis:<\/strong> 10 x 10 cm \u2013 apie 12 akys x 16 eil\u0117s<br data-start=\"685\" data-end=\"688\" \/><strong data-start=\"688\" data-end=\"711\">Reikalingas kiekis:<\/strong> kepurei \u2013 1 kamuoliukas, \u0161alikui \u2013 2\u20133 kamuoliukai, megztiniui M dyd\u017eio \u2013 nuo 6 kamuoliuk\u0173<br data-start=\"802\" data-end=\"805\" \/><strong data-start=\"805\" data-end=\"819\">Prie\u017ei\u016bra:<\/strong> skalbti rankomis ne auk\u0161tesn\u0117je kaip 30 \u00b0C temperat\u016broje, d\u017eiovinti patiesus horizontaliai.<\/p>\n<p data-start=\"915\" data-end=\"1001\" data-is-last-node=\"\" data-is-only-node=\"\"><em data-start=\"915\" data-end=\"1001\" data-is-last-node=\"\">Pastaba: spalv\u0173 atspalviai gali \u0161iek tiek skirtis priklausomai nuo \u012frenginio ekrano.<\/em><\/p>\n","protected":false},"excerpt":{"rendered":"<p>The Petite Wool\u201c \u2013 tai 100 % nat\u016brali Peru vilna, pasi\u017eyminti i\u0161skirtine kokybe ir \u0161velnumu. Viengubos gijos strukt\u016bra suteikia si\u016blams purumo ir elastingumo, tod\u0117l mezgimas tampa itin malonus ir lengvas. \u0160ie si\u016blai yra plonesni nei klasikiniai \u201eThe Wool\u201c, tod\u0117l puikiai tinka \u0161velniems, lengviems, ta\u010diau \u0161iltiems gaminiams. I\u0161 \u201eThe Petite Wool\u201c si\u016bl\u0173 galite megzti kepures, \u0161alikus, [&hellip;]<\/p>\n","protected":false},"featured_media":3565,"comment_status":"open","ping_status":"closed","template":"","meta":{"_acf_changed":false},"product_brand":[60],"product_cat":[15,182,18],"product_tag":[33],"pro-kategorijos":[56],"class_list":{"0":"post-3582","1":"product","2":"type-product","3":"status-publish","4":"has-post-thumbnail","6":"product_brand-we-are-knitters","7":"product_cat-visi-produktai","8":"product_cat-ispardavimas","9":"product_cat-siulai","10":"product_tag-ispardavimas","11":"pro-kategorijos-vilna","13":"first","14":"instock","15":"sale","16":"shipping-taxable","17":"purchasable","18":"product-type-variable"},"acf":[],"yoast_head":"<!-- This site is optimized with the Yoast SEO plugin v26.8 - https:\/\/yoast.com\/product\/yoast-seo-wordpress\/ -->\n<title>We are Knitters The Petit Wool - Happyinaknit.com<\/title>\n<meta name=\"robots\" content=\"index, follow, max-snippet:-1, max-image-preview:large, max-video-preview:-1\" \/>\n<link rel=\"canonical\" href=\"https:\/\/happyinaknit.com\/lt\/produktas\/we-are-knitters-the-petit-wool\/\" \/>\n<meta property=\"og:locale\" content=\"lt_LT\" \/>\n<meta property=\"og:type\" content=\"article\" \/>\n<meta property=\"og:title\" content=\"We are Knitters The Petit Wool - Happyinaknit.com\" \/>\n<meta property=\"og:description\" content=\"The Petite Wool\u201c \u2013 tai 100 % nat\u016brali Peru vilna, pasi\u017eyminti i\u0161skirtine kokybe ir \u0161velnumu. Viengubos gijos strukt\u016bra suteikia si\u016blams purumo ir elastingumo, tod\u0117l mezgimas tampa itin malonus ir lengvas. \u0160ie si\u016blai yra plonesni nei klasikiniai \u201eThe Wool\u201c, tod\u0117l puikiai tinka \u0161velniems, lengviems, ta\u010diau \u0161iltiems gaminiams. I\u0161 \u201eThe Petite Wool\u201c si\u016bl\u0173 galite megzti kepures, \u0161alikus, [&hellip;]\" \/>\n<meta property=\"og:url\" content=\"https:\/\/happyinaknit.com\/lt\/produktas\/we-are-knitters-the-petit-wool\/\" \/>\n<meta property=\"og:site_name\" content=\"Happyinaknit.com\" \/>\n<meta property=\"article:modified_time\" content=\"2026-01-05T21:20:44+00:00\" \/>\n<meta property=\"og:image\" content=\"https:\/\/happyinaknit.com\/wp-content\/uploads\/2025\/10\/IMG_8727.jpg\" \/>\n\t<meta property=\"og:image:width\" content=\"1320\" \/>\n\t<meta property=\"og:image:height\" content=\"1285\" \/>\n\t<meta property=\"og:image:type\" content=\"image\/jpeg\" \/>\n<meta name=\"twitter:card\" content=\"summary_large_image\" \/>\n<meta name=\"twitter:label1\" content=\"Est. reading time\" \/>\n\t<meta name=\"twitter:data1\" content=\"1 minut\u0117\" \/>\n<script type=\"application\/ld+json\" class=\"yoast-schema-graph\">{\"@context\":\"https:\/\/schema.org\",\"@graph\":[{\"@type\":\"WebPage\",\"@id\":\"https:\/\/happyinaknit.com\/produktas\/we-are-knitters-the-petit-wool\/\",\"url\":\"https:\/\/happyinaknit.com\/produktas\/we-are-knitters-the-petit-wool\/\",\"name\":\"We are Knitters The Petit Wool - Happyinaknit.com\",\"isPartOf\":{\"@id\":\"https:\/\/happyinaknit.com\/lt\/#website\"},\"primaryImageOfPage\":{\"@id\":\"https:\/\/happyinaknit.com\/produktas\/we-are-knitters-the-petit-wool\/#primaryimage\"},\"image\":{\"@id\":\"https:\/\/happyinaknit.com\/produktas\/we-are-knitters-the-petit-wool\/#primaryimage\"},\"thumbnailUrl\":\"https:\/\/happyinaknit.com\/wp-content\/uploads\/2025\/10\/IMG_8727.jpg\",\"datePublished\":\"2025-10-08T10:47:26+00:00\",\"dateModified\":\"2026-01-05T21:20:44+00:00\",\"breadcrumb\":{\"@id\":\"https:\/\/happyinaknit.com\/produktas\/we-are-knitters-the-petit-wool\/#breadcrumb\"},\"inLanguage\":\"lt-LT\",\"potentialAction\":[{\"@type\":\"ReadAction\",\"target\":[\"https:\/\/happyinaknit.com\/produktas\/we-are-knitters-the-petit-wool\/\"]}]},{\"@type\":\"ImageObject\",\"inLanguage\":\"lt-LT\",\"@id\":\"https:\/\/happyinaknit.com\/produktas\/we-are-knitters-the-petit-wool\/#primaryimage\",\"url\":\"https:\/\/happyinaknit.com\/wp-content\/uploads\/2025\/10\/IMG_8727.jpg\",\"contentUrl\":\"https:\/\/happyinaknit.com\/wp-content\/uploads\/2025\/10\/IMG_8727.jpg\",\"width\":1320,\"height\":1285},{\"@type\":\"BreadcrumbList\",\"@id\":\"https:\/\/happyinaknit.com\/produktas\/we-are-knitters-the-petit-wool\/#breadcrumb\",\"itemListElement\":[{\"@type\":\"ListItem\",\"position\":1,\"name\":\"Home\",\"item\":\"https:\/\/happyinaknit.com\/lt\/\"},{\"@type\":\"ListItem\",\"position\":2,\"name\":\"Parduotuv\u0117\",\"item\":\"https:\/\/happyinaknit.com\/lt\/parduotuve\/\"},{\"@type\":\"ListItem\",\"position\":3,\"name\":\"We are Knitters The Petit Wool\"}]},{\"@type\":\"WebSite\",\"@id\":\"https:\/\/happyinaknit.com\/lt\/#website\",\"url\":\"https:\/\/happyinaknit.com\/lt\/\",\"name\":\"Happyinaknit.com\",\"description\":\"\",\"potentialAction\":[{\"@type\":\"SearchAction\",\"target\":{\"@type\":\"EntryPoint\",\"urlTemplate\":\"https:\/\/happyinaknit.com\/lt\/?s={search_term_string}\"},\"query-input\":{\"@type\":\"PropertyValueSpecification\",\"valueRequired\":true,\"valueName\":\"search_term_string\"}}],\"inLanguage\":\"lt-LT\"}]}<\/script>\n<!-- \/ Yoast SEO plugin. -->","yoast_head_json":{"title":"We are Knitters The Petit Wool - Happyinaknit.com","robots":{"index":"index","follow":"follow","max-snippet":"max-snippet:-1","max-image-preview":"max-image-preview:large","max-video-preview":"max-video-preview:-1"},"canonical":"https:\/\/happyinaknit.com\/lt\/produktas\/we-are-knitters-the-petit-wool\/","og_locale":"lt_LT","og_type":"article","og_title":"We are Knitters The Petit Wool - Happyinaknit.com","og_description":"The Petite Wool\u201c \u2013 tai 100 % nat\u016brali Peru vilna, pasi\u017eyminti i\u0161skirtine kokybe ir \u0161velnumu. Viengubos gijos strukt\u016bra suteikia si\u016blams purumo ir elastingumo, tod\u0117l mezgimas tampa itin malonus ir lengvas. \u0160ie si\u016blai yra plonesni nei klasikiniai \u201eThe Wool\u201c, tod\u0117l puikiai tinka \u0161velniems, lengviems, ta\u010diau \u0161iltiems gaminiams. I\u0161 \u201eThe Petite Wool\u201c si\u016bl\u0173 galite megzti kepures, \u0161alikus, [&hellip;]","og_url":"https:\/\/happyinaknit.com\/lt\/produktas\/we-are-knitters-the-petit-wool\/","og_site_name":"Happyinaknit.com","article_modified_time":"2026-01-05T21:20:44+00:00","og_image":[{"width":1320,"height":1285,"url":"https:\/\/happyinaknit.com\/wp-content\/uploads\/2025\/10\/IMG_8727.jpg","type":"image\/jpeg"}],"twitter_card":"summary_large_image","twitter_misc":{"Est. reading time":"1 minut\u0117"},"schema":{"@context":"https:\/\/schema.org","@graph":[{"@type":"WebPage","@id":"https:\/\/happyinaknit.com\/produktas\/we-are-knitters-the-petit-wool\/","url":"https:\/\/happyinaknit.com\/produktas\/we-are-knitters-the-petit-wool\/","name":"We are Knitters The Petit Wool - Happyinaknit.com","isPartOf":{"@id":"https:\/\/happyinaknit.com\/lt\/#website"},"primaryImageOfPage":{"@id":"https:\/\/happyinaknit.com\/produktas\/we-are-knitters-the-petit-wool\/#primaryimage"},"image":{"@id":"https:\/\/happyinaknit.com\/produktas\/we-are-knitters-the-petit-wool\/#primaryimage"},"thumbnailUrl":"https:\/\/happyinaknit.com\/wp-content\/uploads\/2025\/10\/IMG_8727.jpg","datePublished":"2025-10-08T10:47:26+00:00","dateModified":"2026-01-05T21:20:44+00:00","breadcrumb":{"@id":"https:\/\/happyinaknit.com\/produktas\/we-are-knitters-the-petit-wool\/#breadcrumb"},"inLanguage":"lt-LT","potentialAction":[{"@type":"ReadAction","target":["https:\/\/happyinaknit.com\/produktas\/we-are-knitters-the-petit-wool\/"]}]},{"@type":"ImageObject","inLanguage":"lt-LT","@id":"https:\/\/happyinaknit.com\/produktas\/we-are-knitters-the-petit-wool\/#primaryimage","url":"https:\/\/happyinaknit.com\/wp-content\/uploads\/2025\/10\/IMG_8727.jpg","contentUrl":"https:\/\/happyinaknit.com\/wp-content\/uploads\/2025\/10\/IMG_8727.jpg","width":1320,"height":1285},{"@type":"BreadcrumbList","@id":"https:\/\/happyinaknit.com\/produktas\/we-are-knitters-the-petit-wool\/#breadcrumb","itemListElement":[{"@type":"ListItem","position":1,"name":"Home","item":"https:\/\/happyinaknit.com\/lt\/"},{"@type":"ListItem","position":2,"name":"Parduotuv\u0117","item":"https:\/\/happyinaknit.com\/lt\/parduotuve\/"},{"@type":"ListItem","position":3,"name":"We are Knitters The Petit Wool"}]},{"@type":"WebSite","@id":"https:\/\/happyinaknit.com\/lt\/#website","url":"https:\/\/happyinaknit.com\/lt\/","name":"Happyinaknit.com","description":"","potentialAction":[{"@type":"SearchAction","target":{"@type":"EntryPoint","urlTemplate":"https:\/\/happyinaknit.com\/lt\/?s={search_term_string}"},"query-input":{"@type":"PropertyValueSpecification","valueRequired":true,"valueName":"search_term_string"}}],"inLanguage":"lt-LT"}]}},"_links":{"self":[{"href":"https:\/\/happyinaknit.com\/lt\/wp-json\/wp\/v2\/product\/3582","targetHints":{"allow":["GET"]}}],"collection":[{"href":"https:\/\/happyinaknit.com\/lt\/wp-json\/wp\/v2\/product"}],"about":[{"href":"https:\/\/happyinaknit.com\/lt\/wp-json\/wp\/v2\/types\/product"}],"replies":[{"embeddable":true,"href":"https:\/\/happyinaknit.com\/lt\/wp-json\/wp\/v2\/comments?post=3582"}],"wp:featuredmedia":[{"embeddable":true,"href":"https:\/\/happyinaknit.com\/lt\/wp-json\/wp\/v2\/media\/3565"}],"wp:attachment":[{"href":"https:\/\/happyinaknit.com\/lt\/wp-json\/wp\/v2\/media?parent=3582"}],"wp:term":[{"taxonomy":"product_brand","embeddable":true,"href":"https:\/\/happyinaknit.com\/lt\/wp-json\/wp\/v2\/product_brand?post=3582"},{"taxonomy":"product_cat","embeddable":true,"href":"https:\/\/happyinaknit.com\/lt\/wp-json\/wp\/v2\/product_cat?post=3582"},{"taxonomy":"product_tag","embeddable":true,"href":"https:\/\/happyinaknit.com\/lt\/wp-json\/wp\/v2\/product_tag?post=3582"},{"taxonomy":"pro-kategorijos","embeddable":true,"href":"https:\/\/happyinaknit.com\/lt\/wp-json\/wp\/v2\/pro-kategorijos?post=3582"}],"curies":[{"name":"wp","href":"https:\/\/api.w.org\/{rel}","templated":true}]}}