{"id":3545,"date":"2025-10-07T21:57:07","date_gmt":"2025-10-07T21:57:07","guid":{"rendered":"https:\/\/happyinaknit.com\/?post_type=product&#038;p=3545"},"modified":"2025-12-25T12:39:57","modified_gmt":"2025-12-25T12:39:57","slug":"tulip-etimo-murasaki-2","status":"publish","type":"product","link":"https:\/\/happyinaknit.com\/lt\/produktas\/tulip-etimo-murasaki-2\/","title":{"rendered":"Tulip Etimo  Murasaki v\u0105\u0161eliai"},"content":{"rendered":"<p data-start=\"0\" data-end=\"94\"><strong data-start=\"0\" data-end=\"89\">Tulip Etimo Murasaki \u2013 m\u0117gstamiausi n\u0117rimo v\u0105\u0161eliai naujame, i\u0161skirtiniame atspalvyje<\/strong> \ud83d\udc9c<\/p>\n<p data-start=\"96\" data-end=\"247\">Vis\u0173 pam\u0117gti <strong data-start=\"109\" data-end=\"124\">Tulip Etimo<\/strong> n\u0117rimo v\u0105\u0161eliai dabar pasirodo <strong data-start=\"156\" data-end=\"193\">naujame, eleganti\u0161kame \u201eMurasaki\u201c<\/strong> (tradicin\u0117s japoni\u0161kos violetin\u0117s spalvos) dizaine.<\/p>\n<p data-start=\"249\" data-end=\"524\">V\u0105\u0161elio <strong data-start=\"257\" data-end=\"309\">galiukas pagamintas i\u0161 auk\u0161tos kokyb\u0117s aliuminio<\/strong>, tod\u0117l yra itin glotnus ir tikslus \u2013 si\u016blas lengvai slysta ir nesivelia. <strong data-start=\"383\" data-end=\"427\">Mink\u0161ta ergonomi\u0161ka plastikin\u0117 ranken\u0117l\u0117<\/strong> u\u017etikrina patogum\u0105 net ilgo n\u0117rimo metu, o <strong data-start=\"471\" data-end=\"492\">spalv\u0173 gradientas<\/strong>suteikia subtilios estetikos.<\/p>\n<p data-start=\"526\" data-end=\"708\">Kiekvienas v\u0105\u0161elis turi <strong data-start=\"550\" data-end=\"598\">ai\u0161kiai matom\u0105, nesitrynant\u012f dyd\u017eio \u017eym\u0117jim\u0105<\/strong> ant rankenos.<br data-start=\"612\" data-end=\"615\" \/>D\u0117l puikios formos ir apdirbimo <strong data-start=\"647\" data-end=\"674\">tinka vis\u0173 tip\u0173 si\u016blams<\/strong> \u2013 nuo ploniausi\u0173 iki storesni\u0173.<\/p>\n<p data-start=\"710\" data-end=\"759\">\ud83d\udd39 <strong data-start=\"713\" data-end=\"732\">Galimi dyd\u017eiai:<\/strong> nuo 2,00 mm iki 10,00 mm<\/p>\n<p data-start=\"761\" data-end=\"852\" data-is-last-node=\"\" data-is-only-node=\"\">\u2728 <em data-start=\"763\" data-end=\"852\" data-is-last-node=\"\">Tulip Etimo Murasaki \u2013 japon\u0173 kokyb\u0117s, gro\u017eio ir komforto derinys kiekviename dygsnyje.<\/em><\/p>\n","protected":false},"excerpt":{"rendered":"<p>Tulip Etimo Murasaki \u2013 m\u0117gstamiausi n\u0117rimo v\u0105\u0161eliai naujame, i\u0161skirtiniame atspalvyje \ud83d\udc9c Vis\u0173 pam\u0117gti Tulip Etimo n\u0117rimo v\u0105\u0161eliai dabar pasirodo naujame, eleganti\u0161kame \u201eMurasaki\u201c (tradicin\u0117s japoni\u0161kos violetin\u0117s spalvos) dizaine. V\u0105\u0161elio galiukas pagamintas i\u0161 auk\u0161tos kokyb\u0117s aliuminio, tod\u0117l yra itin glotnus ir tikslus \u2013 si\u016blas lengvai slysta ir nesivelia. Mink\u0161ta ergonomi\u0161ka plastikin\u0117 ranken\u0117l\u0117 u\u017etikrina patogum\u0105 net ilgo n\u0117rimo [&hellip;]<\/p>\n","protected":false},"featured_media":3549,"comment_status":"closed","ping_status":"closed","template":"","meta":{"_acf_changed":false},"product_brand":[757],"product_cat":[15,19,870],"product_tag":[],"pro-kategorijos":[],"class_list":{"0":"post-3545","1":"product","2":"type-product","3":"status-publish","4":"has-post-thumbnail","6":"product_brand-tulip","7":"product_cat-visi-produktai","8":"product_cat-mezgimo-priemones","9":"product_cat-nerimo-vaseliai","11":"first","12":"instock","13":"shipping-taxable","14":"purchasable","15":"product-type-variable"},"acf":[],"yoast_head":"<!-- This site is optimized with the Yoast SEO plugin v26.8 - https:\/\/yoast.com\/product\/yoast-seo-wordpress\/ -->\n<title>Tulip Etimo Murasaki v\u0105\u0161eliai - Happyinaknit.com<\/title>\n<meta name=\"robots\" content=\"index, follow, max-snippet:-1, max-image-preview:large, max-video-preview:-1\" \/>\n<link rel=\"canonical\" href=\"https:\/\/happyinaknit.com\/lt\/produktas\/tulip-etimo-murasaki-2\/\" \/>\n<meta property=\"og:locale\" content=\"lt_LT\" \/>\n<meta property=\"og:type\" content=\"article\" \/>\n<meta property=\"og:title\" content=\"Tulip Etimo Murasaki v\u0105\u0161eliai - Happyinaknit.com\" \/>\n<meta property=\"og:description\" content=\"Tulip Etimo Murasaki \u2013 m\u0117gstamiausi n\u0117rimo v\u0105\u0161eliai naujame, i\u0161skirtiniame atspalvyje \ud83d\udc9c Vis\u0173 pam\u0117gti Tulip Etimo n\u0117rimo v\u0105\u0161eliai dabar pasirodo naujame, eleganti\u0161kame \u201eMurasaki\u201c (tradicin\u0117s japoni\u0161kos violetin\u0117s spalvos) dizaine. V\u0105\u0161elio galiukas pagamintas i\u0161 auk\u0161tos kokyb\u0117s aliuminio, tod\u0117l yra itin glotnus ir tikslus \u2013 si\u016blas lengvai slysta ir nesivelia. Mink\u0161ta ergonomi\u0161ka plastikin\u0117 ranken\u0117l\u0117 u\u017etikrina patogum\u0105 net ilgo n\u0117rimo [&hellip;]\" \/>\n<meta property=\"og:url\" content=\"https:\/\/happyinaknit.com\/lt\/produktas\/tulip-etimo-murasaki-2\/\" \/>\n<meta property=\"og:site_name\" content=\"Happyinaknit.com\" \/>\n<meta property=\"article:modified_time\" content=\"2025-12-25T12:39:57+00:00\" \/>\n<meta property=\"og:image\" content=\"https:\/\/happyinaknit.com\/wp-content\/uploads\/2025\/10\/IMG_8714.jpg\" \/>\n\t<meta property=\"og:image:width\" content=\"1320\" \/>\n\t<meta property=\"og:image:height\" content=\"1308\" \/>\n\t<meta property=\"og:image:type\" content=\"image\/jpeg\" \/>\n<meta name=\"twitter:card\" content=\"summary_large_image\" \/>\n<meta name=\"twitter:label1\" content=\"Est. reading time\" \/>\n\t<meta name=\"twitter:data1\" content=\"1 minut\u0117\" \/>\n<script type=\"application\/ld+json\" class=\"yoast-schema-graph\">{\"@context\":\"https:\/\/schema.org\",\"@graph\":[{\"@type\":\"WebPage\",\"@id\":\"https:\/\/happyinaknit.com\/produktas\/tulip-etimo-murasaki-2\/\",\"url\":\"https:\/\/happyinaknit.com\/produktas\/tulip-etimo-murasaki-2\/\",\"name\":\"Tulip Etimo Murasaki v\u0105\u0161eliai - Happyinaknit.com\",\"isPartOf\":{\"@id\":\"https:\/\/happyinaknit.com\/lt\/#website\"},\"primaryImageOfPage\":{\"@id\":\"https:\/\/happyinaknit.com\/produktas\/tulip-etimo-murasaki-2\/#primaryimage\"},\"image\":{\"@id\":\"https:\/\/happyinaknit.com\/produktas\/tulip-etimo-murasaki-2\/#primaryimage\"},\"thumbnailUrl\":\"https:\/\/happyinaknit.com\/wp-content\/uploads\/2025\/10\/IMG_8714.jpg\",\"datePublished\":\"2025-10-07T21:57:07+00:00\",\"dateModified\":\"2025-12-25T12:39:57+00:00\",\"breadcrumb\":{\"@id\":\"https:\/\/happyinaknit.com\/produktas\/tulip-etimo-murasaki-2\/#breadcrumb\"},\"inLanguage\":\"lt-LT\",\"potentialAction\":[{\"@type\":\"ReadAction\",\"target\":[\"https:\/\/happyinaknit.com\/produktas\/tulip-etimo-murasaki-2\/\"]}]},{\"@type\":\"ImageObject\",\"inLanguage\":\"lt-LT\",\"@id\":\"https:\/\/happyinaknit.com\/produktas\/tulip-etimo-murasaki-2\/#primaryimage\",\"url\":\"https:\/\/happyinaknit.com\/wp-content\/uploads\/2025\/10\/IMG_8714.jpg\",\"contentUrl\":\"https:\/\/happyinaknit.com\/wp-content\/uploads\/2025\/10\/IMG_8714.jpg\",\"width\":1320,\"height\":1308},{\"@type\":\"BreadcrumbList\",\"@id\":\"https:\/\/happyinaknit.com\/produktas\/tulip-etimo-murasaki-2\/#breadcrumb\",\"itemListElement\":[{\"@type\":\"ListItem\",\"position\":1,\"name\":\"Home\",\"item\":\"https:\/\/happyinaknit.com\/lt\/\"},{\"@type\":\"ListItem\",\"position\":2,\"name\":\"Parduotuv\u0117\",\"item\":\"https:\/\/happyinaknit.com\/lt\/parduotuve\/\"},{\"@type\":\"ListItem\",\"position\":3,\"name\":\"Tulip Etimo Murasaki v\u0105\u0161eliai\"}]},{\"@type\":\"WebSite\",\"@id\":\"https:\/\/happyinaknit.com\/lt\/#website\",\"url\":\"https:\/\/happyinaknit.com\/lt\/\",\"name\":\"Happyinaknit.com\",\"description\":\"\",\"potentialAction\":[{\"@type\":\"SearchAction\",\"target\":{\"@type\":\"EntryPoint\",\"urlTemplate\":\"https:\/\/happyinaknit.com\/lt\/?s={search_term_string}\"},\"query-input\":{\"@type\":\"PropertyValueSpecification\",\"valueRequired\":true,\"valueName\":\"search_term_string\"}}],\"inLanguage\":\"lt-LT\"}]}<\/script>\n<!-- \/ Yoast SEO plugin. -->","yoast_head_json":{"title":"Tulip Etimo Murasaki v\u0105\u0161eliai - Happyinaknit.com","robots":{"index":"index","follow":"follow","max-snippet":"max-snippet:-1","max-image-preview":"max-image-preview:large","max-video-preview":"max-video-preview:-1"},"canonical":"https:\/\/happyinaknit.com\/lt\/produktas\/tulip-etimo-murasaki-2\/","og_locale":"lt_LT","og_type":"article","og_title":"Tulip Etimo Murasaki v\u0105\u0161eliai - Happyinaknit.com","og_description":"Tulip Etimo Murasaki \u2013 m\u0117gstamiausi n\u0117rimo v\u0105\u0161eliai naujame, i\u0161skirtiniame atspalvyje \ud83d\udc9c Vis\u0173 pam\u0117gti Tulip Etimo n\u0117rimo v\u0105\u0161eliai dabar pasirodo naujame, eleganti\u0161kame \u201eMurasaki\u201c (tradicin\u0117s japoni\u0161kos violetin\u0117s spalvos) dizaine. V\u0105\u0161elio galiukas pagamintas i\u0161 auk\u0161tos kokyb\u0117s aliuminio, tod\u0117l yra itin glotnus ir tikslus \u2013 si\u016blas lengvai slysta ir nesivelia. Mink\u0161ta ergonomi\u0161ka plastikin\u0117 ranken\u0117l\u0117 u\u017etikrina patogum\u0105 net ilgo n\u0117rimo [&hellip;]","og_url":"https:\/\/happyinaknit.com\/lt\/produktas\/tulip-etimo-murasaki-2\/","og_site_name":"Happyinaknit.com","article_modified_time":"2025-12-25T12:39:57+00:00","og_image":[{"width":1320,"height":1308,"url":"https:\/\/happyinaknit.com\/wp-content\/uploads\/2025\/10\/IMG_8714.jpg","type":"image\/jpeg"}],"twitter_card":"summary_large_image","twitter_misc":{"Est. reading time":"1 minut\u0117"},"schema":{"@context":"https:\/\/schema.org","@graph":[{"@type":"WebPage","@id":"https:\/\/happyinaknit.com\/produktas\/tulip-etimo-murasaki-2\/","url":"https:\/\/happyinaknit.com\/produktas\/tulip-etimo-murasaki-2\/","name":"Tulip Etimo Murasaki v\u0105\u0161eliai - Happyinaknit.com","isPartOf":{"@id":"https:\/\/happyinaknit.com\/lt\/#website"},"primaryImageOfPage":{"@id":"https:\/\/happyinaknit.com\/produktas\/tulip-etimo-murasaki-2\/#primaryimage"},"image":{"@id":"https:\/\/happyinaknit.com\/produktas\/tulip-etimo-murasaki-2\/#primaryimage"},"thumbnailUrl":"https:\/\/happyinaknit.com\/wp-content\/uploads\/2025\/10\/IMG_8714.jpg","datePublished":"2025-10-07T21:57:07+00:00","dateModified":"2025-12-25T12:39:57+00:00","breadcrumb":{"@id":"https:\/\/happyinaknit.com\/produktas\/tulip-etimo-murasaki-2\/#breadcrumb"},"inLanguage":"lt-LT","potentialAction":[{"@type":"ReadAction","target":["https:\/\/happyinaknit.com\/produktas\/tulip-etimo-murasaki-2\/"]}]},{"@type":"ImageObject","inLanguage":"lt-LT","@id":"https:\/\/happyinaknit.com\/produktas\/tulip-etimo-murasaki-2\/#primaryimage","url":"https:\/\/happyinaknit.com\/wp-content\/uploads\/2025\/10\/IMG_8714.jpg","contentUrl":"https:\/\/happyinaknit.com\/wp-content\/uploads\/2025\/10\/IMG_8714.jpg","width":1320,"height":1308},{"@type":"BreadcrumbList","@id":"https:\/\/happyinaknit.com\/produktas\/tulip-etimo-murasaki-2\/#breadcrumb","itemListElement":[{"@type":"ListItem","position":1,"name":"Home","item":"https:\/\/happyinaknit.com\/lt\/"},{"@type":"ListItem","position":2,"name":"Parduotuv\u0117","item":"https:\/\/happyinaknit.com\/lt\/parduotuve\/"},{"@type":"ListItem","position":3,"name":"Tulip Etimo Murasaki v\u0105\u0161eliai"}]},{"@type":"WebSite","@id":"https:\/\/happyinaknit.com\/lt\/#website","url":"https:\/\/happyinaknit.com\/lt\/","name":"Happyinaknit.com","description":"","potentialAction":[{"@type":"SearchAction","target":{"@type":"EntryPoint","urlTemplate":"https:\/\/happyinaknit.com\/lt\/?s={search_term_string}"},"query-input":{"@type":"PropertyValueSpecification","valueRequired":true,"valueName":"search_term_string"}}],"inLanguage":"lt-LT"}]}},"_links":{"self":[{"href":"https:\/\/happyinaknit.com\/lt\/wp-json\/wp\/v2\/product\/3545","targetHints":{"allow":["GET"]}}],"collection":[{"href":"https:\/\/happyinaknit.com\/lt\/wp-json\/wp\/v2\/product"}],"about":[{"href":"https:\/\/happyinaknit.com\/lt\/wp-json\/wp\/v2\/types\/product"}],"replies":[{"embeddable":true,"href":"https:\/\/happyinaknit.com\/lt\/wp-json\/wp\/v2\/comments?post=3545"}],"wp:featuredmedia":[{"embeddable":true,"href":"https:\/\/happyinaknit.com\/lt\/wp-json\/wp\/v2\/media\/3549"}],"wp:attachment":[{"href":"https:\/\/happyinaknit.com\/lt\/wp-json\/wp\/v2\/media?parent=3545"}],"wp:term":[{"taxonomy":"product_brand","embeddable":true,"href":"https:\/\/happyinaknit.com\/lt\/wp-json\/wp\/v2\/product_brand?post=3545"},{"taxonomy":"product_cat","embeddable":true,"href":"https:\/\/happyinaknit.com\/lt\/wp-json\/wp\/v2\/product_cat?post=3545"},{"taxonomy":"product_tag","embeddable":true,"href":"https:\/\/happyinaknit.com\/lt\/wp-json\/wp\/v2\/product_tag?post=3545"},{"taxonomy":"pro-kategorijos","embeddable":true,"href":"https:\/\/happyinaknit.com\/lt\/wp-json\/wp\/v2\/pro-kategorijos?post=3545"}],"curies":[{"name":"wp","href":"https:\/\/api.w.org\/{rel}","templated":true}]}}