{"id":3540,"date":"2025-10-07T21:30:40","date_gmt":"2025-10-07T21:30:40","guid":{"rendered":"https:\/\/happyinaknit.com\/?post_type=product&#038;p=3540"},"modified":"2025-10-21T06:14:31","modified_gmt":"2025-10-21T06:14:31","slug":"tulip-etimo-murasaki","status":"publish","type":"product","link":"https:\/\/happyinaknit.com\/lt\/produktas\/tulip-etimo-murasaki\/","title":{"rendered":"Tulip Etimo Murasaki v\u0105\u0161eli\u0173 rinkinys"},"content":{"rendered":"<p data-start=\"0\" data-end=\"67\"><strong data-start=\"0\" data-end=\"62\">Tulip Etimo Murasaki \u2013 i\u0161skirtinis n\u0117rimo v\u0105\u0161eli\u0173 rinkinys<\/strong> \ud83d\udc9c<\/p>\n<p data-start=\"69\" data-end=\"392\">\u0160is <strong data-start=\"73\" data-end=\"113\">eleganti\u0161kas ir universalus rinkinys<\/strong> \u2013 tikra dovana rankdarbi\u0173 myl\u0117tojams. Jame rasite visk\u0105, ko reikia patogiam ir maloniam n\u0117rimui. V\u0105\u0161eliai i\u0161 garsiosios <strong data-start=\"234\" data-end=\"258\">Tulip Etimo Murasaki<\/strong> serijos pasi\u017eymi ypatingu ergonomi\u0161ku dizainu, \u0161velnia, rankai malonia rankena ir itin glotniu galiuku, kuris lengvai slysta si\u016blu.<\/p>\n<p data-start=\"394\" data-end=\"410\"><strong data-start=\"394\" data-end=\"408\">Rinkinyje:<\/strong><\/p>\n<ul data-start=\"411\" data-end=\"615\">\n<li data-start=\"411\" data-end=\"491\">\n<p data-start=\"413\" data-end=\"491\">8 n\u0117rimo v\u0105\u0161eliai: 2,00\/ 2,20\/2,50\/3,00\/ 3,50\/4,00\/ 5,00\/6,00 mm<\/p>\n<\/li>\n<li data-start=\"492\" data-end=\"554\">\n<p data-start=\"494\" data-end=\"554\">2 sidabro spalvos siuvimo adatos su auksiniu aku\u010di\u0173 apvadu<\/p>\n<\/li>\n<li data-start=\"555\" data-end=\"615\">\n<p data-start=\"557\" data-end=\"615\">3 violetiniai tulp\u0117s formos \u017eymekliai (Murasaki serijos)<\/p>\n<\/li>\n<\/ul>\n<p data-start=\"617\" data-end=\"769\">Viskas supakuota \u012f <strong data-start=\"636\" data-end=\"657\">stiling\u0105 futliar\u0105<\/strong>, kruop\u0161\u010diai pasi\u016bt\u0105 su vidin\u0117mis ki\u0161en\u0117l\u0117mis, kad v\u0105\u0161eliai ir priedai b\u016bt\u0173 <strong data-start=\"733\" data-end=\"766\">saugiai ir tvarkingai laikomi<\/strong>.<\/p>\n<p data-start=\"771\" data-end=\"861\" data-is-last-node=\"\" data-is-only-node=\"\">\ud83c\udf38 <em data-start=\"774\" data-end=\"861\" data-is-last-node=\"\">Tulip Etimo Murasaki \u2013 tai ne tik darbo \u012frankiai, bet ir estetinis malonumas rankose.<\/em><\/p>\n","protected":false},"excerpt":{"rendered":"<p>Tulip Etimo Murasaki \u2013 i\u0161skirtinis n\u0117rimo v\u0105\u0161eli\u0173 rinkinys \ud83d\udc9c \u0160is eleganti\u0161kas ir universalus rinkinys \u2013 tikra dovana rankdarbi\u0173 myl\u0117tojams. Jame rasite visk\u0105, ko reikia patogiam ir maloniam n\u0117rimui. V\u0105\u0161eliai i\u0161 garsiosios Tulip Etimo Murasaki serijos pasi\u017eymi ypatingu ergonomi\u0161ku dizainu, \u0161velnia, rankai malonia rankena ir itin glotniu galiuku, kuris lengvai slysta si\u016blu. Rinkinyje: 8 n\u0117rimo v\u0105\u0161eliai: [&hellip;]<\/p>\n","protected":false},"featured_media":6928,"comment_status":"open","ping_status":"closed","template":"","meta":{"_acf_changed":false},"product_brand":[757],"product_cat":[15,19,788],"product_tag":[],"pro-kategorijos":[],"class_list":{"0":"post-3540","1":"product","2":"type-product","3":"status-publish","4":"has-post-thumbnail","6":"product_brand-tulip","7":"product_cat-visi-produktai","8":"product_cat-mezgimo-priemones","9":"product_cat-vaseliu-rinkiniai","11":"first","12":"instock","13":"shipping-taxable","14":"purchasable","15":"product-type-simple"},"acf":[],"yoast_head":"<!-- This site is optimized with the Yoast SEO plugin v26.8 - https:\/\/yoast.com\/product\/yoast-seo-wordpress\/ -->\n<title>Tulip Etimo Murasaki v\u0105\u0161eli\u0173 rinkinys - Happyinaknit.com<\/title>\n<meta name=\"robots\" content=\"index, follow, max-snippet:-1, max-image-preview:large, max-video-preview:-1\" \/>\n<link rel=\"canonical\" href=\"https:\/\/happyinaknit.com\/lt\/produktas\/tulip-etimo-murasaki\/\" \/>\n<meta property=\"og:locale\" content=\"lt_LT\" \/>\n<meta property=\"og:type\" content=\"article\" \/>\n<meta property=\"og:title\" content=\"Tulip Etimo Murasaki v\u0105\u0161eli\u0173 rinkinys - Happyinaknit.com\" \/>\n<meta property=\"og:description\" content=\"Tulip Etimo Murasaki \u2013 i\u0161skirtinis n\u0117rimo v\u0105\u0161eli\u0173 rinkinys \ud83d\udc9c \u0160is eleganti\u0161kas ir universalus rinkinys \u2013 tikra dovana rankdarbi\u0173 myl\u0117tojams. Jame rasite visk\u0105, ko reikia patogiam ir maloniam n\u0117rimui. V\u0105\u0161eliai i\u0161 garsiosios Tulip Etimo Murasaki serijos pasi\u017eymi ypatingu ergonomi\u0161ku dizainu, \u0161velnia, rankai malonia rankena ir itin glotniu galiuku, kuris lengvai slysta si\u016blu. Rinkinyje: 8 n\u0117rimo v\u0105\u0161eliai: [&hellip;]\" \/>\n<meta property=\"og:url\" content=\"https:\/\/happyinaknit.com\/lt\/produktas\/tulip-etimo-murasaki\/\" \/>\n<meta property=\"og:site_name\" content=\"Happyinaknit.com\" \/>\n<meta property=\"article:modified_time\" content=\"2025-10-21T06:14:31+00:00\" \/>\n<meta property=\"og:image\" content=\"https:\/\/happyinaknit.com\/wp-content\/uploads\/2025\/10\/il_570xN.7059013345_mbnc.jpg.webp\" \/>\n\t<meta property=\"og:image:width\" content=\"570\" \/>\n\t<meta property=\"og:image:height\" content=\"458\" \/>\n\t<meta property=\"og:image:type\" content=\"image\/webp\" \/>\n<meta name=\"twitter:card\" content=\"summary_large_image\" \/>\n<meta name=\"twitter:label1\" content=\"Est. reading time\" \/>\n\t<meta name=\"twitter:data1\" content=\"1 minut\u0117\" \/>\n<script type=\"application\/ld+json\" class=\"yoast-schema-graph\">{\"@context\":\"https:\/\/schema.org\",\"@graph\":[{\"@type\":\"WebPage\",\"@id\":\"https:\/\/happyinaknit.com\/produktas\/tulip-etimo-murasaki\/\",\"url\":\"https:\/\/happyinaknit.com\/produktas\/tulip-etimo-murasaki\/\",\"name\":\"Tulip Etimo Murasaki v\u0105\u0161eli\u0173 rinkinys - Happyinaknit.com\",\"isPartOf\":{\"@id\":\"https:\/\/happyinaknit.com\/lt\/#website\"},\"primaryImageOfPage\":{\"@id\":\"https:\/\/happyinaknit.com\/produktas\/tulip-etimo-murasaki\/#primaryimage\"},\"image\":{\"@id\":\"https:\/\/happyinaknit.com\/produktas\/tulip-etimo-murasaki\/#primaryimage\"},\"thumbnailUrl\":\"https:\/\/happyinaknit.com\/wp-content\/uploads\/2025\/10\/il_570xN.7059013345_mbnc.jpg.webp\",\"datePublished\":\"2025-10-07T21:30:40+00:00\",\"dateModified\":\"2025-10-21T06:14:31+00:00\",\"breadcrumb\":{\"@id\":\"https:\/\/happyinaknit.com\/produktas\/tulip-etimo-murasaki\/#breadcrumb\"},\"inLanguage\":\"lt-LT\",\"potentialAction\":[{\"@type\":\"ReadAction\",\"target\":[\"https:\/\/happyinaknit.com\/produktas\/tulip-etimo-murasaki\/\"]}]},{\"@type\":\"ImageObject\",\"inLanguage\":\"lt-LT\",\"@id\":\"https:\/\/happyinaknit.com\/produktas\/tulip-etimo-murasaki\/#primaryimage\",\"url\":\"https:\/\/happyinaknit.com\/wp-content\/uploads\/2025\/10\/il_570xN.7059013345_mbnc.jpg.webp\",\"contentUrl\":\"https:\/\/happyinaknit.com\/wp-content\/uploads\/2025\/10\/il_570xN.7059013345_mbnc.jpg.webp\",\"width\":570,\"height\":458},{\"@type\":\"BreadcrumbList\",\"@id\":\"https:\/\/happyinaknit.com\/produktas\/tulip-etimo-murasaki\/#breadcrumb\",\"itemListElement\":[{\"@type\":\"ListItem\",\"position\":1,\"name\":\"Home\",\"item\":\"https:\/\/happyinaknit.com\/lt\/\"},{\"@type\":\"ListItem\",\"position\":2,\"name\":\"Parduotuv\u0117\",\"item\":\"https:\/\/happyinaknit.com\/lt\/parduotuve\/\"},{\"@type\":\"ListItem\",\"position\":3,\"name\":\"Tulip Etimo Murasaki v\u0105\u0161eli\u0173 rinkinys\"}]},{\"@type\":\"WebSite\",\"@id\":\"https:\/\/happyinaknit.com\/lt\/#website\",\"url\":\"https:\/\/happyinaknit.com\/lt\/\",\"name\":\"Happyinaknit.com\",\"description\":\"\",\"potentialAction\":[{\"@type\":\"SearchAction\",\"target\":{\"@type\":\"EntryPoint\",\"urlTemplate\":\"https:\/\/happyinaknit.com\/lt\/?s={search_term_string}\"},\"query-input\":{\"@type\":\"PropertyValueSpecification\",\"valueRequired\":true,\"valueName\":\"search_term_string\"}}],\"inLanguage\":\"lt-LT\"}]}<\/script>\n<!-- \/ Yoast SEO plugin. -->","yoast_head_json":{"title":"Tulip Etimo Murasaki v\u0105\u0161eli\u0173 rinkinys - Happyinaknit.com","robots":{"index":"index","follow":"follow","max-snippet":"max-snippet:-1","max-image-preview":"max-image-preview:large","max-video-preview":"max-video-preview:-1"},"canonical":"https:\/\/happyinaknit.com\/lt\/produktas\/tulip-etimo-murasaki\/","og_locale":"lt_LT","og_type":"article","og_title":"Tulip Etimo Murasaki v\u0105\u0161eli\u0173 rinkinys - Happyinaknit.com","og_description":"Tulip Etimo Murasaki \u2013 i\u0161skirtinis n\u0117rimo v\u0105\u0161eli\u0173 rinkinys \ud83d\udc9c \u0160is eleganti\u0161kas ir universalus rinkinys \u2013 tikra dovana rankdarbi\u0173 myl\u0117tojams. Jame rasite visk\u0105, ko reikia patogiam ir maloniam n\u0117rimui. V\u0105\u0161eliai i\u0161 garsiosios Tulip Etimo Murasaki serijos pasi\u017eymi ypatingu ergonomi\u0161ku dizainu, \u0161velnia, rankai malonia rankena ir itin glotniu galiuku, kuris lengvai slysta si\u016blu. Rinkinyje: 8 n\u0117rimo v\u0105\u0161eliai: [&hellip;]","og_url":"https:\/\/happyinaknit.com\/lt\/produktas\/tulip-etimo-murasaki\/","og_site_name":"Happyinaknit.com","article_modified_time":"2025-10-21T06:14:31+00:00","og_image":[{"width":570,"height":458,"url":"https:\/\/happyinaknit.com\/wp-content\/uploads\/2025\/10\/il_570xN.7059013345_mbnc.jpg.webp","type":"image\/webp"}],"twitter_card":"summary_large_image","twitter_misc":{"Est. reading time":"1 minut\u0117"},"schema":{"@context":"https:\/\/schema.org","@graph":[{"@type":"WebPage","@id":"https:\/\/happyinaknit.com\/produktas\/tulip-etimo-murasaki\/","url":"https:\/\/happyinaknit.com\/produktas\/tulip-etimo-murasaki\/","name":"Tulip Etimo Murasaki v\u0105\u0161eli\u0173 rinkinys - Happyinaknit.com","isPartOf":{"@id":"https:\/\/happyinaknit.com\/lt\/#website"},"primaryImageOfPage":{"@id":"https:\/\/happyinaknit.com\/produktas\/tulip-etimo-murasaki\/#primaryimage"},"image":{"@id":"https:\/\/happyinaknit.com\/produktas\/tulip-etimo-murasaki\/#primaryimage"},"thumbnailUrl":"https:\/\/happyinaknit.com\/wp-content\/uploads\/2025\/10\/il_570xN.7059013345_mbnc.jpg.webp","datePublished":"2025-10-07T21:30:40+00:00","dateModified":"2025-10-21T06:14:31+00:00","breadcrumb":{"@id":"https:\/\/happyinaknit.com\/produktas\/tulip-etimo-murasaki\/#breadcrumb"},"inLanguage":"lt-LT","potentialAction":[{"@type":"ReadAction","target":["https:\/\/happyinaknit.com\/produktas\/tulip-etimo-murasaki\/"]}]},{"@type":"ImageObject","inLanguage":"lt-LT","@id":"https:\/\/happyinaknit.com\/produktas\/tulip-etimo-murasaki\/#primaryimage","url":"https:\/\/happyinaknit.com\/wp-content\/uploads\/2025\/10\/il_570xN.7059013345_mbnc.jpg.webp","contentUrl":"https:\/\/happyinaknit.com\/wp-content\/uploads\/2025\/10\/il_570xN.7059013345_mbnc.jpg.webp","width":570,"height":458},{"@type":"BreadcrumbList","@id":"https:\/\/happyinaknit.com\/produktas\/tulip-etimo-murasaki\/#breadcrumb","itemListElement":[{"@type":"ListItem","position":1,"name":"Home","item":"https:\/\/happyinaknit.com\/lt\/"},{"@type":"ListItem","position":2,"name":"Parduotuv\u0117","item":"https:\/\/happyinaknit.com\/lt\/parduotuve\/"},{"@type":"ListItem","position":3,"name":"Tulip Etimo Murasaki v\u0105\u0161eli\u0173 rinkinys"}]},{"@type":"WebSite","@id":"https:\/\/happyinaknit.com\/lt\/#website","url":"https:\/\/happyinaknit.com\/lt\/","name":"Happyinaknit.com","description":"","potentialAction":[{"@type":"SearchAction","target":{"@type":"EntryPoint","urlTemplate":"https:\/\/happyinaknit.com\/lt\/?s={search_term_string}"},"query-input":{"@type":"PropertyValueSpecification","valueRequired":true,"valueName":"search_term_string"}}],"inLanguage":"lt-LT"}]}},"_links":{"self":[{"href":"https:\/\/happyinaknit.com\/lt\/wp-json\/wp\/v2\/product\/3540","targetHints":{"allow":["GET"]}}],"collection":[{"href":"https:\/\/happyinaknit.com\/lt\/wp-json\/wp\/v2\/product"}],"about":[{"href":"https:\/\/happyinaknit.com\/lt\/wp-json\/wp\/v2\/types\/product"}],"replies":[{"embeddable":true,"href":"https:\/\/happyinaknit.com\/lt\/wp-json\/wp\/v2\/comments?post=3540"}],"wp:featuredmedia":[{"embeddable":true,"href":"https:\/\/happyinaknit.com\/lt\/wp-json\/wp\/v2\/media\/6928"}],"wp:attachment":[{"href":"https:\/\/happyinaknit.com\/lt\/wp-json\/wp\/v2\/media?parent=3540"}],"wp:term":[{"taxonomy":"product_brand","embeddable":true,"href":"https:\/\/happyinaknit.com\/lt\/wp-json\/wp\/v2\/product_brand?post=3540"},{"taxonomy":"product_cat","embeddable":true,"href":"https:\/\/happyinaknit.com\/lt\/wp-json\/wp\/v2\/product_cat?post=3540"},{"taxonomy":"product_tag","embeddable":true,"href":"https:\/\/happyinaknit.com\/lt\/wp-json\/wp\/v2\/product_tag?post=3540"},{"taxonomy":"pro-kategorijos","embeddable":true,"href":"https:\/\/happyinaknit.com\/lt\/wp-json\/wp\/v2\/pro-kategorijos?post=3540"}],"curies":[{"name":"wp","href":"https:\/\/api.w.org\/{rel}","templated":true}]}}