{"id":3496,"date":"2025-10-07T20:53:26","date_gmt":"2025-10-07T20:53:26","guid":{"rendered":"https:\/\/happyinaknit.com\/?post_type=product&#038;p=3496"},"modified":"2026-02-28T18:44:35","modified_gmt":"2026-02-28T18:44:35","slug":"casagrande-baby-alpaca-lux","status":"publish","type":"product","link":"https:\/\/happyinaknit.com\/lt\/produktas\/casagrande-baby-alpaca-lux\/","title":{"rendered":"Casagrande Baby Alpaca Lux"},"content":{"rendered":"<p data-start=\"74\" data-end=\"306\"><strong data-start=\"74\" data-end=\"105\">Baby alpaka ir merino vilna<\/strong> suteikia \u0161iems si\u016blams ypating\u0105 \u0161velnum\u0105 ir jaukum\u0105, o <strong data-start=\"161\" data-end=\"174\">\u017evyneliai<\/strong> (paillet\u0117s) \u012fne\u0161a lengvo prabangos spindesio. Nors si\u016blai atrodo \u0161venti\u0161kai, jie i\u0161lieka <strong data-start=\"264\" data-end=\"303\">mink\u0161ti, pur\u016bs ir itin malon\u016bs odai<\/strong>.<\/p>\n<p data-start=\"308\" data-end=\"512\">D\u0117l savo sud\u0117ties <strong data-start=\"326\" data-end=\"345\">Baby Alpaca Lux<\/strong> puikiai tinka tiek kasdieniams, tiek i\u0161skirtiniams mezginiams \u2013 <strong data-start=\"410\" data-end=\"456\">megztiniams, \u0161alikams, skaroms ar kepur\u0117ms<\/strong>, kai norisi subtilaus spindesio be perd\u0117to blizgesio.<\/p>\n<ul data-start=\"514\" data-end=\"807\">\n<li data-start=\"514\" data-end=\"620\">\n<p data-start=\"516\" data-end=\"620\"><strong data-start=\"516\" data-end=\"528\">Sud\u0117tis:<\/strong> 28% baby alpaka, 13% merino vilna extrafine, 37% poliamidas ir poliesteris, 22% \u017evyneliai<\/p>\n<\/li>\n<li data-start=\"621\" data-end=\"660\">\n<p data-start=\"623\" data-end=\"660\"><strong data-start=\"623\" data-end=\"645\">Svoris \/ metra\u017eas:<\/strong> 50 g \u2014 110 m<\/p>\n<\/li>\n<li data-start=\"661\" data-end=\"687\">\n<p data-start=\"663\" data-end=\"687\"><strong data-start=\"663\" data-end=\"676\">Virbalai:<\/strong> 5\u20135,5 mm<\/p>\n<\/li>\n<li data-start=\"688\" data-end=\"737\">\n<p data-start=\"690\" data-end=\"737\"><strong data-start=\"690\" data-end=\"703\">Tankumas:<\/strong> 10 \u00d7 10 cm \u2248 19 akys \u00d7 24 eil\u0117s<\/p>\n<\/li>\n<li data-start=\"738\" data-end=\"807\">\n<p data-start=\"740\" data-end=\"807\"><strong data-start=\"740\" data-end=\"767\">Rekomenduojamas kiekis:<\/strong> d\u017eemperiui M dyd\u017eio \u2013 8\u20139 kamuoliukai<\/p>\n<\/li>\n<\/ul>\n<p data-start=\"809\" data-end=\"903\"><strong data-start=\"809\" data-end=\"823\">Prie\u017ei\u016bra:<\/strong><br data-start=\"823\" data-end=\"826\" \/>Skalbti rankomis iki 30 \u00b0C temperat\u016broje. D\u017eiovinti patiesus horizontaliai.<\/p>\n<p data-start=\"905\" data-end=\"1053\" data-is-last-node=\"\" data-is-only-node=\"\">\ud83e\udd0d <em data-start=\"908\" data-end=\"1053\" data-is-last-node=\"\">Mink\u0161tas kaip debesis, \u0161velniai \u017evilgantis kaip \u0161viesa ant sniego \u2013 Baby Alpaca Lux leis kiekvienam mezginiui suspind\u0117ti i\u0161skirtine elegancija.<\/em><\/p>\n","protected":false},"excerpt":{"rendered":"<p>Baby alpaka ir merino vilna suteikia \u0161iems si\u016blams ypating\u0105 \u0161velnum\u0105 ir jaukum\u0105, o \u017evyneliai (paillet\u0117s) \u012fne\u0161a lengvo prabangos spindesio. Nors si\u016blai atrodo \u0161venti\u0161kai, jie i\u0161lieka mink\u0161ti, pur\u016bs ir itin malon\u016bs odai. D\u0117l savo sud\u0117ties Baby Alpaca Lux puikiai tinka tiek kasdieniams, tiek i\u0161skirtiniams mezginiams \u2013 megztiniams, \u0161alikams, skaroms ar kepur\u0117ms, kai norisi subtilaus spindesio be [&hellip;]<\/p>\n","protected":false},"featured_media":3500,"comment_status":"open","ping_status":"closed","template":"","meta":{"_acf_changed":false},"product_brand":[58],"product_cat":[15,182,18],"product_tag":[33],"pro-kategorijos":[72,71,81],"class_list":{"0":"post-3496","1":"product","2":"type-product","3":"status-publish","4":"has-post-thumbnail","6":"product_brand-casagrande","7":"product_cat-visi-produktai","8":"product_cat-ispardavimas","9":"product_cat-siulai","10":"product_tag-ispardavimas","11":"pro-kategorijos-baby-alpaka","12":"pro-kategorijos-merino-vilna","13":"pro-kategorijos-poliamidas-zvyneliai","15":"first","16":"instock","17":"sale","18":"shipping-taxable","19":"purchasable","20":"product-type-variable"},"acf":[],"yoast_head":"<!-- This site is optimized with the Yoast SEO plugin v26.8 - https:\/\/yoast.com\/product\/yoast-seo-wordpress\/ -->\n<title>Casagrande Baby Alpaca Lux - Happyinaknit.com<\/title>\n<meta name=\"robots\" content=\"index, follow, max-snippet:-1, max-image-preview:large, max-video-preview:-1\" \/>\n<link rel=\"canonical\" href=\"https:\/\/happyinaknit.com\/lt\/produktas\/casagrande-baby-alpaca-lux\/\" \/>\n<meta property=\"og:locale\" content=\"lt_LT\" \/>\n<meta property=\"og:type\" content=\"article\" \/>\n<meta property=\"og:title\" content=\"Casagrande Baby Alpaca Lux - Happyinaknit.com\" \/>\n<meta property=\"og:description\" content=\"Baby alpaka ir merino vilna suteikia \u0161iems si\u016blams ypating\u0105 \u0161velnum\u0105 ir jaukum\u0105, o \u017evyneliai (paillet\u0117s) \u012fne\u0161a lengvo prabangos spindesio. Nors si\u016blai atrodo \u0161venti\u0161kai, jie i\u0161lieka mink\u0161ti, pur\u016bs ir itin malon\u016bs odai. D\u0117l savo sud\u0117ties Baby Alpaca Lux puikiai tinka tiek kasdieniams, tiek i\u0161skirtiniams mezginiams \u2013 megztiniams, \u0161alikams, skaroms ar kepur\u0117ms, kai norisi subtilaus spindesio be [&hellip;]\" \/>\n<meta property=\"og:url\" content=\"https:\/\/happyinaknit.com\/lt\/produktas\/casagrande-baby-alpaca-lux\/\" \/>\n<meta property=\"og:site_name\" content=\"Happyinaknit.com\" \/>\n<meta property=\"article:modified_time\" content=\"2026-02-28T18:44:35+00:00\" \/>\n<meta property=\"og:image\" content=\"https:\/\/happyinaknit.com\/wp-content\/uploads\/2025\/10\/IMG_8676.jpg\" \/>\n\t<meta property=\"og:image:width\" content=\"1320\" \/>\n\t<meta property=\"og:image:height\" content=\"1268\" \/>\n\t<meta property=\"og:image:type\" content=\"image\/jpeg\" \/>\n<meta name=\"twitter:card\" content=\"summary_large_image\" \/>\n<meta name=\"twitter:label1\" content=\"Est. reading time\" \/>\n\t<meta name=\"twitter:data1\" content=\"1 minut\u0117\" \/>\n<script type=\"application\/ld+json\" class=\"yoast-schema-graph\">{\"@context\":\"https:\/\/schema.org\",\"@graph\":[{\"@type\":\"WebPage\",\"@id\":\"https:\/\/happyinaknit.com\/produktas\/casagrande-baby-alpaca-lux\/\",\"url\":\"https:\/\/happyinaknit.com\/produktas\/casagrande-baby-alpaca-lux\/\",\"name\":\"Casagrande Baby Alpaca Lux - Happyinaknit.com\",\"isPartOf\":{\"@id\":\"https:\/\/happyinaknit.com\/lt\/#website\"},\"primaryImageOfPage\":{\"@id\":\"https:\/\/happyinaknit.com\/produktas\/casagrande-baby-alpaca-lux\/#primaryimage\"},\"image\":{\"@id\":\"https:\/\/happyinaknit.com\/produktas\/casagrande-baby-alpaca-lux\/#primaryimage\"},\"thumbnailUrl\":\"https:\/\/happyinaknit.com\/wp-content\/uploads\/2025\/10\/IMG_8676.jpg\",\"datePublished\":\"2025-10-07T20:53:26+00:00\",\"dateModified\":\"2026-02-28T18:44:35+00:00\",\"breadcrumb\":{\"@id\":\"https:\/\/happyinaknit.com\/produktas\/casagrande-baby-alpaca-lux\/#breadcrumb\"},\"inLanguage\":\"lt-LT\",\"potentialAction\":[{\"@type\":\"ReadAction\",\"target\":[\"https:\/\/happyinaknit.com\/produktas\/casagrande-baby-alpaca-lux\/\"]}]},{\"@type\":\"ImageObject\",\"inLanguage\":\"lt-LT\",\"@id\":\"https:\/\/happyinaknit.com\/produktas\/casagrande-baby-alpaca-lux\/#primaryimage\",\"url\":\"https:\/\/happyinaknit.com\/wp-content\/uploads\/2025\/10\/IMG_8676.jpg\",\"contentUrl\":\"https:\/\/happyinaknit.com\/wp-content\/uploads\/2025\/10\/IMG_8676.jpg\",\"width\":1320,\"height\":1268},{\"@type\":\"BreadcrumbList\",\"@id\":\"https:\/\/happyinaknit.com\/produktas\/casagrande-baby-alpaca-lux\/#breadcrumb\",\"itemListElement\":[{\"@type\":\"ListItem\",\"position\":1,\"name\":\"Home\",\"item\":\"https:\/\/happyinaknit.com\/lt\/\"},{\"@type\":\"ListItem\",\"position\":2,\"name\":\"Parduotuv\u0117\",\"item\":\"https:\/\/happyinaknit.com\/lt\/parduotuve\/\"},{\"@type\":\"ListItem\",\"position\":3,\"name\":\"Casagrande Baby Alpaca Lux\"}]},{\"@type\":\"WebSite\",\"@id\":\"https:\/\/happyinaknit.com\/lt\/#website\",\"url\":\"https:\/\/happyinaknit.com\/lt\/\",\"name\":\"Happyinaknit.com\",\"description\":\"\",\"potentialAction\":[{\"@type\":\"SearchAction\",\"target\":{\"@type\":\"EntryPoint\",\"urlTemplate\":\"https:\/\/happyinaknit.com\/lt\/?s={search_term_string}\"},\"query-input\":{\"@type\":\"PropertyValueSpecification\",\"valueRequired\":true,\"valueName\":\"search_term_string\"}}],\"inLanguage\":\"lt-LT\"}]}<\/script>\n<!-- \/ Yoast SEO plugin. -->","yoast_head_json":{"title":"Casagrande Baby Alpaca Lux - Happyinaknit.com","robots":{"index":"index","follow":"follow","max-snippet":"max-snippet:-1","max-image-preview":"max-image-preview:large","max-video-preview":"max-video-preview:-1"},"canonical":"https:\/\/happyinaknit.com\/lt\/produktas\/casagrande-baby-alpaca-lux\/","og_locale":"lt_LT","og_type":"article","og_title":"Casagrande Baby Alpaca Lux - Happyinaknit.com","og_description":"Baby alpaka ir merino vilna suteikia \u0161iems si\u016blams ypating\u0105 \u0161velnum\u0105 ir jaukum\u0105, o \u017evyneliai (paillet\u0117s) \u012fne\u0161a lengvo prabangos spindesio. Nors si\u016blai atrodo \u0161venti\u0161kai, jie i\u0161lieka mink\u0161ti, pur\u016bs ir itin malon\u016bs odai. D\u0117l savo sud\u0117ties Baby Alpaca Lux puikiai tinka tiek kasdieniams, tiek i\u0161skirtiniams mezginiams \u2013 megztiniams, \u0161alikams, skaroms ar kepur\u0117ms, kai norisi subtilaus spindesio be [&hellip;]","og_url":"https:\/\/happyinaknit.com\/lt\/produktas\/casagrande-baby-alpaca-lux\/","og_site_name":"Happyinaknit.com","article_modified_time":"2026-02-28T18:44:35+00:00","og_image":[{"width":1320,"height":1268,"url":"https:\/\/happyinaknit.com\/wp-content\/uploads\/2025\/10\/IMG_8676.jpg","type":"image\/jpeg"}],"twitter_card":"summary_large_image","twitter_misc":{"Est. reading time":"1 minut\u0117"},"schema":{"@context":"https:\/\/schema.org","@graph":[{"@type":"WebPage","@id":"https:\/\/happyinaknit.com\/produktas\/casagrande-baby-alpaca-lux\/","url":"https:\/\/happyinaknit.com\/produktas\/casagrande-baby-alpaca-lux\/","name":"Casagrande Baby Alpaca Lux - Happyinaknit.com","isPartOf":{"@id":"https:\/\/happyinaknit.com\/lt\/#website"},"primaryImageOfPage":{"@id":"https:\/\/happyinaknit.com\/produktas\/casagrande-baby-alpaca-lux\/#primaryimage"},"image":{"@id":"https:\/\/happyinaknit.com\/produktas\/casagrande-baby-alpaca-lux\/#primaryimage"},"thumbnailUrl":"https:\/\/happyinaknit.com\/wp-content\/uploads\/2025\/10\/IMG_8676.jpg","datePublished":"2025-10-07T20:53:26+00:00","dateModified":"2026-02-28T18:44:35+00:00","breadcrumb":{"@id":"https:\/\/happyinaknit.com\/produktas\/casagrande-baby-alpaca-lux\/#breadcrumb"},"inLanguage":"lt-LT","potentialAction":[{"@type":"ReadAction","target":["https:\/\/happyinaknit.com\/produktas\/casagrande-baby-alpaca-lux\/"]}]},{"@type":"ImageObject","inLanguage":"lt-LT","@id":"https:\/\/happyinaknit.com\/produktas\/casagrande-baby-alpaca-lux\/#primaryimage","url":"https:\/\/happyinaknit.com\/wp-content\/uploads\/2025\/10\/IMG_8676.jpg","contentUrl":"https:\/\/happyinaknit.com\/wp-content\/uploads\/2025\/10\/IMG_8676.jpg","width":1320,"height":1268},{"@type":"BreadcrumbList","@id":"https:\/\/happyinaknit.com\/produktas\/casagrande-baby-alpaca-lux\/#breadcrumb","itemListElement":[{"@type":"ListItem","position":1,"name":"Home","item":"https:\/\/happyinaknit.com\/lt\/"},{"@type":"ListItem","position":2,"name":"Parduotuv\u0117","item":"https:\/\/happyinaknit.com\/lt\/parduotuve\/"},{"@type":"ListItem","position":3,"name":"Casagrande Baby Alpaca Lux"}]},{"@type":"WebSite","@id":"https:\/\/happyinaknit.com\/lt\/#website","url":"https:\/\/happyinaknit.com\/lt\/","name":"Happyinaknit.com","description":"","potentialAction":[{"@type":"SearchAction","target":{"@type":"EntryPoint","urlTemplate":"https:\/\/happyinaknit.com\/lt\/?s={search_term_string}"},"query-input":{"@type":"PropertyValueSpecification","valueRequired":true,"valueName":"search_term_string"}}],"inLanguage":"lt-LT"}]}},"_links":{"self":[{"href":"https:\/\/happyinaknit.com\/lt\/wp-json\/wp\/v2\/product\/3496","targetHints":{"allow":["GET"]}}],"collection":[{"href":"https:\/\/happyinaknit.com\/lt\/wp-json\/wp\/v2\/product"}],"about":[{"href":"https:\/\/happyinaknit.com\/lt\/wp-json\/wp\/v2\/types\/product"}],"replies":[{"embeddable":true,"href":"https:\/\/happyinaknit.com\/lt\/wp-json\/wp\/v2\/comments?post=3496"}],"wp:featuredmedia":[{"embeddable":true,"href":"https:\/\/happyinaknit.com\/lt\/wp-json\/wp\/v2\/media\/3500"}],"wp:attachment":[{"href":"https:\/\/happyinaknit.com\/lt\/wp-json\/wp\/v2\/media?parent=3496"}],"wp:term":[{"taxonomy":"product_brand","embeddable":true,"href":"https:\/\/happyinaknit.com\/lt\/wp-json\/wp\/v2\/product_brand?post=3496"},{"taxonomy":"product_cat","embeddable":true,"href":"https:\/\/happyinaknit.com\/lt\/wp-json\/wp\/v2\/product_cat?post=3496"},{"taxonomy":"product_tag","embeddable":true,"href":"https:\/\/happyinaknit.com\/lt\/wp-json\/wp\/v2\/product_tag?post=3496"},{"taxonomy":"pro-kategorijos","embeddable":true,"href":"https:\/\/happyinaknit.com\/lt\/wp-json\/wp\/v2\/pro-kategorijos?post=3496"}],"curies":[{"name":"wp","href":"https:\/\/api.w.org\/{rel}","templated":true}]}}