{"id":3477,"date":"2025-10-07T20:10:13","date_gmt":"2025-10-07T20:10:13","guid":{"rendered":"https:\/\/happyinaknit.com\/?post_type=product&#038;p=3477"},"modified":"2026-02-28T18:43:12","modified_gmt":"2026-02-28T18:43:12","slug":"casagrande-baby-alpaca","status":"publish","type":"product","link":"https:\/\/happyinaknit.com\/lt\/produktas\/casagrande-baby-alpaca\/","title":{"rendered":"Casagrande Baby Alpaca"},"content":{"rendered":"<p data-start=\"76\" data-end=\"368\">Ypatingai <strong data-start=\"86\" data-end=\"105\">mink\u0161tas si\u016blas<\/strong>, kurio sud\u0117tyje <strong data-start=\"122\" data-end=\"158\">baby alpaka, vilna ir poliamidas<\/strong>, sukurtas \u0161iltiems ir jaukiems mezginiams. \u0160is si\u016blas idealiai tinka <strong data-start=\"228\" data-end=\"286\">megztiniams, kepur\u0117ms, \u0161alikams ir kitiems aksesuarams<\/strong>, o d\u0117l poliamido pluo\u0161to audinys i\u0161lieka <strong data-start=\"328\" data-end=\"365\">stabilus, elastingas ir ilgaam\u017eis<\/strong>.<\/p>\n<p data-start=\"370\" data-end=\"581\">Baby alpaka suteikia <strong data-start=\"391\" data-end=\"414\">\u0161velnumo ir \u0161ilumos<\/strong>, o vilna u\u017etikrina nat\u016brali\u0105 termoreguliacij\u0105. Puikus pasirinkimas net ir tiems, kuri\u0173 oda jautri vilnai \u2013 mezginiai i\u0161 \u0161io si\u016blo bus malon\u016bs ir patog\u016bs vis\u0105 dien\u0105.<\/p>\n<ul data-start=\"583\" data-end=\"757\">\n<li data-start=\"583\" data-end=\"642\">\n<p data-start=\"585\" data-end=\"642\"><strong data-start=\"585\" data-end=\"597\">Sud\u0117tis:<\/strong> 75% baby alpaka, 15% poliamidas, 10% vilna<\/p>\n<\/li>\n<li data-start=\"643\" data-end=\"682\">\n<p data-start=\"645\" data-end=\"682\"><strong data-start=\"645\" data-end=\"667\">Svoris \/ metra\u017eas:<\/strong> 50 g \u2014 110 m<\/p>\n<\/li>\n<li data-start=\"683\" data-end=\"707\">\n<p data-start=\"685\" data-end=\"707\"><strong data-start=\"685\" data-end=\"698\">Virbalai:<\/strong> 5\u20136 mm<\/p>\n<\/li>\n<li data-start=\"708\" data-end=\"757\">\n<p data-start=\"710\" data-end=\"757\"><strong data-start=\"710\" data-end=\"723\">Tankumas:<\/strong> 10 \u00d7 10 cm \u2248 18 akys \u00d7 26 eil\u0117s<\/p>\n<\/li>\n<\/ul>\n<p data-start=\"759\" data-end=\"848\"><strong data-start=\"759\" data-end=\"778\">Rekomenduojama:<\/strong> \u0161iltiems megztiniams, kepur\u0117ms, \u0161alikams ir \u017eieminiams aksesuarams.<\/p>\n<p data-start=\"850\" data-end=\"944\"><strong data-start=\"850\" data-end=\"864\">Prie\u017ei\u016bra:<\/strong><br data-start=\"864\" data-end=\"867\" \/>Skalbti rankomis iki 30 \u00b0C temperat\u016broje. D\u017eiovinti patiesus horizontaliai.<\/p>\n<p data-start=\"946\" data-end=\"1027\" data-is-last-node=\"\" data-is-only-node=\"\">\ud83e\uddf6 <em data-start=\"949\" data-end=\"1027\" data-is-last-node=\"\">Baby Alpaca \u2013 tai \u0161iluma ir \u0161velnumas, apgaubiantis kaip mink\u0161tas debes\u0117lis.<\/em><\/p>\n","protected":false},"excerpt":{"rendered":"<p>Ypatingai mink\u0161tas si\u016blas, kurio sud\u0117tyje baby alpaka, vilna ir poliamidas, sukurtas \u0161iltiems ir jaukiems mezginiams. \u0160is si\u016blas idealiai tinka megztiniams, kepur\u0117ms, \u0161alikams ir kitiems aksesuarams, o d\u0117l poliamido pluo\u0161to audinys i\u0161lieka stabilus, elastingas ir ilgaam\u017eis. Baby alpaka suteikia \u0161velnumo ir \u0161ilumos, o vilna u\u017etikrina nat\u016brali\u0105 termoreguliacij\u0105. Puikus pasirinkimas net ir tiems, kuri\u0173 oda jautri vilnai [&hellip;]<\/p>\n","protected":false},"featured_media":3484,"comment_status":"open","ping_status":"closed","template":"","meta":{"_acf_changed":false},"product_brand":[58],"product_cat":[15,182,18],"product_tag":[33],"pro-kategorijos":[72,56],"class_list":{"0":"post-3477","1":"product","2":"type-product","3":"status-publish","4":"has-post-thumbnail","6":"product_brand-casagrande","7":"product_cat-visi-produktai","8":"product_cat-ispardavimas","9":"product_cat-siulai","10":"product_tag-ispardavimas","11":"pro-kategorijos-baby-alpaka","12":"pro-kategorijos-vilna","14":"first","15":"instock","16":"sale","17":"shipping-taxable","18":"purchasable","19":"product-type-variable"},"acf":[],"yoast_head":"<!-- This site is optimized with the Yoast SEO plugin v26.8 - https:\/\/yoast.com\/product\/yoast-seo-wordpress\/ -->\n<title>Casagrande Baby Alpaca - Happyinaknit.com<\/title>\n<meta name=\"robots\" content=\"index, follow, max-snippet:-1, max-image-preview:large, max-video-preview:-1\" \/>\n<link rel=\"canonical\" href=\"https:\/\/happyinaknit.com\/lt\/produktas\/casagrande-baby-alpaca\/\" \/>\n<meta property=\"og:locale\" content=\"lt_LT\" \/>\n<meta property=\"og:type\" content=\"article\" \/>\n<meta property=\"og:title\" content=\"Casagrande Baby Alpaca - Happyinaknit.com\" \/>\n<meta property=\"og:description\" content=\"Ypatingai mink\u0161tas si\u016blas, kurio sud\u0117tyje baby alpaka, vilna ir poliamidas, sukurtas \u0161iltiems ir jaukiems mezginiams. \u0160is si\u016blas idealiai tinka megztiniams, kepur\u0117ms, \u0161alikams ir kitiems aksesuarams, o d\u0117l poliamido pluo\u0161to audinys i\u0161lieka stabilus, elastingas ir ilgaam\u017eis. Baby alpaka suteikia \u0161velnumo ir \u0161ilumos, o vilna u\u017etikrina nat\u016brali\u0105 termoreguliacij\u0105. Puikus pasirinkimas net ir tiems, kuri\u0173 oda jautri vilnai [&hellip;]\" \/>\n<meta property=\"og:url\" content=\"https:\/\/happyinaknit.com\/lt\/produktas\/casagrande-baby-alpaca\/\" \/>\n<meta property=\"og:site_name\" content=\"Happyinaknit.com\" \/>\n<meta property=\"article:modified_time\" content=\"2026-02-28T18:43:12+00:00\" \/>\n<meta property=\"og:image\" content=\"https:\/\/happyinaknit.com\/wp-content\/uploads\/2025\/10\/IMG_8662.jpg\" \/>\n\t<meta property=\"og:image:width\" content=\"1320\" \/>\n\t<meta property=\"og:image:height\" content=\"1244\" \/>\n\t<meta property=\"og:image:type\" content=\"image\/jpeg\" \/>\n<meta name=\"twitter:card\" content=\"summary_large_image\" \/>\n<meta name=\"twitter:label1\" content=\"Est. reading time\" \/>\n\t<meta name=\"twitter:data1\" content=\"1 minut\u0117\" \/>\n<script type=\"application\/ld+json\" class=\"yoast-schema-graph\">{\"@context\":\"https:\/\/schema.org\",\"@graph\":[{\"@type\":\"WebPage\",\"@id\":\"https:\/\/happyinaknit.com\/produktas\/casagrande-baby-alpaca\/\",\"url\":\"https:\/\/happyinaknit.com\/produktas\/casagrande-baby-alpaca\/\",\"name\":\"Casagrande Baby Alpaca - Happyinaknit.com\",\"isPartOf\":{\"@id\":\"https:\/\/happyinaknit.com\/lt\/#website\"},\"primaryImageOfPage\":{\"@id\":\"https:\/\/happyinaknit.com\/produktas\/casagrande-baby-alpaca\/#primaryimage\"},\"image\":{\"@id\":\"https:\/\/happyinaknit.com\/produktas\/casagrande-baby-alpaca\/#primaryimage\"},\"thumbnailUrl\":\"https:\/\/happyinaknit.com\/wp-content\/uploads\/2025\/10\/IMG_8662.jpg\",\"datePublished\":\"2025-10-07T20:10:13+00:00\",\"dateModified\":\"2026-02-28T18:43:12+00:00\",\"breadcrumb\":{\"@id\":\"https:\/\/happyinaknit.com\/produktas\/casagrande-baby-alpaca\/#breadcrumb\"},\"inLanguage\":\"lt-LT\",\"potentialAction\":[{\"@type\":\"ReadAction\",\"target\":[\"https:\/\/happyinaknit.com\/produktas\/casagrande-baby-alpaca\/\"]}]},{\"@type\":\"ImageObject\",\"inLanguage\":\"lt-LT\",\"@id\":\"https:\/\/happyinaknit.com\/produktas\/casagrande-baby-alpaca\/#primaryimage\",\"url\":\"https:\/\/happyinaknit.com\/wp-content\/uploads\/2025\/10\/IMG_8662.jpg\",\"contentUrl\":\"https:\/\/happyinaknit.com\/wp-content\/uploads\/2025\/10\/IMG_8662.jpg\",\"width\":1320,\"height\":1244},{\"@type\":\"BreadcrumbList\",\"@id\":\"https:\/\/happyinaknit.com\/produktas\/casagrande-baby-alpaca\/#breadcrumb\",\"itemListElement\":[{\"@type\":\"ListItem\",\"position\":1,\"name\":\"Home\",\"item\":\"https:\/\/happyinaknit.com\/lt\/\"},{\"@type\":\"ListItem\",\"position\":2,\"name\":\"Parduotuv\u0117\",\"item\":\"https:\/\/happyinaknit.com\/lt\/parduotuve\/\"},{\"@type\":\"ListItem\",\"position\":3,\"name\":\"Casagrande Baby Alpaca\"}]},{\"@type\":\"WebSite\",\"@id\":\"https:\/\/happyinaknit.com\/lt\/#website\",\"url\":\"https:\/\/happyinaknit.com\/lt\/\",\"name\":\"Happyinaknit.com\",\"description\":\"\",\"potentialAction\":[{\"@type\":\"SearchAction\",\"target\":{\"@type\":\"EntryPoint\",\"urlTemplate\":\"https:\/\/happyinaknit.com\/lt\/?s={search_term_string}\"},\"query-input\":{\"@type\":\"PropertyValueSpecification\",\"valueRequired\":true,\"valueName\":\"search_term_string\"}}],\"inLanguage\":\"lt-LT\"}]}<\/script>\n<!-- \/ Yoast SEO plugin. -->","yoast_head_json":{"title":"Casagrande Baby Alpaca - Happyinaknit.com","robots":{"index":"index","follow":"follow","max-snippet":"max-snippet:-1","max-image-preview":"max-image-preview:large","max-video-preview":"max-video-preview:-1"},"canonical":"https:\/\/happyinaknit.com\/lt\/produktas\/casagrande-baby-alpaca\/","og_locale":"lt_LT","og_type":"article","og_title":"Casagrande Baby Alpaca - Happyinaknit.com","og_description":"Ypatingai mink\u0161tas si\u016blas, kurio sud\u0117tyje baby alpaka, vilna ir poliamidas, sukurtas \u0161iltiems ir jaukiems mezginiams. \u0160is si\u016blas idealiai tinka megztiniams, kepur\u0117ms, \u0161alikams ir kitiems aksesuarams, o d\u0117l poliamido pluo\u0161to audinys i\u0161lieka stabilus, elastingas ir ilgaam\u017eis. Baby alpaka suteikia \u0161velnumo ir \u0161ilumos, o vilna u\u017etikrina nat\u016brali\u0105 termoreguliacij\u0105. Puikus pasirinkimas net ir tiems, kuri\u0173 oda jautri vilnai [&hellip;]","og_url":"https:\/\/happyinaknit.com\/lt\/produktas\/casagrande-baby-alpaca\/","og_site_name":"Happyinaknit.com","article_modified_time":"2026-02-28T18:43:12+00:00","og_image":[{"width":1320,"height":1244,"url":"https:\/\/happyinaknit.com\/wp-content\/uploads\/2025\/10\/IMG_8662.jpg","type":"image\/jpeg"}],"twitter_card":"summary_large_image","twitter_misc":{"Est. reading time":"1 minut\u0117"},"schema":{"@context":"https:\/\/schema.org","@graph":[{"@type":"WebPage","@id":"https:\/\/happyinaknit.com\/produktas\/casagrande-baby-alpaca\/","url":"https:\/\/happyinaknit.com\/produktas\/casagrande-baby-alpaca\/","name":"Casagrande Baby Alpaca - Happyinaknit.com","isPartOf":{"@id":"https:\/\/happyinaknit.com\/lt\/#website"},"primaryImageOfPage":{"@id":"https:\/\/happyinaknit.com\/produktas\/casagrande-baby-alpaca\/#primaryimage"},"image":{"@id":"https:\/\/happyinaknit.com\/produktas\/casagrande-baby-alpaca\/#primaryimage"},"thumbnailUrl":"https:\/\/happyinaknit.com\/wp-content\/uploads\/2025\/10\/IMG_8662.jpg","datePublished":"2025-10-07T20:10:13+00:00","dateModified":"2026-02-28T18:43:12+00:00","breadcrumb":{"@id":"https:\/\/happyinaknit.com\/produktas\/casagrande-baby-alpaca\/#breadcrumb"},"inLanguage":"lt-LT","potentialAction":[{"@type":"ReadAction","target":["https:\/\/happyinaknit.com\/produktas\/casagrande-baby-alpaca\/"]}]},{"@type":"ImageObject","inLanguage":"lt-LT","@id":"https:\/\/happyinaknit.com\/produktas\/casagrande-baby-alpaca\/#primaryimage","url":"https:\/\/happyinaknit.com\/wp-content\/uploads\/2025\/10\/IMG_8662.jpg","contentUrl":"https:\/\/happyinaknit.com\/wp-content\/uploads\/2025\/10\/IMG_8662.jpg","width":1320,"height":1244},{"@type":"BreadcrumbList","@id":"https:\/\/happyinaknit.com\/produktas\/casagrande-baby-alpaca\/#breadcrumb","itemListElement":[{"@type":"ListItem","position":1,"name":"Home","item":"https:\/\/happyinaknit.com\/lt\/"},{"@type":"ListItem","position":2,"name":"Parduotuv\u0117","item":"https:\/\/happyinaknit.com\/lt\/parduotuve\/"},{"@type":"ListItem","position":3,"name":"Casagrande Baby Alpaca"}]},{"@type":"WebSite","@id":"https:\/\/happyinaknit.com\/lt\/#website","url":"https:\/\/happyinaknit.com\/lt\/","name":"Happyinaknit.com","description":"","potentialAction":[{"@type":"SearchAction","target":{"@type":"EntryPoint","urlTemplate":"https:\/\/happyinaknit.com\/lt\/?s={search_term_string}"},"query-input":{"@type":"PropertyValueSpecification","valueRequired":true,"valueName":"search_term_string"}}],"inLanguage":"lt-LT"}]}},"_links":{"self":[{"href":"https:\/\/happyinaknit.com\/lt\/wp-json\/wp\/v2\/product\/3477","targetHints":{"allow":["GET"]}}],"collection":[{"href":"https:\/\/happyinaknit.com\/lt\/wp-json\/wp\/v2\/product"}],"about":[{"href":"https:\/\/happyinaknit.com\/lt\/wp-json\/wp\/v2\/types\/product"}],"replies":[{"embeddable":true,"href":"https:\/\/happyinaknit.com\/lt\/wp-json\/wp\/v2\/comments?post=3477"}],"wp:featuredmedia":[{"embeddable":true,"href":"https:\/\/happyinaknit.com\/lt\/wp-json\/wp\/v2\/media\/3484"}],"wp:attachment":[{"href":"https:\/\/happyinaknit.com\/lt\/wp-json\/wp\/v2\/media?parent=3477"}],"wp:term":[{"taxonomy":"product_brand","embeddable":true,"href":"https:\/\/happyinaknit.com\/lt\/wp-json\/wp\/v2\/product_brand?post=3477"},{"taxonomy":"product_cat","embeddable":true,"href":"https:\/\/happyinaknit.com\/lt\/wp-json\/wp\/v2\/product_cat?post=3477"},{"taxonomy":"product_tag","embeddable":true,"href":"https:\/\/happyinaknit.com\/lt\/wp-json\/wp\/v2\/product_tag?post=3477"},{"taxonomy":"pro-kategorijos","embeddable":true,"href":"https:\/\/happyinaknit.com\/lt\/wp-json\/wp\/v2\/pro-kategorijos?post=3477"}],"curies":[{"name":"wp","href":"https:\/\/api.w.org\/{rel}","templated":true}]}}