{"id":3451,"date":"2025-10-07T19:20:03","date_gmt":"2025-10-07T19:20:03","guid":{"rendered":"https:\/\/happyinaknit.com\/?post_type=product&#038;p=3451"},"modified":"2026-03-26T13:20:13","modified_gmt":"2026-03-26T13:20:13","slug":"casagrande-cashmere-lux","status":"publish","type":"product","link":"https:\/\/happyinaknit.com\/lt\/produktas\/casagrande-cashmere-lux\/","title":{"rendered":"Casagrande Cashmere Lux"},"content":{"rendered":"<p data-start=\"87\" data-end=\"317\"><strong data-start=\"87\" data-end=\"123\">Ka\u0161myras, \u017evyneliai ir liureksas<\/strong> \u2013 nepakartojamas derinys, kuriame susitinka \u0161velnumas, elegancija ir \u0161vyt\u0117jimas. \u0160i prabangi si\u016bl\u0173 gija sukuria <strong data-start=\"236\" data-end=\"266\">itin malon\u0173, \u0161veln\u0173 audin\u012f<\/strong>, kuris subtiliai \u017evilga pro \u0161veln\u0173 ka\u0161myro p\u016bk\u0105.<\/p>\n<p data-start=\"319\" data-end=\"589\">\u00a0Galima megzti <strong data-start=\"379\" data-end=\"436\">kepures, \u0161alikus, megztinius ar rafinuotus aksesuarus<\/strong>, suteikian\u010dius kiekvienam deriniui ypatingo \u017eavesio. Si\u016blai tolygiai krenta, o \u0161viesa ant j\u0173 pavir\u0161iaus \u017eaid\u017eia itin subtiliai \u2013 be perd\u0117to blizgesio.<\/p>\n<ul data-start=\"591\" data-end=\"769\">\n<li data-start=\"591\" data-end=\"652\">\n<p data-start=\"593\" data-end=\"652\"><strong data-start=\"593\" data-end=\"605\">Sud\u0117tis:<\/strong> 78% ka\u0161myras, 18% poliesteris, 4% poliamidas<\/p>\n<\/li>\n<li data-start=\"653\" data-end=\"692\">\n<p data-start=\"655\" data-end=\"692\"><strong data-start=\"655\" data-end=\"677\">Svoris \/ metra\u017eas:<\/strong> 25 g \u2014 125 m<\/p>\n<\/li>\n<li data-start=\"693\" data-end=\"719\">\n<p data-start=\"695\" data-end=\"719\"><strong data-start=\"695\" data-end=\"708\">Virbalai:<\/strong> 3\u20133,5 mm<\/p>\n<\/li>\n<li data-start=\"720\" data-end=\"769\">\n<p data-start=\"722\" data-end=\"769\"><strong data-start=\"722\" data-end=\"735\">Tankumas:<\/strong> 10 \u00d7 10 cm \u2248 27 akys \u00d7 37 eil\u0117s<\/p>\n<\/li>\n<\/ul>\n<p data-start=\"771\" data-end=\"904\"><strong data-start=\"771\" data-end=\"790\">Rekomenduojama:<\/strong><br data-start=\"790\" data-end=\"793\" \/>Kepur\u0117ms, \u0161alikams, megztiniams ir kitiems aksesuarams, kai norisi \u0161velnios prabangos ir subtilaus spindesio.<\/p>\n<p data-start=\"906\" data-end=\"1000\"><strong data-start=\"906\" data-end=\"920\">Prie\u017ei\u016bra:<\/strong><br data-start=\"920\" data-end=\"923\" \/>Skalbti rankomis iki 30 \u00b0C temperat\u016broje. D\u017eiovinti patiesus horizontaliai.<\/p>\n<p data-start=\"1002\" data-end=\"1120\" data-is-last-node=\"\" data-is-only-node=\"\">\ud83e\ude75 <em data-start=\"1005\" data-end=\"1120\" data-is-last-node=\"\">\u0160ie si\u016blai \u2013 tarsi \u0161viesa, \u012fkalinta \u0161velniame ka\u0161myre. Tobulas pasirinkimas tiems, kas vertina prabang\u0105 su saiku.<\/em><\/p>\n","protected":false},"excerpt":{"rendered":"<p>Ka\u0161myras, \u017evyneliai ir liureksas \u2013 nepakartojamas derinys, kuriame susitinka \u0161velnumas, elegancija ir \u0161vyt\u0117jimas. \u0160i prabangi si\u016bl\u0173 gija sukuria itin malon\u0173, \u0161veln\u0173 audin\u012f, kuris subtiliai \u017evilga pro \u0161veln\u0173 ka\u0161myro p\u016bk\u0105. \u00a0Galima megzti kepures, \u0161alikus, megztinius ar rafinuotus aksesuarus, suteikian\u010dius kiekvienam deriniui ypatingo \u017eavesio. Si\u016blai tolygiai krenta, o \u0161viesa ant j\u0173 pavir\u0161iaus \u017eaid\u017eia itin subtiliai \u2013 be [&hellip;]<\/p>\n","protected":false},"featured_media":3453,"comment_status":"open","ping_status":"closed","template":"","meta":{"_acf_changed":false},"product_brand":[58],"product_cat":[15,18],"product_tag":[],"pro-kategorijos":[46,87,81],"class_list":{"0":"post-3451","1":"product","2":"type-product","3":"status-publish","4":"has-post-thumbnail","6":"product_brand-casagrande","7":"product_cat-visi-produktai","8":"product_cat-siulai","9":"pro-kategorijos-kasmyras","10":"pro-kategorijos-liureksas","11":"pro-kategorijos-poliamidas-zvyneliai","13":"first","14":"instock","15":"shipping-taxable","16":"purchasable","17":"product-type-variable"},"acf":[],"yoast_head":"<!-- This site is optimized with the Yoast SEO plugin v26.8 - https:\/\/yoast.com\/product\/yoast-seo-wordpress\/ -->\n<title>Casagrande Cashmere Lux - Happyinaknit.com<\/title>\n<meta name=\"robots\" content=\"index, follow, max-snippet:-1, max-image-preview:large, max-video-preview:-1\" \/>\n<link rel=\"canonical\" href=\"https:\/\/happyinaknit.com\/lt\/produktas\/casagrande-cashmere-lux\/\" \/>\n<meta property=\"og:locale\" content=\"lt_LT\" \/>\n<meta property=\"og:type\" content=\"article\" \/>\n<meta property=\"og:title\" content=\"Casagrande Cashmere Lux - Happyinaknit.com\" \/>\n<meta property=\"og:description\" content=\"Ka\u0161myras, \u017evyneliai ir liureksas \u2013 nepakartojamas derinys, kuriame susitinka \u0161velnumas, elegancija ir \u0161vyt\u0117jimas. \u0160i prabangi si\u016bl\u0173 gija sukuria itin malon\u0173, \u0161veln\u0173 audin\u012f, kuris subtiliai \u017evilga pro \u0161veln\u0173 ka\u0161myro p\u016bk\u0105. \u00a0Galima megzti kepures, \u0161alikus, megztinius ar rafinuotus aksesuarus, suteikian\u010dius kiekvienam deriniui ypatingo \u017eavesio. Si\u016blai tolygiai krenta, o \u0161viesa ant j\u0173 pavir\u0161iaus \u017eaid\u017eia itin subtiliai \u2013 be [&hellip;]\" \/>\n<meta property=\"og:url\" content=\"https:\/\/happyinaknit.com\/lt\/produktas\/casagrande-cashmere-lux\/\" \/>\n<meta property=\"og:site_name\" content=\"Happyinaknit.com\" \/>\n<meta property=\"article:modified_time\" content=\"2026-03-26T13:20:13+00:00\" \/>\n<meta property=\"og:image\" content=\"https:\/\/happyinaknit.com\/wp-content\/uploads\/2025\/10\/IMG_8656.jpg\" \/>\n\t<meta property=\"og:image:width\" content=\"1320\" \/>\n\t<meta property=\"og:image:height\" content=\"1192\" \/>\n\t<meta property=\"og:image:type\" content=\"image\/jpeg\" \/>\n<meta name=\"twitter:card\" content=\"summary_large_image\" \/>\n<meta name=\"twitter:label1\" content=\"Est. reading time\" \/>\n\t<meta name=\"twitter:data1\" content=\"1 minut\u0117\" \/>\n<script type=\"application\/ld+json\" class=\"yoast-schema-graph\">{\"@context\":\"https:\/\/schema.org\",\"@graph\":[{\"@type\":\"WebPage\",\"@id\":\"https:\/\/happyinaknit.com\/produktas\/casagrande-cashmere-lux\/\",\"url\":\"https:\/\/happyinaknit.com\/produktas\/casagrande-cashmere-lux\/\",\"name\":\"Casagrande Cashmere Lux - Happyinaknit.com\",\"isPartOf\":{\"@id\":\"https:\/\/happyinaknit.com\/lt\/#website\"},\"primaryImageOfPage\":{\"@id\":\"https:\/\/happyinaknit.com\/produktas\/casagrande-cashmere-lux\/#primaryimage\"},\"image\":{\"@id\":\"https:\/\/happyinaknit.com\/produktas\/casagrande-cashmere-lux\/#primaryimage\"},\"thumbnailUrl\":\"https:\/\/happyinaknit.com\/wp-content\/uploads\/2025\/10\/IMG_8656.jpg\",\"datePublished\":\"2025-10-07T19:20:03+00:00\",\"dateModified\":\"2026-03-26T13:20:13+00:00\",\"breadcrumb\":{\"@id\":\"https:\/\/happyinaknit.com\/produktas\/casagrande-cashmere-lux\/#breadcrumb\"},\"inLanguage\":\"lt-LT\",\"potentialAction\":[{\"@type\":\"ReadAction\",\"target\":[\"https:\/\/happyinaknit.com\/produktas\/casagrande-cashmere-lux\/\"]}]},{\"@type\":\"ImageObject\",\"inLanguage\":\"lt-LT\",\"@id\":\"https:\/\/happyinaknit.com\/produktas\/casagrande-cashmere-lux\/#primaryimage\",\"url\":\"https:\/\/happyinaknit.com\/wp-content\/uploads\/2025\/10\/IMG_8656.jpg\",\"contentUrl\":\"https:\/\/happyinaknit.com\/wp-content\/uploads\/2025\/10\/IMG_8656.jpg\",\"width\":1320,\"height\":1192},{\"@type\":\"BreadcrumbList\",\"@id\":\"https:\/\/happyinaknit.com\/produktas\/casagrande-cashmere-lux\/#breadcrumb\",\"itemListElement\":[{\"@type\":\"ListItem\",\"position\":1,\"name\":\"Home\",\"item\":\"https:\/\/happyinaknit.com\/lt\/\"},{\"@type\":\"ListItem\",\"position\":2,\"name\":\"Parduotuv\u0117\",\"item\":\"https:\/\/happyinaknit.com\/lt\/parduotuve\/\"},{\"@type\":\"ListItem\",\"position\":3,\"name\":\"Casagrande Cashmere Lux\"}]},{\"@type\":\"WebSite\",\"@id\":\"https:\/\/happyinaknit.com\/lt\/#website\",\"url\":\"https:\/\/happyinaknit.com\/lt\/\",\"name\":\"Happyinaknit.com\",\"description\":\"\",\"potentialAction\":[{\"@type\":\"SearchAction\",\"target\":{\"@type\":\"EntryPoint\",\"urlTemplate\":\"https:\/\/happyinaknit.com\/lt\/?s={search_term_string}\"},\"query-input\":{\"@type\":\"PropertyValueSpecification\",\"valueRequired\":true,\"valueName\":\"search_term_string\"}}],\"inLanguage\":\"lt-LT\"}]}<\/script>\n<!-- \/ Yoast SEO plugin. -->","yoast_head_json":{"title":"Casagrande Cashmere Lux - Happyinaknit.com","robots":{"index":"index","follow":"follow","max-snippet":"max-snippet:-1","max-image-preview":"max-image-preview:large","max-video-preview":"max-video-preview:-1"},"canonical":"https:\/\/happyinaknit.com\/lt\/produktas\/casagrande-cashmere-lux\/","og_locale":"lt_LT","og_type":"article","og_title":"Casagrande Cashmere Lux - Happyinaknit.com","og_description":"Ka\u0161myras, \u017evyneliai ir liureksas \u2013 nepakartojamas derinys, kuriame susitinka \u0161velnumas, elegancija ir \u0161vyt\u0117jimas. \u0160i prabangi si\u016bl\u0173 gija sukuria itin malon\u0173, \u0161veln\u0173 audin\u012f, kuris subtiliai \u017evilga pro \u0161veln\u0173 ka\u0161myro p\u016bk\u0105. \u00a0Galima megzti kepures, \u0161alikus, megztinius ar rafinuotus aksesuarus, suteikian\u010dius kiekvienam deriniui ypatingo \u017eavesio. Si\u016blai tolygiai krenta, o \u0161viesa ant j\u0173 pavir\u0161iaus \u017eaid\u017eia itin subtiliai \u2013 be [&hellip;]","og_url":"https:\/\/happyinaknit.com\/lt\/produktas\/casagrande-cashmere-lux\/","og_site_name":"Happyinaknit.com","article_modified_time":"2026-03-26T13:20:13+00:00","og_image":[{"width":1320,"height":1192,"url":"https:\/\/happyinaknit.com\/wp-content\/uploads\/2025\/10\/IMG_8656.jpg","type":"image\/jpeg"}],"twitter_card":"summary_large_image","twitter_misc":{"Est. reading time":"1 minut\u0117"},"schema":{"@context":"https:\/\/schema.org","@graph":[{"@type":"WebPage","@id":"https:\/\/happyinaknit.com\/produktas\/casagrande-cashmere-lux\/","url":"https:\/\/happyinaknit.com\/produktas\/casagrande-cashmere-lux\/","name":"Casagrande Cashmere Lux - Happyinaknit.com","isPartOf":{"@id":"https:\/\/happyinaknit.com\/lt\/#website"},"primaryImageOfPage":{"@id":"https:\/\/happyinaknit.com\/produktas\/casagrande-cashmere-lux\/#primaryimage"},"image":{"@id":"https:\/\/happyinaknit.com\/produktas\/casagrande-cashmere-lux\/#primaryimage"},"thumbnailUrl":"https:\/\/happyinaknit.com\/wp-content\/uploads\/2025\/10\/IMG_8656.jpg","datePublished":"2025-10-07T19:20:03+00:00","dateModified":"2026-03-26T13:20:13+00:00","breadcrumb":{"@id":"https:\/\/happyinaknit.com\/produktas\/casagrande-cashmere-lux\/#breadcrumb"},"inLanguage":"lt-LT","potentialAction":[{"@type":"ReadAction","target":["https:\/\/happyinaknit.com\/produktas\/casagrande-cashmere-lux\/"]}]},{"@type":"ImageObject","inLanguage":"lt-LT","@id":"https:\/\/happyinaknit.com\/produktas\/casagrande-cashmere-lux\/#primaryimage","url":"https:\/\/happyinaknit.com\/wp-content\/uploads\/2025\/10\/IMG_8656.jpg","contentUrl":"https:\/\/happyinaknit.com\/wp-content\/uploads\/2025\/10\/IMG_8656.jpg","width":1320,"height":1192},{"@type":"BreadcrumbList","@id":"https:\/\/happyinaknit.com\/produktas\/casagrande-cashmere-lux\/#breadcrumb","itemListElement":[{"@type":"ListItem","position":1,"name":"Home","item":"https:\/\/happyinaknit.com\/lt\/"},{"@type":"ListItem","position":2,"name":"Parduotuv\u0117","item":"https:\/\/happyinaknit.com\/lt\/parduotuve\/"},{"@type":"ListItem","position":3,"name":"Casagrande Cashmere Lux"}]},{"@type":"WebSite","@id":"https:\/\/happyinaknit.com\/lt\/#website","url":"https:\/\/happyinaknit.com\/lt\/","name":"Happyinaknit.com","description":"","potentialAction":[{"@type":"SearchAction","target":{"@type":"EntryPoint","urlTemplate":"https:\/\/happyinaknit.com\/lt\/?s={search_term_string}"},"query-input":{"@type":"PropertyValueSpecification","valueRequired":true,"valueName":"search_term_string"}}],"inLanguage":"lt-LT"}]}},"_links":{"self":[{"href":"https:\/\/happyinaknit.com\/lt\/wp-json\/wp\/v2\/product\/3451","targetHints":{"allow":["GET"]}}],"collection":[{"href":"https:\/\/happyinaknit.com\/lt\/wp-json\/wp\/v2\/product"}],"about":[{"href":"https:\/\/happyinaknit.com\/lt\/wp-json\/wp\/v2\/types\/product"}],"replies":[{"embeddable":true,"href":"https:\/\/happyinaknit.com\/lt\/wp-json\/wp\/v2\/comments?post=3451"}],"wp:featuredmedia":[{"embeddable":true,"href":"https:\/\/happyinaknit.com\/lt\/wp-json\/wp\/v2\/media\/3453"}],"wp:attachment":[{"href":"https:\/\/happyinaknit.com\/lt\/wp-json\/wp\/v2\/media?parent=3451"}],"wp:term":[{"taxonomy":"product_brand","embeddable":true,"href":"https:\/\/happyinaknit.com\/lt\/wp-json\/wp\/v2\/product_brand?post=3451"},{"taxonomy":"product_cat","embeddable":true,"href":"https:\/\/happyinaknit.com\/lt\/wp-json\/wp\/v2\/product_cat?post=3451"},{"taxonomy":"product_tag","embeddable":true,"href":"https:\/\/happyinaknit.com\/lt\/wp-json\/wp\/v2\/product_tag?post=3451"},{"taxonomy":"pro-kategorijos","embeddable":true,"href":"https:\/\/happyinaknit.com\/lt\/wp-json\/wp\/v2\/pro-kategorijos?post=3451"}],"curies":[{"name":"wp","href":"https:\/\/api.w.org\/{rel}","templated":true}]}}