{"id":3441,"date":"2025-10-07T19:02:00","date_gmt":"2025-10-07T19:02:00","guid":{"rendered":"https:\/\/happyinaknit.com\/?post_type=product&#038;p=3441"},"modified":"2026-02-25T12:46:03","modified_gmt":"2026-02-25T12:46:03","slug":"casagrande-yak-90","status":"publish","type":"product","link":"https:\/\/happyinaknit.com\/lt\/produktas\/casagrande-yak-90\/","title":{"rendered":"Casagrande Yak 90"},"content":{"rendered":"<p data-start=\"73\" data-end=\"335\">Ne\u012ftik\u0117tino \u0161velnumo si\u016blai, sukurti i\u0161 ne da\u017eyto baby yako p\u016bko ir avyt\u0117s vilnos. \u0160i ypatinga sud\u0117tis suteikia mezginiams \u0161ilum\u0105, purum\u0105 ir lengvum\u0105, prilygstant\u012f ka\u0161myrui. Baby Yak Soft \u2013 tai si\u016blai, kurie patenkins net pa\u010dius i\u0161rankiausius mezg\u0117jus.<\/p>\n<p data-start=\"337\" data-end=\"650\">Mezgimo metu nuleid\u017eiamas purus, \u0161iek tiek matinio blizgesio pluo\u0161tas atrodo itin prabangiai, o poj\u016btis ant odos \u2013 tiesiog \u0161ilkinis. I\u0161 \u0161i\u0173 si\u016bl\u0173 mezginiai tampa lengvi, \u0161ilti ir nepaprastai malon\u016bs d\u0117v\u0117ti. Puikiai tinka tiek \u017eieminiams aksesuarams, tiek subtiliems drabu\u017eiams ar eleganti\u0161koms detal\u0117ms.<\/p>\n<ul data-start=\"652\" data-end=\"833\">\n<li data-start=\"652\" data-end=\"716\">\n<p data-start=\"654\" data-end=\"716\"><strong data-start=\"654\" data-end=\"666\">Sud\u0117tis:<\/strong> 90% baby yako p\u016bkas, 10% avyt\u0117s vilna superfine<\/p>\n<\/li>\n<li data-start=\"717\" data-end=\"756\">\n<p data-start=\"719\" data-end=\"756\"><strong data-start=\"719\" data-end=\"741\">Svoris \/ metra\u017eas:<\/strong> 50 g \u2014 140 m<\/p>\n<\/li>\n<li data-start=\"757\" data-end=\"783\">\n<p data-start=\"759\" data-end=\"783\"><strong data-start=\"759\" data-end=\"772\">Virbalai:<\/strong> 4\u20134,5 mm<\/p>\n<\/li>\n<li data-start=\"784\" data-end=\"833\">\n<p data-start=\"786\" data-end=\"833\"><strong data-start=\"786\" data-end=\"799\">Tankumas:<\/strong> 10 \u00d7 10 cm \u2248 18 akys \u00d7 26 eil\u0117s<\/p>\n<\/li>\n<\/ul>\n<p data-start=\"835\" data-end=\"864\"><strong data-start=\"835\" data-end=\"862\">Rekomenduojamas kiekis:<\/strong><\/p>\n<ul data-start=\"865\" data-end=\"1150\">\n<li data-start=\"865\" data-end=\"895\">\n<p data-start=\"867\" data-end=\"895\">Pir\u0161tin\u0117ms \u2013 1 kamuoliukas<\/p>\n<\/li>\n<li data-start=\"896\" data-end=\"928\">\n<p data-start=\"898\" data-end=\"928\">Kepurei-bini \u2013 1 kamuoliukas<\/p>\n<\/li>\n<li data-start=\"929\" data-end=\"979\">\n<p data-start=\"931\" data-end=\"979\">Kepurei su atlenkimu \u2013 1 kamuoliukas<\/p>\n<\/li>\n<li data-start=\"980\" data-end=\"1014\">\n<p data-start=\"982\" data-end=\"1014\">Kaklaskarei \u2013 nuo 2 kamuoliuk\u0173<\/p>\n<\/li>\n<li data-start=\"1015\" data-end=\"1042\">\n<p data-start=\"1017\" data-end=\"1042\">Kaklo movas \u2013 2 kamuoliukai<\/p>\n<\/li>\n<li data-start=\"1080\" data-end=\"1122\">\n<p data-start=\"1082\" data-end=\"1122\">D\u017eemperiui S dyd\u017eio \u2013 nuo 6 kamuoliuk\u0173<\/p>\n<\/li>\n<li data-start=\"1123\" data-end=\"1150\">\n<p data-start=\"1125\" data-end=\"1150\">\u0160alikui \u2013 3 kamuoliukai<\/p>\n<\/li>\n<\/ul>\n<p data-start=\"1152\" data-end=\"1246\"><strong data-start=\"1152\" data-end=\"1166\">Prie\u017ei\u016bra:<\/strong><br data-start=\"1166\" data-end=\"1169\" \/>Skalbti rankomis iki 30 \u00b0C temperat\u016broje. D\u017eiovinti patiesus horizontaliai.<\/p>\n","protected":false},"excerpt":{"rendered":"<p>Ne\u012ftik\u0117tino \u0161velnumo si\u016blai, sukurti i\u0161 ne da\u017eyto baby yako p\u016bko ir avyt\u0117s vilnos. \u0160i ypatinga sud\u0117tis suteikia mezginiams \u0161ilum\u0105, purum\u0105 ir lengvum\u0105, prilygstant\u012f ka\u0161myrui. Baby Yak Soft \u2013 tai si\u016blai, kurie patenkins net pa\u010dius i\u0161rankiausius mezg\u0117jus. Mezgimo metu nuleid\u017eiamas purus, \u0161iek tiek matinio blizgesio pluo\u0161tas atrodo itin prabangiai, o poj\u016btis ant odos \u2013 tiesiog \u0161ilkinis. [&hellip;]<\/p>\n","protected":false},"featured_media":3444,"comment_status":"open","ping_status":"closed","template":"","meta":{"_acf_changed":false},"product_brand":[58],"product_cat":[15,18],"product_tag":[96],"pro-kategorijos":[76,71],"class_list":{"0":"post-3441","1":"product","2":"type-product","3":"status-publish","4":"has-post-thumbnail","6":"product_brand-casagrande","7":"product_cat-visi-produktai","8":"product_cat-siulai","9":"product_tag-top","10":"pro-kategorijos-baby-yako-vilna","11":"pro-kategorijos-merino-vilna","13":"first","14":"outofstock","15":"shipping-taxable","16":"purchasable","17":"product-type-variable"},"acf":[],"yoast_head":"<!-- This site is optimized with the Yoast SEO plugin v26.8 - https:\/\/yoast.com\/product\/yoast-seo-wordpress\/ -->\n<title>Casagrande Yak 90 - Happyinaknit.com<\/title>\n<meta name=\"robots\" content=\"index, follow, max-snippet:-1, max-image-preview:large, max-video-preview:-1\" \/>\n<link rel=\"canonical\" href=\"https:\/\/happyinaknit.com\/lt\/produktas\/casagrande-yak-90\/\" \/>\n<meta property=\"og:locale\" content=\"lt_LT\" \/>\n<meta property=\"og:type\" content=\"article\" \/>\n<meta property=\"og:title\" content=\"Casagrande Yak 90 - Happyinaknit.com\" \/>\n<meta property=\"og:description\" content=\"Ne\u012ftik\u0117tino \u0161velnumo si\u016blai, sukurti i\u0161 ne da\u017eyto baby yako p\u016bko ir avyt\u0117s vilnos. \u0160i ypatinga sud\u0117tis suteikia mezginiams \u0161ilum\u0105, purum\u0105 ir lengvum\u0105, prilygstant\u012f ka\u0161myrui. Baby Yak Soft \u2013 tai si\u016blai, kurie patenkins net pa\u010dius i\u0161rankiausius mezg\u0117jus. Mezgimo metu nuleid\u017eiamas purus, \u0161iek tiek matinio blizgesio pluo\u0161tas atrodo itin prabangiai, o poj\u016btis ant odos \u2013 tiesiog \u0161ilkinis. [&hellip;]\" \/>\n<meta property=\"og:url\" content=\"https:\/\/happyinaknit.com\/lt\/produktas\/casagrande-yak-90\/\" \/>\n<meta property=\"og:site_name\" content=\"Happyinaknit.com\" \/>\n<meta property=\"article:modified_time\" content=\"2026-02-25T12:46:03+00:00\" \/>\n<meta property=\"og:image\" content=\"https:\/\/happyinaknit.com\/wp-content\/uploads\/2025\/10\/IMG_8647.jpg\" \/>\n\t<meta property=\"og:image:width\" content=\"1320\" \/>\n\t<meta property=\"og:image:height\" content=\"1308\" \/>\n\t<meta property=\"og:image:type\" content=\"image\/jpeg\" \/>\n<meta name=\"twitter:card\" content=\"summary_large_image\" \/>\n<meta name=\"twitter:label1\" content=\"Est. reading time\" \/>\n\t<meta name=\"twitter:data1\" content=\"1 minut\u0117\" \/>\n<script type=\"application\/ld+json\" class=\"yoast-schema-graph\">{\"@context\":\"https:\/\/schema.org\",\"@graph\":[{\"@type\":\"WebPage\",\"@id\":\"https:\/\/happyinaknit.com\/produktas\/casagrande-yak-90\/\",\"url\":\"https:\/\/happyinaknit.com\/produktas\/casagrande-yak-90\/\",\"name\":\"Casagrande Yak 90 - Happyinaknit.com\",\"isPartOf\":{\"@id\":\"https:\/\/happyinaknit.com\/lt\/#website\"},\"primaryImageOfPage\":{\"@id\":\"https:\/\/happyinaknit.com\/produktas\/casagrande-yak-90\/#primaryimage\"},\"image\":{\"@id\":\"https:\/\/happyinaknit.com\/produktas\/casagrande-yak-90\/#primaryimage\"},\"thumbnailUrl\":\"https:\/\/happyinaknit.com\/wp-content\/uploads\/2025\/10\/IMG_8647.jpg\",\"datePublished\":\"2025-10-07T19:02:00+00:00\",\"dateModified\":\"2026-02-25T12:46:03+00:00\",\"breadcrumb\":{\"@id\":\"https:\/\/happyinaknit.com\/produktas\/casagrande-yak-90\/#breadcrumb\"},\"inLanguage\":\"lt-LT\",\"potentialAction\":[{\"@type\":\"ReadAction\",\"target\":[\"https:\/\/happyinaknit.com\/produktas\/casagrande-yak-90\/\"]}]},{\"@type\":\"ImageObject\",\"inLanguage\":\"lt-LT\",\"@id\":\"https:\/\/happyinaknit.com\/produktas\/casagrande-yak-90\/#primaryimage\",\"url\":\"https:\/\/happyinaknit.com\/wp-content\/uploads\/2025\/10\/IMG_8647.jpg\",\"contentUrl\":\"https:\/\/happyinaknit.com\/wp-content\/uploads\/2025\/10\/IMG_8647.jpg\",\"width\":1320,\"height\":1308},{\"@type\":\"BreadcrumbList\",\"@id\":\"https:\/\/happyinaknit.com\/produktas\/casagrande-yak-90\/#breadcrumb\",\"itemListElement\":[{\"@type\":\"ListItem\",\"position\":1,\"name\":\"Home\",\"item\":\"https:\/\/happyinaknit.com\/lt\/\"},{\"@type\":\"ListItem\",\"position\":2,\"name\":\"Parduotuv\u0117\",\"item\":\"https:\/\/happyinaknit.com\/lt\/parduotuve\/\"},{\"@type\":\"ListItem\",\"position\":3,\"name\":\"Casagrande Yak 90\"}]},{\"@type\":\"WebSite\",\"@id\":\"https:\/\/happyinaknit.com\/lt\/#website\",\"url\":\"https:\/\/happyinaknit.com\/lt\/\",\"name\":\"Happyinaknit.com\",\"description\":\"\",\"potentialAction\":[{\"@type\":\"SearchAction\",\"target\":{\"@type\":\"EntryPoint\",\"urlTemplate\":\"https:\/\/happyinaknit.com\/lt\/?s={search_term_string}\"},\"query-input\":{\"@type\":\"PropertyValueSpecification\",\"valueRequired\":true,\"valueName\":\"search_term_string\"}}],\"inLanguage\":\"lt-LT\"}]}<\/script>\n<!-- \/ Yoast SEO plugin. -->","yoast_head_json":{"title":"Casagrande Yak 90 - Happyinaknit.com","robots":{"index":"index","follow":"follow","max-snippet":"max-snippet:-1","max-image-preview":"max-image-preview:large","max-video-preview":"max-video-preview:-1"},"canonical":"https:\/\/happyinaknit.com\/lt\/produktas\/casagrande-yak-90\/","og_locale":"lt_LT","og_type":"article","og_title":"Casagrande Yak 90 - Happyinaknit.com","og_description":"Ne\u012ftik\u0117tino \u0161velnumo si\u016blai, sukurti i\u0161 ne da\u017eyto baby yako p\u016bko ir avyt\u0117s vilnos. \u0160i ypatinga sud\u0117tis suteikia mezginiams \u0161ilum\u0105, purum\u0105 ir lengvum\u0105, prilygstant\u012f ka\u0161myrui. Baby Yak Soft \u2013 tai si\u016blai, kurie patenkins net pa\u010dius i\u0161rankiausius mezg\u0117jus. Mezgimo metu nuleid\u017eiamas purus, \u0161iek tiek matinio blizgesio pluo\u0161tas atrodo itin prabangiai, o poj\u016btis ant odos \u2013 tiesiog \u0161ilkinis. [&hellip;]","og_url":"https:\/\/happyinaknit.com\/lt\/produktas\/casagrande-yak-90\/","og_site_name":"Happyinaknit.com","article_modified_time":"2026-02-25T12:46:03+00:00","og_image":[{"width":1320,"height":1308,"url":"https:\/\/happyinaknit.com\/wp-content\/uploads\/2025\/10\/IMG_8647.jpg","type":"image\/jpeg"}],"twitter_card":"summary_large_image","twitter_misc":{"Est. reading time":"1 minut\u0117"},"schema":{"@context":"https:\/\/schema.org","@graph":[{"@type":"WebPage","@id":"https:\/\/happyinaknit.com\/produktas\/casagrande-yak-90\/","url":"https:\/\/happyinaknit.com\/produktas\/casagrande-yak-90\/","name":"Casagrande Yak 90 - Happyinaknit.com","isPartOf":{"@id":"https:\/\/happyinaknit.com\/lt\/#website"},"primaryImageOfPage":{"@id":"https:\/\/happyinaknit.com\/produktas\/casagrande-yak-90\/#primaryimage"},"image":{"@id":"https:\/\/happyinaknit.com\/produktas\/casagrande-yak-90\/#primaryimage"},"thumbnailUrl":"https:\/\/happyinaknit.com\/wp-content\/uploads\/2025\/10\/IMG_8647.jpg","datePublished":"2025-10-07T19:02:00+00:00","dateModified":"2026-02-25T12:46:03+00:00","breadcrumb":{"@id":"https:\/\/happyinaknit.com\/produktas\/casagrande-yak-90\/#breadcrumb"},"inLanguage":"lt-LT","potentialAction":[{"@type":"ReadAction","target":["https:\/\/happyinaknit.com\/produktas\/casagrande-yak-90\/"]}]},{"@type":"ImageObject","inLanguage":"lt-LT","@id":"https:\/\/happyinaknit.com\/produktas\/casagrande-yak-90\/#primaryimage","url":"https:\/\/happyinaknit.com\/wp-content\/uploads\/2025\/10\/IMG_8647.jpg","contentUrl":"https:\/\/happyinaknit.com\/wp-content\/uploads\/2025\/10\/IMG_8647.jpg","width":1320,"height":1308},{"@type":"BreadcrumbList","@id":"https:\/\/happyinaknit.com\/produktas\/casagrande-yak-90\/#breadcrumb","itemListElement":[{"@type":"ListItem","position":1,"name":"Home","item":"https:\/\/happyinaknit.com\/lt\/"},{"@type":"ListItem","position":2,"name":"Parduotuv\u0117","item":"https:\/\/happyinaknit.com\/lt\/parduotuve\/"},{"@type":"ListItem","position":3,"name":"Casagrande Yak 90"}]},{"@type":"WebSite","@id":"https:\/\/happyinaknit.com\/lt\/#website","url":"https:\/\/happyinaknit.com\/lt\/","name":"Happyinaknit.com","description":"","potentialAction":[{"@type":"SearchAction","target":{"@type":"EntryPoint","urlTemplate":"https:\/\/happyinaknit.com\/lt\/?s={search_term_string}"},"query-input":{"@type":"PropertyValueSpecification","valueRequired":true,"valueName":"search_term_string"}}],"inLanguage":"lt-LT"}]}},"_links":{"self":[{"href":"https:\/\/happyinaknit.com\/lt\/wp-json\/wp\/v2\/product\/3441","targetHints":{"allow":["GET"]}}],"collection":[{"href":"https:\/\/happyinaknit.com\/lt\/wp-json\/wp\/v2\/product"}],"about":[{"href":"https:\/\/happyinaknit.com\/lt\/wp-json\/wp\/v2\/types\/product"}],"replies":[{"embeddable":true,"href":"https:\/\/happyinaknit.com\/lt\/wp-json\/wp\/v2\/comments?post=3441"}],"wp:featuredmedia":[{"embeddable":true,"href":"https:\/\/happyinaknit.com\/lt\/wp-json\/wp\/v2\/media\/3444"}],"wp:attachment":[{"href":"https:\/\/happyinaknit.com\/lt\/wp-json\/wp\/v2\/media?parent=3441"}],"wp:term":[{"taxonomy":"product_brand","embeddable":true,"href":"https:\/\/happyinaknit.com\/lt\/wp-json\/wp\/v2\/product_brand?post=3441"},{"taxonomy":"product_cat","embeddable":true,"href":"https:\/\/happyinaknit.com\/lt\/wp-json\/wp\/v2\/product_cat?post=3441"},{"taxonomy":"product_tag","embeddable":true,"href":"https:\/\/happyinaknit.com\/lt\/wp-json\/wp\/v2\/product_tag?post=3441"},{"taxonomy":"pro-kategorijos","embeddable":true,"href":"https:\/\/happyinaknit.com\/lt\/wp-json\/wp\/v2\/pro-kategorijos?post=3441"}],"curies":[{"name":"wp","href":"https:\/\/api.w.org\/{rel}","templated":true}]}}