{"id":3430,"date":"2025-10-07T18:37:45","date_gmt":"2025-10-07T18:37:45","guid":{"rendered":"https:\/\/happyinaknit.com\/?post_type=product&#038;p=3430"},"modified":"2026-03-23T14:48:53","modified_gmt":"2026-03-23T14:48:53","slug":"casagrande-millennium","status":"publish","type":"product","link":"https:\/\/happyinaknit.com\/lt\/produktas\/casagrande-millennium\/","title":{"rendered":"Casagrande Millennium"},"content":{"rendered":"<p data-start=\"293\" data-end=\"572\">\u0160i merino vilnos si\u016bl\u0173 klasika su poliamidu u\u017etikrina ne tik \u0161velnum\u0105, bet ir ilgaam\u017ei\u0161kum\u0105. I\u0161 j\u0173 megztos nat\u016bralios, \u0161iltos ir kv\u0117puojan\u010dios kojin\u0117s taps tikru malonumu \u2013 tiek kasdien, tiek poilsiui namuose. Be to, tai puiki dovana be progos ar bet kokiai progai.<\/p>\n<p data-start=\"574\" data-end=\"858\">Si\u016blai mink\u0161ti, visai nekanda, turi lengv\u0105 p\u016bkel\u012f ir puikiai i\u0161laiko form\u0105. Klasikin\u0117s sukimo strukt\u016bros nulemia elastingum\u0105 ir puik\u0173 laikym\u0105si mezginio, o 5 subtili\u0173, harmoningai deran\u010di\u0173 atspalvi\u0173 kvie\u010dia kurti dry\u017eius, derinius ir i\u0161skirtines spalvines kompozicijas.<\/p>\n<ul data-start=\"860\" data-end=\"1066\">\n<li data-start=\"860\" data-end=\"909\">\n<p data-start=\"862\" data-end=\"909\"><strong data-start=\"862\" data-end=\"874\">Sud\u0117tis:<\/strong> 75% merino vilna, 25% poliamidas<\/p>\n<\/li>\n<li data-start=\"910\" data-end=\"949\">\n<p data-start=\"912\" data-end=\"949\"><strong data-start=\"912\" data-end=\"934\">Svoris \/ metra\u017eas:<\/strong> 50 g \u2014 210 m<\/p>\n<\/li>\n<li data-start=\"950\" data-end=\"976\">\n<p data-start=\"952\" data-end=\"976\"><strong data-start=\"952\" data-end=\"965\">Virbalai:<\/strong> 2,5\u20133 mm<\/p>\n<\/li>\n<li data-start=\"977\" data-end=\"1066\">\n<p data-start=\"979\" data-end=\"1066\"><strong data-start=\"979\" data-end=\"1006\">Rekomenduojamas kiekis:<\/strong> porai identi\u0161k\u0173 kojini\u0173 iki 46 dyd\u017eio reikia 2 kamuoliuk\u0173<\/p>\n<\/li>\n<\/ul>\n<p data-start=\"1068\" data-end=\"1160\" data-is-last-node=\"\" data-is-only-node=\"\"><strong data-start=\"1068\" data-end=\"1082\">Prie\u017ei\u016bra:<\/strong><br data-start=\"1082\" data-end=\"1085\" \/>Skalbti rankomis iki 30 \u00b0C temperat\u016broje. D\u017eiovinti patiesus horizontaliai.<\/p>\n","protected":false},"excerpt":{"rendered":"<p>\u0160i merino vilnos si\u016bl\u0173 klasika su poliamidu u\u017etikrina ne tik \u0161velnum\u0105, bet ir ilgaam\u017ei\u0161kum\u0105. I\u0161 j\u0173 megztos nat\u016bralios, \u0161iltos ir kv\u0117puojan\u010dios kojin\u0117s taps tikru malonumu \u2013 tiek kasdien, tiek poilsiui namuose. Be to, tai puiki dovana be progos ar bet kokiai progai. Si\u016blai mink\u0161ti, visai nekanda, turi lengv\u0105 p\u016bkel\u012f ir puikiai i\u0161laiko form\u0105. Klasikin\u0117s sukimo [&hellip;]<\/p>\n","protected":false},"featured_media":3434,"comment_status":"open","ping_status":"closed","template":"","meta":{"_acf_changed":false},"product_brand":[58],"product_cat":[15,18,94],"product_tag":[],"pro-kategorijos":[71],"class_list":{"0":"post-3430","1":"product","2":"type-product","3":"status-publish","4":"has-post-thumbnail","6":"product_brand-casagrande","7":"product_cat-visi-produktai","8":"product_cat-siulai","9":"product_cat-siulai-kojinems","10":"pro-kategorijos-merino-vilna","12":"first","13":"instock","14":"shipping-taxable","15":"purchasable","16":"product-type-variable"},"acf":[],"yoast_head":"<!-- This site is optimized with the Yoast SEO plugin v26.8 - https:\/\/yoast.com\/product\/yoast-seo-wordpress\/ -->\n<title>Casagrande Millennium - Happyinaknit.com<\/title>\n<meta name=\"robots\" content=\"index, follow, max-snippet:-1, max-image-preview:large, max-video-preview:-1\" \/>\n<link rel=\"canonical\" href=\"https:\/\/happyinaknit.com\/lt\/produktas\/casagrande-millennium\/\" \/>\n<meta property=\"og:locale\" content=\"lt_LT\" \/>\n<meta property=\"og:type\" content=\"article\" \/>\n<meta property=\"og:title\" content=\"Casagrande Millennium - Happyinaknit.com\" \/>\n<meta property=\"og:description\" content=\"\u0160i merino vilnos si\u016bl\u0173 klasika su poliamidu u\u017etikrina ne tik \u0161velnum\u0105, bet ir ilgaam\u017ei\u0161kum\u0105. I\u0161 j\u0173 megztos nat\u016bralios, \u0161iltos ir kv\u0117puojan\u010dios kojin\u0117s taps tikru malonumu \u2013 tiek kasdien, tiek poilsiui namuose. Be to, tai puiki dovana be progos ar bet kokiai progai. Si\u016blai mink\u0161ti, visai nekanda, turi lengv\u0105 p\u016bkel\u012f ir puikiai i\u0161laiko form\u0105. Klasikin\u0117s sukimo [&hellip;]\" \/>\n<meta property=\"og:url\" content=\"https:\/\/happyinaknit.com\/lt\/produktas\/casagrande-millennium\/\" \/>\n<meta property=\"og:site_name\" content=\"Happyinaknit.com\" \/>\n<meta property=\"article:modified_time\" content=\"2026-03-23T14:48:53+00:00\" \/>\n<meta property=\"og:image\" content=\"https:\/\/happyinaknit.com\/wp-content\/uploads\/2025\/10\/IMG_8639.jpg\" \/>\n\t<meta property=\"og:image:width\" content=\"1320\" \/>\n\t<meta property=\"og:image:height\" content=\"1299\" \/>\n\t<meta property=\"og:image:type\" content=\"image\/jpeg\" \/>\n<meta name=\"twitter:card\" content=\"summary_large_image\" \/>\n<meta name=\"twitter:label1\" content=\"Est. reading time\" \/>\n\t<meta name=\"twitter:data1\" content=\"1 minut\u0117\" \/>\n<script type=\"application\/ld+json\" class=\"yoast-schema-graph\">{\"@context\":\"https:\/\/schema.org\",\"@graph\":[{\"@type\":\"WebPage\",\"@id\":\"https:\/\/happyinaknit.com\/produktas\/casagrande-millennium\/\",\"url\":\"https:\/\/happyinaknit.com\/produktas\/casagrande-millennium\/\",\"name\":\"Casagrande Millennium - Happyinaknit.com\",\"isPartOf\":{\"@id\":\"https:\/\/happyinaknit.com\/lt\/#website\"},\"primaryImageOfPage\":{\"@id\":\"https:\/\/happyinaknit.com\/produktas\/casagrande-millennium\/#primaryimage\"},\"image\":{\"@id\":\"https:\/\/happyinaknit.com\/produktas\/casagrande-millennium\/#primaryimage\"},\"thumbnailUrl\":\"https:\/\/happyinaknit.com\/wp-content\/uploads\/2025\/10\/IMG_8639.jpg\",\"datePublished\":\"2025-10-07T18:37:45+00:00\",\"dateModified\":\"2026-03-23T14:48:53+00:00\",\"breadcrumb\":{\"@id\":\"https:\/\/happyinaknit.com\/produktas\/casagrande-millennium\/#breadcrumb\"},\"inLanguage\":\"lt-LT\",\"potentialAction\":[{\"@type\":\"ReadAction\",\"target\":[\"https:\/\/happyinaknit.com\/produktas\/casagrande-millennium\/\"]}]},{\"@type\":\"ImageObject\",\"inLanguage\":\"lt-LT\",\"@id\":\"https:\/\/happyinaknit.com\/produktas\/casagrande-millennium\/#primaryimage\",\"url\":\"https:\/\/happyinaknit.com\/wp-content\/uploads\/2025\/10\/IMG_8639.jpg\",\"contentUrl\":\"https:\/\/happyinaknit.com\/wp-content\/uploads\/2025\/10\/IMG_8639.jpg\",\"width\":1320,\"height\":1299},{\"@type\":\"BreadcrumbList\",\"@id\":\"https:\/\/happyinaknit.com\/produktas\/casagrande-millennium\/#breadcrumb\",\"itemListElement\":[{\"@type\":\"ListItem\",\"position\":1,\"name\":\"Home\",\"item\":\"https:\/\/happyinaknit.com\/lt\/\"},{\"@type\":\"ListItem\",\"position\":2,\"name\":\"Parduotuv\u0117\",\"item\":\"https:\/\/happyinaknit.com\/lt\/parduotuve\/\"},{\"@type\":\"ListItem\",\"position\":3,\"name\":\"Casagrande Millennium\"}]},{\"@type\":\"WebSite\",\"@id\":\"https:\/\/happyinaknit.com\/lt\/#website\",\"url\":\"https:\/\/happyinaknit.com\/lt\/\",\"name\":\"Happyinaknit.com\",\"description\":\"\",\"potentialAction\":[{\"@type\":\"SearchAction\",\"target\":{\"@type\":\"EntryPoint\",\"urlTemplate\":\"https:\/\/happyinaknit.com\/lt\/?s={search_term_string}\"},\"query-input\":{\"@type\":\"PropertyValueSpecification\",\"valueRequired\":true,\"valueName\":\"search_term_string\"}}],\"inLanguage\":\"lt-LT\"}]}<\/script>\n<!-- \/ Yoast SEO plugin. -->","yoast_head_json":{"title":"Casagrande Millennium - Happyinaknit.com","robots":{"index":"index","follow":"follow","max-snippet":"max-snippet:-1","max-image-preview":"max-image-preview:large","max-video-preview":"max-video-preview:-1"},"canonical":"https:\/\/happyinaknit.com\/lt\/produktas\/casagrande-millennium\/","og_locale":"lt_LT","og_type":"article","og_title":"Casagrande Millennium - Happyinaknit.com","og_description":"\u0160i merino vilnos si\u016bl\u0173 klasika su poliamidu u\u017etikrina ne tik \u0161velnum\u0105, bet ir ilgaam\u017ei\u0161kum\u0105. I\u0161 j\u0173 megztos nat\u016bralios, \u0161iltos ir kv\u0117puojan\u010dios kojin\u0117s taps tikru malonumu \u2013 tiek kasdien, tiek poilsiui namuose. Be to, tai puiki dovana be progos ar bet kokiai progai. Si\u016blai mink\u0161ti, visai nekanda, turi lengv\u0105 p\u016bkel\u012f ir puikiai i\u0161laiko form\u0105. Klasikin\u0117s sukimo [&hellip;]","og_url":"https:\/\/happyinaknit.com\/lt\/produktas\/casagrande-millennium\/","og_site_name":"Happyinaknit.com","article_modified_time":"2026-03-23T14:48:53+00:00","og_image":[{"width":1320,"height":1299,"url":"https:\/\/happyinaknit.com\/wp-content\/uploads\/2025\/10\/IMG_8639.jpg","type":"image\/jpeg"}],"twitter_card":"summary_large_image","twitter_misc":{"Est. reading time":"1 minut\u0117"},"schema":{"@context":"https:\/\/schema.org","@graph":[{"@type":"WebPage","@id":"https:\/\/happyinaknit.com\/produktas\/casagrande-millennium\/","url":"https:\/\/happyinaknit.com\/produktas\/casagrande-millennium\/","name":"Casagrande Millennium - Happyinaknit.com","isPartOf":{"@id":"https:\/\/happyinaknit.com\/lt\/#website"},"primaryImageOfPage":{"@id":"https:\/\/happyinaknit.com\/produktas\/casagrande-millennium\/#primaryimage"},"image":{"@id":"https:\/\/happyinaknit.com\/produktas\/casagrande-millennium\/#primaryimage"},"thumbnailUrl":"https:\/\/happyinaknit.com\/wp-content\/uploads\/2025\/10\/IMG_8639.jpg","datePublished":"2025-10-07T18:37:45+00:00","dateModified":"2026-03-23T14:48:53+00:00","breadcrumb":{"@id":"https:\/\/happyinaknit.com\/produktas\/casagrande-millennium\/#breadcrumb"},"inLanguage":"lt-LT","potentialAction":[{"@type":"ReadAction","target":["https:\/\/happyinaknit.com\/produktas\/casagrande-millennium\/"]}]},{"@type":"ImageObject","inLanguage":"lt-LT","@id":"https:\/\/happyinaknit.com\/produktas\/casagrande-millennium\/#primaryimage","url":"https:\/\/happyinaknit.com\/wp-content\/uploads\/2025\/10\/IMG_8639.jpg","contentUrl":"https:\/\/happyinaknit.com\/wp-content\/uploads\/2025\/10\/IMG_8639.jpg","width":1320,"height":1299},{"@type":"BreadcrumbList","@id":"https:\/\/happyinaknit.com\/produktas\/casagrande-millennium\/#breadcrumb","itemListElement":[{"@type":"ListItem","position":1,"name":"Home","item":"https:\/\/happyinaknit.com\/lt\/"},{"@type":"ListItem","position":2,"name":"Parduotuv\u0117","item":"https:\/\/happyinaknit.com\/lt\/parduotuve\/"},{"@type":"ListItem","position":3,"name":"Casagrande Millennium"}]},{"@type":"WebSite","@id":"https:\/\/happyinaknit.com\/lt\/#website","url":"https:\/\/happyinaknit.com\/lt\/","name":"Happyinaknit.com","description":"","potentialAction":[{"@type":"SearchAction","target":{"@type":"EntryPoint","urlTemplate":"https:\/\/happyinaknit.com\/lt\/?s={search_term_string}"},"query-input":{"@type":"PropertyValueSpecification","valueRequired":true,"valueName":"search_term_string"}}],"inLanguage":"lt-LT"}]}},"_links":{"self":[{"href":"https:\/\/happyinaknit.com\/lt\/wp-json\/wp\/v2\/product\/3430","targetHints":{"allow":["GET"]}}],"collection":[{"href":"https:\/\/happyinaknit.com\/lt\/wp-json\/wp\/v2\/product"}],"about":[{"href":"https:\/\/happyinaknit.com\/lt\/wp-json\/wp\/v2\/types\/product"}],"replies":[{"embeddable":true,"href":"https:\/\/happyinaknit.com\/lt\/wp-json\/wp\/v2\/comments?post=3430"}],"wp:featuredmedia":[{"embeddable":true,"href":"https:\/\/happyinaknit.com\/lt\/wp-json\/wp\/v2\/media\/3434"}],"wp:attachment":[{"href":"https:\/\/happyinaknit.com\/lt\/wp-json\/wp\/v2\/media?parent=3430"}],"wp:term":[{"taxonomy":"product_brand","embeddable":true,"href":"https:\/\/happyinaknit.com\/lt\/wp-json\/wp\/v2\/product_brand?post=3430"},{"taxonomy":"product_cat","embeddable":true,"href":"https:\/\/happyinaknit.com\/lt\/wp-json\/wp\/v2\/product_cat?post=3430"},{"taxonomy":"product_tag","embeddable":true,"href":"https:\/\/happyinaknit.com\/lt\/wp-json\/wp\/v2\/product_tag?post=3430"},{"taxonomy":"pro-kategorijos","embeddable":true,"href":"https:\/\/happyinaknit.com\/lt\/wp-json\/wp\/v2\/pro-kategorijos?post=3430"}],"curies":[{"name":"wp","href":"https:\/\/api.w.org\/{rel}","templated":true}]}}