{"id":3376,"date":"2025-10-07T10:29:28","date_gmt":"2025-10-07T10:29:28","guid":{"rendered":"https:\/\/happyinaknit.com\/?post_type=product&#038;p=3376"},"modified":"2026-03-07T09:41:00","modified_gmt":"2026-03-07T09:41:00","slug":"casagrande-cash-tweed","status":"publish","type":"product","link":"https:\/\/happyinaknit.com\/lt\/produktas\/casagrande-cash-tweed\/","title":{"rendered":"Casagrande Cash Tweed"},"content":{"rendered":"<p data-start=\"81\" data-end=\"348\">Cash Tweed \u2013 tai si\u016blai, kuriuose susilieja avyt\u0117s vilnos \u0161iluma ir ka\u0161myro \u0161velnumas. \u0160i prabangaus poj\u016b\u010dio tvido tipo vilna suteikia mezginiams i\u0161skirtin\u012f, \u0161iek tiek netolyg\u0173 pavir\u0161i\u0173 ir subtil\u0173 \u017eaism\u0105, kuris ypa\u010d gra\u017eiai atsiskleid\u017eia lygiuoju ra\u0161tu.<\/p>\n<p data-start=\"350\" data-end=\"544\">Si\u016blai puikiai tinka aranams, pyn\u0117ms, \u017eakardui ir intarsijai \u2013 mezginiai i\u0161laiko form\u0105, i\u0161ry\u0161kina ra\u0161tus ir \u012fgauna ypating\u0105 mink\u0161tum\u0105 po skalbimo, kai pasirodo \u0161velnus ka\u0161myro p\u016bkelis.<\/p>\n<p data-start=\"546\" data-end=\"709\">I\u0161 Cash Tweed puikiai pavyks megztiniai, kepur\u0117s, pir\u0161tin\u0117s ar \u0161alikai \u2013 klasikiniai, \u0161ilti ir jauk\u016bs gaminiai, kurie d\u017eiugins tiek mezgant, tiek d\u0117vint.<\/p>\n<ul data-start=\"711\" data-end=\"1029\">\n<li data-start=\"711\" data-end=\"768\">\n<p data-start=\"713\" data-end=\"768\"><strong data-start=\"713\" data-end=\"725\">Sud\u0117tis:<\/strong> 70% lambswool superfine, 30% ka\u0161myras<\/p>\n<\/li>\n<li data-start=\"769\" data-end=\"808\">\n<p data-start=\"771\" data-end=\"808\"><strong data-start=\"771\" data-end=\"793\">Svoris \/ metra\u017eas:<\/strong> 50 g \u2014 150 m<\/p>\n<\/li>\n<li data-start=\"809\" data-end=\"837\">\n<p data-start=\"811\" data-end=\"837\"><strong data-start=\"811\" data-end=\"824\">Virbalai:<\/strong> 3,0\u20133,5 mm<\/p>\n<\/li>\n<li data-start=\"838\" data-end=\"887\">\n<p data-start=\"840\" data-end=\"887\"><strong data-start=\"840\" data-end=\"853\">Tankumas:<\/strong> 10 \u00d7 10 cm \u2248 22 akys \u00d7 35 eil\u0117s<\/p>\n<\/li>\n<li data-start=\"888\" data-end=\"1029\">\n<p data-start=\"890\" data-end=\"919\"><strong data-start=\"890\" data-end=\"917\">Rekomenduojamas kiekis:<\/strong><\/p>\n<ul data-start=\"922\" data-end=\"1029\">\n<li data-start=\"922\" data-end=\"952\">\n<p data-start=\"924\" data-end=\"952\">pir\u0161tin\u0117ms \u2013 1 kamuoliukas<\/p>\n<\/li>\n<li data-start=\"955\" data-end=\"984\">\n<p data-start=\"957\" data-end=\"984\">skarai \u2013 nuo 3 kamuoliuk\u0173<\/p>\n<\/li>\n<li data-start=\"987\" data-end=\"1029\">\n<p data-start=\"989\" data-end=\"1029\">d\u017eemperiui S dyd\u017eio \u2013 nuo 7 kamuoliuk\u0173<\/p>\n<\/li>\n<\/ul>\n<\/li>\n<\/ul>\n<p data-start=\"1031\" data-end=\"1123\" data-is-last-node=\"\" data-is-only-node=\"\"><strong data-start=\"1031\" data-end=\"1045\">Prie\u017ei\u016bra:<\/strong><br data-start=\"1045\" data-end=\"1048\" \/>Skalbti rankomis iki 30 \u00b0C temperat\u016broje. D\u017eiovinti patiesus horizontaliai.<\/p>\n","protected":false},"excerpt":{"rendered":"<p>Cash Tweed \u2013 tai si\u016blai, kuriuose susilieja avyt\u0117s vilnos \u0161iluma ir ka\u0161myro \u0161velnumas. \u0160i prabangaus poj\u016b\u010dio tvido tipo vilna suteikia mezginiams i\u0161skirtin\u012f, \u0161iek tiek netolyg\u0173 pavir\u0161i\u0173 ir subtil\u0173 \u017eaism\u0105, kuris ypa\u010d gra\u017eiai atsiskleid\u017eia lygiuoju ra\u0161tu. Si\u016blai puikiai tinka aranams, pyn\u0117ms, \u017eakardui ir intarsijai \u2013 mezginiai i\u0161laiko form\u0105, i\u0161ry\u0161kina ra\u0161tus ir \u012fgauna ypating\u0105 mink\u0161tum\u0105 po skalbimo, [&hellip;]<\/p>\n","protected":false},"featured_media":3384,"comment_status":"open","ping_status":"closed","template":"","meta":{"_acf_changed":false},"product_brand":[58],"product_cat":[15,18],"product_tag":[],"pro-kategorijos":[46,71],"class_list":{"0":"post-3376","1":"product","2":"type-product","3":"status-publish","4":"has-post-thumbnail","6":"product_brand-casagrande","7":"product_cat-visi-produktai","8":"product_cat-siulai","9":"pro-kategorijos-kasmyras","10":"pro-kategorijos-merino-vilna","12":"first","13":"instock","14":"shipping-taxable","15":"purchasable","16":"product-type-variable"},"acf":[],"yoast_head":"<!-- This site is optimized with the Yoast SEO plugin v26.8 - https:\/\/yoast.com\/product\/yoast-seo-wordpress\/ -->\n<title>Casagrande Cash Tweed - Happyinaknit.com<\/title>\n<meta name=\"robots\" content=\"index, follow, max-snippet:-1, max-image-preview:large, max-video-preview:-1\" \/>\n<link rel=\"canonical\" href=\"https:\/\/happyinaknit.com\/lt\/produktas\/casagrande-cash-tweed\/\" \/>\n<meta property=\"og:locale\" content=\"lt_LT\" \/>\n<meta property=\"og:type\" content=\"article\" \/>\n<meta property=\"og:title\" content=\"Casagrande Cash Tweed - Happyinaknit.com\" \/>\n<meta property=\"og:description\" content=\"Cash Tweed \u2013 tai si\u016blai, kuriuose susilieja avyt\u0117s vilnos \u0161iluma ir ka\u0161myro \u0161velnumas. \u0160i prabangaus poj\u016b\u010dio tvido tipo vilna suteikia mezginiams i\u0161skirtin\u012f, \u0161iek tiek netolyg\u0173 pavir\u0161i\u0173 ir subtil\u0173 \u017eaism\u0105, kuris ypa\u010d gra\u017eiai atsiskleid\u017eia lygiuoju ra\u0161tu. Si\u016blai puikiai tinka aranams, pyn\u0117ms, \u017eakardui ir intarsijai \u2013 mezginiai i\u0161laiko form\u0105, i\u0161ry\u0161kina ra\u0161tus ir \u012fgauna ypating\u0105 mink\u0161tum\u0105 po skalbimo, [&hellip;]\" \/>\n<meta property=\"og:url\" content=\"https:\/\/happyinaknit.com\/lt\/produktas\/casagrande-cash-tweed\/\" \/>\n<meta property=\"og:site_name\" content=\"Happyinaknit.com\" \/>\n<meta property=\"article:modified_time\" content=\"2026-03-07T09:41:00+00:00\" \/>\n<meta property=\"og:image\" content=\"https:\/\/happyinaknit.com\/wp-content\/uploads\/2025\/10\/IMG_8614.jpg\" \/>\n\t<meta property=\"og:image:width\" content=\"1320\" \/>\n\t<meta property=\"og:image:height\" content=\"1304\" \/>\n\t<meta property=\"og:image:type\" content=\"image\/jpeg\" \/>\n<meta name=\"twitter:card\" content=\"summary_large_image\" \/>\n<meta name=\"twitter:label1\" content=\"Est. reading time\" \/>\n\t<meta name=\"twitter:data1\" content=\"1 minut\u0117\" \/>\n<script type=\"application\/ld+json\" class=\"yoast-schema-graph\">{\"@context\":\"https:\/\/schema.org\",\"@graph\":[{\"@type\":\"WebPage\",\"@id\":\"https:\/\/happyinaknit.com\/produktas\/casagrande-cash-tweed\/\",\"url\":\"https:\/\/happyinaknit.com\/produktas\/casagrande-cash-tweed\/\",\"name\":\"Casagrande Cash Tweed - Happyinaknit.com\",\"isPartOf\":{\"@id\":\"https:\/\/happyinaknit.com\/lt\/#website\"},\"primaryImageOfPage\":{\"@id\":\"https:\/\/happyinaknit.com\/produktas\/casagrande-cash-tweed\/#primaryimage\"},\"image\":{\"@id\":\"https:\/\/happyinaknit.com\/produktas\/casagrande-cash-tweed\/#primaryimage\"},\"thumbnailUrl\":\"https:\/\/happyinaknit.com\/wp-content\/uploads\/2025\/10\/IMG_8614.jpg\",\"datePublished\":\"2025-10-07T10:29:28+00:00\",\"dateModified\":\"2026-03-07T09:41:00+00:00\",\"breadcrumb\":{\"@id\":\"https:\/\/happyinaknit.com\/produktas\/casagrande-cash-tweed\/#breadcrumb\"},\"inLanguage\":\"lt-LT\",\"potentialAction\":[{\"@type\":\"ReadAction\",\"target\":[\"https:\/\/happyinaknit.com\/produktas\/casagrande-cash-tweed\/\"]}]},{\"@type\":\"ImageObject\",\"inLanguage\":\"lt-LT\",\"@id\":\"https:\/\/happyinaknit.com\/produktas\/casagrande-cash-tweed\/#primaryimage\",\"url\":\"https:\/\/happyinaknit.com\/wp-content\/uploads\/2025\/10\/IMG_8614.jpg\",\"contentUrl\":\"https:\/\/happyinaknit.com\/wp-content\/uploads\/2025\/10\/IMG_8614.jpg\",\"width\":1320,\"height\":1304},{\"@type\":\"BreadcrumbList\",\"@id\":\"https:\/\/happyinaknit.com\/produktas\/casagrande-cash-tweed\/#breadcrumb\",\"itemListElement\":[{\"@type\":\"ListItem\",\"position\":1,\"name\":\"Home\",\"item\":\"https:\/\/happyinaknit.com\/lt\/\"},{\"@type\":\"ListItem\",\"position\":2,\"name\":\"Parduotuv\u0117\",\"item\":\"https:\/\/happyinaknit.com\/lt\/parduotuve\/\"},{\"@type\":\"ListItem\",\"position\":3,\"name\":\"Casagrande Cash Tweed\"}]},{\"@type\":\"WebSite\",\"@id\":\"https:\/\/happyinaknit.com\/lt\/#website\",\"url\":\"https:\/\/happyinaknit.com\/lt\/\",\"name\":\"Happyinaknit.com\",\"description\":\"\",\"potentialAction\":[{\"@type\":\"SearchAction\",\"target\":{\"@type\":\"EntryPoint\",\"urlTemplate\":\"https:\/\/happyinaknit.com\/lt\/?s={search_term_string}\"},\"query-input\":{\"@type\":\"PropertyValueSpecification\",\"valueRequired\":true,\"valueName\":\"search_term_string\"}}],\"inLanguage\":\"lt-LT\"}]}<\/script>\n<!-- \/ Yoast SEO plugin. -->","yoast_head_json":{"title":"Casagrande Cash Tweed - Happyinaknit.com","robots":{"index":"index","follow":"follow","max-snippet":"max-snippet:-1","max-image-preview":"max-image-preview:large","max-video-preview":"max-video-preview:-1"},"canonical":"https:\/\/happyinaknit.com\/lt\/produktas\/casagrande-cash-tweed\/","og_locale":"lt_LT","og_type":"article","og_title":"Casagrande Cash Tweed - Happyinaknit.com","og_description":"Cash Tweed \u2013 tai si\u016blai, kuriuose susilieja avyt\u0117s vilnos \u0161iluma ir ka\u0161myro \u0161velnumas. \u0160i prabangaus poj\u016b\u010dio tvido tipo vilna suteikia mezginiams i\u0161skirtin\u012f, \u0161iek tiek netolyg\u0173 pavir\u0161i\u0173 ir subtil\u0173 \u017eaism\u0105, kuris ypa\u010d gra\u017eiai atsiskleid\u017eia lygiuoju ra\u0161tu. Si\u016blai puikiai tinka aranams, pyn\u0117ms, \u017eakardui ir intarsijai \u2013 mezginiai i\u0161laiko form\u0105, i\u0161ry\u0161kina ra\u0161tus ir \u012fgauna ypating\u0105 mink\u0161tum\u0105 po skalbimo, [&hellip;]","og_url":"https:\/\/happyinaknit.com\/lt\/produktas\/casagrande-cash-tweed\/","og_site_name":"Happyinaknit.com","article_modified_time":"2026-03-07T09:41:00+00:00","og_image":[{"width":1320,"height":1304,"url":"https:\/\/happyinaknit.com\/wp-content\/uploads\/2025\/10\/IMG_8614.jpg","type":"image\/jpeg"}],"twitter_card":"summary_large_image","twitter_misc":{"Est. reading time":"1 minut\u0117"},"schema":{"@context":"https:\/\/schema.org","@graph":[{"@type":"WebPage","@id":"https:\/\/happyinaknit.com\/produktas\/casagrande-cash-tweed\/","url":"https:\/\/happyinaknit.com\/produktas\/casagrande-cash-tweed\/","name":"Casagrande Cash Tweed - Happyinaknit.com","isPartOf":{"@id":"https:\/\/happyinaknit.com\/lt\/#website"},"primaryImageOfPage":{"@id":"https:\/\/happyinaknit.com\/produktas\/casagrande-cash-tweed\/#primaryimage"},"image":{"@id":"https:\/\/happyinaknit.com\/produktas\/casagrande-cash-tweed\/#primaryimage"},"thumbnailUrl":"https:\/\/happyinaknit.com\/wp-content\/uploads\/2025\/10\/IMG_8614.jpg","datePublished":"2025-10-07T10:29:28+00:00","dateModified":"2026-03-07T09:41:00+00:00","breadcrumb":{"@id":"https:\/\/happyinaknit.com\/produktas\/casagrande-cash-tweed\/#breadcrumb"},"inLanguage":"lt-LT","potentialAction":[{"@type":"ReadAction","target":["https:\/\/happyinaknit.com\/produktas\/casagrande-cash-tweed\/"]}]},{"@type":"ImageObject","inLanguage":"lt-LT","@id":"https:\/\/happyinaknit.com\/produktas\/casagrande-cash-tweed\/#primaryimage","url":"https:\/\/happyinaknit.com\/wp-content\/uploads\/2025\/10\/IMG_8614.jpg","contentUrl":"https:\/\/happyinaknit.com\/wp-content\/uploads\/2025\/10\/IMG_8614.jpg","width":1320,"height":1304},{"@type":"BreadcrumbList","@id":"https:\/\/happyinaknit.com\/produktas\/casagrande-cash-tweed\/#breadcrumb","itemListElement":[{"@type":"ListItem","position":1,"name":"Home","item":"https:\/\/happyinaknit.com\/lt\/"},{"@type":"ListItem","position":2,"name":"Parduotuv\u0117","item":"https:\/\/happyinaknit.com\/lt\/parduotuve\/"},{"@type":"ListItem","position":3,"name":"Casagrande Cash Tweed"}]},{"@type":"WebSite","@id":"https:\/\/happyinaknit.com\/lt\/#website","url":"https:\/\/happyinaknit.com\/lt\/","name":"Happyinaknit.com","description":"","potentialAction":[{"@type":"SearchAction","target":{"@type":"EntryPoint","urlTemplate":"https:\/\/happyinaknit.com\/lt\/?s={search_term_string}"},"query-input":{"@type":"PropertyValueSpecification","valueRequired":true,"valueName":"search_term_string"}}],"inLanguage":"lt-LT"}]}},"_links":{"self":[{"href":"https:\/\/happyinaknit.com\/lt\/wp-json\/wp\/v2\/product\/3376","targetHints":{"allow":["GET"]}}],"collection":[{"href":"https:\/\/happyinaknit.com\/lt\/wp-json\/wp\/v2\/product"}],"about":[{"href":"https:\/\/happyinaknit.com\/lt\/wp-json\/wp\/v2\/types\/product"}],"replies":[{"embeddable":true,"href":"https:\/\/happyinaknit.com\/lt\/wp-json\/wp\/v2\/comments?post=3376"}],"wp:featuredmedia":[{"embeddable":true,"href":"https:\/\/happyinaknit.com\/lt\/wp-json\/wp\/v2\/media\/3384"}],"wp:attachment":[{"href":"https:\/\/happyinaknit.com\/lt\/wp-json\/wp\/v2\/media?parent=3376"}],"wp:term":[{"taxonomy":"product_brand","embeddable":true,"href":"https:\/\/happyinaknit.com\/lt\/wp-json\/wp\/v2\/product_brand?post=3376"},{"taxonomy":"product_cat","embeddable":true,"href":"https:\/\/happyinaknit.com\/lt\/wp-json\/wp\/v2\/product_cat?post=3376"},{"taxonomy":"product_tag","embeddable":true,"href":"https:\/\/happyinaknit.com\/lt\/wp-json\/wp\/v2\/product_tag?post=3376"},{"taxonomy":"pro-kategorijos","embeddable":true,"href":"https:\/\/happyinaknit.com\/lt\/wp-json\/wp\/v2\/pro-kategorijos?post=3376"}],"curies":[{"name":"wp","href":"https:\/\/api.w.org\/{rel}","templated":true}]}}