{"id":3295,"date":"2025-10-07T07:37:17","date_gmt":"2025-10-07T07:37:17","guid":{"rendered":"https:\/\/happyinaknit.com\/?post_type=product&#038;p=3295"},"modified":"2026-03-15T12:25:02","modified_gmt":"2026-03-15T12:25:02","slug":"casagrande-angora-80","status":"publish","type":"product","link":"https:\/\/happyinaknit.com\/lt\/produktas\/casagrande-angora-80\/","title":{"rendered":"Casagrande Angora 80"},"content":{"rendered":"<p data-start=\"63\" data-end=\"368\"><strong data-start=\"63\" data-end=\"76\">Angora 80<\/strong> \u2013 tai itin mink\u0161ti ir \u0161ilti si\u016blai, pagaminti i\u0161 <strong data-start=\"126\" data-end=\"159\">80% nat\u016bralios angoros vilnos<\/strong>. Jie suteikia mezginiams <strong data-start=\"185\" data-end=\"236\">lengvumo, p\u016brumo ir subtilaus prabangos poj\u016b\u010dio<\/strong>, o poliamidas prideda <strong data-start=\"259\" data-end=\"288\">tvirtumo ir ilgaam\u017ei\u0161kumo<\/strong>. Puikus pasirinkimas, kai norisi i\u0161gauti lengv\u0105, \u0161ilt\u0105 ir eleganti\u0161k\u0105 audin\u012f.<\/p>\n<p data-start=\"370\" data-end=\"480\">Tinka <strong data-start=\"376\" data-end=\"445\">\u0161alikams, skaroms, pir\u0161tin\u0117ms, megztiniams ir kitiems aksesuarams<\/strong>, kai svarbu \u0161iluma ir \u0161velnumas.<\/p>\n<ul data-start=\"482\" data-end=\"826\">\n<li data-start=\"482\" data-end=\"525\">\n<p data-start=\"484\" data-end=\"525\"><strong data-start=\"484\" data-end=\"496\">Sud\u0117tis:<\/strong> 80% angora, 20% poliamidas<\/p>\n<\/li>\n<li data-start=\"526\" data-end=\"565\">\n<p data-start=\"528\" data-end=\"565\"><strong data-start=\"528\" data-end=\"550\">Svoris \/ metra\u017eas:<\/strong> 25 g \u2014 112 m<\/p>\n<\/li>\n<li data-start=\"566\" data-end=\"594\">\n<p data-start=\"568\" data-end=\"594\"><strong data-start=\"568\" data-end=\"581\">Virbalai:<\/strong> 3,0\u20133,5 mm<\/p>\n<\/li>\n<li data-start=\"595\" data-end=\"644\">\n<p data-start=\"597\" data-end=\"644\"><strong data-start=\"597\" data-end=\"610\">Tankumas:<\/strong> 10 \u00d7 10 cm \u2248 22 akys \u00d7 34 eil\u0117s<\/p>\n<\/li>\n<li data-start=\"645\" data-end=\"826\">\n<p data-start=\"647\" data-end=\"676\"><strong data-start=\"647\" data-end=\"674\">Rekomenduojamas kiekis:<\/strong><\/p>\n<ul data-start=\"679\" data-end=\"826\">\n<li data-start=\"679\" data-end=\"712\">\n<p data-start=\"681\" data-end=\"712\">pir\u0161tin\u0117ms \u2013 nuo 1 kamuoliuko<\/p>\n<\/li>\n<li data-start=\"715\" data-end=\"747\">\n<p data-start=\"717\" data-end=\"747\">\u0161alikui \u2013 apie 4 kamuoliukai<\/p>\n<\/li>\n<li data-start=\"750\" data-end=\"781\">\n<p data-start=\"752\" data-end=\"781\">skarai \u2013 apie 3 kamuoliukai<\/p>\n<\/li>\n<li data-start=\"784\" data-end=\"826\">\n<p data-start=\"786\" data-end=\"826\">d\u017eemperiui S dyd\u017eio \u2013 nuo 7 kamuoliuk\u0173<\/p>\n<\/li>\n<\/ul>\n<\/li>\n<\/ul>\n<p data-start=\"828\" data-end=\"920\" data-is-last-node=\"\" data-is-only-node=\"\"><strong data-start=\"828\" data-end=\"842\">Prie\u017ei\u016bra:<\/strong><br data-start=\"842\" data-end=\"845\" \/>Skalbti rankomis iki 30 \u00b0C temperat\u016broje. D\u017eiovinti patiesus horizontaliai.<\/p>\n","protected":false},"excerpt":{"rendered":"<p>Angora 80 \u2013 tai itin mink\u0161ti ir \u0161ilti si\u016blai, pagaminti i\u0161 80% nat\u016bralios angoros vilnos. Jie suteikia mezginiams lengvumo, p\u016brumo ir subtilaus prabangos poj\u016b\u010dio, o poliamidas prideda tvirtumo ir ilgaam\u017ei\u0161kumo. Puikus pasirinkimas, kai norisi i\u0161gauti lengv\u0105, \u0161ilt\u0105 ir eleganti\u0161k\u0105 audin\u012f. Tinka \u0161alikams, skaroms, pir\u0161tin\u0117ms, megztiniams ir kitiems aksesuarams, kai svarbu \u0161iluma ir \u0161velnumas. Sud\u0117tis: 80% [&hellip;]<\/p>\n","protected":false},"featured_media":3297,"comment_status":"open","ping_status":"closed","template":"","meta":{"_acf_changed":false},"product_brand":[58],"product_cat":[15,18],"product_tag":[],"pro-kategorijos":[73],"class_list":{"0":"post-3295","1":"product","2":"type-product","3":"status-publish","4":"has-post-thumbnail","6":"product_brand-casagrande","7":"product_cat-visi-produktai","8":"product_cat-siulai","9":"pro-kategorijos-angora","11":"first","12":"instock","13":"shipping-taxable","14":"purchasable","15":"product-type-variable"},"acf":[],"yoast_head":"<!-- This site is optimized with the Yoast SEO plugin v26.8 - https:\/\/yoast.com\/product\/yoast-seo-wordpress\/ -->\n<title>Casagrande Angora 80 - Happyinaknit.com<\/title>\n<meta name=\"robots\" content=\"index, follow, max-snippet:-1, max-image-preview:large, max-video-preview:-1\" \/>\n<link rel=\"canonical\" href=\"https:\/\/happyinaknit.com\/lt\/produktas\/casagrande-angora-80\/\" \/>\n<meta property=\"og:locale\" content=\"lt_LT\" \/>\n<meta property=\"og:type\" content=\"article\" \/>\n<meta property=\"og:title\" content=\"Casagrande Angora 80 - Happyinaknit.com\" \/>\n<meta property=\"og:description\" content=\"Angora 80 \u2013 tai itin mink\u0161ti ir \u0161ilti si\u016blai, pagaminti i\u0161 80% nat\u016bralios angoros vilnos. Jie suteikia mezginiams lengvumo, p\u016brumo ir subtilaus prabangos poj\u016b\u010dio, o poliamidas prideda tvirtumo ir ilgaam\u017ei\u0161kumo. Puikus pasirinkimas, kai norisi i\u0161gauti lengv\u0105, \u0161ilt\u0105 ir eleganti\u0161k\u0105 audin\u012f. Tinka \u0161alikams, skaroms, pir\u0161tin\u0117ms, megztiniams ir kitiems aksesuarams, kai svarbu \u0161iluma ir \u0161velnumas. Sud\u0117tis: 80% [&hellip;]\" \/>\n<meta property=\"og:url\" content=\"https:\/\/happyinaknit.com\/lt\/produktas\/casagrande-angora-80\/\" \/>\n<meta property=\"og:site_name\" content=\"Happyinaknit.com\" \/>\n<meta property=\"article:modified_time\" content=\"2026-03-15T12:25:02+00:00\" \/>\n<meta property=\"og:image\" content=\"https:\/\/happyinaknit.com\/wp-content\/uploads\/2025\/10\/6777_big.jpeg\" \/>\n\t<meta property=\"og:image:width\" content=\"1000\" \/>\n\t<meta property=\"og:image:height\" content=\"1000\" \/>\n\t<meta property=\"og:image:type\" content=\"image\/jpeg\" \/>\n<meta name=\"twitter:card\" content=\"summary_large_image\" \/>\n<meta name=\"twitter:label1\" content=\"Est. reading time\" \/>\n\t<meta name=\"twitter:data1\" content=\"1 minut\u0117\" \/>\n<script type=\"application\/ld+json\" class=\"yoast-schema-graph\">{\"@context\":\"https:\/\/schema.org\",\"@graph\":[{\"@type\":\"WebPage\",\"@id\":\"https:\/\/happyinaknit.com\/produktas\/casagrande-angora-80\/\",\"url\":\"https:\/\/happyinaknit.com\/produktas\/casagrande-angora-80\/\",\"name\":\"Casagrande Angora 80 - Happyinaknit.com\",\"isPartOf\":{\"@id\":\"https:\/\/happyinaknit.com\/lt\/#website\"},\"primaryImageOfPage\":{\"@id\":\"https:\/\/happyinaknit.com\/produktas\/casagrande-angora-80\/#primaryimage\"},\"image\":{\"@id\":\"https:\/\/happyinaknit.com\/produktas\/casagrande-angora-80\/#primaryimage\"},\"thumbnailUrl\":\"https:\/\/happyinaknit.com\/wp-content\/uploads\/2025\/10\/6777_big.jpeg\",\"datePublished\":\"2025-10-07T07:37:17+00:00\",\"dateModified\":\"2026-03-15T12:25:02+00:00\",\"breadcrumb\":{\"@id\":\"https:\/\/happyinaknit.com\/produktas\/casagrande-angora-80\/#breadcrumb\"},\"inLanguage\":\"lt-LT\",\"potentialAction\":[{\"@type\":\"ReadAction\",\"target\":[\"https:\/\/happyinaknit.com\/produktas\/casagrande-angora-80\/\"]}]},{\"@type\":\"ImageObject\",\"inLanguage\":\"lt-LT\",\"@id\":\"https:\/\/happyinaknit.com\/produktas\/casagrande-angora-80\/#primaryimage\",\"url\":\"https:\/\/happyinaknit.com\/wp-content\/uploads\/2025\/10\/6777_big.jpeg\",\"contentUrl\":\"https:\/\/happyinaknit.com\/wp-content\/uploads\/2025\/10\/6777_big.jpeg\",\"width\":1000,\"height\":1000},{\"@type\":\"BreadcrumbList\",\"@id\":\"https:\/\/happyinaknit.com\/produktas\/casagrande-angora-80\/#breadcrumb\",\"itemListElement\":[{\"@type\":\"ListItem\",\"position\":1,\"name\":\"Home\",\"item\":\"https:\/\/happyinaknit.com\/lt\/\"},{\"@type\":\"ListItem\",\"position\":2,\"name\":\"Parduotuv\u0117\",\"item\":\"https:\/\/happyinaknit.com\/lt\/parduotuve\/\"},{\"@type\":\"ListItem\",\"position\":3,\"name\":\"Casagrande Angora 80\"}]},{\"@type\":\"WebSite\",\"@id\":\"https:\/\/happyinaknit.com\/lt\/#website\",\"url\":\"https:\/\/happyinaknit.com\/lt\/\",\"name\":\"Happyinaknit.com\",\"description\":\"\",\"potentialAction\":[{\"@type\":\"SearchAction\",\"target\":{\"@type\":\"EntryPoint\",\"urlTemplate\":\"https:\/\/happyinaknit.com\/lt\/?s={search_term_string}\"},\"query-input\":{\"@type\":\"PropertyValueSpecification\",\"valueRequired\":true,\"valueName\":\"search_term_string\"}}],\"inLanguage\":\"lt-LT\"}]}<\/script>\n<!-- \/ Yoast SEO plugin. -->","yoast_head_json":{"title":"Casagrande Angora 80 - Happyinaknit.com","robots":{"index":"index","follow":"follow","max-snippet":"max-snippet:-1","max-image-preview":"max-image-preview:large","max-video-preview":"max-video-preview:-1"},"canonical":"https:\/\/happyinaknit.com\/lt\/produktas\/casagrande-angora-80\/","og_locale":"lt_LT","og_type":"article","og_title":"Casagrande Angora 80 - Happyinaknit.com","og_description":"Angora 80 \u2013 tai itin mink\u0161ti ir \u0161ilti si\u016blai, pagaminti i\u0161 80% nat\u016bralios angoros vilnos. Jie suteikia mezginiams lengvumo, p\u016brumo ir subtilaus prabangos poj\u016b\u010dio, o poliamidas prideda tvirtumo ir ilgaam\u017ei\u0161kumo. Puikus pasirinkimas, kai norisi i\u0161gauti lengv\u0105, \u0161ilt\u0105 ir eleganti\u0161k\u0105 audin\u012f. Tinka \u0161alikams, skaroms, pir\u0161tin\u0117ms, megztiniams ir kitiems aksesuarams, kai svarbu \u0161iluma ir \u0161velnumas. Sud\u0117tis: 80% [&hellip;]","og_url":"https:\/\/happyinaknit.com\/lt\/produktas\/casagrande-angora-80\/","og_site_name":"Happyinaknit.com","article_modified_time":"2026-03-15T12:25:02+00:00","og_image":[{"width":1000,"height":1000,"url":"https:\/\/happyinaknit.com\/wp-content\/uploads\/2025\/10\/6777_big.jpeg","type":"image\/jpeg"}],"twitter_card":"summary_large_image","twitter_misc":{"Est. reading time":"1 minut\u0117"},"schema":{"@context":"https:\/\/schema.org","@graph":[{"@type":"WebPage","@id":"https:\/\/happyinaknit.com\/produktas\/casagrande-angora-80\/","url":"https:\/\/happyinaknit.com\/produktas\/casagrande-angora-80\/","name":"Casagrande Angora 80 - Happyinaknit.com","isPartOf":{"@id":"https:\/\/happyinaknit.com\/lt\/#website"},"primaryImageOfPage":{"@id":"https:\/\/happyinaknit.com\/produktas\/casagrande-angora-80\/#primaryimage"},"image":{"@id":"https:\/\/happyinaknit.com\/produktas\/casagrande-angora-80\/#primaryimage"},"thumbnailUrl":"https:\/\/happyinaknit.com\/wp-content\/uploads\/2025\/10\/6777_big.jpeg","datePublished":"2025-10-07T07:37:17+00:00","dateModified":"2026-03-15T12:25:02+00:00","breadcrumb":{"@id":"https:\/\/happyinaknit.com\/produktas\/casagrande-angora-80\/#breadcrumb"},"inLanguage":"lt-LT","potentialAction":[{"@type":"ReadAction","target":["https:\/\/happyinaknit.com\/produktas\/casagrande-angora-80\/"]}]},{"@type":"ImageObject","inLanguage":"lt-LT","@id":"https:\/\/happyinaknit.com\/produktas\/casagrande-angora-80\/#primaryimage","url":"https:\/\/happyinaknit.com\/wp-content\/uploads\/2025\/10\/6777_big.jpeg","contentUrl":"https:\/\/happyinaknit.com\/wp-content\/uploads\/2025\/10\/6777_big.jpeg","width":1000,"height":1000},{"@type":"BreadcrumbList","@id":"https:\/\/happyinaknit.com\/produktas\/casagrande-angora-80\/#breadcrumb","itemListElement":[{"@type":"ListItem","position":1,"name":"Home","item":"https:\/\/happyinaknit.com\/lt\/"},{"@type":"ListItem","position":2,"name":"Parduotuv\u0117","item":"https:\/\/happyinaknit.com\/lt\/parduotuve\/"},{"@type":"ListItem","position":3,"name":"Casagrande Angora 80"}]},{"@type":"WebSite","@id":"https:\/\/happyinaknit.com\/lt\/#website","url":"https:\/\/happyinaknit.com\/lt\/","name":"Happyinaknit.com","description":"","potentialAction":[{"@type":"SearchAction","target":{"@type":"EntryPoint","urlTemplate":"https:\/\/happyinaknit.com\/lt\/?s={search_term_string}"},"query-input":{"@type":"PropertyValueSpecification","valueRequired":true,"valueName":"search_term_string"}}],"inLanguage":"lt-LT"}]}},"_links":{"self":[{"href":"https:\/\/happyinaknit.com\/lt\/wp-json\/wp\/v2\/product\/3295","targetHints":{"allow":["GET"]}}],"collection":[{"href":"https:\/\/happyinaknit.com\/lt\/wp-json\/wp\/v2\/product"}],"about":[{"href":"https:\/\/happyinaknit.com\/lt\/wp-json\/wp\/v2\/types\/product"}],"replies":[{"embeddable":true,"href":"https:\/\/happyinaknit.com\/lt\/wp-json\/wp\/v2\/comments?post=3295"}],"wp:featuredmedia":[{"embeddable":true,"href":"https:\/\/happyinaknit.com\/lt\/wp-json\/wp\/v2\/media\/3297"}],"wp:attachment":[{"href":"https:\/\/happyinaknit.com\/lt\/wp-json\/wp\/v2\/media?parent=3295"}],"wp:term":[{"taxonomy":"product_brand","embeddable":true,"href":"https:\/\/happyinaknit.com\/lt\/wp-json\/wp\/v2\/product_brand?post=3295"},{"taxonomy":"product_cat","embeddable":true,"href":"https:\/\/happyinaknit.com\/lt\/wp-json\/wp\/v2\/product_cat?post=3295"},{"taxonomy":"product_tag","embeddable":true,"href":"https:\/\/happyinaknit.com\/lt\/wp-json\/wp\/v2\/product_tag?post=3295"},{"taxonomy":"pro-kategorijos","embeddable":true,"href":"https:\/\/happyinaknit.com\/lt\/wp-json\/wp\/v2\/pro-kategorijos?post=3295"}],"curies":[{"name":"wp","href":"https:\/\/api.w.org\/{rel}","templated":true}]}}