{"id":3230,"date":"2025-10-06T23:12:18","date_gmt":"2025-10-06T23:12:18","guid":{"rendered":"https:\/\/happyinaknit.com\/?post_type=product&#038;p=3230"},"modified":"2025-12-18T14:56:46","modified_gmt":"2025-12-18T14:56:46","slug":"eucalan-drekinamasis-ranku-balzamas","status":"publish","type":"product","link":"https:\/\/happyinaknit.com\/lt\/produktas\/eucalan-drekinamasis-ranku-balzamas\/","title":{"rendered":"Eucalan \u2013 dr\u0117kinamasis rank\u0173 balzamas"},"content":{"rendered":"<p data-start=\"161\" data-end=\"485\"><strong data-start=\"205\" data-end=\"216\">Eucalan<\/strong> rank\u0173 balzamas \u2013 tikra atgaiva sausai ir suskeld\u0117jusiai odai. Nat\u016brali formul\u0117 <strong data-start=\"296\" data-end=\"352\">greitai mink\u0161tina, ramina ir intensyviai dr\u0117kina od\u0105<\/strong>, suteikdama ilgalaik\u012f poveik\u012f. Ypa\u010d tinka naudoti \u0161altuoju met\u0173 laiku, kai d\u0117l temperat\u016bros svyravim\u0173 oda tampa sausa ir \u0161iurk\u0161ti.<\/p>\n<p data-start=\"487\" data-end=\"734\">\u0160is balzamas idealiai tinka rankdarbi\u0173 m\u0117g\u0117jams \u2013 jis <strong data-start=\"541\" data-end=\"570\">nepalieka riebumo poj\u016b\u010dio<\/strong>, tod\u0117l galima patogiai megzti, si\u016bti ar dirbti su si\u016blais ir audiniais. Balzam\u0105 taip pat galima naudoti <strong data-start=\"675\" data-end=\"731\">sausoms alk\u016bn\u0117ms, p\u0117doms ar kitoms jautrioms vietoms<\/strong>.<\/p>\n<p data-start=\"736\" data-end=\"888\">Balzamas yra <strong data-start=\"749\" data-end=\"762\">veganinis<\/strong>, pagamintas i\u0161 <strong data-start=\"778\" data-end=\"817\">nat\u016brali\u0173 augalini\u0173 aliej\u0173 ir va\u0161k\u0173<\/strong>, supakuotas \u012f patogi\u0105 juod\u0105 d\u0117\u017eut\u0119, kuri\u0105 lengva pasiimti su savimi.<\/p>\n<p data-start=\"890\" data-end=\"1069\">Galima rinktis i\u0161 <strong data-start=\"908\" data-end=\"924\">dviej\u0173 kvap\u0173<\/strong> ir <strong data-start=\"928\" data-end=\"940\">bekvapio<\/strong> varianto. Kvapai \u2013 subtil\u016bs, i\u0161gaunami i\u0161 eterini\u0173 aliej\u0173, t\u0173 pa\u010di\u0173, kurie naudojami <strong data-start=\"1026\" data-end=\"1037\">Eucalan<\/strong> vilnos prie\u017ei\u016bros priemon\u0117se.<\/p>\n<ul data-start=\"1071\" data-end=\"1299\">\n<li data-start=\"1071\" data-end=\"1299\">\n<p data-start=\"1073\" data-end=\"1087\"><strong data-start=\"1073\" data-end=\"1085\">Savyb\u0117s:<\/strong><\/p>\n<ul data-start=\"1090\" data-end=\"1299\">\n<li data-start=\"1090\" data-end=\"1137\">\n<p data-start=\"1092\" data-end=\"1137\">Maitina ir dr\u0117kina saus\u0105, suskeld\u0117jusi\u0105 od\u0105<\/p>\n<\/li>\n<li data-start=\"1140\" data-end=\"1174\">\n<p data-start=\"1142\" data-end=\"1174\">Ilgalaikis poveikis be riebumo<\/p>\n<\/li>\n<li data-start=\"1177\" data-end=\"1211\">\n<p data-start=\"1179\" data-end=\"1211\">Veganinis, nat\u016bralios sud\u0117ties<\/p>\n<\/li>\n<li data-start=\"1214\" data-end=\"1253\">\n<p data-start=\"1216\" data-end=\"1253\">Patogus metalinis indelis kelion\u0117ms<\/p>\n<\/li>\n<li data-start=\"1256\" data-end=\"1299\">\n<p data-start=\"1258\" data-end=\"1299\">Galima naudoti rankoms, p\u0117doms ir k\u016bnui<\/p>\n<\/li>\n<\/ul>\n<\/li>\n<\/ul>\n<p data-start=\"1301\" data-end=\"1467\"><strong data-start=\"1301\" data-end=\"1313\">Sud\u0117tis:<\/strong> kokos\u0173 aliejus, soj\u0173 aliejus, simondsij\u0173 (jojobos) aliejus, karnaubos ir kandelilos va\u0161kai, ricinos aliejus, vitamino E acetatas, nat\u016bral\u016bs kvapikliai.<\/p>\n<p data-start=\"1469\" data-end=\"1487\"><strong data-start=\"1469\" data-end=\"1480\">Kiekis:<\/strong> 28 g<\/p>\n<p data-start=\"1489\" data-end=\"1548\">\u267b\ufe0f <em data-start=\"1492\" data-end=\"1546\">Pagaminta Kanadoje. Biologi\u0161kai suyrantis produktas.<\/em><\/p>\n","protected":false},"excerpt":{"rendered":"<p>Eucalan rank\u0173 balzamas \u2013 tikra atgaiva sausai ir suskeld\u0117jusiai odai. Nat\u016brali formul\u0117 greitai mink\u0161tina, ramina ir intensyviai dr\u0117kina od\u0105, suteikdama ilgalaik\u012f poveik\u012f. Ypa\u010d tinka naudoti \u0161altuoju met\u0173 laiku, kai d\u0117l temperat\u016bros svyravim\u0173 oda tampa sausa ir \u0161iurk\u0161ti. \u0160is balzamas idealiai tinka rankdarbi\u0173 m\u0117g\u0117jams \u2013 jis nepalieka riebumo poj\u016b\u010dio, tod\u0117l galima patogiai megzti, si\u016bti ar dirbti [&hellip;]<\/p>\n","protected":false},"featured_media":3236,"comment_status":"open","ping_status":"closed","template":"","meta":{"_acf_changed":false},"product_brand":[634],"product_cat":[15,20,91],"product_tag":[],"pro-kategorijos":[],"class_list":{"0":"post-3230","1":"product","2":"type-product","3":"status-publish","4":"has-post-thumbnail","6":"product_brand-eucalan","7":"product_cat-visi-produktai","8":"product_cat-priedai-mezgimui","9":"product_cat-skalbimo-priemones","11":"first","12":"instock","13":"shipping-taxable","14":"purchasable","15":"product-type-variable"},"acf":[],"yoast_head":"<!-- This site is optimized with the Yoast SEO plugin v26.8 - https:\/\/yoast.com\/product\/yoast-seo-wordpress\/ -->\n<title>Eucalan \u2013 dr\u0117kinamasis rank\u0173 balzamas - Happyinaknit.com<\/title>\n<meta name=\"robots\" content=\"index, follow, max-snippet:-1, max-image-preview:large, max-video-preview:-1\" \/>\n<link rel=\"canonical\" href=\"https:\/\/happyinaknit.com\/lt\/produktas\/eucalan-drekinamasis-ranku-balzamas\/\" \/>\n<meta property=\"og:locale\" content=\"lt_LT\" \/>\n<meta property=\"og:type\" content=\"article\" \/>\n<meta property=\"og:title\" content=\"Eucalan \u2013 dr\u0117kinamasis rank\u0173 balzamas - Happyinaknit.com\" \/>\n<meta property=\"og:description\" content=\"Eucalan rank\u0173 balzamas \u2013 tikra atgaiva sausai ir suskeld\u0117jusiai odai. Nat\u016brali formul\u0117 greitai mink\u0161tina, ramina ir intensyviai dr\u0117kina od\u0105, suteikdama ilgalaik\u012f poveik\u012f. Ypa\u010d tinka naudoti \u0161altuoju met\u0173 laiku, kai d\u0117l temperat\u016bros svyravim\u0173 oda tampa sausa ir \u0161iurk\u0161ti. \u0160is balzamas idealiai tinka rankdarbi\u0173 m\u0117g\u0117jams \u2013 jis nepalieka riebumo poj\u016b\u010dio, tod\u0117l galima patogiai megzti, si\u016bti ar dirbti [&hellip;]\" \/>\n<meta property=\"og:url\" content=\"https:\/\/happyinaknit.com\/lt\/produktas\/eucalan-drekinamasis-ranku-balzamas\/\" \/>\n<meta property=\"og:site_name\" content=\"Happyinaknit.com\" \/>\n<meta property=\"article:modified_time\" content=\"2025-12-18T14:56:46+00:00\" \/>\n<meta property=\"og:image\" content=\"https:\/\/happyinaknit.com\/wp-content\/uploads\/2025\/10\/JBALM-1.webp\" \/>\n\t<meta property=\"og:image:width\" content=\"1000\" \/>\n\t<meta property=\"og:image:height\" content=\"1000\" \/>\n\t<meta property=\"og:image:type\" content=\"image\/webp\" \/>\n<meta name=\"twitter:card\" content=\"summary_large_image\" \/>\n<meta name=\"twitter:label1\" content=\"Est. reading time\" \/>\n\t<meta name=\"twitter:data1\" content=\"1 minut\u0117\" \/>\n<script type=\"application\/ld+json\" class=\"yoast-schema-graph\">{\"@context\":\"https:\/\/schema.org\",\"@graph\":[{\"@type\":\"WebPage\",\"@id\":\"https:\/\/happyinaknit.com\/produktas\/eucalan-drekinamasis-ranku-balzamas\/\",\"url\":\"https:\/\/happyinaknit.com\/produktas\/eucalan-drekinamasis-ranku-balzamas\/\",\"name\":\"Eucalan \u2013 dr\u0117kinamasis rank\u0173 balzamas - Happyinaknit.com\",\"isPartOf\":{\"@id\":\"https:\/\/happyinaknit.com\/lt\/#website\"},\"primaryImageOfPage\":{\"@id\":\"https:\/\/happyinaknit.com\/produktas\/eucalan-drekinamasis-ranku-balzamas\/#primaryimage\"},\"image\":{\"@id\":\"https:\/\/happyinaknit.com\/produktas\/eucalan-drekinamasis-ranku-balzamas\/#primaryimage\"},\"thumbnailUrl\":\"https:\/\/happyinaknit.com\/wp-content\/uploads\/2025\/10\/JBALM-1.webp\",\"datePublished\":\"2025-10-06T23:12:18+00:00\",\"dateModified\":\"2025-12-18T14:56:46+00:00\",\"breadcrumb\":{\"@id\":\"https:\/\/happyinaknit.com\/produktas\/eucalan-drekinamasis-ranku-balzamas\/#breadcrumb\"},\"inLanguage\":\"lt-LT\",\"potentialAction\":[{\"@type\":\"ReadAction\",\"target\":[\"https:\/\/happyinaknit.com\/produktas\/eucalan-drekinamasis-ranku-balzamas\/\"]}]},{\"@type\":\"ImageObject\",\"inLanguage\":\"lt-LT\",\"@id\":\"https:\/\/happyinaknit.com\/produktas\/eucalan-drekinamasis-ranku-balzamas\/#primaryimage\",\"url\":\"https:\/\/happyinaknit.com\/wp-content\/uploads\/2025\/10\/JBALM-1.webp\",\"contentUrl\":\"https:\/\/happyinaknit.com\/wp-content\/uploads\/2025\/10\/JBALM-1.webp\",\"width\":1000,\"height\":1000},{\"@type\":\"BreadcrumbList\",\"@id\":\"https:\/\/happyinaknit.com\/produktas\/eucalan-drekinamasis-ranku-balzamas\/#breadcrumb\",\"itemListElement\":[{\"@type\":\"ListItem\",\"position\":1,\"name\":\"Home\",\"item\":\"https:\/\/happyinaknit.com\/lt\/\"},{\"@type\":\"ListItem\",\"position\":2,\"name\":\"Parduotuv\u0117\",\"item\":\"https:\/\/happyinaknit.com\/lt\/parduotuve\/\"},{\"@type\":\"ListItem\",\"position\":3,\"name\":\"Eucalan \u2013 dr\u0117kinamasis rank\u0173 balzamas\"}]},{\"@type\":\"WebSite\",\"@id\":\"https:\/\/happyinaknit.com\/lt\/#website\",\"url\":\"https:\/\/happyinaknit.com\/lt\/\",\"name\":\"Happyinaknit.com\",\"description\":\"\",\"potentialAction\":[{\"@type\":\"SearchAction\",\"target\":{\"@type\":\"EntryPoint\",\"urlTemplate\":\"https:\/\/happyinaknit.com\/lt\/?s={search_term_string}\"},\"query-input\":{\"@type\":\"PropertyValueSpecification\",\"valueRequired\":true,\"valueName\":\"search_term_string\"}}],\"inLanguage\":\"lt-LT\"}]}<\/script>\n<!-- \/ Yoast SEO plugin. -->","yoast_head_json":{"title":"Eucalan \u2013 dr\u0117kinamasis rank\u0173 balzamas - Happyinaknit.com","robots":{"index":"index","follow":"follow","max-snippet":"max-snippet:-1","max-image-preview":"max-image-preview:large","max-video-preview":"max-video-preview:-1"},"canonical":"https:\/\/happyinaknit.com\/lt\/produktas\/eucalan-drekinamasis-ranku-balzamas\/","og_locale":"lt_LT","og_type":"article","og_title":"Eucalan \u2013 dr\u0117kinamasis rank\u0173 balzamas - Happyinaknit.com","og_description":"Eucalan rank\u0173 balzamas \u2013 tikra atgaiva sausai ir suskeld\u0117jusiai odai. Nat\u016brali formul\u0117 greitai mink\u0161tina, ramina ir intensyviai dr\u0117kina od\u0105, suteikdama ilgalaik\u012f poveik\u012f. Ypa\u010d tinka naudoti \u0161altuoju met\u0173 laiku, kai d\u0117l temperat\u016bros svyravim\u0173 oda tampa sausa ir \u0161iurk\u0161ti. \u0160is balzamas idealiai tinka rankdarbi\u0173 m\u0117g\u0117jams \u2013 jis nepalieka riebumo poj\u016b\u010dio, tod\u0117l galima patogiai megzti, si\u016bti ar dirbti [&hellip;]","og_url":"https:\/\/happyinaknit.com\/lt\/produktas\/eucalan-drekinamasis-ranku-balzamas\/","og_site_name":"Happyinaknit.com","article_modified_time":"2025-12-18T14:56:46+00:00","og_image":[{"width":1000,"height":1000,"url":"https:\/\/happyinaknit.com\/wp-content\/uploads\/2025\/10\/JBALM-1.webp","type":"image\/webp"}],"twitter_card":"summary_large_image","twitter_misc":{"Est. reading time":"1 minut\u0117"},"schema":{"@context":"https:\/\/schema.org","@graph":[{"@type":"WebPage","@id":"https:\/\/happyinaknit.com\/produktas\/eucalan-drekinamasis-ranku-balzamas\/","url":"https:\/\/happyinaknit.com\/produktas\/eucalan-drekinamasis-ranku-balzamas\/","name":"Eucalan \u2013 dr\u0117kinamasis rank\u0173 balzamas - Happyinaknit.com","isPartOf":{"@id":"https:\/\/happyinaknit.com\/lt\/#website"},"primaryImageOfPage":{"@id":"https:\/\/happyinaknit.com\/produktas\/eucalan-drekinamasis-ranku-balzamas\/#primaryimage"},"image":{"@id":"https:\/\/happyinaknit.com\/produktas\/eucalan-drekinamasis-ranku-balzamas\/#primaryimage"},"thumbnailUrl":"https:\/\/happyinaknit.com\/wp-content\/uploads\/2025\/10\/JBALM-1.webp","datePublished":"2025-10-06T23:12:18+00:00","dateModified":"2025-12-18T14:56:46+00:00","breadcrumb":{"@id":"https:\/\/happyinaknit.com\/produktas\/eucalan-drekinamasis-ranku-balzamas\/#breadcrumb"},"inLanguage":"lt-LT","potentialAction":[{"@type":"ReadAction","target":["https:\/\/happyinaknit.com\/produktas\/eucalan-drekinamasis-ranku-balzamas\/"]}]},{"@type":"ImageObject","inLanguage":"lt-LT","@id":"https:\/\/happyinaknit.com\/produktas\/eucalan-drekinamasis-ranku-balzamas\/#primaryimage","url":"https:\/\/happyinaknit.com\/wp-content\/uploads\/2025\/10\/JBALM-1.webp","contentUrl":"https:\/\/happyinaknit.com\/wp-content\/uploads\/2025\/10\/JBALM-1.webp","width":1000,"height":1000},{"@type":"BreadcrumbList","@id":"https:\/\/happyinaknit.com\/produktas\/eucalan-drekinamasis-ranku-balzamas\/#breadcrumb","itemListElement":[{"@type":"ListItem","position":1,"name":"Home","item":"https:\/\/happyinaknit.com\/lt\/"},{"@type":"ListItem","position":2,"name":"Parduotuv\u0117","item":"https:\/\/happyinaknit.com\/lt\/parduotuve\/"},{"@type":"ListItem","position":3,"name":"Eucalan \u2013 dr\u0117kinamasis rank\u0173 balzamas"}]},{"@type":"WebSite","@id":"https:\/\/happyinaknit.com\/lt\/#website","url":"https:\/\/happyinaknit.com\/lt\/","name":"Happyinaknit.com","description":"","potentialAction":[{"@type":"SearchAction","target":{"@type":"EntryPoint","urlTemplate":"https:\/\/happyinaknit.com\/lt\/?s={search_term_string}"},"query-input":{"@type":"PropertyValueSpecification","valueRequired":true,"valueName":"search_term_string"}}],"inLanguage":"lt-LT"}]}},"_links":{"self":[{"href":"https:\/\/happyinaknit.com\/lt\/wp-json\/wp\/v2\/product\/3230","targetHints":{"allow":["GET"]}}],"collection":[{"href":"https:\/\/happyinaknit.com\/lt\/wp-json\/wp\/v2\/product"}],"about":[{"href":"https:\/\/happyinaknit.com\/lt\/wp-json\/wp\/v2\/types\/product"}],"replies":[{"embeddable":true,"href":"https:\/\/happyinaknit.com\/lt\/wp-json\/wp\/v2\/comments?post=3230"}],"wp:featuredmedia":[{"embeddable":true,"href":"https:\/\/happyinaknit.com\/lt\/wp-json\/wp\/v2\/media\/3236"}],"wp:attachment":[{"href":"https:\/\/happyinaknit.com\/lt\/wp-json\/wp\/v2\/media?parent=3230"}],"wp:term":[{"taxonomy":"product_brand","embeddable":true,"href":"https:\/\/happyinaknit.com\/lt\/wp-json\/wp\/v2\/product_brand?post=3230"},{"taxonomy":"product_cat","embeddable":true,"href":"https:\/\/happyinaknit.com\/lt\/wp-json\/wp\/v2\/product_cat?post=3230"},{"taxonomy":"product_tag","embeddable":true,"href":"https:\/\/happyinaknit.com\/lt\/wp-json\/wp\/v2\/product_tag?post=3230"},{"taxonomy":"pro-kategorijos","embeddable":true,"href":"https:\/\/happyinaknit.com\/lt\/wp-json\/wp\/v2\/pro-kategorijos?post=3230"}],"curies":[{"name":"wp","href":"https:\/\/api.w.org\/{rel}","templated":true}]}}