{"id":3217,"date":"2025-10-06T22:57:51","date_gmt":"2025-10-06T22:57:51","guid":{"rendered":"https:\/\/happyinaknit.com\/?post_type=product&#038;p=3217"},"modified":"2025-12-15T13:33:07","modified_gmt":"2025-12-15T13:33:07","slug":"eucalan","status":"publish","type":"product","link":"https:\/\/happyinaknit.com\/lt\/produktas\/eucalan\/","title":{"rendered":"Eucalan \u0161velni skalbimo priemon\u0117"},"content":{"rendered":"<p data-start=\"159\" data-end=\"470\"><strong data-start=\"159\" data-end=\"228\">Eucalan \u2013 \u0161velni skalbimo priemon\u0117 vilnai ir subtiliems audiniams<\/strong><br data-start=\"228\" data-end=\"231\" \/>Daugum\u0105 vilnoni\u0173 gamini\u0173 galima saugiai skalbti namuose \u2013 be agresyvios chemijos. <strong data-start=\"313\" data-end=\"324\">Eucalan<\/strong> \u2013 tai <strong data-start=\"331\" data-end=\"396\">netoksi\u0161ka, biologi\u0161kai suyranti ir skalavimo nereikalaujanti<\/strong> priemon\u0117, sukurta specialiai vilnai bei jautriems audiniams pri\u017ei\u016br\u0117ti.<\/p>\n<p data-start=\"472\" data-end=\"748\">\u0160is \u0161velnus skalbiklis <strong data-start=\"495\" data-end=\"509\">be fosfat\u0173<\/strong>, praturtintas <strong data-start=\"524\" data-end=\"536\">lanolinu<\/strong>, kuris <strong data-start=\"544\" data-end=\"587\">mink\u0161tina pluo\u0161t\u0105, ma\u017eina statin\u012f kr\u016bv\u012f<\/strong> ir padeda i\u0161laikyti audinio elastingum\u0105 bei form\u0105. Po skalbimo nereikia skalauti \u2013 u\u017etenka tiesiog nuspausti vandens pertekli\u0173 ir i\u0161d\u017eiovinti gamin\u012f patiesus.<\/p>\n<ul data-start=\"750\" data-end=\"991\">\n<li data-start=\"750\" data-end=\"991\">\n<p data-start=\"752\" data-end=\"766\"><strong data-start=\"752\" data-end=\"764\">Savyb\u0117s:<\/strong><\/p>\n<ul data-start=\"769\" data-end=\"991\">\n<li data-start=\"769\" data-end=\"818\">\n<p data-start=\"771\" data-end=\"818\">\u0160velnus, netoksi\u0161kas ir biologi\u0161kai suyrantis<\/p>\n<\/li>\n<li data-start=\"821\" data-end=\"835\">\n<p data-start=\"823\" data-end=\"835\">Be fosfat\u0173<\/p>\n<\/li>\n<li data-start=\"838\" data-end=\"888\">\n<p data-start=\"840\" data-end=\"888\">Sud\u0117tyje yra lanolino \u2013 nat\u016bralaus mink\u0161tiklio<\/p>\n<\/li>\n<li data-start=\"891\" data-end=\"923\">\n<p data-start=\"893\" data-end=\"923\">Nereikia skalauti po plovimo<\/p>\n<\/li>\n<li data-start=\"926\" data-end=\"991\">\n<p data-start=\"928\" data-end=\"991\">Tinka vilnai, \u0161ilko, lino ir kit\u0173 nat\u016brali\u0173 pluo\u0161t\u0173 gaminiams<\/p>\n<\/li>\n<\/ul>\n<\/li>\n<\/ul>\n<p data-start=\"993\" data-end=\"1062\"><strong data-start=\"993\" data-end=\"1004\">Kvapai:<\/strong><br data-start=\"1004\" data-end=\"1007\" \/>\ud83c\udf37 <strong data-start=\"1010\" data-end=\"1022\">Jazminas<\/strong><br data-start=\"1022\" data-end=\"1025\" \/>\ud83c\udf4a <strong data-start=\"1028\" data-end=\"1043\">Greipfrutas<\/strong><br data-start=\"1043\" data-end=\"1046\" \/>\ud83d\udc9c <strong data-start=\"1049\" data-end=\"1060\">Levanda<\/strong><\/p>\n<p data-start=\"1064\" data-end=\"1081\"><strong data-start=\"1064\" data-end=\"1079\">Naudojimas:<\/strong><\/p>\n<ul data-start=\"1082\" data-end=\"1319\">\n<li data-start=\"1082\" data-end=\"1161\">\n<p data-start=\"1084\" data-end=\"1161\">5 ml priemon\u0117s (apie 1 arbatin\u012f \u0161auk\u0161tel\u012f) i\u0161tirpinkite 4 litruose vandens.<\/p>\n<\/li>\n<li data-start=\"1162\" data-end=\"1258\">\n<p data-start=\"1164\" data-end=\"1258\">Gamin\u012f pamirkykite 15\u201330 minu\u010di\u0173, lengvai nuspauskite ir d\u017eiovinkite patiesus horizontaliai.<\/p>\n<\/li>\n<li data-start=\"1259\" data-end=\"1319\">\n<p data-start=\"1261\" data-end=\"1319\"><strong data-start=\"1261\" data-end=\"1271\">T\u016bris:<\/strong> 100 ml (pakanka ma\u017edaug 20 rankini\u0173 skalbim\u0173)<\/p>\n<\/li>\n<\/ul>\n","protected":false},"excerpt":{"rendered":"<p>Eucalan \u2013 \u0161velni skalbimo priemon\u0117 vilnai ir subtiliems audiniamsDaugum\u0105 vilnoni\u0173 gamini\u0173 galima saugiai skalbti namuose \u2013 be agresyvios chemijos. Eucalan \u2013 tai netoksi\u0161ka, biologi\u0161kai suyranti ir skalavimo nereikalaujanti priemon\u0117, sukurta specialiai vilnai bei jautriems audiniams pri\u017ei\u016br\u0117ti. \u0160is \u0161velnus skalbiklis be fosfat\u0173, praturtintas lanolinu, kuris mink\u0161tina pluo\u0161t\u0105, ma\u017eina statin\u012f kr\u016bv\u012f ir padeda i\u0161laikyti audinio elastingum\u0105 bei [&hellip;]<\/p>\n","protected":false},"featured_media":3218,"comment_status":"open","ping_status":"closed","template":"","meta":{"_acf_changed":false},"product_brand":[634],"product_cat":[15,20,91],"product_tag":[],"pro-kategorijos":[],"class_list":{"0":"post-3217","1":"product","2":"type-product","3":"status-publish","4":"has-post-thumbnail","6":"product_brand-eucalan","7":"product_cat-visi-produktai","8":"product_cat-priedai-mezgimui","9":"product_cat-skalbimo-priemones","11":"first","12":"instock","13":"shipping-taxable","14":"purchasable","15":"product-type-variable"},"acf":[],"yoast_head":"<!-- This site is optimized with the Yoast SEO plugin v26.8 - https:\/\/yoast.com\/product\/yoast-seo-wordpress\/ -->\n<title>Eucalan \u0161velni skalbimo priemon\u0117 - Happyinaknit.com<\/title>\n<meta name=\"robots\" content=\"index, follow, max-snippet:-1, max-image-preview:large, max-video-preview:-1\" \/>\n<link rel=\"canonical\" href=\"https:\/\/happyinaknit.com\/lt\/produktas\/eucalan\/\" \/>\n<meta property=\"og:locale\" content=\"lt_LT\" \/>\n<meta property=\"og:type\" content=\"article\" \/>\n<meta property=\"og:title\" content=\"Eucalan \u0161velni skalbimo priemon\u0117 - Happyinaknit.com\" \/>\n<meta property=\"og:description\" content=\"Eucalan \u2013 \u0161velni skalbimo priemon\u0117 vilnai ir subtiliems audiniamsDaugum\u0105 vilnoni\u0173 gamini\u0173 galima saugiai skalbti namuose \u2013 be agresyvios chemijos. Eucalan \u2013 tai netoksi\u0161ka, biologi\u0161kai suyranti ir skalavimo nereikalaujanti priemon\u0117, sukurta specialiai vilnai bei jautriems audiniams pri\u017ei\u016br\u0117ti. \u0160is \u0161velnus skalbiklis be fosfat\u0173, praturtintas lanolinu, kuris mink\u0161tina pluo\u0161t\u0105, ma\u017eina statin\u012f kr\u016bv\u012f ir padeda i\u0161laikyti audinio elastingum\u0105 bei [&hellip;]\" \/>\n<meta property=\"og:url\" content=\"https:\/\/happyinaknit.com\/lt\/produktas\/eucalan\/\" \/>\n<meta property=\"og:site_name\" content=\"Happyinaknit.com\" \/>\n<meta property=\"article:modified_time\" content=\"2025-12-15T13:33:07+00:00\" \/>\n<meta property=\"og:image\" content=\"https:\/\/happyinaknit.com\/wp-content\/uploads\/2025\/10\/IMG_8538.jpg\" \/>\n\t<meta property=\"og:image:width\" content=\"1320\" \/>\n\t<meta property=\"og:image:height\" content=\"1572\" \/>\n\t<meta property=\"og:image:type\" content=\"image\/jpeg\" \/>\n<meta name=\"twitter:card\" content=\"summary_large_image\" \/>\n<meta name=\"twitter:label1\" content=\"Est. reading time\" \/>\n\t<meta name=\"twitter:data1\" content=\"1 minut\u0117\" \/>\n<script type=\"application\/ld+json\" class=\"yoast-schema-graph\">{\"@context\":\"https:\/\/schema.org\",\"@graph\":[{\"@type\":\"WebPage\",\"@id\":\"https:\/\/happyinaknit.com\/produktas\/eucalan\/\",\"url\":\"https:\/\/happyinaknit.com\/produktas\/eucalan\/\",\"name\":\"Eucalan \u0161velni skalbimo priemon\u0117 - Happyinaknit.com\",\"isPartOf\":{\"@id\":\"https:\/\/happyinaknit.com\/lt\/#website\"},\"primaryImageOfPage\":{\"@id\":\"https:\/\/happyinaknit.com\/produktas\/eucalan\/#primaryimage\"},\"image\":{\"@id\":\"https:\/\/happyinaknit.com\/produktas\/eucalan\/#primaryimage\"},\"thumbnailUrl\":\"https:\/\/happyinaknit.com\/wp-content\/uploads\/2025\/10\/IMG_8538.jpg\",\"datePublished\":\"2025-10-06T22:57:51+00:00\",\"dateModified\":\"2025-12-15T13:33:07+00:00\",\"breadcrumb\":{\"@id\":\"https:\/\/happyinaknit.com\/produktas\/eucalan\/#breadcrumb\"},\"inLanguage\":\"lt-LT\",\"potentialAction\":[{\"@type\":\"ReadAction\",\"target\":[\"https:\/\/happyinaknit.com\/produktas\/eucalan\/\"]}]},{\"@type\":\"ImageObject\",\"inLanguage\":\"lt-LT\",\"@id\":\"https:\/\/happyinaknit.com\/produktas\/eucalan\/#primaryimage\",\"url\":\"https:\/\/happyinaknit.com\/wp-content\/uploads\/2025\/10\/IMG_8538.jpg\",\"contentUrl\":\"https:\/\/happyinaknit.com\/wp-content\/uploads\/2025\/10\/IMG_8538.jpg\",\"width\":1320,\"height\":1572},{\"@type\":\"BreadcrumbList\",\"@id\":\"https:\/\/happyinaknit.com\/produktas\/eucalan\/#breadcrumb\",\"itemListElement\":[{\"@type\":\"ListItem\",\"position\":1,\"name\":\"Home\",\"item\":\"https:\/\/happyinaknit.com\/lt\/\"},{\"@type\":\"ListItem\",\"position\":2,\"name\":\"Parduotuv\u0117\",\"item\":\"https:\/\/happyinaknit.com\/lt\/parduotuve\/\"},{\"@type\":\"ListItem\",\"position\":3,\"name\":\"Eucalan \u0161velni skalbimo priemon\u0117\"}]},{\"@type\":\"WebSite\",\"@id\":\"https:\/\/happyinaknit.com\/lt\/#website\",\"url\":\"https:\/\/happyinaknit.com\/lt\/\",\"name\":\"Happyinaknit.com\",\"description\":\"\",\"potentialAction\":[{\"@type\":\"SearchAction\",\"target\":{\"@type\":\"EntryPoint\",\"urlTemplate\":\"https:\/\/happyinaknit.com\/lt\/?s={search_term_string}\"},\"query-input\":{\"@type\":\"PropertyValueSpecification\",\"valueRequired\":true,\"valueName\":\"search_term_string\"}}],\"inLanguage\":\"lt-LT\"}]}<\/script>\n<!-- \/ Yoast SEO plugin. -->","yoast_head_json":{"title":"Eucalan \u0161velni skalbimo priemon\u0117 - Happyinaknit.com","robots":{"index":"index","follow":"follow","max-snippet":"max-snippet:-1","max-image-preview":"max-image-preview:large","max-video-preview":"max-video-preview:-1"},"canonical":"https:\/\/happyinaknit.com\/lt\/produktas\/eucalan\/","og_locale":"lt_LT","og_type":"article","og_title":"Eucalan \u0161velni skalbimo priemon\u0117 - Happyinaknit.com","og_description":"Eucalan \u2013 \u0161velni skalbimo priemon\u0117 vilnai ir subtiliems audiniamsDaugum\u0105 vilnoni\u0173 gamini\u0173 galima saugiai skalbti namuose \u2013 be agresyvios chemijos. Eucalan \u2013 tai netoksi\u0161ka, biologi\u0161kai suyranti ir skalavimo nereikalaujanti priemon\u0117, sukurta specialiai vilnai bei jautriems audiniams pri\u017ei\u016br\u0117ti. \u0160is \u0161velnus skalbiklis be fosfat\u0173, praturtintas lanolinu, kuris mink\u0161tina pluo\u0161t\u0105, ma\u017eina statin\u012f kr\u016bv\u012f ir padeda i\u0161laikyti audinio elastingum\u0105 bei [&hellip;]","og_url":"https:\/\/happyinaknit.com\/lt\/produktas\/eucalan\/","og_site_name":"Happyinaknit.com","article_modified_time":"2025-12-15T13:33:07+00:00","og_image":[{"width":1320,"height":1572,"url":"https:\/\/happyinaknit.com\/wp-content\/uploads\/2025\/10\/IMG_8538.jpg","type":"image\/jpeg"}],"twitter_card":"summary_large_image","twitter_misc":{"Est. reading time":"1 minut\u0117"},"schema":{"@context":"https:\/\/schema.org","@graph":[{"@type":"WebPage","@id":"https:\/\/happyinaknit.com\/produktas\/eucalan\/","url":"https:\/\/happyinaknit.com\/produktas\/eucalan\/","name":"Eucalan \u0161velni skalbimo priemon\u0117 - Happyinaknit.com","isPartOf":{"@id":"https:\/\/happyinaknit.com\/lt\/#website"},"primaryImageOfPage":{"@id":"https:\/\/happyinaknit.com\/produktas\/eucalan\/#primaryimage"},"image":{"@id":"https:\/\/happyinaknit.com\/produktas\/eucalan\/#primaryimage"},"thumbnailUrl":"https:\/\/happyinaknit.com\/wp-content\/uploads\/2025\/10\/IMG_8538.jpg","datePublished":"2025-10-06T22:57:51+00:00","dateModified":"2025-12-15T13:33:07+00:00","breadcrumb":{"@id":"https:\/\/happyinaknit.com\/produktas\/eucalan\/#breadcrumb"},"inLanguage":"lt-LT","potentialAction":[{"@type":"ReadAction","target":["https:\/\/happyinaknit.com\/produktas\/eucalan\/"]}]},{"@type":"ImageObject","inLanguage":"lt-LT","@id":"https:\/\/happyinaknit.com\/produktas\/eucalan\/#primaryimage","url":"https:\/\/happyinaknit.com\/wp-content\/uploads\/2025\/10\/IMG_8538.jpg","contentUrl":"https:\/\/happyinaknit.com\/wp-content\/uploads\/2025\/10\/IMG_8538.jpg","width":1320,"height":1572},{"@type":"BreadcrumbList","@id":"https:\/\/happyinaknit.com\/produktas\/eucalan\/#breadcrumb","itemListElement":[{"@type":"ListItem","position":1,"name":"Home","item":"https:\/\/happyinaknit.com\/lt\/"},{"@type":"ListItem","position":2,"name":"Parduotuv\u0117","item":"https:\/\/happyinaknit.com\/lt\/parduotuve\/"},{"@type":"ListItem","position":3,"name":"Eucalan \u0161velni skalbimo priemon\u0117"}]},{"@type":"WebSite","@id":"https:\/\/happyinaknit.com\/lt\/#website","url":"https:\/\/happyinaknit.com\/lt\/","name":"Happyinaknit.com","description":"","potentialAction":[{"@type":"SearchAction","target":{"@type":"EntryPoint","urlTemplate":"https:\/\/happyinaknit.com\/lt\/?s={search_term_string}"},"query-input":{"@type":"PropertyValueSpecification","valueRequired":true,"valueName":"search_term_string"}}],"inLanguage":"lt-LT"}]}},"_links":{"self":[{"href":"https:\/\/happyinaknit.com\/lt\/wp-json\/wp\/v2\/product\/3217","targetHints":{"allow":["GET"]}}],"collection":[{"href":"https:\/\/happyinaknit.com\/lt\/wp-json\/wp\/v2\/product"}],"about":[{"href":"https:\/\/happyinaknit.com\/lt\/wp-json\/wp\/v2\/types\/product"}],"replies":[{"embeddable":true,"href":"https:\/\/happyinaknit.com\/lt\/wp-json\/wp\/v2\/comments?post=3217"}],"wp:featuredmedia":[{"embeddable":true,"href":"https:\/\/happyinaknit.com\/lt\/wp-json\/wp\/v2\/media\/3218"}],"wp:attachment":[{"href":"https:\/\/happyinaknit.com\/lt\/wp-json\/wp\/v2\/media?parent=3217"}],"wp:term":[{"taxonomy":"product_brand","embeddable":true,"href":"https:\/\/happyinaknit.com\/lt\/wp-json\/wp\/v2\/product_brand?post=3217"},{"taxonomy":"product_cat","embeddable":true,"href":"https:\/\/happyinaknit.com\/lt\/wp-json\/wp\/v2\/product_cat?post=3217"},{"taxonomy":"product_tag","embeddable":true,"href":"https:\/\/happyinaknit.com\/lt\/wp-json\/wp\/v2\/product_tag?post=3217"},{"taxonomy":"pro-kategorijos","embeddable":true,"href":"https:\/\/happyinaknit.com\/lt\/wp-json\/wp\/v2\/pro-kategorijos?post=3217"}],"curies":[{"name":"wp","href":"https:\/\/api.w.org\/{rel}","templated":true}]}}