{"id":3214,"date":"2025-10-06T22:48:43","date_gmt":"2025-10-06T22:48:43","guid":{"rendered":"https:\/\/happyinaknit.com\/?post_type=product&#038;p=3214"},"modified":"2026-04-06T12:57:32","modified_gmt":"2026-04-06T12:57:32","slug":"tenestar","status":"publish","type":"product","link":"https:\/\/happyinaknit.com\/lt\/produktas\/tenestar\/","title":{"rendered":"Tenestar skalbimo priemon\u0117"},"content":{"rendered":"<p data-start=\"195\" data-end=\"530\">\u0160ilkas \u2013 neprilygstamas savo elegancija ir prabanga. Kad \u0161is i\u0161skirtinis pluo\u0161tas ilgai i\u0161likt\u0173 gra\u017eus, jam reikia itin \u0161velnios prie\u017ei\u016bros. <strong data-start=\"396\" data-end=\"408\">TeneStar<\/strong> \u2013 tai specialiai sukurtas skalbiklis, kuris <strong data-start=\"453\" data-end=\"527\">apsaugo \u0161ilko pluo\u0161tus, i\u0161saugo j\u0173 nat\u016bral\u0173 blizges\u012f ir spalv\u0173 ry\u0161kum\u0105<\/strong>.<\/p>\n<p data-start=\"532\" data-end=\"920\">Priemon\u0117 <strong data-start=\"541\" data-end=\"572\">nepakei\u010dia \u0161ilko strukt\u016bros<\/strong>, neleid\u017eia jam \u0161iurk\u0161t\u0117ti ir apsaugo audin\u012f skalbimo metu. Sud\u0117tyje n\u0117ra <strong data-start=\"646\" data-end=\"698\">agresyvi\u0173 chemini\u0173 med\u017eiag\u0173 ar riebalini\u0173 pried\u0173<\/strong>, tod\u0117l \u0161ilkas i\u0161lieka lengvas, \u0161velnus ir elastingas.<br data-start=\"752\" data-end=\"755\" \/><strong data-start=\"755\" data-end=\"767\">TeneStar<\/strong> yra visi\u0161kai <strong data-start=\"781\" data-end=\"816\">biologi\u0161kai suyrantis produktas<\/strong>, rekomenduojamas pirmaujan\u010di\u0173 \u0161ilko gamintoj\u0173, toki\u0173 kaip <em data-start=\"875\" data-end=\"911\">Bleyle, Bogner, Zimmerli, Silkmood<\/em> ir kt.<\/p>\n<ul data-start=\"922\" data-end=\"1143\">\n<li data-start=\"922\" data-end=\"1143\">\n<p data-start=\"924\" data-end=\"938\"><strong data-start=\"924\" data-end=\"936\">Savyb\u0117s:<\/strong><\/p>\n<ul data-start=\"941\" data-end=\"1143\">\n<li data-start=\"941\" data-end=\"980\">\n<p data-start=\"943\" data-end=\"980\">Apsaugo \u0161ilko pluo\u0161t\u0105 skalbimo metu<\/p>\n<\/li>\n<li data-start=\"983\" data-end=\"1030\">\n<p data-start=\"985\" data-end=\"1030\">I\u0161saugo nat\u016bral\u0173 blizges\u012f ir spalv\u0173 sodrum\u0105<\/p>\n<\/li>\n<li data-start=\"1033\" data-end=\"1071\">\n<p data-start=\"1035\" data-end=\"1071\">Palieka audin\u012f \u0161veln\u0173 ir elasting\u0105<\/p>\n<\/li>\n<li data-start=\"1074\" data-end=\"1115\">\n<p data-start=\"1076\" data-end=\"1115\">Be agresyvi\u0173 chemikal\u0173 ir mink\u0161tikli\u0173<\/p>\n<\/li>\n<li data-start=\"1118\" data-end=\"1143\">\n<p data-start=\"1120\" data-end=\"1143\">Biologi\u0161kai suyrantis<\/p>\n<\/li>\n<\/ul>\n<\/li>\n<\/ul>\n<p data-start=\"1145\" data-end=\"1162\"><strong data-start=\"1145\" data-end=\"1160\">Naudojimas:<\/strong><\/p>\n<ul data-start=\"1163\" data-end=\"1691\">\n<li data-start=\"1163\" data-end=\"1282\">\n<p data-start=\"1165\" data-end=\"1282\"><strong data-start=\"1165\" data-end=\"1179\">Dozavimas:<\/strong> skalbyklei \u2013 1 pilnas dangtelis; rankiniam skalbimui vienam gaminiui pakanka \u00bd arbatinio \u0161auk\u0161telio.<\/p>\n<\/li>\n<li data-start=\"1283\" data-end=\"1314\">\n<p data-start=\"1285\" data-end=\"1314\"><strong data-start=\"1285\" data-end=\"1301\">Temperat\u016bra:<\/strong> iki 30 \u00b0C.<\/p>\n<\/li>\n<li data-start=\"1315\" data-end=\"1691\">\n<p data-start=\"1317\" data-end=\"1330\"><strong data-start=\"1317\" data-end=\"1328\">Svarbu:<\/strong><\/p>\n<ul data-start=\"1333\" data-end=\"1691\">\n<li data-start=\"1333\" data-end=\"1471\">\n<p data-start=\"1335\" data-end=\"1471\">Nenaudokite <strong data-start=\"1347\" data-end=\"1387\">vaiki\u0161ko \u0161amp\u016bno ar vilnos ploviklio<\/strong> \u2013 \u0161ios priemon\u0117s gali tur\u0117ti dr\u0117kinan\u010di\u0173 med\u017eiag\u0173, kurios naikina \u0161ilko blizges\u012f.<\/p>\n<\/li>\n<li data-start=\"1474\" data-end=\"1552\">\n<p data-start=\"1476\" data-end=\"1552\">Tinka ir <strong data-start=\"1485\" data-end=\"1515\">\u0161ilkiniams audiniams CUPRO<\/strong>, bei kitiems \u0161ilko tipo pluo\u0161tams.<\/p>\n<\/li>\n<li data-start=\"1555\" data-end=\"1691\">\n<p data-start=\"1557\" data-end=\"1691\">Jei audinyje yra vilnos (pvz., vilna\/\u0161ilkas apatinis trikota\u017eas), <strong data-start=\"1623\" data-end=\"1644\">rinkit\u0117s TENEMOLL<\/strong>, kad vilnos pluo\u0161tas nei\u0161mink\u0161t\u0117t\u0173 per daug.<\/p>\n<\/li>\n<\/ul>\n<\/li>\n<\/ul>\n","protected":false},"excerpt":{"rendered":"<p>\u0160ilkas \u2013 neprilygstamas savo elegancija ir prabanga. Kad \u0161is i\u0161skirtinis pluo\u0161tas ilgai i\u0161likt\u0173 gra\u017eus, jam reikia itin \u0161velnios prie\u017ei\u016bros. TeneStar \u2013 tai specialiai sukurtas skalbiklis, kuris apsaugo \u0161ilko pluo\u0161tus, i\u0161saugo j\u0173 nat\u016bral\u0173 blizges\u012f ir spalv\u0173 ry\u0161kum\u0105. Priemon\u0117 nepakei\u010dia \u0161ilko strukt\u016bros, neleid\u017eia jam \u0161iurk\u0161t\u0117ti ir apsaugo audin\u012f skalbimo metu. Sud\u0117tyje n\u0117ra agresyvi\u0173 chemini\u0173 med\u017eiag\u0173 ar riebalini\u0173 [&hellip;]<\/p>\n","protected":false},"featured_media":3216,"comment_status":"open","ping_status":"closed","template":"","meta":{"_acf_changed":false},"product_brand":[633],"product_cat":[15,20,91],"product_tag":[],"pro-kategorijos":[],"class_list":{"0":"post-3214","1":"product","2":"type-product","3":"status-publish","4":"has-post-thumbnail","6":"product_brand-intervall","7":"product_cat-visi-produktai","8":"product_cat-priedai-mezgimui","9":"product_cat-skalbimo-priemones","11":"first","12":"instock","13":"shipping-taxable","14":"purchasable","15":"product-type-simple"},"acf":[],"yoast_head":"<!-- This site is optimized with the Yoast SEO plugin v26.8 - https:\/\/yoast.com\/product\/yoast-seo-wordpress\/ -->\n<title>Tenestar skalbimo priemon\u0117 - Happyinaknit.com<\/title>\n<meta name=\"robots\" content=\"index, follow, max-snippet:-1, max-image-preview:large, max-video-preview:-1\" \/>\n<link rel=\"canonical\" href=\"https:\/\/happyinaknit.com\/lt\/produktas\/tenestar\/\" \/>\n<meta property=\"og:locale\" content=\"lt_LT\" \/>\n<meta property=\"og:type\" content=\"article\" \/>\n<meta property=\"og:title\" content=\"Tenestar skalbimo priemon\u0117 - Happyinaknit.com\" \/>\n<meta property=\"og:description\" content=\"\u0160ilkas \u2013 neprilygstamas savo elegancija ir prabanga. Kad \u0161is i\u0161skirtinis pluo\u0161tas ilgai i\u0161likt\u0173 gra\u017eus, jam reikia itin \u0161velnios prie\u017ei\u016bros. TeneStar \u2013 tai specialiai sukurtas skalbiklis, kuris apsaugo \u0161ilko pluo\u0161tus, i\u0161saugo j\u0173 nat\u016bral\u0173 blizges\u012f ir spalv\u0173 ry\u0161kum\u0105. Priemon\u0117 nepakei\u010dia \u0161ilko strukt\u016bros, neleid\u017eia jam \u0161iurk\u0161t\u0117ti ir apsaugo audin\u012f skalbimo metu. Sud\u0117tyje n\u0117ra agresyvi\u0173 chemini\u0173 med\u017eiag\u0173 ar riebalini\u0173 [&hellip;]\" \/>\n<meta property=\"og:url\" content=\"https:\/\/happyinaknit.com\/lt\/produktas\/tenestar\/\" \/>\n<meta property=\"og:site_name\" content=\"Happyinaknit.com\" \/>\n<meta property=\"article:modified_time\" content=\"2026-04-06T12:57:32+00:00\" \/>\n<meta property=\"og:image\" content=\"https:\/\/happyinaknit.com\/wp-content\/uploads\/2025\/10\/IMG_8537.jpg\" \/>\n\t<meta property=\"og:image:width\" content=\"1320\" \/>\n\t<meta property=\"og:image:height\" content=\"1285\" \/>\n\t<meta property=\"og:image:type\" content=\"image\/jpeg\" \/>\n<meta name=\"twitter:card\" content=\"summary_large_image\" \/>\n<meta name=\"twitter:label1\" content=\"Est. reading time\" \/>\n\t<meta name=\"twitter:data1\" content=\"1 minut\u0117\" \/>\n<script type=\"application\/ld+json\" class=\"yoast-schema-graph\">{\"@context\":\"https:\/\/schema.org\",\"@graph\":[{\"@type\":\"WebPage\",\"@id\":\"https:\/\/happyinaknit.com\/produktas\/tenestar\/\",\"url\":\"https:\/\/happyinaknit.com\/produktas\/tenestar\/\",\"name\":\"Tenestar skalbimo priemon\u0117 - Happyinaknit.com\",\"isPartOf\":{\"@id\":\"https:\/\/happyinaknit.com\/lt\/#website\"},\"primaryImageOfPage\":{\"@id\":\"https:\/\/happyinaknit.com\/produktas\/tenestar\/#primaryimage\"},\"image\":{\"@id\":\"https:\/\/happyinaknit.com\/produktas\/tenestar\/#primaryimage\"},\"thumbnailUrl\":\"https:\/\/happyinaknit.com\/wp-content\/uploads\/2025\/10\/IMG_8537.jpg\",\"datePublished\":\"2025-10-06T22:48:43+00:00\",\"dateModified\":\"2026-04-06T12:57:32+00:00\",\"breadcrumb\":{\"@id\":\"https:\/\/happyinaknit.com\/produktas\/tenestar\/#breadcrumb\"},\"inLanguage\":\"lt-LT\",\"potentialAction\":[{\"@type\":\"ReadAction\",\"target\":[\"https:\/\/happyinaknit.com\/produktas\/tenestar\/\"]}]},{\"@type\":\"ImageObject\",\"inLanguage\":\"lt-LT\",\"@id\":\"https:\/\/happyinaknit.com\/produktas\/tenestar\/#primaryimage\",\"url\":\"https:\/\/happyinaknit.com\/wp-content\/uploads\/2025\/10\/IMG_8537.jpg\",\"contentUrl\":\"https:\/\/happyinaknit.com\/wp-content\/uploads\/2025\/10\/IMG_8537.jpg\",\"width\":1320,\"height\":1285},{\"@type\":\"BreadcrumbList\",\"@id\":\"https:\/\/happyinaknit.com\/produktas\/tenestar\/#breadcrumb\",\"itemListElement\":[{\"@type\":\"ListItem\",\"position\":1,\"name\":\"Home\",\"item\":\"https:\/\/happyinaknit.com\/lt\/\"},{\"@type\":\"ListItem\",\"position\":2,\"name\":\"Parduotuv\u0117\",\"item\":\"https:\/\/happyinaknit.com\/lt\/parduotuve\/\"},{\"@type\":\"ListItem\",\"position\":3,\"name\":\"Tenestar skalbimo priemon\u0117\"}]},{\"@type\":\"WebSite\",\"@id\":\"https:\/\/happyinaknit.com\/lt\/#website\",\"url\":\"https:\/\/happyinaknit.com\/lt\/\",\"name\":\"Happyinaknit.com\",\"description\":\"\",\"potentialAction\":[{\"@type\":\"SearchAction\",\"target\":{\"@type\":\"EntryPoint\",\"urlTemplate\":\"https:\/\/happyinaknit.com\/lt\/?s={search_term_string}\"},\"query-input\":{\"@type\":\"PropertyValueSpecification\",\"valueRequired\":true,\"valueName\":\"search_term_string\"}}],\"inLanguage\":\"lt-LT\"}]}<\/script>\n<!-- \/ Yoast SEO plugin. -->","yoast_head_json":{"title":"Tenestar skalbimo priemon\u0117 - Happyinaknit.com","robots":{"index":"index","follow":"follow","max-snippet":"max-snippet:-1","max-image-preview":"max-image-preview:large","max-video-preview":"max-video-preview:-1"},"canonical":"https:\/\/happyinaknit.com\/lt\/produktas\/tenestar\/","og_locale":"lt_LT","og_type":"article","og_title":"Tenestar skalbimo priemon\u0117 - Happyinaknit.com","og_description":"\u0160ilkas \u2013 neprilygstamas savo elegancija ir prabanga. Kad \u0161is i\u0161skirtinis pluo\u0161tas ilgai i\u0161likt\u0173 gra\u017eus, jam reikia itin \u0161velnios prie\u017ei\u016bros. TeneStar \u2013 tai specialiai sukurtas skalbiklis, kuris apsaugo \u0161ilko pluo\u0161tus, i\u0161saugo j\u0173 nat\u016bral\u0173 blizges\u012f ir spalv\u0173 ry\u0161kum\u0105. Priemon\u0117 nepakei\u010dia \u0161ilko strukt\u016bros, neleid\u017eia jam \u0161iurk\u0161t\u0117ti ir apsaugo audin\u012f skalbimo metu. Sud\u0117tyje n\u0117ra agresyvi\u0173 chemini\u0173 med\u017eiag\u0173 ar riebalini\u0173 [&hellip;]","og_url":"https:\/\/happyinaknit.com\/lt\/produktas\/tenestar\/","og_site_name":"Happyinaknit.com","article_modified_time":"2026-04-06T12:57:32+00:00","og_image":[{"width":1320,"height":1285,"url":"https:\/\/happyinaknit.com\/wp-content\/uploads\/2025\/10\/IMG_8537.jpg","type":"image\/jpeg"}],"twitter_card":"summary_large_image","twitter_misc":{"Est. reading time":"1 minut\u0117"},"schema":{"@context":"https:\/\/schema.org","@graph":[{"@type":"WebPage","@id":"https:\/\/happyinaknit.com\/produktas\/tenestar\/","url":"https:\/\/happyinaknit.com\/produktas\/tenestar\/","name":"Tenestar skalbimo priemon\u0117 - Happyinaknit.com","isPartOf":{"@id":"https:\/\/happyinaknit.com\/lt\/#website"},"primaryImageOfPage":{"@id":"https:\/\/happyinaknit.com\/produktas\/tenestar\/#primaryimage"},"image":{"@id":"https:\/\/happyinaknit.com\/produktas\/tenestar\/#primaryimage"},"thumbnailUrl":"https:\/\/happyinaknit.com\/wp-content\/uploads\/2025\/10\/IMG_8537.jpg","datePublished":"2025-10-06T22:48:43+00:00","dateModified":"2026-04-06T12:57:32+00:00","breadcrumb":{"@id":"https:\/\/happyinaknit.com\/produktas\/tenestar\/#breadcrumb"},"inLanguage":"lt-LT","potentialAction":[{"@type":"ReadAction","target":["https:\/\/happyinaknit.com\/produktas\/tenestar\/"]}]},{"@type":"ImageObject","inLanguage":"lt-LT","@id":"https:\/\/happyinaknit.com\/produktas\/tenestar\/#primaryimage","url":"https:\/\/happyinaknit.com\/wp-content\/uploads\/2025\/10\/IMG_8537.jpg","contentUrl":"https:\/\/happyinaknit.com\/wp-content\/uploads\/2025\/10\/IMG_8537.jpg","width":1320,"height":1285},{"@type":"BreadcrumbList","@id":"https:\/\/happyinaknit.com\/produktas\/tenestar\/#breadcrumb","itemListElement":[{"@type":"ListItem","position":1,"name":"Home","item":"https:\/\/happyinaknit.com\/lt\/"},{"@type":"ListItem","position":2,"name":"Parduotuv\u0117","item":"https:\/\/happyinaknit.com\/lt\/parduotuve\/"},{"@type":"ListItem","position":3,"name":"Tenestar skalbimo priemon\u0117"}]},{"@type":"WebSite","@id":"https:\/\/happyinaknit.com\/lt\/#website","url":"https:\/\/happyinaknit.com\/lt\/","name":"Happyinaknit.com","description":"","potentialAction":[{"@type":"SearchAction","target":{"@type":"EntryPoint","urlTemplate":"https:\/\/happyinaknit.com\/lt\/?s={search_term_string}"},"query-input":{"@type":"PropertyValueSpecification","valueRequired":true,"valueName":"search_term_string"}}],"inLanguage":"lt-LT"}]}},"_links":{"self":[{"href":"https:\/\/happyinaknit.com\/lt\/wp-json\/wp\/v2\/product\/3214","targetHints":{"allow":["GET"]}}],"collection":[{"href":"https:\/\/happyinaknit.com\/lt\/wp-json\/wp\/v2\/product"}],"about":[{"href":"https:\/\/happyinaknit.com\/lt\/wp-json\/wp\/v2\/types\/product"}],"replies":[{"embeddable":true,"href":"https:\/\/happyinaknit.com\/lt\/wp-json\/wp\/v2\/comments?post=3214"}],"wp:featuredmedia":[{"embeddable":true,"href":"https:\/\/happyinaknit.com\/lt\/wp-json\/wp\/v2\/media\/3216"}],"wp:attachment":[{"href":"https:\/\/happyinaknit.com\/lt\/wp-json\/wp\/v2\/media?parent=3214"}],"wp:term":[{"taxonomy":"product_brand","embeddable":true,"href":"https:\/\/happyinaknit.com\/lt\/wp-json\/wp\/v2\/product_brand?post=3214"},{"taxonomy":"product_cat","embeddable":true,"href":"https:\/\/happyinaknit.com\/lt\/wp-json\/wp\/v2\/product_cat?post=3214"},{"taxonomy":"product_tag","embeddable":true,"href":"https:\/\/happyinaknit.com\/lt\/wp-json\/wp\/v2\/product_tag?post=3214"},{"taxonomy":"pro-kategorijos","embeddable":true,"href":"https:\/\/happyinaknit.com\/lt\/wp-json\/wp\/v2\/pro-kategorijos?post=3214"}],"curies":[{"name":"wp","href":"https:\/\/api.w.org\/{rel}","templated":true}]}}