{"id":3208,"date":"2025-10-06T22:32:26","date_gmt":"2025-10-06T22:32:26","guid":{"rendered":"https:\/\/happyinaknit.com\/?post_type=product&#038;p=3208"},"modified":"2026-04-06T12:57:32","modified_gmt":"2026-04-06T12:57:32","slug":"tenetex","status":"publish","type":"product","link":"https:\/\/happyinaknit.com\/lt\/produktas\/tenetex\/","title":{"rendered":"Tenetex skalbimo priemon\u0117"},"content":{"rendered":"<p data-start=\"123\" data-end=\"407\"><strong data-start=\"185\" data-end=\"196\">TeneTex<\/strong> \u2013 tai nat\u016bralios sud\u0117ties skalbiklis, sukurtas \u0161velniai, bet veiksmingai pri\u017ei\u016br\u0117ti <strong data-start=\"281\" data-end=\"318\">lininius ir medvilninius audinius<\/strong>. Priemon\u0117 nepa\u017eeid\u017eia nat\u016brali\u0173 pluo\u0161t\u0173, i\u0161laiko j\u0173 elastingum\u0105 ir spalv\u0173 gyvybingum\u0105.<\/p>\n<p data-start=\"409\" data-end=\"705\">Skirtingai nei \u012fprasti cheminiai plovikliai, <strong data-start=\"454\" data-end=\"465\">TeneTex<\/strong> <strong data-start=\"466\" data-end=\"508\">neturi agresyvi\u0173 ar dirbtini\u0173 valikli\u0173<\/strong>, tod\u0117l puikiai tinka \u017emon\u0117ms, turintiems jautri\u0105 od\u0105 ar alergij\u0173. Sud\u0117tyje n\u0117ra <strong data-start=\"589\" data-end=\"630\">kvapi\u0173j\u0173 med\u017eiag\u0173 ar optini\u0173 balikli\u0173<\/strong>, tod\u0117l po skalbimo audiniai i\u0161lieka nat\u016bral\u016bs, \u0161veln\u016bs ir malon\u016bs k\u016bnui.<\/p>\n<p data-start=\"707\" data-end=\"832\">\u0160is produktas ne tik valo, bet ir saugo audinius \u2013 <strong data-start=\"758\" data-end=\"829\">spalvos lieka ry\u0161kios, o d\u0117m\u0117s pa\u0161alinamos \u0161velniai, bet kruop\u0161\u010diai<\/strong>.<\/p>\n<p data-start=\"834\" data-end=\"851\"><strong data-start=\"834\" data-end=\"849\">Naudojimas:<\/strong><\/p>\n<ul data-start=\"852\" data-end=\"1173\">\n<li data-start=\"952\" data-end=\"1067\">\n<p data-start=\"954\" data-end=\"1067\"><strong data-start=\"954\" data-end=\"968\">Skalbimas:<\/strong> galima skalbti iki 60 \u00b0C temperat\u016broje. Ry\u0161kius ar stipriai da\u017eytus gaminius skalbkite atskirai.<\/p>\n<\/li>\n<li data-start=\"1068\" data-end=\"1173\">\n<p data-start=\"1070\" data-end=\"1173\"><strong data-start=\"1070\" data-end=\"1086\">D\u017eiovinimas:<\/strong> megztus gaminius d\u017eiovinkite tik <strong data-start=\"1120\" data-end=\"1146\">patiesus horizontaliai<\/strong>, suformav\u0119 norim\u0105 form\u0105.<\/p>\n<\/li>\n<\/ul>\n<p data-start=\"1175\" data-end=\"1191\"><strong data-start=\"1175\" data-end=\"1189\">Dozavimas:<\/strong><\/p>\n<ul data-start=\"1192\" data-end=\"1493\">\n<li data-start=\"1192\" data-end=\"1227\">\n<p data-start=\"1194\" data-end=\"1227\">Skalbyklei \u2013 1 pilnas dangtelis<\/p>\n<\/li>\n<li data-start=\"1228\" data-end=\"1292\">\n<p data-start=\"1230\" data-end=\"1292\">Rankiniam skalbimui \u2013 \u00bd arbatinio \u0161auk\u0161telio vienam gaminiui<\/p>\n<\/li>\n<li data-start=\"1294\" data-end=\"1493\">\n<p data-start=\"1296\" data-end=\"1310\"><strong data-start=\"1296\" data-end=\"1308\">Savyb\u0117s:<\/strong><\/p>\n<ul data-start=\"1313\" data-end=\"1493\">\n<li data-start=\"1313\" data-end=\"1352\">\n<p data-start=\"1315\" data-end=\"1352\">\u0160velni audiniams, veiksminga valant<\/p>\n<\/li>\n<li data-start=\"1355\" data-end=\"1393\">\n<p data-start=\"1357\" data-end=\"1393\">Spalvos i\u0161lieka ry\u0161kios ir gaivios<\/p>\n<\/li>\n<li data-start=\"1396\" data-end=\"1440\">\n<p data-start=\"1398\" data-end=\"1440\">Be kvapi\u0173j\u0173 med\u017eiag\u0173 ir optini\u0173 balikli\u0173<\/p>\n<\/li>\n<li data-start=\"1443\" data-end=\"1493\">\n<p data-start=\"1445\" data-end=\"1493\">Visi\u0161kai nat\u016brali sud\u0117tis, tinka jautriai odai<\/p>\n<\/li>\n<\/ul>\n<\/li>\n<\/ul>\n","protected":false},"excerpt":{"rendered":"<p>TeneTex \u2013 tai nat\u016bralios sud\u0117ties skalbiklis, sukurtas \u0161velniai, bet veiksmingai pri\u017ei\u016br\u0117ti lininius ir medvilninius audinius. Priemon\u0117 nepa\u017eeid\u017eia nat\u016brali\u0173 pluo\u0161t\u0173, i\u0161laiko j\u0173 elastingum\u0105 ir spalv\u0173 gyvybingum\u0105. Skirtingai nei \u012fprasti cheminiai plovikliai, TeneTex neturi agresyvi\u0173 ar dirbtini\u0173 valikli\u0173, tod\u0117l puikiai tinka \u017emon\u0117ms, turintiems jautri\u0105 od\u0105 ar alergij\u0173. Sud\u0117tyje n\u0117ra kvapi\u0173j\u0173 med\u017eiag\u0173 ar optini\u0173 balikli\u0173, tod\u0117l po skalbimo [&hellip;]<\/p>\n","protected":false},"featured_media":3209,"comment_status":"open","ping_status":"closed","template":"","meta":{"_acf_changed":false},"product_brand":[633],"product_cat":[15,20,91],"product_tag":[],"pro-kategorijos":[],"class_list":{"0":"post-3208","1":"product","2":"type-product","3":"status-publish","4":"has-post-thumbnail","6":"product_brand-intervall","7":"product_cat-visi-produktai","8":"product_cat-priedai-mezgimui","9":"product_cat-skalbimo-priemones","11":"first","12":"instock","13":"shipping-taxable","14":"purchasable","15":"product-type-simple"},"acf":[],"yoast_head":"<!-- This site is optimized with the Yoast SEO plugin v26.8 - https:\/\/yoast.com\/product\/yoast-seo-wordpress\/ -->\n<title>Tenetex skalbimo priemon\u0117 - Happyinaknit.com<\/title>\n<meta name=\"robots\" content=\"index, follow, max-snippet:-1, max-image-preview:large, max-video-preview:-1\" \/>\n<link rel=\"canonical\" href=\"https:\/\/happyinaknit.com\/lt\/produktas\/tenetex\/\" \/>\n<meta property=\"og:locale\" content=\"lt_LT\" \/>\n<meta property=\"og:type\" content=\"article\" \/>\n<meta property=\"og:title\" content=\"Tenetex skalbimo priemon\u0117 - Happyinaknit.com\" \/>\n<meta property=\"og:description\" content=\"TeneTex \u2013 tai nat\u016bralios sud\u0117ties skalbiklis, sukurtas \u0161velniai, bet veiksmingai pri\u017ei\u016br\u0117ti lininius ir medvilninius audinius. Priemon\u0117 nepa\u017eeid\u017eia nat\u016brali\u0173 pluo\u0161t\u0173, i\u0161laiko j\u0173 elastingum\u0105 ir spalv\u0173 gyvybingum\u0105. Skirtingai nei \u012fprasti cheminiai plovikliai, TeneTex neturi agresyvi\u0173 ar dirbtini\u0173 valikli\u0173, tod\u0117l puikiai tinka \u017emon\u0117ms, turintiems jautri\u0105 od\u0105 ar alergij\u0173. Sud\u0117tyje n\u0117ra kvapi\u0173j\u0173 med\u017eiag\u0173 ar optini\u0173 balikli\u0173, tod\u0117l po skalbimo [&hellip;]\" \/>\n<meta property=\"og:url\" content=\"https:\/\/happyinaknit.com\/lt\/produktas\/tenetex\/\" \/>\n<meta property=\"og:site_name\" content=\"Happyinaknit.com\" \/>\n<meta property=\"article:modified_time\" content=\"2026-04-06T12:57:32+00:00\" \/>\n<meta property=\"og:image\" content=\"https:\/\/happyinaknit.com\/wp-content\/uploads\/2025\/10\/7149f776eb3494622ddd7f078b57a1f9.jpg.webp\" \/>\n\t<meta property=\"og:image:width\" content=\"1920\" \/>\n\t<meta property=\"og:image:height\" content=\"1920\" \/>\n\t<meta property=\"og:image:type\" content=\"image\/webp\" \/>\n<meta name=\"twitter:card\" content=\"summary_large_image\" \/>\n<meta name=\"twitter:label1\" content=\"Est. reading time\" \/>\n\t<meta name=\"twitter:data1\" content=\"1 minut\u0117\" \/>\n<script type=\"application\/ld+json\" class=\"yoast-schema-graph\">{\"@context\":\"https:\/\/schema.org\",\"@graph\":[{\"@type\":\"WebPage\",\"@id\":\"https:\/\/happyinaknit.com\/produktas\/tenetex\/\",\"url\":\"https:\/\/happyinaknit.com\/produktas\/tenetex\/\",\"name\":\"Tenetex skalbimo priemon\u0117 - Happyinaknit.com\",\"isPartOf\":{\"@id\":\"https:\/\/happyinaknit.com\/lt\/#website\"},\"primaryImageOfPage\":{\"@id\":\"https:\/\/happyinaknit.com\/produktas\/tenetex\/#primaryimage\"},\"image\":{\"@id\":\"https:\/\/happyinaknit.com\/produktas\/tenetex\/#primaryimage\"},\"thumbnailUrl\":\"https:\/\/happyinaknit.com\/wp-content\/uploads\/2025\/10\/7149f776eb3494622ddd7f078b57a1f9.jpg.webp\",\"datePublished\":\"2025-10-06T22:32:26+00:00\",\"dateModified\":\"2026-04-06T12:57:32+00:00\",\"breadcrumb\":{\"@id\":\"https:\/\/happyinaknit.com\/produktas\/tenetex\/#breadcrumb\"},\"inLanguage\":\"lt-LT\",\"potentialAction\":[{\"@type\":\"ReadAction\",\"target\":[\"https:\/\/happyinaknit.com\/produktas\/tenetex\/\"]}]},{\"@type\":\"ImageObject\",\"inLanguage\":\"lt-LT\",\"@id\":\"https:\/\/happyinaknit.com\/produktas\/tenetex\/#primaryimage\",\"url\":\"https:\/\/happyinaknit.com\/wp-content\/uploads\/2025\/10\/7149f776eb3494622ddd7f078b57a1f9.jpg.webp\",\"contentUrl\":\"https:\/\/happyinaknit.com\/wp-content\/uploads\/2025\/10\/7149f776eb3494622ddd7f078b57a1f9.jpg.webp\",\"width\":1920,\"height\":1920},{\"@type\":\"BreadcrumbList\",\"@id\":\"https:\/\/happyinaknit.com\/produktas\/tenetex\/#breadcrumb\",\"itemListElement\":[{\"@type\":\"ListItem\",\"position\":1,\"name\":\"Home\",\"item\":\"https:\/\/happyinaknit.com\/lt\/\"},{\"@type\":\"ListItem\",\"position\":2,\"name\":\"Parduotuv\u0117\",\"item\":\"https:\/\/happyinaknit.com\/lt\/parduotuve\/\"},{\"@type\":\"ListItem\",\"position\":3,\"name\":\"Tenetex skalbimo priemon\u0117\"}]},{\"@type\":\"WebSite\",\"@id\":\"https:\/\/happyinaknit.com\/lt\/#website\",\"url\":\"https:\/\/happyinaknit.com\/lt\/\",\"name\":\"Happyinaknit.com\",\"description\":\"\",\"potentialAction\":[{\"@type\":\"SearchAction\",\"target\":{\"@type\":\"EntryPoint\",\"urlTemplate\":\"https:\/\/happyinaknit.com\/lt\/?s={search_term_string}\"},\"query-input\":{\"@type\":\"PropertyValueSpecification\",\"valueRequired\":true,\"valueName\":\"search_term_string\"}}],\"inLanguage\":\"lt-LT\"}]}<\/script>\n<!-- \/ Yoast SEO plugin. -->","yoast_head_json":{"title":"Tenetex skalbimo priemon\u0117 - Happyinaknit.com","robots":{"index":"index","follow":"follow","max-snippet":"max-snippet:-1","max-image-preview":"max-image-preview:large","max-video-preview":"max-video-preview:-1"},"canonical":"https:\/\/happyinaknit.com\/lt\/produktas\/tenetex\/","og_locale":"lt_LT","og_type":"article","og_title":"Tenetex skalbimo priemon\u0117 - Happyinaknit.com","og_description":"TeneTex \u2013 tai nat\u016bralios sud\u0117ties skalbiklis, sukurtas \u0161velniai, bet veiksmingai pri\u017ei\u016br\u0117ti lininius ir medvilninius audinius. Priemon\u0117 nepa\u017eeid\u017eia nat\u016brali\u0173 pluo\u0161t\u0173, i\u0161laiko j\u0173 elastingum\u0105 ir spalv\u0173 gyvybingum\u0105. Skirtingai nei \u012fprasti cheminiai plovikliai, TeneTex neturi agresyvi\u0173 ar dirbtini\u0173 valikli\u0173, tod\u0117l puikiai tinka \u017emon\u0117ms, turintiems jautri\u0105 od\u0105 ar alergij\u0173. Sud\u0117tyje n\u0117ra kvapi\u0173j\u0173 med\u017eiag\u0173 ar optini\u0173 balikli\u0173, tod\u0117l po skalbimo [&hellip;]","og_url":"https:\/\/happyinaknit.com\/lt\/produktas\/tenetex\/","og_site_name":"Happyinaknit.com","article_modified_time":"2026-04-06T12:57:32+00:00","og_image":[{"width":1920,"height":1920,"url":"https:\/\/happyinaknit.com\/wp-content\/uploads\/2025\/10\/7149f776eb3494622ddd7f078b57a1f9.jpg.webp","type":"image\/webp"}],"twitter_card":"summary_large_image","twitter_misc":{"Est. reading time":"1 minut\u0117"},"schema":{"@context":"https:\/\/schema.org","@graph":[{"@type":"WebPage","@id":"https:\/\/happyinaknit.com\/produktas\/tenetex\/","url":"https:\/\/happyinaknit.com\/produktas\/tenetex\/","name":"Tenetex skalbimo priemon\u0117 - Happyinaknit.com","isPartOf":{"@id":"https:\/\/happyinaknit.com\/lt\/#website"},"primaryImageOfPage":{"@id":"https:\/\/happyinaknit.com\/produktas\/tenetex\/#primaryimage"},"image":{"@id":"https:\/\/happyinaknit.com\/produktas\/tenetex\/#primaryimage"},"thumbnailUrl":"https:\/\/happyinaknit.com\/wp-content\/uploads\/2025\/10\/7149f776eb3494622ddd7f078b57a1f9.jpg.webp","datePublished":"2025-10-06T22:32:26+00:00","dateModified":"2026-04-06T12:57:32+00:00","breadcrumb":{"@id":"https:\/\/happyinaknit.com\/produktas\/tenetex\/#breadcrumb"},"inLanguage":"lt-LT","potentialAction":[{"@type":"ReadAction","target":["https:\/\/happyinaknit.com\/produktas\/tenetex\/"]}]},{"@type":"ImageObject","inLanguage":"lt-LT","@id":"https:\/\/happyinaknit.com\/produktas\/tenetex\/#primaryimage","url":"https:\/\/happyinaknit.com\/wp-content\/uploads\/2025\/10\/7149f776eb3494622ddd7f078b57a1f9.jpg.webp","contentUrl":"https:\/\/happyinaknit.com\/wp-content\/uploads\/2025\/10\/7149f776eb3494622ddd7f078b57a1f9.jpg.webp","width":1920,"height":1920},{"@type":"BreadcrumbList","@id":"https:\/\/happyinaknit.com\/produktas\/tenetex\/#breadcrumb","itemListElement":[{"@type":"ListItem","position":1,"name":"Home","item":"https:\/\/happyinaknit.com\/lt\/"},{"@type":"ListItem","position":2,"name":"Parduotuv\u0117","item":"https:\/\/happyinaknit.com\/lt\/parduotuve\/"},{"@type":"ListItem","position":3,"name":"Tenetex skalbimo priemon\u0117"}]},{"@type":"WebSite","@id":"https:\/\/happyinaknit.com\/lt\/#website","url":"https:\/\/happyinaknit.com\/lt\/","name":"Happyinaknit.com","description":"","potentialAction":[{"@type":"SearchAction","target":{"@type":"EntryPoint","urlTemplate":"https:\/\/happyinaknit.com\/lt\/?s={search_term_string}"},"query-input":{"@type":"PropertyValueSpecification","valueRequired":true,"valueName":"search_term_string"}}],"inLanguage":"lt-LT"}]}},"_links":{"self":[{"href":"https:\/\/happyinaknit.com\/lt\/wp-json\/wp\/v2\/product\/3208","targetHints":{"allow":["GET"]}}],"collection":[{"href":"https:\/\/happyinaknit.com\/lt\/wp-json\/wp\/v2\/product"}],"about":[{"href":"https:\/\/happyinaknit.com\/lt\/wp-json\/wp\/v2\/types\/product"}],"replies":[{"embeddable":true,"href":"https:\/\/happyinaknit.com\/lt\/wp-json\/wp\/v2\/comments?post=3208"}],"wp:featuredmedia":[{"embeddable":true,"href":"https:\/\/happyinaknit.com\/lt\/wp-json\/wp\/v2\/media\/3209"}],"wp:attachment":[{"href":"https:\/\/happyinaknit.com\/lt\/wp-json\/wp\/v2\/media?parent=3208"}],"wp:term":[{"taxonomy":"product_brand","embeddable":true,"href":"https:\/\/happyinaknit.com\/lt\/wp-json\/wp\/v2\/product_brand?post=3208"},{"taxonomy":"product_cat","embeddable":true,"href":"https:\/\/happyinaknit.com\/lt\/wp-json\/wp\/v2\/product_cat?post=3208"},{"taxonomy":"product_tag","embeddable":true,"href":"https:\/\/happyinaknit.com\/lt\/wp-json\/wp\/v2\/product_tag?post=3208"},{"taxonomy":"pro-kategorijos","embeddable":true,"href":"https:\/\/happyinaknit.com\/lt\/wp-json\/wp\/v2\/pro-kategorijos?post=3208"}],"curies":[{"name":"wp","href":"https:\/\/api.w.org\/{rel}","templated":true}]}}