{"id":3205,"date":"2025-10-06T22:26:00","date_gmt":"2025-10-06T22:26:00","guid":{"rendered":"https:\/\/happyinaknit.com\/?post_type=product&#038;p=3205"},"modified":"2026-04-08T15:42:16","modified_gmt":"2026-04-08T15:42:16","slug":"tenemoll","status":"publish","type":"product","link":"https:\/\/happyinaknit.com\/lt\/produktas\/tenemoll\/","title":{"rendered":"Tenemoll skalbimo priemon\u0117"},"content":{"rendered":"<p data-start=\"114\" data-end=\"410\"><strong data-start=\"168\" data-end=\"180\">Tenemoll<\/strong> \u2013 tai \u0161velni skalbimo priemon\u0117, specialiai sukurta <strong data-start=\"232\" data-end=\"292\">ka\u0161myrui, vilnai ir kitiems vertingiems vilnos pluo\u0161tams<\/strong>pri\u017ei\u016br\u0117ti bei i\u0161laikyti j\u0173 kokyb\u0119. Tinka tokiai vilnai kaip <strong data-start=\"354\" data-end=\"407\">ka\u0161myras, moheris, angora, alpaka ar merino vilna<\/strong>.<\/p>\n<p data-start=\"412\" data-end=\"714\">\u0160is ypatingas ploviklis \u0161velniai valo, <strong data-start=\"451\" data-end=\"498\">i\u0161saugo pluo\u0161to p\u016brum\u0105 ir nat\u016bral\u0173 blizges\u012f<\/strong>, o sud\u0117tyje esantys <strong data-start=\"519\" data-end=\"555\">lipidus atkuriantys ingredientai<\/strong> padeda vilnai i\u0161likti mink\u0161tai ir elastingai. \u201eTenemoll\u201c taip pat <strong data-start=\"622\" data-end=\"658\">padeda i\u0161laikyti ry\u0161kias spalvas<\/strong> ir neleid\u017eia gaminiams i\u0161sitempti ar prarasti formos.<\/p>\n<p data-start=\"716\" data-end=\"954\">Priemon\u0117 yra <strong data-start=\"729\" data-end=\"762\">visi\u0161kai biologi\u0161kai suyranti<\/strong> ir rekomenduojama pirmaujan\u010di\u0173 ka\u0161myro gamintoj\u0173, toki\u0173 kaip <em data-start=\"824\" data-end=\"899\">Iris von Arnim, Princess-goes-Hollywood, Barbara Lohmann, Fedeli Cashmere<\/em> ir kt.<br data-start=\"906\" data-end=\"909\" \/>Tai tikras <strong data-start=\"920\" data-end=\"952\">SPA j\u016bs\u0173 vilnai ir ka\u0161myrui!<\/strong><\/p>\n<ul data-start=\"956\" data-end=\"1230\">\n<li data-start=\"956\" data-end=\"1230\">\n<p data-start=\"958\" data-end=\"972\"><strong data-start=\"958\" data-end=\"970\">Savyb\u0117s:<\/strong><\/p>\n<ul data-start=\"975\" data-end=\"1230\">\n<li data-start=\"975\" data-end=\"1047\">\n<p data-start=\"977\" data-end=\"1047\">Skirta vilnai, ka\u0161myrui, moheriui, angorai, alpakai ir merino vilnai<\/p>\n<\/li>\n<li data-start=\"1050\" data-end=\"1086\">\n<p data-start=\"1052\" data-end=\"1086\">\u0160velniai valo ir maitina pluo\u0161t\u0105<\/p>\n<\/li>\n<li data-start=\"1089\" data-end=\"1136\">\n<p data-start=\"1091\" data-end=\"1136\">I\u0161saugo mink\u0161tum\u0105, p\u016brum\u0105 ir spalv\u0173 ry\u0161kum\u0105<\/p>\n<\/li>\n<li data-start=\"1139\" data-end=\"1173\">\n<p data-start=\"1141\" data-end=\"1173\">Padeda i\u0161laikyti gamini\u0173 form\u0105<\/p>\n<\/li>\n<li data-start=\"1176\" data-end=\"1194\">\n<p data-start=\"1178\" data-end=\"1194\">Be mink\u0161tikli\u0173<\/p>\n<\/li>\n<\/ul>\n<\/li>\n<\/ul>\n<p data-start=\"1199\" data-end=\"1230\">Visi\u0161kai biologi\u0161kai suyranti<\/p>\n<p data-start=\"1199\" data-end=\"1230\"><strong data-start=\"1175\" data-end=\"1189\">\u00a0 \u00a0 \u00a0 Dozavimas:<\/strong><\/p>\n<ul data-start=\"1192\" data-end=\"1493\">\n<li data-start=\"1192\" data-end=\"1227\">\n<p data-start=\"1194\" data-end=\"1227\">Skalbyklei \u2013 1 pilnas dangtelis<\/p>\n<\/li>\n<li data-start=\"1228\" data-end=\"1292\">\n<p data-start=\"1230\" data-end=\"1292\">Rankiniam skalbimui \u2013 \u00bd arbatinio \u0161auk\u0161telio vienam gaminiui<\/p>\n<\/li>\n<\/ul>\n","protected":false},"excerpt":{"rendered":"<p>Tenemoll \u2013 tai \u0161velni skalbimo priemon\u0117, specialiai sukurta ka\u0161myrui, vilnai ir kitiems vertingiems vilnos pluo\u0161tamspri\u017ei\u016br\u0117ti bei i\u0161laikyti j\u0173 kokyb\u0119. Tinka tokiai vilnai kaip ka\u0161myras, moheris, angora, alpaka ar merino vilna. \u0160is ypatingas ploviklis \u0161velniai valo, i\u0161saugo pluo\u0161to p\u016brum\u0105 ir nat\u016bral\u0173 blizges\u012f, o sud\u0117tyje esantys lipidus atkuriantys ingredientai padeda vilnai i\u0161likti mink\u0161tai ir elastingai. \u201eTenemoll\u201c taip [&hellip;]<\/p>\n","protected":false},"featured_media":3206,"comment_status":"open","ping_status":"closed","template":"","meta":{"_acf_changed":false},"product_brand":[633],"product_cat":[15,20,91],"product_tag":[],"pro-kategorijos":[],"class_list":{"0":"post-3205","1":"product","2":"type-product","3":"status-publish","4":"has-post-thumbnail","6":"product_brand-intervall","7":"product_cat-visi-produktai","8":"product_cat-priedai-mezgimui","9":"product_cat-skalbimo-priemones","11":"first","12":"instock","13":"shipping-taxable","14":"purchasable","15":"product-type-simple"},"acf":[],"yoast_head":"<!-- This site is optimized with the Yoast SEO plugin v26.8 - https:\/\/yoast.com\/product\/yoast-seo-wordpress\/ -->\n<title>Tenemoll skalbimo priemon\u0117 - Happyinaknit.com<\/title>\n<meta name=\"robots\" content=\"index, follow, max-snippet:-1, max-image-preview:large, max-video-preview:-1\" \/>\n<link rel=\"canonical\" href=\"https:\/\/happyinaknit.com\/lt\/produktas\/tenemoll\/\" \/>\n<meta property=\"og:locale\" content=\"lt_LT\" \/>\n<meta property=\"og:type\" content=\"article\" \/>\n<meta property=\"og:title\" content=\"Tenemoll skalbimo priemon\u0117 - Happyinaknit.com\" \/>\n<meta property=\"og:description\" content=\"Tenemoll \u2013 tai \u0161velni skalbimo priemon\u0117, specialiai sukurta ka\u0161myrui, vilnai ir kitiems vertingiems vilnos pluo\u0161tamspri\u017ei\u016br\u0117ti bei i\u0161laikyti j\u0173 kokyb\u0119. Tinka tokiai vilnai kaip ka\u0161myras, moheris, angora, alpaka ar merino vilna. \u0160is ypatingas ploviklis \u0161velniai valo, i\u0161saugo pluo\u0161to p\u016brum\u0105 ir nat\u016bral\u0173 blizges\u012f, o sud\u0117tyje esantys lipidus atkuriantys ingredientai padeda vilnai i\u0161likti mink\u0161tai ir elastingai. \u201eTenemoll\u201c taip [&hellip;]\" \/>\n<meta property=\"og:url\" content=\"https:\/\/happyinaknit.com\/lt\/produktas\/tenemoll\/\" \/>\n<meta property=\"og:site_name\" content=\"Happyinaknit.com\" \/>\n<meta property=\"article:modified_time\" content=\"2026-04-08T15:42:16+00:00\" \/>\n<meta property=\"og:image\" content=\"https:\/\/happyinaknit.com\/wp-content\/uploads\/2025\/10\/3e813933d9c1737c7965ab2eb4bcfbd0.jpg.webp\" \/>\n\t<meta property=\"og:image:width\" content=\"1920\" \/>\n\t<meta property=\"og:image:height\" content=\"1920\" \/>\n\t<meta property=\"og:image:type\" content=\"image\/webp\" \/>\n<meta name=\"twitter:card\" content=\"summary_large_image\" \/>\n<meta name=\"twitter:label1\" content=\"Est. reading time\" \/>\n\t<meta name=\"twitter:data1\" content=\"1 minut\u0117\" \/>\n<script type=\"application\/ld+json\" class=\"yoast-schema-graph\">{\"@context\":\"https:\/\/schema.org\",\"@graph\":[{\"@type\":\"WebPage\",\"@id\":\"https:\/\/happyinaknit.com\/produktas\/tenemoll\/\",\"url\":\"https:\/\/happyinaknit.com\/produktas\/tenemoll\/\",\"name\":\"Tenemoll skalbimo priemon\u0117 - Happyinaknit.com\",\"isPartOf\":{\"@id\":\"https:\/\/happyinaknit.com\/lt\/#website\"},\"primaryImageOfPage\":{\"@id\":\"https:\/\/happyinaknit.com\/produktas\/tenemoll\/#primaryimage\"},\"image\":{\"@id\":\"https:\/\/happyinaknit.com\/produktas\/tenemoll\/#primaryimage\"},\"thumbnailUrl\":\"https:\/\/happyinaknit.com\/wp-content\/uploads\/2025\/10\/3e813933d9c1737c7965ab2eb4bcfbd0.jpg.webp\",\"datePublished\":\"2025-10-06T22:26:00+00:00\",\"dateModified\":\"2026-04-08T15:42:16+00:00\",\"breadcrumb\":{\"@id\":\"https:\/\/happyinaknit.com\/produktas\/tenemoll\/#breadcrumb\"},\"inLanguage\":\"lt-LT\",\"potentialAction\":[{\"@type\":\"ReadAction\",\"target\":[\"https:\/\/happyinaknit.com\/produktas\/tenemoll\/\"]}]},{\"@type\":\"ImageObject\",\"inLanguage\":\"lt-LT\",\"@id\":\"https:\/\/happyinaknit.com\/produktas\/tenemoll\/#primaryimage\",\"url\":\"https:\/\/happyinaknit.com\/wp-content\/uploads\/2025\/10\/3e813933d9c1737c7965ab2eb4bcfbd0.jpg.webp\",\"contentUrl\":\"https:\/\/happyinaknit.com\/wp-content\/uploads\/2025\/10\/3e813933d9c1737c7965ab2eb4bcfbd0.jpg.webp\",\"width\":1920,\"height\":1920},{\"@type\":\"BreadcrumbList\",\"@id\":\"https:\/\/happyinaknit.com\/produktas\/tenemoll\/#breadcrumb\",\"itemListElement\":[{\"@type\":\"ListItem\",\"position\":1,\"name\":\"Home\",\"item\":\"https:\/\/happyinaknit.com\/lt\/\"},{\"@type\":\"ListItem\",\"position\":2,\"name\":\"Parduotuv\u0117\",\"item\":\"https:\/\/happyinaknit.com\/lt\/parduotuve\/\"},{\"@type\":\"ListItem\",\"position\":3,\"name\":\"Tenemoll skalbimo priemon\u0117\"}]},{\"@type\":\"WebSite\",\"@id\":\"https:\/\/happyinaknit.com\/lt\/#website\",\"url\":\"https:\/\/happyinaknit.com\/lt\/\",\"name\":\"Happyinaknit.com\",\"description\":\"\",\"potentialAction\":[{\"@type\":\"SearchAction\",\"target\":{\"@type\":\"EntryPoint\",\"urlTemplate\":\"https:\/\/happyinaknit.com\/lt\/?s={search_term_string}\"},\"query-input\":{\"@type\":\"PropertyValueSpecification\",\"valueRequired\":true,\"valueName\":\"search_term_string\"}}],\"inLanguage\":\"lt-LT\"}]}<\/script>\n<!-- \/ Yoast SEO plugin. -->","yoast_head_json":{"title":"Tenemoll skalbimo priemon\u0117 - Happyinaknit.com","robots":{"index":"index","follow":"follow","max-snippet":"max-snippet:-1","max-image-preview":"max-image-preview:large","max-video-preview":"max-video-preview:-1"},"canonical":"https:\/\/happyinaknit.com\/lt\/produktas\/tenemoll\/","og_locale":"lt_LT","og_type":"article","og_title":"Tenemoll skalbimo priemon\u0117 - Happyinaknit.com","og_description":"Tenemoll \u2013 tai \u0161velni skalbimo priemon\u0117, specialiai sukurta ka\u0161myrui, vilnai ir kitiems vertingiems vilnos pluo\u0161tamspri\u017ei\u016br\u0117ti bei i\u0161laikyti j\u0173 kokyb\u0119. Tinka tokiai vilnai kaip ka\u0161myras, moheris, angora, alpaka ar merino vilna. \u0160is ypatingas ploviklis \u0161velniai valo, i\u0161saugo pluo\u0161to p\u016brum\u0105 ir nat\u016bral\u0173 blizges\u012f, o sud\u0117tyje esantys lipidus atkuriantys ingredientai padeda vilnai i\u0161likti mink\u0161tai ir elastingai. \u201eTenemoll\u201c taip [&hellip;]","og_url":"https:\/\/happyinaknit.com\/lt\/produktas\/tenemoll\/","og_site_name":"Happyinaknit.com","article_modified_time":"2026-04-08T15:42:16+00:00","og_image":[{"width":1920,"height":1920,"url":"https:\/\/happyinaknit.com\/wp-content\/uploads\/2025\/10\/3e813933d9c1737c7965ab2eb4bcfbd0.jpg.webp","type":"image\/webp"}],"twitter_card":"summary_large_image","twitter_misc":{"Est. reading time":"1 minut\u0117"},"schema":{"@context":"https:\/\/schema.org","@graph":[{"@type":"WebPage","@id":"https:\/\/happyinaknit.com\/produktas\/tenemoll\/","url":"https:\/\/happyinaknit.com\/produktas\/tenemoll\/","name":"Tenemoll skalbimo priemon\u0117 - Happyinaknit.com","isPartOf":{"@id":"https:\/\/happyinaknit.com\/lt\/#website"},"primaryImageOfPage":{"@id":"https:\/\/happyinaknit.com\/produktas\/tenemoll\/#primaryimage"},"image":{"@id":"https:\/\/happyinaknit.com\/produktas\/tenemoll\/#primaryimage"},"thumbnailUrl":"https:\/\/happyinaknit.com\/wp-content\/uploads\/2025\/10\/3e813933d9c1737c7965ab2eb4bcfbd0.jpg.webp","datePublished":"2025-10-06T22:26:00+00:00","dateModified":"2026-04-08T15:42:16+00:00","breadcrumb":{"@id":"https:\/\/happyinaknit.com\/produktas\/tenemoll\/#breadcrumb"},"inLanguage":"lt-LT","potentialAction":[{"@type":"ReadAction","target":["https:\/\/happyinaknit.com\/produktas\/tenemoll\/"]}]},{"@type":"ImageObject","inLanguage":"lt-LT","@id":"https:\/\/happyinaknit.com\/produktas\/tenemoll\/#primaryimage","url":"https:\/\/happyinaknit.com\/wp-content\/uploads\/2025\/10\/3e813933d9c1737c7965ab2eb4bcfbd0.jpg.webp","contentUrl":"https:\/\/happyinaknit.com\/wp-content\/uploads\/2025\/10\/3e813933d9c1737c7965ab2eb4bcfbd0.jpg.webp","width":1920,"height":1920},{"@type":"BreadcrumbList","@id":"https:\/\/happyinaknit.com\/produktas\/tenemoll\/#breadcrumb","itemListElement":[{"@type":"ListItem","position":1,"name":"Home","item":"https:\/\/happyinaknit.com\/lt\/"},{"@type":"ListItem","position":2,"name":"Parduotuv\u0117","item":"https:\/\/happyinaknit.com\/lt\/parduotuve\/"},{"@type":"ListItem","position":3,"name":"Tenemoll skalbimo priemon\u0117"}]},{"@type":"WebSite","@id":"https:\/\/happyinaknit.com\/lt\/#website","url":"https:\/\/happyinaknit.com\/lt\/","name":"Happyinaknit.com","description":"","potentialAction":[{"@type":"SearchAction","target":{"@type":"EntryPoint","urlTemplate":"https:\/\/happyinaknit.com\/lt\/?s={search_term_string}"},"query-input":{"@type":"PropertyValueSpecification","valueRequired":true,"valueName":"search_term_string"}}],"inLanguage":"lt-LT"}]}},"_links":{"self":[{"href":"https:\/\/happyinaknit.com\/lt\/wp-json\/wp\/v2\/product\/3205","targetHints":{"allow":["GET"]}}],"collection":[{"href":"https:\/\/happyinaknit.com\/lt\/wp-json\/wp\/v2\/product"}],"about":[{"href":"https:\/\/happyinaknit.com\/lt\/wp-json\/wp\/v2\/types\/product"}],"replies":[{"embeddable":true,"href":"https:\/\/happyinaknit.com\/lt\/wp-json\/wp\/v2\/comments?post=3205"}],"wp:featuredmedia":[{"embeddable":true,"href":"https:\/\/happyinaknit.com\/lt\/wp-json\/wp\/v2\/media\/3206"}],"wp:attachment":[{"href":"https:\/\/happyinaknit.com\/lt\/wp-json\/wp\/v2\/media?parent=3205"}],"wp:term":[{"taxonomy":"product_brand","embeddable":true,"href":"https:\/\/happyinaknit.com\/lt\/wp-json\/wp\/v2\/product_brand?post=3205"},{"taxonomy":"product_cat","embeddable":true,"href":"https:\/\/happyinaknit.com\/lt\/wp-json\/wp\/v2\/product_cat?post=3205"},{"taxonomy":"product_tag","embeddable":true,"href":"https:\/\/happyinaknit.com\/lt\/wp-json\/wp\/v2\/product_tag?post=3205"},{"taxonomy":"pro-kategorijos","embeddable":true,"href":"https:\/\/happyinaknit.com\/lt\/wp-json\/wp\/v2\/pro-kategorijos?post=3205"}],"curies":[{"name":"wp","href":"https:\/\/api.w.org\/{rel}","templated":true}]}}