{"id":3161,"date":"2025-10-06T21:29:41","date_gmt":"2025-10-06T21:29:41","guid":{"rendered":"https:\/\/happyinaknit.com\/?post_type=product&#038;p=3161"},"modified":"2026-03-23T18:59:12","modified_gmt":"2026-03-23T18:59:12","slug":"wool-and-the-gang-glitterball","status":"publish","type":"product","link":"https:\/\/happyinaknit.com\/lt\/produktas\/wool-and-the-gang-glitterball\/","title":{"rendered":"Wool and the Gang Glitterball"},"content":{"rendered":"<p data-start=\"83\" data-end=\"438\">\u0160ie si\u016blai pagaminti i\u0161 95 % Bluefaced Leicester avi\u0173 vilnos \u2013 tai sena angl\u0173 veisl\u0117, atsiradusi XX a. prad\u017eioje Nortumberlande. Avi\u0173 pavadinimas kil\u0119s nuo b\u016bdingo \u201emelsvo\u201c snuku\u010dio \u2013 balt\u0173 plaukeli\u0173 ant tamsios odos. \u0160ios avys \u0161iandien paplitusios \u0160iaur\u0117s Anglijoje, \u0160kotijoje ir Velse.<\/p>\n<p data-start=\"440\" data-end=\"639\">Bluefaced Leicester vilna vertinama d\u0117l savo ypatingo \u0161velnumo, tvirtumo ir ilgaam\u017ei\u0161kumo. Ji yra viena i\u0161 prakti\u0161kiausi\u0173 nat\u016brali\u0173 viln\u0173 r\u016b\u0161i\u0173 \u2013 gaminiai ilgai i\u0161laiko form\u0105 ir puikiai d\u0117visi.<\/p>\n<p data-start=\"641\" data-end=\"750\">\u0160ie si\u016blai papildyti subtiliu <strong data-start=\"671\" data-end=\"683\">liurekso<\/strong> si\u016blu, kuris suteikia mezginiui lengvo spindesio ir elegancijos.<\/p>\n<ul data-start=\"752\" data-end=\"968\">\n<li data-start=\"752\" data-end=\"814\">\n<p data-start=\"754\" data-end=\"814\"><strong data-start=\"754\" data-end=\"766\">Sud\u0117tis:<\/strong> 95 % Bluefaced Leicester vilna, 5 % liureksas<\/p>\n<\/li>\n<li data-start=\"815\" data-end=\"855\">\n<p data-start=\"817\" data-end=\"855\"><strong data-start=\"817\" data-end=\"839\">Svoris \/ metra\u017eas:<\/strong> 100 g \u2014 390 m<\/p>\n<\/li>\n<li data-start=\"856\" data-end=\"880\">\n<p data-start=\"858\" data-end=\"880\"><strong data-start=\"858\" data-end=\"871\">Virbalai:<\/strong> 2,5 mm<\/p>\n<\/li>\n<li data-start=\"881\" data-end=\"930\">\n<p data-start=\"883\" data-end=\"930\"><strong data-start=\"883\" data-end=\"896\">Tankumas:<\/strong> 10 \u00d7 10 cm \u2248 30 akys \u00d7 42 eil\u0117s<\/p>\n<\/li>\n<li data-start=\"881\" data-end=\"930\"><strong data-start=\"672\" data-end=\"689\">Sunaudojimas:<\/strong> i\u0161 vieno kamuoliuko i\u0161eina viena pora kojini\u0173 iki 46 d.<\/li>\n<\/ul>\n","protected":false},"excerpt":{"rendered":"<p>\u0160ie si\u016blai pagaminti i\u0161 95 % Bluefaced Leicester avi\u0173 vilnos \u2013 tai sena angl\u0173 veisl\u0117, atsiradusi XX a. prad\u017eioje Nortumberlande. Avi\u0173 pavadinimas kil\u0119s nuo b\u016bdingo \u201emelsvo\u201c snuku\u010dio \u2013 balt\u0173 plaukeli\u0173 ant tamsios odos. \u0160ios avys \u0161iandien paplitusios \u0160iaur\u0117s Anglijoje, \u0160kotijoje ir Velse. Bluefaced Leicester vilna vertinama d\u0117l savo ypatingo \u0161velnumo, tvirtumo ir ilgaam\u017ei\u0161kumo. Ji yra [&hellip;]<\/p>\n","protected":false},"featured_media":3167,"comment_status":"open","ping_status":"closed","template":"","meta":{"_acf_changed":false},"product_brand":[61],"product_cat":[15,18,94],"product_tag":[],"pro-kategorijos":[],"class_list":{"0":"post-3161","1":"product","2":"type-product","3":"status-publish","4":"has-post-thumbnail","6":"product_brand-wool-and-the-gang","7":"product_cat-visi-produktai","8":"product_cat-siulai","9":"product_cat-siulai-kojinems","11":"first","12":"instock","13":"shipping-taxable","14":"purchasable","15":"product-type-variable"},"acf":[],"yoast_head":"<!-- This site is optimized with the Yoast SEO plugin v26.8 - https:\/\/yoast.com\/product\/yoast-seo-wordpress\/ -->\n<title>Wool and the Gang Glitterball - Happyinaknit.com<\/title>\n<meta name=\"robots\" content=\"index, follow, max-snippet:-1, max-image-preview:large, max-video-preview:-1\" \/>\n<link rel=\"canonical\" href=\"https:\/\/happyinaknit.com\/lt\/produktas\/wool-and-the-gang-glitterball\/\" \/>\n<meta property=\"og:locale\" content=\"lt_LT\" \/>\n<meta property=\"og:type\" content=\"article\" \/>\n<meta property=\"og:title\" content=\"Wool and the Gang Glitterball - Happyinaknit.com\" \/>\n<meta property=\"og:description\" content=\"\u0160ie si\u016blai pagaminti i\u0161 95 % Bluefaced Leicester avi\u0173 vilnos \u2013 tai sena angl\u0173 veisl\u0117, atsiradusi XX a. prad\u017eioje Nortumberlande. Avi\u0173 pavadinimas kil\u0119s nuo b\u016bdingo \u201emelsvo\u201c snuku\u010dio \u2013 balt\u0173 plaukeli\u0173 ant tamsios odos. \u0160ios avys \u0161iandien paplitusios \u0160iaur\u0117s Anglijoje, \u0160kotijoje ir Velse. Bluefaced Leicester vilna vertinama d\u0117l savo ypatingo \u0161velnumo, tvirtumo ir ilgaam\u017ei\u0161kumo. Ji yra [&hellip;]\" \/>\n<meta property=\"og:url\" content=\"https:\/\/happyinaknit.com\/lt\/produktas\/wool-and-the-gang-glitterball\/\" \/>\n<meta property=\"og:site_name\" content=\"Happyinaknit.com\" \/>\n<meta property=\"article:modified_time\" content=\"2026-03-23T18:59:12+00:00\" \/>\n<meta property=\"og:image\" content=\"https:\/\/happyinaknit.com\/wp-content\/uploads\/2025\/10\/Glitter_Ball_Sock_Yarn_Disco_Ball_Grey.jpg\" \/>\n\t<meta property=\"og:image:width\" content=\"940\" \/>\n\t<meta property=\"og:image:height\" content=\"1200\" \/>\n\t<meta property=\"og:image:type\" content=\"image\/jpeg\" \/>\n<meta name=\"twitter:card\" content=\"summary_large_image\" \/>\n<meta name=\"twitter:label1\" content=\"Est. reading time\" \/>\n\t<meta name=\"twitter:data1\" content=\"1 minut\u0117\" \/>\n<script type=\"application\/ld+json\" class=\"yoast-schema-graph\">{\"@context\":\"https:\/\/schema.org\",\"@graph\":[{\"@type\":\"WebPage\",\"@id\":\"https:\/\/happyinaknit.com\/produktas\/wool-and-the-gang-glitterball\/\",\"url\":\"https:\/\/happyinaknit.com\/produktas\/wool-and-the-gang-glitterball\/\",\"name\":\"Wool and the Gang Glitterball - Happyinaknit.com\",\"isPartOf\":{\"@id\":\"https:\/\/happyinaknit.com\/lt\/#website\"},\"primaryImageOfPage\":{\"@id\":\"https:\/\/happyinaknit.com\/produktas\/wool-and-the-gang-glitterball\/#primaryimage\"},\"image\":{\"@id\":\"https:\/\/happyinaknit.com\/produktas\/wool-and-the-gang-glitterball\/#primaryimage\"},\"thumbnailUrl\":\"https:\/\/happyinaknit.com\/wp-content\/uploads\/2025\/10\/Glitter_Ball_Sock_Yarn_Disco_Ball_Grey.jpg\",\"datePublished\":\"2025-10-06T21:29:41+00:00\",\"dateModified\":\"2026-03-23T18:59:12+00:00\",\"breadcrumb\":{\"@id\":\"https:\/\/happyinaknit.com\/produktas\/wool-and-the-gang-glitterball\/#breadcrumb\"},\"inLanguage\":\"lt-LT\",\"potentialAction\":[{\"@type\":\"ReadAction\",\"target\":[\"https:\/\/happyinaknit.com\/produktas\/wool-and-the-gang-glitterball\/\"]}]},{\"@type\":\"ImageObject\",\"inLanguage\":\"lt-LT\",\"@id\":\"https:\/\/happyinaknit.com\/produktas\/wool-and-the-gang-glitterball\/#primaryimage\",\"url\":\"https:\/\/happyinaknit.com\/wp-content\/uploads\/2025\/10\/Glitter_Ball_Sock_Yarn_Disco_Ball_Grey.jpg\",\"contentUrl\":\"https:\/\/happyinaknit.com\/wp-content\/uploads\/2025\/10\/Glitter_Ball_Sock_Yarn_Disco_Ball_Grey.jpg\",\"width\":940,\"height\":1200},{\"@type\":\"BreadcrumbList\",\"@id\":\"https:\/\/happyinaknit.com\/produktas\/wool-and-the-gang-glitterball\/#breadcrumb\",\"itemListElement\":[{\"@type\":\"ListItem\",\"position\":1,\"name\":\"Home\",\"item\":\"https:\/\/happyinaknit.com\/lt\/\"},{\"@type\":\"ListItem\",\"position\":2,\"name\":\"Parduotuv\u0117\",\"item\":\"https:\/\/happyinaknit.com\/lt\/parduotuve\/\"},{\"@type\":\"ListItem\",\"position\":3,\"name\":\"Wool and the Gang Glitterball\"}]},{\"@type\":\"WebSite\",\"@id\":\"https:\/\/happyinaknit.com\/lt\/#website\",\"url\":\"https:\/\/happyinaknit.com\/lt\/\",\"name\":\"Happyinaknit.com\",\"description\":\"\",\"potentialAction\":[{\"@type\":\"SearchAction\",\"target\":{\"@type\":\"EntryPoint\",\"urlTemplate\":\"https:\/\/happyinaknit.com\/lt\/?s={search_term_string}\"},\"query-input\":{\"@type\":\"PropertyValueSpecification\",\"valueRequired\":true,\"valueName\":\"search_term_string\"}}],\"inLanguage\":\"lt-LT\"}]}<\/script>\n<!-- \/ Yoast SEO plugin. -->","yoast_head_json":{"title":"Wool and the Gang Glitterball - Happyinaknit.com","robots":{"index":"index","follow":"follow","max-snippet":"max-snippet:-1","max-image-preview":"max-image-preview:large","max-video-preview":"max-video-preview:-1"},"canonical":"https:\/\/happyinaknit.com\/lt\/produktas\/wool-and-the-gang-glitterball\/","og_locale":"lt_LT","og_type":"article","og_title":"Wool and the Gang Glitterball - Happyinaknit.com","og_description":"\u0160ie si\u016blai pagaminti i\u0161 95 % Bluefaced Leicester avi\u0173 vilnos \u2013 tai sena angl\u0173 veisl\u0117, atsiradusi XX a. prad\u017eioje Nortumberlande. Avi\u0173 pavadinimas kil\u0119s nuo b\u016bdingo \u201emelsvo\u201c snuku\u010dio \u2013 balt\u0173 plaukeli\u0173 ant tamsios odos. \u0160ios avys \u0161iandien paplitusios \u0160iaur\u0117s Anglijoje, \u0160kotijoje ir Velse. Bluefaced Leicester vilna vertinama d\u0117l savo ypatingo \u0161velnumo, tvirtumo ir ilgaam\u017ei\u0161kumo. Ji yra [&hellip;]","og_url":"https:\/\/happyinaknit.com\/lt\/produktas\/wool-and-the-gang-glitterball\/","og_site_name":"Happyinaknit.com","article_modified_time":"2026-03-23T18:59:12+00:00","og_image":[{"width":940,"height":1200,"url":"https:\/\/happyinaknit.com\/wp-content\/uploads\/2025\/10\/Glitter_Ball_Sock_Yarn_Disco_Ball_Grey.jpg","type":"image\/jpeg"}],"twitter_card":"summary_large_image","twitter_misc":{"Est. reading time":"1 minut\u0117"},"schema":{"@context":"https:\/\/schema.org","@graph":[{"@type":"WebPage","@id":"https:\/\/happyinaknit.com\/produktas\/wool-and-the-gang-glitterball\/","url":"https:\/\/happyinaknit.com\/produktas\/wool-and-the-gang-glitterball\/","name":"Wool and the Gang Glitterball - Happyinaknit.com","isPartOf":{"@id":"https:\/\/happyinaknit.com\/lt\/#website"},"primaryImageOfPage":{"@id":"https:\/\/happyinaknit.com\/produktas\/wool-and-the-gang-glitterball\/#primaryimage"},"image":{"@id":"https:\/\/happyinaknit.com\/produktas\/wool-and-the-gang-glitterball\/#primaryimage"},"thumbnailUrl":"https:\/\/happyinaknit.com\/wp-content\/uploads\/2025\/10\/Glitter_Ball_Sock_Yarn_Disco_Ball_Grey.jpg","datePublished":"2025-10-06T21:29:41+00:00","dateModified":"2026-03-23T18:59:12+00:00","breadcrumb":{"@id":"https:\/\/happyinaknit.com\/produktas\/wool-and-the-gang-glitterball\/#breadcrumb"},"inLanguage":"lt-LT","potentialAction":[{"@type":"ReadAction","target":["https:\/\/happyinaknit.com\/produktas\/wool-and-the-gang-glitterball\/"]}]},{"@type":"ImageObject","inLanguage":"lt-LT","@id":"https:\/\/happyinaknit.com\/produktas\/wool-and-the-gang-glitterball\/#primaryimage","url":"https:\/\/happyinaknit.com\/wp-content\/uploads\/2025\/10\/Glitter_Ball_Sock_Yarn_Disco_Ball_Grey.jpg","contentUrl":"https:\/\/happyinaknit.com\/wp-content\/uploads\/2025\/10\/Glitter_Ball_Sock_Yarn_Disco_Ball_Grey.jpg","width":940,"height":1200},{"@type":"BreadcrumbList","@id":"https:\/\/happyinaknit.com\/produktas\/wool-and-the-gang-glitterball\/#breadcrumb","itemListElement":[{"@type":"ListItem","position":1,"name":"Home","item":"https:\/\/happyinaknit.com\/lt\/"},{"@type":"ListItem","position":2,"name":"Parduotuv\u0117","item":"https:\/\/happyinaknit.com\/lt\/parduotuve\/"},{"@type":"ListItem","position":3,"name":"Wool and the Gang Glitterball"}]},{"@type":"WebSite","@id":"https:\/\/happyinaknit.com\/lt\/#website","url":"https:\/\/happyinaknit.com\/lt\/","name":"Happyinaknit.com","description":"","potentialAction":[{"@type":"SearchAction","target":{"@type":"EntryPoint","urlTemplate":"https:\/\/happyinaknit.com\/lt\/?s={search_term_string}"},"query-input":{"@type":"PropertyValueSpecification","valueRequired":true,"valueName":"search_term_string"}}],"inLanguage":"lt-LT"}]}},"_links":{"self":[{"href":"https:\/\/happyinaknit.com\/lt\/wp-json\/wp\/v2\/product\/3161","targetHints":{"allow":["GET"]}}],"collection":[{"href":"https:\/\/happyinaknit.com\/lt\/wp-json\/wp\/v2\/product"}],"about":[{"href":"https:\/\/happyinaknit.com\/lt\/wp-json\/wp\/v2\/types\/product"}],"replies":[{"embeddable":true,"href":"https:\/\/happyinaknit.com\/lt\/wp-json\/wp\/v2\/comments?post=3161"}],"wp:featuredmedia":[{"embeddable":true,"href":"https:\/\/happyinaknit.com\/lt\/wp-json\/wp\/v2\/media\/3167"}],"wp:attachment":[{"href":"https:\/\/happyinaknit.com\/lt\/wp-json\/wp\/v2\/media?parent=3161"}],"wp:term":[{"taxonomy":"product_brand","embeddable":true,"href":"https:\/\/happyinaknit.com\/lt\/wp-json\/wp\/v2\/product_brand?post=3161"},{"taxonomy":"product_cat","embeddable":true,"href":"https:\/\/happyinaknit.com\/lt\/wp-json\/wp\/v2\/product_cat?post=3161"},{"taxonomy":"product_tag","embeddable":true,"href":"https:\/\/happyinaknit.com\/lt\/wp-json\/wp\/v2\/product_tag?post=3161"},{"taxonomy":"pro-kategorijos","embeddable":true,"href":"https:\/\/happyinaknit.com\/lt\/wp-json\/wp\/v2\/pro-kategorijos?post=3161"}],"curies":[{"name":"wp","href":"https:\/\/api.w.org\/{rel}","templated":true}]}}