{"id":3156,"date":"2025-10-06T21:15:56","date_gmt":"2025-10-06T21:15:56","guid":{"rendered":"https:\/\/happyinaknit.com\/?post_type=product&#038;p=3156"},"modified":"2025-11-13T21:52:47","modified_gmt":"2025-11-13T21:52:47","slug":"3156","status":"publish","type":"product","link":"https:\/\/happyinaknit.com\/lt\/produktas\/3156\/","title":{"rendered":"Wool and the Gang Ra-Ra Raffia"},"content":{"rendered":"<p data-start=\"95\" data-end=\"499\">Ra-Ra Raffia \u2013 tai lengvas ir tvirtas nat\u016bralus si\u016blas i\u0161 100 % rafijos pluo\u0161to, puikiai tinkantis vasari\u0161kiems aksesuarams: skryb\u0117l\u0117ms, krep\u0161iams, dekoracijoms ar interjero detal\u0117ms. Si\u016blas turi popierin\u0119 tekst\u016br\u0105, ta\u010diau yra pakankamai lankstus ir malonus dirbti, o gaminiai i\u0161laiko form\u0105 ir atrodo itin nat\u016braliai.<\/p>\n<ul data-start=\"501\" data-end=\"818\">\n<li data-start=\"501\" data-end=\"540\">\n<p data-start=\"503\" data-end=\"540\"><strong data-start=\"503\" data-end=\"515\">Sud\u0117tis:<\/strong> 100 % rafijos pluo\u0161tas<\/p>\n<\/li>\n<li data-start=\"541\" data-end=\"581\">\n<p data-start=\"543\" data-end=\"581\"><strong data-start=\"543\" data-end=\"565\">Svoris \/ metra\u017eas:<\/strong> 100 g \u2014 250 m<\/p>\n<\/li>\n<li data-start=\"582\" data-end=\"621\">\n<p data-start=\"584\" data-end=\"621\"><strong data-start=\"584\" data-end=\"608\">Virbalai \/ v\u0105\u0161eliai:<\/strong> 3,5\u20135,0 mm<\/p>\n<\/li>\n<li data-start=\"642\" data-end=\"709\">\n<p data-start=\"644\" data-end=\"709\"><strong data-start=\"644\" data-end=\"671\">Rekomenduojamas kiekis:<\/strong> skryb\u0117lei reikia apie 2 kamuoliukus<\/p>\n<\/li>\n<li data-start=\"710\" data-end=\"818\">\n<p data-start=\"712\" data-end=\"818\"><strong data-start=\"712\" data-end=\"726\">Prie\u017ei\u016bra:<\/strong> skalbti rankomis ne auk\u0161tesn\u0117je nei 30 \u00b0C temperat\u016broje, d\u017eiovinti patiesus horizontaliai<\/p>\n<\/li>\n<\/ul>\n","protected":false},"excerpt":{"rendered":"<p>Ra-Ra Raffia \u2013 tai lengvas ir tvirtas nat\u016bralus si\u016blas i\u0161 100 % rafijos pluo\u0161to, puikiai tinkantis vasari\u0161kiems aksesuarams: skryb\u0117l\u0117ms, krep\u0161iams, dekoracijoms ar interjero detal\u0117ms. Si\u016blas turi popierin\u0119 tekst\u016br\u0105, ta\u010diau yra pakankamai lankstus ir malonus dirbti, o gaminiai i\u0161laiko form\u0105 ir atrodo itin nat\u016braliai. Sud\u0117tis: 100 % rafijos pluo\u0161tas Svoris \/ metra\u017eas: 100 g \u2014 250 [&hellip;]<\/p>\n","protected":false},"featured_media":3158,"comment_status":"open","ping_status":"closed","template":"","meta":{"_acf_changed":false},"product_brand":[61],"product_cat":[15,18],"product_tag":[],"pro-kategorijos":[83],"class_list":{"0":"post-3156","1":"product","2":"type-product","3":"status-publish","4":"has-post-thumbnail","6":"product_brand-wool-and-the-gang","7":"product_cat-visi-produktai","8":"product_cat-siulai","9":"pro-kategorijos-raffia","11":"first","12":"instock","13":"shipping-taxable","14":"purchasable","15":"product-type-variable"},"acf":[],"yoast_head":"<!-- This site is optimized with the Yoast SEO plugin v26.8 - https:\/\/yoast.com\/product\/yoast-seo-wordpress\/ -->\n<title>Wool and the Gang Ra-Ra Raffia - Happyinaknit.com<\/title>\n<meta name=\"robots\" content=\"index, follow, max-snippet:-1, max-image-preview:large, max-video-preview:-1\" \/>\n<link rel=\"canonical\" href=\"https:\/\/happyinaknit.com\/lt\/produktas\/3156\/\" \/>\n<meta property=\"og:locale\" content=\"lt_LT\" \/>\n<meta property=\"og:type\" content=\"article\" \/>\n<meta property=\"og:title\" content=\"Wool and the Gang Ra-Ra Raffia - Happyinaknit.com\" \/>\n<meta property=\"og:description\" content=\"Ra-Ra Raffia \u2013 tai lengvas ir tvirtas nat\u016bralus si\u016blas i\u0161 100 % rafijos pluo\u0161to, puikiai tinkantis vasari\u0161kiems aksesuarams: skryb\u0117l\u0117ms, krep\u0161iams, dekoracijoms ar interjero detal\u0117ms. Si\u016blas turi popierin\u0119 tekst\u016br\u0105, ta\u010diau yra pakankamai lankstus ir malonus dirbti, o gaminiai i\u0161laiko form\u0105 ir atrodo itin nat\u016braliai. Sud\u0117tis: 100 % rafijos pluo\u0161tas Svoris \/ metra\u017eas: 100 g \u2014 250 [&hellip;]\" \/>\n<meta property=\"og:url\" content=\"https:\/\/happyinaknit.com\/lt\/produktas\/3156\/\" \/>\n<meta property=\"og:site_name\" content=\"Happyinaknit.com\" \/>\n<meta property=\"article:modified_time\" content=\"2025-11-13T21:52:47+00:00\" \/>\n<meta property=\"og:image\" content=\"https:\/\/happyinaknit.com\/wp-content\/uploads\/2025\/10\/RRR_powder_blue_01.jpg\" \/>\n\t<meta property=\"og:image:width\" content=\"940\" \/>\n\t<meta property=\"og:image:height\" content=\"1200\" \/>\n\t<meta property=\"og:image:type\" content=\"image\/jpeg\" \/>\n<meta name=\"twitter:card\" content=\"summary_large_image\" \/>\n<script type=\"application\/ld+json\" class=\"yoast-schema-graph\">{\"@context\":\"https:\/\/schema.org\",\"@graph\":[{\"@type\":\"WebPage\",\"@id\":\"https:\/\/happyinaknit.com\/produktas\/3156\/\",\"url\":\"https:\/\/happyinaknit.com\/produktas\/3156\/\",\"name\":\"Wool and the Gang Ra-Ra Raffia - Happyinaknit.com\",\"isPartOf\":{\"@id\":\"https:\/\/happyinaknit.com\/lt\/#website\"},\"primaryImageOfPage\":{\"@id\":\"https:\/\/happyinaknit.com\/produktas\/3156\/#primaryimage\"},\"image\":{\"@id\":\"https:\/\/happyinaknit.com\/produktas\/3156\/#primaryimage\"},\"thumbnailUrl\":\"https:\/\/happyinaknit.com\/wp-content\/uploads\/2025\/10\/RRR_powder_blue_01.jpg\",\"datePublished\":\"2025-10-06T21:15:56+00:00\",\"dateModified\":\"2025-11-13T21:52:47+00:00\",\"breadcrumb\":{\"@id\":\"https:\/\/happyinaknit.com\/produktas\/3156\/#breadcrumb\"},\"inLanguage\":\"lt-LT\",\"potentialAction\":[{\"@type\":\"ReadAction\",\"target\":[\"https:\/\/happyinaknit.com\/produktas\/3156\/\"]}]},{\"@type\":\"ImageObject\",\"inLanguage\":\"lt-LT\",\"@id\":\"https:\/\/happyinaknit.com\/produktas\/3156\/#primaryimage\",\"url\":\"https:\/\/happyinaknit.com\/wp-content\/uploads\/2025\/10\/RRR_powder_blue_01.jpg\",\"contentUrl\":\"https:\/\/happyinaknit.com\/wp-content\/uploads\/2025\/10\/RRR_powder_blue_01.jpg\",\"width\":940,\"height\":1200},{\"@type\":\"BreadcrumbList\",\"@id\":\"https:\/\/happyinaknit.com\/produktas\/3156\/#breadcrumb\",\"itemListElement\":[{\"@type\":\"ListItem\",\"position\":1,\"name\":\"Home\",\"item\":\"https:\/\/happyinaknit.com\/lt\/\"},{\"@type\":\"ListItem\",\"position\":2,\"name\":\"Parduotuv\u0117\",\"item\":\"https:\/\/happyinaknit.com\/lt\/parduotuve\/\"},{\"@type\":\"ListItem\",\"position\":3,\"name\":\"Wool and the Gang Ra-Ra Raffia\"}]},{\"@type\":\"WebSite\",\"@id\":\"https:\/\/happyinaknit.com\/lt\/#website\",\"url\":\"https:\/\/happyinaknit.com\/lt\/\",\"name\":\"Happyinaknit.com\",\"description\":\"\",\"potentialAction\":[{\"@type\":\"SearchAction\",\"target\":{\"@type\":\"EntryPoint\",\"urlTemplate\":\"https:\/\/happyinaknit.com\/lt\/?s={search_term_string}\"},\"query-input\":{\"@type\":\"PropertyValueSpecification\",\"valueRequired\":true,\"valueName\":\"search_term_string\"}}],\"inLanguage\":\"lt-LT\"}]}<\/script>\n<!-- \/ Yoast SEO plugin. -->","yoast_head_json":{"title":"Wool and the Gang Ra-Ra Raffia - Happyinaknit.com","robots":{"index":"index","follow":"follow","max-snippet":"max-snippet:-1","max-image-preview":"max-image-preview:large","max-video-preview":"max-video-preview:-1"},"canonical":"https:\/\/happyinaknit.com\/lt\/produktas\/3156\/","og_locale":"lt_LT","og_type":"article","og_title":"Wool and the Gang Ra-Ra Raffia - Happyinaknit.com","og_description":"Ra-Ra Raffia \u2013 tai lengvas ir tvirtas nat\u016bralus si\u016blas i\u0161 100 % rafijos pluo\u0161to, puikiai tinkantis vasari\u0161kiems aksesuarams: skryb\u0117l\u0117ms, krep\u0161iams, dekoracijoms ar interjero detal\u0117ms. Si\u016blas turi popierin\u0119 tekst\u016br\u0105, ta\u010diau yra pakankamai lankstus ir malonus dirbti, o gaminiai i\u0161laiko form\u0105 ir atrodo itin nat\u016braliai. Sud\u0117tis: 100 % rafijos pluo\u0161tas Svoris \/ metra\u017eas: 100 g \u2014 250 [&hellip;]","og_url":"https:\/\/happyinaknit.com\/lt\/produktas\/3156\/","og_site_name":"Happyinaknit.com","article_modified_time":"2025-11-13T21:52:47+00:00","og_image":[{"width":940,"height":1200,"url":"https:\/\/happyinaknit.com\/wp-content\/uploads\/2025\/10\/RRR_powder_blue_01.jpg","type":"image\/jpeg"}],"twitter_card":"summary_large_image","schema":{"@context":"https:\/\/schema.org","@graph":[{"@type":"WebPage","@id":"https:\/\/happyinaknit.com\/produktas\/3156\/","url":"https:\/\/happyinaknit.com\/produktas\/3156\/","name":"Wool and the Gang Ra-Ra Raffia - Happyinaknit.com","isPartOf":{"@id":"https:\/\/happyinaknit.com\/lt\/#website"},"primaryImageOfPage":{"@id":"https:\/\/happyinaknit.com\/produktas\/3156\/#primaryimage"},"image":{"@id":"https:\/\/happyinaknit.com\/produktas\/3156\/#primaryimage"},"thumbnailUrl":"https:\/\/happyinaknit.com\/wp-content\/uploads\/2025\/10\/RRR_powder_blue_01.jpg","datePublished":"2025-10-06T21:15:56+00:00","dateModified":"2025-11-13T21:52:47+00:00","breadcrumb":{"@id":"https:\/\/happyinaknit.com\/produktas\/3156\/#breadcrumb"},"inLanguage":"lt-LT","potentialAction":[{"@type":"ReadAction","target":["https:\/\/happyinaknit.com\/produktas\/3156\/"]}]},{"@type":"ImageObject","inLanguage":"lt-LT","@id":"https:\/\/happyinaknit.com\/produktas\/3156\/#primaryimage","url":"https:\/\/happyinaknit.com\/wp-content\/uploads\/2025\/10\/RRR_powder_blue_01.jpg","contentUrl":"https:\/\/happyinaknit.com\/wp-content\/uploads\/2025\/10\/RRR_powder_blue_01.jpg","width":940,"height":1200},{"@type":"BreadcrumbList","@id":"https:\/\/happyinaknit.com\/produktas\/3156\/#breadcrumb","itemListElement":[{"@type":"ListItem","position":1,"name":"Home","item":"https:\/\/happyinaknit.com\/lt\/"},{"@type":"ListItem","position":2,"name":"Parduotuv\u0117","item":"https:\/\/happyinaknit.com\/lt\/parduotuve\/"},{"@type":"ListItem","position":3,"name":"Wool and the Gang Ra-Ra Raffia"}]},{"@type":"WebSite","@id":"https:\/\/happyinaknit.com\/lt\/#website","url":"https:\/\/happyinaknit.com\/lt\/","name":"Happyinaknit.com","description":"","potentialAction":[{"@type":"SearchAction","target":{"@type":"EntryPoint","urlTemplate":"https:\/\/happyinaknit.com\/lt\/?s={search_term_string}"},"query-input":{"@type":"PropertyValueSpecification","valueRequired":true,"valueName":"search_term_string"}}],"inLanguage":"lt-LT"}]}},"_links":{"self":[{"href":"https:\/\/happyinaknit.com\/lt\/wp-json\/wp\/v2\/product\/3156","targetHints":{"allow":["GET"]}}],"collection":[{"href":"https:\/\/happyinaknit.com\/lt\/wp-json\/wp\/v2\/product"}],"about":[{"href":"https:\/\/happyinaknit.com\/lt\/wp-json\/wp\/v2\/types\/product"}],"replies":[{"embeddable":true,"href":"https:\/\/happyinaknit.com\/lt\/wp-json\/wp\/v2\/comments?post=3156"}],"wp:featuredmedia":[{"embeddable":true,"href":"https:\/\/happyinaknit.com\/lt\/wp-json\/wp\/v2\/media\/3158"}],"wp:attachment":[{"href":"https:\/\/happyinaknit.com\/lt\/wp-json\/wp\/v2\/media?parent=3156"}],"wp:term":[{"taxonomy":"product_brand","embeddable":true,"href":"https:\/\/happyinaknit.com\/lt\/wp-json\/wp\/v2\/product_brand?post=3156"},{"taxonomy":"product_cat","embeddable":true,"href":"https:\/\/happyinaknit.com\/lt\/wp-json\/wp\/v2\/product_cat?post=3156"},{"taxonomy":"product_tag","embeddable":true,"href":"https:\/\/happyinaknit.com\/lt\/wp-json\/wp\/v2\/product_tag?post=3156"},{"taxonomy":"pro-kategorijos","embeddable":true,"href":"https:\/\/happyinaknit.com\/lt\/wp-json\/wp\/v2\/pro-kategorijos?post=3156"}],"curies":[{"name":"wp","href":"https:\/\/api.w.org\/{rel}","templated":true}]}}