{"id":3152,"date":"2025-10-06T21:02:43","date_gmt":"2025-10-06T21:02:43","guid":{"rendered":"https:\/\/happyinaknit.com\/?post_type=product&#038;p=3152"},"modified":"2025-12-30T21:53:11","modified_gmt":"2025-12-30T21:53:11","slug":"muud-valymo-purskiklis-effektiv","status":"publish","type":"product","link":"https:\/\/happyinaknit.com\/lt\/produktas\/muud-valymo-purskiklis-effektiv\/","title":{"rendered":"Muud valymo pur\u0161kiklis EFFEKTIV"},"content":{"rendered":"<p data-start=\"99\" data-end=\"396\"><strong data-start=\"99\" data-end=\"152\">Odos valymo ir prie\u017ei\u016bros pur\u0161kiklis<\/strong><br data-start=\"152\" data-end=\"155\" \/>Laikykite savo odinius krep\u0161ius ir aksesuarus nepriekai\u0161tingos b\u016bkl\u0117s su <strong>Muud EFFEKTIV<\/strong><\/p>\n<p data-start=\"99\" data-end=\"396\">\u00a0Tai <strong data-start=\"248\" data-end=\"288\">vandens pagrindo prie\u017ei\u016bros priemon\u0117<\/strong>, skirta \u0161velniai valyti ir maitinti odos pavir\u0161i\u0173, kad gaminiai i\u0161likt\u0173 mink\u0161ti, elastingi ir ilgaam\u017eiai.<\/p>\n<p data-start=\"398\" data-end=\"605\">Pur\u0161kiklis tinka <strong data-start=\"415\" data-end=\"508\">nat\u016braliai odai, zom\u0161ai, nubukui, dirbtinei odai, nailonui, tekstilei, gumai ir plastikui<\/strong>. Reguliarus naudojimas prailgina gamini\u0173 tarnavimo laik\u0105 ir padeda i\u0161saugoti j\u0173 pradin\u012f gro\u017e\u012f.<\/p>\n<p data-start=\"607\" data-end=\"899\"><strong data-start=\"607\" data-end=\"622\">Naudojimas:<\/strong><br data-start=\"622\" data-end=\"625\" \/>U\u017epurk\u0161kite <strong>Muud EFFEKTIV\u00a0<\/strong> ant \u0161varios kempin\u0117l\u0117s ir \u012ftrinkite, kol susidarys \u0161velnios putos. Nors putos gali atrodyti \u0161varios, jos veiksmingai pa\u0161alina ne\u0161varumus, prakaito ir riebal\u0173 p\u0117dsakus i\u0161 odos pavir\u0161iaus. Palikite kelioms minut\u0117ms, tada nuvalykite dr\u0117gna \u0161luoste.<\/p>\n<ul data-start=\"901\" data-end=\"1095\">\n<li data-start=\"901\" data-end=\"1095\">\n<p data-start=\"903\" data-end=\"917\"><strong data-start=\"903\" data-end=\"915\">Savyb\u0117s:<\/strong><\/p>\n<ul data-start=\"920\" data-end=\"1095\">\n<li data-start=\"920\" data-end=\"958\">\n<p data-start=\"922\" data-end=\"958\">Valo ir maitina od\u0105 vienu \u017eingsniu<\/p>\n<\/li>\n<li data-start=\"961\" data-end=\"994\">\n<p data-start=\"963\" data-end=\"994\">Apsaugo pavir\u0161i\u0173 ir strukt\u016br\u0105<\/p>\n<\/li>\n<li data-start=\"997\" data-end=\"1038\">\n<p data-start=\"999\" data-end=\"1038\">Prat\u0119sia odos gamini\u0173 tarnavimo laik\u0105<\/p>\n<\/li>\n<li data-start=\"1041\" data-end=\"1095\">\n<p data-start=\"1043\" data-end=\"1095\">Sud\u0117tyje yra maitinam\u0173j\u0173 med\u017eiag\u0173 ir antioksidant\u0173<\/p>\n<\/li>\n<\/ul>\n<\/li>\n<\/ul>\n","protected":false},"excerpt":{"rendered":"<p>Odos valymo ir prie\u017ei\u016bros pur\u0161kiklisLaikykite savo odinius krep\u0161ius ir aksesuarus nepriekai\u0161tingos b\u016bkl\u0117s su Muud EFFEKTIV \u00a0Tai vandens pagrindo prie\u017ei\u016bros priemon\u0117, skirta \u0161velniai valyti ir maitinti odos pavir\u0161i\u0173, kad gaminiai i\u0161likt\u0173 mink\u0161ti, elastingi ir ilgaam\u017eiai. Pur\u0161kiklis tinka nat\u016braliai odai, zom\u0161ai, nubukui, dirbtinei odai, nailonui, tekstilei, gumai ir plastikui. Reguliarus naudojimas prailgina gamini\u0173 tarnavimo laik\u0105 ir padeda [&hellip;]<\/p>\n","protected":false},"featured_media":3154,"comment_status":"open","ping_status":"closed","template":"","meta":{"_acf_changed":false},"product_brand":[613],"product_cat":[15,20,91],"product_tag":[],"pro-kategorijos":[],"class_list":{"0":"post-3152","1":"product","2":"type-product","3":"status-publish","4":"has-post-thumbnail","6":"product_brand-muud","7":"product_cat-visi-produktai","8":"product_cat-priedai-mezgimui","9":"product_cat-skalbimo-priemones","11":"first","12":"outofstock","13":"shipping-taxable","14":"purchasable","15":"product-type-simple"},"acf":[],"yoast_head":"<!-- This site is optimized with the Yoast SEO plugin v26.8 - https:\/\/yoast.com\/product\/yoast-seo-wordpress\/ -->\n<title>Muud valymo pur\u0161kiklis EFFEKTIV - Happyinaknit.com<\/title>\n<meta name=\"robots\" content=\"index, follow, max-snippet:-1, max-image-preview:large, max-video-preview:-1\" \/>\n<link rel=\"canonical\" href=\"https:\/\/happyinaknit.com\/lt\/produktas\/muud-valymo-purskiklis-effektiv\/\" \/>\n<meta property=\"og:locale\" content=\"lt_LT\" \/>\n<meta property=\"og:type\" content=\"article\" \/>\n<meta property=\"og:title\" content=\"Muud valymo pur\u0161kiklis EFFEKTIV - Happyinaknit.com\" \/>\n<meta property=\"og:description\" content=\"Odos valymo ir prie\u017ei\u016bros pur\u0161kiklisLaikykite savo odinius krep\u0161ius ir aksesuarus nepriekai\u0161tingos b\u016bkl\u0117s su Muud EFFEKTIV \u00a0Tai vandens pagrindo prie\u017ei\u016bros priemon\u0117, skirta \u0161velniai valyti ir maitinti odos pavir\u0161i\u0173, kad gaminiai i\u0161likt\u0173 mink\u0161ti, elastingi ir ilgaam\u017eiai. Pur\u0161kiklis tinka nat\u016braliai odai, zom\u0161ai, nubukui, dirbtinei odai, nailonui, tekstilei, gumai ir plastikui. Reguliarus naudojimas prailgina gamini\u0173 tarnavimo laik\u0105 ir padeda [&hellip;]\" \/>\n<meta property=\"og:url\" content=\"https:\/\/happyinaknit.com\/lt\/produktas\/muud-valymo-purskiklis-effektiv\/\" \/>\n<meta property=\"og:site_name\" content=\"Happyinaknit.com\" \/>\n<meta property=\"article:modified_time\" content=\"2025-12-30T21:53:11+00:00\" \/>\n<meta property=\"og:image\" content=\"https:\/\/happyinaknit.com\/wp-content\/uploads\/2025\/10\/IMG_8529.jpg\" \/>\n\t<meta property=\"og:image:width\" content=\"1320\" \/>\n\t<meta property=\"og:image:height\" content=\"1538\" \/>\n\t<meta property=\"og:image:type\" content=\"image\/jpeg\" \/>\n<meta name=\"twitter:card\" content=\"summary_large_image\" \/>\n<meta name=\"twitter:label1\" content=\"Est. reading time\" \/>\n\t<meta name=\"twitter:data1\" content=\"1 minut\u0117\" \/>\n<script type=\"application\/ld+json\" class=\"yoast-schema-graph\">{\"@context\":\"https:\/\/schema.org\",\"@graph\":[{\"@type\":\"WebPage\",\"@id\":\"https:\/\/happyinaknit.com\/produktas\/muud-valymo-purskiklis-effektiv\/\",\"url\":\"https:\/\/happyinaknit.com\/produktas\/muud-valymo-purskiklis-effektiv\/\",\"name\":\"Muud valymo pur\u0161kiklis EFFEKTIV - Happyinaknit.com\",\"isPartOf\":{\"@id\":\"https:\/\/happyinaknit.com\/lt\/#website\"},\"primaryImageOfPage\":{\"@id\":\"https:\/\/happyinaknit.com\/produktas\/muud-valymo-purskiklis-effektiv\/#primaryimage\"},\"image\":{\"@id\":\"https:\/\/happyinaknit.com\/produktas\/muud-valymo-purskiklis-effektiv\/#primaryimage\"},\"thumbnailUrl\":\"https:\/\/happyinaknit.com\/wp-content\/uploads\/2025\/10\/IMG_8529.jpg\",\"datePublished\":\"2025-10-06T21:02:43+00:00\",\"dateModified\":\"2025-12-30T21:53:11+00:00\",\"breadcrumb\":{\"@id\":\"https:\/\/happyinaknit.com\/produktas\/muud-valymo-purskiklis-effektiv\/#breadcrumb\"},\"inLanguage\":\"lt-LT\",\"potentialAction\":[{\"@type\":\"ReadAction\",\"target\":[\"https:\/\/happyinaknit.com\/produktas\/muud-valymo-purskiklis-effektiv\/\"]}]},{\"@type\":\"ImageObject\",\"inLanguage\":\"lt-LT\",\"@id\":\"https:\/\/happyinaknit.com\/produktas\/muud-valymo-purskiklis-effektiv\/#primaryimage\",\"url\":\"https:\/\/happyinaknit.com\/wp-content\/uploads\/2025\/10\/IMG_8529.jpg\",\"contentUrl\":\"https:\/\/happyinaknit.com\/wp-content\/uploads\/2025\/10\/IMG_8529.jpg\",\"width\":1320,\"height\":1538},{\"@type\":\"BreadcrumbList\",\"@id\":\"https:\/\/happyinaknit.com\/produktas\/muud-valymo-purskiklis-effektiv\/#breadcrumb\",\"itemListElement\":[{\"@type\":\"ListItem\",\"position\":1,\"name\":\"Home\",\"item\":\"https:\/\/happyinaknit.com\/lt\/\"},{\"@type\":\"ListItem\",\"position\":2,\"name\":\"Parduotuv\u0117\",\"item\":\"https:\/\/happyinaknit.com\/lt\/parduotuve\/\"},{\"@type\":\"ListItem\",\"position\":3,\"name\":\"Muud valymo pur\u0161kiklis EFFEKTIV\"}]},{\"@type\":\"WebSite\",\"@id\":\"https:\/\/happyinaknit.com\/lt\/#website\",\"url\":\"https:\/\/happyinaknit.com\/lt\/\",\"name\":\"Happyinaknit.com\",\"description\":\"\",\"potentialAction\":[{\"@type\":\"SearchAction\",\"target\":{\"@type\":\"EntryPoint\",\"urlTemplate\":\"https:\/\/happyinaknit.com\/lt\/?s={search_term_string}\"},\"query-input\":{\"@type\":\"PropertyValueSpecification\",\"valueRequired\":true,\"valueName\":\"search_term_string\"}}],\"inLanguage\":\"lt-LT\"}]}<\/script>\n<!-- \/ Yoast SEO plugin. -->","yoast_head_json":{"title":"Muud valymo pur\u0161kiklis EFFEKTIV - Happyinaknit.com","robots":{"index":"index","follow":"follow","max-snippet":"max-snippet:-1","max-image-preview":"max-image-preview:large","max-video-preview":"max-video-preview:-1"},"canonical":"https:\/\/happyinaknit.com\/lt\/produktas\/muud-valymo-purskiklis-effektiv\/","og_locale":"lt_LT","og_type":"article","og_title":"Muud valymo pur\u0161kiklis EFFEKTIV - Happyinaknit.com","og_description":"Odos valymo ir prie\u017ei\u016bros pur\u0161kiklisLaikykite savo odinius krep\u0161ius ir aksesuarus nepriekai\u0161tingos b\u016bkl\u0117s su Muud EFFEKTIV \u00a0Tai vandens pagrindo prie\u017ei\u016bros priemon\u0117, skirta \u0161velniai valyti ir maitinti odos pavir\u0161i\u0173, kad gaminiai i\u0161likt\u0173 mink\u0161ti, elastingi ir ilgaam\u017eiai. Pur\u0161kiklis tinka nat\u016braliai odai, zom\u0161ai, nubukui, dirbtinei odai, nailonui, tekstilei, gumai ir plastikui. Reguliarus naudojimas prailgina gamini\u0173 tarnavimo laik\u0105 ir padeda [&hellip;]","og_url":"https:\/\/happyinaknit.com\/lt\/produktas\/muud-valymo-purskiklis-effektiv\/","og_site_name":"Happyinaknit.com","article_modified_time":"2025-12-30T21:53:11+00:00","og_image":[{"width":1320,"height":1538,"url":"https:\/\/happyinaknit.com\/wp-content\/uploads\/2025\/10\/IMG_8529.jpg","type":"image\/jpeg"}],"twitter_card":"summary_large_image","twitter_misc":{"Est. reading time":"1 minut\u0117"},"schema":{"@context":"https:\/\/schema.org","@graph":[{"@type":"WebPage","@id":"https:\/\/happyinaknit.com\/produktas\/muud-valymo-purskiklis-effektiv\/","url":"https:\/\/happyinaknit.com\/produktas\/muud-valymo-purskiklis-effektiv\/","name":"Muud valymo pur\u0161kiklis EFFEKTIV - Happyinaknit.com","isPartOf":{"@id":"https:\/\/happyinaknit.com\/lt\/#website"},"primaryImageOfPage":{"@id":"https:\/\/happyinaknit.com\/produktas\/muud-valymo-purskiklis-effektiv\/#primaryimage"},"image":{"@id":"https:\/\/happyinaknit.com\/produktas\/muud-valymo-purskiklis-effektiv\/#primaryimage"},"thumbnailUrl":"https:\/\/happyinaknit.com\/wp-content\/uploads\/2025\/10\/IMG_8529.jpg","datePublished":"2025-10-06T21:02:43+00:00","dateModified":"2025-12-30T21:53:11+00:00","breadcrumb":{"@id":"https:\/\/happyinaknit.com\/produktas\/muud-valymo-purskiklis-effektiv\/#breadcrumb"},"inLanguage":"lt-LT","potentialAction":[{"@type":"ReadAction","target":["https:\/\/happyinaknit.com\/produktas\/muud-valymo-purskiklis-effektiv\/"]}]},{"@type":"ImageObject","inLanguage":"lt-LT","@id":"https:\/\/happyinaknit.com\/produktas\/muud-valymo-purskiklis-effektiv\/#primaryimage","url":"https:\/\/happyinaknit.com\/wp-content\/uploads\/2025\/10\/IMG_8529.jpg","contentUrl":"https:\/\/happyinaknit.com\/wp-content\/uploads\/2025\/10\/IMG_8529.jpg","width":1320,"height":1538},{"@type":"BreadcrumbList","@id":"https:\/\/happyinaknit.com\/produktas\/muud-valymo-purskiklis-effektiv\/#breadcrumb","itemListElement":[{"@type":"ListItem","position":1,"name":"Home","item":"https:\/\/happyinaknit.com\/lt\/"},{"@type":"ListItem","position":2,"name":"Parduotuv\u0117","item":"https:\/\/happyinaknit.com\/lt\/parduotuve\/"},{"@type":"ListItem","position":3,"name":"Muud valymo pur\u0161kiklis EFFEKTIV"}]},{"@type":"WebSite","@id":"https:\/\/happyinaknit.com\/lt\/#website","url":"https:\/\/happyinaknit.com\/lt\/","name":"Happyinaknit.com","description":"","potentialAction":[{"@type":"SearchAction","target":{"@type":"EntryPoint","urlTemplate":"https:\/\/happyinaknit.com\/lt\/?s={search_term_string}"},"query-input":{"@type":"PropertyValueSpecification","valueRequired":true,"valueName":"search_term_string"}}],"inLanguage":"lt-LT"}]}},"_links":{"self":[{"href":"https:\/\/happyinaknit.com\/lt\/wp-json\/wp\/v2\/product\/3152","targetHints":{"allow":["GET"]}}],"collection":[{"href":"https:\/\/happyinaknit.com\/lt\/wp-json\/wp\/v2\/product"}],"about":[{"href":"https:\/\/happyinaknit.com\/lt\/wp-json\/wp\/v2\/types\/product"}],"replies":[{"embeddable":true,"href":"https:\/\/happyinaknit.com\/lt\/wp-json\/wp\/v2\/comments?post=3152"}],"wp:featuredmedia":[{"embeddable":true,"href":"https:\/\/happyinaknit.com\/lt\/wp-json\/wp\/v2\/media\/3154"}],"wp:attachment":[{"href":"https:\/\/happyinaknit.com\/lt\/wp-json\/wp\/v2\/media?parent=3152"}],"wp:term":[{"taxonomy":"product_brand","embeddable":true,"href":"https:\/\/happyinaknit.com\/lt\/wp-json\/wp\/v2\/product_brand?post=3152"},{"taxonomy":"product_cat","embeddable":true,"href":"https:\/\/happyinaknit.com\/lt\/wp-json\/wp\/v2\/product_cat?post=3152"},{"taxonomy":"product_tag","embeddable":true,"href":"https:\/\/happyinaknit.com\/lt\/wp-json\/wp\/v2\/product_tag?post=3152"},{"taxonomy":"pro-kategorijos","embeddable":true,"href":"https:\/\/happyinaknit.com\/lt\/wp-json\/wp\/v2\/pro-kategorijos?post=3152"}],"curies":[{"name":"wp","href":"https:\/\/api.w.org\/{rel}","templated":true}]}}