{"id":3145,"date":"2025-10-06T20:39:28","date_gmt":"2025-10-06T20:39:28","guid":{"rendered":"https:\/\/happyinaknit.com\/?post_type=product&#038;p=3145"},"modified":"2025-10-28T09:32:12","modified_gmt":"2025-10-28T09:32:12","slug":"muud-sandnes-black","status":"publish","type":"product","link":"https:\/\/happyinaknit.com\/lt\/produktas\/muud-sandnes-black\/","title":{"rendered":"Muud Sandnes Black"},"content":{"rendered":"<p data-start=\"96\" data-end=\"374\"><strong data-start=\"138\" data-end=\"149\">Sandnes<\/strong> \u2013 tai itin prakti\u0161kas ir stilingas <strong data-start=\"185\" data-end=\"202\">odinis d\u0117klas<\/strong>, pasi\u017eymintis funkcionalumu ir minimalistiniu dani\u0161ko dizaino \u017eavesiu. J\u012f galima naudoti \u012fvairiai \u2013 kaip <strong data-start=\"308\" data-end=\"358\">kosmetin\u0119, kelionin\u012f d\u0117kl\u0105 ar \u012franki\u0173 krep\u0161el\u012f<\/strong> rankdarbiams.<\/p>\n<p data-start=\"376\" data-end=\"609\">Pagamintas i\u0161 <strong data-start=\"390\" data-end=\"414\">auk\u0161tos kokyb\u0117s odos<\/strong>, kuri yra tvirta, ilgaam\u017e\u0117 ir <strong data-start=\"445\" data-end=\"464\">atspari dr\u0117gmei<\/strong>, \u0161is d\u0117klas patikimai saugo j\u016bs\u0173 daiktus. Vidus i\u0161 <strong data-start=\"516\" data-end=\"531\">poliesterio<\/strong> \u2013 lengvai valomas ir prakti\u0161kas, ypa\u010d jei viduje nety\u010dia i\u0161siliet\u0173 skystis.<\/p>\n<p data-start=\"611\" data-end=\"861\">D\u0117kle yra daugyb\u0117 patogi\u0173 skyreli\u0173:<br data-start=\"646\" data-end=\"649\" \/>\u2013 <strong data-start=\"651\" data-end=\"662\">viduje:<\/strong> viena u\u017esegama ki\u0161en\u0117 ir dvi atviros pertvaros;<br data-start=\"710\" data-end=\"713\" \/>\u2013 <strong data-start=\"715\" data-end=\"727\">i\u0161or\u0117je:<\/strong> dvi ki\u0161en\u0117s su u\u017etrauktukais.<br data-start=\"757\" data-end=\"760\" \/>\u0160is universalus d\u0117klas lengvai telpa \u012f krep\u0161\u012f ir tampa puikiu kasdieniu ar kelioniniu pagalbininku.<\/p>\n<ul data-start=\"863\" data-end=\"1185\">\n<li data-start=\"863\" data-end=\"1070\">\n<p data-start=\"865\" data-end=\"879\"><strong data-start=\"865\" data-end=\"877\">Savyb\u0117s:<\/strong><\/p>\n<ul data-start=\"882\" data-end=\"1070\">\n<li data-start=\"882\" data-end=\"924\">\n<p data-start=\"884\" data-end=\"924\">Vidus i\u0161 poliesterio \u2013 lengvai valomas<\/p>\n<\/li>\n<li data-start=\"927\" data-end=\"969\">\n<p data-start=\"929\" data-end=\"969\">1 u\u017esegama ir 2 atviros ki\u0161en\u0117s viduje<\/p>\n<\/li>\n<li data-start=\"972\" data-end=\"1011\">\n<p data-start=\"974\" data-end=\"1011\">2 i\u0161orin\u0117s ki\u0161en\u0117s su u\u017etrauktukais<\/p>\n<\/li>\n<li data-start=\"1014\" data-end=\"1039\">\n<p data-start=\"1016\" data-end=\"1039\">Atspari vandeniui oda<\/p>\n<\/li>\n<li data-start=\"1042\" data-end=\"1070\">\n<p data-start=\"1044\" data-end=\"1070\">U\u017edarymas su u\u017etrauktuku<\/p>\n<\/li>\n<\/ul>\n<\/li>\n<li data-start=\"1071\" data-end=\"1131\">\n<p data-start=\"1073\" data-end=\"1091\"><strong data-start=\"1073\" data-end=\"1089\">I\u0161matavimai:<\/strong><\/p>\n<ul data-start=\"1094\" data-end=\"1131\">\n<li data-start=\"1094\" data-end=\"1110\">\n<p data-start=\"1096\" data-end=\"1110\">Ilgis: 22 cm<\/p>\n<\/li>\n<li data-start=\"1113\" data-end=\"1131\">\n<p data-start=\"1115\" data-end=\"1131\">Auk\u0161tis: 15 cm<\/p>\n<\/li>\n<\/ul>\n<\/li>\n<li data-start=\"1132\" data-end=\"1185\">\n<p data-start=\"1134\" data-end=\"1185\"><strong data-start=\"1134\" data-end=\"1147\">Med\u017eiaga:<\/strong> nat\u016brali oda, poliesterio pamu\u0161alas<\/p>\n<\/li>\n<\/ul>\n","protected":false},"excerpt":{"rendered":"<p>Sandnes \u2013 tai itin prakti\u0161kas ir stilingas odinis d\u0117klas, pasi\u017eymintis funkcionalumu ir minimalistiniu dani\u0161ko dizaino \u017eavesiu. J\u012f galima naudoti \u012fvairiai \u2013 kaip kosmetin\u0119, kelionin\u012f d\u0117kl\u0105 ar \u012franki\u0173 krep\u0161el\u012f rankdarbiams. Pagamintas i\u0161 auk\u0161tos kokyb\u0117s odos, kuri yra tvirta, ilgaam\u017e\u0117 ir atspari dr\u0117gmei, \u0161is d\u0117klas patikimai saugo j\u016bs\u0173 daiktus. Vidus i\u0161 poliesterio \u2013 lengvai valomas ir prakti\u0161kas, [&hellip;]<\/p>\n","protected":false},"featured_media":3150,"comment_status":"open","ping_status":"closed","template":"","meta":{"_acf_changed":false},"product_brand":[613],"product_cat":[15,1079,20],"product_tag":[],"pro-kategorijos":[],"class_list":{"0":"post-3145","1":"product","2":"type-product","3":"status-publish","4":"has-post-thumbnail","6":"product_brand-muud","7":"product_cat-visi-produktai","8":"product_cat-deklai","9":"product_cat-priedai-mezgimui","11":"first","12":"outofstock","13":"shipping-taxable","14":"purchasable","15":"product-type-simple"},"acf":[],"yoast_head":"<!-- This site is optimized with the Yoast SEO plugin v26.8 - https:\/\/yoast.com\/product\/yoast-seo-wordpress\/ -->\n<title>Muud Sandnes Black - Happyinaknit.com<\/title>\n<meta name=\"robots\" content=\"index, follow, max-snippet:-1, max-image-preview:large, max-video-preview:-1\" \/>\n<link rel=\"canonical\" href=\"https:\/\/happyinaknit.com\/lt\/produktas\/muud-sandnes-black\/\" \/>\n<meta property=\"og:locale\" content=\"lt_LT\" \/>\n<meta property=\"og:type\" content=\"article\" \/>\n<meta property=\"og:title\" content=\"Muud Sandnes Black - Happyinaknit.com\" \/>\n<meta property=\"og:description\" content=\"Sandnes \u2013 tai itin prakti\u0161kas ir stilingas odinis d\u0117klas, pasi\u017eymintis funkcionalumu ir minimalistiniu dani\u0161ko dizaino \u017eavesiu. J\u012f galima naudoti \u012fvairiai \u2013 kaip kosmetin\u0119, kelionin\u012f d\u0117kl\u0105 ar \u012franki\u0173 krep\u0161el\u012f rankdarbiams. Pagamintas i\u0161 auk\u0161tos kokyb\u0117s odos, kuri yra tvirta, ilgaam\u017e\u0117 ir atspari dr\u0117gmei, \u0161is d\u0117klas patikimai saugo j\u016bs\u0173 daiktus. Vidus i\u0161 poliesterio \u2013 lengvai valomas ir prakti\u0161kas, [&hellip;]\" \/>\n<meta property=\"og:url\" content=\"https:\/\/happyinaknit.com\/lt\/produktas\/muud-sandnes-black\/\" \/>\n<meta property=\"og:site_name\" content=\"Happyinaknit.com\" \/>\n<meta property=\"article:modified_time\" content=\"2025-10-28T09:32:12+00:00\" \/>\n<meta property=\"og:image\" content=\"https:\/\/happyinaknit.com\/wp-content\/uploads\/2025\/10\/muud_Sandness_-_Black_-_Main.jpg\" \/>\n\t<meta property=\"og:image:width\" content=\"1280\" \/>\n\t<meta property=\"og:image:height\" content=\"1280\" \/>\n\t<meta property=\"og:image:type\" content=\"image\/jpeg\" \/>\n<meta name=\"twitter:card\" content=\"summary_large_image\" \/>\n<meta name=\"twitter:label1\" content=\"Est. reading time\" \/>\n\t<meta name=\"twitter:data1\" content=\"1 minut\u0117\" \/>\n<script type=\"application\/ld+json\" class=\"yoast-schema-graph\">{\"@context\":\"https:\/\/schema.org\",\"@graph\":[{\"@type\":\"WebPage\",\"@id\":\"https:\/\/happyinaknit.com\/produktas\/muud-sandnes-black\/\",\"url\":\"https:\/\/happyinaknit.com\/produktas\/muud-sandnes-black\/\",\"name\":\"Muud Sandnes Black - Happyinaknit.com\",\"isPartOf\":{\"@id\":\"https:\/\/happyinaknit.com\/lt\/#website\"},\"primaryImageOfPage\":{\"@id\":\"https:\/\/happyinaknit.com\/produktas\/muud-sandnes-black\/#primaryimage\"},\"image\":{\"@id\":\"https:\/\/happyinaknit.com\/produktas\/muud-sandnes-black\/#primaryimage\"},\"thumbnailUrl\":\"https:\/\/happyinaknit.com\/wp-content\/uploads\/2025\/10\/muud_Sandness_-_Black_-_Main.jpg\",\"datePublished\":\"2025-10-06T20:39:28+00:00\",\"dateModified\":\"2025-10-28T09:32:12+00:00\",\"breadcrumb\":{\"@id\":\"https:\/\/happyinaknit.com\/produktas\/muud-sandnes-black\/#breadcrumb\"},\"inLanguage\":\"lt-LT\",\"potentialAction\":[{\"@type\":\"ReadAction\",\"target\":[\"https:\/\/happyinaknit.com\/produktas\/muud-sandnes-black\/\"]}]},{\"@type\":\"ImageObject\",\"inLanguage\":\"lt-LT\",\"@id\":\"https:\/\/happyinaknit.com\/produktas\/muud-sandnes-black\/#primaryimage\",\"url\":\"https:\/\/happyinaknit.com\/wp-content\/uploads\/2025\/10\/muud_Sandness_-_Black_-_Main.jpg\",\"contentUrl\":\"https:\/\/happyinaknit.com\/wp-content\/uploads\/2025\/10\/muud_Sandness_-_Black_-_Main.jpg\",\"width\":1280,\"height\":1280},{\"@type\":\"BreadcrumbList\",\"@id\":\"https:\/\/happyinaknit.com\/produktas\/muud-sandnes-black\/#breadcrumb\",\"itemListElement\":[{\"@type\":\"ListItem\",\"position\":1,\"name\":\"Home\",\"item\":\"https:\/\/happyinaknit.com\/lt\/\"},{\"@type\":\"ListItem\",\"position\":2,\"name\":\"Parduotuv\u0117\",\"item\":\"https:\/\/happyinaknit.com\/lt\/parduotuve\/\"},{\"@type\":\"ListItem\",\"position\":3,\"name\":\"Muud Sandnes Black\"}]},{\"@type\":\"WebSite\",\"@id\":\"https:\/\/happyinaknit.com\/lt\/#website\",\"url\":\"https:\/\/happyinaknit.com\/lt\/\",\"name\":\"Happyinaknit.com\",\"description\":\"\",\"potentialAction\":[{\"@type\":\"SearchAction\",\"target\":{\"@type\":\"EntryPoint\",\"urlTemplate\":\"https:\/\/happyinaknit.com\/lt\/?s={search_term_string}\"},\"query-input\":{\"@type\":\"PropertyValueSpecification\",\"valueRequired\":true,\"valueName\":\"search_term_string\"}}],\"inLanguage\":\"lt-LT\"}]}<\/script>\n<!-- \/ Yoast SEO plugin. -->","yoast_head_json":{"title":"Muud Sandnes Black - Happyinaknit.com","robots":{"index":"index","follow":"follow","max-snippet":"max-snippet:-1","max-image-preview":"max-image-preview:large","max-video-preview":"max-video-preview:-1"},"canonical":"https:\/\/happyinaknit.com\/lt\/produktas\/muud-sandnes-black\/","og_locale":"lt_LT","og_type":"article","og_title":"Muud Sandnes Black - Happyinaknit.com","og_description":"Sandnes \u2013 tai itin prakti\u0161kas ir stilingas odinis d\u0117klas, pasi\u017eymintis funkcionalumu ir minimalistiniu dani\u0161ko dizaino \u017eavesiu. J\u012f galima naudoti \u012fvairiai \u2013 kaip kosmetin\u0119, kelionin\u012f d\u0117kl\u0105 ar \u012franki\u0173 krep\u0161el\u012f rankdarbiams. Pagamintas i\u0161 auk\u0161tos kokyb\u0117s odos, kuri yra tvirta, ilgaam\u017e\u0117 ir atspari dr\u0117gmei, \u0161is d\u0117klas patikimai saugo j\u016bs\u0173 daiktus. Vidus i\u0161 poliesterio \u2013 lengvai valomas ir prakti\u0161kas, [&hellip;]","og_url":"https:\/\/happyinaknit.com\/lt\/produktas\/muud-sandnes-black\/","og_site_name":"Happyinaknit.com","article_modified_time":"2025-10-28T09:32:12+00:00","og_image":[{"width":1280,"height":1280,"url":"https:\/\/happyinaknit.com\/wp-content\/uploads\/2025\/10\/muud_Sandness_-_Black_-_Main.jpg","type":"image\/jpeg"}],"twitter_card":"summary_large_image","twitter_misc":{"Est. reading time":"1 minut\u0117"},"schema":{"@context":"https:\/\/schema.org","@graph":[{"@type":"WebPage","@id":"https:\/\/happyinaknit.com\/produktas\/muud-sandnes-black\/","url":"https:\/\/happyinaknit.com\/produktas\/muud-sandnes-black\/","name":"Muud Sandnes Black - Happyinaknit.com","isPartOf":{"@id":"https:\/\/happyinaknit.com\/lt\/#website"},"primaryImageOfPage":{"@id":"https:\/\/happyinaknit.com\/produktas\/muud-sandnes-black\/#primaryimage"},"image":{"@id":"https:\/\/happyinaknit.com\/produktas\/muud-sandnes-black\/#primaryimage"},"thumbnailUrl":"https:\/\/happyinaknit.com\/wp-content\/uploads\/2025\/10\/muud_Sandness_-_Black_-_Main.jpg","datePublished":"2025-10-06T20:39:28+00:00","dateModified":"2025-10-28T09:32:12+00:00","breadcrumb":{"@id":"https:\/\/happyinaknit.com\/produktas\/muud-sandnes-black\/#breadcrumb"},"inLanguage":"lt-LT","potentialAction":[{"@type":"ReadAction","target":["https:\/\/happyinaknit.com\/produktas\/muud-sandnes-black\/"]}]},{"@type":"ImageObject","inLanguage":"lt-LT","@id":"https:\/\/happyinaknit.com\/produktas\/muud-sandnes-black\/#primaryimage","url":"https:\/\/happyinaknit.com\/wp-content\/uploads\/2025\/10\/muud_Sandness_-_Black_-_Main.jpg","contentUrl":"https:\/\/happyinaknit.com\/wp-content\/uploads\/2025\/10\/muud_Sandness_-_Black_-_Main.jpg","width":1280,"height":1280},{"@type":"BreadcrumbList","@id":"https:\/\/happyinaknit.com\/produktas\/muud-sandnes-black\/#breadcrumb","itemListElement":[{"@type":"ListItem","position":1,"name":"Home","item":"https:\/\/happyinaknit.com\/lt\/"},{"@type":"ListItem","position":2,"name":"Parduotuv\u0117","item":"https:\/\/happyinaknit.com\/lt\/parduotuve\/"},{"@type":"ListItem","position":3,"name":"Muud Sandnes Black"}]},{"@type":"WebSite","@id":"https:\/\/happyinaknit.com\/lt\/#website","url":"https:\/\/happyinaknit.com\/lt\/","name":"Happyinaknit.com","description":"","potentialAction":[{"@type":"SearchAction","target":{"@type":"EntryPoint","urlTemplate":"https:\/\/happyinaknit.com\/lt\/?s={search_term_string}"},"query-input":{"@type":"PropertyValueSpecification","valueRequired":true,"valueName":"search_term_string"}}],"inLanguage":"lt-LT"}]}},"_links":{"self":[{"href":"https:\/\/happyinaknit.com\/lt\/wp-json\/wp\/v2\/product\/3145","targetHints":{"allow":["GET"]}}],"collection":[{"href":"https:\/\/happyinaknit.com\/lt\/wp-json\/wp\/v2\/product"}],"about":[{"href":"https:\/\/happyinaknit.com\/lt\/wp-json\/wp\/v2\/types\/product"}],"replies":[{"embeddable":true,"href":"https:\/\/happyinaknit.com\/lt\/wp-json\/wp\/v2\/comments?post=3145"}],"wp:featuredmedia":[{"embeddable":true,"href":"https:\/\/happyinaknit.com\/lt\/wp-json\/wp\/v2\/media\/3150"}],"wp:attachment":[{"href":"https:\/\/happyinaknit.com\/lt\/wp-json\/wp\/v2\/media?parent=3145"}],"wp:term":[{"taxonomy":"product_brand","embeddable":true,"href":"https:\/\/happyinaknit.com\/lt\/wp-json\/wp\/v2\/product_brand?post=3145"},{"taxonomy":"product_cat","embeddable":true,"href":"https:\/\/happyinaknit.com\/lt\/wp-json\/wp\/v2\/product_cat?post=3145"},{"taxonomy":"product_tag","embeddable":true,"href":"https:\/\/happyinaknit.com\/lt\/wp-json\/wp\/v2\/product_tag?post=3145"},{"taxonomy":"pro-kategorijos","embeddable":true,"href":"https:\/\/happyinaknit.com\/lt\/wp-json\/wp\/v2\/pro-kategorijos?post=3145"}],"curies":[{"name":"wp","href":"https:\/\/api.w.org\/{rel}","templated":true}]}}