{"id":3117,"date":"2025-10-06T20:18:11","date_gmt":"2025-10-06T20:18:11","guid":{"rendered":"https:\/\/happyinaknit.com\/?post_type=product&#038;p=3117"},"modified":"2025-10-12T12:53:13","modified_gmt":"2025-10-12T12:53:13","slug":"muud-vadso-whisky","status":"publish","type":"product","link":"https:\/\/happyinaknit.com\/lt\/produktas\/muud-vadso-whisky\/","title":{"rendered":"Muud Vads\u00f8 Whisky"},"content":{"rendered":"<p data-start=\"84\" data-end=\"452\">\u0160i eleganti\u0161ka <strong data-start=\"144\" data-end=\"164\">kasdien\u0117 rankin\u0117<\/strong> pagaminta rankomis i\u0161 auk\u0161tos kokyb\u0117s nat\u016bralios odos \u2013 tai stilingas ir ilgaam\u017eis aksesuaras, kuris i\u0161liks patikimas daugel\u012f met\u0173. Rankin\u0117 turi <strong data-start=\"310\" data-end=\"341\">reguliuojam\u0105 peties dir\u017eel\u012f<\/strong>, kur\u012f galima pritaikyti pagal poreik\u012f, tod\u0117l j\u0105 patogu ne\u0161ioti tiek kasdien, tiek kaip <strong data-start=\"429\" data-end=\"449\">delnin\u0119 (clutch)<\/strong>.<\/p>\n<p data-start=\"454\" data-end=\"717\">D\u0117ka apgalvoto dizaino rankin\u0117 yra ne tik gra\u017ei, bet ir funkcionali. Viduje \u2013 <strong data-start=\"532\" data-end=\"551\">u\u017esegama ki\u0161en\u0117<\/strong>, o i\u0161or\u0117je \u2013 dvi papildomos ki\u0161en\u0117s: viena su u\u017etrauktuku, kita \u2013 su sagute. Jose patogu laikyti da\u017eniausiai naudojamus daiktus \u2013 <strong data-start=\"682\" data-end=\"714\">raktus, pinigin\u0119 ar telefon\u0105<\/strong>.<\/p>\n<ul data-start=\"719\" data-end=\"1082\">\n<li data-start=\"719\" data-end=\"952\">\n<p data-start=\"721\" data-end=\"735\"><strong data-start=\"721\" data-end=\"733\">Savyb\u0117s:<\/strong><\/p>\n<ul data-start=\"738\" data-end=\"952\">\n<li data-start=\"738\" data-end=\"783\">\n<p data-start=\"740\" data-end=\"783\">Rank\u0173 darbo, pagaminta i\u0161 nat\u016bralios odos<\/p>\n<\/li>\n<li data-start=\"786\" data-end=\"818\">\n<p data-start=\"788\" data-end=\"818\">Vidin\u0117 ki\u0161en\u0117 su u\u017etrauktuku<\/p>\n<\/li>\n<li data-start=\"821\" data-end=\"854\">\n<p data-start=\"823\" data-end=\"854\">I\u0161orin\u0117 ki\u0161en\u0117 su u\u017etrauktuku<\/p>\n<\/li>\n<li data-start=\"857\" data-end=\"885\">\n<p data-start=\"859\" data-end=\"885\">I\u0161orin\u0117 ki\u0161en\u0117 su sagute<\/p>\n<\/li>\n<li data-start=\"888\" data-end=\"921\">\n<p data-start=\"890\" data-end=\"921\">Reguliuojamas peties dir\u017eelis<\/p>\n<\/li>\n<li data-start=\"924\" data-end=\"952\">\n<p data-start=\"926\" data-end=\"952\">U\u017edarymas su u\u017etrauktuku<\/p>\n<\/li>\n<\/ul>\n<\/li>\n<li data-start=\"953\" data-end=\"1014\">\n<p data-start=\"955\" data-end=\"973\"><strong data-start=\"955\" data-end=\"971\">I\u0161matavimai:<\/strong><\/p>\n<ul data-start=\"976\" data-end=\"1014\">\n<li data-start=\"976\" data-end=\"994\">\n<p data-start=\"978\" data-end=\"994\">Auk\u0161tis: 19 cm<\/p>\n<\/li>\n<li data-start=\"997\" data-end=\"1014\">\n<p data-start=\"999\" data-end=\"1014\">Plotis: 23 cm<\/p>\n<\/li>\n<\/ul>\n<\/li>\n<li data-start=\"1015\" data-end=\"1082\">\n<p data-start=\"1017\" data-end=\"1082\"><strong data-start=\"1017\" data-end=\"1031\">Pamu\u0161alas:<\/strong> polidrilas su lygiu pavir\u0161iumi \u2013 lengvai valomas<\/p>\n<\/li>\n<\/ul>\n","protected":false},"excerpt":{"rendered":"<p>\u0160i eleganti\u0161ka kasdien\u0117 rankin\u0117 pagaminta rankomis i\u0161 auk\u0161tos kokyb\u0117s nat\u016bralios odos \u2013 tai stilingas ir ilgaam\u017eis aksesuaras, kuris i\u0161liks patikimas daugel\u012f met\u0173. Rankin\u0117 turi reguliuojam\u0105 peties dir\u017eel\u012f, kur\u012f galima pritaikyti pagal poreik\u012f, tod\u0117l j\u0105 patogu ne\u0161ioti tiek kasdien, tiek kaip delnin\u0119 (clutch). D\u0117ka apgalvoto dizaino rankin\u0117 yra ne tik gra\u017ei, bet ir funkcionali. Viduje \u2013 [&hellip;]<\/p>\n","protected":false},"featured_media":3120,"comment_status":"open","ping_status":"closed","template":"","meta":{"_acf_changed":false},"product_brand":[613],"product_cat":[15,1079,20],"product_tag":[],"pro-kategorijos":[],"class_list":{"0":"post-3117","1":"product","2":"type-product","3":"status-publish","4":"has-post-thumbnail","6":"product_brand-muud","7":"product_cat-visi-produktai","8":"product_cat-deklai","9":"product_cat-priedai-mezgimui","11":"first","12":"instock","13":"shipping-taxable","14":"purchasable","15":"product-type-simple"},"acf":[],"yoast_head":"<!-- This site is optimized with the Yoast SEO plugin v26.8 - https:\/\/yoast.com\/product\/yoast-seo-wordpress\/ -->\n<title>Muud Vads\u00f8 Whisky - Happyinaknit.com<\/title>\n<meta name=\"robots\" content=\"index, follow, max-snippet:-1, max-image-preview:large, max-video-preview:-1\" \/>\n<link rel=\"canonical\" href=\"https:\/\/happyinaknit.com\/lt\/produktas\/muud-vadso-whisky\/\" \/>\n<meta property=\"og:locale\" content=\"lt_LT\" \/>\n<meta property=\"og:type\" content=\"article\" \/>\n<meta property=\"og:title\" content=\"Muud Vads\u00f8 Whisky - Happyinaknit.com\" \/>\n<meta property=\"og:description\" content=\"\u0160i eleganti\u0161ka kasdien\u0117 rankin\u0117 pagaminta rankomis i\u0161 auk\u0161tos kokyb\u0117s nat\u016bralios odos \u2013 tai stilingas ir ilgaam\u017eis aksesuaras, kuris i\u0161liks patikimas daugel\u012f met\u0173. Rankin\u0117 turi reguliuojam\u0105 peties dir\u017eel\u012f, kur\u012f galima pritaikyti pagal poreik\u012f, tod\u0117l j\u0105 patogu ne\u0161ioti tiek kasdien, tiek kaip delnin\u0119 (clutch). D\u0117ka apgalvoto dizaino rankin\u0117 yra ne tik gra\u017ei, bet ir funkcionali. Viduje \u2013 [&hellip;]\" \/>\n<meta property=\"og:url\" content=\"https:\/\/happyinaknit.com\/lt\/produktas\/muud-vadso-whisky\/\" \/>\n<meta property=\"og:site_name\" content=\"Happyinaknit.com\" \/>\n<meta property=\"article:modified_time\" content=\"2025-10-12T12:53:13+00:00\" \/>\n<meta property=\"og:image\" content=\"https:\/\/happyinaknit.com\/wp-content\/uploads\/2025\/10\/Vadsoe_Crossbody-Living-BG5188-14_1800x1800.jpg.webp\" \/>\n\t<meta property=\"og:image:width\" content=\"1200\" \/>\n\t<meta property=\"og:image:height\" content=\"1800\" \/>\n\t<meta property=\"og:image:type\" content=\"image\/webp\" \/>\n<meta name=\"twitter:card\" content=\"summary_large_image\" \/>\n<meta name=\"twitter:label1\" content=\"Est. reading time\" \/>\n\t<meta name=\"twitter:data1\" content=\"1 minut\u0117\" \/>\n<script type=\"application\/ld+json\" class=\"yoast-schema-graph\">{\"@context\":\"https:\/\/schema.org\",\"@graph\":[{\"@type\":\"WebPage\",\"@id\":\"https:\/\/happyinaknit.com\/produktas\/muud-vadso-whisky\/\",\"url\":\"https:\/\/happyinaknit.com\/produktas\/muud-vadso-whisky\/\",\"name\":\"Muud Vads\u00f8 Whisky - Happyinaknit.com\",\"isPartOf\":{\"@id\":\"https:\/\/happyinaknit.com\/lt\/#website\"},\"primaryImageOfPage\":{\"@id\":\"https:\/\/happyinaknit.com\/produktas\/muud-vadso-whisky\/#primaryimage\"},\"image\":{\"@id\":\"https:\/\/happyinaknit.com\/produktas\/muud-vadso-whisky\/#primaryimage\"},\"thumbnailUrl\":\"https:\/\/happyinaknit.com\/wp-content\/uploads\/2025\/10\/Vadsoe_Crossbody-Living-BG5188-14_1800x1800.jpg.webp\",\"datePublished\":\"2025-10-06T20:18:11+00:00\",\"dateModified\":\"2025-10-12T12:53:13+00:00\",\"breadcrumb\":{\"@id\":\"https:\/\/happyinaknit.com\/produktas\/muud-vadso-whisky\/#breadcrumb\"},\"inLanguage\":\"lt-LT\",\"potentialAction\":[{\"@type\":\"ReadAction\",\"target\":[\"https:\/\/happyinaknit.com\/produktas\/muud-vadso-whisky\/\"]}]},{\"@type\":\"ImageObject\",\"inLanguage\":\"lt-LT\",\"@id\":\"https:\/\/happyinaknit.com\/produktas\/muud-vadso-whisky\/#primaryimage\",\"url\":\"https:\/\/happyinaknit.com\/wp-content\/uploads\/2025\/10\/Vadsoe_Crossbody-Living-BG5188-14_1800x1800.jpg.webp\",\"contentUrl\":\"https:\/\/happyinaknit.com\/wp-content\/uploads\/2025\/10\/Vadsoe_Crossbody-Living-BG5188-14_1800x1800.jpg.webp\",\"width\":1200,\"height\":1800},{\"@type\":\"BreadcrumbList\",\"@id\":\"https:\/\/happyinaknit.com\/produktas\/muud-vadso-whisky\/#breadcrumb\",\"itemListElement\":[{\"@type\":\"ListItem\",\"position\":1,\"name\":\"Home\",\"item\":\"https:\/\/happyinaknit.com\/lt\/\"},{\"@type\":\"ListItem\",\"position\":2,\"name\":\"Parduotuv\u0117\",\"item\":\"https:\/\/happyinaknit.com\/lt\/parduotuve\/\"},{\"@type\":\"ListItem\",\"position\":3,\"name\":\"Muud Vads\u00f8 Whisky\"}]},{\"@type\":\"WebSite\",\"@id\":\"https:\/\/happyinaknit.com\/lt\/#website\",\"url\":\"https:\/\/happyinaknit.com\/lt\/\",\"name\":\"Happyinaknit.com\",\"description\":\"\",\"potentialAction\":[{\"@type\":\"SearchAction\",\"target\":{\"@type\":\"EntryPoint\",\"urlTemplate\":\"https:\/\/happyinaknit.com\/lt\/?s={search_term_string}\"},\"query-input\":{\"@type\":\"PropertyValueSpecification\",\"valueRequired\":true,\"valueName\":\"search_term_string\"}}],\"inLanguage\":\"lt-LT\"}]}<\/script>\n<!-- \/ Yoast SEO plugin. -->","yoast_head_json":{"title":"Muud Vads\u00f8 Whisky - Happyinaknit.com","robots":{"index":"index","follow":"follow","max-snippet":"max-snippet:-1","max-image-preview":"max-image-preview:large","max-video-preview":"max-video-preview:-1"},"canonical":"https:\/\/happyinaknit.com\/lt\/produktas\/muud-vadso-whisky\/","og_locale":"lt_LT","og_type":"article","og_title":"Muud Vads\u00f8 Whisky - Happyinaknit.com","og_description":"\u0160i eleganti\u0161ka kasdien\u0117 rankin\u0117 pagaminta rankomis i\u0161 auk\u0161tos kokyb\u0117s nat\u016bralios odos \u2013 tai stilingas ir ilgaam\u017eis aksesuaras, kuris i\u0161liks patikimas daugel\u012f met\u0173. Rankin\u0117 turi reguliuojam\u0105 peties dir\u017eel\u012f, kur\u012f galima pritaikyti pagal poreik\u012f, tod\u0117l j\u0105 patogu ne\u0161ioti tiek kasdien, tiek kaip delnin\u0119 (clutch). D\u0117ka apgalvoto dizaino rankin\u0117 yra ne tik gra\u017ei, bet ir funkcionali. Viduje \u2013 [&hellip;]","og_url":"https:\/\/happyinaknit.com\/lt\/produktas\/muud-vadso-whisky\/","og_site_name":"Happyinaknit.com","article_modified_time":"2025-10-12T12:53:13+00:00","og_image":[{"width":1200,"height":1800,"url":"https:\/\/happyinaknit.com\/wp-content\/uploads\/2025\/10\/Vadsoe_Crossbody-Living-BG5188-14_1800x1800.jpg.webp","type":"image\/webp"}],"twitter_card":"summary_large_image","twitter_misc":{"Est. reading time":"1 minut\u0117"},"schema":{"@context":"https:\/\/schema.org","@graph":[{"@type":"WebPage","@id":"https:\/\/happyinaknit.com\/produktas\/muud-vadso-whisky\/","url":"https:\/\/happyinaknit.com\/produktas\/muud-vadso-whisky\/","name":"Muud Vads\u00f8 Whisky - Happyinaknit.com","isPartOf":{"@id":"https:\/\/happyinaknit.com\/lt\/#website"},"primaryImageOfPage":{"@id":"https:\/\/happyinaknit.com\/produktas\/muud-vadso-whisky\/#primaryimage"},"image":{"@id":"https:\/\/happyinaknit.com\/produktas\/muud-vadso-whisky\/#primaryimage"},"thumbnailUrl":"https:\/\/happyinaknit.com\/wp-content\/uploads\/2025\/10\/Vadsoe_Crossbody-Living-BG5188-14_1800x1800.jpg.webp","datePublished":"2025-10-06T20:18:11+00:00","dateModified":"2025-10-12T12:53:13+00:00","breadcrumb":{"@id":"https:\/\/happyinaknit.com\/produktas\/muud-vadso-whisky\/#breadcrumb"},"inLanguage":"lt-LT","potentialAction":[{"@type":"ReadAction","target":["https:\/\/happyinaknit.com\/produktas\/muud-vadso-whisky\/"]}]},{"@type":"ImageObject","inLanguage":"lt-LT","@id":"https:\/\/happyinaknit.com\/produktas\/muud-vadso-whisky\/#primaryimage","url":"https:\/\/happyinaknit.com\/wp-content\/uploads\/2025\/10\/Vadsoe_Crossbody-Living-BG5188-14_1800x1800.jpg.webp","contentUrl":"https:\/\/happyinaknit.com\/wp-content\/uploads\/2025\/10\/Vadsoe_Crossbody-Living-BG5188-14_1800x1800.jpg.webp","width":1200,"height":1800},{"@type":"BreadcrumbList","@id":"https:\/\/happyinaknit.com\/produktas\/muud-vadso-whisky\/#breadcrumb","itemListElement":[{"@type":"ListItem","position":1,"name":"Home","item":"https:\/\/happyinaknit.com\/lt\/"},{"@type":"ListItem","position":2,"name":"Parduotuv\u0117","item":"https:\/\/happyinaknit.com\/lt\/parduotuve\/"},{"@type":"ListItem","position":3,"name":"Muud Vads\u00f8 Whisky"}]},{"@type":"WebSite","@id":"https:\/\/happyinaknit.com\/lt\/#website","url":"https:\/\/happyinaknit.com\/lt\/","name":"Happyinaknit.com","description":"","potentialAction":[{"@type":"SearchAction","target":{"@type":"EntryPoint","urlTemplate":"https:\/\/happyinaknit.com\/lt\/?s={search_term_string}"},"query-input":{"@type":"PropertyValueSpecification","valueRequired":true,"valueName":"search_term_string"}}],"inLanguage":"lt-LT"}]}},"_links":{"self":[{"href":"https:\/\/happyinaknit.com\/lt\/wp-json\/wp\/v2\/product\/3117","targetHints":{"allow":["GET"]}}],"collection":[{"href":"https:\/\/happyinaknit.com\/lt\/wp-json\/wp\/v2\/product"}],"about":[{"href":"https:\/\/happyinaknit.com\/lt\/wp-json\/wp\/v2\/types\/product"}],"replies":[{"embeddable":true,"href":"https:\/\/happyinaknit.com\/lt\/wp-json\/wp\/v2\/comments?post=3117"}],"wp:featuredmedia":[{"embeddable":true,"href":"https:\/\/happyinaknit.com\/lt\/wp-json\/wp\/v2\/media\/3120"}],"wp:attachment":[{"href":"https:\/\/happyinaknit.com\/lt\/wp-json\/wp\/v2\/media?parent=3117"}],"wp:term":[{"taxonomy":"product_brand","embeddable":true,"href":"https:\/\/happyinaknit.com\/lt\/wp-json\/wp\/v2\/product_brand?post=3117"},{"taxonomy":"product_cat","embeddable":true,"href":"https:\/\/happyinaknit.com\/lt\/wp-json\/wp\/v2\/product_cat?post=3117"},{"taxonomy":"product_tag","embeddable":true,"href":"https:\/\/happyinaknit.com\/lt\/wp-json\/wp\/v2\/product_tag?post=3117"},{"taxonomy":"pro-kategorijos","embeddable":true,"href":"https:\/\/happyinaknit.com\/lt\/wp-json\/wp\/v2\/pro-kategorijos?post=3117"}],"curies":[{"name":"wp","href":"https:\/\/api.w.org\/{rel}","templated":true}]}}