{"id":3108,"date":"2025-10-06T20:11:58","date_gmt":"2025-10-06T20:11:58","guid":{"rendered":"https:\/\/happyinaknit.com\/?post_type=product&#038;p=3108"},"modified":"2025-10-12T12:53:14","modified_gmt":"2025-10-12T12:53:14","slug":"muud-betina-xl-whisky","status":"publish","type":"product","link":"https:\/\/happyinaknit.com\/lt\/produktas\/muud-betina-xl-whisky\/","title":{"rendered":"Muud Betina XL Whisky"},"content":{"rendered":"<p data-start=\"102\" data-end=\"453\"><strong data-start=\"175\" data-end=\"188\">Betina XL<\/strong> \u2013 tai erdvus ir prakti\u0161kas rank\u0173 darbo d\u0117klas, sukurtas tiems, kurie nori tvarkingai laikyti <strong data-start=\"292\" data-end=\"333\">kei\u010diamos galvut\u0117s virbalus ir laidus<\/strong>. \u0160is modelis \u2013 tai padidinta klasikinio \u201eBetina\u201c d\u0117klo versija, suteikianti dar daugiau vietos \u012frankiams ir priedams.<\/p>\n<p data-start=\"455\" data-end=\"845\">Pagamintas i\u0161 <strong data-start=\"469\" data-end=\"514\">mink\u0161tos, auk\u0161tos kokyb\u0117s nat\u016bralios odos<\/strong>, kuri laikui b\u0117gant gra\u017eiai sensta ir \u012fgauna unikal\u0173 charakter\u012f. D\u0117kle yra keli <strong data-start=\"595\" data-end=\"638\">patog\u016bs skyreliai apskritiems virbalams<\/strong> bei kitiems priedams laikyti. Sagut\u0117s u\u017esegimas su dviem dyd\u017ei\u0173 pasirinkimais leid\u017eia reguliuoti d\u0117klo talpum\u0105 pagal turin\u012f, u\u017etikrinant, kad viskas liks saugiai savo vietoje tiek namuose, tiek kelion\u0117se.<\/p>\n<ul data-start=\"847\" data-end=\"1201\">\n<li data-start=\"847\" data-end=\"1057\">\n<p data-start=\"849\" data-end=\"863\"><strong data-start=\"849\" data-end=\"861\">Savyb\u0117s:<\/strong><\/p>\n<ul data-start=\"866\" data-end=\"1057\">\n<li data-start=\"866\" data-end=\"906\">\n<p data-start=\"868\" data-end=\"906\">XL versija klasikinio \u201eBetina\u201c d\u0117klo<\/p>\n<\/li>\n<li data-start=\"909\" data-end=\"958\">\n<p data-start=\"911\" data-end=\"958\">Keli skyriai apskritiems virbalams ir laidams<\/p>\n<\/li>\n<li data-start=\"961\" data-end=\"1007\">\n<p data-start=\"963\" data-end=\"1007\">Rank\u0173 darbo, pagamintas i\u0161 nat\u016bralios odos<\/p>\n<\/li>\n<li data-start=\"1010\" data-end=\"1057\">\n<p data-start=\"1012\" data-end=\"1057\">U\u017edarymas su sagute (2 dyd\u017ei\u0173 pasirinkimai)<\/p>\n<\/li>\n<\/ul>\n<\/li>\n<li data-start=\"1058\" data-end=\"1170\">\n<p data-start=\"1060\" data-end=\"1078\"><strong data-start=\"1060\" data-end=\"1076\">I\u0161matavimai:<\/strong><\/p>\n<ul data-start=\"1081\" data-end=\"1170\">\n<li data-start=\"1081\" data-end=\"1099\">\n<p data-start=\"1083\" data-end=\"1099\">Auk\u0161tis: 18 cm<\/p>\n<\/li>\n<li data-start=\"1102\" data-end=\"1119\">\n<p data-start=\"1104\" data-end=\"1119\">Plotis: 15 cm<\/p>\n<\/li>\n<li data-start=\"1122\" data-end=\"1150\">\n<p data-start=\"1124\" data-end=\"1150\">Ki\u0161en\u0117li\u0173 auk\u0161tis: 15 cm<\/p>\n<\/li>\n<li data-start=\"1153\" data-end=\"1170\">\n<p data-start=\"1155\" data-end=\"1170\">Svoris: 775 g<\/p>\n<\/li>\n<\/ul>\n<\/li>\n<li data-start=\"1171\" data-end=\"1201\">\n<p data-start=\"1173\" data-end=\"1201\"><strong data-start=\"1173\" data-end=\"1186\">Med\u017eiaga:<\/strong> nat\u016brali oda<\/p>\n<\/li>\n<\/ul>\n","protected":false},"excerpt":{"rendered":"<p>Betina XL \u2013 tai erdvus ir prakti\u0161kas rank\u0173 darbo d\u0117klas, sukurtas tiems, kurie nori tvarkingai laikyti kei\u010diamos galvut\u0117s virbalus ir laidus. \u0160is modelis \u2013 tai padidinta klasikinio \u201eBetina\u201c d\u0117klo versija, suteikianti dar daugiau vietos \u012frankiams ir priedams. Pagamintas i\u0161 mink\u0161tos, auk\u0161tos kokyb\u0117s nat\u016bralios odos, kuri laikui b\u0117gant gra\u017eiai sensta ir \u012fgauna unikal\u0173 charakter\u012f. D\u0117kle yra [&hellip;]<\/p>\n","protected":false},"featured_media":3116,"comment_status":"open","ping_status":"closed","template":"","meta":{"_acf_changed":false},"product_brand":[613],"product_cat":[15,1079,20],"product_tag":[],"pro-kategorijos":[],"class_list":{"0":"post-3108","1":"product","2":"type-product","3":"status-publish","4":"has-post-thumbnail","6":"product_brand-muud","7":"product_cat-visi-produktai","8":"product_cat-deklai","9":"product_cat-priedai-mezgimui","11":"first","12":"instock","13":"shipping-taxable","14":"purchasable","15":"product-type-simple"},"acf":[],"yoast_head":"<!-- This site is optimized with the Yoast SEO plugin v26.8 - https:\/\/yoast.com\/product\/yoast-seo-wordpress\/ -->\n<title>Muud Betina XL Whisky - Happyinaknit.com<\/title>\n<meta name=\"robots\" content=\"index, follow, max-snippet:-1, max-image-preview:large, max-video-preview:-1\" \/>\n<link rel=\"canonical\" href=\"https:\/\/happyinaknit.com\/lt\/produktas\/muud-betina-xl-whisky\/\" \/>\n<meta property=\"og:locale\" content=\"lt_LT\" \/>\n<meta property=\"og:type\" content=\"article\" \/>\n<meta property=\"og:title\" content=\"Muud Betina XL Whisky - Happyinaknit.com\" \/>\n<meta property=\"og:description\" content=\"Betina XL \u2013 tai erdvus ir prakti\u0161kas rank\u0173 darbo d\u0117klas, sukurtas tiems, kurie nori tvarkingai laikyti kei\u010diamos galvut\u0117s virbalus ir laidus. \u0160is modelis \u2013 tai padidinta klasikinio \u201eBetina\u201c d\u0117klo versija, suteikianti dar daugiau vietos \u012frankiams ir priedams. Pagamintas i\u0161 mink\u0161tos, auk\u0161tos kokyb\u0117s nat\u016bralios odos, kuri laikui b\u0117gant gra\u017eiai sensta ir \u012fgauna unikal\u0173 charakter\u012f. D\u0117kle yra [&hellip;]\" \/>\n<meta property=\"og:url\" content=\"https:\/\/happyinaknit.com\/lt\/produktas\/muud-betina-xl-whisky\/\" \/>\n<meta property=\"og:site_name\" content=\"Happyinaknit.com\" \/>\n<meta property=\"article:modified_time\" content=\"2025-10-12T12:53:14+00:00\" \/>\n<meta property=\"og:image\" content=\"https:\/\/happyinaknit.com\/wp-content\/uploads\/2025\/10\/Betina_XL_Etui-pre-news-QB-4619-Whisky-1_1800x1800.jpg-1.webp\" \/>\n\t<meta property=\"og:image:width\" content=\"1200\" \/>\n\t<meta property=\"og:image:height\" content=\"1800\" \/>\n\t<meta property=\"og:image:type\" content=\"image\/webp\" \/>\n<meta name=\"twitter:card\" content=\"summary_large_image\" \/>\n<meta name=\"twitter:label1\" content=\"Est. reading time\" \/>\n\t<meta name=\"twitter:data1\" content=\"1 minut\u0117\" \/>\n<script type=\"application\/ld+json\" class=\"yoast-schema-graph\">{\"@context\":\"https:\/\/schema.org\",\"@graph\":[{\"@type\":\"WebPage\",\"@id\":\"https:\/\/happyinaknit.com\/produktas\/muud-betina-xl-whisky\/\",\"url\":\"https:\/\/happyinaknit.com\/produktas\/muud-betina-xl-whisky\/\",\"name\":\"Muud Betina XL Whisky - Happyinaknit.com\",\"isPartOf\":{\"@id\":\"https:\/\/happyinaknit.com\/lt\/#website\"},\"primaryImageOfPage\":{\"@id\":\"https:\/\/happyinaknit.com\/produktas\/muud-betina-xl-whisky\/#primaryimage\"},\"image\":{\"@id\":\"https:\/\/happyinaknit.com\/produktas\/muud-betina-xl-whisky\/#primaryimage\"},\"thumbnailUrl\":\"https:\/\/happyinaknit.com\/wp-content\/uploads\/2025\/10\/Betina_XL_Etui-pre-news-QB-4619-Whisky-1_1800x1800.jpg-1.webp\",\"datePublished\":\"2025-10-06T20:11:58+00:00\",\"dateModified\":\"2025-10-12T12:53:14+00:00\",\"breadcrumb\":{\"@id\":\"https:\/\/happyinaknit.com\/produktas\/muud-betina-xl-whisky\/#breadcrumb\"},\"inLanguage\":\"lt-LT\",\"potentialAction\":[{\"@type\":\"ReadAction\",\"target\":[\"https:\/\/happyinaknit.com\/produktas\/muud-betina-xl-whisky\/\"]}]},{\"@type\":\"ImageObject\",\"inLanguage\":\"lt-LT\",\"@id\":\"https:\/\/happyinaknit.com\/produktas\/muud-betina-xl-whisky\/#primaryimage\",\"url\":\"https:\/\/happyinaknit.com\/wp-content\/uploads\/2025\/10\/Betina_XL_Etui-pre-news-QB-4619-Whisky-1_1800x1800.jpg-1.webp\",\"contentUrl\":\"https:\/\/happyinaknit.com\/wp-content\/uploads\/2025\/10\/Betina_XL_Etui-pre-news-QB-4619-Whisky-1_1800x1800.jpg-1.webp\",\"width\":1200,\"height\":1800},{\"@type\":\"BreadcrumbList\",\"@id\":\"https:\/\/happyinaknit.com\/produktas\/muud-betina-xl-whisky\/#breadcrumb\",\"itemListElement\":[{\"@type\":\"ListItem\",\"position\":1,\"name\":\"Home\",\"item\":\"https:\/\/happyinaknit.com\/lt\/\"},{\"@type\":\"ListItem\",\"position\":2,\"name\":\"Parduotuv\u0117\",\"item\":\"https:\/\/happyinaknit.com\/lt\/parduotuve\/\"},{\"@type\":\"ListItem\",\"position\":3,\"name\":\"Muud Betina XL Whisky\"}]},{\"@type\":\"WebSite\",\"@id\":\"https:\/\/happyinaknit.com\/lt\/#website\",\"url\":\"https:\/\/happyinaknit.com\/lt\/\",\"name\":\"Happyinaknit.com\",\"description\":\"\",\"potentialAction\":[{\"@type\":\"SearchAction\",\"target\":{\"@type\":\"EntryPoint\",\"urlTemplate\":\"https:\/\/happyinaknit.com\/lt\/?s={search_term_string}\"},\"query-input\":{\"@type\":\"PropertyValueSpecification\",\"valueRequired\":true,\"valueName\":\"search_term_string\"}}],\"inLanguage\":\"lt-LT\"}]}<\/script>\n<!-- \/ Yoast SEO plugin. -->","yoast_head_json":{"title":"Muud Betina XL Whisky - Happyinaknit.com","robots":{"index":"index","follow":"follow","max-snippet":"max-snippet:-1","max-image-preview":"max-image-preview:large","max-video-preview":"max-video-preview:-1"},"canonical":"https:\/\/happyinaknit.com\/lt\/produktas\/muud-betina-xl-whisky\/","og_locale":"lt_LT","og_type":"article","og_title":"Muud Betina XL Whisky - Happyinaknit.com","og_description":"Betina XL \u2013 tai erdvus ir prakti\u0161kas rank\u0173 darbo d\u0117klas, sukurtas tiems, kurie nori tvarkingai laikyti kei\u010diamos galvut\u0117s virbalus ir laidus. \u0160is modelis \u2013 tai padidinta klasikinio \u201eBetina\u201c d\u0117klo versija, suteikianti dar daugiau vietos \u012frankiams ir priedams. Pagamintas i\u0161 mink\u0161tos, auk\u0161tos kokyb\u0117s nat\u016bralios odos, kuri laikui b\u0117gant gra\u017eiai sensta ir \u012fgauna unikal\u0173 charakter\u012f. D\u0117kle yra [&hellip;]","og_url":"https:\/\/happyinaknit.com\/lt\/produktas\/muud-betina-xl-whisky\/","og_site_name":"Happyinaknit.com","article_modified_time":"2025-10-12T12:53:14+00:00","og_image":[{"width":1200,"height":1800,"url":"https:\/\/happyinaknit.com\/wp-content\/uploads\/2025\/10\/Betina_XL_Etui-pre-news-QB-4619-Whisky-1_1800x1800.jpg-1.webp","type":"image\/webp"}],"twitter_card":"summary_large_image","twitter_misc":{"Est. reading time":"1 minut\u0117"},"schema":{"@context":"https:\/\/schema.org","@graph":[{"@type":"WebPage","@id":"https:\/\/happyinaknit.com\/produktas\/muud-betina-xl-whisky\/","url":"https:\/\/happyinaknit.com\/produktas\/muud-betina-xl-whisky\/","name":"Muud Betina XL Whisky - Happyinaknit.com","isPartOf":{"@id":"https:\/\/happyinaknit.com\/lt\/#website"},"primaryImageOfPage":{"@id":"https:\/\/happyinaknit.com\/produktas\/muud-betina-xl-whisky\/#primaryimage"},"image":{"@id":"https:\/\/happyinaknit.com\/produktas\/muud-betina-xl-whisky\/#primaryimage"},"thumbnailUrl":"https:\/\/happyinaknit.com\/wp-content\/uploads\/2025\/10\/Betina_XL_Etui-pre-news-QB-4619-Whisky-1_1800x1800.jpg-1.webp","datePublished":"2025-10-06T20:11:58+00:00","dateModified":"2025-10-12T12:53:14+00:00","breadcrumb":{"@id":"https:\/\/happyinaknit.com\/produktas\/muud-betina-xl-whisky\/#breadcrumb"},"inLanguage":"lt-LT","potentialAction":[{"@type":"ReadAction","target":["https:\/\/happyinaknit.com\/produktas\/muud-betina-xl-whisky\/"]}]},{"@type":"ImageObject","inLanguage":"lt-LT","@id":"https:\/\/happyinaknit.com\/produktas\/muud-betina-xl-whisky\/#primaryimage","url":"https:\/\/happyinaknit.com\/wp-content\/uploads\/2025\/10\/Betina_XL_Etui-pre-news-QB-4619-Whisky-1_1800x1800.jpg-1.webp","contentUrl":"https:\/\/happyinaknit.com\/wp-content\/uploads\/2025\/10\/Betina_XL_Etui-pre-news-QB-4619-Whisky-1_1800x1800.jpg-1.webp","width":1200,"height":1800},{"@type":"BreadcrumbList","@id":"https:\/\/happyinaknit.com\/produktas\/muud-betina-xl-whisky\/#breadcrumb","itemListElement":[{"@type":"ListItem","position":1,"name":"Home","item":"https:\/\/happyinaknit.com\/lt\/"},{"@type":"ListItem","position":2,"name":"Parduotuv\u0117","item":"https:\/\/happyinaknit.com\/lt\/parduotuve\/"},{"@type":"ListItem","position":3,"name":"Muud Betina XL Whisky"}]},{"@type":"WebSite","@id":"https:\/\/happyinaknit.com\/lt\/#website","url":"https:\/\/happyinaknit.com\/lt\/","name":"Happyinaknit.com","description":"","potentialAction":[{"@type":"SearchAction","target":{"@type":"EntryPoint","urlTemplate":"https:\/\/happyinaknit.com\/lt\/?s={search_term_string}"},"query-input":{"@type":"PropertyValueSpecification","valueRequired":true,"valueName":"search_term_string"}}],"inLanguage":"lt-LT"}]}},"_links":{"self":[{"href":"https:\/\/happyinaknit.com\/lt\/wp-json\/wp\/v2\/product\/3108","targetHints":{"allow":["GET"]}}],"collection":[{"href":"https:\/\/happyinaknit.com\/lt\/wp-json\/wp\/v2\/product"}],"about":[{"href":"https:\/\/happyinaknit.com\/lt\/wp-json\/wp\/v2\/types\/product"}],"replies":[{"embeddable":true,"href":"https:\/\/happyinaknit.com\/lt\/wp-json\/wp\/v2\/comments?post=3108"}],"wp:featuredmedia":[{"embeddable":true,"href":"https:\/\/happyinaknit.com\/lt\/wp-json\/wp\/v2\/media\/3116"}],"wp:attachment":[{"href":"https:\/\/happyinaknit.com\/lt\/wp-json\/wp\/v2\/media?parent=3108"}],"wp:term":[{"taxonomy":"product_brand","embeddable":true,"href":"https:\/\/happyinaknit.com\/lt\/wp-json\/wp\/v2\/product_brand?post=3108"},{"taxonomy":"product_cat","embeddable":true,"href":"https:\/\/happyinaknit.com\/lt\/wp-json\/wp\/v2\/product_cat?post=3108"},{"taxonomy":"product_tag","embeddable":true,"href":"https:\/\/happyinaknit.com\/lt\/wp-json\/wp\/v2\/product_tag?post=3108"},{"taxonomy":"pro-kategorijos","embeddable":true,"href":"https:\/\/happyinaknit.com\/lt\/wp-json\/wp\/v2\/pro-kategorijos?post=3108"}],"curies":[{"name":"wp","href":"https:\/\/api.w.org\/{rel}","templated":true}]}}