{"id":3057,"date":"2025-10-06T19:23:34","date_gmt":"2025-10-06T19:23:34","guid":{"rendered":"https:\/\/happyinaknit.com\/?post_type=product&#038;p=3057"},"modified":"2025-10-28T09:50:28","modified_gmt":"2025-10-28T09:50:28","slug":"muud-liv-black","status":"publish","type":"product","link":"https:\/\/happyinaknit.com\/lt\/produktas\/muud-liv-black\/","title":{"rendered":"Muud Liv Black"},"content":{"rendered":"<p data-start=\"92\" data-end=\"456\"><strong data-start=\"143\" data-end=\"150\">Liv<\/strong> \u2013 tai eleganti\u0161kas rank\u0173 darbo odinis d\u0117klas, sukurtas tvarkingai laikyti \u012fvairius k\u016brybinius \u012frankius: nuo virbal\u0173 ir si\u016bl\u0173 iki \u017eirkli\u0173, centimetro ar \u017eymekli\u0173. Kompakti\u0161kas dydis leid\u017eia lengvai \u012fsid\u0117ti d\u0117kl\u0105 \u012f projekt\u0173 krep\u0161\u012f ir tur\u0117ti visus reikalingus \u012frankius kartu, kad ir kur b\u016btum\u0117te.<\/p>\n<p data-start=\"458\" data-end=\"675\">Pagamintas i\u0161 auk\u0161tos kokyb\u0117s nat\u016bralios odos, \u201eLiv\u201c i\u0161siskiria ilgaam\u017ei\u0161kumu ir rafinuotu dizainu. D\u0117klas turi <strong data-start=\"570\" data-end=\"592\">u\u017esegim\u0105 su sagute<\/strong> ir <strong data-start=\"596\" data-end=\"628\">vidin\u0119 ki\u0161en\u0119 su u\u017etrauktuku<\/strong>, kurioje patogu laikyti smulkesnius daiktus.<\/p>\n<ul data-start=\"677\" data-end=\"1027\">\n<li data-start=\"677\" data-end=\"856\">\n<p data-start=\"679\" data-end=\"693\"><strong data-start=\"679\" data-end=\"691\">Savyb\u0117s:<\/strong><\/p>\n<ul data-start=\"696\" data-end=\"856\">\n<li data-start=\"696\" data-end=\"742\">\n<p data-start=\"698\" data-end=\"742\">Rank\u0173 darbo, pagamintas i\u0161 nat\u016bralios odos<\/p>\n<\/li>\n<li data-start=\"745\" data-end=\"795\">\n<p data-start=\"747\" data-end=\"795\">Patogus sprendimas smulkiems \u012frankiams laikyti<\/p>\n<\/li>\n<li data-start=\"798\" data-end=\"821\">\n<p data-start=\"800\" data-end=\"821\">U\u017edarymas su sagute<\/p>\n<\/li>\n<li data-start=\"824\" data-end=\"856\">\n<p data-start=\"826\" data-end=\"856\">Vidin\u0117 ki\u0161en\u0117 su u\u017etrauktuku<\/p>\n<\/li>\n<\/ul>\n<\/li>\n<li data-start=\"857\" data-end=\"918\">\n<p data-start=\"859\" data-end=\"877\"><strong data-start=\"859\" data-end=\"875\">I\u0161matavimai:<\/strong><\/p>\n<ul data-start=\"880\" data-end=\"918\">\n<li data-start=\"880\" data-end=\"898\">\n<p data-start=\"882\" data-end=\"898\">Auk\u0161tis: 10 cm<\/p>\n<\/li>\n<li data-start=\"901\" data-end=\"918\">\n<p data-start=\"903\" data-end=\"918\">Plotis: 21 cm<\/p>\n<\/li>\n<\/ul>\n<\/li>\n<li data-start=\"919\" data-end=\"949\">\n<p data-start=\"921\" data-end=\"949\"><strong data-start=\"921\" data-end=\"934\">Med\u017eiaga:<\/strong> nat\u016brali oda<\/p>\n<\/li>\n<li data-start=\"950\" data-end=\"1027\">\n<p data-start=\"952\" data-end=\"1027\"><strong data-start=\"952\" data-end=\"966\">Pamu\u0161alas:<\/strong> ra\u0161tuotas polidrilas su lygiu pavir\u0161iumi \u2013 lengvai valomas<\/p>\n<\/li>\n<\/ul>\n","protected":false},"excerpt":{"rendered":"<p>Liv \u2013 tai eleganti\u0161kas rank\u0173 darbo odinis d\u0117klas, sukurtas tvarkingai laikyti \u012fvairius k\u016brybinius \u012frankius: nuo virbal\u0173 ir si\u016bl\u0173 iki \u017eirkli\u0173, centimetro ar \u017eymekli\u0173. Kompakti\u0161kas dydis leid\u017eia lengvai \u012fsid\u0117ti d\u0117kl\u0105 \u012f projekt\u0173 krep\u0161\u012f ir tur\u0117ti visus reikalingus \u012frankius kartu, kad ir kur b\u016btum\u0117te. Pagamintas i\u0161 auk\u0161tos kokyb\u0117s nat\u016bralios odos, \u201eLiv\u201c i\u0161siskiria ilgaam\u017ei\u0161kumu ir rafinuotu dizainu. D\u0117klas [&hellip;]<\/p>\n","protected":false},"featured_media":3060,"comment_status":"open","ping_status":"closed","template":"","meta":{"_acf_changed":false},"product_brand":[613],"product_cat":[15,1079,20],"product_tag":[],"pro-kategorijos":[],"class_list":{"0":"post-3057","1":"product","2":"type-product","3":"status-publish","4":"has-post-thumbnail","6":"product_brand-muud","7":"product_cat-visi-produktai","8":"product_cat-deklai","9":"product_cat-priedai-mezgimui","11":"first","12":"instock","13":"shipping-taxable","14":"purchasable","15":"product-type-simple"},"acf":[],"yoast_head":"<!-- This site is optimized with the Yoast SEO plugin v26.8 - https:\/\/yoast.com\/product\/yoast-seo-wordpress\/ -->\n<title>Muud Liv Black - Happyinaknit.com<\/title>\n<meta name=\"robots\" content=\"index, follow, max-snippet:-1, max-image-preview:large, max-video-preview:-1\" \/>\n<link rel=\"canonical\" href=\"https:\/\/happyinaknit.com\/lt\/produktas\/muud-liv-black\/\" \/>\n<meta property=\"og:locale\" content=\"lt_LT\" \/>\n<meta property=\"og:type\" content=\"article\" \/>\n<meta property=\"og:title\" content=\"Muud Liv Black - Happyinaknit.com\" \/>\n<meta property=\"og:description\" content=\"Liv \u2013 tai eleganti\u0161kas rank\u0173 darbo odinis d\u0117klas, sukurtas tvarkingai laikyti \u012fvairius k\u016brybinius \u012frankius: nuo virbal\u0173 ir si\u016bl\u0173 iki \u017eirkli\u0173, centimetro ar \u017eymekli\u0173. Kompakti\u0161kas dydis leid\u017eia lengvai \u012fsid\u0117ti d\u0117kl\u0105 \u012f projekt\u0173 krep\u0161\u012f ir tur\u0117ti visus reikalingus \u012frankius kartu, kad ir kur b\u016btum\u0117te. Pagamintas i\u0161 auk\u0161tos kokyb\u0117s nat\u016bralios odos, \u201eLiv\u201c i\u0161siskiria ilgaam\u017ei\u0161kumu ir rafinuotu dizainu. D\u0117klas [&hellip;]\" \/>\n<meta property=\"og:url\" content=\"https:\/\/happyinaknit.com\/lt\/produktas\/muud-liv-black\/\" \/>\n<meta property=\"og:site_name\" content=\"Happyinaknit.com\" \/>\n<meta property=\"article:modified_time\" content=\"2025-10-28T09:50:28+00:00\" \/>\n<meta property=\"og:image\" content=\"https:\/\/happyinaknit.com\/wp-content\/uploads\/2025\/10\/IMG_8522.jpg\" \/>\n\t<meta property=\"og:image:width\" content=\"1320\" \/>\n\t<meta property=\"og:image:height\" content=\"1549\" \/>\n\t<meta property=\"og:image:type\" content=\"image\/jpeg\" \/>\n<meta name=\"twitter:card\" content=\"summary_large_image\" \/>\n<meta name=\"twitter:label1\" content=\"Est. reading time\" \/>\n\t<meta name=\"twitter:data1\" content=\"1 minut\u0117\" \/>\n<script type=\"application\/ld+json\" class=\"yoast-schema-graph\">{\"@context\":\"https:\/\/schema.org\",\"@graph\":[{\"@type\":\"WebPage\",\"@id\":\"https:\/\/happyinaknit.com\/produktas\/muud-liv-black\/\",\"url\":\"https:\/\/happyinaknit.com\/produktas\/muud-liv-black\/\",\"name\":\"Muud Liv Black - Happyinaknit.com\",\"isPartOf\":{\"@id\":\"https:\/\/happyinaknit.com\/lt\/#website\"},\"primaryImageOfPage\":{\"@id\":\"https:\/\/happyinaknit.com\/produktas\/muud-liv-black\/#primaryimage\"},\"image\":{\"@id\":\"https:\/\/happyinaknit.com\/produktas\/muud-liv-black\/#primaryimage\"},\"thumbnailUrl\":\"https:\/\/happyinaknit.com\/wp-content\/uploads\/2025\/10\/IMG_8522.jpg\",\"datePublished\":\"2025-10-06T19:23:34+00:00\",\"dateModified\":\"2025-10-28T09:50:28+00:00\",\"breadcrumb\":{\"@id\":\"https:\/\/happyinaknit.com\/produktas\/muud-liv-black\/#breadcrumb\"},\"inLanguage\":\"lt-LT\",\"potentialAction\":[{\"@type\":\"ReadAction\",\"target\":[\"https:\/\/happyinaknit.com\/produktas\/muud-liv-black\/\"]}]},{\"@type\":\"ImageObject\",\"inLanguage\":\"lt-LT\",\"@id\":\"https:\/\/happyinaknit.com\/produktas\/muud-liv-black\/#primaryimage\",\"url\":\"https:\/\/happyinaknit.com\/wp-content\/uploads\/2025\/10\/IMG_8522.jpg\",\"contentUrl\":\"https:\/\/happyinaknit.com\/wp-content\/uploads\/2025\/10\/IMG_8522.jpg\",\"width\":1320,\"height\":1549},{\"@type\":\"BreadcrumbList\",\"@id\":\"https:\/\/happyinaknit.com\/produktas\/muud-liv-black\/#breadcrumb\",\"itemListElement\":[{\"@type\":\"ListItem\",\"position\":1,\"name\":\"Home\",\"item\":\"https:\/\/happyinaknit.com\/lt\/\"},{\"@type\":\"ListItem\",\"position\":2,\"name\":\"Parduotuv\u0117\",\"item\":\"https:\/\/happyinaknit.com\/lt\/parduotuve\/\"},{\"@type\":\"ListItem\",\"position\":3,\"name\":\"Muud Liv Black\"}]},{\"@type\":\"WebSite\",\"@id\":\"https:\/\/happyinaknit.com\/lt\/#website\",\"url\":\"https:\/\/happyinaknit.com\/lt\/\",\"name\":\"Happyinaknit.com\",\"description\":\"\",\"potentialAction\":[{\"@type\":\"SearchAction\",\"target\":{\"@type\":\"EntryPoint\",\"urlTemplate\":\"https:\/\/happyinaknit.com\/lt\/?s={search_term_string}\"},\"query-input\":{\"@type\":\"PropertyValueSpecification\",\"valueRequired\":true,\"valueName\":\"search_term_string\"}}],\"inLanguage\":\"lt-LT\"}]}<\/script>\n<!-- \/ Yoast SEO plugin. -->","yoast_head_json":{"title":"Muud Liv Black - Happyinaknit.com","robots":{"index":"index","follow":"follow","max-snippet":"max-snippet:-1","max-image-preview":"max-image-preview:large","max-video-preview":"max-video-preview:-1"},"canonical":"https:\/\/happyinaknit.com\/lt\/produktas\/muud-liv-black\/","og_locale":"lt_LT","og_type":"article","og_title":"Muud Liv Black - Happyinaknit.com","og_description":"Liv \u2013 tai eleganti\u0161kas rank\u0173 darbo odinis d\u0117klas, sukurtas tvarkingai laikyti \u012fvairius k\u016brybinius \u012frankius: nuo virbal\u0173 ir si\u016bl\u0173 iki \u017eirkli\u0173, centimetro ar \u017eymekli\u0173. Kompakti\u0161kas dydis leid\u017eia lengvai \u012fsid\u0117ti d\u0117kl\u0105 \u012f projekt\u0173 krep\u0161\u012f ir tur\u0117ti visus reikalingus \u012frankius kartu, kad ir kur b\u016btum\u0117te. Pagamintas i\u0161 auk\u0161tos kokyb\u0117s nat\u016bralios odos, \u201eLiv\u201c i\u0161siskiria ilgaam\u017ei\u0161kumu ir rafinuotu dizainu. D\u0117klas [&hellip;]","og_url":"https:\/\/happyinaknit.com\/lt\/produktas\/muud-liv-black\/","og_site_name":"Happyinaknit.com","article_modified_time":"2025-10-28T09:50:28+00:00","og_image":[{"width":1320,"height":1549,"url":"https:\/\/happyinaknit.com\/wp-content\/uploads\/2025\/10\/IMG_8522.jpg","type":"image\/jpeg"}],"twitter_card":"summary_large_image","twitter_misc":{"Est. reading time":"1 minut\u0117"},"schema":{"@context":"https:\/\/schema.org","@graph":[{"@type":"WebPage","@id":"https:\/\/happyinaknit.com\/produktas\/muud-liv-black\/","url":"https:\/\/happyinaknit.com\/produktas\/muud-liv-black\/","name":"Muud Liv Black - Happyinaknit.com","isPartOf":{"@id":"https:\/\/happyinaknit.com\/lt\/#website"},"primaryImageOfPage":{"@id":"https:\/\/happyinaknit.com\/produktas\/muud-liv-black\/#primaryimage"},"image":{"@id":"https:\/\/happyinaknit.com\/produktas\/muud-liv-black\/#primaryimage"},"thumbnailUrl":"https:\/\/happyinaknit.com\/wp-content\/uploads\/2025\/10\/IMG_8522.jpg","datePublished":"2025-10-06T19:23:34+00:00","dateModified":"2025-10-28T09:50:28+00:00","breadcrumb":{"@id":"https:\/\/happyinaknit.com\/produktas\/muud-liv-black\/#breadcrumb"},"inLanguage":"lt-LT","potentialAction":[{"@type":"ReadAction","target":["https:\/\/happyinaknit.com\/produktas\/muud-liv-black\/"]}]},{"@type":"ImageObject","inLanguage":"lt-LT","@id":"https:\/\/happyinaknit.com\/produktas\/muud-liv-black\/#primaryimage","url":"https:\/\/happyinaknit.com\/wp-content\/uploads\/2025\/10\/IMG_8522.jpg","contentUrl":"https:\/\/happyinaknit.com\/wp-content\/uploads\/2025\/10\/IMG_8522.jpg","width":1320,"height":1549},{"@type":"BreadcrumbList","@id":"https:\/\/happyinaknit.com\/produktas\/muud-liv-black\/#breadcrumb","itemListElement":[{"@type":"ListItem","position":1,"name":"Home","item":"https:\/\/happyinaknit.com\/lt\/"},{"@type":"ListItem","position":2,"name":"Parduotuv\u0117","item":"https:\/\/happyinaknit.com\/lt\/parduotuve\/"},{"@type":"ListItem","position":3,"name":"Muud Liv Black"}]},{"@type":"WebSite","@id":"https:\/\/happyinaknit.com\/lt\/#website","url":"https:\/\/happyinaknit.com\/lt\/","name":"Happyinaknit.com","description":"","potentialAction":[{"@type":"SearchAction","target":{"@type":"EntryPoint","urlTemplate":"https:\/\/happyinaknit.com\/lt\/?s={search_term_string}"},"query-input":{"@type":"PropertyValueSpecification","valueRequired":true,"valueName":"search_term_string"}}],"inLanguage":"lt-LT"}]}},"_links":{"self":[{"href":"https:\/\/happyinaknit.com\/lt\/wp-json\/wp\/v2\/product\/3057","targetHints":{"allow":["GET"]}}],"collection":[{"href":"https:\/\/happyinaknit.com\/lt\/wp-json\/wp\/v2\/product"}],"about":[{"href":"https:\/\/happyinaknit.com\/lt\/wp-json\/wp\/v2\/types\/product"}],"replies":[{"embeddable":true,"href":"https:\/\/happyinaknit.com\/lt\/wp-json\/wp\/v2\/comments?post=3057"}],"wp:featuredmedia":[{"embeddable":true,"href":"https:\/\/happyinaknit.com\/lt\/wp-json\/wp\/v2\/media\/3060"}],"wp:attachment":[{"href":"https:\/\/happyinaknit.com\/lt\/wp-json\/wp\/v2\/media?parent=3057"}],"wp:term":[{"taxonomy":"product_brand","embeddable":true,"href":"https:\/\/happyinaknit.com\/lt\/wp-json\/wp\/v2\/product_brand?post=3057"},{"taxonomy":"product_cat","embeddable":true,"href":"https:\/\/happyinaknit.com\/lt\/wp-json\/wp\/v2\/product_cat?post=3057"},{"taxonomy":"product_tag","embeddable":true,"href":"https:\/\/happyinaknit.com\/lt\/wp-json\/wp\/v2\/product_tag?post=3057"},{"taxonomy":"pro-kategorijos","embeddable":true,"href":"https:\/\/happyinaknit.com\/lt\/wp-json\/wp\/v2\/pro-kategorijos?post=3057"}],"curies":[{"name":"wp","href":"https:\/\/api.w.org\/{rel}","templated":true}]}}