{"id":3022,"date":"2025-10-06T18:50:46","date_gmt":"2025-10-06T18:50:46","guid":{"rendered":"https:\/\/happyinaknit.com\/?post_type=product&#038;p=3022"},"modified":"2025-10-28T09:52:15","modified_gmt":"2025-10-28T09:52:15","slug":"muud-stockholm-rich-brown","status":"publish","type":"product","link":"https:\/\/happyinaknit.com\/lt\/produktas\/muud-stockholm-rich-brown\/","title":{"rendered":"Muud Stockholm Rich Brown"},"content":{"rendered":"<p data-start=\"109\" data-end=\"414\"><strong data-start=\"163\" data-end=\"176\">Stockholm<\/strong> \u2013 tai eleganti\u0161kas ir funkcionalus d\u0117klas, sukurtas tvarkingai laikyti kei\u010diamos galvut\u0117s virbalus ir j\u0173 priedus. Tai nepakei\u010diamas aksesuaras tiek patyrusiems mezg\u0117jams, tiek pradedantiesiems, kurie vertina kokyb\u0119 ir tvark\u0105.<\/p>\n<p data-start=\"416\" data-end=\"788\">Rank\u0173 darbo d\u0117klas pagamintas i\u0161 auk\u0161tos kokyb\u0117s nat\u016bralios odos, kuri laikui b\u0117gant \u012fgauna dar daugiau \u017eavesio. I\u0161manus dizainas u\u017etikrina, kad visi virbalai ir priedai b\u016bt\u0173 savo vietose. D\u0117kle telpa <strong data-start=\"617\" data-end=\"655\">12 por\u0173 kei\u010diamos galvut\u0117s virbal\u0173<\/strong>(nuo 3 mm iki 8 mm), trys ki\u0161en\u0117l\u0117s laidams bei viena didesn\u0117 u\u017esegama ki\u0161en\u0117 smulkmenoms \u2013 \u017eirklut\u0117ms, centimetrui ar \u017eymekliams.<\/p>\n<ul data-start=\"790\" data-end=\"1057\">\n<li data-start=\"790\" data-end=\"946\">\n<p data-start=\"792\" data-end=\"806\"><strong data-start=\"792\" data-end=\"804\">Savyb\u0117s:<\/strong><\/p>\n<ul data-start=\"809\" data-end=\"946\">\n<li data-start=\"809\" data-end=\"842\">\n<p data-start=\"811\" data-end=\"842\">Pagamintas i\u0161 nat\u016bralios odos<\/p>\n<\/li>\n<li data-start=\"845\" data-end=\"879\">\n<p data-start=\"847\" data-end=\"879\">Ki\u0161en\u0117l\u0117s virbalams ir laidams<\/p>\n<\/li>\n<li data-start=\"882\" data-end=\"920\">\n<p data-start=\"884\" data-end=\"920\">Didel\u0117 u\u017esegama ki\u0161en\u0117 aksesuarams<\/p>\n<\/li>\n<li data-start=\"923\" data-end=\"946\">\n<p data-start=\"925\" data-end=\"946\">U\u017edarymas su sagute<\/p>\n<\/li>\n<\/ul>\n<\/li>\n<li data-start=\"947\" data-end=\"1026\">\n<p data-start=\"949\" data-end=\"967\"><strong data-start=\"949\" data-end=\"965\">I\u0161matavimai:<\/strong><\/p>\n<ul data-start=\"970\" data-end=\"1026\">\n<li data-start=\"970\" data-end=\"988\">\n<p data-start=\"972\" data-end=\"988\">Auk\u0161tis: 31 cm<\/p>\n<\/li>\n<li data-start=\"991\" data-end=\"1008\">\n<p data-start=\"993\" data-end=\"1008\">Plotis: 38 cm<\/p>\n<\/li>\n<li data-start=\"1011\" data-end=\"1026\">\n<p data-start=\"1013\" data-end=\"1026\">Gylis: 8 cm<\/p>\n<\/li>\n<\/ul>\n<\/li>\n<li data-start=\"1027\" data-end=\"1057\">\n<p data-start=\"1029\" data-end=\"1057\"><strong data-start=\"1029\" data-end=\"1042\">Med\u017eiaga:<\/strong> nat\u016brali oda<\/p>\n<\/li>\n<\/ul>\n","protected":false},"excerpt":{"rendered":"<p>Stockholm \u2013 tai eleganti\u0161kas ir funkcionalus d\u0117klas, sukurtas tvarkingai laikyti kei\u010diamos galvut\u0117s virbalus ir j\u0173 priedus. Tai nepakei\u010diamas aksesuaras tiek patyrusiems mezg\u0117jams, tiek pradedantiesiems, kurie vertina kokyb\u0119 ir tvark\u0105. Rank\u0173 darbo d\u0117klas pagamintas i\u0161 auk\u0161tos kokyb\u0117s nat\u016bralios odos, kuri laikui b\u0117gant \u012fgauna dar daugiau \u017eavesio. I\u0161manus dizainas u\u017etikrina, kad visi virbalai ir priedai b\u016bt\u0173 savo [&hellip;]<\/p>\n","protected":false},"featured_media":3023,"comment_status":"open","ping_status":"closed","template":"","meta":{"_acf_changed":false},"product_brand":[613],"product_cat":[15,1079,20],"product_tag":[],"pro-kategorijos":[],"class_list":{"0":"post-3022","1":"product","2":"type-product","3":"status-publish","4":"has-post-thumbnail","6":"product_brand-muud","7":"product_cat-visi-produktai","8":"product_cat-deklai","9":"product_cat-priedai-mezgimui","11":"first","12":"instock","13":"shipping-taxable","14":"purchasable","15":"product-type-simple"},"acf":[],"yoast_head":"<!-- This site is optimized with the Yoast SEO plugin v26.8 - https:\/\/yoast.com\/product\/yoast-seo-wordpress\/ -->\n<title>Muud Stockholm Rich Brown - Happyinaknit.com<\/title>\n<meta name=\"robots\" content=\"index, follow, max-snippet:-1, max-image-preview:large, max-video-preview:-1\" \/>\n<link rel=\"canonical\" href=\"https:\/\/happyinaknit.com\/lt\/produktas\/muud-stockholm-rich-brown\/\" \/>\n<meta property=\"og:locale\" content=\"lt_LT\" \/>\n<meta property=\"og:type\" content=\"article\" \/>\n<meta property=\"og:title\" content=\"Muud Stockholm Rich Brown - Happyinaknit.com\" \/>\n<meta property=\"og:description\" content=\"Stockholm \u2013 tai eleganti\u0161kas ir funkcionalus d\u0117klas, sukurtas tvarkingai laikyti kei\u010diamos galvut\u0117s virbalus ir j\u0173 priedus. Tai nepakei\u010diamas aksesuaras tiek patyrusiems mezg\u0117jams, tiek pradedantiesiems, kurie vertina kokyb\u0119 ir tvark\u0105. Rank\u0173 darbo d\u0117klas pagamintas i\u0161 auk\u0161tos kokyb\u0117s nat\u016bralios odos, kuri laikui b\u0117gant \u012fgauna dar daugiau \u017eavesio. I\u0161manus dizainas u\u017etikrina, kad visi virbalai ir priedai b\u016bt\u0173 savo [&hellip;]\" \/>\n<meta property=\"og:url\" content=\"https:\/\/happyinaknit.com\/lt\/produktas\/muud-stockholm-rich-brown\/\" \/>\n<meta property=\"og:site_name\" content=\"Happyinaknit.com\" \/>\n<meta property=\"article:modified_time\" content=\"2025-10-28T09:52:15+00:00\" \/>\n<meta property=\"og:image\" content=\"https:\/\/happyinaknit.com\/wp-content\/uploads\/2025\/10\/Stockholm_RichBrown_AFront_1800x1800.jpg.webp\" \/>\n\t<meta property=\"og:image:width\" content=\"1200\" \/>\n\t<meta property=\"og:image:height\" content=\"1800\" \/>\n\t<meta property=\"og:image:type\" content=\"image\/webp\" \/>\n<meta name=\"twitter:card\" content=\"summary_large_image\" \/>\n<meta name=\"twitter:label1\" content=\"Est. reading time\" \/>\n\t<meta name=\"twitter:data1\" content=\"1 minut\u0117\" \/>\n<script type=\"application\/ld+json\" class=\"yoast-schema-graph\">{\"@context\":\"https:\/\/schema.org\",\"@graph\":[{\"@type\":\"WebPage\",\"@id\":\"https:\/\/happyinaknit.com\/produktas\/muud-stockholm-rich-brown\/\",\"url\":\"https:\/\/happyinaknit.com\/produktas\/muud-stockholm-rich-brown\/\",\"name\":\"Muud Stockholm Rich Brown - Happyinaknit.com\",\"isPartOf\":{\"@id\":\"https:\/\/happyinaknit.com\/lt\/#website\"},\"primaryImageOfPage\":{\"@id\":\"https:\/\/happyinaknit.com\/produktas\/muud-stockholm-rich-brown\/#primaryimage\"},\"image\":{\"@id\":\"https:\/\/happyinaknit.com\/produktas\/muud-stockholm-rich-brown\/#primaryimage\"},\"thumbnailUrl\":\"https:\/\/happyinaknit.com\/wp-content\/uploads\/2025\/10\/Stockholm_RichBrown_AFront_1800x1800.jpg.webp\",\"datePublished\":\"2025-10-06T18:50:46+00:00\",\"dateModified\":\"2025-10-28T09:52:15+00:00\",\"breadcrumb\":{\"@id\":\"https:\/\/happyinaknit.com\/produktas\/muud-stockholm-rich-brown\/#breadcrumb\"},\"inLanguage\":\"lt-LT\",\"potentialAction\":[{\"@type\":\"ReadAction\",\"target\":[\"https:\/\/happyinaknit.com\/produktas\/muud-stockholm-rich-brown\/\"]}]},{\"@type\":\"ImageObject\",\"inLanguage\":\"lt-LT\",\"@id\":\"https:\/\/happyinaknit.com\/produktas\/muud-stockholm-rich-brown\/#primaryimage\",\"url\":\"https:\/\/happyinaknit.com\/wp-content\/uploads\/2025\/10\/Stockholm_RichBrown_AFront_1800x1800.jpg.webp\",\"contentUrl\":\"https:\/\/happyinaknit.com\/wp-content\/uploads\/2025\/10\/Stockholm_RichBrown_AFront_1800x1800.jpg.webp\",\"width\":1200,\"height\":1800},{\"@type\":\"BreadcrumbList\",\"@id\":\"https:\/\/happyinaknit.com\/produktas\/muud-stockholm-rich-brown\/#breadcrumb\",\"itemListElement\":[{\"@type\":\"ListItem\",\"position\":1,\"name\":\"Home\",\"item\":\"https:\/\/happyinaknit.com\/lt\/\"},{\"@type\":\"ListItem\",\"position\":2,\"name\":\"Parduotuv\u0117\",\"item\":\"https:\/\/happyinaknit.com\/lt\/parduotuve\/\"},{\"@type\":\"ListItem\",\"position\":3,\"name\":\"Muud Stockholm Rich Brown\"}]},{\"@type\":\"WebSite\",\"@id\":\"https:\/\/happyinaknit.com\/lt\/#website\",\"url\":\"https:\/\/happyinaknit.com\/lt\/\",\"name\":\"Happyinaknit.com\",\"description\":\"\",\"potentialAction\":[{\"@type\":\"SearchAction\",\"target\":{\"@type\":\"EntryPoint\",\"urlTemplate\":\"https:\/\/happyinaknit.com\/lt\/?s={search_term_string}\"},\"query-input\":{\"@type\":\"PropertyValueSpecification\",\"valueRequired\":true,\"valueName\":\"search_term_string\"}}],\"inLanguage\":\"lt-LT\"}]}<\/script>\n<!-- \/ Yoast SEO plugin. -->","yoast_head_json":{"title":"Muud Stockholm Rich Brown - Happyinaknit.com","robots":{"index":"index","follow":"follow","max-snippet":"max-snippet:-1","max-image-preview":"max-image-preview:large","max-video-preview":"max-video-preview:-1"},"canonical":"https:\/\/happyinaknit.com\/lt\/produktas\/muud-stockholm-rich-brown\/","og_locale":"lt_LT","og_type":"article","og_title":"Muud Stockholm Rich Brown - Happyinaknit.com","og_description":"Stockholm \u2013 tai eleganti\u0161kas ir funkcionalus d\u0117klas, sukurtas tvarkingai laikyti kei\u010diamos galvut\u0117s virbalus ir j\u0173 priedus. Tai nepakei\u010diamas aksesuaras tiek patyrusiems mezg\u0117jams, tiek pradedantiesiems, kurie vertina kokyb\u0119 ir tvark\u0105. Rank\u0173 darbo d\u0117klas pagamintas i\u0161 auk\u0161tos kokyb\u0117s nat\u016bralios odos, kuri laikui b\u0117gant \u012fgauna dar daugiau \u017eavesio. I\u0161manus dizainas u\u017etikrina, kad visi virbalai ir priedai b\u016bt\u0173 savo [&hellip;]","og_url":"https:\/\/happyinaknit.com\/lt\/produktas\/muud-stockholm-rich-brown\/","og_site_name":"Happyinaknit.com","article_modified_time":"2025-10-28T09:52:15+00:00","og_image":[{"width":1200,"height":1800,"url":"https:\/\/happyinaknit.com\/wp-content\/uploads\/2025\/10\/Stockholm_RichBrown_AFront_1800x1800.jpg.webp","type":"image\/webp"}],"twitter_card":"summary_large_image","twitter_misc":{"Est. reading time":"1 minut\u0117"},"schema":{"@context":"https:\/\/schema.org","@graph":[{"@type":"WebPage","@id":"https:\/\/happyinaknit.com\/produktas\/muud-stockholm-rich-brown\/","url":"https:\/\/happyinaknit.com\/produktas\/muud-stockholm-rich-brown\/","name":"Muud Stockholm Rich Brown - Happyinaknit.com","isPartOf":{"@id":"https:\/\/happyinaknit.com\/lt\/#website"},"primaryImageOfPage":{"@id":"https:\/\/happyinaknit.com\/produktas\/muud-stockholm-rich-brown\/#primaryimage"},"image":{"@id":"https:\/\/happyinaknit.com\/produktas\/muud-stockholm-rich-brown\/#primaryimage"},"thumbnailUrl":"https:\/\/happyinaknit.com\/wp-content\/uploads\/2025\/10\/Stockholm_RichBrown_AFront_1800x1800.jpg.webp","datePublished":"2025-10-06T18:50:46+00:00","dateModified":"2025-10-28T09:52:15+00:00","breadcrumb":{"@id":"https:\/\/happyinaknit.com\/produktas\/muud-stockholm-rich-brown\/#breadcrumb"},"inLanguage":"lt-LT","potentialAction":[{"@type":"ReadAction","target":["https:\/\/happyinaknit.com\/produktas\/muud-stockholm-rich-brown\/"]}]},{"@type":"ImageObject","inLanguage":"lt-LT","@id":"https:\/\/happyinaknit.com\/produktas\/muud-stockholm-rich-brown\/#primaryimage","url":"https:\/\/happyinaknit.com\/wp-content\/uploads\/2025\/10\/Stockholm_RichBrown_AFront_1800x1800.jpg.webp","contentUrl":"https:\/\/happyinaknit.com\/wp-content\/uploads\/2025\/10\/Stockholm_RichBrown_AFront_1800x1800.jpg.webp","width":1200,"height":1800},{"@type":"BreadcrumbList","@id":"https:\/\/happyinaknit.com\/produktas\/muud-stockholm-rich-brown\/#breadcrumb","itemListElement":[{"@type":"ListItem","position":1,"name":"Home","item":"https:\/\/happyinaknit.com\/lt\/"},{"@type":"ListItem","position":2,"name":"Parduotuv\u0117","item":"https:\/\/happyinaknit.com\/lt\/parduotuve\/"},{"@type":"ListItem","position":3,"name":"Muud Stockholm Rich Brown"}]},{"@type":"WebSite","@id":"https:\/\/happyinaknit.com\/lt\/#website","url":"https:\/\/happyinaknit.com\/lt\/","name":"Happyinaknit.com","description":"","potentialAction":[{"@type":"SearchAction","target":{"@type":"EntryPoint","urlTemplate":"https:\/\/happyinaknit.com\/lt\/?s={search_term_string}"},"query-input":{"@type":"PropertyValueSpecification","valueRequired":true,"valueName":"search_term_string"}}],"inLanguage":"lt-LT"}]}},"_links":{"self":[{"href":"https:\/\/happyinaknit.com\/lt\/wp-json\/wp\/v2\/product\/3022","targetHints":{"allow":["GET"]}}],"collection":[{"href":"https:\/\/happyinaknit.com\/lt\/wp-json\/wp\/v2\/product"}],"about":[{"href":"https:\/\/happyinaknit.com\/lt\/wp-json\/wp\/v2\/types\/product"}],"replies":[{"embeddable":true,"href":"https:\/\/happyinaknit.com\/lt\/wp-json\/wp\/v2\/comments?post=3022"}],"wp:featuredmedia":[{"embeddable":true,"href":"https:\/\/happyinaknit.com\/lt\/wp-json\/wp\/v2\/media\/3023"}],"wp:attachment":[{"href":"https:\/\/happyinaknit.com\/lt\/wp-json\/wp\/v2\/media?parent=3022"}],"wp:term":[{"taxonomy":"product_brand","embeddable":true,"href":"https:\/\/happyinaknit.com\/lt\/wp-json\/wp\/v2\/product_brand?post=3022"},{"taxonomy":"product_cat","embeddable":true,"href":"https:\/\/happyinaknit.com\/lt\/wp-json\/wp\/v2\/product_cat?post=3022"},{"taxonomy":"product_tag","embeddable":true,"href":"https:\/\/happyinaknit.com\/lt\/wp-json\/wp\/v2\/product_tag?post=3022"},{"taxonomy":"pro-kategorijos","embeddable":true,"href":"https:\/\/happyinaknit.com\/lt\/wp-json\/wp\/v2\/pro-kategorijos?post=3022"}],"curies":[{"name":"wp","href":"https:\/\/api.w.org\/{rel}","templated":true}]}}