{"id":3009,"date":"2025-10-06T18:22:35","date_gmt":"2025-10-06T18:22:35","guid":{"rendered":"https:\/\/happyinaknit.com\/?post_type=product&#038;p=3009"},"modified":"2025-10-28T09:52:42","modified_gmt":"2025-10-28T09:52:42","slug":"muud-espoo-rich-brown","status":"publish","type":"product","link":"https:\/\/happyinaknit.com\/lt\/produktas\/muud-espoo-rich-brown\/","title":{"rendered":"Muud Espoo Rich Brown"},"content":{"rendered":"<p data-start=\"115\" data-end=\"367\">Geros \u017eirkl\u0117s \u2013 b\u016btinas \u012frankis kiekvienam k\u016br\u0117jui, o <strong data-start=\"205\" data-end=\"214\">Espoo<\/strong> d\u0117klas sukurtas tam, kad jos b\u016bt\u0173 visada apsaugotos ir po ranka. \u0160is eleganti\u0161kas d\u0117klas idealiai tinka <em data-start=\"319\" data-end=\"333\">golden stork<\/em> tipo arba siuvin\u0117jimo \u017eirkl\u0117ms.<\/p>\n<p data-start=\"369\" data-end=\"600\">Pagamintas i\u0161 auk\u0161tos kokyb\u0117s nat\u016bralios odos, \u201eEspoo\u201c d\u0117klas pasi\u017eymi ilgaam\u017ei\u0161kumu, kruop\u0161\u010diu rank\u0173 darbo apdirbimu ir subtiliu dizainu. Tai prakti\u0161kas, ta\u010diau stilingas aksesuaras visiems, vertinantiems kokyb\u0119 ir meistri\u0161kum\u0105.<\/p>\n<ul data-start=\"602\" data-end=\"807\">\n<li data-start=\"602\" data-end=\"680\">\n<p data-start=\"604\" data-end=\"618\"><strong data-start=\"604\" data-end=\"616\">Savyb\u0117s:<\/strong><\/p>\n<ul data-start=\"621\" data-end=\"680\">\n<li data-start=\"621\" data-end=\"654\">\n<p data-start=\"623\" data-end=\"654\">Pagamintas i\u0161 nat\u016bralios odos<\/p>\n<\/li>\n<li data-start=\"657\" data-end=\"680\">\n<p data-start=\"659\" data-end=\"680\">U\u017edarymas su sagute<\/p>\n<\/li>\n<\/ul>\n<\/li>\n<li data-start=\"681\" data-end=\"776\">\n<p data-start=\"683\" data-end=\"701\"><strong data-start=\"683\" data-end=\"699\">I\u0161matavimai:<\/strong><\/p>\n<ul data-start=\"704\" data-end=\"776\">\n<li data-start=\"704\" data-end=\"730\">\n<p data-start=\"706\" data-end=\"730\">Plotis vir\u0161uje: 3,5 cm<\/p>\n<\/li>\n<li data-start=\"733\" data-end=\"758\">\n<p data-start=\"735\" data-end=\"758\">Plotis apa\u010dioje: 2 cm<\/p>\n<\/li>\n<li data-start=\"761\" data-end=\"776\">\n<p data-start=\"763\" data-end=\"776\">Ilgis: 8 cm<\/p>\n<\/li>\n<\/ul>\n<\/li>\n<li data-start=\"777\" data-end=\"807\">\n<p data-start=\"779\" data-end=\"807\"><strong data-start=\"779\" data-end=\"792\">Med\u017eiaga:<\/strong> nat\u016brali oda<\/p>\n<\/li>\n<\/ul>\n","protected":false},"excerpt":{"rendered":"<p>Geros \u017eirkl\u0117s \u2013 b\u016btinas \u012frankis kiekvienam k\u016br\u0117jui, o Espoo d\u0117klas sukurtas tam, kad jos b\u016bt\u0173 visada apsaugotos ir po ranka. \u0160is eleganti\u0161kas d\u0117klas idealiai tinka golden stork tipo arba siuvin\u0117jimo \u017eirkl\u0117ms. Pagamintas i\u0161 auk\u0161tos kokyb\u0117s nat\u016bralios odos, \u201eEspoo\u201c d\u0117klas pasi\u017eymi ilgaam\u017ei\u0161kumu, kruop\u0161\u010diu rank\u0173 darbo apdirbimu ir subtiliu dizainu. Tai prakti\u0161kas, ta\u010diau stilingas aksesuaras visiems, vertinantiems [&hellip;]<\/p>\n","protected":false},"featured_media":3085,"comment_status":"open","ping_status":"closed","template":"","meta":{"_acf_changed":false},"product_brand":[613],"product_cat":[15,1079,20],"product_tag":[],"pro-kategorijos":[],"class_list":{"0":"post-3009","1":"product","2":"type-product","3":"status-publish","4":"has-post-thumbnail","6":"product_brand-muud","7":"product_cat-visi-produktai","8":"product_cat-deklai","9":"product_cat-priedai-mezgimui","11":"first","12":"instock","13":"shipping-taxable","14":"purchasable","15":"product-type-simple"},"acf":[],"yoast_head":"<!-- This site is optimized with the Yoast SEO plugin v26.8 - https:\/\/yoast.com\/product\/yoast-seo-wordpress\/ -->\n<title>Muud Espoo Rich Brown - Happyinaknit.com<\/title>\n<meta name=\"robots\" content=\"index, follow, max-snippet:-1, max-image-preview:large, max-video-preview:-1\" \/>\n<link rel=\"canonical\" href=\"https:\/\/happyinaknit.com\/lt\/produktas\/muud-espoo-rich-brown\/\" \/>\n<meta property=\"og:locale\" content=\"lt_LT\" \/>\n<meta property=\"og:type\" content=\"article\" \/>\n<meta property=\"og:title\" content=\"Muud Espoo Rich Brown - Happyinaknit.com\" \/>\n<meta property=\"og:description\" content=\"Geros \u017eirkl\u0117s \u2013 b\u016btinas \u012frankis kiekvienam k\u016br\u0117jui, o Espoo d\u0117klas sukurtas tam, kad jos b\u016bt\u0173 visada apsaugotos ir po ranka. \u0160is eleganti\u0161kas d\u0117klas idealiai tinka golden stork tipo arba siuvin\u0117jimo \u017eirkl\u0117ms. Pagamintas i\u0161 auk\u0161tos kokyb\u0117s nat\u016bralios odos, \u201eEspoo\u201c d\u0117klas pasi\u017eymi ilgaam\u017ei\u0161kumu, kruop\u0161\u010diu rank\u0173 darbo apdirbimu ir subtiliu dizainu. Tai prakti\u0161kas, ta\u010diau stilingas aksesuaras visiems, vertinantiems [&hellip;]\" \/>\n<meta property=\"og:url\" content=\"https:\/\/happyinaknit.com\/lt\/produktas\/muud-espoo-rich-brown\/\" \/>\n<meta property=\"og:site_name\" content=\"Happyinaknit.com\" \/>\n<meta property=\"article:modified_time\" content=\"2025-10-28T09:52:42+00:00\" \/>\n<meta property=\"og:image\" content=\"https:\/\/happyinaknit.com\/wp-content\/uploads\/2025\/10\/IMG_8527.jpg\" \/>\n\t<meta property=\"og:image:width\" content=\"1320\" \/>\n\t<meta property=\"og:image:height\" content=\"1589\" \/>\n\t<meta property=\"og:image:type\" content=\"image\/jpeg\" \/>\n<meta name=\"twitter:card\" content=\"summary_large_image\" \/>\n<meta name=\"twitter:label1\" content=\"Est. reading time\" \/>\n\t<meta name=\"twitter:data1\" content=\"1 minut\u0117\" \/>\n<script type=\"application\/ld+json\" class=\"yoast-schema-graph\">{\"@context\":\"https:\/\/schema.org\",\"@graph\":[{\"@type\":\"WebPage\",\"@id\":\"https:\/\/happyinaknit.com\/produktas\/muud-espoo-rich-brown\/\",\"url\":\"https:\/\/happyinaknit.com\/produktas\/muud-espoo-rich-brown\/\",\"name\":\"Muud Espoo Rich Brown - Happyinaknit.com\",\"isPartOf\":{\"@id\":\"https:\/\/happyinaknit.com\/lt\/#website\"},\"primaryImageOfPage\":{\"@id\":\"https:\/\/happyinaknit.com\/produktas\/muud-espoo-rich-brown\/#primaryimage\"},\"image\":{\"@id\":\"https:\/\/happyinaknit.com\/produktas\/muud-espoo-rich-brown\/#primaryimage\"},\"thumbnailUrl\":\"https:\/\/happyinaknit.com\/wp-content\/uploads\/2025\/10\/IMG_8527.jpg\",\"datePublished\":\"2025-10-06T18:22:35+00:00\",\"dateModified\":\"2025-10-28T09:52:42+00:00\",\"breadcrumb\":{\"@id\":\"https:\/\/happyinaknit.com\/produktas\/muud-espoo-rich-brown\/#breadcrumb\"},\"inLanguage\":\"lt-LT\",\"potentialAction\":[{\"@type\":\"ReadAction\",\"target\":[\"https:\/\/happyinaknit.com\/produktas\/muud-espoo-rich-brown\/\"]}]},{\"@type\":\"ImageObject\",\"inLanguage\":\"lt-LT\",\"@id\":\"https:\/\/happyinaknit.com\/produktas\/muud-espoo-rich-brown\/#primaryimage\",\"url\":\"https:\/\/happyinaknit.com\/wp-content\/uploads\/2025\/10\/IMG_8527.jpg\",\"contentUrl\":\"https:\/\/happyinaknit.com\/wp-content\/uploads\/2025\/10\/IMG_8527.jpg\",\"width\":1320,\"height\":1589},{\"@type\":\"BreadcrumbList\",\"@id\":\"https:\/\/happyinaknit.com\/produktas\/muud-espoo-rich-brown\/#breadcrumb\",\"itemListElement\":[{\"@type\":\"ListItem\",\"position\":1,\"name\":\"Home\",\"item\":\"https:\/\/happyinaknit.com\/lt\/\"},{\"@type\":\"ListItem\",\"position\":2,\"name\":\"Parduotuv\u0117\",\"item\":\"https:\/\/happyinaknit.com\/lt\/parduotuve\/\"},{\"@type\":\"ListItem\",\"position\":3,\"name\":\"Muud Espoo Rich Brown\"}]},{\"@type\":\"WebSite\",\"@id\":\"https:\/\/happyinaknit.com\/lt\/#website\",\"url\":\"https:\/\/happyinaknit.com\/lt\/\",\"name\":\"Happyinaknit.com\",\"description\":\"\",\"potentialAction\":[{\"@type\":\"SearchAction\",\"target\":{\"@type\":\"EntryPoint\",\"urlTemplate\":\"https:\/\/happyinaknit.com\/lt\/?s={search_term_string}\"},\"query-input\":{\"@type\":\"PropertyValueSpecification\",\"valueRequired\":true,\"valueName\":\"search_term_string\"}}],\"inLanguage\":\"lt-LT\"}]}<\/script>\n<!-- \/ Yoast SEO plugin. -->","yoast_head_json":{"title":"Muud Espoo Rich Brown - Happyinaknit.com","robots":{"index":"index","follow":"follow","max-snippet":"max-snippet:-1","max-image-preview":"max-image-preview:large","max-video-preview":"max-video-preview:-1"},"canonical":"https:\/\/happyinaknit.com\/lt\/produktas\/muud-espoo-rich-brown\/","og_locale":"lt_LT","og_type":"article","og_title":"Muud Espoo Rich Brown - Happyinaknit.com","og_description":"Geros \u017eirkl\u0117s \u2013 b\u016btinas \u012frankis kiekvienam k\u016br\u0117jui, o Espoo d\u0117klas sukurtas tam, kad jos b\u016bt\u0173 visada apsaugotos ir po ranka. \u0160is eleganti\u0161kas d\u0117klas idealiai tinka golden stork tipo arba siuvin\u0117jimo \u017eirkl\u0117ms. Pagamintas i\u0161 auk\u0161tos kokyb\u0117s nat\u016bralios odos, \u201eEspoo\u201c d\u0117klas pasi\u017eymi ilgaam\u017ei\u0161kumu, kruop\u0161\u010diu rank\u0173 darbo apdirbimu ir subtiliu dizainu. Tai prakti\u0161kas, ta\u010diau stilingas aksesuaras visiems, vertinantiems [&hellip;]","og_url":"https:\/\/happyinaknit.com\/lt\/produktas\/muud-espoo-rich-brown\/","og_site_name":"Happyinaknit.com","article_modified_time":"2025-10-28T09:52:42+00:00","og_image":[{"width":1320,"height":1589,"url":"https:\/\/happyinaknit.com\/wp-content\/uploads\/2025\/10\/IMG_8527.jpg","type":"image\/jpeg"}],"twitter_card":"summary_large_image","twitter_misc":{"Est. reading time":"1 minut\u0117"},"schema":{"@context":"https:\/\/schema.org","@graph":[{"@type":"WebPage","@id":"https:\/\/happyinaknit.com\/produktas\/muud-espoo-rich-brown\/","url":"https:\/\/happyinaknit.com\/produktas\/muud-espoo-rich-brown\/","name":"Muud Espoo Rich Brown - Happyinaknit.com","isPartOf":{"@id":"https:\/\/happyinaknit.com\/lt\/#website"},"primaryImageOfPage":{"@id":"https:\/\/happyinaknit.com\/produktas\/muud-espoo-rich-brown\/#primaryimage"},"image":{"@id":"https:\/\/happyinaknit.com\/produktas\/muud-espoo-rich-brown\/#primaryimage"},"thumbnailUrl":"https:\/\/happyinaknit.com\/wp-content\/uploads\/2025\/10\/IMG_8527.jpg","datePublished":"2025-10-06T18:22:35+00:00","dateModified":"2025-10-28T09:52:42+00:00","breadcrumb":{"@id":"https:\/\/happyinaknit.com\/produktas\/muud-espoo-rich-brown\/#breadcrumb"},"inLanguage":"lt-LT","potentialAction":[{"@type":"ReadAction","target":["https:\/\/happyinaknit.com\/produktas\/muud-espoo-rich-brown\/"]}]},{"@type":"ImageObject","inLanguage":"lt-LT","@id":"https:\/\/happyinaknit.com\/produktas\/muud-espoo-rich-brown\/#primaryimage","url":"https:\/\/happyinaknit.com\/wp-content\/uploads\/2025\/10\/IMG_8527.jpg","contentUrl":"https:\/\/happyinaknit.com\/wp-content\/uploads\/2025\/10\/IMG_8527.jpg","width":1320,"height":1589},{"@type":"BreadcrumbList","@id":"https:\/\/happyinaknit.com\/produktas\/muud-espoo-rich-brown\/#breadcrumb","itemListElement":[{"@type":"ListItem","position":1,"name":"Home","item":"https:\/\/happyinaknit.com\/lt\/"},{"@type":"ListItem","position":2,"name":"Parduotuv\u0117","item":"https:\/\/happyinaknit.com\/lt\/parduotuve\/"},{"@type":"ListItem","position":3,"name":"Muud Espoo Rich Brown"}]},{"@type":"WebSite","@id":"https:\/\/happyinaknit.com\/lt\/#website","url":"https:\/\/happyinaknit.com\/lt\/","name":"Happyinaknit.com","description":"","potentialAction":[{"@type":"SearchAction","target":{"@type":"EntryPoint","urlTemplate":"https:\/\/happyinaknit.com\/lt\/?s={search_term_string}"},"query-input":{"@type":"PropertyValueSpecification","valueRequired":true,"valueName":"search_term_string"}}],"inLanguage":"lt-LT"}]}},"_links":{"self":[{"href":"https:\/\/happyinaknit.com\/lt\/wp-json\/wp\/v2\/product\/3009","targetHints":{"allow":["GET"]}}],"collection":[{"href":"https:\/\/happyinaknit.com\/lt\/wp-json\/wp\/v2\/product"}],"about":[{"href":"https:\/\/happyinaknit.com\/lt\/wp-json\/wp\/v2\/types\/product"}],"replies":[{"embeddable":true,"href":"https:\/\/happyinaknit.com\/lt\/wp-json\/wp\/v2\/comments?post=3009"}],"wp:featuredmedia":[{"embeddable":true,"href":"https:\/\/happyinaknit.com\/lt\/wp-json\/wp\/v2\/media\/3085"}],"wp:attachment":[{"href":"https:\/\/happyinaknit.com\/lt\/wp-json\/wp\/v2\/media?parent=3009"}],"wp:term":[{"taxonomy":"product_brand","embeddable":true,"href":"https:\/\/happyinaknit.com\/lt\/wp-json\/wp\/v2\/product_brand?post=3009"},{"taxonomy":"product_cat","embeddable":true,"href":"https:\/\/happyinaknit.com\/lt\/wp-json\/wp\/v2\/product_cat?post=3009"},{"taxonomy":"product_tag","embeddable":true,"href":"https:\/\/happyinaknit.com\/lt\/wp-json\/wp\/v2\/product_tag?post=3009"},{"taxonomy":"pro-kategorijos","embeddable":true,"href":"https:\/\/happyinaknit.com\/lt\/wp-json\/wp\/v2\/pro-kategorijos?post=3009"}],"curies":[{"name":"wp","href":"https:\/\/api.w.org\/{rel}","templated":true}]}}