{"id":3002,"date":"2025-10-06T18:18:14","date_gmt":"2025-10-06T18:18:14","guid":{"rendered":"https:\/\/happyinaknit.com\/?post_type=product&#038;p=3002"},"modified":"2025-12-29T12:02:00","modified_gmt":"2025-12-29T12:02:00","slug":"muud-carla-rich-brown","status":"publish","type":"product","link":"https:\/\/happyinaknit.com\/lt\/produktas\/muud-carla-rich-brown\/","title":{"rendered":"Muud Carla Rich Brown"},"content":{"rendered":"<p data-start=\"124\" data-end=\"499\"><strong data-start=\"189\" data-end=\"198\">Carla<\/strong> \u2013 tai vienas i\u0161 ma\u017eesni\u0173 <em data-start=\"224\" data-end=\"230\">muud<\/em> d\u0117kliuk\u0173, sukurtas taip, kad tilpt\u0173 \u012f kitus d\u0117klus ar projekt\u0173 krep\u0161ius, i\u0161naudojant erdv\u0119 maksimaliai efektyviai. \u0160is kompakti\u0161kas d\u0117klas puikiai tinka smulkiems mezgimo reikmenims laikyti \u2013 tokiems kaip akini\u0173 stabdikliai, \u017eymekliai, siuvimo ar siuvin\u0117jimo adatos.<\/p>\n<p data-start=\"501\" data-end=\"748\">D\u0117kliukas turi kelis skyrelius ir ki\u0161en\u0117les, leid\u017eian\u010dias tvarkingai susid\u0117ti visus ma\u017eus priedus. \u201eCarla\u201c \u2013 patogus pasirinkimas kelion\u0117ms ar ne\u0161imuisi kartu su kitais <em data-start=\"670\" data-end=\"676\">muud<\/em> gaminiais (pavyzd\u017eiui, puikiai telpa \u012f <strong data-start=\"716\" data-end=\"726\">Betina<\/strong> ar <strong data-start=\"730\" data-end=\"737\">Civ<\/strong> d\u0117klus).<\/p>\n<ul data-start=\"750\" data-end=\"1065\">\n<li data-start=\"750\" data-end=\"857\">\n<p data-start=\"752\" data-end=\"766\"><strong data-start=\"752\" data-end=\"764\">Savyb\u0117s:<\/strong><\/p>\n<ul data-start=\"769\" data-end=\"857\">\n<li data-start=\"769\" data-end=\"792\">\n<p data-start=\"771\" data-end=\"792\">U\u017edarymas su sagute<\/p>\n<\/li>\n<li data-start=\"795\" data-end=\"818\">\n<p data-start=\"797\" data-end=\"818\">6 skyreliai adatoms<\/p>\n<\/li>\n<li data-start=\"821\" data-end=\"857\">\n<p data-start=\"823\" data-end=\"857\">Ma\u017ea atvira ki\u0161en\u0117l\u0117 smulkmenoms<\/p>\n<\/li>\n<\/ul>\n<\/li>\n<li data-start=\"858\" data-end=\"936\">\n<p data-start=\"860\" data-end=\"878\"><strong data-start=\"860\" data-end=\"876\">I\u0161matavimai:<\/strong><\/p>\n<ul data-start=\"881\" data-end=\"936\">\n<li data-start=\"881\" data-end=\"898\">\n<p data-start=\"883\" data-end=\"898\">Auk\u0161tis: 8 cm<\/p>\n<\/li>\n<li data-start=\"901\" data-end=\"917\">\n<p data-start=\"903\" data-end=\"917\">Plotis: 8 cm<\/p>\n<\/li>\n<li data-start=\"920\" data-end=\"936\">\n<p data-start=\"922\" data-end=\"936\">Svoris: 30 g<\/p>\n<\/li>\n<\/ul>\n<\/li>\n<li data-start=\"937\" data-end=\"967\">\n<p data-start=\"939\" data-end=\"967\"><strong data-start=\"939\" data-end=\"952\">Med\u017eiaga:<\/strong> nat\u016brali oda<\/p>\n<\/li>\n<li data-start=\"968\" data-end=\"1035\">\n<p data-start=\"970\" data-end=\"1035\"><strong data-start=\"970\" data-end=\"984\">Pamu\u0161alas:<\/strong> polidrilas su lygiu pavir\u0161iumi \u2013 lengvai valomas<\/p>\n<\/li>\n<\/ul>\n","protected":false},"excerpt":{"rendered":"<p>Carla \u2013 tai vienas i\u0161 ma\u017eesni\u0173 muud d\u0117kliuk\u0173, sukurtas taip, kad tilpt\u0173 \u012f kitus d\u0117klus ar projekt\u0173 krep\u0161ius, i\u0161naudojant erdv\u0119 maksimaliai efektyviai. \u0160is kompakti\u0161kas d\u0117klas puikiai tinka smulkiems mezgimo reikmenims laikyti \u2013 tokiems kaip akini\u0173 stabdikliai, \u017eymekliai, siuvimo ar siuvin\u0117jimo adatos. D\u0117kliukas turi kelis skyrelius ir ki\u0161en\u0117les, leid\u017eian\u010dias tvarkingai susid\u0117ti visus ma\u017eus priedus. \u201eCarla\u201c \u2013 [&hellip;]<\/p>\n","protected":false},"featured_media":3003,"comment_status":"open","ping_status":"closed","template":"","meta":{"_acf_changed":false},"product_brand":[613],"product_cat":[15,1079,20],"product_tag":[],"pro-kategorijos":[],"class_list":{"0":"post-3002","1":"product","2":"type-product","3":"status-publish","4":"has-post-thumbnail","6":"product_brand-muud","7":"product_cat-visi-produktai","8":"product_cat-deklai","9":"product_cat-priedai-mezgimui","11":"first","12":"outofstock","13":"shipping-taxable","14":"purchasable","15":"product-type-simple"},"acf":[],"yoast_head":"<!-- This site is optimized with the Yoast SEO plugin v26.8 - https:\/\/yoast.com\/product\/yoast-seo-wordpress\/ -->\n<title>Muud Carla Rich Brown - Happyinaknit.com<\/title>\n<meta name=\"robots\" content=\"index, follow, max-snippet:-1, max-image-preview:large, max-video-preview:-1\" \/>\n<link rel=\"canonical\" href=\"https:\/\/happyinaknit.com\/lt\/produktas\/muud-carla-rich-brown\/\" \/>\n<meta property=\"og:locale\" content=\"lt_LT\" \/>\n<meta property=\"og:type\" content=\"article\" \/>\n<meta property=\"og:title\" content=\"Muud Carla Rich Brown - Happyinaknit.com\" \/>\n<meta property=\"og:description\" content=\"Carla \u2013 tai vienas i\u0161 ma\u017eesni\u0173 muud d\u0117kliuk\u0173, sukurtas taip, kad tilpt\u0173 \u012f kitus d\u0117klus ar projekt\u0173 krep\u0161ius, i\u0161naudojant erdv\u0119 maksimaliai efektyviai. \u0160is kompakti\u0161kas d\u0117klas puikiai tinka smulkiems mezgimo reikmenims laikyti \u2013 tokiems kaip akini\u0173 stabdikliai, \u017eymekliai, siuvimo ar siuvin\u0117jimo adatos. D\u0117kliukas turi kelis skyrelius ir ki\u0161en\u0117les, leid\u017eian\u010dias tvarkingai susid\u0117ti visus ma\u017eus priedus. \u201eCarla\u201c \u2013 [&hellip;]\" \/>\n<meta property=\"og:url\" content=\"https:\/\/happyinaknit.com\/lt\/produktas\/muud-carla-rich-brown\/\" \/>\n<meta property=\"og:site_name\" content=\"Happyinaknit.com\" \/>\n<meta property=\"article:modified_time\" content=\"2025-12-29T12:02:00+00:00\" \/>\n<meta property=\"og:image\" content=\"https:\/\/happyinaknit.com\/wp-content\/uploads\/2025\/10\/Carla_RichBrown_AFront_1800x1800.jpg.webp\" \/>\n\t<meta property=\"og:image:width\" content=\"1200\" \/>\n\t<meta property=\"og:image:height\" content=\"1800\" \/>\n\t<meta property=\"og:image:type\" content=\"image\/webp\" \/>\n<meta name=\"twitter:card\" content=\"summary_large_image\" \/>\n<meta name=\"twitter:label1\" content=\"Est. reading time\" \/>\n\t<meta name=\"twitter:data1\" content=\"1 minut\u0117\" \/>\n<script type=\"application\/ld+json\" class=\"yoast-schema-graph\">{\"@context\":\"https:\/\/schema.org\",\"@graph\":[{\"@type\":\"WebPage\",\"@id\":\"https:\/\/happyinaknit.com\/produktas\/muud-carla-rich-brown\/\",\"url\":\"https:\/\/happyinaknit.com\/produktas\/muud-carla-rich-brown\/\",\"name\":\"Muud Carla Rich Brown - Happyinaknit.com\",\"isPartOf\":{\"@id\":\"https:\/\/happyinaknit.com\/lt\/#website\"},\"primaryImageOfPage\":{\"@id\":\"https:\/\/happyinaknit.com\/produktas\/muud-carla-rich-brown\/#primaryimage\"},\"image\":{\"@id\":\"https:\/\/happyinaknit.com\/produktas\/muud-carla-rich-brown\/#primaryimage\"},\"thumbnailUrl\":\"https:\/\/happyinaknit.com\/wp-content\/uploads\/2025\/10\/Carla_RichBrown_AFront_1800x1800.jpg.webp\",\"datePublished\":\"2025-10-06T18:18:14+00:00\",\"dateModified\":\"2025-12-29T12:02:00+00:00\",\"breadcrumb\":{\"@id\":\"https:\/\/happyinaknit.com\/produktas\/muud-carla-rich-brown\/#breadcrumb\"},\"inLanguage\":\"lt-LT\",\"potentialAction\":[{\"@type\":\"ReadAction\",\"target\":[\"https:\/\/happyinaknit.com\/produktas\/muud-carla-rich-brown\/\"]}]},{\"@type\":\"ImageObject\",\"inLanguage\":\"lt-LT\",\"@id\":\"https:\/\/happyinaknit.com\/produktas\/muud-carla-rich-brown\/#primaryimage\",\"url\":\"https:\/\/happyinaknit.com\/wp-content\/uploads\/2025\/10\/Carla_RichBrown_AFront_1800x1800.jpg.webp\",\"contentUrl\":\"https:\/\/happyinaknit.com\/wp-content\/uploads\/2025\/10\/Carla_RichBrown_AFront_1800x1800.jpg.webp\",\"width\":1200,\"height\":1800},{\"@type\":\"BreadcrumbList\",\"@id\":\"https:\/\/happyinaknit.com\/produktas\/muud-carla-rich-brown\/#breadcrumb\",\"itemListElement\":[{\"@type\":\"ListItem\",\"position\":1,\"name\":\"Home\",\"item\":\"https:\/\/happyinaknit.com\/lt\/\"},{\"@type\":\"ListItem\",\"position\":2,\"name\":\"Parduotuv\u0117\",\"item\":\"https:\/\/happyinaknit.com\/lt\/parduotuve\/\"},{\"@type\":\"ListItem\",\"position\":3,\"name\":\"Muud Carla Rich Brown\"}]},{\"@type\":\"WebSite\",\"@id\":\"https:\/\/happyinaknit.com\/lt\/#website\",\"url\":\"https:\/\/happyinaknit.com\/lt\/\",\"name\":\"Happyinaknit.com\",\"description\":\"\",\"potentialAction\":[{\"@type\":\"SearchAction\",\"target\":{\"@type\":\"EntryPoint\",\"urlTemplate\":\"https:\/\/happyinaknit.com\/lt\/?s={search_term_string}\"},\"query-input\":{\"@type\":\"PropertyValueSpecification\",\"valueRequired\":true,\"valueName\":\"search_term_string\"}}],\"inLanguage\":\"lt-LT\"}]}<\/script>\n<!-- \/ Yoast SEO plugin. -->","yoast_head_json":{"title":"Muud Carla Rich Brown - Happyinaknit.com","robots":{"index":"index","follow":"follow","max-snippet":"max-snippet:-1","max-image-preview":"max-image-preview:large","max-video-preview":"max-video-preview:-1"},"canonical":"https:\/\/happyinaknit.com\/lt\/produktas\/muud-carla-rich-brown\/","og_locale":"lt_LT","og_type":"article","og_title":"Muud Carla Rich Brown - Happyinaknit.com","og_description":"Carla \u2013 tai vienas i\u0161 ma\u017eesni\u0173 muud d\u0117kliuk\u0173, sukurtas taip, kad tilpt\u0173 \u012f kitus d\u0117klus ar projekt\u0173 krep\u0161ius, i\u0161naudojant erdv\u0119 maksimaliai efektyviai. \u0160is kompakti\u0161kas d\u0117klas puikiai tinka smulkiems mezgimo reikmenims laikyti \u2013 tokiems kaip akini\u0173 stabdikliai, \u017eymekliai, siuvimo ar siuvin\u0117jimo adatos. D\u0117kliukas turi kelis skyrelius ir ki\u0161en\u0117les, leid\u017eian\u010dias tvarkingai susid\u0117ti visus ma\u017eus priedus. \u201eCarla\u201c \u2013 [&hellip;]","og_url":"https:\/\/happyinaknit.com\/lt\/produktas\/muud-carla-rich-brown\/","og_site_name":"Happyinaknit.com","article_modified_time":"2025-12-29T12:02:00+00:00","og_image":[{"width":1200,"height":1800,"url":"https:\/\/happyinaknit.com\/wp-content\/uploads\/2025\/10\/Carla_RichBrown_AFront_1800x1800.jpg.webp","type":"image\/webp"}],"twitter_card":"summary_large_image","twitter_misc":{"Est. reading time":"1 minut\u0117"},"schema":{"@context":"https:\/\/schema.org","@graph":[{"@type":"WebPage","@id":"https:\/\/happyinaknit.com\/produktas\/muud-carla-rich-brown\/","url":"https:\/\/happyinaknit.com\/produktas\/muud-carla-rich-brown\/","name":"Muud Carla Rich Brown - Happyinaknit.com","isPartOf":{"@id":"https:\/\/happyinaknit.com\/lt\/#website"},"primaryImageOfPage":{"@id":"https:\/\/happyinaknit.com\/produktas\/muud-carla-rich-brown\/#primaryimage"},"image":{"@id":"https:\/\/happyinaknit.com\/produktas\/muud-carla-rich-brown\/#primaryimage"},"thumbnailUrl":"https:\/\/happyinaknit.com\/wp-content\/uploads\/2025\/10\/Carla_RichBrown_AFront_1800x1800.jpg.webp","datePublished":"2025-10-06T18:18:14+00:00","dateModified":"2025-12-29T12:02:00+00:00","breadcrumb":{"@id":"https:\/\/happyinaknit.com\/produktas\/muud-carla-rich-brown\/#breadcrumb"},"inLanguage":"lt-LT","potentialAction":[{"@type":"ReadAction","target":["https:\/\/happyinaknit.com\/produktas\/muud-carla-rich-brown\/"]}]},{"@type":"ImageObject","inLanguage":"lt-LT","@id":"https:\/\/happyinaknit.com\/produktas\/muud-carla-rich-brown\/#primaryimage","url":"https:\/\/happyinaknit.com\/wp-content\/uploads\/2025\/10\/Carla_RichBrown_AFront_1800x1800.jpg.webp","contentUrl":"https:\/\/happyinaknit.com\/wp-content\/uploads\/2025\/10\/Carla_RichBrown_AFront_1800x1800.jpg.webp","width":1200,"height":1800},{"@type":"BreadcrumbList","@id":"https:\/\/happyinaknit.com\/produktas\/muud-carla-rich-brown\/#breadcrumb","itemListElement":[{"@type":"ListItem","position":1,"name":"Home","item":"https:\/\/happyinaknit.com\/lt\/"},{"@type":"ListItem","position":2,"name":"Parduotuv\u0117","item":"https:\/\/happyinaknit.com\/lt\/parduotuve\/"},{"@type":"ListItem","position":3,"name":"Muud Carla Rich Brown"}]},{"@type":"WebSite","@id":"https:\/\/happyinaknit.com\/lt\/#website","url":"https:\/\/happyinaknit.com\/lt\/","name":"Happyinaknit.com","description":"","potentialAction":[{"@type":"SearchAction","target":{"@type":"EntryPoint","urlTemplate":"https:\/\/happyinaknit.com\/lt\/?s={search_term_string}"},"query-input":{"@type":"PropertyValueSpecification","valueRequired":true,"valueName":"search_term_string"}}],"inLanguage":"lt-LT"}]}},"_links":{"self":[{"href":"https:\/\/happyinaknit.com\/lt\/wp-json\/wp\/v2\/product\/3002","targetHints":{"allow":["GET"]}}],"collection":[{"href":"https:\/\/happyinaknit.com\/lt\/wp-json\/wp\/v2\/product"}],"about":[{"href":"https:\/\/happyinaknit.com\/lt\/wp-json\/wp\/v2\/types\/product"}],"replies":[{"embeddable":true,"href":"https:\/\/happyinaknit.com\/lt\/wp-json\/wp\/v2\/comments?post=3002"}],"wp:featuredmedia":[{"embeddable":true,"href":"https:\/\/happyinaknit.com\/lt\/wp-json\/wp\/v2\/media\/3003"}],"wp:attachment":[{"href":"https:\/\/happyinaknit.com\/lt\/wp-json\/wp\/v2\/media?parent=3002"}],"wp:term":[{"taxonomy":"product_brand","embeddable":true,"href":"https:\/\/happyinaknit.com\/lt\/wp-json\/wp\/v2\/product_brand?post=3002"},{"taxonomy":"product_cat","embeddable":true,"href":"https:\/\/happyinaknit.com\/lt\/wp-json\/wp\/v2\/product_cat?post=3002"},{"taxonomy":"product_tag","embeddable":true,"href":"https:\/\/happyinaknit.com\/lt\/wp-json\/wp\/v2\/product_tag?post=3002"},{"taxonomy":"pro-kategorijos","embeddable":true,"href":"https:\/\/happyinaknit.com\/lt\/wp-json\/wp\/v2\/pro-kategorijos?post=3002"}],"curies":[{"name":"wp","href":"https:\/\/api.w.org\/{rel}","templated":true}]}}