{"id":2994,"date":"2025-10-06T17:51:27","date_gmt":"2025-10-06T17:51:27","guid":{"rendered":"https:\/\/happyinaknit.com\/?post_type=product&#038;p=2994"},"modified":"2025-10-28T09:53:18","modified_gmt":"2025-10-28T09:53:18","slug":"muud-fiola","status":"publish","type":"product","link":"https:\/\/happyinaknit.com\/lt\/produktas\/muud-fiola\/","title":{"rendered":"Muud Fiola Whisky"},"content":{"rendered":"<p data-start=\"100\" data-end=\"545\">Stilingas ir funkcionalus <strong data-start=\"165\" data-end=\"174\">Fiola<\/strong> segtuvas sukurtas tvarkingai laikyti mezgimo ar n\u0117rimo schemas ir visada tur\u0117ti jas po ranka. Tai eleganti\u0161kas aksesuaras rankdarbi\u0173 m\u0117g\u0117jams, vertinantiems tiek tvark\u0105, tiek estetik\u0105. Pagamintas i\u0161 auk\u0161tos kokyb\u0117s odos, \u201eFiola\u201c segtuvas i\u0161siskiria patvarumu, prabangia i\u0161vaizda ir subtiliomis detal\u0117mis \u2013 puikus pasirinkimas tiek namams, tiek kelion\u0117ms ar dirbtuv\u0117ms.<\/p>\n<ul data-start=\"547\" data-end=\"909\">\n<li data-start=\"547\" data-end=\"603\">\n<p data-start=\"549\" data-end=\"603\"><strong data-start=\"549\" data-end=\"563\">Paskirtis:<\/strong> mezgimo ar n\u0117rimo ra\u0161t\u0173 organizavimui<\/p>\n<\/li>\n<li data-start=\"604\" data-end=\"798\">\n<p data-start=\"606\" data-end=\"620\"><strong data-start=\"606\" data-end=\"618\">Savyb\u0117s:<\/strong><\/p>\n<ul data-start=\"623\" data-end=\"798\">\n<li data-start=\"623\" data-end=\"660\">\n<p data-start=\"625\" data-end=\"660\">Patogus pri\u0117jimas prie vis\u0173 ra\u0161t\u0173<\/p>\n<\/li>\n<li data-start=\"663\" data-end=\"710\">\n<p data-start=\"665\" data-end=\"710\">Auk\u0161tos kokyb\u0117s, patvari ir eleganti\u0161ka oda<\/p>\n<\/li>\n<li data-start=\"713\" data-end=\"758\">\n<p data-start=\"715\" data-end=\"758\">Talpus dizainas \u2013 tinka \u012fvairiems ra\u0161tams<\/p>\n<\/li>\n<li data-start=\"761\" data-end=\"798\">\n<p data-start=\"763\" data-end=\"798\">Stilinga ir profesionali i\u0161vaizda<\/p>\n<\/li>\n<\/ul>\n<\/li>\n<li data-start=\"799\" data-end=\"878\">\n<p data-start=\"801\" data-end=\"819\"><strong data-start=\"801\" data-end=\"817\">I\u0161matavimai:<\/strong><\/p>\n<ul data-start=\"822\" data-end=\"878\">\n<li data-start=\"822\" data-end=\"840\">\n<p data-start=\"824\" data-end=\"840\">Auk\u0161tis: 36 cm<\/p>\n<\/li>\n<li data-start=\"843\" data-end=\"859\">\n<p data-start=\"845\" data-end=\"859\">Ilgis: 25 cm<\/p>\n<\/li>\n<li data-start=\"862\" data-end=\"878\">\n<p data-start=\"864\" data-end=\"878\">Plotis: 2 cm<\/p>\n<\/li>\n<\/ul>\n<\/li>\n<li data-start=\"879\" data-end=\"909\">\n<p data-start=\"881\" data-end=\"909\"><strong data-start=\"881\" data-end=\"894\">Med\u017eiaga:<\/strong> nat\u016brali oda<\/p>\n<\/li>\n<\/ul>\n","protected":false},"excerpt":{"rendered":"<p>Stilingas ir funkcionalus Fiola segtuvas sukurtas tvarkingai laikyti mezgimo ar n\u0117rimo schemas ir visada tur\u0117ti jas po ranka. Tai eleganti\u0161kas aksesuaras rankdarbi\u0173 m\u0117g\u0117jams, vertinantiems tiek tvark\u0105, tiek estetik\u0105. Pagamintas i\u0161 auk\u0161tos kokyb\u0117s odos, \u201eFiola\u201c segtuvas i\u0161siskiria patvarumu, prabangia i\u0161vaizda ir subtiliomis detal\u0117mis \u2013 puikus pasirinkimas tiek namams, tiek kelion\u0117ms ar dirbtuv\u0117ms. Paskirtis: mezgimo ar n\u0117rimo [&hellip;]<\/p>\n","protected":false},"featured_media":2995,"comment_status":"open","ping_status":"closed","template":"","meta":{"_acf_changed":false},"product_brand":[613],"product_cat":[15,1079,20],"product_tag":[],"pro-kategorijos":[],"class_list":{"0":"post-2994","1":"product","2":"type-product","3":"status-publish","4":"has-post-thumbnail","6":"product_brand-muud","7":"product_cat-visi-produktai","8":"product_cat-deklai","9":"product_cat-priedai-mezgimui","11":"first","12":"instock","13":"shipping-taxable","14":"purchasable","15":"product-type-simple"},"acf":[],"yoast_head":"<!-- This site is optimized with the Yoast SEO plugin v26.8 - https:\/\/yoast.com\/product\/yoast-seo-wordpress\/ -->\n<title>Muud Fiola Whisky - Happyinaknit.com<\/title>\n<meta name=\"robots\" content=\"index, follow, max-snippet:-1, max-image-preview:large, max-video-preview:-1\" \/>\n<link rel=\"canonical\" href=\"https:\/\/happyinaknit.com\/lt\/produktas\/muud-fiola\/\" \/>\n<meta property=\"og:locale\" content=\"lt_LT\" \/>\n<meta property=\"og:type\" content=\"article\" \/>\n<meta property=\"og:title\" content=\"Muud Fiola Whisky - Happyinaknit.com\" \/>\n<meta property=\"og:description\" content=\"Stilingas ir funkcionalus Fiola segtuvas sukurtas tvarkingai laikyti mezgimo ar n\u0117rimo schemas ir visada tur\u0117ti jas po ranka. Tai eleganti\u0161kas aksesuaras rankdarbi\u0173 m\u0117g\u0117jams, vertinantiems tiek tvark\u0105, tiek estetik\u0105. Pagamintas i\u0161 auk\u0161tos kokyb\u0117s odos, \u201eFiola\u201c segtuvas i\u0161siskiria patvarumu, prabangia i\u0161vaizda ir subtiliomis detal\u0117mis \u2013 puikus pasirinkimas tiek namams, tiek kelion\u0117ms ar dirbtuv\u0117ms. Paskirtis: mezgimo ar n\u0117rimo [&hellip;]\" \/>\n<meta property=\"og:url\" content=\"https:\/\/happyinaknit.com\/lt\/produktas\/muud-fiola\/\" \/>\n<meta property=\"og:site_name\" content=\"Happyinaknit.com\" \/>\n<meta property=\"article:modified_time\" content=\"2025-10-28T09:53:18+00:00\" \/>\n<meta property=\"og:image\" content=\"https:\/\/happyinaknit.com\/wp-content\/uploads\/2025\/10\/Fiola_Folder-pre-news-QB-4631R2-Whisky-2_1800x1800.jpg.webp\" \/>\n\t<meta property=\"og:image:width\" content=\"1200\" \/>\n\t<meta property=\"og:image:height\" content=\"1800\" \/>\n\t<meta property=\"og:image:type\" content=\"image\/webp\" \/>\n<meta name=\"twitter:card\" content=\"summary_large_image\" \/>\n<meta name=\"twitter:label1\" content=\"Est. reading time\" \/>\n\t<meta name=\"twitter:data1\" content=\"1 minut\u0117\" \/>\n<script type=\"application\/ld+json\" class=\"yoast-schema-graph\">{\"@context\":\"https:\/\/schema.org\",\"@graph\":[{\"@type\":\"WebPage\",\"@id\":\"https:\/\/happyinaknit.com\/produktas\/muud-fiola\/\",\"url\":\"https:\/\/happyinaknit.com\/produktas\/muud-fiola\/\",\"name\":\"Muud Fiola Whisky - Happyinaknit.com\",\"isPartOf\":{\"@id\":\"https:\/\/happyinaknit.com\/lt\/#website\"},\"primaryImageOfPage\":{\"@id\":\"https:\/\/happyinaknit.com\/produktas\/muud-fiola\/#primaryimage\"},\"image\":{\"@id\":\"https:\/\/happyinaknit.com\/produktas\/muud-fiola\/#primaryimage\"},\"thumbnailUrl\":\"https:\/\/happyinaknit.com\/wp-content\/uploads\/2025\/10\/Fiola_Folder-pre-news-QB-4631R2-Whisky-2_1800x1800.jpg.webp\",\"datePublished\":\"2025-10-06T17:51:27+00:00\",\"dateModified\":\"2025-10-28T09:53:18+00:00\",\"breadcrumb\":{\"@id\":\"https:\/\/happyinaknit.com\/produktas\/muud-fiola\/#breadcrumb\"},\"inLanguage\":\"lt-LT\",\"potentialAction\":[{\"@type\":\"ReadAction\",\"target\":[\"https:\/\/happyinaknit.com\/produktas\/muud-fiola\/\"]}]},{\"@type\":\"ImageObject\",\"inLanguage\":\"lt-LT\",\"@id\":\"https:\/\/happyinaknit.com\/produktas\/muud-fiola\/#primaryimage\",\"url\":\"https:\/\/happyinaknit.com\/wp-content\/uploads\/2025\/10\/Fiola_Folder-pre-news-QB-4631R2-Whisky-2_1800x1800.jpg.webp\",\"contentUrl\":\"https:\/\/happyinaknit.com\/wp-content\/uploads\/2025\/10\/Fiola_Folder-pre-news-QB-4631R2-Whisky-2_1800x1800.jpg.webp\",\"width\":1200,\"height\":1800},{\"@type\":\"BreadcrumbList\",\"@id\":\"https:\/\/happyinaknit.com\/produktas\/muud-fiola\/#breadcrumb\",\"itemListElement\":[{\"@type\":\"ListItem\",\"position\":1,\"name\":\"Home\",\"item\":\"https:\/\/happyinaknit.com\/lt\/\"},{\"@type\":\"ListItem\",\"position\":2,\"name\":\"Parduotuv\u0117\",\"item\":\"https:\/\/happyinaknit.com\/lt\/parduotuve\/\"},{\"@type\":\"ListItem\",\"position\":3,\"name\":\"Muud Fiola Whisky\"}]},{\"@type\":\"WebSite\",\"@id\":\"https:\/\/happyinaknit.com\/lt\/#website\",\"url\":\"https:\/\/happyinaknit.com\/lt\/\",\"name\":\"Happyinaknit.com\",\"description\":\"\",\"potentialAction\":[{\"@type\":\"SearchAction\",\"target\":{\"@type\":\"EntryPoint\",\"urlTemplate\":\"https:\/\/happyinaknit.com\/lt\/?s={search_term_string}\"},\"query-input\":{\"@type\":\"PropertyValueSpecification\",\"valueRequired\":true,\"valueName\":\"search_term_string\"}}],\"inLanguage\":\"lt-LT\"}]}<\/script>\n<!-- \/ Yoast SEO plugin. -->","yoast_head_json":{"title":"Muud Fiola Whisky - Happyinaknit.com","robots":{"index":"index","follow":"follow","max-snippet":"max-snippet:-1","max-image-preview":"max-image-preview:large","max-video-preview":"max-video-preview:-1"},"canonical":"https:\/\/happyinaknit.com\/lt\/produktas\/muud-fiola\/","og_locale":"lt_LT","og_type":"article","og_title":"Muud Fiola Whisky - Happyinaknit.com","og_description":"Stilingas ir funkcionalus Fiola segtuvas sukurtas tvarkingai laikyti mezgimo ar n\u0117rimo schemas ir visada tur\u0117ti jas po ranka. Tai eleganti\u0161kas aksesuaras rankdarbi\u0173 m\u0117g\u0117jams, vertinantiems tiek tvark\u0105, tiek estetik\u0105. Pagamintas i\u0161 auk\u0161tos kokyb\u0117s odos, \u201eFiola\u201c segtuvas i\u0161siskiria patvarumu, prabangia i\u0161vaizda ir subtiliomis detal\u0117mis \u2013 puikus pasirinkimas tiek namams, tiek kelion\u0117ms ar dirbtuv\u0117ms. Paskirtis: mezgimo ar n\u0117rimo [&hellip;]","og_url":"https:\/\/happyinaknit.com\/lt\/produktas\/muud-fiola\/","og_site_name":"Happyinaknit.com","article_modified_time":"2025-10-28T09:53:18+00:00","og_image":[{"width":1200,"height":1800,"url":"https:\/\/happyinaknit.com\/wp-content\/uploads\/2025\/10\/Fiola_Folder-pre-news-QB-4631R2-Whisky-2_1800x1800.jpg.webp","type":"image\/webp"}],"twitter_card":"summary_large_image","twitter_misc":{"Est. reading time":"1 minut\u0117"},"schema":{"@context":"https:\/\/schema.org","@graph":[{"@type":"WebPage","@id":"https:\/\/happyinaknit.com\/produktas\/muud-fiola\/","url":"https:\/\/happyinaknit.com\/produktas\/muud-fiola\/","name":"Muud Fiola Whisky - Happyinaknit.com","isPartOf":{"@id":"https:\/\/happyinaknit.com\/lt\/#website"},"primaryImageOfPage":{"@id":"https:\/\/happyinaknit.com\/produktas\/muud-fiola\/#primaryimage"},"image":{"@id":"https:\/\/happyinaknit.com\/produktas\/muud-fiola\/#primaryimage"},"thumbnailUrl":"https:\/\/happyinaknit.com\/wp-content\/uploads\/2025\/10\/Fiola_Folder-pre-news-QB-4631R2-Whisky-2_1800x1800.jpg.webp","datePublished":"2025-10-06T17:51:27+00:00","dateModified":"2025-10-28T09:53:18+00:00","breadcrumb":{"@id":"https:\/\/happyinaknit.com\/produktas\/muud-fiola\/#breadcrumb"},"inLanguage":"lt-LT","potentialAction":[{"@type":"ReadAction","target":["https:\/\/happyinaknit.com\/produktas\/muud-fiola\/"]}]},{"@type":"ImageObject","inLanguage":"lt-LT","@id":"https:\/\/happyinaknit.com\/produktas\/muud-fiola\/#primaryimage","url":"https:\/\/happyinaknit.com\/wp-content\/uploads\/2025\/10\/Fiola_Folder-pre-news-QB-4631R2-Whisky-2_1800x1800.jpg.webp","contentUrl":"https:\/\/happyinaknit.com\/wp-content\/uploads\/2025\/10\/Fiola_Folder-pre-news-QB-4631R2-Whisky-2_1800x1800.jpg.webp","width":1200,"height":1800},{"@type":"BreadcrumbList","@id":"https:\/\/happyinaknit.com\/produktas\/muud-fiola\/#breadcrumb","itemListElement":[{"@type":"ListItem","position":1,"name":"Home","item":"https:\/\/happyinaknit.com\/lt\/"},{"@type":"ListItem","position":2,"name":"Parduotuv\u0117","item":"https:\/\/happyinaknit.com\/lt\/parduotuve\/"},{"@type":"ListItem","position":3,"name":"Muud Fiola Whisky"}]},{"@type":"WebSite","@id":"https:\/\/happyinaknit.com\/lt\/#website","url":"https:\/\/happyinaknit.com\/lt\/","name":"Happyinaknit.com","description":"","potentialAction":[{"@type":"SearchAction","target":{"@type":"EntryPoint","urlTemplate":"https:\/\/happyinaknit.com\/lt\/?s={search_term_string}"},"query-input":{"@type":"PropertyValueSpecification","valueRequired":true,"valueName":"search_term_string"}}],"inLanguage":"lt-LT"}]}},"_links":{"self":[{"href":"https:\/\/happyinaknit.com\/lt\/wp-json\/wp\/v2\/product\/2994","targetHints":{"allow":["GET"]}}],"collection":[{"href":"https:\/\/happyinaknit.com\/lt\/wp-json\/wp\/v2\/product"}],"about":[{"href":"https:\/\/happyinaknit.com\/lt\/wp-json\/wp\/v2\/types\/product"}],"replies":[{"embeddable":true,"href":"https:\/\/happyinaknit.com\/lt\/wp-json\/wp\/v2\/comments?post=2994"}],"wp:featuredmedia":[{"embeddable":true,"href":"https:\/\/happyinaknit.com\/lt\/wp-json\/wp\/v2\/media\/2995"}],"wp:attachment":[{"href":"https:\/\/happyinaknit.com\/lt\/wp-json\/wp\/v2\/media?parent=2994"}],"wp:term":[{"taxonomy":"product_brand","embeddable":true,"href":"https:\/\/happyinaknit.com\/lt\/wp-json\/wp\/v2\/product_brand?post=2994"},{"taxonomy":"product_cat","embeddable":true,"href":"https:\/\/happyinaknit.com\/lt\/wp-json\/wp\/v2\/product_cat?post=2994"},{"taxonomy":"product_tag","embeddable":true,"href":"https:\/\/happyinaknit.com\/lt\/wp-json\/wp\/v2\/product_tag?post=2994"},{"taxonomy":"pro-kategorijos","embeddable":true,"href":"https:\/\/happyinaknit.com\/lt\/wp-json\/wp\/v2\/pro-kategorijos?post=2994"}],"curies":[{"name":"wp","href":"https:\/\/api.w.org\/{rel}","templated":true}]}}