{"id":2896,"date":"2025-10-06T10:19:59","date_gmt":"2025-10-06T10:19:59","guid":{"rendered":"https:\/\/happyinaknit.com\/?post_type=product&#038;p=2896"},"modified":"2025-11-13T20:44:44","modified_gmt":"2025-11-13T20:44:44","slug":"lang-yarns-lino","status":"publish","type":"product","link":"https:\/\/happyinaknit.com\/lt\/produktas\/lang-yarns-lino\/","title":{"rendered":"Lang Yarns Lino"},"content":{"rendered":"<p data-start=\"93\" data-end=\"453\">Nat\u016bral\u016bs <strong data-start=\"125\" data-end=\"139\">100 % lino<\/strong> si\u016blai, pasi\u017eymintys ypatingu gaivumu ir lengvumu \u2013 puikus pasirinkimas vasarai. Tai mink\u0161tas, i\u0161plautas linas, megztas \u012f <strong data-start=\"262\" data-end=\"284\">virvelio strukt\u016br\u0105<\/strong>, kuri suteikia si\u016blui elastingumo ir subtilaus nat\u016bralumo poj\u016bt\u012f. Mezginiai i\u0161 \u201eLino\u201c atrodo eleganti\u0161kai, gerai kv\u0117puoja ir tampa vis \u0161velnesni d\u0117vint bei skalbiant.<\/p>\n<ul data-start=\"455\" data-end=\"871\">\n<li data-start=\"455\" data-end=\"483\">\n<p data-start=\"457\" data-end=\"483\"><strong data-start=\"457\" data-end=\"469\">Sud\u0117tis:<\/strong> 100 % linas<\/p>\n<\/li>\n<li data-start=\"511\" data-end=\"550\">\n<p data-start=\"513\" data-end=\"550\"><strong data-start=\"513\" data-end=\"535\">Svoris \/ metra\u017eas:<\/strong> 50 g &#8211; 110 m<\/p>\n<\/li>\n<li data-start=\"551\" data-end=\"594\">\n<p data-start=\"553\" data-end=\"594\"><strong data-start=\"553\" data-end=\"581\">Rekomenduojami virbalai:<\/strong> 4,5\u20135,0 mm<\/p>\n<\/li>\n<li data-start=\"595\" data-end=\"645\">\n<p data-start=\"597\" data-end=\"645\"><strong data-start=\"597\" data-end=\"623\">Tankumas (10 \u00d7 10 cm):<\/strong> ~19 aki\u0173 \u00d7 30 eili\u0173<\/p>\n<\/li>\n<li data-start=\"646\" data-end=\"780\">\n<p data-start=\"648\" data-end=\"678\"><strong data-start=\"648\" data-end=\"676\">Apytikslis sunaudojimas:<\/strong><\/p>\n<ul data-start=\"681\" data-end=\"780\">\n<li data-start=\"681\" data-end=\"728\">\n<p data-start=\"683\" data-end=\"728\">vyri\u0161kam gaminiui (M dyd\u017eio) ~15 kamuoliuk\u0173<\/p>\n<\/li>\n<li data-start=\"731\" data-end=\"780\">\n<p data-start=\"733\" data-end=\"780\">moteri\u0161kam gaminiui (M dyd\u017eio) ~11 kamuoliuk\u0173<\/p>\n<\/li>\n<\/ul>\n<\/li>\n<li data-start=\"781\" data-end=\"871\">\n<p data-start=\"783\" data-end=\"799\"><strong data-start=\"783\" data-end=\"797\">Prie\u017ei\u016bra:<\/strong><\/p>\n<ul data-start=\"802\" data-end=\"871\">\n<li data-start=\"802\" data-end=\"832\">\n<p data-start=\"804\" data-end=\"832\">Skalbti rankomis iki 30 \u00b0C<\/p>\n<\/li>\n<li data-start=\"835\" data-end=\"871\">\n<p data-start=\"837\" data-end=\"871\">D\u017eiovinti patiesus horizontaliai<\/p>\n<\/li>\n<\/ul>\n<\/li>\n<\/ul>\n","protected":false},"excerpt":{"rendered":"<p>Nat\u016bral\u016bs 100 % lino si\u016blai, pasi\u017eymintys ypatingu gaivumu ir lengvumu \u2013 puikus pasirinkimas vasarai. Tai mink\u0161tas, i\u0161plautas linas, megztas \u012f virvelio strukt\u016br\u0105, kuri suteikia si\u016blui elastingumo ir subtilaus nat\u016bralumo poj\u016bt\u012f. Mezginiai i\u0161 \u201eLino\u201c atrodo eleganti\u0161kai, gerai kv\u0117puoja ir tampa vis \u0161velnesni d\u0117vint bei skalbiant. Sud\u0117tis: 100 % linas Svoris \/ metra\u017eas: 50 g &#8211; 110 [&hellip;]<\/p>\n","protected":false},"featured_media":2900,"comment_status":"open","ping_status":"closed","template":"","meta":{"_acf_changed":false},"product_brand":[70],"product_cat":[15,18],"product_tag":[],"pro-kategorijos":[80],"class_list":{"0":"post-2896","1":"product","2":"type-product","3":"status-publish","4":"has-post-thumbnail","6":"product_brand-lang-yarns","7":"product_cat-visi-produktai","8":"product_cat-siulai","9":"pro-kategorijos-linas","11":"first","12":"instock","13":"shipping-taxable","14":"purchasable","15":"product-type-variable"},"acf":[],"yoast_head":"<!-- This site is optimized with the Yoast SEO plugin v26.8 - https:\/\/yoast.com\/product\/yoast-seo-wordpress\/ -->\n<title>Lang Yarns Lino - Happyinaknit.com<\/title>\n<meta name=\"robots\" content=\"index, follow, max-snippet:-1, max-image-preview:large, max-video-preview:-1\" \/>\n<link rel=\"canonical\" href=\"https:\/\/happyinaknit.com\/lt\/produktas\/lang-yarns-lino\/\" \/>\n<meta property=\"og:locale\" content=\"lt_LT\" \/>\n<meta property=\"og:type\" content=\"article\" \/>\n<meta property=\"og:title\" content=\"Lang Yarns Lino - Happyinaknit.com\" \/>\n<meta property=\"og:description\" content=\"Nat\u016bral\u016bs 100 % lino si\u016blai, pasi\u017eymintys ypatingu gaivumu ir lengvumu \u2013 puikus pasirinkimas vasarai. Tai mink\u0161tas, i\u0161plautas linas, megztas \u012f virvelio strukt\u016br\u0105, kuri suteikia si\u016blui elastingumo ir subtilaus nat\u016bralumo poj\u016bt\u012f. Mezginiai i\u0161 \u201eLino\u201c atrodo eleganti\u0161kai, gerai kv\u0117puoja ir tampa vis \u0161velnesni d\u0117vint bei skalbiant. Sud\u0117tis: 100 % linas Svoris \/ metra\u017eas: 50 g &#8211; 110 [&hellip;]\" \/>\n<meta property=\"og:url\" content=\"https:\/\/happyinaknit.com\/lt\/produktas\/lang-yarns-lino\/\" \/>\n<meta property=\"og:site_name\" content=\"Happyinaknit.com\" \/>\n<meta property=\"article:modified_time\" content=\"2025-11-13T20:44:44+00:00\" \/>\n<meta property=\"og:image\" content=\"https:\/\/happyinaknit.com\/wp-content\/uploads\/2025\/10\/784_0113_LANGYARNS_Lino_800_B.jpg\" \/>\n\t<meta property=\"og:image:width\" content=\"800\" \/>\n\t<meta property=\"og:image:height\" content=\"800\" \/>\n\t<meta property=\"og:image:type\" content=\"image\/jpeg\" \/>\n<meta name=\"twitter:card\" content=\"summary_large_image\" \/>\n<script type=\"application\/ld+json\" class=\"yoast-schema-graph\">{\"@context\":\"https:\/\/schema.org\",\"@graph\":[{\"@type\":\"WebPage\",\"@id\":\"https:\/\/happyinaknit.com\/produktas\/lang-yarns-lino\/\",\"url\":\"https:\/\/happyinaknit.com\/produktas\/lang-yarns-lino\/\",\"name\":\"Lang Yarns Lino - Happyinaknit.com\",\"isPartOf\":{\"@id\":\"https:\/\/happyinaknit.com\/lt\/#website\"},\"primaryImageOfPage\":{\"@id\":\"https:\/\/happyinaknit.com\/produktas\/lang-yarns-lino\/#primaryimage\"},\"image\":{\"@id\":\"https:\/\/happyinaknit.com\/produktas\/lang-yarns-lino\/#primaryimage\"},\"thumbnailUrl\":\"https:\/\/happyinaknit.com\/wp-content\/uploads\/2025\/10\/784_0113_LANGYARNS_Lino_800_B.jpg\",\"datePublished\":\"2025-10-06T10:19:59+00:00\",\"dateModified\":\"2025-11-13T20:44:44+00:00\",\"breadcrumb\":{\"@id\":\"https:\/\/happyinaknit.com\/produktas\/lang-yarns-lino\/#breadcrumb\"},\"inLanguage\":\"lt-LT\",\"potentialAction\":[{\"@type\":\"ReadAction\",\"target\":[\"https:\/\/happyinaknit.com\/produktas\/lang-yarns-lino\/\"]}]},{\"@type\":\"ImageObject\",\"inLanguage\":\"lt-LT\",\"@id\":\"https:\/\/happyinaknit.com\/produktas\/lang-yarns-lino\/#primaryimage\",\"url\":\"https:\/\/happyinaknit.com\/wp-content\/uploads\/2025\/10\/784_0113_LANGYARNS_Lino_800_B.jpg\",\"contentUrl\":\"https:\/\/happyinaknit.com\/wp-content\/uploads\/2025\/10\/784_0113_LANGYARNS_Lino_800_B.jpg\",\"width\":800,\"height\":800},{\"@type\":\"BreadcrumbList\",\"@id\":\"https:\/\/happyinaknit.com\/produktas\/lang-yarns-lino\/#breadcrumb\",\"itemListElement\":[{\"@type\":\"ListItem\",\"position\":1,\"name\":\"Home\",\"item\":\"https:\/\/happyinaknit.com\/lt\/\"},{\"@type\":\"ListItem\",\"position\":2,\"name\":\"Parduotuv\u0117\",\"item\":\"https:\/\/happyinaknit.com\/lt\/parduotuve\/\"},{\"@type\":\"ListItem\",\"position\":3,\"name\":\"Lang Yarns Lino\"}]},{\"@type\":\"WebSite\",\"@id\":\"https:\/\/happyinaknit.com\/lt\/#website\",\"url\":\"https:\/\/happyinaknit.com\/lt\/\",\"name\":\"Happyinaknit.com\",\"description\":\"\",\"potentialAction\":[{\"@type\":\"SearchAction\",\"target\":{\"@type\":\"EntryPoint\",\"urlTemplate\":\"https:\/\/happyinaknit.com\/lt\/?s={search_term_string}\"},\"query-input\":{\"@type\":\"PropertyValueSpecification\",\"valueRequired\":true,\"valueName\":\"search_term_string\"}}],\"inLanguage\":\"lt-LT\"}]}<\/script>\n<!-- \/ Yoast SEO plugin. -->","yoast_head_json":{"title":"Lang Yarns Lino - Happyinaknit.com","robots":{"index":"index","follow":"follow","max-snippet":"max-snippet:-1","max-image-preview":"max-image-preview:large","max-video-preview":"max-video-preview:-1"},"canonical":"https:\/\/happyinaknit.com\/lt\/produktas\/lang-yarns-lino\/","og_locale":"lt_LT","og_type":"article","og_title":"Lang Yarns Lino - Happyinaknit.com","og_description":"Nat\u016bral\u016bs 100 % lino si\u016blai, pasi\u017eymintys ypatingu gaivumu ir lengvumu \u2013 puikus pasirinkimas vasarai. Tai mink\u0161tas, i\u0161plautas linas, megztas \u012f virvelio strukt\u016br\u0105, kuri suteikia si\u016blui elastingumo ir subtilaus nat\u016bralumo poj\u016bt\u012f. Mezginiai i\u0161 \u201eLino\u201c atrodo eleganti\u0161kai, gerai kv\u0117puoja ir tampa vis \u0161velnesni d\u0117vint bei skalbiant. Sud\u0117tis: 100 % linas Svoris \/ metra\u017eas: 50 g &#8211; 110 [&hellip;]","og_url":"https:\/\/happyinaknit.com\/lt\/produktas\/lang-yarns-lino\/","og_site_name":"Happyinaknit.com","article_modified_time":"2025-11-13T20:44:44+00:00","og_image":[{"width":800,"height":800,"url":"https:\/\/happyinaknit.com\/wp-content\/uploads\/2025\/10\/784_0113_LANGYARNS_Lino_800_B.jpg","type":"image\/jpeg"}],"twitter_card":"summary_large_image","schema":{"@context":"https:\/\/schema.org","@graph":[{"@type":"WebPage","@id":"https:\/\/happyinaknit.com\/produktas\/lang-yarns-lino\/","url":"https:\/\/happyinaknit.com\/produktas\/lang-yarns-lino\/","name":"Lang Yarns Lino - Happyinaknit.com","isPartOf":{"@id":"https:\/\/happyinaknit.com\/lt\/#website"},"primaryImageOfPage":{"@id":"https:\/\/happyinaknit.com\/produktas\/lang-yarns-lino\/#primaryimage"},"image":{"@id":"https:\/\/happyinaknit.com\/produktas\/lang-yarns-lino\/#primaryimage"},"thumbnailUrl":"https:\/\/happyinaknit.com\/wp-content\/uploads\/2025\/10\/784_0113_LANGYARNS_Lino_800_B.jpg","datePublished":"2025-10-06T10:19:59+00:00","dateModified":"2025-11-13T20:44:44+00:00","breadcrumb":{"@id":"https:\/\/happyinaknit.com\/produktas\/lang-yarns-lino\/#breadcrumb"},"inLanguage":"lt-LT","potentialAction":[{"@type":"ReadAction","target":["https:\/\/happyinaknit.com\/produktas\/lang-yarns-lino\/"]}]},{"@type":"ImageObject","inLanguage":"lt-LT","@id":"https:\/\/happyinaknit.com\/produktas\/lang-yarns-lino\/#primaryimage","url":"https:\/\/happyinaknit.com\/wp-content\/uploads\/2025\/10\/784_0113_LANGYARNS_Lino_800_B.jpg","contentUrl":"https:\/\/happyinaknit.com\/wp-content\/uploads\/2025\/10\/784_0113_LANGYARNS_Lino_800_B.jpg","width":800,"height":800},{"@type":"BreadcrumbList","@id":"https:\/\/happyinaknit.com\/produktas\/lang-yarns-lino\/#breadcrumb","itemListElement":[{"@type":"ListItem","position":1,"name":"Home","item":"https:\/\/happyinaknit.com\/lt\/"},{"@type":"ListItem","position":2,"name":"Parduotuv\u0117","item":"https:\/\/happyinaknit.com\/lt\/parduotuve\/"},{"@type":"ListItem","position":3,"name":"Lang Yarns Lino"}]},{"@type":"WebSite","@id":"https:\/\/happyinaknit.com\/lt\/#website","url":"https:\/\/happyinaknit.com\/lt\/","name":"Happyinaknit.com","description":"","potentialAction":[{"@type":"SearchAction","target":{"@type":"EntryPoint","urlTemplate":"https:\/\/happyinaknit.com\/lt\/?s={search_term_string}"},"query-input":{"@type":"PropertyValueSpecification","valueRequired":true,"valueName":"search_term_string"}}],"inLanguage":"lt-LT"}]}},"_links":{"self":[{"href":"https:\/\/happyinaknit.com\/lt\/wp-json\/wp\/v2\/product\/2896","targetHints":{"allow":["GET"]}}],"collection":[{"href":"https:\/\/happyinaknit.com\/lt\/wp-json\/wp\/v2\/product"}],"about":[{"href":"https:\/\/happyinaknit.com\/lt\/wp-json\/wp\/v2\/types\/product"}],"replies":[{"embeddable":true,"href":"https:\/\/happyinaknit.com\/lt\/wp-json\/wp\/v2\/comments?post=2896"}],"wp:featuredmedia":[{"embeddable":true,"href":"https:\/\/happyinaknit.com\/lt\/wp-json\/wp\/v2\/media\/2900"}],"wp:attachment":[{"href":"https:\/\/happyinaknit.com\/lt\/wp-json\/wp\/v2\/media?parent=2896"}],"wp:term":[{"taxonomy":"product_brand","embeddable":true,"href":"https:\/\/happyinaknit.com\/lt\/wp-json\/wp\/v2\/product_brand?post=2896"},{"taxonomy":"product_cat","embeddable":true,"href":"https:\/\/happyinaknit.com\/lt\/wp-json\/wp\/v2\/product_cat?post=2896"},{"taxonomy":"product_tag","embeddable":true,"href":"https:\/\/happyinaknit.com\/lt\/wp-json\/wp\/v2\/product_tag?post=2896"},{"taxonomy":"pro-kategorijos","embeddable":true,"href":"https:\/\/happyinaknit.com\/lt\/wp-json\/wp\/v2\/pro-kategorijos?post=2896"}],"curies":[{"name":"wp","href":"https:\/\/api.w.org\/{rel}","templated":true}]}}