{"id":2818,"date":"2025-10-06T09:03:43","date_gmt":"2025-10-06T09:03:43","guid":{"rendered":"https:\/\/happyinaknit.com\/?post_type=product&#038;p=2818"},"modified":"2026-04-01T14:12:32","modified_gmt":"2026-04-01T14:12:32","slug":"lang-yarns-lambswool","status":"publish","type":"product","link":"https:\/\/happyinaknit.com\/lt\/produktas\/lang-yarns-lambswool\/","title":{"rendered":"Lang Yarns  Lambswool"},"content":{"rendered":"<p data-start=\"149\" data-end=\"674\">Ypa\u010d \u0161velni merino vilna i\u0161 Australijos, kurios pluo\u0161tas (merino superfine 160\u2019s) prilygsta ka\u0161myrui. Si\u016blai gaminami Italijoje i\u0161 atsakingai u\u017eaugintos vilnos, tod\u0117l yra itin mink\u0161ti, \u0161ilti ir malon\u016bs odai. Tai kokybi\u0161ki, nat\u016bral\u016bs si\u016blai, puikiai tinkantys megztiniams, kardiganams, kepur\u0117ms ir kitiems \u0161iltiems gaminiams.<br data-start=\"499\" data-end=\"502\" \/>\u0160i r\u016b\u0161is yra <strong data-start=\"515\" data-end=\"532\">mulesing free<\/strong>, visi\u0161kai <strong data-start=\"543\" data-end=\"571\">atsekama iki kilm\u0117s \u016bkio<\/strong> ir <strong data-start=\"575\" data-end=\"620\">sertifikuota pagal Cradle to Cradle (C2C)<\/strong> bei <strong data-start=\"625\" data-end=\"660\">RWS (Responsible Wool Standard)<\/strong> standartus.<\/p>\n<ul data-start=\"676\" data-end=\"1241\">\n<li data-start=\"676\" data-end=\"742\">\n<p data-start=\"678\" data-end=\"742\"><strong data-start=\"678\" data-end=\"690\">Sud\u0117tis:<\/strong> 100 % merino vilna (virgin wool, superfine 160\u2019s)<\/p>\n<\/li>\n<li data-start=\"743\" data-end=\"769\"><strong data-start=\"772\" data-end=\"794\">Svoris \/ metra\u017eas:<\/strong> 50 g &#8211; 150 m<\/li>\n<li data-start=\"810\" data-end=\"853\">\n<p data-start=\"812\" data-end=\"853\"><strong data-start=\"812\" data-end=\"840\">Rekomenduojami virbalai:<\/strong> 4,5\u20135,0 mm<\/p>\n<\/li>\n<li data-start=\"854\" data-end=\"904\">\n<p data-start=\"856\" data-end=\"904\"><strong data-start=\"856\" data-end=\"882\">Tankumas (10 \u00d7 10 cm):<\/strong> ~20 aki\u0173 \u00d7 27 eil\u0117s<\/p>\n<\/li>\n<li data-start=\"905\" data-end=\"1069\">\n<p data-start=\"907\" data-end=\"937\"><strong data-start=\"907\" data-end=\"935\">Apytikslis sunaudojimas:<\/strong><\/p>\n<ul data-start=\"940\" data-end=\"1069\">\n<li data-start=\"940\" data-end=\"979\">\n<p data-start=\"942\" data-end=\"979\">vyri\u0161kam gaminiui (M dyd\u017eio) ~500 g<\/p>\n<\/li>\n<li data-start=\"982\" data-end=\"1023\">\n<p data-start=\"984\" data-end=\"1023\">moteri\u0161kam gaminiui (M dyd\u017eio) ~400 g<\/p>\n<\/li>\n<li data-start=\"1026\" data-end=\"1069\">\n<p data-start=\"1028\" data-end=\"1069\">vaiki\u0161kam gaminiui (iki 10 met\u0173) ~300 g<\/p>\n<\/li>\n<\/ul>\n<\/li>\n<li data-start=\"1070\" data-end=\"1241\">\n<p data-start=\"1072\" data-end=\"1088\"><strong data-start=\"1072\" data-end=\"1086\">Prie\u017ei\u016bra:<\/strong><\/p>\n<ul data-start=\"1091\" data-end=\"1241\">\n<li data-start=\"1091\" data-end=\"1121\">\n<p data-start=\"1093\" data-end=\"1121\">Skalbti rankomis iki 30 \u00b0C<\/p>\n<\/li>\n<li data-start=\"1124\" data-end=\"1160\">\n<p data-start=\"1126\" data-end=\"1160\">D\u017eiovinti patiesus horizontaliai<\/p>\n<\/li>\n<li data-start=\"1163\" data-end=\"1241\">\n<p data-start=\"1165\" data-end=\"1241\">\u267b\ufe0f <em data-start=\"1168\" data-end=\"1239\">Mulesing free, traceable, Cradle to Cradle ir RWS sertifikuoti si\u016blai<\/em><\/p>\n<\/li>\n<\/ul>\n<\/li>\n<\/ul>\n","protected":false},"excerpt":{"rendered":"<p>Ypa\u010d \u0161velni merino vilna i\u0161 Australijos, kurios pluo\u0161tas (merino superfine 160\u2019s) prilygsta ka\u0161myrui. Si\u016blai gaminami Italijoje i\u0161 atsakingai u\u017eaugintos vilnos, tod\u0117l yra itin mink\u0161ti, \u0161ilti ir malon\u016bs odai. Tai kokybi\u0161ki, nat\u016bral\u016bs si\u016blai, puikiai tinkantys megztiniams, kardiganams, kepur\u0117ms ir kitiems \u0161iltiems gaminiams.\u0160i r\u016b\u0161is yra mulesing free, visi\u0161kai atsekama iki kilm\u0117s \u016bkio ir sertifikuota pagal Cradle to [&hellip;]<\/p>\n","protected":false},"featured_media":2829,"comment_status":"open","ping_status":"closed","template":"","meta":{"_acf_changed":false},"product_brand":[70],"product_cat":[15,18],"product_tag":[],"pro-kategorijos":[71],"class_list":{"0":"post-2818","1":"product","2":"type-product","3":"status-publish","4":"has-post-thumbnail","6":"product_brand-lang-yarns","7":"product_cat-visi-produktai","8":"product_cat-siulai","9":"pro-kategorijos-merino-vilna","11":"first","12":"instock","13":"shipping-taxable","14":"purchasable","15":"product-type-variable"},"acf":[],"yoast_head":"<!-- This site is optimized with the Yoast SEO plugin v26.8 - https:\/\/yoast.com\/product\/yoast-seo-wordpress\/ -->\n<title>Lang Yarns Lambswool - Happyinaknit.com<\/title>\n<meta name=\"robots\" content=\"index, follow, max-snippet:-1, max-image-preview:large, max-video-preview:-1\" \/>\n<link rel=\"canonical\" href=\"https:\/\/happyinaknit.com\/lt\/produktas\/lang-yarns-lambswool\/\" \/>\n<meta property=\"og:locale\" content=\"lt_LT\" \/>\n<meta property=\"og:type\" content=\"article\" \/>\n<meta property=\"og:title\" content=\"Lang Yarns Lambswool - Happyinaknit.com\" \/>\n<meta property=\"og:description\" content=\"Ypa\u010d \u0161velni merino vilna i\u0161 Australijos, kurios pluo\u0161tas (merino superfine 160\u2019s) prilygsta ka\u0161myrui. Si\u016blai gaminami Italijoje i\u0161 atsakingai u\u017eaugintos vilnos, tod\u0117l yra itin mink\u0161ti, \u0161ilti ir malon\u016bs odai. Tai kokybi\u0161ki, nat\u016bral\u016bs si\u016blai, puikiai tinkantys megztiniams, kardiganams, kepur\u0117ms ir kitiems \u0161iltiems gaminiams.\u0160i r\u016b\u0161is yra mulesing free, visi\u0161kai atsekama iki kilm\u0117s \u016bkio ir sertifikuota pagal Cradle to [&hellip;]\" \/>\n<meta property=\"og:url\" content=\"https:\/\/happyinaknit.com\/lt\/produktas\/lang-yarns-lambswool\/\" \/>\n<meta property=\"og:site_name\" content=\"Happyinaknit.com\" \/>\n<meta property=\"article:modified_time\" content=\"2026-04-01T14:12:32+00:00\" \/>\n<meta property=\"og:image\" content=\"https:\/\/happyinaknit.com\/wp-content\/uploads\/2025\/10\/1116_0065_LANGYARNS_Lambswool_800_B.jpg\" \/>\n\t<meta property=\"og:image:width\" content=\"800\" \/>\n\t<meta property=\"og:image:height\" content=\"800\" \/>\n\t<meta property=\"og:image:type\" content=\"image\/jpeg\" \/>\n<meta name=\"twitter:card\" content=\"summary_large_image\" \/>\n<meta name=\"twitter:label1\" content=\"Est. reading time\" \/>\n\t<meta name=\"twitter:data1\" content=\"1 minut\u0117\" \/>\n<script type=\"application\/ld+json\" class=\"yoast-schema-graph\">{\"@context\":\"https:\/\/schema.org\",\"@graph\":[{\"@type\":\"WebPage\",\"@id\":\"https:\/\/happyinaknit.com\/produktas\/lang-yarns-lambswool\/\",\"url\":\"https:\/\/happyinaknit.com\/produktas\/lang-yarns-lambswool\/\",\"name\":\"Lang Yarns Lambswool - Happyinaknit.com\",\"isPartOf\":{\"@id\":\"https:\/\/happyinaknit.com\/lt\/#website\"},\"primaryImageOfPage\":{\"@id\":\"https:\/\/happyinaknit.com\/produktas\/lang-yarns-lambswool\/#primaryimage\"},\"image\":{\"@id\":\"https:\/\/happyinaknit.com\/produktas\/lang-yarns-lambswool\/#primaryimage\"},\"thumbnailUrl\":\"https:\/\/happyinaknit.com\/wp-content\/uploads\/2025\/10\/1116_0065_LANGYARNS_Lambswool_800_B.jpg\",\"datePublished\":\"2025-10-06T09:03:43+00:00\",\"dateModified\":\"2026-04-01T14:12:32+00:00\",\"breadcrumb\":{\"@id\":\"https:\/\/happyinaknit.com\/produktas\/lang-yarns-lambswool\/#breadcrumb\"},\"inLanguage\":\"lt-LT\",\"potentialAction\":[{\"@type\":\"ReadAction\",\"target\":[\"https:\/\/happyinaknit.com\/produktas\/lang-yarns-lambswool\/\"]}]},{\"@type\":\"ImageObject\",\"inLanguage\":\"lt-LT\",\"@id\":\"https:\/\/happyinaknit.com\/produktas\/lang-yarns-lambswool\/#primaryimage\",\"url\":\"https:\/\/happyinaknit.com\/wp-content\/uploads\/2025\/10\/1116_0065_LANGYARNS_Lambswool_800_B.jpg\",\"contentUrl\":\"https:\/\/happyinaknit.com\/wp-content\/uploads\/2025\/10\/1116_0065_LANGYARNS_Lambswool_800_B.jpg\",\"width\":800,\"height\":800},{\"@type\":\"BreadcrumbList\",\"@id\":\"https:\/\/happyinaknit.com\/produktas\/lang-yarns-lambswool\/#breadcrumb\",\"itemListElement\":[{\"@type\":\"ListItem\",\"position\":1,\"name\":\"Home\",\"item\":\"https:\/\/happyinaknit.com\/lt\/\"},{\"@type\":\"ListItem\",\"position\":2,\"name\":\"Parduotuv\u0117\",\"item\":\"https:\/\/happyinaknit.com\/lt\/parduotuve\/\"},{\"@type\":\"ListItem\",\"position\":3,\"name\":\"Lang Yarns Lambswool\"}]},{\"@type\":\"WebSite\",\"@id\":\"https:\/\/happyinaknit.com\/lt\/#website\",\"url\":\"https:\/\/happyinaknit.com\/lt\/\",\"name\":\"Happyinaknit.com\",\"description\":\"\",\"potentialAction\":[{\"@type\":\"SearchAction\",\"target\":{\"@type\":\"EntryPoint\",\"urlTemplate\":\"https:\/\/happyinaknit.com\/lt\/?s={search_term_string}\"},\"query-input\":{\"@type\":\"PropertyValueSpecification\",\"valueRequired\":true,\"valueName\":\"search_term_string\"}}],\"inLanguage\":\"lt-LT\"}]}<\/script>\n<!-- \/ Yoast SEO plugin. -->","yoast_head_json":{"title":"Lang Yarns Lambswool - Happyinaknit.com","robots":{"index":"index","follow":"follow","max-snippet":"max-snippet:-1","max-image-preview":"max-image-preview:large","max-video-preview":"max-video-preview:-1"},"canonical":"https:\/\/happyinaknit.com\/lt\/produktas\/lang-yarns-lambswool\/","og_locale":"lt_LT","og_type":"article","og_title":"Lang Yarns Lambswool - Happyinaknit.com","og_description":"Ypa\u010d \u0161velni merino vilna i\u0161 Australijos, kurios pluo\u0161tas (merino superfine 160\u2019s) prilygsta ka\u0161myrui. Si\u016blai gaminami Italijoje i\u0161 atsakingai u\u017eaugintos vilnos, tod\u0117l yra itin mink\u0161ti, \u0161ilti ir malon\u016bs odai. Tai kokybi\u0161ki, nat\u016bral\u016bs si\u016blai, puikiai tinkantys megztiniams, kardiganams, kepur\u0117ms ir kitiems \u0161iltiems gaminiams.\u0160i r\u016b\u0161is yra mulesing free, visi\u0161kai atsekama iki kilm\u0117s \u016bkio ir sertifikuota pagal Cradle to [&hellip;]","og_url":"https:\/\/happyinaknit.com\/lt\/produktas\/lang-yarns-lambswool\/","og_site_name":"Happyinaknit.com","article_modified_time":"2026-04-01T14:12:32+00:00","og_image":[{"width":800,"height":800,"url":"https:\/\/happyinaknit.com\/wp-content\/uploads\/2025\/10\/1116_0065_LANGYARNS_Lambswool_800_B.jpg","type":"image\/jpeg"}],"twitter_card":"summary_large_image","twitter_misc":{"Est. reading time":"1 minut\u0117"},"schema":{"@context":"https:\/\/schema.org","@graph":[{"@type":"WebPage","@id":"https:\/\/happyinaknit.com\/produktas\/lang-yarns-lambswool\/","url":"https:\/\/happyinaknit.com\/produktas\/lang-yarns-lambswool\/","name":"Lang Yarns Lambswool - Happyinaknit.com","isPartOf":{"@id":"https:\/\/happyinaknit.com\/lt\/#website"},"primaryImageOfPage":{"@id":"https:\/\/happyinaknit.com\/produktas\/lang-yarns-lambswool\/#primaryimage"},"image":{"@id":"https:\/\/happyinaknit.com\/produktas\/lang-yarns-lambswool\/#primaryimage"},"thumbnailUrl":"https:\/\/happyinaknit.com\/wp-content\/uploads\/2025\/10\/1116_0065_LANGYARNS_Lambswool_800_B.jpg","datePublished":"2025-10-06T09:03:43+00:00","dateModified":"2026-04-01T14:12:32+00:00","breadcrumb":{"@id":"https:\/\/happyinaknit.com\/produktas\/lang-yarns-lambswool\/#breadcrumb"},"inLanguage":"lt-LT","potentialAction":[{"@type":"ReadAction","target":["https:\/\/happyinaknit.com\/produktas\/lang-yarns-lambswool\/"]}]},{"@type":"ImageObject","inLanguage":"lt-LT","@id":"https:\/\/happyinaknit.com\/produktas\/lang-yarns-lambswool\/#primaryimage","url":"https:\/\/happyinaknit.com\/wp-content\/uploads\/2025\/10\/1116_0065_LANGYARNS_Lambswool_800_B.jpg","contentUrl":"https:\/\/happyinaknit.com\/wp-content\/uploads\/2025\/10\/1116_0065_LANGYARNS_Lambswool_800_B.jpg","width":800,"height":800},{"@type":"BreadcrumbList","@id":"https:\/\/happyinaknit.com\/produktas\/lang-yarns-lambswool\/#breadcrumb","itemListElement":[{"@type":"ListItem","position":1,"name":"Home","item":"https:\/\/happyinaknit.com\/lt\/"},{"@type":"ListItem","position":2,"name":"Parduotuv\u0117","item":"https:\/\/happyinaknit.com\/lt\/parduotuve\/"},{"@type":"ListItem","position":3,"name":"Lang Yarns Lambswool"}]},{"@type":"WebSite","@id":"https:\/\/happyinaknit.com\/lt\/#website","url":"https:\/\/happyinaknit.com\/lt\/","name":"Happyinaknit.com","description":"","potentialAction":[{"@type":"SearchAction","target":{"@type":"EntryPoint","urlTemplate":"https:\/\/happyinaknit.com\/lt\/?s={search_term_string}"},"query-input":{"@type":"PropertyValueSpecification","valueRequired":true,"valueName":"search_term_string"}}],"inLanguage":"lt-LT"}]}},"_links":{"self":[{"href":"https:\/\/happyinaknit.com\/lt\/wp-json\/wp\/v2\/product\/2818","targetHints":{"allow":["GET"]}}],"collection":[{"href":"https:\/\/happyinaknit.com\/lt\/wp-json\/wp\/v2\/product"}],"about":[{"href":"https:\/\/happyinaknit.com\/lt\/wp-json\/wp\/v2\/types\/product"}],"replies":[{"embeddable":true,"href":"https:\/\/happyinaknit.com\/lt\/wp-json\/wp\/v2\/comments?post=2818"}],"wp:featuredmedia":[{"embeddable":true,"href":"https:\/\/happyinaknit.com\/lt\/wp-json\/wp\/v2\/media\/2829"}],"wp:attachment":[{"href":"https:\/\/happyinaknit.com\/lt\/wp-json\/wp\/v2\/media?parent=2818"}],"wp:term":[{"taxonomy":"product_brand","embeddable":true,"href":"https:\/\/happyinaknit.com\/lt\/wp-json\/wp\/v2\/product_brand?post=2818"},{"taxonomy":"product_cat","embeddable":true,"href":"https:\/\/happyinaknit.com\/lt\/wp-json\/wp\/v2\/product_cat?post=2818"},{"taxonomy":"product_tag","embeddable":true,"href":"https:\/\/happyinaknit.com\/lt\/wp-json\/wp\/v2\/product_tag?post=2818"},{"taxonomy":"pro-kategorijos","embeddable":true,"href":"https:\/\/happyinaknit.com\/lt\/wp-json\/wp\/v2\/pro-kategorijos?post=2818"}],"curies":[{"name":"wp","href":"https:\/\/api.w.org\/{rel}","templated":true}]}}