{"id":2802,"date":"2025-10-06T08:44:41","date_gmt":"2025-10-06T08:44:41","guid":{"rendered":"https:\/\/happyinaknit.com\/?post_type=product&#038;p=2802"},"modified":"2025-11-13T20:34:05","modified_gmt":"2025-11-13T20:34:05","slug":"lang-yarns-phoenix-tweed","status":"publish","type":"product","link":"https:\/\/happyinaknit.com\/lt\/produktas\/lang-yarns-phoenix-tweed\/","title":{"rendered":"Lang Yarns Phoenix Tweed"},"content":{"rendered":"<p data-start=\"93\" data-end=\"538\">Mink\u0161ti, pur\u016bs ir \u0161ilti si\u016blai, kuriuose derinama ypa\u010d plona merino vilna ir \u0161iek tiek nailono tvirtumui. Tai \u201ePhoenix\u201c si\u016bl\u0173 versija su spalvingais <em data-start=\"273\" data-end=\"280\">tweed<\/em> intarpais, suteikian\u010diais mezginiams subtilaus ta\u0161kuoto efekto. Puikiai tinka megztiniams, \u0161alikams ar kardiganams, kai norisi jaukumo, lengvumo ir \u0161iek tiek \u017eaismingumo. Stori si\u016blai leid\u017eia greitai numegzti \u0161iltus ir purius gaminius dideliais virbalais.<\/p>\n<ul data-start=\"540\" data-end=\"991\">\n<li data-start=\"540\" data-end=\"601\">\n<p data-start=\"542\" data-end=\"601\"><strong data-start=\"542\" data-end=\"554\">Sud\u0117tis:<\/strong> 93 % merino vilna (extra fine), 7 % nailonas<\/p>\n<\/li>\n<li data-start=\"629\" data-end=\"669\">\n<p data-start=\"631\" data-end=\"669\"><strong data-start=\"631\" data-end=\"653\">Svoris \/ metra\u017eas:<\/strong> 100 g &#8211; 270 m<\/p>\n<\/li>\n<li data-start=\"670\" data-end=\"713\">\n<p data-start=\"672\" data-end=\"713\"><strong data-start=\"672\" data-end=\"700\">Rekomenduojami virbalai:<\/strong> 7,0\u20138,0 mm<\/p>\n<\/li>\n<li data-start=\"714\" data-end=\"763\">\n<p data-start=\"716\" data-end=\"763\"><strong data-start=\"716\" data-end=\"742\">Tankumas (10 \u00d7 10 cm):<\/strong> ~9 akys \u00d7 16 eil\u0117s<\/p>\n<\/li>\n<li data-start=\"764\" data-end=\"900\">\n<p data-start=\"766\" data-end=\"796\"><strong data-start=\"766\" data-end=\"794\">Apytikslis sunaudojimas:<\/strong><\/p>\n<ul data-start=\"799\" data-end=\"900\">\n<li data-start=\"799\" data-end=\"847\">\n<p data-start=\"801\" data-end=\"847\">vyri\u0161kam gaminiui (48 dyd\u017eio) ~4 kamuoliukai<\/p>\n<\/li>\n<li data-start=\"850\" data-end=\"900\">\n<p data-start=\"852\" data-end=\"900\">moteri\u0161kam gaminiui (46 dyd\u017eio) ~3 kamuoliukai<\/p>\n<\/li>\n<\/ul>\n<\/li>\n<li data-start=\"901\" data-end=\"991\">\n<p data-start=\"903\" data-end=\"919\"><strong data-start=\"903\" data-end=\"917\">Prie\u017ei\u016bra:<\/strong><\/p>\n<ul data-start=\"922\" data-end=\"991\">\n<li data-start=\"922\" data-end=\"952\">\n<p data-start=\"924\" data-end=\"952\">Skalbti rankomis iki 30 \u00b0C<\/p>\n<\/li>\n<li data-start=\"955\" data-end=\"991\">\n<p data-start=\"957\" data-end=\"991\">D\u017eiovinti patiesus horizontaliai<\/p>\n<\/li>\n<\/ul>\n<\/li>\n<\/ul>\n","protected":false},"excerpt":{"rendered":"<p>Mink\u0161ti, pur\u016bs ir \u0161ilti si\u016blai, kuriuose derinama ypa\u010d plona merino vilna ir \u0161iek tiek nailono tvirtumui. Tai \u201ePhoenix\u201c si\u016bl\u0173 versija su spalvingais tweed intarpais, suteikian\u010diais mezginiams subtilaus ta\u0161kuoto efekto. Puikiai tinka megztiniams, \u0161alikams ar kardiganams, kai norisi jaukumo, lengvumo ir \u0161iek tiek \u017eaismingumo. Stori si\u016blai leid\u017eia greitai numegzti \u0161iltus ir purius gaminius dideliais virbalais. Sud\u0117tis: [&hellip;]<\/p>\n","protected":false},"featured_media":2803,"comment_status":"open","ping_status":"closed","template":"","meta":{"_acf_changed":false},"product_brand":[70],"product_cat":[15,182,18],"product_tag":[33],"pro-kategorijos":[71],"class_list":{"0":"post-2802","1":"product","2":"type-product","3":"status-publish","4":"has-post-thumbnail","6":"product_brand-lang-yarns","7":"product_cat-visi-produktai","8":"product_cat-ispardavimas","9":"product_cat-siulai","10":"product_tag-ispardavimas","11":"pro-kategorijos-merino-vilna","13":"first","14":"instock","15":"sale","16":"shipping-taxable","17":"purchasable","18":"product-type-variable"},"acf":[],"yoast_head":"<!-- This site is optimized with the Yoast SEO plugin v26.8 - https:\/\/yoast.com\/product\/yoast-seo-wordpress\/ -->\n<title>Lang Yarns Phoenix Tweed - Happyinaknit.com<\/title>\n<meta name=\"robots\" content=\"index, follow, max-snippet:-1, max-image-preview:large, max-video-preview:-1\" \/>\n<link rel=\"canonical\" href=\"https:\/\/happyinaknit.com\/lt\/produktas\/lang-yarns-phoenix-tweed\/\" \/>\n<meta property=\"og:locale\" content=\"lt_LT\" \/>\n<meta property=\"og:type\" content=\"article\" \/>\n<meta property=\"og:title\" content=\"Lang Yarns Phoenix Tweed - Happyinaknit.com\" \/>\n<meta property=\"og:description\" content=\"Mink\u0161ti, pur\u016bs ir \u0161ilti si\u016blai, kuriuose derinama ypa\u010d plona merino vilna ir \u0161iek tiek nailono tvirtumui. Tai \u201ePhoenix\u201c si\u016bl\u0173 versija su spalvingais tweed intarpais, suteikian\u010diais mezginiams subtilaus ta\u0161kuoto efekto. Puikiai tinka megztiniams, \u0161alikams ar kardiganams, kai norisi jaukumo, lengvumo ir \u0161iek tiek \u017eaismingumo. Stori si\u016blai leid\u017eia greitai numegzti \u0161iltus ir purius gaminius dideliais virbalais. Sud\u0117tis: [&hellip;]\" \/>\n<meta property=\"og:url\" content=\"https:\/\/happyinaknit.com\/lt\/produktas\/lang-yarns-phoenix-tweed\/\" \/>\n<meta property=\"og:site_name\" content=\"Happyinaknit.com\" \/>\n<meta property=\"article:modified_time\" content=\"2025-11-13T20:34:05+00:00\" \/>\n<meta property=\"og:image\" content=\"https:\/\/happyinaknit.com\/wp-content\/uploads\/2025\/10\/IMG_8498.jpg\" \/>\n\t<meta property=\"og:image:width\" content=\"1320\" \/>\n\t<meta property=\"og:image:height\" content=\"1278\" \/>\n\t<meta property=\"og:image:type\" content=\"image\/jpeg\" \/>\n<meta name=\"twitter:card\" content=\"summary_large_image\" \/>\n<meta name=\"twitter:label1\" content=\"Est. reading time\" \/>\n\t<meta name=\"twitter:data1\" content=\"1 minut\u0117\" \/>\n<script type=\"application\/ld+json\" class=\"yoast-schema-graph\">{\"@context\":\"https:\/\/schema.org\",\"@graph\":[{\"@type\":\"WebPage\",\"@id\":\"https:\/\/happyinaknit.com\/produktas\/lang-yarns-phoenix-tweed\/\",\"url\":\"https:\/\/happyinaknit.com\/produktas\/lang-yarns-phoenix-tweed\/\",\"name\":\"Lang Yarns Phoenix Tweed - Happyinaknit.com\",\"isPartOf\":{\"@id\":\"https:\/\/happyinaknit.com\/lt\/#website\"},\"primaryImageOfPage\":{\"@id\":\"https:\/\/happyinaknit.com\/produktas\/lang-yarns-phoenix-tweed\/#primaryimage\"},\"image\":{\"@id\":\"https:\/\/happyinaknit.com\/produktas\/lang-yarns-phoenix-tweed\/#primaryimage\"},\"thumbnailUrl\":\"https:\/\/happyinaknit.com\/wp-content\/uploads\/2025\/10\/IMG_8498.jpg\",\"datePublished\":\"2025-10-06T08:44:41+00:00\",\"dateModified\":\"2025-11-13T20:34:05+00:00\",\"breadcrumb\":{\"@id\":\"https:\/\/happyinaknit.com\/produktas\/lang-yarns-phoenix-tweed\/#breadcrumb\"},\"inLanguage\":\"lt-LT\",\"potentialAction\":[{\"@type\":\"ReadAction\",\"target\":[\"https:\/\/happyinaknit.com\/produktas\/lang-yarns-phoenix-tweed\/\"]}]},{\"@type\":\"ImageObject\",\"inLanguage\":\"lt-LT\",\"@id\":\"https:\/\/happyinaknit.com\/produktas\/lang-yarns-phoenix-tweed\/#primaryimage\",\"url\":\"https:\/\/happyinaknit.com\/wp-content\/uploads\/2025\/10\/IMG_8498.jpg\",\"contentUrl\":\"https:\/\/happyinaknit.com\/wp-content\/uploads\/2025\/10\/IMG_8498.jpg\",\"width\":1320,\"height\":1278},{\"@type\":\"BreadcrumbList\",\"@id\":\"https:\/\/happyinaknit.com\/produktas\/lang-yarns-phoenix-tweed\/#breadcrumb\",\"itemListElement\":[{\"@type\":\"ListItem\",\"position\":1,\"name\":\"Home\",\"item\":\"https:\/\/happyinaknit.com\/lt\/\"},{\"@type\":\"ListItem\",\"position\":2,\"name\":\"Parduotuv\u0117\",\"item\":\"https:\/\/happyinaknit.com\/lt\/parduotuve\/\"},{\"@type\":\"ListItem\",\"position\":3,\"name\":\"Lang Yarns Phoenix Tweed\"}]},{\"@type\":\"WebSite\",\"@id\":\"https:\/\/happyinaknit.com\/lt\/#website\",\"url\":\"https:\/\/happyinaknit.com\/lt\/\",\"name\":\"Happyinaknit.com\",\"description\":\"\",\"potentialAction\":[{\"@type\":\"SearchAction\",\"target\":{\"@type\":\"EntryPoint\",\"urlTemplate\":\"https:\/\/happyinaknit.com\/lt\/?s={search_term_string}\"},\"query-input\":{\"@type\":\"PropertyValueSpecification\",\"valueRequired\":true,\"valueName\":\"search_term_string\"}}],\"inLanguage\":\"lt-LT\"}]}<\/script>\n<!-- \/ Yoast SEO plugin. -->","yoast_head_json":{"title":"Lang Yarns Phoenix Tweed - Happyinaknit.com","robots":{"index":"index","follow":"follow","max-snippet":"max-snippet:-1","max-image-preview":"max-image-preview:large","max-video-preview":"max-video-preview:-1"},"canonical":"https:\/\/happyinaknit.com\/lt\/produktas\/lang-yarns-phoenix-tweed\/","og_locale":"lt_LT","og_type":"article","og_title":"Lang Yarns Phoenix Tweed - Happyinaknit.com","og_description":"Mink\u0161ti, pur\u016bs ir \u0161ilti si\u016blai, kuriuose derinama ypa\u010d plona merino vilna ir \u0161iek tiek nailono tvirtumui. Tai \u201ePhoenix\u201c si\u016bl\u0173 versija su spalvingais tweed intarpais, suteikian\u010diais mezginiams subtilaus ta\u0161kuoto efekto. Puikiai tinka megztiniams, \u0161alikams ar kardiganams, kai norisi jaukumo, lengvumo ir \u0161iek tiek \u017eaismingumo. Stori si\u016blai leid\u017eia greitai numegzti \u0161iltus ir purius gaminius dideliais virbalais. Sud\u0117tis: [&hellip;]","og_url":"https:\/\/happyinaknit.com\/lt\/produktas\/lang-yarns-phoenix-tweed\/","og_site_name":"Happyinaknit.com","article_modified_time":"2025-11-13T20:34:05+00:00","og_image":[{"width":1320,"height":1278,"url":"https:\/\/happyinaknit.com\/wp-content\/uploads\/2025\/10\/IMG_8498.jpg","type":"image\/jpeg"}],"twitter_card":"summary_large_image","twitter_misc":{"Est. reading time":"1 minut\u0117"},"schema":{"@context":"https:\/\/schema.org","@graph":[{"@type":"WebPage","@id":"https:\/\/happyinaknit.com\/produktas\/lang-yarns-phoenix-tweed\/","url":"https:\/\/happyinaknit.com\/produktas\/lang-yarns-phoenix-tweed\/","name":"Lang Yarns Phoenix Tweed - Happyinaknit.com","isPartOf":{"@id":"https:\/\/happyinaknit.com\/lt\/#website"},"primaryImageOfPage":{"@id":"https:\/\/happyinaknit.com\/produktas\/lang-yarns-phoenix-tweed\/#primaryimage"},"image":{"@id":"https:\/\/happyinaknit.com\/produktas\/lang-yarns-phoenix-tweed\/#primaryimage"},"thumbnailUrl":"https:\/\/happyinaknit.com\/wp-content\/uploads\/2025\/10\/IMG_8498.jpg","datePublished":"2025-10-06T08:44:41+00:00","dateModified":"2025-11-13T20:34:05+00:00","breadcrumb":{"@id":"https:\/\/happyinaknit.com\/produktas\/lang-yarns-phoenix-tweed\/#breadcrumb"},"inLanguage":"lt-LT","potentialAction":[{"@type":"ReadAction","target":["https:\/\/happyinaknit.com\/produktas\/lang-yarns-phoenix-tweed\/"]}]},{"@type":"ImageObject","inLanguage":"lt-LT","@id":"https:\/\/happyinaknit.com\/produktas\/lang-yarns-phoenix-tweed\/#primaryimage","url":"https:\/\/happyinaknit.com\/wp-content\/uploads\/2025\/10\/IMG_8498.jpg","contentUrl":"https:\/\/happyinaknit.com\/wp-content\/uploads\/2025\/10\/IMG_8498.jpg","width":1320,"height":1278},{"@type":"BreadcrumbList","@id":"https:\/\/happyinaknit.com\/produktas\/lang-yarns-phoenix-tweed\/#breadcrumb","itemListElement":[{"@type":"ListItem","position":1,"name":"Home","item":"https:\/\/happyinaknit.com\/lt\/"},{"@type":"ListItem","position":2,"name":"Parduotuv\u0117","item":"https:\/\/happyinaknit.com\/lt\/parduotuve\/"},{"@type":"ListItem","position":3,"name":"Lang Yarns Phoenix Tweed"}]},{"@type":"WebSite","@id":"https:\/\/happyinaknit.com\/lt\/#website","url":"https:\/\/happyinaknit.com\/lt\/","name":"Happyinaknit.com","description":"","potentialAction":[{"@type":"SearchAction","target":{"@type":"EntryPoint","urlTemplate":"https:\/\/happyinaknit.com\/lt\/?s={search_term_string}"},"query-input":{"@type":"PropertyValueSpecification","valueRequired":true,"valueName":"search_term_string"}}],"inLanguage":"lt-LT"}]}},"_links":{"self":[{"href":"https:\/\/happyinaknit.com\/lt\/wp-json\/wp\/v2\/product\/2802","targetHints":{"allow":["GET"]}}],"collection":[{"href":"https:\/\/happyinaknit.com\/lt\/wp-json\/wp\/v2\/product"}],"about":[{"href":"https:\/\/happyinaknit.com\/lt\/wp-json\/wp\/v2\/types\/product"}],"replies":[{"embeddable":true,"href":"https:\/\/happyinaknit.com\/lt\/wp-json\/wp\/v2\/comments?post=2802"}],"wp:featuredmedia":[{"embeddable":true,"href":"https:\/\/happyinaknit.com\/lt\/wp-json\/wp\/v2\/media\/2803"}],"wp:attachment":[{"href":"https:\/\/happyinaknit.com\/lt\/wp-json\/wp\/v2\/media?parent=2802"}],"wp:term":[{"taxonomy":"product_brand","embeddable":true,"href":"https:\/\/happyinaknit.com\/lt\/wp-json\/wp\/v2\/product_brand?post=2802"},{"taxonomy":"product_cat","embeddable":true,"href":"https:\/\/happyinaknit.com\/lt\/wp-json\/wp\/v2\/product_cat?post=2802"},{"taxonomy":"product_tag","embeddable":true,"href":"https:\/\/happyinaknit.com\/lt\/wp-json\/wp\/v2\/product_tag?post=2802"},{"taxonomy":"pro-kategorijos","embeddable":true,"href":"https:\/\/happyinaknit.com\/lt\/wp-json\/wp\/v2\/pro-kategorijos?post=2802"}],"curies":[{"name":"wp","href":"https:\/\/api.w.org\/{rel}","templated":true}]}}