{"id":2799,"date":"2025-10-06T08:31:19","date_gmt":"2025-10-06T08:31:19","guid":{"rendered":"https:\/\/happyinaknit.com\/?post_type=product&#038;p=2799"},"modified":"2025-11-13T20:33:36","modified_gmt":"2025-11-13T20:33:36","slug":"lang-yarns-phoenix","status":"publish","type":"product","link":"https:\/\/happyinaknit.com\/lt\/produktas\/lang-yarns-phoenix\/","title":{"rendered":"Lang Yarns Phoenix"},"content":{"rendered":"<p data-start=\"108\" data-end=\"473\">Itin \u0161veln\u016bs ir pur\u016bs si\u016blai, pagaminti i\u0161 ypa\u010d plonos merino vilnos su \u0161iek tiek nailono tvirtumui. Tai vieni mink\u0161\u010diausi\u0173 si\u016bl\u0173, kokius galima rasti \u2013 i\u0161 j\u0173 mezginiai tampa \u0161ilti, jauk\u016bs ir itin malon\u016bs prie k\u016bno. D\u0117l storo metra\u017eo mezgimas vyksta greitai, o rezultatas \u2013 lengvas, bet \u0161iltas gaminys, puikiai tinkantis \u0161altajam sezonui.<\/p>\n<ul data-start=\"475\" data-end=\"926\">\n<li data-start=\"475\" data-end=\"536\">\n<p data-start=\"477\" data-end=\"536\"><strong data-start=\"477\" data-end=\"489\">Sud\u0117tis:<\/strong> 93 % merino vilna (extra fine), 7 % nailonas<\/p>\n<\/li>\n<li data-start=\"564\" data-end=\"604\">\n<p data-start=\"566\" data-end=\"604\"><strong data-start=\"566\" data-end=\"588\">Svoris \/ metra\u017eas:<\/strong> 100 g &#8211; 270 m<\/p>\n<\/li>\n<li data-start=\"605\" data-end=\"648\">\n<p data-start=\"607\" data-end=\"648\"><strong data-start=\"607\" data-end=\"635\">Rekomenduojami virbalai:<\/strong> 7,0\u20138,0 mm<\/p>\n<\/li>\n<li data-start=\"649\" data-end=\"698\">\n<p data-start=\"651\" data-end=\"698\"><strong data-start=\"651\" data-end=\"677\">Tankumas (10 \u00d7 10 cm):<\/strong> ~9 akys \u00d7 16 eil\u0117s<\/p>\n<\/li>\n<li data-start=\"699\" data-end=\"835\">\n<p data-start=\"701\" data-end=\"731\"><strong data-start=\"701\" data-end=\"729\">Apytikslis sunaudojimas:<\/strong><\/p>\n<ul data-start=\"734\" data-end=\"835\">\n<li data-start=\"734\" data-end=\"782\">\n<p data-start=\"736\" data-end=\"782\">vyri\u0161kam gaminiui (48 dyd\u017eio) ~4 kamuoliukai<\/p>\n<\/li>\n<li data-start=\"785\" data-end=\"835\">\n<p data-start=\"787\" data-end=\"835\">moteri\u0161kam gaminiui (46 dyd\u017eio) ~3 kamuoliukai<\/p>\n<\/li>\n<\/ul>\n<\/li>\n<li data-start=\"836\" data-end=\"926\">\n<p data-start=\"838\" data-end=\"854\"><strong data-start=\"838\" data-end=\"852\">Prie\u017ei\u016bra:<\/strong><\/p>\n<ul data-start=\"857\" data-end=\"926\">\n<li data-start=\"857\" data-end=\"887\">\n<p data-start=\"859\" data-end=\"887\">Skalbti rankomis iki 30 \u00b0C<\/p>\n<\/li>\n<li data-start=\"890\" data-end=\"926\">\n<p data-start=\"892\" data-end=\"926\">D\u017eiovinti patiesus horizontaliai<\/p>\n<\/li>\n<\/ul>\n<\/li>\n<\/ul>\n","protected":false},"excerpt":{"rendered":"<p>Itin \u0161veln\u016bs ir pur\u016bs si\u016blai, pagaminti i\u0161 ypa\u010d plonos merino vilnos su \u0161iek tiek nailono tvirtumui. Tai vieni mink\u0161\u010diausi\u0173 si\u016bl\u0173, kokius galima rasti \u2013 i\u0161 j\u0173 mezginiai tampa \u0161ilti, jauk\u016bs ir itin malon\u016bs prie k\u016bno. D\u0117l storo metra\u017eo mezgimas vyksta greitai, o rezultatas \u2013 lengvas, bet \u0161iltas gaminys, puikiai tinkantis \u0161altajam sezonui. Sud\u0117tis: 93 % [&hellip;]<\/p>\n","protected":false},"featured_media":2800,"comment_status":"open","ping_status":"closed","template":"","meta":{"_acf_changed":false},"product_brand":[70],"product_cat":[182,18],"product_tag":[33],"pro-kategorijos":[71],"class_list":{"0":"post-2799","1":"product","2":"type-product","3":"status-publish","4":"has-post-thumbnail","6":"product_brand-lang-yarns","7":"product_cat-ispardavimas","8":"product_cat-siulai","9":"product_tag-ispardavimas","10":"pro-kategorijos-merino-vilna","12":"first","13":"instock","14":"sale","15":"shipping-taxable","16":"purchasable","17":"product-type-variable"},"acf":[],"yoast_head":"<!-- This site is optimized with the Yoast SEO plugin v26.8 - https:\/\/yoast.com\/product\/yoast-seo-wordpress\/ -->\n<title>Lang Yarns Phoenix - Happyinaknit.com<\/title>\n<meta name=\"robots\" content=\"index, follow, max-snippet:-1, max-image-preview:large, max-video-preview:-1\" \/>\n<link rel=\"canonical\" href=\"https:\/\/happyinaknit.com\/lt\/produktas\/lang-yarns-phoenix\/\" \/>\n<meta property=\"og:locale\" content=\"lt_LT\" \/>\n<meta property=\"og:type\" content=\"article\" \/>\n<meta property=\"og:title\" content=\"Lang Yarns Phoenix - Happyinaknit.com\" \/>\n<meta property=\"og:description\" content=\"Itin \u0161veln\u016bs ir pur\u016bs si\u016blai, pagaminti i\u0161 ypa\u010d plonos merino vilnos su \u0161iek tiek nailono tvirtumui. Tai vieni mink\u0161\u010diausi\u0173 si\u016bl\u0173, kokius galima rasti \u2013 i\u0161 j\u0173 mezginiai tampa \u0161ilti, jauk\u016bs ir itin malon\u016bs prie k\u016bno. D\u0117l storo metra\u017eo mezgimas vyksta greitai, o rezultatas \u2013 lengvas, bet \u0161iltas gaminys, puikiai tinkantis \u0161altajam sezonui. Sud\u0117tis: 93 % [&hellip;]\" \/>\n<meta property=\"og:url\" content=\"https:\/\/happyinaknit.com\/lt\/produktas\/lang-yarns-phoenix\/\" \/>\n<meta property=\"og:site_name\" content=\"Happyinaknit.com\" \/>\n<meta property=\"article:modified_time\" content=\"2025-11-13T20:33:36+00:00\" \/>\n<meta property=\"og:image\" content=\"https:\/\/happyinaknit.com\/wp-content\/uploads\/2025\/10\/1107_0023_LANGYARNS_Phoenix_800_B.jpg\" \/>\n\t<meta property=\"og:image:width\" content=\"800\" \/>\n\t<meta property=\"og:image:height\" content=\"800\" \/>\n\t<meta property=\"og:image:type\" content=\"image\/jpeg\" \/>\n<meta name=\"twitter:card\" content=\"summary_large_image\" \/>\n<meta name=\"twitter:label1\" content=\"Est. reading time\" \/>\n\t<meta name=\"twitter:data1\" content=\"1 minut\u0117\" \/>\n<script type=\"application\/ld+json\" class=\"yoast-schema-graph\">{\"@context\":\"https:\/\/schema.org\",\"@graph\":[{\"@type\":\"WebPage\",\"@id\":\"https:\/\/happyinaknit.com\/produktas\/lang-yarns-phoenix\/\",\"url\":\"https:\/\/happyinaknit.com\/produktas\/lang-yarns-phoenix\/\",\"name\":\"Lang Yarns Phoenix - Happyinaknit.com\",\"isPartOf\":{\"@id\":\"https:\/\/happyinaknit.com\/lt\/#website\"},\"primaryImageOfPage\":{\"@id\":\"https:\/\/happyinaknit.com\/produktas\/lang-yarns-phoenix\/#primaryimage\"},\"image\":{\"@id\":\"https:\/\/happyinaknit.com\/produktas\/lang-yarns-phoenix\/#primaryimage\"},\"thumbnailUrl\":\"https:\/\/happyinaknit.com\/wp-content\/uploads\/2025\/10\/1107_0023_LANGYARNS_Phoenix_800_B.jpg\",\"datePublished\":\"2025-10-06T08:31:19+00:00\",\"dateModified\":\"2025-11-13T20:33:36+00:00\",\"breadcrumb\":{\"@id\":\"https:\/\/happyinaknit.com\/produktas\/lang-yarns-phoenix\/#breadcrumb\"},\"inLanguage\":\"lt-LT\",\"potentialAction\":[{\"@type\":\"ReadAction\",\"target\":[\"https:\/\/happyinaknit.com\/produktas\/lang-yarns-phoenix\/\"]}]},{\"@type\":\"ImageObject\",\"inLanguage\":\"lt-LT\",\"@id\":\"https:\/\/happyinaknit.com\/produktas\/lang-yarns-phoenix\/#primaryimage\",\"url\":\"https:\/\/happyinaknit.com\/wp-content\/uploads\/2025\/10\/1107_0023_LANGYARNS_Phoenix_800_B.jpg\",\"contentUrl\":\"https:\/\/happyinaknit.com\/wp-content\/uploads\/2025\/10\/1107_0023_LANGYARNS_Phoenix_800_B.jpg\",\"width\":800,\"height\":800},{\"@type\":\"BreadcrumbList\",\"@id\":\"https:\/\/happyinaknit.com\/produktas\/lang-yarns-phoenix\/#breadcrumb\",\"itemListElement\":[{\"@type\":\"ListItem\",\"position\":1,\"name\":\"Home\",\"item\":\"https:\/\/happyinaknit.com\/lt\/\"},{\"@type\":\"ListItem\",\"position\":2,\"name\":\"Parduotuv\u0117\",\"item\":\"https:\/\/happyinaknit.com\/lt\/parduotuve\/\"},{\"@type\":\"ListItem\",\"position\":3,\"name\":\"Lang Yarns Phoenix\"}]},{\"@type\":\"WebSite\",\"@id\":\"https:\/\/happyinaknit.com\/lt\/#website\",\"url\":\"https:\/\/happyinaknit.com\/lt\/\",\"name\":\"Happyinaknit.com\",\"description\":\"\",\"potentialAction\":[{\"@type\":\"SearchAction\",\"target\":{\"@type\":\"EntryPoint\",\"urlTemplate\":\"https:\/\/happyinaknit.com\/lt\/?s={search_term_string}\"},\"query-input\":{\"@type\":\"PropertyValueSpecification\",\"valueRequired\":true,\"valueName\":\"search_term_string\"}}],\"inLanguage\":\"lt-LT\"}]}<\/script>\n<!-- \/ Yoast SEO plugin. -->","yoast_head_json":{"title":"Lang Yarns Phoenix - Happyinaknit.com","robots":{"index":"index","follow":"follow","max-snippet":"max-snippet:-1","max-image-preview":"max-image-preview:large","max-video-preview":"max-video-preview:-1"},"canonical":"https:\/\/happyinaknit.com\/lt\/produktas\/lang-yarns-phoenix\/","og_locale":"lt_LT","og_type":"article","og_title":"Lang Yarns Phoenix - Happyinaknit.com","og_description":"Itin \u0161veln\u016bs ir pur\u016bs si\u016blai, pagaminti i\u0161 ypa\u010d plonos merino vilnos su \u0161iek tiek nailono tvirtumui. Tai vieni mink\u0161\u010diausi\u0173 si\u016bl\u0173, kokius galima rasti \u2013 i\u0161 j\u0173 mezginiai tampa \u0161ilti, jauk\u016bs ir itin malon\u016bs prie k\u016bno. D\u0117l storo metra\u017eo mezgimas vyksta greitai, o rezultatas \u2013 lengvas, bet \u0161iltas gaminys, puikiai tinkantis \u0161altajam sezonui. Sud\u0117tis: 93 % [&hellip;]","og_url":"https:\/\/happyinaknit.com\/lt\/produktas\/lang-yarns-phoenix\/","og_site_name":"Happyinaknit.com","article_modified_time":"2025-11-13T20:33:36+00:00","og_image":[{"width":800,"height":800,"url":"https:\/\/happyinaknit.com\/wp-content\/uploads\/2025\/10\/1107_0023_LANGYARNS_Phoenix_800_B.jpg","type":"image\/jpeg"}],"twitter_card":"summary_large_image","twitter_misc":{"Est. reading time":"1 minut\u0117"},"schema":{"@context":"https:\/\/schema.org","@graph":[{"@type":"WebPage","@id":"https:\/\/happyinaknit.com\/produktas\/lang-yarns-phoenix\/","url":"https:\/\/happyinaknit.com\/produktas\/lang-yarns-phoenix\/","name":"Lang Yarns Phoenix - Happyinaknit.com","isPartOf":{"@id":"https:\/\/happyinaknit.com\/lt\/#website"},"primaryImageOfPage":{"@id":"https:\/\/happyinaknit.com\/produktas\/lang-yarns-phoenix\/#primaryimage"},"image":{"@id":"https:\/\/happyinaknit.com\/produktas\/lang-yarns-phoenix\/#primaryimage"},"thumbnailUrl":"https:\/\/happyinaknit.com\/wp-content\/uploads\/2025\/10\/1107_0023_LANGYARNS_Phoenix_800_B.jpg","datePublished":"2025-10-06T08:31:19+00:00","dateModified":"2025-11-13T20:33:36+00:00","breadcrumb":{"@id":"https:\/\/happyinaknit.com\/produktas\/lang-yarns-phoenix\/#breadcrumb"},"inLanguage":"lt-LT","potentialAction":[{"@type":"ReadAction","target":["https:\/\/happyinaknit.com\/produktas\/lang-yarns-phoenix\/"]}]},{"@type":"ImageObject","inLanguage":"lt-LT","@id":"https:\/\/happyinaknit.com\/produktas\/lang-yarns-phoenix\/#primaryimage","url":"https:\/\/happyinaknit.com\/wp-content\/uploads\/2025\/10\/1107_0023_LANGYARNS_Phoenix_800_B.jpg","contentUrl":"https:\/\/happyinaknit.com\/wp-content\/uploads\/2025\/10\/1107_0023_LANGYARNS_Phoenix_800_B.jpg","width":800,"height":800},{"@type":"BreadcrumbList","@id":"https:\/\/happyinaknit.com\/produktas\/lang-yarns-phoenix\/#breadcrumb","itemListElement":[{"@type":"ListItem","position":1,"name":"Home","item":"https:\/\/happyinaknit.com\/lt\/"},{"@type":"ListItem","position":2,"name":"Parduotuv\u0117","item":"https:\/\/happyinaknit.com\/lt\/parduotuve\/"},{"@type":"ListItem","position":3,"name":"Lang Yarns Phoenix"}]},{"@type":"WebSite","@id":"https:\/\/happyinaknit.com\/lt\/#website","url":"https:\/\/happyinaknit.com\/lt\/","name":"Happyinaknit.com","description":"","potentialAction":[{"@type":"SearchAction","target":{"@type":"EntryPoint","urlTemplate":"https:\/\/happyinaknit.com\/lt\/?s={search_term_string}"},"query-input":{"@type":"PropertyValueSpecification","valueRequired":true,"valueName":"search_term_string"}}],"inLanguage":"lt-LT"}]}},"_links":{"self":[{"href":"https:\/\/happyinaknit.com\/lt\/wp-json\/wp\/v2\/product\/2799","targetHints":{"allow":["GET"]}}],"collection":[{"href":"https:\/\/happyinaknit.com\/lt\/wp-json\/wp\/v2\/product"}],"about":[{"href":"https:\/\/happyinaknit.com\/lt\/wp-json\/wp\/v2\/types\/product"}],"replies":[{"embeddable":true,"href":"https:\/\/happyinaknit.com\/lt\/wp-json\/wp\/v2\/comments?post=2799"}],"wp:featuredmedia":[{"embeddable":true,"href":"https:\/\/happyinaknit.com\/lt\/wp-json\/wp\/v2\/media\/2800"}],"wp:attachment":[{"href":"https:\/\/happyinaknit.com\/lt\/wp-json\/wp\/v2\/media?parent=2799"}],"wp:term":[{"taxonomy":"product_brand","embeddable":true,"href":"https:\/\/happyinaknit.com\/lt\/wp-json\/wp\/v2\/product_brand?post=2799"},{"taxonomy":"product_cat","embeddable":true,"href":"https:\/\/happyinaknit.com\/lt\/wp-json\/wp\/v2\/product_cat?post=2799"},{"taxonomy":"product_tag","embeddable":true,"href":"https:\/\/happyinaknit.com\/lt\/wp-json\/wp\/v2\/product_tag?post=2799"},{"taxonomy":"pro-kategorijos","embeddable":true,"href":"https:\/\/happyinaknit.com\/lt\/wp-json\/wp\/v2\/pro-kategorijos?post=2799"}],"curies":[{"name":"wp","href":"https:\/\/api.w.org\/{rel}","templated":true}]}}