{"id":2744,"date":"2025-10-06T07:36:41","date_gmt":"2025-10-06T07:36:41","guid":{"rendered":"https:\/\/happyinaknit.com\/?post_type=product&#038;p=2744"},"modified":"2026-03-30T11:32:04","modified_gmt":"2026-03-30T11:32:04","slug":"lang-yarns-alpaca-soxx-tweed-4-fach-4-ply","status":"publish","type":"product","link":"https:\/\/happyinaknit.com\/lt\/produktas\/lang-yarns-alpaca-soxx-tweed-4-fach-4-ply\/","title":{"rendered":"Lang Yarns  ALPACA SOXX  TWEED 4-FACH\/4-PLY"},"content":{"rendered":"<p data-start=\"121\" data-end=\"584\">\u0160veln\u016bs ir \u0161ilti si\u016blai su subtiliu <em data-start=\"207\" data-end=\"214\">tweed<\/em> efektu. Sud\u0117tyje esanti baby alpaka, nat\u016brali vilna ir poliamidas sukuria tobul\u0105 derin\u012f kojin\u0117ms bei \u012fvairiems megztiems gaminiams, kai norisi \u0161ilumos ir jaukumo. D\u0117l <strong data-start=\"382\" data-end=\"394\">Easywash<\/strong> technologijos si\u016blai skalbiami vilnos re\u017eimu iki 40 \u00b0C \u2013 apdorojimas vyksta be kenksming\u0173 chemini\u0173 med\u017eiag\u0173 ir yra sertifikuotas pagal <strong data-start=\"530\" data-end=\"542\">Bluesign<\/strong>, <strong data-start=\"544\" data-end=\"553\">REACH<\/strong> bei <strong data-start=\"558\" data-end=\"570\" data-is-only-node=\"\">OEKO-TEX<\/strong> standartus.<\/p>\n<p data-start=\"586\" data-end=\"857\">Norint i\u0161gauti skirting\u0105 rezultat\u0105, galima naudoti \u012fvairaus dyd\u017eio virbalus:<br data-start=\"662\" data-end=\"665\" \/>\u2013 <strong data-start=\"667\" data-end=\"681\">Drabu\u017eiams<\/strong> rekomenduojama naudoti 4 mm virbalus, kad mezginys b\u016bt\u0173 lengvas ir gra\u017eiai krist\u0173.<br data-start=\"764\" data-end=\"767\" \/>\u2013 <strong data-start=\"769\" data-end=\"781\">Kojin\u0117ms<\/strong> tinkamiausi 2,5\u20133,5 mm virbalai \u2013 jie suteikia tvirtumo ir ilgaam\u017ei\u0161kumo.<\/p>\n<ul data-start=\"859\" data-end=\"1274\">\n<li data-start=\"859\" data-end=\"929\">\n<p data-start=\"861\" data-end=\"929\"><strong data-start=\"861\" data-end=\"873\">Sud\u0117tis:<\/strong> 66 % baby alpaka, 29 % poliamidas, 5 % nat\u016brali vilna<\/p>\n<\/li>\n<li data-start=\"930\" data-end=\"970\">\n<p data-start=\"932\" data-end=\"970\"><strong data-start=\"932\" data-end=\"954\">Svoris \/ metra\u017eas:<\/strong> 100 g &#8211; 387 m<\/p>\n<\/li>\n<li data-start=\"971\" data-end=\"1014\">\n<p data-start=\"973\" data-end=\"1014\"><strong data-start=\"973\" data-end=\"1001\">Rekomenduojami virbalai:<\/strong> 2,5\u20134,0 mm<\/p>\n<\/li>\n<li data-start=\"1015\" data-end=\"1064\">\n<p data-start=\"1017\" data-end=\"1064\"><strong data-start=\"1017\" data-end=\"1043\">Tankumas (10 \u00d7 10 cm):<\/strong> ~30 aki\u0173 \u00d7 41 eil\u0117<\/p>\n<\/li>\n<li data-start=\"1093\" data-end=\"1274\">\n<p data-start=\"1095\" data-end=\"1111\"><strong data-start=\"1095\" data-end=\"1109\">Prie\u017ei\u016bra:<\/strong><\/p>\n<ul data-start=\"1114\" data-end=\"1274\">\n<li data-start=\"1114\" data-end=\"1180\">\n<p data-start=\"1116\" data-end=\"1180\">Galima skalbti vilnos re\u017eimu iki 40 \u00b0C (Easywash technologija)<\/p>\n<\/li>\n<li data-start=\"1183\" data-end=\"1219\">\n<p data-start=\"1185\" data-end=\"1219\">D\u017eiovinti patiesus horizontaliai<\/p>\n<\/li>\n<li data-start=\"1222\" data-end=\"1274\">\n<p data-start=\"1224\" data-end=\"1274\">\u267b\ufe0f <em data-start=\"1227\" data-end=\"1272\">Ekologi\u0161kai apdoroti \u2013 be chemini\u0173 med\u017eiag\u0173<\/em><\/p>\n<\/li>\n<\/ul>\n<\/li>\n<\/ul>\n","protected":false},"excerpt":{"rendered":"<p>\u0160veln\u016bs ir \u0161ilti si\u016blai su subtiliu tweed efektu. Sud\u0117tyje esanti baby alpaka, nat\u016brali vilna ir poliamidas sukuria tobul\u0105 derin\u012f kojin\u0117ms bei \u012fvairiems megztiems gaminiams, kai norisi \u0161ilumos ir jaukumo. D\u0117l Easywash technologijos si\u016blai skalbiami vilnos re\u017eimu iki 40 \u00b0C \u2013 apdorojimas vyksta be kenksming\u0173 chemini\u0173 med\u017eiag\u0173 ir yra sertifikuotas pagal Bluesign, REACH bei OEKO-TEX standartus. [&hellip;]<\/p>\n","protected":false},"featured_media":2746,"comment_status":"open","ping_status":"closed","template":"","meta":{"_acf_changed":false},"product_brand":[70],"product_cat":[15,18,94],"product_tag":[],"pro-kategorijos":[72,56],"class_list":{"0":"post-2744","1":"product","2":"type-product","3":"status-publish","4":"has-post-thumbnail","6":"product_brand-lang-yarns","7":"product_cat-visi-produktai","8":"product_cat-siulai","9":"product_cat-siulai-kojinems","10":"pro-kategorijos-baby-alpaka","11":"pro-kategorijos-vilna","13":"first","14":"instock","15":"shipping-taxable","16":"purchasable","17":"product-type-variable"},"acf":[],"yoast_head":"<!-- This site is optimized with the Yoast SEO plugin v26.8 - https:\/\/yoast.com\/product\/yoast-seo-wordpress\/ -->\n<title>Lang Yarns ALPACA SOXX TWEED 4-FACH\/4-PLY - Happyinaknit.com<\/title>\n<meta name=\"robots\" content=\"index, follow, max-snippet:-1, max-image-preview:large, max-video-preview:-1\" \/>\n<link rel=\"canonical\" href=\"https:\/\/happyinaknit.com\/lt\/produktas\/lang-yarns-alpaca-soxx-tweed-4-fach-4-ply\/\" \/>\n<meta property=\"og:locale\" content=\"lt_LT\" \/>\n<meta property=\"og:type\" content=\"article\" \/>\n<meta property=\"og:title\" content=\"Lang Yarns ALPACA SOXX TWEED 4-FACH\/4-PLY - Happyinaknit.com\" \/>\n<meta property=\"og:description\" content=\"\u0160veln\u016bs ir \u0161ilti si\u016blai su subtiliu tweed efektu. Sud\u0117tyje esanti baby alpaka, nat\u016brali vilna ir poliamidas sukuria tobul\u0105 derin\u012f kojin\u0117ms bei \u012fvairiems megztiems gaminiams, kai norisi \u0161ilumos ir jaukumo. D\u0117l Easywash technologijos si\u016blai skalbiami vilnos re\u017eimu iki 40 \u00b0C \u2013 apdorojimas vyksta be kenksming\u0173 chemini\u0173 med\u017eiag\u0173 ir yra sertifikuotas pagal Bluesign, REACH bei OEKO-TEX standartus. [&hellip;]\" \/>\n<meta property=\"og:url\" content=\"https:\/\/happyinaknit.com\/lt\/produktas\/lang-yarns-alpaca-soxx-tweed-4-fach-4-ply\/\" \/>\n<meta property=\"og:site_name\" content=\"Happyinaknit.com\" \/>\n<meta property=\"article:modified_time\" content=\"2026-03-30T11:32:04+00:00\" \/>\n<meta property=\"og:image\" content=\"https:\/\/happyinaknit.com\/wp-content\/uploads\/2025\/10\/1168_0021_LANGYARNS_AlpacaSoxxTweed_800_B.jpg\" \/>\n\t<meta property=\"og:image:width\" content=\"800\" \/>\n\t<meta property=\"og:image:height\" content=\"800\" \/>\n\t<meta property=\"og:image:type\" content=\"image\/jpeg\" \/>\n<meta name=\"twitter:card\" content=\"summary_large_image\" \/>\n<meta name=\"twitter:label1\" content=\"Est. reading time\" \/>\n\t<meta name=\"twitter:data1\" content=\"1 minut\u0117\" \/>\n<script type=\"application\/ld+json\" class=\"yoast-schema-graph\">{\"@context\":\"https:\/\/schema.org\",\"@graph\":[{\"@type\":\"WebPage\",\"@id\":\"https:\/\/happyinaknit.com\/produktas\/lang-yarns-alpaca-soxx-tweed-4-fach-4-ply\/\",\"url\":\"https:\/\/happyinaknit.com\/produktas\/lang-yarns-alpaca-soxx-tweed-4-fach-4-ply\/\",\"name\":\"Lang Yarns ALPACA SOXX TWEED 4-FACH\/4-PLY - Happyinaknit.com\",\"isPartOf\":{\"@id\":\"https:\/\/happyinaknit.com\/lt\/#website\"},\"primaryImageOfPage\":{\"@id\":\"https:\/\/happyinaknit.com\/produktas\/lang-yarns-alpaca-soxx-tweed-4-fach-4-ply\/#primaryimage\"},\"image\":{\"@id\":\"https:\/\/happyinaknit.com\/produktas\/lang-yarns-alpaca-soxx-tweed-4-fach-4-ply\/#primaryimage\"},\"thumbnailUrl\":\"https:\/\/happyinaknit.com\/wp-content\/uploads\/2025\/10\/1168_0021_LANGYARNS_AlpacaSoxxTweed_800_B.jpg\",\"datePublished\":\"2025-10-06T07:36:41+00:00\",\"dateModified\":\"2026-03-30T11:32:04+00:00\",\"breadcrumb\":{\"@id\":\"https:\/\/happyinaknit.com\/produktas\/lang-yarns-alpaca-soxx-tweed-4-fach-4-ply\/#breadcrumb\"},\"inLanguage\":\"lt-LT\",\"potentialAction\":[{\"@type\":\"ReadAction\",\"target\":[\"https:\/\/happyinaknit.com\/produktas\/lang-yarns-alpaca-soxx-tweed-4-fach-4-ply\/\"]}]},{\"@type\":\"ImageObject\",\"inLanguage\":\"lt-LT\",\"@id\":\"https:\/\/happyinaknit.com\/produktas\/lang-yarns-alpaca-soxx-tweed-4-fach-4-ply\/#primaryimage\",\"url\":\"https:\/\/happyinaknit.com\/wp-content\/uploads\/2025\/10\/1168_0021_LANGYARNS_AlpacaSoxxTweed_800_B.jpg\",\"contentUrl\":\"https:\/\/happyinaknit.com\/wp-content\/uploads\/2025\/10\/1168_0021_LANGYARNS_AlpacaSoxxTweed_800_B.jpg\",\"width\":800,\"height\":800},{\"@type\":\"BreadcrumbList\",\"@id\":\"https:\/\/happyinaknit.com\/produktas\/lang-yarns-alpaca-soxx-tweed-4-fach-4-ply\/#breadcrumb\",\"itemListElement\":[{\"@type\":\"ListItem\",\"position\":1,\"name\":\"Home\",\"item\":\"https:\/\/happyinaknit.com\/lt\/\"},{\"@type\":\"ListItem\",\"position\":2,\"name\":\"Parduotuv\u0117\",\"item\":\"https:\/\/happyinaknit.com\/lt\/parduotuve\/\"},{\"@type\":\"ListItem\",\"position\":3,\"name\":\"Lang Yarns ALPACA SOXX TWEED 4-FACH\/4-PLY\"}]},{\"@type\":\"WebSite\",\"@id\":\"https:\/\/happyinaknit.com\/lt\/#website\",\"url\":\"https:\/\/happyinaknit.com\/lt\/\",\"name\":\"Happyinaknit.com\",\"description\":\"\",\"potentialAction\":[{\"@type\":\"SearchAction\",\"target\":{\"@type\":\"EntryPoint\",\"urlTemplate\":\"https:\/\/happyinaknit.com\/lt\/?s={search_term_string}\"},\"query-input\":{\"@type\":\"PropertyValueSpecification\",\"valueRequired\":true,\"valueName\":\"search_term_string\"}}],\"inLanguage\":\"lt-LT\"}]}<\/script>\n<!-- \/ Yoast SEO plugin. -->","yoast_head_json":{"title":"Lang Yarns ALPACA SOXX TWEED 4-FACH\/4-PLY - Happyinaknit.com","robots":{"index":"index","follow":"follow","max-snippet":"max-snippet:-1","max-image-preview":"max-image-preview:large","max-video-preview":"max-video-preview:-1"},"canonical":"https:\/\/happyinaknit.com\/lt\/produktas\/lang-yarns-alpaca-soxx-tweed-4-fach-4-ply\/","og_locale":"lt_LT","og_type":"article","og_title":"Lang Yarns ALPACA SOXX TWEED 4-FACH\/4-PLY - Happyinaknit.com","og_description":"\u0160veln\u016bs ir \u0161ilti si\u016blai su subtiliu tweed efektu. Sud\u0117tyje esanti baby alpaka, nat\u016brali vilna ir poliamidas sukuria tobul\u0105 derin\u012f kojin\u0117ms bei \u012fvairiems megztiems gaminiams, kai norisi \u0161ilumos ir jaukumo. D\u0117l Easywash technologijos si\u016blai skalbiami vilnos re\u017eimu iki 40 \u00b0C \u2013 apdorojimas vyksta be kenksming\u0173 chemini\u0173 med\u017eiag\u0173 ir yra sertifikuotas pagal Bluesign, REACH bei OEKO-TEX standartus. [&hellip;]","og_url":"https:\/\/happyinaknit.com\/lt\/produktas\/lang-yarns-alpaca-soxx-tweed-4-fach-4-ply\/","og_site_name":"Happyinaknit.com","article_modified_time":"2026-03-30T11:32:04+00:00","og_image":[{"width":800,"height":800,"url":"https:\/\/happyinaknit.com\/wp-content\/uploads\/2025\/10\/1168_0021_LANGYARNS_AlpacaSoxxTweed_800_B.jpg","type":"image\/jpeg"}],"twitter_card":"summary_large_image","twitter_misc":{"Est. reading time":"1 minut\u0117"},"schema":{"@context":"https:\/\/schema.org","@graph":[{"@type":"WebPage","@id":"https:\/\/happyinaknit.com\/produktas\/lang-yarns-alpaca-soxx-tweed-4-fach-4-ply\/","url":"https:\/\/happyinaknit.com\/produktas\/lang-yarns-alpaca-soxx-tweed-4-fach-4-ply\/","name":"Lang Yarns ALPACA SOXX TWEED 4-FACH\/4-PLY - Happyinaknit.com","isPartOf":{"@id":"https:\/\/happyinaknit.com\/lt\/#website"},"primaryImageOfPage":{"@id":"https:\/\/happyinaknit.com\/produktas\/lang-yarns-alpaca-soxx-tweed-4-fach-4-ply\/#primaryimage"},"image":{"@id":"https:\/\/happyinaknit.com\/produktas\/lang-yarns-alpaca-soxx-tweed-4-fach-4-ply\/#primaryimage"},"thumbnailUrl":"https:\/\/happyinaknit.com\/wp-content\/uploads\/2025\/10\/1168_0021_LANGYARNS_AlpacaSoxxTweed_800_B.jpg","datePublished":"2025-10-06T07:36:41+00:00","dateModified":"2026-03-30T11:32:04+00:00","breadcrumb":{"@id":"https:\/\/happyinaknit.com\/produktas\/lang-yarns-alpaca-soxx-tweed-4-fach-4-ply\/#breadcrumb"},"inLanguage":"lt-LT","potentialAction":[{"@type":"ReadAction","target":["https:\/\/happyinaknit.com\/produktas\/lang-yarns-alpaca-soxx-tweed-4-fach-4-ply\/"]}]},{"@type":"ImageObject","inLanguage":"lt-LT","@id":"https:\/\/happyinaknit.com\/produktas\/lang-yarns-alpaca-soxx-tweed-4-fach-4-ply\/#primaryimage","url":"https:\/\/happyinaknit.com\/wp-content\/uploads\/2025\/10\/1168_0021_LANGYARNS_AlpacaSoxxTweed_800_B.jpg","contentUrl":"https:\/\/happyinaknit.com\/wp-content\/uploads\/2025\/10\/1168_0021_LANGYARNS_AlpacaSoxxTweed_800_B.jpg","width":800,"height":800},{"@type":"BreadcrumbList","@id":"https:\/\/happyinaknit.com\/produktas\/lang-yarns-alpaca-soxx-tweed-4-fach-4-ply\/#breadcrumb","itemListElement":[{"@type":"ListItem","position":1,"name":"Home","item":"https:\/\/happyinaknit.com\/lt\/"},{"@type":"ListItem","position":2,"name":"Parduotuv\u0117","item":"https:\/\/happyinaknit.com\/lt\/parduotuve\/"},{"@type":"ListItem","position":3,"name":"Lang Yarns ALPACA SOXX TWEED 4-FACH\/4-PLY"}]},{"@type":"WebSite","@id":"https:\/\/happyinaknit.com\/lt\/#website","url":"https:\/\/happyinaknit.com\/lt\/","name":"Happyinaknit.com","description":"","potentialAction":[{"@type":"SearchAction","target":{"@type":"EntryPoint","urlTemplate":"https:\/\/happyinaknit.com\/lt\/?s={search_term_string}"},"query-input":{"@type":"PropertyValueSpecification","valueRequired":true,"valueName":"search_term_string"}}],"inLanguage":"lt-LT"}]}},"_links":{"self":[{"href":"https:\/\/happyinaknit.com\/lt\/wp-json\/wp\/v2\/product\/2744","targetHints":{"allow":["GET"]}}],"collection":[{"href":"https:\/\/happyinaknit.com\/lt\/wp-json\/wp\/v2\/product"}],"about":[{"href":"https:\/\/happyinaknit.com\/lt\/wp-json\/wp\/v2\/types\/product"}],"replies":[{"embeddable":true,"href":"https:\/\/happyinaknit.com\/lt\/wp-json\/wp\/v2\/comments?post=2744"}],"wp:featuredmedia":[{"embeddable":true,"href":"https:\/\/happyinaknit.com\/lt\/wp-json\/wp\/v2\/media\/2746"}],"wp:attachment":[{"href":"https:\/\/happyinaknit.com\/lt\/wp-json\/wp\/v2\/media?parent=2744"}],"wp:term":[{"taxonomy":"product_brand","embeddable":true,"href":"https:\/\/happyinaknit.com\/lt\/wp-json\/wp\/v2\/product_brand?post=2744"},{"taxonomy":"product_cat","embeddable":true,"href":"https:\/\/happyinaknit.com\/lt\/wp-json\/wp\/v2\/product_cat?post=2744"},{"taxonomy":"product_tag","embeddable":true,"href":"https:\/\/happyinaknit.com\/lt\/wp-json\/wp\/v2\/product_tag?post=2744"},{"taxonomy":"pro-kategorijos","embeddable":true,"href":"https:\/\/happyinaknit.com\/lt\/wp-json\/wp\/v2\/pro-kategorijos?post=2744"}],"curies":[{"name":"wp","href":"https:\/\/api.w.org\/{rel}","templated":true}]}}