{"id":2499,"date":"2025-10-02T21:10:04","date_gmt":"2025-10-02T21:10:04","guid":{"rendered":"https:\/\/happyinaknit.com\/?post_type=product&#038;p=2499"},"modified":"2026-03-06T11:06:16","modified_gmt":"2026-03-06T11:06:16","slug":"lang-yarns-aura","status":"publish","type":"product","link":"https:\/\/happyinaknit.com\/lt\/produktas\/lang-yarns-aura\/","title":{"rendered":"Lang Yarns Aura"},"content":{"rendered":"<p data-start=\"42\" data-end=\"292\">Lengvi ir mink\u0161ti medviln\u0117s si\u016blai su nedideliu poliamido priemai\u0161os kiekiu, suteikian\u010diu tvirtumo ir ilgaam\u017ei\u0161kumo. Mezginiai i\u0161 \u0161i\u0173 si\u016bl\u0173 yra kv\u0117puojantys, patog\u016bs ir puikiai tinka kasdieniams drabu\u017eiams \u0161iltuoju met\u0173 laiku.<\/p>\n<ul data-start=\"294\" data-end=\"716\">\n<li data-start=\"294\" data-end=\"341\">\n<p data-start=\"296\" data-end=\"341\"><strong data-start=\"296\" data-end=\"308\">Sud\u0117tis:<\/strong> 81 % medviln\u0117, 19 % poliamidas<\/p>\n<\/li>\n<li data-start=\"375\" data-end=\"414\">\n<p data-start=\"377\" data-end=\"414\"><strong data-start=\"377\" data-end=\"399\">Svoris \/ metra\u017eas:<\/strong> 50 g &#8211; 135 m<\/p>\n<\/li>\n<li data-start=\"415\" data-end=\"458\">\n<p data-start=\"417\" data-end=\"458\"><strong data-start=\"417\" data-end=\"445\">Rekomenduojami virbalai:<\/strong> 4,0\u20135,0 mm<\/p>\n<\/li>\n<li data-start=\"459\" data-end=\"509\">\n<p data-start=\"461\" data-end=\"509\"><strong data-start=\"461\" data-end=\"487\">Tankumas (10 \u00d7 10 cm):<\/strong> ~20 aki\u0173 \u00d7 30 eili\u0173<\/p>\n<\/li>\n<li data-start=\"510\" data-end=\"595\">\n<p data-start=\"512\" data-end=\"595\"><strong data-start=\"512\" data-end=\"540\">Apytikslis sunaudojimas:<\/strong> vidutiniam moteri\u0161kam gaminiui (44\u201346 dyd\u017eio) ~450 g<\/p>\n<\/li>\n<li data-start=\"626\" data-end=\"716\">\n<p data-start=\"628\" data-end=\"644\"><strong data-start=\"628\" data-end=\"642\">Prie\u017ei\u016bra:<\/strong><\/p>\n<ul data-start=\"647\" data-end=\"716\">\n<li data-start=\"647\" data-end=\"677\">\n<p data-start=\"649\" data-end=\"677\">Skalbti rankomis iki 30 \u00b0C<\/p>\n<\/li>\n<li data-start=\"680\" data-end=\"716\">\n<p data-start=\"682\" data-end=\"716\">D\u017eiovinti patiesus horizontaliai<\/p>\n<\/li>\n<\/ul>\n<\/li>\n<\/ul>\n","protected":false},"excerpt":{"rendered":"<p>Lengvi ir mink\u0161ti medviln\u0117s si\u016blai su nedideliu poliamido priemai\u0161os kiekiu, suteikian\u010diu tvirtumo ir ilgaam\u017ei\u0161kumo. Mezginiai i\u0161 \u0161i\u0173 si\u016bl\u0173 yra kv\u0117puojantys, patog\u016bs ir puikiai tinka kasdieniams drabu\u017eiams \u0161iltuoju met\u0173 laiku. Sud\u0117tis: 81 % medviln\u0117, 19 % poliamidas Svoris \/ metra\u017eas: 50 g &#8211; 135 m Rekomenduojami virbalai: 4,0\u20135,0 mm Tankumas (10 \u00d7 10 cm): ~20 aki\u0173 [&hellip;]<\/p>\n","protected":false},"featured_media":2501,"comment_status":"open","ping_status":"closed","template":"","meta":{"_acf_changed":false},"product_brand":[70],"product_cat":[15,182,18],"product_tag":[33],"pro-kategorijos":[55],"class_list":{"0":"post-2499","1":"product","2":"type-product","3":"status-publish","4":"has-post-thumbnail","6":"product_brand-lang-yarns","7":"product_cat-visi-produktai","8":"product_cat-ispardavimas","9":"product_cat-siulai","10":"product_tag-ispardavimas","11":"pro-kategorijos-medvilne","13":"first","14":"instock","15":"sale","16":"shipping-taxable","17":"purchasable","18":"product-type-variable"},"acf":[],"yoast_head":"<!-- This site is optimized with the Yoast SEO plugin v26.8 - https:\/\/yoast.com\/product\/yoast-seo-wordpress\/ -->\n<title>Lang Yarns Aura - Happyinaknit.com<\/title>\n<meta name=\"robots\" content=\"index, follow, max-snippet:-1, max-image-preview:large, max-video-preview:-1\" \/>\n<link rel=\"canonical\" href=\"https:\/\/happyinaknit.com\/lt\/produktas\/lang-yarns-aura\/\" \/>\n<meta property=\"og:locale\" content=\"lt_LT\" \/>\n<meta property=\"og:type\" content=\"article\" \/>\n<meta property=\"og:title\" content=\"Lang Yarns Aura - Happyinaknit.com\" \/>\n<meta property=\"og:description\" content=\"Lengvi ir mink\u0161ti medviln\u0117s si\u016blai su nedideliu poliamido priemai\u0161os kiekiu, suteikian\u010diu tvirtumo ir ilgaam\u017ei\u0161kumo. Mezginiai i\u0161 \u0161i\u0173 si\u016bl\u0173 yra kv\u0117puojantys, patog\u016bs ir puikiai tinka kasdieniams drabu\u017eiams \u0161iltuoju met\u0173 laiku. Sud\u0117tis: 81 % medviln\u0117, 19 % poliamidas Svoris \/ metra\u017eas: 50 g &#8211; 135 m Rekomenduojami virbalai: 4,0\u20135,0 mm Tankumas (10 \u00d7 10 cm): ~20 aki\u0173 [&hellip;]\" \/>\n<meta property=\"og:url\" content=\"https:\/\/happyinaknit.com\/lt\/produktas\/lang-yarns-aura\/\" \/>\n<meta property=\"og:site_name\" content=\"Happyinaknit.com\" \/>\n<meta property=\"article:modified_time\" content=\"2026-03-06T11:06:16+00:00\" \/>\n<meta property=\"og:image\" content=\"https:\/\/happyinaknit.com\/wp-content\/uploads\/2025\/10\/IMG_8368.jpg\" \/>\n\t<meta property=\"og:image:width\" content=\"1320\" \/>\n\t<meta property=\"og:image:height\" content=\"1454\" \/>\n\t<meta property=\"og:image:type\" content=\"image\/jpeg\" \/>\n<meta name=\"twitter:card\" content=\"summary_large_image\" \/>\n<script type=\"application\/ld+json\" class=\"yoast-schema-graph\">{\"@context\":\"https:\/\/schema.org\",\"@graph\":[{\"@type\":\"WebPage\",\"@id\":\"https:\/\/happyinaknit.com\/produktas\/lang-yarns-aura\/\",\"url\":\"https:\/\/happyinaknit.com\/produktas\/lang-yarns-aura\/\",\"name\":\"Lang Yarns Aura - Happyinaknit.com\",\"isPartOf\":{\"@id\":\"https:\/\/happyinaknit.com\/lt\/#website\"},\"primaryImageOfPage\":{\"@id\":\"https:\/\/happyinaknit.com\/produktas\/lang-yarns-aura\/#primaryimage\"},\"image\":{\"@id\":\"https:\/\/happyinaknit.com\/produktas\/lang-yarns-aura\/#primaryimage\"},\"thumbnailUrl\":\"https:\/\/happyinaknit.com\/wp-content\/uploads\/2025\/10\/IMG_8368.jpg\",\"datePublished\":\"2025-10-02T21:10:04+00:00\",\"dateModified\":\"2026-03-06T11:06:16+00:00\",\"breadcrumb\":{\"@id\":\"https:\/\/happyinaknit.com\/produktas\/lang-yarns-aura\/#breadcrumb\"},\"inLanguage\":\"lt-LT\",\"potentialAction\":[{\"@type\":\"ReadAction\",\"target\":[\"https:\/\/happyinaknit.com\/produktas\/lang-yarns-aura\/\"]}]},{\"@type\":\"ImageObject\",\"inLanguage\":\"lt-LT\",\"@id\":\"https:\/\/happyinaknit.com\/produktas\/lang-yarns-aura\/#primaryimage\",\"url\":\"https:\/\/happyinaknit.com\/wp-content\/uploads\/2025\/10\/IMG_8368.jpg\",\"contentUrl\":\"https:\/\/happyinaknit.com\/wp-content\/uploads\/2025\/10\/IMG_8368.jpg\",\"width\":1320,\"height\":1454},{\"@type\":\"BreadcrumbList\",\"@id\":\"https:\/\/happyinaknit.com\/produktas\/lang-yarns-aura\/#breadcrumb\",\"itemListElement\":[{\"@type\":\"ListItem\",\"position\":1,\"name\":\"Home\",\"item\":\"https:\/\/happyinaknit.com\/lt\/\"},{\"@type\":\"ListItem\",\"position\":2,\"name\":\"Parduotuv\u0117\",\"item\":\"https:\/\/happyinaknit.com\/lt\/parduotuve\/\"},{\"@type\":\"ListItem\",\"position\":3,\"name\":\"Lang Yarns Aura\"}]},{\"@type\":\"WebSite\",\"@id\":\"https:\/\/happyinaknit.com\/lt\/#website\",\"url\":\"https:\/\/happyinaknit.com\/lt\/\",\"name\":\"Happyinaknit.com\",\"description\":\"\",\"potentialAction\":[{\"@type\":\"SearchAction\",\"target\":{\"@type\":\"EntryPoint\",\"urlTemplate\":\"https:\/\/happyinaknit.com\/lt\/?s={search_term_string}\"},\"query-input\":{\"@type\":\"PropertyValueSpecification\",\"valueRequired\":true,\"valueName\":\"search_term_string\"}}],\"inLanguage\":\"lt-LT\"}]}<\/script>\n<!-- \/ Yoast SEO plugin. -->","yoast_head_json":{"title":"Lang Yarns Aura - Happyinaknit.com","robots":{"index":"index","follow":"follow","max-snippet":"max-snippet:-1","max-image-preview":"max-image-preview:large","max-video-preview":"max-video-preview:-1"},"canonical":"https:\/\/happyinaknit.com\/lt\/produktas\/lang-yarns-aura\/","og_locale":"lt_LT","og_type":"article","og_title":"Lang Yarns Aura - Happyinaknit.com","og_description":"Lengvi ir mink\u0161ti medviln\u0117s si\u016blai su nedideliu poliamido priemai\u0161os kiekiu, suteikian\u010diu tvirtumo ir ilgaam\u017ei\u0161kumo. Mezginiai i\u0161 \u0161i\u0173 si\u016bl\u0173 yra kv\u0117puojantys, patog\u016bs ir puikiai tinka kasdieniams drabu\u017eiams \u0161iltuoju met\u0173 laiku. Sud\u0117tis: 81 % medviln\u0117, 19 % poliamidas Svoris \/ metra\u017eas: 50 g &#8211; 135 m Rekomenduojami virbalai: 4,0\u20135,0 mm Tankumas (10 \u00d7 10 cm): ~20 aki\u0173 [&hellip;]","og_url":"https:\/\/happyinaknit.com\/lt\/produktas\/lang-yarns-aura\/","og_site_name":"Happyinaknit.com","article_modified_time":"2026-03-06T11:06:16+00:00","og_image":[{"width":1320,"height":1454,"url":"https:\/\/happyinaknit.com\/wp-content\/uploads\/2025\/10\/IMG_8368.jpg","type":"image\/jpeg"}],"twitter_card":"summary_large_image","schema":{"@context":"https:\/\/schema.org","@graph":[{"@type":"WebPage","@id":"https:\/\/happyinaknit.com\/produktas\/lang-yarns-aura\/","url":"https:\/\/happyinaknit.com\/produktas\/lang-yarns-aura\/","name":"Lang Yarns Aura - Happyinaknit.com","isPartOf":{"@id":"https:\/\/happyinaknit.com\/lt\/#website"},"primaryImageOfPage":{"@id":"https:\/\/happyinaknit.com\/produktas\/lang-yarns-aura\/#primaryimage"},"image":{"@id":"https:\/\/happyinaknit.com\/produktas\/lang-yarns-aura\/#primaryimage"},"thumbnailUrl":"https:\/\/happyinaknit.com\/wp-content\/uploads\/2025\/10\/IMG_8368.jpg","datePublished":"2025-10-02T21:10:04+00:00","dateModified":"2026-03-06T11:06:16+00:00","breadcrumb":{"@id":"https:\/\/happyinaknit.com\/produktas\/lang-yarns-aura\/#breadcrumb"},"inLanguage":"lt-LT","potentialAction":[{"@type":"ReadAction","target":["https:\/\/happyinaknit.com\/produktas\/lang-yarns-aura\/"]}]},{"@type":"ImageObject","inLanguage":"lt-LT","@id":"https:\/\/happyinaknit.com\/produktas\/lang-yarns-aura\/#primaryimage","url":"https:\/\/happyinaknit.com\/wp-content\/uploads\/2025\/10\/IMG_8368.jpg","contentUrl":"https:\/\/happyinaknit.com\/wp-content\/uploads\/2025\/10\/IMG_8368.jpg","width":1320,"height":1454},{"@type":"BreadcrumbList","@id":"https:\/\/happyinaknit.com\/produktas\/lang-yarns-aura\/#breadcrumb","itemListElement":[{"@type":"ListItem","position":1,"name":"Home","item":"https:\/\/happyinaknit.com\/lt\/"},{"@type":"ListItem","position":2,"name":"Parduotuv\u0117","item":"https:\/\/happyinaknit.com\/lt\/parduotuve\/"},{"@type":"ListItem","position":3,"name":"Lang Yarns Aura"}]},{"@type":"WebSite","@id":"https:\/\/happyinaknit.com\/lt\/#website","url":"https:\/\/happyinaknit.com\/lt\/","name":"Happyinaknit.com","description":"","potentialAction":[{"@type":"SearchAction","target":{"@type":"EntryPoint","urlTemplate":"https:\/\/happyinaknit.com\/lt\/?s={search_term_string}"},"query-input":{"@type":"PropertyValueSpecification","valueRequired":true,"valueName":"search_term_string"}}],"inLanguage":"lt-LT"}]}},"_links":{"self":[{"href":"https:\/\/happyinaknit.com\/lt\/wp-json\/wp\/v2\/product\/2499","targetHints":{"allow":["GET"]}}],"collection":[{"href":"https:\/\/happyinaknit.com\/lt\/wp-json\/wp\/v2\/product"}],"about":[{"href":"https:\/\/happyinaknit.com\/lt\/wp-json\/wp\/v2\/types\/product"}],"replies":[{"embeddable":true,"href":"https:\/\/happyinaknit.com\/lt\/wp-json\/wp\/v2\/comments?post=2499"}],"wp:featuredmedia":[{"embeddable":true,"href":"https:\/\/happyinaknit.com\/lt\/wp-json\/wp\/v2\/media\/2501"}],"wp:attachment":[{"href":"https:\/\/happyinaknit.com\/lt\/wp-json\/wp\/v2\/media?parent=2499"}],"wp:term":[{"taxonomy":"product_brand","embeddable":true,"href":"https:\/\/happyinaknit.com\/lt\/wp-json\/wp\/v2\/product_brand?post=2499"},{"taxonomy":"product_cat","embeddable":true,"href":"https:\/\/happyinaknit.com\/lt\/wp-json\/wp\/v2\/product_cat?post=2499"},{"taxonomy":"product_tag","embeddable":true,"href":"https:\/\/happyinaknit.com\/lt\/wp-json\/wp\/v2\/product_tag?post=2499"},{"taxonomy":"pro-kategorijos","embeddable":true,"href":"https:\/\/happyinaknit.com\/lt\/wp-json\/wp\/v2\/pro-kategorijos?post=2499"}],"curies":[{"name":"wp","href":"https:\/\/api.w.org\/{rel}","templated":true}]}}