{"id":2474,"date":"2025-10-02T20:29:37","date_gmt":"2025-10-02T20:29:37","guid":{"rendered":"https:\/\/happyinaknit.com\/?post_type=product&#038;p=2474"},"modified":"2026-02-23T17:16:01","modified_gmt":"2026-02-23T17:16:01","slug":"lang-yarns-norma","status":"publish","type":"product","link":"https:\/\/happyinaknit.com\/lt\/produktas\/lang-yarns-norma\/","title":{"rendered":"Lang Yarns  Norma"},"content":{"rendered":"<p data-start=\"94\" data-end=\"427\">\u0160i si\u016bl\u0173 r\u016b\u0161is jungia auk\u0161\u010diausios kokyb\u0117s medviln\u0119 ir viskoz\u0119, tod\u0117l yra universali ir tinkama visiems met\u0173 laikams. D\u0117l ypatingos pluo\u0161t\u0173 kombinacijos ir inovatyvios strukt\u016bros si\u016blai yra \u0161veln\u016bs, odai draugi\u0161ki, pur\u016bs ir primena vilnos poj\u016bt\u012f. Mezginiai i\u0161 j\u0173 patog\u016bs, kv\u0117puojantys ir kartu jaukiai \u0161ilti.<\/p>\n<ul data-start=\"429\" data-end=\"858\">\n<li data-start=\"429\" data-end=\"497\">\n<p data-start=\"431\" data-end=\"497\"><strong data-start=\"431\" data-end=\"443\">Sud\u0117tis:<\/strong> 55 % medviln\u0117, 35 % modalas, 10 % viskoz\u0117<\/p>\n<\/li>\n<li data-start=\"498\" data-end=\"524\"><strong data-start=\"527\" data-end=\"549\">Svoris \/ metra\u017eas:<\/strong> 50 g &#8211; 135 m<\/li>\n<li data-start=\"565\" data-end=\"608\">\n<p data-start=\"567\" data-end=\"608\"><strong data-start=\"567\" data-end=\"595\">Rekomenduojami virbalai:<\/strong> 4,0\u20134,5 mm<\/p>\n<\/li>\n<li data-start=\"609\" data-end=\"659\">\n<p data-start=\"611\" data-end=\"659\"><strong data-start=\"611\" data-end=\"637\">Tankumas:<\/strong> 10 \u00d7 10 cm ~22 akys \u00d7 29 eil\u0117s<\/p>\n<\/li>\n<li data-start=\"660\" data-end=\"767\">\n<p data-start=\"662\" data-end=\"692\"><strong data-start=\"662\" data-end=\"690\">Apytikslis sunaudojimas:<\/strong><\/p>\n<ul data-start=\"695\" data-end=\"767\">\n<li data-start=\"695\" data-end=\"734\">\n<p data-start=\"697\" data-end=\"734\">vyri\u0161kam gaminiui (M dyd\u017eio) ~700 g<\/p>\n<\/li>\n<li data-start=\"737\" data-end=\"767\">\n<p data-start=\"739\" data-end=\"767\">moteri\u0161kam gaminiui ~550 g<\/p>\n<\/li>\n<\/ul>\n<\/li>\n<li data-start=\"768\" data-end=\"858\">\n<p data-start=\"770\" data-end=\"786\"><strong data-start=\"770\" data-end=\"784\">Prie\u017ei\u016bra:<\/strong><\/p>\n<ul data-start=\"789\" data-end=\"858\">\n<li data-start=\"789\" data-end=\"819\">\n<p data-start=\"791\" data-end=\"819\">Skalbti rankomis iki 30 \u00b0C<\/p>\n<\/li>\n<li data-start=\"822\" data-end=\"858\">\n<p data-start=\"824\" data-end=\"858\">D\u017eiovinti patiesus horizontaliai<\/p>\n<\/li>\n<\/ul>\n<\/li>\n<\/ul>\n","protected":false},"excerpt":{"rendered":"<p>\u0160i si\u016bl\u0173 r\u016b\u0161is jungia auk\u0161\u010diausios kokyb\u0117s medviln\u0119 ir viskoz\u0119, tod\u0117l yra universali ir tinkama visiems met\u0173 laikams. D\u0117l ypatingos pluo\u0161t\u0173 kombinacijos ir inovatyvios strukt\u016bros si\u016blai yra \u0161veln\u016bs, odai draugi\u0161ki, pur\u016bs ir primena vilnos poj\u016bt\u012f. Mezginiai i\u0161 j\u0173 patog\u016bs, kv\u0117puojantys ir kartu jaukiai \u0161ilti. Sud\u0117tis: 55 % medviln\u0117, 35 % modalas, 10 % viskoz\u0117 Svoris \/ [&hellip;]<\/p>\n","protected":false},"featured_media":2478,"comment_status":"open","ping_status":"closed","template":"","meta":{"_acf_changed":false},"product_brand":[70],"product_cat":[15,18],"product_tag":[33],"pro-kategorijos":[55],"class_list":{"0":"post-2474","1":"product","2":"type-product","3":"status-publish","4":"has-post-thumbnail","6":"product_brand-lang-yarns","7":"product_cat-visi-produktai","8":"product_cat-siulai","9":"product_tag-ispardavimas","10":"pro-kategorijos-medvilne","12":"first","13":"instock","14":"sale","15":"shipping-taxable","16":"purchasable","17":"product-type-variable"},"acf":[],"yoast_head":"<!-- This site is optimized with the Yoast SEO plugin v26.8 - https:\/\/yoast.com\/product\/yoast-seo-wordpress\/ -->\n<title>Lang Yarns Norma - Happyinaknit.com<\/title>\n<meta name=\"robots\" content=\"index, follow, max-snippet:-1, max-image-preview:large, max-video-preview:-1\" \/>\n<link rel=\"canonical\" href=\"https:\/\/happyinaknit.com\/lt\/produktas\/lang-yarns-norma\/\" \/>\n<meta property=\"og:locale\" content=\"lt_LT\" \/>\n<meta property=\"og:type\" content=\"article\" \/>\n<meta property=\"og:title\" content=\"Lang Yarns Norma - Happyinaknit.com\" \/>\n<meta property=\"og:description\" content=\"\u0160i si\u016bl\u0173 r\u016b\u0161is jungia auk\u0161\u010diausios kokyb\u0117s medviln\u0119 ir viskoz\u0119, tod\u0117l yra universali ir tinkama visiems met\u0173 laikams. D\u0117l ypatingos pluo\u0161t\u0173 kombinacijos ir inovatyvios strukt\u016bros si\u016blai yra \u0161veln\u016bs, odai draugi\u0161ki, pur\u016bs ir primena vilnos poj\u016bt\u012f. Mezginiai i\u0161 j\u0173 patog\u016bs, kv\u0117puojantys ir kartu jaukiai \u0161ilti. Sud\u0117tis: 55 % medviln\u0117, 35 % modalas, 10 % viskoz\u0117 Svoris \/ [&hellip;]\" \/>\n<meta property=\"og:url\" content=\"https:\/\/happyinaknit.com\/lt\/produktas\/lang-yarns-norma\/\" \/>\n<meta property=\"og:site_name\" content=\"Happyinaknit.com\" \/>\n<meta property=\"article:modified_time\" content=\"2026-02-23T17:16:01+00:00\" \/>\n<meta property=\"og:image\" content=\"https:\/\/happyinaknit.com\/wp-content\/uploads\/2025\/10\/959_0187_LANGYARNS_Norma_800_B.jpg\" \/>\n\t<meta property=\"og:image:width\" content=\"800\" \/>\n\t<meta property=\"og:image:height\" content=\"800\" \/>\n\t<meta property=\"og:image:type\" content=\"image\/jpeg\" \/>\n<meta name=\"twitter:card\" content=\"summary_large_image\" \/>\n<meta name=\"twitter:label1\" content=\"Est. reading time\" \/>\n\t<meta name=\"twitter:data1\" content=\"1 minut\u0117\" \/>\n<script type=\"application\/ld+json\" class=\"yoast-schema-graph\">{\"@context\":\"https:\/\/schema.org\",\"@graph\":[{\"@type\":\"WebPage\",\"@id\":\"https:\/\/happyinaknit.com\/produktas\/lang-yarns-norma\/\",\"url\":\"https:\/\/happyinaknit.com\/produktas\/lang-yarns-norma\/\",\"name\":\"Lang Yarns Norma - Happyinaknit.com\",\"isPartOf\":{\"@id\":\"https:\/\/happyinaknit.com\/lt\/#website\"},\"primaryImageOfPage\":{\"@id\":\"https:\/\/happyinaknit.com\/produktas\/lang-yarns-norma\/#primaryimage\"},\"image\":{\"@id\":\"https:\/\/happyinaknit.com\/produktas\/lang-yarns-norma\/#primaryimage\"},\"thumbnailUrl\":\"https:\/\/happyinaknit.com\/wp-content\/uploads\/2025\/10\/959_0187_LANGYARNS_Norma_800_B.jpg\",\"datePublished\":\"2025-10-02T20:29:37+00:00\",\"dateModified\":\"2026-02-23T17:16:01+00:00\",\"breadcrumb\":{\"@id\":\"https:\/\/happyinaknit.com\/produktas\/lang-yarns-norma\/#breadcrumb\"},\"inLanguage\":\"lt-LT\",\"potentialAction\":[{\"@type\":\"ReadAction\",\"target\":[\"https:\/\/happyinaknit.com\/produktas\/lang-yarns-norma\/\"]}]},{\"@type\":\"ImageObject\",\"inLanguage\":\"lt-LT\",\"@id\":\"https:\/\/happyinaknit.com\/produktas\/lang-yarns-norma\/#primaryimage\",\"url\":\"https:\/\/happyinaknit.com\/wp-content\/uploads\/2025\/10\/959_0187_LANGYARNS_Norma_800_B.jpg\",\"contentUrl\":\"https:\/\/happyinaknit.com\/wp-content\/uploads\/2025\/10\/959_0187_LANGYARNS_Norma_800_B.jpg\",\"width\":800,\"height\":800},{\"@type\":\"BreadcrumbList\",\"@id\":\"https:\/\/happyinaknit.com\/produktas\/lang-yarns-norma\/#breadcrumb\",\"itemListElement\":[{\"@type\":\"ListItem\",\"position\":1,\"name\":\"Home\",\"item\":\"https:\/\/happyinaknit.com\/lt\/\"},{\"@type\":\"ListItem\",\"position\":2,\"name\":\"Parduotuv\u0117\",\"item\":\"https:\/\/happyinaknit.com\/lt\/parduotuve\/\"},{\"@type\":\"ListItem\",\"position\":3,\"name\":\"Lang Yarns Norma\"}]},{\"@type\":\"WebSite\",\"@id\":\"https:\/\/happyinaknit.com\/lt\/#website\",\"url\":\"https:\/\/happyinaknit.com\/lt\/\",\"name\":\"Happyinaknit.com\",\"description\":\"\",\"potentialAction\":[{\"@type\":\"SearchAction\",\"target\":{\"@type\":\"EntryPoint\",\"urlTemplate\":\"https:\/\/happyinaknit.com\/lt\/?s={search_term_string}\"},\"query-input\":{\"@type\":\"PropertyValueSpecification\",\"valueRequired\":true,\"valueName\":\"search_term_string\"}}],\"inLanguage\":\"lt-LT\"}]}<\/script>\n<!-- \/ Yoast SEO plugin. -->","yoast_head_json":{"title":"Lang Yarns Norma - Happyinaknit.com","robots":{"index":"index","follow":"follow","max-snippet":"max-snippet:-1","max-image-preview":"max-image-preview:large","max-video-preview":"max-video-preview:-1"},"canonical":"https:\/\/happyinaknit.com\/lt\/produktas\/lang-yarns-norma\/","og_locale":"lt_LT","og_type":"article","og_title":"Lang Yarns Norma - Happyinaknit.com","og_description":"\u0160i si\u016bl\u0173 r\u016b\u0161is jungia auk\u0161\u010diausios kokyb\u0117s medviln\u0119 ir viskoz\u0119, tod\u0117l yra universali ir tinkama visiems met\u0173 laikams. D\u0117l ypatingos pluo\u0161t\u0173 kombinacijos ir inovatyvios strukt\u016bros si\u016blai yra \u0161veln\u016bs, odai draugi\u0161ki, pur\u016bs ir primena vilnos poj\u016bt\u012f. Mezginiai i\u0161 j\u0173 patog\u016bs, kv\u0117puojantys ir kartu jaukiai \u0161ilti. Sud\u0117tis: 55 % medviln\u0117, 35 % modalas, 10 % viskoz\u0117 Svoris \/ [&hellip;]","og_url":"https:\/\/happyinaknit.com\/lt\/produktas\/lang-yarns-norma\/","og_site_name":"Happyinaknit.com","article_modified_time":"2026-02-23T17:16:01+00:00","og_image":[{"width":800,"height":800,"url":"https:\/\/happyinaknit.com\/wp-content\/uploads\/2025\/10\/959_0187_LANGYARNS_Norma_800_B.jpg","type":"image\/jpeg"}],"twitter_card":"summary_large_image","twitter_misc":{"Est. reading time":"1 minut\u0117"},"schema":{"@context":"https:\/\/schema.org","@graph":[{"@type":"WebPage","@id":"https:\/\/happyinaknit.com\/produktas\/lang-yarns-norma\/","url":"https:\/\/happyinaknit.com\/produktas\/lang-yarns-norma\/","name":"Lang Yarns Norma - Happyinaknit.com","isPartOf":{"@id":"https:\/\/happyinaknit.com\/lt\/#website"},"primaryImageOfPage":{"@id":"https:\/\/happyinaknit.com\/produktas\/lang-yarns-norma\/#primaryimage"},"image":{"@id":"https:\/\/happyinaknit.com\/produktas\/lang-yarns-norma\/#primaryimage"},"thumbnailUrl":"https:\/\/happyinaknit.com\/wp-content\/uploads\/2025\/10\/959_0187_LANGYARNS_Norma_800_B.jpg","datePublished":"2025-10-02T20:29:37+00:00","dateModified":"2026-02-23T17:16:01+00:00","breadcrumb":{"@id":"https:\/\/happyinaknit.com\/produktas\/lang-yarns-norma\/#breadcrumb"},"inLanguage":"lt-LT","potentialAction":[{"@type":"ReadAction","target":["https:\/\/happyinaknit.com\/produktas\/lang-yarns-norma\/"]}]},{"@type":"ImageObject","inLanguage":"lt-LT","@id":"https:\/\/happyinaknit.com\/produktas\/lang-yarns-norma\/#primaryimage","url":"https:\/\/happyinaknit.com\/wp-content\/uploads\/2025\/10\/959_0187_LANGYARNS_Norma_800_B.jpg","contentUrl":"https:\/\/happyinaknit.com\/wp-content\/uploads\/2025\/10\/959_0187_LANGYARNS_Norma_800_B.jpg","width":800,"height":800},{"@type":"BreadcrumbList","@id":"https:\/\/happyinaknit.com\/produktas\/lang-yarns-norma\/#breadcrumb","itemListElement":[{"@type":"ListItem","position":1,"name":"Home","item":"https:\/\/happyinaknit.com\/lt\/"},{"@type":"ListItem","position":2,"name":"Parduotuv\u0117","item":"https:\/\/happyinaknit.com\/lt\/parduotuve\/"},{"@type":"ListItem","position":3,"name":"Lang Yarns Norma"}]},{"@type":"WebSite","@id":"https:\/\/happyinaknit.com\/lt\/#website","url":"https:\/\/happyinaknit.com\/lt\/","name":"Happyinaknit.com","description":"","potentialAction":[{"@type":"SearchAction","target":{"@type":"EntryPoint","urlTemplate":"https:\/\/happyinaknit.com\/lt\/?s={search_term_string}"},"query-input":{"@type":"PropertyValueSpecification","valueRequired":true,"valueName":"search_term_string"}}],"inLanguage":"lt-LT"}]}},"_links":{"self":[{"href":"https:\/\/happyinaknit.com\/lt\/wp-json\/wp\/v2\/product\/2474","targetHints":{"allow":["GET"]}}],"collection":[{"href":"https:\/\/happyinaknit.com\/lt\/wp-json\/wp\/v2\/product"}],"about":[{"href":"https:\/\/happyinaknit.com\/lt\/wp-json\/wp\/v2\/types\/product"}],"replies":[{"embeddable":true,"href":"https:\/\/happyinaknit.com\/lt\/wp-json\/wp\/v2\/comments?post=2474"}],"wp:featuredmedia":[{"embeddable":true,"href":"https:\/\/happyinaknit.com\/lt\/wp-json\/wp\/v2\/media\/2478"}],"wp:attachment":[{"href":"https:\/\/happyinaknit.com\/lt\/wp-json\/wp\/v2\/media?parent=2474"}],"wp:term":[{"taxonomy":"product_brand","embeddable":true,"href":"https:\/\/happyinaknit.com\/lt\/wp-json\/wp\/v2\/product_brand?post=2474"},{"taxonomy":"product_cat","embeddable":true,"href":"https:\/\/happyinaknit.com\/lt\/wp-json\/wp\/v2\/product_cat?post=2474"},{"taxonomy":"product_tag","embeddable":true,"href":"https:\/\/happyinaknit.com\/lt\/wp-json\/wp\/v2\/product_tag?post=2474"},{"taxonomy":"pro-kategorijos","embeddable":true,"href":"https:\/\/happyinaknit.com\/lt\/wp-json\/wp\/v2\/pro-kategorijos?post=2474"}],"curies":[{"name":"wp","href":"https:\/\/api.w.org\/{rel}","templated":true}]}}