{"id":2348,"date":"2025-10-02T09:46:23","date_gmt":"2025-10-02T09:46:23","guid":{"rendered":"https:\/\/happyinaknit.com\/?post_type=product&#038;p=2348"},"modified":"2025-11-16T14:43:52","modified_gmt":"2025-11-16T14:43:52","slug":"lang-yarns-cashemere-light-color","status":"publish","type":"product","link":"https:\/\/happyinaknit.com\/lt\/produktas\/lang-yarns-cashemere-light-color\/","title":{"rendered":"Lang Yarns  Cashmere Light color"},"content":{"rendered":"<p data-start=\"109\" data-end=\"574\">Patirkite <strong data-start=\"157\" data-end=\"175\">Cashmere Light<\/strong> lengvum\u0105 ir purum\u0105 \u2013 dabar ir margint\u0173 spalv\u0173 versijoje. Purus efektas pasiekiamas ne verpiant ka\u0161myro pluo\u0161t\u0105, o j\u012f laisvai megzdinant grandininiu pynimu kartu su nedideliu poliamido kiekiu tvirtumui. Virbalai lengvai slysta per \u0161\u012f ry\u0161k\u0173 ka\u0161myro debes\u012f!<br data-start=\"430\" data-end=\"433\" \/>Ka\u0161myras yra ypatingai \u0161velnus ir retas pluo\u0161tas, gaunamas i\u0161 ka\u0161myro o\u017ek\u0173 paviln\u0117s, tod\u0117l si\u016blai yra i\u0161skirtinai \u0161veln\u016bs, \u0161ilti ir lengvi.<\/p>\n<ul data-start=\"576\" data-end=\"991\">\n<li data-start=\"576\" data-end=\"623\">\n<p data-start=\"578\" data-end=\"623\"><strong data-start=\"578\" data-end=\"590\">Sud\u0117tis:<\/strong> 88 % ka\u0161myras, 12 % poliamidas<\/p>\n<\/li>\n<li data-start=\"651\" data-end=\"689\">\n<p data-start=\"653\" data-end=\"689\"><strong data-start=\"653\" data-end=\"675\">Svoris \/ metra\u017eas:<\/strong> 25 g &#8211; 85 m<\/p>\n<\/li>\n<li data-start=\"690\" data-end=\"733\">\n<p data-start=\"692\" data-end=\"733\"><strong data-start=\"692\" data-end=\"720\">Rekomenduojami virbalai:<\/strong> 5,5\u20136,0 mm<\/p>\n<\/li>\n<li data-start=\"734\" data-end=\"783\">\n<p data-start=\"736\" data-end=\"783\"><strong data-start=\"736\" data-end=\"762\">Tankumas (10 \u00d7 10 cm):<\/strong> ~20 aki\u0173 \u00d7 31 eil\u0117<\/p>\n<\/li>\n<li data-start=\"784\" data-end=\"900\">\n<p data-start=\"786\" data-end=\"816\"><strong data-start=\"786\" data-end=\"814\">Apytikslis sunaudojimas:<\/strong><\/p>\n<ul data-start=\"819\" data-end=\"900\">\n<li data-start=\"819\" data-end=\"858\">\n<p data-start=\"821\" data-end=\"858\">trikampiui \u0161alikui ~4\u20135 kamuoliukai<\/p>\n<\/li>\n<li data-start=\"861\" data-end=\"900\">\n<p data-start=\"863\" data-end=\"900\">kepurei su atlenkimu ~2 kamuoliukai<\/p>\n<\/li>\n<\/ul>\n<\/li>\n<li data-start=\"901\" data-end=\"991\">\n<p data-start=\"903\" data-end=\"919\"><strong data-start=\"903\" data-end=\"917\">Prie\u017ei\u016bra:<\/strong><\/p>\n<ul data-start=\"922\" data-end=\"991\">\n<li data-start=\"922\" data-end=\"952\">\n<p data-start=\"924\" data-end=\"952\">Skalbti rankomis iki 30 \u00b0C<\/p>\n<\/li>\n<li data-start=\"955\" data-end=\"991\">\n<p data-start=\"957\" data-end=\"991\">D\u017eiovinti patiesus horizontaliai<\/p>\n<\/li>\n<\/ul>\n<\/li>\n<\/ul>\n","protected":false},"excerpt":{"rendered":"<p>Patirkite Cashmere Light lengvum\u0105 ir purum\u0105 \u2013 dabar ir margint\u0173 spalv\u0173 versijoje. Purus efektas pasiekiamas ne verpiant ka\u0161myro pluo\u0161t\u0105, o j\u012f laisvai megzdinant grandininiu pynimu kartu su nedideliu poliamido kiekiu tvirtumui. Virbalai lengvai slysta per \u0161\u012f ry\u0161k\u0173 ka\u0161myro debes\u012f!Ka\u0161myras yra ypatingai \u0161velnus ir retas pluo\u0161tas, gaunamas i\u0161 ka\u0161myro o\u017ek\u0173 paviln\u0117s, tod\u0117l si\u016blai yra i\u0161skirtinai \u0161veln\u016bs, [&hellip;]<\/p>\n","protected":false},"featured_media":2362,"comment_status":"open","ping_status":"closed","template":"","meta":{"_acf_changed":false},"product_brand":[70],"product_cat":[15,182,18],"product_tag":[33],"pro-kategorijos":[46],"class_list":{"0":"post-2348","1":"product","2":"type-product","3":"status-publish","4":"has-post-thumbnail","6":"product_brand-lang-yarns","7":"product_cat-visi-produktai","8":"product_cat-ispardavimas","9":"product_cat-siulai","10":"product_tag-ispardavimas","11":"pro-kategorijos-kasmyras","13":"first","14":"instock","15":"sale","16":"shipping-taxable","17":"purchasable","18":"product-type-variable"},"acf":[],"yoast_head":"<!-- This site is optimized with the Yoast SEO plugin v26.8 - https:\/\/yoast.com\/product\/yoast-seo-wordpress\/ -->\n<title>Lang Yarns Cashmere Light color - Happyinaknit.com<\/title>\n<meta name=\"robots\" content=\"index, follow, max-snippet:-1, max-image-preview:large, max-video-preview:-1\" \/>\n<link rel=\"canonical\" href=\"https:\/\/happyinaknit.com\/lt\/produktas\/lang-yarns-cashemere-light-color\/\" \/>\n<meta property=\"og:locale\" content=\"lt_LT\" \/>\n<meta property=\"og:type\" content=\"article\" \/>\n<meta property=\"og:title\" content=\"Lang Yarns Cashmere Light color - Happyinaknit.com\" \/>\n<meta property=\"og:description\" content=\"Patirkite Cashmere Light lengvum\u0105 ir purum\u0105 \u2013 dabar ir margint\u0173 spalv\u0173 versijoje. Purus efektas pasiekiamas ne verpiant ka\u0161myro pluo\u0161t\u0105, o j\u012f laisvai megzdinant grandininiu pynimu kartu su nedideliu poliamido kiekiu tvirtumui. Virbalai lengvai slysta per \u0161\u012f ry\u0161k\u0173 ka\u0161myro debes\u012f!Ka\u0161myras yra ypatingai \u0161velnus ir retas pluo\u0161tas, gaunamas i\u0161 ka\u0161myro o\u017ek\u0173 paviln\u0117s, tod\u0117l si\u016blai yra i\u0161skirtinai \u0161veln\u016bs, [&hellip;]\" \/>\n<meta property=\"og:url\" content=\"https:\/\/happyinaknit.com\/lt\/produktas\/lang-yarns-cashemere-light-color\/\" \/>\n<meta property=\"og:site_name\" content=\"Happyinaknit.com\" \/>\n<meta property=\"article:modified_time\" content=\"2025-11-16T14:43:52+00:00\" \/>\n<meta property=\"og:image\" content=\"https:\/\/happyinaknit.com\/wp-content\/uploads\/2025\/10\/1152_0005_LANGYARNS_CashmereLightColor_800_B.jpg\" \/>\n\t<meta property=\"og:image:width\" content=\"800\" \/>\n\t<meta property=\"og:image:height\" content=\"800\" \/>\n\t<meta property=\"og:image:type\" content=\"image\/jpeg\" \/>\n<meta name=\"twitter:card\" content=\"summary_large_image\" \/>\n<meta name=\"twitter:label1\" content=\"Est. reading time\" \/>\n\t<meta name=\"twitter:data1\" content=\"1 minut\u0117\" \/>\n<script type=\"application\/ld+json\" class=\"yoast-schema-graph\">{\"@context\":\"https:\/\/schema.org\",\"@graph\":[{\"@type\":\"WebPage\",\"@id\":\"https:\/\/happyinaknit.com\/produktas\/lang-yarns-cashemere-light-color\/\",\"url\":\"https:\/\/happyinaknit.com\/produktas\/lang-yarns-cashemere-light-color\/\",\"name\":\"Lang Yarns Cashmere Light color - Happyinaknit.com\",\"isPartOf\":{\"@id\":\"https:\/\/happyinaknit.com\/lt\/#website\"},\"primaryImageOfPage\":{\"@id\":\"https:\/\/happyinaknit.com\/produktas\/lang-yarns-cashemere-light-color\/#primaryimage\"},\"image\":{\"@id\":\"https:\/\/happyinaknit.com\/produktas\/lang-yarns-cashemere-light-color\/#primaryimage\"},\"thumbnailUrl\":\"https:\/\/happyinaknit.com\/wp-content\/uploads\/2025\/10\/1152_0005_LANGYARNS_CashmereLightColor_800_B.jpg\",\"datePublished\":\"2025-10-02T09:46:23+00:00\",\"dateModified\":\"2025-11-16T14:43:52+00:00\",\"breadcrumb\":{\"@id\":\"https:\/\/happyinaknit.com\/produktas\/lang-yarns-cashemere-light-color\/#breadcrumb\"},\"inLanguage\":\"lt-LT\",\"potentialAction\":[{\"@type\":\"ReadAction\",\"target\":[\"https:\/\/happyinaknit.com\/produktas\/lang-yarns-cashemere-light-color\/\"]}]},{\"@type\":\"ImageObject\",\"inLanguage\":\"lt-LT\",\"@id\":\"https:\/\/happyinaknit.com\/produktas\/lang-yarns-cashemere-light-color\/#primaryimage\",\"url\":\"https:\/\/happyinaknit.com\/wp-content\/uploads\/2025\/10\/1152_0005_LANGYARNS_CashmereLightColor_800_B.jpg\",\"contentUrl\":\"https:\/\/happyinaknit.com\/wp-content\/uploads\/2025\/10\/1152_0005_LANGYARNS_CashmereLightColor_800_B.jpg\",\"width\":800,\"height\":800},{\"@type\":\"BreadcrumbList\",\"@id\":\"https:\/\/happyinaknit.com\/produktas\/lang-yarns-cashemere-light-color\/#breadcrumb\",\"itemListElement\":[{\"@type\":\"ListItem\",\"position\":1,\"name\":\"Home\",\"item\":\"https:\/\/happyinaknit.com\/lt\/\"},{\"@type\":\"ListItem\",\"position\":2,\"name\":\"Parduotuv\u0117\",\"item\":\"https:\/\/happyinaknit.com\/lt\/parduotuve\/\"},{\"@type\":\"ListItem\",\"position\":3,\"name\":\"Lang Yarns Cashmere Light color\"}]},{\"@type\":\"WebSite\",\"@id\":\"https:\/\/happyinaknit.com\/lt\/#website\",\"url\":\"https:\/\/happyinaknit.com\/lt\/\",\"name\":\"Happyinaknit.com\",\"description\":\"\",\"potentialAction\":[{\"@type\":\"SearchAction\",\"target\":{\"@type\":\"EntryPoint\",\"urlTemplate\":\"https:\/\/happyinaknit.com\/lt\/?s={search_term_string}\"},\"query-input\":{\"@type\":\"PropertyValueSpecification\",\"valueRequired\":true,\"valueName\":\"search_term_string\"}}],\"inLanguage\":\"lt-LT\"}]}<\/script>\n<!-- \/ Yoast SEO plugin. -->","yoast_head_json":{"title":"Lang Yarns Cashmere Light color - Happyinaknit.com","robots":{"index":"index","follow":"follow","max-snippet":"max-snippet:-1","max-image-preview":"max-image-preview:large","max-video-preview":"max-video-preview:-1"},"canonical":"https:\/\/happyinaknit.com\/lt\/produktas\/lang-yarns-cashemere-light-color\/","og_locale":"lt_LT","og_type":"article","og_title":"Lang Yarns Cashmere Light color - Happyinaknit.com","og_description":"Patirkite Cashmere Light lengvum\u0105 ir purum\u0105 \u2013 dabar ir margint\u0173 spalv\u0173 versijoje. Purus efektas pasiekiamas ne verpiant ka\u0161myro pluo\u0161t\u0105, o j\u012f laisvai megzdinant grandininiu pynimu kartu su nedideliu poliamido kiekiu tvirtumui. Virbalai lengvai slysta per \u0161\u012f ry\u0161k\u0173 ka\u0161myro debes\u012f!Ka\u0161myras yra ypatingai \u0161velnus ir retas pluo\u0161tas, gaunamas i\u0161 ka\u0161myro o\u017ek\u0173 paviln\u0117s, tod\u0117l si\u016blai yra i\u0161skirtinai \u0161veln\u016bs, [&hellip;]","og_url":"https:\/\/happyinaknit.com\/lt\/produktas\/lang-yarns-cashemere-light-color\/","og_site_name":"Happyinaknit.com","article_modified_time":"2025-11-16T14:43:52+00:00","og_image":[{"width":800,"height":800,"url":"https:\/\/happyinaknit.com\/wp-content\/uploads\/2025\/10\/1152_0005_LANGYARNS_CashmereLightColor_800_B.jpg","type":"image\/jpeg"}],"twitter_card":"summary_large_image","twitter_misc":{"Est. reading time":"1 minut\u0117"},"schema":{"@context":"https:\/\/schema.org","@graph":[{"@type":"WebPage","@id":"https:\/\/happyinaknit.com\/produktas\/lang-yarns-cashemere-light-color\/","url":"https:\/\/happyinaknit.com\/produktas\/lang-yarns-cashemere-light-color\/","name":"Lang Yarns Cashmere Light color - Happyinaknit.com","isPartOf":{"@id":"https:\/\/happyinaknit.com\/lt\/#website"},"primaryImageOfPage":{"@id":"https:\/\/happyinaknit.com\/produktas\/lang-yarns-cashemere-light-color\/#primaryimage"},"image":{"@id":"https:\/\/happyinaknit.com\/produktas\/lang-yarns-cashemere-light-color\/#primaryimage"},"thumbnailUrl":"https:\/\/happyinaknit.com\/wp-content\/uploads\/2025\/10\/1152_0005_LANGYARNS_CashmereLightColor_800_B.jpg","datePublished":"2025-10-02T09:46:23+00:00","dateModified":"2025-11-16T14:43:52+00:00","breadcrumb":{"@id":"https:\/\/happyinaknit.com\/produktas\/lang-yarns-cashemere-light-color\/#breadcrumb"},"inLanguage":"lt-LT","potentialAction":[{"@type":"ReadAction","target":["https:\/\/happyinaknit.com\/produktas\/lang-yarns-cashemere-light-color\/"]}]},{"@type":"ImageObject","inLanguage":"lt-LT","@id":"https:\/\/happyinaknit.com\/produktas\/lang-yarns-cashemere-light-color\/#primaryimage","url":"https:\/\/happyinaknit.com\/wp-content\/uploads\/2025\/10\/1152_0005_LANGYARNS_CashmereLightColor_800_B.jpg","contentUrl":"https:\/\/happyinaknit.com\/wp-content\/uploads\/2025\/10\/1152_0005_LANGYARNS_CashmereLightColor_800_B.jpg","width":800,"height":800},{"@type":"BreadcrumbList","@id":"https:\/\/happyinaknit.com\/produktas\/lang-yarns-cashemere-light-color\/#breadcrumb","itemListElement":[{"@type":"ListItem","position":1,"name":"Home","item":"https:\/\/happyinaknit.com\/lt\/"},{"@type":"ListItem","position":2,"name":"Parduotuv\u0117","item":"https:\/\/happyinaknit.com\/lt\/parduotuve\/"},{"@type":"ListItem","position":3,"name":"Lang Yarns Cashmere Light color"}]},{"@type":"WebSite","@id":"https:\/\/happyinaknit.com\/lt\/#website","url":"https:\/\/happyinaknit.com\/lt\/","name":"Happyinaknit.com","description":"","potentialAction":[{"@type":"SearchAction","target":{"@type":"EntryPoint","urlTemplate":"https:\/\/happyinaknit.com\/lt\/?s={search_term_string}"},"query-input":{"@type":"PropertyValueSpecification","valueRequired":true,"valueName":"search_term_string"}}],"inLanguage":"lt-LT"}]}},"_links":{"self":[{"href":"https:\/\/happyinaknit.com\/lt\/wp-json\/wp\/v2\/product\/2348","targetHints":{"allow":["GET"]}}],"collection":[{"href":"https:\/\/happyinaknit.com\/lt\/wp-json\/wp\/v2\/product"}],"about":[{"href":"https:\/\/happyinaknit.com\/lt\/wp-json\/wp\/v2\/types\/product"}],"replies":[{"embeddable":true,"href":"https:\/\/happyinaknit.com\/lt\/wp-json\/wp\/v2\/comments?post=2348"}],"wp:featuredmedia":[{"embeddable":true,"href":"https:\/\/happyinaknit.com\/lt\/wp-json\/wp\/v2\/media\/2362"}],"wp:attachment":[{"href":"https:\/\/happyinaknit.com\/lt\/wp-json\/wp\/v2\/media?parent=2348"}],"wp:term":[{"taxonomy":"product_brand","embeddable":true,"href":"https:\/\/happyinaknit.com\/lt\/wp-json\/wp\/v2\/product_brand?post=2348"},{"taxonomy":"product_cat","embeddable":true,"href":"https:\/\/happyinaknit.com\/lt\/wp-json\/wp\/v2\/product_cat?post=2348"},{"taxonomy":"product_tag","embeddable":true,"href":"https:\/\/happyinaknit.com\/lt\/wp-json\/wp\/v2\/product_tag?post=2348"},{"taxonomy":"pro-kategorijos","embeddable":true,"href":"https:\/\/happyinaknit.com\/lt\/wp-json\/wp\/v2\/pro-kategorijos?post=2348"}],"curies":[{"name":"wp","href":"https:\/\/api.w.org\/{rel}","templated":true}]}}