{"id":2300,"date":"2025-10-02T08:56:22","date_gmt":"2025-10-02T08:56:22","guid":{"rendered":"https:\/\/happyinaknit.com\/?post_type=product&#038;p=2300"},"modified":"2026-01-01T23:47:17","modified_gmt":"2026-01-01T23:47:17","slug":"lang-yarns-mohair-fancy","status":"publish","type":"product","link":"https:\/\/happyinaknit.com\/lt\/produktas\/lang-yarns-mohair-fancy\/","title":{"rendered":"Lang Yarns  Mohair Fancy"},"content":{"rendered":"<p data-start=\"125\" data-end=\"545\">Lengvi ir pur\u016bs si\u016blai, kuriuose dera superkid moheris, vilna ir \u0161ilkas, papildyti lureksu ir \u017evyneliais. Jie pasi\u017eymi \u0161velnumu, oringumu, subtiliu spindesiu bei dekoratyviais akcentais. Tokie si\u016blai puikiai tinka megztiniams, kardiganams ar vaiki\u0161kiems gaminiams, suteikdami jiems elegancijos ir \u0161venti\u0161ko \u017eaismingumo. Mezginiai atrodo \u0161ilti, mink\u0161ti, bet kartu lengvi ir patog\u016bs d\u0117v\u0117ti.<\/p>\n<ul data-start=\"547\" data-end=\"1029\">\n<li data-start=\"547\" data-end=\"645\">\n<p data-start=\"549\" data-end=\"645\"><strong data-start=\"549\" data-end=\"561\">Sud\u0117tis:<\/strong> 38 % moheris (superkid), 35 % vilna, 18 % \u0161ilkas, 5 % poliesteris, 4 % poliamidas<\/p>\n<\/li>\n<li data-start=\"673\" data-end=\"712\">\n<p data-start=\"675\" data-end=\"712\"><strong data-start=\"675\" data-end=\"697\">Svoris \/ metra\u017eas:<\/strong> 25 g &#8211; 140 m<\/p>\n<\/li>\n<li data-start=\"713\" data-end=\"756\">\n<p data-start=\"715\" data-end=\"756\"><strong data-start=\"715\" data-end=\"743\">Rekomenduojami virbalai:<\/strong> 3,0\u20133,5 mm<\/p>\n<\/li>\n<li data-start=\"757\" data-end=\"807\">\n<p data-start=\"759\" data-end=\"807\"><strong data-start=\"759\" data-end=\"785\">Tankumas (10 \u00d7 10 cm):<\/strong> ~22 akys \u00d7 36 eil\u0117s<\/p>\n<\/li>\n<li data-start=\"808\" data-end=\"938\">\n<p data-start=\"810\" data-end=\"840\"><strong data-start=\"810\" data-end=\"838\">Apytikslis sunaudojimas:<\/strong><\/p>\n<ul data-start=\"843\" data-end=\"938\">\n<li data-start=\"843\" data-end=\"892\">\n<p data-start=\"845\" data-end=\"892\">vidutinio moteri\u0161ko gaminio (M dyd\u017eio) ~200 g<\/p>\n<\/li>\n<li data-start=\"895\" data-end=\"938\">\n<p data-start=\"897\" data-end=\"938\">vaiki\u0161kam gaminiui (iki 10 met\u0173) ~175 g<\/p>\n<\/li>\n<\/ul>\n<\/li>\n<li data-start=\"939\" data-end=\"1029\">\n<p data-start=\"941\" data-end=\"957\"><strong data-start=\"941\" data-end=\"955\">Prie\u017ei\u016bra:<\/strong><\/p>\n<ul data-start=\"960\" data-end=\"1029\">\n<li data-start=\"960\" data-end=\"990\">\n<p data-start=\"962\" data-end=\"990\">Skalbti rankomis iki 30 \u00b0C<\/p>\n<\/li>\n<li data-start=\"993\" data-end=\"1029\">\n<p data-start=\"995\" data-end=\"1029\">D\u017eiovinti patiesus horizontaliai<\/p>\n<\/li>\n<\/ul>\n<\/li>\n<\/ul>\n","protected":false},"excerpt":{"rendered":"<p>Lengvi ir pur\u016bs si\u016blai, kuriuose dera superkid moheris, vilna ir \u0161ilkas, papildyti lureksu ir \u017evyneliais. Jie pasi\u017eymi \u0161velnumu, oringumu, subtiliu spindesiu bei dekoratyviais akcentais. Tokie si\u016blai puikiai tinka megztiniams, kardiganams ar vaiki\u0161kiems gaminiams, suteikdami jiems elegancijos ir \u0161venti\u0161ko \u017eaismingumo. Mezginiai atrodo \u0161ilti, mink\u0161ti, bet kartu lengvi ir patog\u016bs d\u0117v\u0117ti. Sud\u0117tis: 38 % moheris (superkid), 35 [&hellip;]<\/p>\n","protected":false},"featured_media":2306,"comment_status":"open","ping_status":"closed","template":"","meta":{"_acf_changed":false},"product_brand":[70],"product_cat":[15,18],"product_tag":[],"pro-kategorijos":[87,74,81,77],"class_list":{"0":"post-2300","1":"product","2":"type-product","3":"status-publish","4":"has-post-thumbnail","6":"product_brand-lang-yarns","7":"product_cat-visi-produktai","8":"product_cat-siulai","9":"pro-kategorijos-liureksas","10":"pro-kategorijos-moheras","11":"pro-kategorijos-poliamidas-zvyneliai","12":"pro-kategorijos-silkas","14":"first","15":"instock","16":"shipping-taxable","17":"purchasable","18":"product-type-variable"},"acf":[],"yoast_head":"<!-- This site is optimized with the Yoast SEO plugin v26.8 - https:\/\/yoast.com\/product\/yoast-seo-wordpress\/ -->\n<title>Lang Yarns Mohair Fancy - Happyinaknit.com<\/title>\n<meta name=\"robots\" content=\"index, follow, max-snippet:-1, max-image-preview:large, max-video-preview:-1\" \/>\n<link rel=\"canonical\" href=\"https:\/\/happyinaknit.com\/lt\/produktas\/lang-yarns-mohair-fancy\/\" \/>\n<meta property=\"og:locale\" content=\"lt_LT\" \/>\n<meta property=\"og:type\" content=\"article\" \/>\n<meta property=\"og:title\" content=\"Lang Yarns Mohair Fancy - Happyinaknit.com\" \/>\n<meta property=\"og:description\" content=\"Lengvi ir pur\u016bs si\u016blai, kuriuose dera superkid moheris, vilna ir \u0161ilkas, papildyti lureksu ir \u017evyneliais. Jie pasi\u017eymi \u0161velnumu, oringumu, subtiliu spindesiu bei dekoratyviais akcentais. Tokie si\u016blai puikiai tinka megztiniams, kardiganams ar vaiki\u0161kiems gaminiams, suteikdami jiems elegancijos ir \u0161venti\u0161ko \u017eaismingumo. Mezginiai atrodo \u0161ilti, mink\u0161ti, bet kartu lengvi ir patog\u016bs d\u0117v\u0117ti. Sud\u0117tis: 38 % moheris (superkid), 35 [&hellip;]\" \/>\n<meta property=\"og:url\" content=\"https:\/\/happyinaknit.com\/lt\/produktas\/lang-yarns-mohair-fancy\/\" \/>\n<meta property=\"og:site_name\" content=\"Happyinaknit.com\" \/>\n<meta property=\"article:modified_time\" content=\"2026-01-01T23:47:17+00:00\" \/>\n<meta property=\"og:image\" content=\"https:\/\/happyinaknit.com\/wp-content\/uploads\/2025\/10\/989_0048_LANGYARNS_MohairFancy_800_B.jpg\" \/>\n\t<meta property=\"og:image:width\" content=\"800\" \/>\n\t<meta property=\"og:image:height\" content=\"800\" \/>\n\t<meta property=\"og:image:type\" content=\"image\/jpeg\" \/>\n<meta name=\"twitter:card\" content=\"summary_large_image\" \/>\n<meta name=\"twitter:label1\" content=\"Est. reading time\" \/>\n\t<meta name=\"twitter:data1\" content=\"1 minut\u0117\" \/>\n<script type=\"application\/ld+json\" class=\"yoast-schema-graph\">{\"@context\":\"https:\/\/schema.org\",\"@graph\":[{\"@type\":\"WebPage\",\"@id\":\"https:\/\/happyinaknit.com\/produktas\/lang-yarns-mohair-fancy\/\",\"url\":\"https:\/\/happyinaknit.com\/produktas\/lang-yarns-mohair-fancy\/\",\"name\":\"Lang Yarns Mohair Fancy - Happyinaknit.com\",\"isPartOf\":{\"@id\":\"https:\/\/happyinaknit.com\/lt\/#website\"},\"primaryImageOfPage\":{\"@id\":\"https:\/\/happyinaknit.com\/produktas\/lang-yarns-mohair-fancy\/#primaryimage\"},\"image\":{\"@id\":\"https:\/\/happyinaknit.com\/produktas\/lang-yarns-mohair-fancy\/#primaryimage\"},\"thumbnailUrl\":\"https:\/\/happyinaknit.com\/wp-content\/uploads\/2025\/10\/989_0048_LANGYARNS_MohairFancy_800_B.jpg\",\"datePublished\":\"2025-10-02T08:56:22+00:00\",\"dateModified\":\"2026-01-01T23:47:17+00:00\",\"breadcrumb\":{\"@id\":\"https:\/\/happyinaknit.com\/produktas\/lang-yarns-mohair-fancy\/#breadcrumb\"},\"inLanguage\":\"lt-LT\",\"potentialAction\":[{\"@type\":\"ReadAction\",\"target\":[\"https:\/\/happyinaknit.com\/produktas\/lang-yarns-mohair-fancy\/\"]}]},{\"@type\":\"ImageObject\",\"inLanguage\":\"lt-LT\",\"@id\":\"https:\/\/happyinaknit.com\/produktas\/lang-yarns-mohair-fancy\/#primaryimage\",\"url\":\"https:\/\/happyinaknit.com\/wp-content\/uploads\/2025\/10\/989_0048_LANGYARNS_MohairFancy_800_B.jpg\",\"contentUrl\":\"https:\/\/happyinaknit.com\/wp-content\/uploads\/2025\/10\/989_0048_LANGYARNS_MohairFancy_800_B.jpg\",\"width\":800,\"height\":800},{\"@type\":\"BreadcrumbList\",\"@id\":\"https:\/\/happyinaknit.com\/produktas\/lang-yarns-mohair-fancy\/#breadcrumb\",\"itemListElement\":[{\"@type\":\"ListItem\",\"position\":1,\"name\":\"Home\",\"item\":\"https:\/\/happyinaknit.com\/lt\/\"},{\"@type\":\"ListItem\",\"position\":2,\"name\":\"Parduotuv\u0117\",\"item\":\"https:\/\/happyinaknit.com\/lt\/parduotuve\/\"},{\"@type\":\"ListItem\",\"position\":3,\"name\":\"Lang Yarns Mohair Fancy\"}]},{\"@type\":\"WebSite\",\"@id\":\"https:\/\/happyinaknit.com\/lt\/#website\",\"url\":\"https:\/\/happyinaknit.com\/lt\/\",\"name\":\"Happyinaknit.com\",\"description\":\"\",\"potentialAction\":[{\"@type\":\"SearchAction\",\"target\":{\"@type\":\"EntryPoint\",\"urlTemplate\":\"https:\/\/happyinaknit.com\/lt\/?s={search_term_string}\"},\"query-input\":{\"@type\":\"PropertyValueSpecification\",\"valueRequired\":true,\"valueName\":\"search_term_string\"}}],\"inLanguage\":\"lt-LT\"}]}<\/script>\n<!-- \/ Yoast SEO plugin. -->","yoast_head_json":{"title":"Lang Yarns Mohair Fancy - Happyinaknit.com","robots":{"index":"index","follow":"follow","max-snippet":"max-snippet:-1","max-image-preview":"max-image-preview:large","max-video-preview":"max-video-preview:-1"},"canonical":"https:\/\/happyinaknit.com\/lt\/produktas\/lang-yarns-mohair-fancy\/","og_locale":"lt_LT","og_type":"article","og_title":"Lang Yarns Mohair Fancy - Happyinaknit.com","og_description":"Lengvi ir pur\u016bs si\u016blai, kuriuose dera superkid moheris, vilna ir \u0161ilkas, papildyti lureksu ir \u017evyneliais. Jie pasi\u017eymi \u0161velnumu, oringumu, subtiliu spindesiu bei dekoratyviais akcentais. Tokie si\u016blai puikiai tinka megztiniams, kardiganams ar vaiki\u0161kiems gaminiams, suteikdami jiems elegancijos ir \u0161venti\u0161ko \u017eaismingumo. Mezginiai atrodo \u0161ilti, mink\u0161ti, bet kartu lengvi ir patog\u016bs d\u0117v\u0117ti. Sud\u0117tis: 38 % moheris (superkid), 35 [&hellip;]","og_url":"https:\/\/happyinaknit.com\/lt\/produktas\/lang-yarns-mohair-fancy\/","og_site_name":"Happyinaknit.com","article_modified_time":"2026-01-01T23:47:17+00:00","og_image":[{"width":800,"height":800,"url":"https:\/\/happyinaknit.com\/wp-content\/uploads\/2025\/10\/989_0048_LANGYARNS_MohairFancy_800_B.jpg","type":"image\/jpeg"}],"twitter_card":"summary_large_image","twitter_misc":{"Est. reading time":"1 minut\u0117"},"schema":{"@context":"https:\/\/schema.org","@graph":[{"@type":"WebPage","@id":"https:\/\/happyinaknit.com\/produktas\/lang-yarns-mohair-fancy\/","url":"https:\/\/happyinaknit.com\/produktas\/lang-yarns-mohair-fancy\/","name":"Lang Yarns Mohair Fancy - Happyinaknit.com","isPartOf":{"@id":"https:\/\/happyinaknit.com\/lt\/#website"},"primaryImageOfPage":{"@id":"https:\/\/happyinaknit.com\/produktas\/lang-yarns-mohair-fancy\/#primaryimage"},"image":{"@id":"https:\/\/happyinaknit.com\/produktas\/lang-yarns-mohair-fancy\/#primaryimage"},"thumbnailUrl":"https:\/\/happyinaknit.com\/wp-content\/uploads\/2025\/10\/989_0048_LANGYARNS_MohairFancy_800_B.jpg","datePublished":"2025-10-02T08:56:22+00:00","dateModified":"2026-01-01T23:47:17+00:00","breadcrumb":{"@id":"https:\/\/happyinaknit.com\/produktas\/lang-yarns-mohair-fancy\/#breadcrumb"},"inLanguage":"lt-LT","potentialAction":[{"@type":"ReadAction","target":["https:\/\/happyinaknit.com\/produktas\/lang-yarns-mohair-fancy\/"]}]},{"@type":"ImageObject","inLanguage":"lt-LT","@id":"https:\/\/happyinaknit.com\/produktas\/lang-yarns-mohair-fancy\/#primaryimage","url":"https:\/\/happyinaknit.com\/wp-content\/uploads\/2025\/10\/989_0048_LANGYARNS_MohairFancy_800_B.jpg","contentUrl":"https:\/\/happyinaknit.com\/wp-content\/uploads\/2025\/10\/989_0048_LANGYARNS_MohairFancy_800_B.jpg","width":800,"height":800},{"@type":"BreadcrumbList","@id":"https:\/\/happyinaknit.com\/produktas\/lang-yarns-mohair-fancy\/#breadcrumb","itemListElement":[{"@type":"ListItem","position":1,"name":"Home","item":"https:\/\/happyinaknit.com\/lt\/"},{"@type":"ListItem","position":2,"name":"Parduotuv\u0117","item":"https:\/\/happyinaknit.com\/lt\/parduotuve\/"},{"@type":"ListItem","position":3,"name":"Lang Yarns Mohair Fancy"}]},{"@type":"WebSite","@id":"https:\/\/happyinaknit.com\/lt\/#website","url":"https:\/\/happyinaknit.com\/lt\/","name":"Happyinaknit.com","description":"","potentialAction":[{"@type":"SearchAction","target":{"@type":"EntryPoint","urlTemplate":"https:\/\/happyinaknit.com\/lt\/?s={search_term_string}"},"query-input":{"@type":"PropertyValueSpecification","valueRequired":true,"valueName":"search_term_string"}}],"inLanguage":"lt-LT"}]}},"_links":{"self":[{"href":"https:\/\/happyinaknit.com\/lt\/wp-json\/wp\/v2\/product\/2300","targetHints":{"allow":["GET"]}}],"collection":[{"href":"https:\/\/happyinaknit.com\/lt\/wp-json\/wp\/v2\/product"}],"about":[{"href":"https:\/\/happyinaknit.com\/lt\/wp-json\/wp\/v2\/types\/product"}],"replies":[{"embeddable":true,"href":"https:\/\/happyinaknit.com\/lt\/wp-json\/wp\/v2\/comments?post=2300"}],"wp:featuredmedia":[{"embeddable":true,"href":"https:\/\/happyinaknit.com\/lt\/wp-json\/wp\/v2\/media\/2306"}],"wp:attachment":[{"href":"https:\/\/happyinaknit.com\/lt\/wp-json\/wp\/v2\/media?parent=2300"}],"wp:term":[{"taxonomy":"product_brand","embeddable":true,"href":"https:\/\/happyinaknit.com\/lt\/wp-json\/wp\/v2\/product_brand?post=2300"},{"taxonomy":"product_cat","embeddable":true,"href":"https:\/\/happyinaknit.com\/lt\/wp-json\/wp\/v2\/product_cat?post=2300"},{"taxonomy":"product_tag","embeddable":true,"href":"https:\/\/happyinaknit.com\/lt\/wp-json\/wp\/v2\/product_tag?post=2300"},{"taxonomy":"pro-kategorijos","embeddable":true,"href":"https:\/\/happyinaknit.com\/lt\/wp-json\/wp\/v2\/pro-kategorijos?post=2300"}],"curies":[{"name":"wp","href":"https:\/\/api.w.org\/{rel}","templated":true}]}}