{"id":2255,"date":"2025-10-02T08:07:01","date_gmt":"2025-10-02T08:07:01","guid":{"rendered":"https:\/\/happyinaknit.com\/?post_type=product&#038;p=2255"},"modified":"2026-04-11T08:53:55","modified_gmt":"2026-04-11T08:53:55","slug":"lang-yarns-paillettes","status":"publish","type":"product","link":"https:\/\/happyinaknit.com\/lt\/produktas\/lang-yarns-paillettes\/","title":{"rendered":"Lang Yarns  Paillettes"},"content":{"rendered":"<p data-start=\"73\" data-end=\"344\">Si\u016blai su \u017evyneliais \u00a0suteikia mezginiams \u0161venti\u0161ko \u017evilgesio bei dekoratyvumo. Jie da\u017eniausiai naudojami kaip akcentas kartu su kitais si\u016blais arba ypatingiems aksesuarams. Mezginiai atrodo eleganti\u0161kai, i\u0161skirtinai ir \u017eaismingai.<\/p>\n<ul data-start=\"346\" data-end=\"825\">\n<li data-start=\"346\" data-end=\"396\">\n<p data-start=\"348\" data-end=\"396\"><strong data-start=\"348\" data-end=\"360\">Sud\u0117tis:<\/strong> 55 % poliamidas, 45 % poliesteris<\/p>\n<\/li>\n<li data-start=\"425\" data-end=\"464\">\n<p data-start=\"427\" data-end=\"464\"><strong data-start=\"427\" data-end=\"449\">Svoris \/ metra\u017eas:<\/strong> 25 g &#8211; 112 m<\/p>\n<\/li>\n<li data-start=\"465\" data-end=\"549\">\n<p data-start=\"467\" data-end=\"549\"><strong data-start=\"467\" data-end=\"495\">Rekomenduojami virbalai:<\/strong> da\u017eniausiai 3,5\u20134,5 mm<\/p>\n<\/li>\n<li data-start=\"550\" data-end=\"632\">\n<p data-start=\"552\" data-end=\"632\"><strong data-start=\"552\" data-end=\"578\">Tankumas: <\/strong>10 \u00d7 10 cm nenurodytas (priklauso nuo derinio ir mezgimo b\u016bdo)<\/p>\n<\/li>\n<li data-start=\"633\" data-end=\"734\">\n<p data-start=\"635\" data-end=\"734\"><strong data-start=\"635\" data-end=\"663\">Apytikslis sunaudojimas:<\/strong> da\u017eniausiai naudojami akcentams, tod\u0117l kiekis priklauso nuo projekto<\/p>\n<\/li>\n<li data-start=\"735\" data-end=\"825\">\n<p data-start=\"737\" data-end=\"753\"><strong data-start=\"737\" data-end=\"751\">Prie\u017ei\u016bra:<\/strong><\/p>\n<ul data-start=\"756\" data-end=\"825\">\n<li data-start=\"756\" data-end=\"786\">\n<p data-start=\"758\" data-end=\"786\">Skalbti rankomis iki 30 \u00b0C<\/p>\n<\/li>\n<li data-start=\"789\" data-end=\"825\">\n<p data-start=\"791\" data-end=\"825\">D\u017eiovinti patiesus horizontaliai<\/p>\n<\/li>\n<\/ul>\n<\/li>\n<\/ul>\n","protected":false},"excerpt":{"rendered":"<p>Si\u016blai su \u017evyneliais \u00a0suteikia mezginiams \u0161venti\u0161ko \u017evilgesio bei dekoratyvumo. Jie da\u017eniausiai naudojami kaip akcentas kartu su kitais si\u016blais arba ypatingiems aksesuarams. Mezginiai atrodo eleganti\u0161kai, i\u0161skirtinai ir \u017eaismingai. Sud\u0117tis: 55 % poliamidas, 45 % poliesteris Svoris \/ metra\u017eas: 25 g &#8211; 112 m Rekomenduojami virbalai: da\u017eniausiai 3,5\u20134,5 mm Tankumas: 10 \u00d7 10 cm nenurodytas (priklauso nuo [&hellip;]<\/p>\n","protected":false},"featured_media":2256,"comment_status":"open","ping_status":"closed","template":"","meta":{"_acf_changed":false},"product_brand":[70],"product_cat":[15,18,323],"product_tag":[],"pro-kategorijos":[81],"class_list":{"0":"post-2255","1":"product","2":"type-product","3":"status-publish","4":"has-post-thumbnail","6":"product_brand-lang-yarns","7":"product_cat-visi-produktai","8":"product_cat-siulai","9":"product_cat-siulai-su-lureksu-ir-zvyneliais","10":"pro-kategorijos-poliamidas-zvyneliai","12":"first","13":"instock","14":"shipping-taxable","15":"purchasable","16":"product-type-variable"},"acf":[],"yoast_head":"<!-- This site is optimized with the Yoast SEO plugin v26.8 - https:\/\/yoast.com\/product\/yoast-seo-wordpress\/ -->\n<title>Lang Yarns Paillettes - Happyinaknit.com<\/title>\n<meta name=\"robots\" content=\"index, follow, max-snippet:-1, max-image-preview:large, max-video-preview:-1\" \/>\n<link rel=\"canonical\" href=\"https:\/\/happyinaknit.com\/lt\/produktas\/lang-yarns-paillettes\/\" \/>\n<meta property=\"og:locale\" content=\"lt_LT\" \/>\n<meta property=\"og:type\" content=\"article\" \/>\n<meta property=\"og:title\" content=\"Lang Yarns Paillettes - Happyinaknit.com\" \/>\n<meta property=\"og:description\" content=\"Si\u016blai su \u017evyneliais \u00a0suteikia mezginiams \u0161venti\u0161ko \u017evilgesio bei dekoratyvumo. Jie da\u017eniausiai naudojami kaip akcentas kartu su kitais si\u016blais arba ypatingiems aksesuarams. Mezginiai atrodo eleganti\u0161kai, i\u0161skirtinai ir \u017eaismingai. Sud\u0117tis: 55 % poliamidas, 45 % poliesteris Svoris \/ metra\u017eas: 25 g &#8211; 112 m Rekomenduojami virbalai: da\u017eniausiai 3,5\u20134,5 mm Tankumas: 10 \u00d7 10 cm nenurodytas (priklauso nuo [&hellip;]\" \/>\n<meta property=\"og:url\" content=\"https:\/\/happyinaknit.com\/lt\/produktas\/lang-yarns-paillettes\/\" \/>\n<meta property=\"og:site_name\" content=\"Happyinaknit.com\" \/>\n<meta property=\"article:modified_time\" content=\"2026-04-11T08:53:55+00:00\" \/>\n<meta property=\"og:image\" content=\"https:\/\/happyinaknit.com\/wp-content\/uploads\/2025\/10\/39_0028_LANGYARNS_Paillettes_800_B.jpg\" \/>\n\t<meta property=\"og:image:width\" content=\"800\" \/>\n\t<meta property=\"og:image:height\" content=\"800\" \/>\n\t<meta property=\"og:image:type\" content=\"image\/jpeg\" \/>\n<meta name=\"twitter:card\" content=\"summary_large_image\" \/>\n<script type=\"application\/ld+json\" class=\"yoast-schema-graph\">{\"@context\":\"https:\/\/schema.org\",\"@graph\":[{\"@type\":\"WebPage\",\"@id\":\"https:\/\/happyinaknit.com\/produktas\/lang-yarns-paillettes\/\",\"url\":\"https:\/\/happyinaknit.com\/produktas\/lang-yarns-paillettes\/\",\"name\":\"Lang Yarns Paillettes - Happyinaknit.com\",\"isPartOf\":{\"@id\":\"https:\/\/happyinaknit.com\/lt\/#website\"},\"primaryImageOfPage\":{\"@id\":\"https:\/\/happyinaknit.com\/produktas\/lang-yarns-paillettes\/#primaryimage\"},\"image\":{\"@id\":\"https:\/\/happyinaknit.com\/produktas\/lang-yarns-paillettes\/#primaryimage\"},\"thumbnailUrl\":\"https:\/\/happyinaknit.com\/wp-content\/uploads\/2025\/10\/39_0028_LANGYARNS_Paillettes_800_B.jpg\",\"datePublished\":\"2025-10-02T08:07:01+00:00\",\"dateModified\":\"2026-04-11T08:53:55+00:00\",\"breadcrumb\":{\"@id\":\"https:\/\/happyinaknit.com\/produktas\/lang-yarns-paillettes\/#breadcrumb\"},\"inLanguage\":\"lt-LT\",\"potentialAction\":[{\"@type\":\"ReadAction\",\"target\":[\"https:\/\/happyinaknit.com\/produktas\/lang-yarns-paillettes\/\"]}]},{\"@type\":\"ImageObject\",\"inLanguage\":\"lt-LT\",\"@id\":\"https:\/\/happyinaknit.com\/produktas\/lang-yarns-paillettes\/#primaryimage\",\"url\":\"https:\/\/happyinaknit.com\/wp-content\/uploads\/2025\/10\/39_0028_LANGYARNS_Paillettes_800_B.jpg\",\"contentUrl\":\"https:\/\/happyinaknit.com\/wp-content\/uploads\/2025\/10\/39_0028_LANGYARNS_Paillettes_800_B.jpg\",\"width\":800,\"height\":800},{\"@type\":\"BreadcrumbList\",\"@id\":\"https:\/\/happyinaknit.com\/produktas\/lang-yarns-paillettes\/#breadcrumb\",\"itemListElement\":[{\"@type\":\"ListItem\",\"position\":1,\"name\":\"Home\",\"item\":\"https:\/\/happyinaknit.com\/lt\/\"},{\"@type\":\"ListItem\",\"position\":2,\"name\":\"Parduotuv\u0117\",\"item\":\"https:\/\/happyinaknit.com\/lt\/parduotuve\/\"},{\"@type\":\"ListItem\",\"position\":3,\"name\":\"Lang Yarns Paillettes\"}]},{\"@type\":\"WebSite\",\"@id\":\"https:\/\/happyinaknit.com\/lt\/#website\",\"url\":\"https:\/\/happyinaknit.com\/lt\/\",\"name\":\"Happyinaknit.com\",\"description\":\"\",\"potentialAction\":[{\"@type\":\"SearchAction\",\"target\":{\"@type\":\"EntryPoint\",\"urlTemplate\":\"https:\/\/happyinaknit.com\/lt\/?s={search_term_string}\"},\"query-input\":{\"@type\":\"PropertyValueSpecification\",\"valueRequired\":true,\"valueName\":\"search_term_string\"}}],\"inLanguage\":\"lt-LT\"}]}<\/script>\n<!-- \/ Yoast SEO plugin. -->","yoast_head_json":{"title":"Lang Yarns Paillettes - Happyinaknit.com","robots":{"index":"index","follow":"follow","max-snippet":"max-snippet:-1","max-image-preview":"max-image-preview:large","max-video-preview":"max-video-preview:-1"},"canonical":"https:\/\/happyinaknit.com\/lt\/produktas\/lang-yarns-paillettes\/","og_locale":"lt_LT","og_type":"article","og_title":"Lang Yarns Paillettes - Happyinaknit.com","og_description":"Si\u016blai su \u017evyneliais \u00a0suteikia mezginiams \u0161venti\u0161ko \u017evilgesio bei dekoratyvumo. Jie da\u017eniausiai naudojami kaip akcentas kartu su kitais si\u016blais arba ypatingiems aksesuarams. Mezginiai atrodo eleganti\u0161kai, i\u0161skirtinai ir \u017eaismingai. Sud\u0117tis: 55 % poliamidas, 45 % poliesteris Svoris \/ metra\u017eas: 25 g &#8211; 112 m Rekomenduojami virbalai: da\u017eniausiai 3,5\u20134,5 mm Tankumas: 10 \u00d7 10 cm nenurodytas (priklauso nuo [&hellip;]","og_url":"https:\/\/happyinaknit.com\/lt\/produktas\/lang-yarns-paillettes\/","og_site_name":"Happyinaknit.com","article_modified_time":"2026-04-11T08:53:55+00:00","og_image":[{"width":800,"height":800,"url":"https:\/\/happyinaknit.com\/wp-content\/uploads\/2025\/10\/39_0028_LANGYARNS_Paillettes_800_B.jpg","type":"image\/jpeg"}],"twitter_card":"summary_large_image","schema":{"@context":"https:\/\/schema.org","@graph":[{"@type":"WebPage","@id":"https:\/\/happyinaknit.com\/produktas\/lang-yarns-paillettes\/","url":"https:\/\/happyinaknit.com\/produktas\/lang-yarns-paillettes\/","name":"Lang Yarns Paillettes - Happyinaknit.com","isPartOf":{"@id":"https:\/\/happyinaknit.com\/lt\/#website"},"primaryImageOfPage":{"@id":"https:\/\/happyinaknit.com\/produktas\/lang-yarns-paillettes\/#primaryimage"},"image":{"@id":"https:\/\/happyinaknit.com\/produktas\/lang-yarns-paillettes\/#primaryimage"},"thumbnailUrl":"https:\/\/happyinaknit.com\/wp-content\/uploads\/2025\/10\/39_0028_LANGYARNS_Paillettes_800_B.jpg","datePublished":"2025-10-02T08:07:01+00:00","dateModified":"2026-04-11T08:53:55+00:00","breadcrumb":{"@id":"https:\/\/happyinaknit.com\/produktas\/lang-yarns-paillettes\/#breadcrumb"},"inLanguage":"lt-LT","potentialAction":[{"@type":"ReadAction","target":["https:\/\/happyinaknit.com\/produktas\/lang-yarns-paillettes\/"]}]},{"@type":"ImageObject","inLanguage":"lt-LT","@id":"https:\/\/happyinaknit.com\/produktas\/lang-yarns-paillettes\/#primaryimage","url":"https:\/\/happyinaknit.com\/wp-content\/uploads\/2025\/10\/39_0028_LANGYARNS_Paillettes_800_B.jpg","contentUrl":"https:\/\/happyinaknit.com\/wp-content\/uploads\/2025\/10\/39_0028_LANGYARNS_Paillettes_800_B.jpg","width":800,"height":800},{"@type":"BreadcrumbList","@id":"https:\/\/happyinaknit.com\/produktas\/lang-yarns-paillettes\/#breadcrumb","itemListElement":[{"@type":"ListItem","position":1,"name":"Home","item":"https:\/\/happyinaknit.com\/lt\/"},{"@type":"ListItem","position":2,"name":"Parduotuv\u0117","item":"https:\/\/happyinaknit.com\/lt\/parduotuve\/"},{"@type":"ListItem","position":3,"name":"Lang Yarns Paillettes"}]},{"@type":"WebSite","@id":"https:\/\/happyinaknit.com\/lt\/#website","url":"https:\/\/happyinaknit.com\/lt\/","name":"Happyinaknit.com","description":"","potentialAction":[{"@type":"SearchAction","target":{"@type":"EntryPoint","urlTemplate":"https:\/\/happyinaknit.com\/lt\/?s={search_term_string}"},"query-input":{"@type":"PropertyValueSpecification","valueRequired":true,"valueName":"search_term_string"}}],"inLanguage":"lt-LT"}]}},"_links":{"self":[{"href":"https:\/\/happyinaknit.com\/lt\/wp-json\/wp\/v2\/product\/2255","targetHints":{"allow":["GET"]}}],"collection":[{"href":"https:\/\/happyinaknit.com\/lt\/wp-json\/wp\/v2\/product"}],"about":[{"href":"https:\/\/happyinaknit.com\/lt\/wp-json\/wp\/v2\/types\/product"}],"replies":[{"embeddable":true,"href":"https:\/\/happyinaknit.com\/lt\/wp-json\/wp\/v2\/comments?post=2255"}],"wp:featuredmedia":[{"embeddable":true,"href":"https:\/\/happyinaknit.com\/lt\/wp-json\/wp\/v2\/media\/2256"}],"wp:attachment":[{"href":"https:\/\/happyinaknit.com\/lt\/wp-json\/wp\/v2\/media?parent=2255"}],"wp:term":[{"taxonomy":"product_brand","embeddable":true,"href":"https:\/\/happyinaknit.com\/lt\/wp-json\/wp\/v2\/product_brand?post=2255"},{"taxonomy":"product_cat","embeddable":true,"href":"https:\/\/happyinaknit.com\/lt\/wp-json\/wp\/v2\/product_cat?post=2255"},{"taxonomy":"product_tag","embeddable":true,"href":"https:\/\/happyinaknit.com\/lt\/wp-json\/wp\/v2\/product_tag?post=2255"},{"taxonomy":"pro-kategorijos","embeddable":true,"href":"https:\/\/happyinaknit.com\/lt\/wp-json\/wp\/v2\/pro-kategorijos?post=2255"}],"curies":[{"name":"wp","href":"https:\/\/api.w.org\/{rel}","templated":true}]}}