{"id":2238,"date":"2025-10-01T21:45:38","date_gmt":"2025-10-01T21:45:38","guid":{"rendered":"https:\/\/happyinaknit.com\/?post_type=product&#038;p=2238"},"modified":"2025-11-13T20:27:17","modified_gmt":"2025-11-13T20:27:17","slug":"lana-grossa-cotton-silk","status":"publish","type":"product","link":"https:\/\/happyinaknit.com\/lt\/produktas\/lana-grossa-cotton-silk\/","title":{"rendered":"Lana Grossa Cotton Silk"},"content":{"rendered":"<p data-start=\"90\" data-end=\"416\">Medviln\u0117s ir \u0161ilko derinys pasi\u017eymi nat\u016braliu lengvumu ir subtiliu \u017evilgesiu. Medviln\u0117 suteikia tvirtumo ir kv\u0117puojan\u010dio komforto, o \u0161ilkas \u2013 \u0161velnumo bei elegancijos. Si\u016blai tinka megztiniams, kardiganams, suknel\u0117ms ar kitiems moteri\u0161kiems gaminiams, u\u017etikrinant lengvum\u0105 ir stiling\u0105 i\u0161vaizd\u0105.<\/p>\n<ul data-start=\"418\" data-end=\"796\">\n<li data-start=\"418\" data-end=\"461\">\n<p data-start=\"420\" data-end=\"461\"><strong data-start=\"420\" data-end=\"432\">Sud\u0117tis:<\/strong> 70 % medviln\u0117, 30 % \u0161ilkas<\/p>\n<\/li>\n<li data-start=\"462\" data-end=\"501\">\n<p data-start=\"464\" data-end=\"501\"><strong data-start=\"464\" data-end=\"486\">Svoris \/ metra\u017eas:<\/strong> 50 g &#8211; 140 m<\/p>\n<\/li>\n<li data-start=\"502\" data-end=\"545\">\n<p data-start=\"504\" data-end=\"545\"><strong data-start=\"504\" data-end=\"532\">Rekomenduojami virbalai:<\/strong> 4,5\u20135,0 mm<\/p>\n<\/li>\n<li data-start=\"546\" data-end=\"596\">\n<p data-start=\"548\" data-end=\"596\"><strong data-start=\"548\" data-end=\"574\">Tankumas (10 \u00d7 10 cm):<\/strong> ~22 akys \u00d7 28 eil\u0117s<\/p>\n<\/li>\n<li data-start=\"597\" data-end=\"705\">\n<p data-start=\"599\" data-end=\"705\"><strong data-start=\"599\" data-end=\"627\">Apytikslis sunaudojimas:<\/strong> vidutiniam moteri\u0161kam gaminiui iki 44\u201346 dyd\u017eio ~500 g (apie 10 kamuoliuk\u0173)<\/p>\n<\/li>\n<li data-start=\"706\" data-end=\"796\">\n<p data-start=\"708\" data-end=\"724\"><strong data-start=\"708\" data-end=\"722\">Prie\u017ei\u016bra:<\/strong><\/p>\n<ul data-start=\"727\" data-end=\"796\">\n<li data-start=\"727\" data-end=\"757\">\n<p data-start=\"729\" data-end=\"757\">Skalbti rankomis iki 30 \u00b0C<\/p>\n<\/li>\n<li data-start=\"760\" data-end=\"796\">\n<p data-start=\"762\" data-end=\"796\">D\u017eiovinti patiesus horizontaliai<\/p>\n<\/li>\n<\/ul>\n<\/li>\n<\/ul>\n","protected":false},"excerpt":{"rendered":"<p>Medviln\u0117s ir \u0161ilko derinys pasi\u017eymi nat\u016braliu lengvumu ir subtiliu \u017evilgesiu. Medviln\u0117 suteikia tvirtumo ir kv\u0117puojan\u010dio komforto, o \u0161ilkas \u2013 \u0161velnumo bei elegancijos. Si\u016blai tinka megztiniams, kardiganams, suknel\u0117ms ar kitiems moteri\u0161kiems gaminiams, u\u017etikrinant lengvum\u0105 ir stiling\u0105 i\u0161vaizd\u0105. Sud\u0117tis: 70 % medviln\u0117, 30 % \u0161ilkas Svoris \/ metra\u017eas: 50 g &#8211; 140 m Rekomenduojami virbalai: 4,5\u20135,0 mm [&hellip;]<\/p>\n","protected":false},"featured_media":2239,"comment_status":"open","ping_status":"closed","template":"","meta":{"_acf_changed":false},"product_brand":[67],"product_cat":[15,182,18],"product_tag":[33],"pro-kategorijos":[55,77],"class_list":{"0":"post-2238","1":"product","2":"type-product","3":"status-publish","4":"has-post-thumbnail","6":"product_brand-lana-grossa","7":"product_cat-visi-produktai","8":"product_cat-ispardavimas","9":"product_cat-siulai","10":"product_tag-ispardavimas","11":"pro-kategorijos-medvilne","12":"pro-kategorijos-silkas","14":"first","15":"instock","16":"sale","17":"shipping-taxable","18":"purchasable","19":"product-type-simple"},"acf":[],"yoast_head":"<!-- This site is optimized with the Yoast SEO plugin v26.8 - https:\/\/yoast.com\/product\/yoast-seo-wordpress\/ -->\n<title>Lana Grossa Cotton Silk - Happyinaknit.com<\/title>\n<meta name=\"robots\" content=\"index, follow, max-snippet:-1, max-image-preview:large, max-video-preview:-1\" \/>\n<link rel=\"canonical\" href=\"https:\/\/happyinaknit.com\/lt\/produktas\/lana-grossa-cotton-silk\/\" \/>\n<meta property=\"og:locale\" content=\"lt_LT\" \/>\n<meta property=\"og:type\" content=\"article\" \/>\n<meta property=\"og:title\" content=\"Lana Grossa Cotton Silk - Happyinaknit.com\" \/>\n<meta property=\"og:description\" content=\"Medviln\u0117s ir \u0161ilko derinys pasi\u017eymi nat\u016braliu lengvumu ir subtiliu \u017evilgesiu. Medviln\u0117 suteikia tvirtumo ir kv\u0117puojan\u010dio komforto, o \u0161ilkas \u2013 \u0161velnumo bei elegancijos. Si\u016blai tinka megztiniams, kardiganams, suknel\u0117ms ar kitiems moteri\u0161kiems gaminiams, u\u017etikrinant lengvum\u0105 ir stiling\u0105 i\u0161vaizd\u0105. Sud\u0117tis: 70 % medviln\u0117, 30 % \u0161ilkas Svoris \/ metra\u017eas: 50 g &#8211; 140 m Rekomenduojami virbalai: 4,5\u20135,0 mm [&hellip;]\" \/>\n<meta property=\"og:url\" content=\"https:\/\/happyinaknit.com\/lt\/produktas\/lana-grossa-cotton-silk\/\" \/>\n<meta property=\"og:site_name\" content=\"Happyinaknit.com\" \/>\n<meta property=\"article:modified_time\" content=\"2025-11-13T20:27:17+00:00\" \/>\n<meta property=\"og:image\" content=\"https:\/\/happyinaknit.com\/wp-content\/uploads\/2025\/10\/IMG_8296.jpg\" \/>\n\t<meta property=\"og:image:width\" content=\"1320\" \/>\n\t<meta property=\"og:image:height\" content=\"1580\" \/>\n\t<meta property=\"og:image:type\" content=\"image\/jpeg\" \/>\n<meta name=\"twitter:card\" content=\"summary_large_image\" \/>\n<script type=\"application\/ld+json\" class=\"yoast-schema-graph\">{\"@context\":\"https:\/\/schema.org\",\"@graph\":[{\"@type\":\"WebPage\",\"@id\":\"https:\/\/happyinaknit.com\/produktas\/lana-grossa-cotton-silk\/\",\"url\":\"https:\/\/happyinaknit.com\/produktas\/lana-grossa-cotton-silk\/\",\"name\":\"Lana Grossa Cotton Silk - Happyinaknit.com\",\"isPartOf\":{\"@id\":\"https:\/\/happyinaknit.com\/lt\/#website\"},\"primaryImageOfPage\":{\"@id\":\"https:\/\/happyinaknit.com\/produktas\/lana-grossa-cotton-silk\/#primaryimage\"},\"image\":{\"@id\":\"https:\/\/happyinaknit.com\/produktas\/lana-grossa-cotton-silk\/#primaryimage\"},\"thumbnailUrl\":\"https:\/\/happyinaknit.com\/wp-content\/uploads\/2025\/10\/IMG_8296.jpg\",\"datePublished\":\"2025-10-01T21:45:38+00:00\",\"dateModified\":\"2025-11-13T20:27:17+00:00\",\"breadcrumb\":{\"@id\":\"https:\/\/happyinaknit.com\/produktas\/lana-grossa-cotton-silk\/#breadcrumb\"},\"inLanguage\":\"lt-LT\",\"potentialAction\":[{\"@type\":\"ReadAction\",\"target\":[\"https:\/\/happyinaknit.com\/produktas\/lana-grossa-cotton-silk\/\"]}]},{\"@type\":\"ImageObject\",\"inLanguage\":\"lt-LT\",\"@id\":\"https:\/\/happyinaknit.com\/produktas\/lana-grossa-cotton-silk\/#primaryimage\",\"url\":\"https:\/\/happyinaknit.com\/wp-content\/uploads\/2025\/10\/IMG_8296.jpg\",\"contentUrl\":\"https:\/\/happyinaknit.com\/wp-content\/uploads\/2025\/10\/IMG_8296.jpg\",\"width\":1320,\"height\":1580},{\"@type\":\"BreadcrumbList\",\"@id\":\"https:\/\/happyinaknit.com\/produktas\/lana-grossa-cotton-silk\/#breadcrumb\",\"itemListElement\":[{\"@type\":\"ListItem\",\"position\":1,\"name\":\"Home\",\"item\":\"https:\/\/happyinaknit.com\/lt\/\"},{\"@type\":\"ListItem\",\"position\":2,\"name\":\"Parduotuv\u0117\",\"item\":\"https:\/\/happyinaknit.com\/lt\/parduotuve\/\"},{\"@type\":\"ListItem\",\"position\":3,\"name\":\"Lana Grossa Cotton Silk\"}]},{\"@type\":\"WebSite\",\"@id\":\"https:\/\/happyinaknit.com\/lt\/#website\",\"url\":\"https:\/\/happyinaknit.com\/lt\/\",\"name\":\"Happyinaknit.com\",\"description\":\"\",\"potentialAction\":[{\"@type\":\"SearchAction\",\"target\":{\"@type\":\"EntryPoint\",\"urlTemplate\":\"https:\/\/happyinaknit.com\/lt\/?s={search_term_string}\"},\"query-input\":{\"@type\":\"PropertyValueSpecification\",\"valueRequired\":true,\"valueName\":\"search_term_string\"}}],\"inLanguage\":\"lt-LT\"}]}<\/script>\n<!-- \/ Yoast SEO plugin. -->","yoast_head_json":{"title":"Lana Grossa Cotton Silk - Happyinaknit.com","robots":{"index":"index","follow":"follow","max-snippet":"max-snippet:-1","max-image-preview":"max-image-preview:large","max-video-preview":"max-video-preview:-1"},"canonical":"https:\/\/happyinaknit.com\/lt\/produktas\/lana-grossa-cotton-silk\/","og_locale":"lt_LT","og_type":"article","og_title":"Lana Grossa Cotton Silk - Happyinaknit.com","og_description":"Medviln\u0117s ir \u0161ilko derinys pasi\u017eymi nat\u016braliu lengvumu ir subtiliu \u017evilgesiu. Medviln\u0117 suteikia tvirtumo ir kv\u0117puojan\u010dio komforto, o \u0161ilkas \u2013 \u0161velnumo bei elegancijos. Si\u016blai tinka megztiniams, kardiganams, suknel\u0117ms ar kitiems moteri\u0161kiems gaminiams, u\u017etikrinant lengvum\u0105 ir stiling\u0105 i\u0161vaizd\u0105. Sud\u0117tis: 70 % medviln\u0117, 30 % \u0161ilkas Svoris \/ metra\u017eas: 50 g &#8211; 140 m Rekomenduojami virbalai: 4,5\u20135,0 mm [&hellip;]","og_url":"https:\/\/happyinaknit.com\/lt\/produktas\/lana-grossa-cotton-silk\/","og_site_name":"Happyinaknit.com","article_modified_time":"2025-11-13T20:27:17+00:00","og_image":[{"width":1320,"height":1580,"url":"https:\/\/happyinaknit.com\/wp-content\/uploads\/2025\/10\/IMG_8296.jpg","type":"image\/jpeg"}],"twitter_card":"summary_large_image","schema":{"@context":"https:\/\/schema.org","@graph":[{"@type":"WebPage","@id":"https:\/\/happyinaknit.com\/produktas\/lana-grossa-cotton-silk\/","url":"https:\/\/happyinaknit.com\/produktas\/lana-grossa-cotton-silk\/","name":"Lana Grossa Cotton Silk - Happyinaknit.com","isPartOf":{"@id":"https:\/\/happyinaknit.com\/lt\/#website"},"primaryImageOfPage":{"@id":"https:\/\/happyinaknit.com\/produktas\/lana-grossa-cotton-silk\/#primaryimage"},"image":{"@id":"https:\/\/happyinaknit.com\/produktas\/lana-grossa-cotton-silk\/#primaryimage"},"thumbnailUrl":"https:\/\/happyinaknit.com\/wp-content\/uploads\/2025\/10\/IMG_8296.jpg","datePublished":"2025-10-01T21:45:38+00:00","dateModified":"2025-11-13T20:27:17+00:00","breadcrumb":{"@id":"https:\/\/happyinaknit.com\/produktas\/lana-grossa-cotton-silk\/#breadcrumb"},"inLanguage":"lt-LT","potentialAction":[{"@type":"ReadAction","target":["https:\/\/happyinaknit.com\/produktas\/lana-grossa-cotton-silk\/"]}]},{"@type":"ImageObject","inLanguage":"lt-LT","@id":"https:\/\/happyinaknit.com\/produktas\/lana-grossa-cotton-silk\/#primaryimage","url":"https:\/\/happyinaknit.com\/wp-content\/uploads\/2025\/10\/IMG_8296.jpg","contentUrl":"https:\/\/happyinaknit.com\/wp-content\/uploads\/2025\/10\/IMG_8296.jpg","width":1320,"height":1580},{"@type":"BreadcrumbList","@id":"https:\/\/happyinaknit.com\/produktas\/lana-grossa-cotton-silk\/#breadcrumb","itemListElement":[{"@type":"ListItem","position":1,"name":"Home","item":"https:\/\/happyinaknit.com\/lt\/"},{"@type":"ListItem","position":2,"name":"Parduotuv\u0117","item":"https:\/\/happyinaknit.com\/lt\/parduotuve\/"},{"@type":"ListItem","position":3,"name":"Lana Grossa Cotton Silk"}]},{"@type":"WebSite","@id":"https:\/\/happyinaknit.com\/lt\/#website","url":"https:\/\/happyinaknit.com\/lt\/","name":"Happyinaknit.com","description":"","potentialAction":[{"@type":"SearchAction","target":{"@type":"EntryPoint","urlTemplate":"https:\/\/happyinaknit.com\/lt\/?s={search_term_string}"},"query-input":{"@type":"PropertyValueSpecification","valueRequired":true,"valueName":"search_term_string"}}],"inLanguage":"lt-LT"}]}},"_links":{"self":[{"href":"https:\/\/happyinaknit.com\/lt\/wp-json\/wp\/v2\/product\/2238","targetHints":{"allow":["GET"]}}],"collection":[{"href":"https:\/\/happyinaknit.com\/lt\/wp-json\/wp\/v2\/product"}],"about":[{"href":"https:\/\/happyinaknit.com\/lt\/wp-json\/wp\/v2\/types\/product"}],"replies":[{"embeddable":true,"href":"https:\/\/happyinaknit.com\/lt\/wp-json\/wp\/v2\/comments?post=2238"}],"wp:featuredmedia":[{"embeddable":true,"href":"https:\/\/happyinaknit.com\/lt\/wp-json\/wp\/v2\/media\/2239"}],"wp:attachment":[{"href":"https:\/\/happyinaknit.com\/lt\/wp-json\/wp\/v2\/media?parent=2238"}],"wp:term":[{"taxonomy":"product_brand","embeddable":true,"href":"https:\/\/happyinaknit.com\/lt\/wp-json\/wp\/v2\/product_brand?post=2238"},{"taxonomy":"product_cat","embeddable":true,"href":"https:\/\/happyinaknit.com\/lt\/wp-json\/wp\/v2\/product_cat?post=2238"},{"taxonomy":"product_tag","embeddable":true,"href":"https:\/\/happyinaknit.com\/lt\/wp-json\/wp\/v2\/product_tag?post=2238"},{"taxonomy":"pro-kategorijos","embeddable":true,"href":"https:\/\/happyinaknit.com\/lt\/wp-json\/wp\/v2\/pro-kategorijos?post=2238"}],"curies":[{"name":"wp","href":"https:\/\/api.w.org\/{rel}","templated":true}]}}